{"id":1174,"date":"2021-11-18T10:13:02","date_gmt":"2021-11-18T09:13:02","guid":{"rendered":"https:\/\/www.praha14.cz\/ctrnactka-podle-vas\/?page_id=1174"},"modified":"2023-01-19T10:44:09","modified_gmt":"2023-01-19T09:44:09","slug":"cil-projektu-3","status":"publish","type":"page","link":"https:\/\/www.praha14.cz\/ctrnactka-podle-vas\/terminal-cerny-most\/cil-projektu-3\/","title":{"rendered":"C\u00edl projektu"},"content":{"rendered":"<ul>\n<li>\u00daprava a rozvoj cel\u00e9ho termin\u00e1lu \u010cern\u00fd Most s\u00a0ohledem na dne\u0161n\u00ed pot\u0159eby kr\u00e1tk\u00fdch dopravn\u00edch vazeb a efektivn\u00edm vyu\u017eit\u00ed prostoru i n\u00e1klad\u016f na \u00fadr\u017ebu.<\/li>\n<li>Zlep\u0161en\u00ed prostupnosti termin\u00e1lu a jeho nav\u00e1z\u00e1n\u00ed na centrum lokality s\u00eddli\u0161t\u011b \u010cern\u00fd Most. Vytvo\u0159en\u00ed m\u00edsta pro setk\u00e1v\u00e1n\u00ed, poskytov\u00e1n\u00ed kvalitn\u00edch slu\u017eeb a reprezentativn\u00edch prostor p\u0159i p\u0159\u00edjezdu do Prahy.<\/li>\n<li>Smyslem je vy\u0159e\u0161it nejasn\u00e9 vlastnick\u00e9 vztahy, odblokovat \u00fadr\u017ebu a dlouhodob\u00fd rozvoj tohoto v\u00fdznamn\u00e9ho dopravn\u00edho uzlu pro dal\u0161\u00ed dopravce a slu\u017eby.<\/li>\n<li>Zkr\u00e1tit pr\u016fjezdn\u00ed cesty a doby pro autobusy, vy\u0159e\u0161it obj\u00ed\u017ed\u011bn\u00ed termin\u00e1lu a k\u0159\u00ed\u017een\u00ed s\u00a0ostatn\u00ed dopravou.<\/li>\n<li>Realizace rychl\u00fdch opat\u0159en\u00ed ke stabilizaci st\u00e1vaj\u00edc\u00edch konstrukc\u00ed, \u00faprav\u011b a zlep\u0161en\u00ed prostor pro cestuj\u00edc\u00ed, dopln\u011bn\u00ed nov\u00e9ho osv\u011btlen\u00ed, mobili\u00e1\u0159e a informa\u010dn\u00edch panel\u016f.<\/li>\n<\/ul>\n","protected":false},"excerpt":{"rendered":"<p>\u00daprava a rozvoj cel\u00e9ho termin\u00e1lu \u010cern\u00fd Most s\u00a0ohledem na dne\u0161n\u00ed pot\u0159eby kr\u00e1tk\u00fdch dopravn\u00edch vazeb a efektivn\u00edm vyu\u017eit\u00ed prostoru i n\u00e1klad\u016f na \u00fadr\u017ebu. Zlep\u0161en\u00ed prostupnosti termin\u00e1lu a jeho nav\u00e1z\u00e1n\u00ed na centrum lokality s\u00eddli\u0161t\u011b \u010cern\u00fd Most. Vytvo\u0159en\u00ed m\u00edsta pro setk\u00e1v\u00e1n\u00ed, poskytov\u00e1n\u00ed kvalitn\u00edch slu\u017eeb a reprezentativn\u00edch prostor p\u0159i p\u0159\u00edjezdu do Prahy. Smyslem je vy\u0159e\u0161it nejasn\u00e9 vlastnick\u00e9 vztahy, odblokovat&#8230;<\/p>\n","protected":false},"author":1057,"featured_media":0,"parent":1170,"menu_order":0,"comment_status":"closed","ping_status":"closed","template":"","meta":{"_acf_changed":false,"footnotes":""},"class_list":["post-1174","page","type-page","status-publish","hentry"],"acf":[],"yoast_head":"<!-- This site is optimized with the Yoast SEO plugin v27.2 - https:\/\/yoast.com\/product\/yoast-seo-wordpress\/ -->\n<title>C\u00edl projektu - M\u011b\u0148te s n\u00e1mi Prahu 14<\/title>\n<meta name=\"robots\" content=\"index, follow, max-snippet:-1, max-image-preview:large, max-video-preview:-1\" \/>\n<link rel=\"canonical\" href=\"https:\/\/www.praha14.cz\/ctrnactka-podle-vas\/terminal-cerny-most\/cil-projektu-3\/\" \/>\n<meta property=\"og:locale\" content=\"cs_CZ\" \/>\n<meta property=\"og:type\" content=\"article\" \/>\n<meta property=\"og:title\" content=\"C\u00edl projektu - M\u011b\u0148te s n\u00e1mi Prahu 14\" \/>\n<meta property=\"og:description\" content=\"\u00daprava a rozvoj cel\u00e9ho termin\u00e1lu \u010cern\u00fd Most s\u00a0ohledem na dne\u0161n\u00ed pot\u0159eby kr\u00e1tk\u00fdch dopravn\u00edch vazeb a efektivn\u00edm vyu\u017eit\u00ed prostoru i n\u00e1klad\u016f na \u00fadr\u017ebu. Zlep\u0161en\u00ed prostupnosti termin\u00e1lu a jeho nav\u00e1z\u00e1n\u00ed na centrum lokality s\u00eddli\u0161t\u011b \u010cern\u00fd Most. Vytvo\u0159en\u00ed m\u00edsta pro setk\u00e1v\u00e1n\u00ed, poskytov\u00e1n\u00ed kvalitn\u00edch slu\u017eeb a reprezentativn\u00edch prostor p\u0159i p\u0159\u00edjezdu do Prahy. Smyslem je vy\u0159e\u0161it nejasn\u00e9 vlastnick\u00e9 vztahy, odblokovat...\" \/>\n<meta property=\"og:url\" content=\"https:\/\/www.praha14.cz\/ctrnactka-podle-vas\/terminal-cerny-most\/cil-projektu-3\/\" \/>\n<meta property=\"og:site_name\" content=\"M\u011b\u0148te s n\u00e1mi Prahu 14\" \/>\n<meta property=\"article:modified_time\" content=\"2023-01-19T09:44:09+00:00\" \/>\n<meta name=\"twitter:card\" content=\"summary_large_image\" \/>\n<meta name=\"twitter:label1\" content=\"Est. reading time\" \/>\n\t<meta name=\"twitter:data1\" content=\"1 minuta\" \/>\n<script type=\"application\/ld+json\" class=\"yoast-schema-graph\">{\"@context\":\"https:\/\/schema.org\",\"@graph\":[{\"@type\":\"WebPage\",\"@id\":\"https:\/\/www.praha14.cz\/ctrnactka-podle-vas\/terminal-cerny-most\/cil-projektu-3\/\",\"url\":\"https:\/\/www.praha14.cz\/ctrnactka-podle-vas\/terminal-cerny-most\/cil-projektu-3\/\",\"name\":\"C\u00edl projektu - M\u011b\u0148te s n\u00e1mi Prahu 14\",\"isPartOf\":{\"@id\":\"https:\/\/www.praha14.cz\/ctrnactka-podle-vas\/#website\"},\"datePublished\":\"2021-11-18T09:13:02+00:00\",\"dateModified\":\"2023-01-19T09:44:09+00:00\",\"breadcrumb\":{\"@id\":\"https:\/\/www.praha14.cz\/ctrnactka-podle-vas\/terminal-cerny-most\/cil-projektu-3\/#breadcrumb\"},\"inLanguage\":\"cs\",\"potentialAction\":[{\"@type\":\"ReadAction\",\"target\":[\"https:\/\/www.praha14.cz\/ctrnactka-podle-vas\/terminal-cerny-most\/cil-projektu-3\/\"]}]},{\"@type\":\"BreadcrumbList\",\"@id\":\"https:\/\/www.praha14.cz\/ctrnactka-podle-vas\/terminal-cerny-most\/cil-projektu-3\/#breadcrumb\",\"itemListElement\":[{\"@type\":\"ListItem\",\"position\":1,\"name\":\"M\u011b\u0148te s n\u00e1mi Prahu 14\",\"item\":\"https:\/\/www.praha14.cz\/ctrnactka-podle-vas\/\"},{\"@type\":\"ListItem\",\"position\":2,\"name\":\"Termin\u00e1l \u010cern\u00fd Most\",\"item\":\"https:\/\/www.praha14.cz\/ctrnactka-podle-vas\/terminal-cerny-most\/\"},{\"@type\":\"ListItem\",\"position\":3,\"name\":\"C\u00edl projektu\"}]},{\"@type\":\"WebSite\",\"@id\":\"https:\/\/www.praha14.cz\/ctrnactka-podle-vas\/#website\",\"url\":\"https:\/\/www.praha14.cz\/ctrnactka-podle-vas\/\",\"name\":\"M\u011b\u0148te s n\u00e1mi Prahu 14\",\"description\":\"\u010ctrn\u00e1ctka podle v\u00e1s\",\"potentialAction\":[{\"@type\":\"SearchAction\",\"target\":{\"@type\":\"EntryPoint\",\"urlTemplate\":\"https:\/\/www.praha14.cz\/ctrnactka-podle-vas\/?s={search_term_string}\"},\"query-input\":{\"@type\":\"PropertyValueSpecification\",\"valueRequired\":true,\"valueName\":\"search_term_string\"}}],\"inLanguage\":\"cs\"}]}<\/script>\n<!-- \/ Yoast SEO plugin. -->","yoast_head_json":{"title":"C\u00edl projektu - M\u011b\u0148te s n\u00e1mi Prahu 14","robots":{"index":"index","follow":"follow","max-snippet":"max-snippet:-1","max-image-preview":"max-image-preview:large","max-video-preview":"max-video-preview:-1"},"canonical":"https:\/\/www.praha14.cz\/ctrnactka-podle-vas\/terminal-cerny-most\/cil-projektu-3\/","og_locale":"cs_CZ","og_type":"article","og_title":"C\u00edl projektu - M\u011b\u0148te s n\u00e1mi Prahu 14","og_description":"\u00daprava a rozvoj cel\u00e9ho termin\u00e1lu \u010cern\u00fd Most s\u00a0ohledem na dne\u0161n\u00ed pot\u0159eby kr\u00e1tk\u00fdch dopravn\u00edch vazeb a efektivn\u00edm vyu\u017eit\u00ed prostoru i n\u00e1klad\u016f na \u00fadr\u017ebu. Zlep\u0161en\u00ed prostupnosti termin\u00e1lu a jeho nav\u00e1z\u00e1n\u00ed na centrum lokality s\u00eddli\u0161t\u011b \u010cern\u00fd Most. Vytvo\u0159en\u00ed m\u00edsta pro setk\u00e1v\u00e1n\u00ed, poskytov\u00e1n\u00ed kvalitn\u00edch slu\u017eeb a reprezentativn\u00edch prostor p\u0159i p\u0159\u00edjezdu do Prahy. Smyslem je vy\u0159e\u0161it nejasn\u00e9 vlastnick\u00e9 vztahy, odblokovat...","og_url":"https:\/\/www.praha14.cz\/ctrnactka-podle-vas\/terminal-cerny-most\/cil-projektu-3\/","og_site_name":"M\u011b\u0148te s n\u00e1mi Prahu 14","article_modified_time":"2023-01-19T09:44:09+00:00","twitter_card":"summary_large_image","twitter_misc":{"Est. reading time":"1 minuta"},"schema":{"@context":"https:\/\/schema.org","@graph":[{"@type":"WebPage","@id":"https:\/\/www.praha14.cz\/ctrnactka-podle-vas\/terminal-cerny-most\/cil-projektu-3\/","url":"https:\/\/www.praha14.cz\/ctrnactka-podle-vas\/terminal-cerny-most\/cil-projektu-3\/","name":"C\u00edl projektu - M\u011b\u0148te s n\u00e1mi Prahu 14","isPartOf":{"@id":"https:\/\/www.praha14.cz\/ctrnactka-podle-vas\/#website"},"datePublished":"2021-11-18T09:13:02+00:00","dateModified":"2023-01-19T09:44:09+00:00","breadcrumb":{"@id":"https:\/\/www.praha14.cz\/ctrnactka-podle-vas\/terminal-cerny-most\/cil-projektu-3\/#breadcrumb"},"inLanguage":"cs","potentialAction":[{"@type":"ReadAction","target":["https:\/\/www.praha14.cz\/ctrnactka-podle-vas\/terminal-cerny-most\/cil-projektu-3\/"]}]},{"@type":"BreadcrumbList","@id":"https:\/\/www.praha14.cz\/ctrnactka-podle-vas\/terminal-cerny-most\/cil-projektu-3\/#breadcrumb","itemListElement":[{"@type":"ListItem","position":1,"name":"M\u011b\u0148te s n\u00e1mi Prahu 14","item":"https:\/\/www.praha14.cz\/ctrnactka-podle-vas\/"},{"@type":"ListItem","position":2,"name":"Termin\u00e1l \u010cern\u00fd Most","item":"https:\/\/www.praha14.cz\/ctrnactka-podle-vas\/terminal-cerny-most\/"},{"@type":"ListItem","position":3,"name":"C\u00edl projektu"}]},{"@type":"WebSite","@id":"https:\/\/www.praha14.cz\/ctrnactka-podle-vas\/#website","url":"https:\/\/www.praha14.cz\/ctrnactka-podle-vas\/","name":"M\u011b\u0148te s n\u00e1mi Prahu 14","description":"\u010ctrn\u00e1ctka podle v\u00e1s","potentialAction":[{"@type":"SearchAction","target":{"@type":"EntryPoint","urlTemplate":"https:\/\/www.praha14.cz\/ctrnactka-podle-vas\/?s={search_term_string}"},"query-input":{"@type":"PropertyValueSpecification","valueRequired":true,"valueName":"search_term_string"}}],"inLanguage":"cs"}]}},"_links":{"self":[{"href":"https:\/\/www.praha14.cz\/ctrnactka-podle-vas\/wp-json\/wp\/v2\/pages\/1174","targetHints":{"allow":["GET"]}}],"collection":[{"href":"https:\/\/www.praha14.cz\/ctrnactka-podle-vas\/wp-json\/wp\/v2\/pages"}],"about":[{"href":"https:\/\/www.praha14.cz\/ctrnactka-podle-vas\/wp-json\/wp\/v2\/types\/page"}],"author":[{"embeddable":true,"href":"https:\/\/www.praha14.cz\/ctrnactka-podle-vas\/wp-json\/wp\/v2\/users\/1057"}],"replies":[{"embeddable":true,"href":"https:\/\/www.praha14.cz\/ctrnactka-podle-vas\/wp-json\/wp\/v2\/comments?post=1174"}],"version-history":[{"count":1,"href":"https:\/\/www.praha14.cz\/ctrnactka-podle-vas\/wp-json\/wp\/v2\/pages\/1174\/revisions"}],"predecessor-version":[{"id":1175,"href":"https:\/\/www.praha14.cz\/ctrnactka-podle-vas\/wp-json\/wp\/v2\/pages\/1174\/revisions\/1175"}],"up":[{"embeddable":true,"href":"https:\/\/www.praha14.cz\/ctrnactka-podle-vas\/wp-json\/wp\/v2\/pages\/1170"}],"wp:attachment":[{"href":"https:\/\/www.praha14.cz\/ctrnactka-podle-vas\/wp-json\/wp\/v2\/media?parent=1174"}],"curies":[{"name":"wp","href":"https:\/\/api.w.org\/{rel}","templated":true}]}}