{"id":1186,"date":"2021-11-18T10:19:59","date_gmt":"2021-11-18T09:19:59","guid":{"rendered":"https:\/\/www.praha14.cz\/ctrnactka-podle-vas\/?page_id=1186"},"modified":"2023-01-19T10:45:16","modified_gmt":"2023-01-19T09:45:16","slug":"na-cem-prave-pracujeme-3","status":"publish","type":"page","link":"https:\/\/www.praha14.cz\/ctrnactka-podle-vas\/terminal-cerny-most\/na-cem-prave-pracujeme-3\/","title":{"rendered":"Na \u010dem pr\u00e1v\u011b pracujeme"},"content":{"rendered":"<p><strong>P\u0159\u00edprava a realizace oprav termin\u00e1lu<\/strong><\/p>\n<ul>\n<li>\u010c\u00e1st opat\u0159en\u00ed ke zlep\u0161en\u00ed st\u00e1vaj\u00edc\u00edho stavu se ji\u017e realizuje za spolupr\u00e1ce Technick\u00e9 spr\u00e1vy komunikac\u00ed a.s., M\u010cP14, Dopravn\u00edho podniku i dal\u0161\u00edch organizac\u00ed HMP.<\/li>\n<\/ul>\n<div id=\"attachment_1207\" style=\"width: 279px\" class=\"wp-caption alignnone\"><a href=\"https:\/\/www.praha14.cz\/app\/uploads\/sites\/5\/2021\/11\/TCM-Novy-informacni-panel_Foto-Ropid.jpg\" target=\"_blank\" rel=\"noopener\" data-rel=\"lightbox-image-0\" data-rl_title=\"\" data-rl_caption=\"\"><img loading=\"lazy\" decoding=\"async\" aria-describedby=\"caption-attachment-1207\" class=\"wp-image-1207 \" title=\"\" src=\"https:\/\/www.praha14.cz\/app\/uploads\/sites\/5\/2021\/11\/TCM-Novy-informacni-panel_Foto-Ropid.jpg\" alt=\"Nov\u00fd informa\u010dn\u00ed panel\" width=\"269\" height=\"193\" srcset=\"https:\/\/www.praha14.cz\/app\/uploads\/sites\/5\/2021\/11\/TCM-Novy-informacni-panel_Foto-Ropid.jpg 1280w, https:\/\/www.praha14.cz\/app\/uploads\/sites\/5\/2021\/11\/TCM-Novy-informacni-panel_Foto-Ropid-300x215.jpg 300w, https:\/\/www.praha14.cz\/app\/uploads\/sites\/5\/2021\/11\/TCM-Novy-informacni-panel_Foto-Ropid-1024x734.jpg 1024w, https:\/\/www.praha14.cz\/app\/uploads\/sites\/5\/2021\/11\/TCM-Novy-informacni-panel_Foto-Ropid-768x551.jpg 768w\" sizes=\"(max-width: 269px) 100vw, 269px\" \/><\/a><p id=\"caption-attachment-1207\" class=\"wp-caption-text\">Nov\u00fd informa\u010dn\u00ed panel<\/p><\/div>\n<ul>\n<li>V roce 2021 dojde k zah\u00e1jen\u00ed oprav termin\u00e1lu jako je zat\u00e9k\u00e1n\u00ed do konstrukc\u00ed, oprava a n\u00e1t\u011br z\u00e1bradl\u00ed a v\u00fdm\u011bna p\u0159\u00edst\u0159e\u0161k\u016f nad n\u00e1stupi\u0161ti.<\/li>\n<\/ul>\n<p><strong>Otev\u0159en\u00ed parkovi\u0161t\u011b P+R a dal\u0161\u00edch parkovac\u00edch ploch<\/strong><\/p>\n<ul>\n<li>V\u00a0tomto roce 2021 dojde k\u00a0dokon\u010den\u00ed n\u00e1vazn\u00e9ho kapacitn\u00edho parkovac\u00edho domu P+R pro 880 vozidel. V\u00a0p\u0159ilehl\u00e9 ulici Chlumeck\u00e1 letos tak\u00e9 do\u0161lo k\u00a0vyzna\u010den\u00ed dal\u0161\u00edch 101 parkovac\u00edch st\u00e1n\u00ed, kter\u00e9 jsou k\u00a0dispozici v\u0161em doj\u00ed\u017ed\u011bj\u00edc\u00edm.<\/li>\n<\/ul>\n<p><strong>Dopracov\u00e1n\u00ed n\u00e1vrhu studie revitalizace<\/strong><\/p>\n<ul>\n<li>\u00a0Zapracov\u00e1n\u00ed z\u00edskan\u00fdch podn\u011bt\u016f a p\u0159ipom\u00ednek od kl\u00ed\u010dov\u00fdch akt\u00e9r\u016f.<\/li>\n<\/ul>\n","protected":false},"excerpt":{"rendered":"<p>P\u0159\u00edprava a realizace oprav termin\u00e1lu \u010c\u00e1st opat\u0159en\u00ed ke zlep\u0161en\u00ed st\u00e1vaj\u00edc\u00edho stavu se ji\u017e realizuje za spolupr\u00e1ce Technick\u00e9 spr\u00e1vy komunikac\u00ed a.s., M\u010cP14, Dopravn\u00edho podniku i dal\u0161\u00edch organizac\u00ed HMP. V roce 2021 dojde k zah\u00e1jen\u00ed oprav termin\u00e1lu jako je zat\u00e9k\u00e1n\u00ed do konstrukc\u00ed, oprava a n\u00e1t\u011br z\u00e1bradl\u00ed a v\u00fdm\u011bna p\u0159\u00edst\u0159e\u0161k\u016f nad n\u00e1stupi\u0161ti. Otev\u0159en\u00ed parkovi\u0161t\u011b P+R a dal\u0161\u00edch parkovac\u00edch&#8230;<\/p>\n","protected":false},"author":1057,"featured_media":0,"parent":1170,"menu_order":0,"comment_status":"closed","ping_status":"closed","template":"","meta":{"_acf_changed":false,"footnotes":""},"class_list":["post-1186","page","type-page","status-publish","hentry"],"acf":[],"yoast_head":"<!-- This site is optimized with the Yoast SEO plugin v27.2 - https:\/\/yoast.com\/product\/yoast-seo-wordpress\/ -->\n<title>Na \u010dem pr\u00e1v\u011b pracujeme - M\u011b\u0148te s n\u00e1mi Prahu 14<\/title>\n<meta name=\"robots\" content=\"index, follow, max-snippet:-1, max-image-preview:large, max-video-preview:-1\" \/>\n<link rel=\"canonical\" href=\"https:\/\/www.praha14.cz\/ctrnactka-podle-vas\/terminal-cerny-most\/na-cem-prave-pracujeme-3\/\" \/>\n<meta property=\"og:locale\" content=\"cs_CZ\" \/>\n<meta property=\"og:type\" content=\"article\" \/>\n<meta property=\"og:title\" content=\"Na \u010dem pr\u00e1v\u011b pracujeme - M\u011b\u0148te s n\u00e1mi Prahu 14\" \/>\n<meta property=\"og:description\" content=\"P\u0159\u00edprava a realizace oprav termin\u00e1lu \u010c\u00e1st opat\u0159en\u00ed ke zlep\u0161en\u00ed st\u00e1vaj\u00edc\u00edho stavu se ji\u017e realizuje za spolupr\u00e1ce Technick\u00e9 spr\u00e1vy komunikac\u00ed a.s., M\u010cP14, Dopravn\u00edho podniku i dal\u0161\u00edch organizac\u00ed HMP. V roce 2021 dojde k zah\u00e1jen\u00ed oprav termin\u00e1lu jako je zat\u00e9k\u00e1n\u00ed do konstrukc\u00ed, oprava a n\u00e1t\u011br z\u00e1bradl\u00ed a v\u00fdm\u011bna p\u0159\u00edst\u0159e\u0161k\u016f nad n\u00e1stupi\u0161ti. Otev\u0159en\u00ed parkovi\u0161t\u011b P+R a dal\u0161\u00edch parkovac\u00edch...\" \/>\n<meta property=\"og:url\" content=\"https:\/\/www.praha14.cz\/ctrnactka-podle-vas\/terminal-cerny-most\/na-cem-prave-pracujeme-3\/\" \/>\n<meta property=\"og:site_name\" content=\"M\u011b\u0148te s n\u00e1mi Prahu 14\" \/>\n<meta property=\"article:modified_time\" content=\"2023-01-19T09:45:16+00:00\" \/>\n<meta property=\"og:image\" content=\"https:\/\/www.praha14.cz\/app\/uploads\/sites\/5\/2021\/11\/TCM-Novy-informacni-panel_Foto-Ropid.jpg\" \/>\n<meta name=\"twitter:card\" content=\"summary_large_image\" \/>\n<meta name=\"twitter:label1\" content=\"Est. reading time\" \/>\n\t<meta name=\"twitter:data1\" content=\"1 minuta\" \/>\n<script type=\"application\/ld+json\" class=\"yoast-schema-graph\">{\"@context\":\"https:\/\/schema.org\",\"@graph\":[{\"@type\":\"WebPage\",\"@id\":\"https:\/\/www.praha14.cz\/ctrnactka-podle-vas\/terminal-cerny-most\/na-cem-prave-pracujeme-3\/\",\"url\":\"https:\/\/www.praha14.cz\/ctrnactka-podle-vas\/terminal-cerny-most\/na-cem-prave-pracujeme-3\/\",\"name\":\"Na \u010dem pr\u00e1v\u011b pracujeme - M\u011b\u0148te s n\u00e1mi Prahu 14\",\"isPartOf\":{\"@id\":\"https:\/\/www.praha14.cz\/ctrnactka-podle-vas\/#website\"},\"primaryImageOfPage\":{\"@id\":\"https:\/\/www.praha14.cz\/ctrnactka-podle-vas\/terminal-cerny-most\/na-cem-prave-pracujeme-3\/#primaryimage\"},\"image\":{\"@id\":\"https:\/\/www.praha14.cz\/ctrnactka-podle-vas\/terminal-cerny-most\/na-cem-prave-pracujeme-3\/#primaryimage\"},\"thumbnailUrl\":\"https:\/\/www.praha14.cz\/app\/uploads\/sites\/5\/2021\/11\/TCM-Novy-informacni-panel_Foto-Ropid.jpg\",\"datePublished\":\"2021-11-18T09:19:59+00:00\",\"dateModified\":\"2023-01-19T09:45:16+00:00\",\"breadcrumb\":{\"@id\":\"https:\/\/www.praha14.cz\/ctrnactka-podle-vas\/terminal-cerny-most\/na-cem-prave-pracujeme-3\/#breadcrumb\"},\"inLanguage\":\"cs\",\"potentialAction\":[{\"@type\":\"ReadAction\",\"target\":[\"https:\/\/www.praha14.cz\/ctrnactka-podle-vas\/terminal-cerny-most\/na-cem-prave-pracujeme-3\/\"]}]},{\"@type\":\"ImageObject\",\"inLanguage\":\"cs\",\"@id\":\"https:\/\/www.praha14.cz\/ctrnactka-podle-vas\/terminal-cerny-most\/na-cem-prave-pracujeme-3\/#primaryimage\",\"url\":\"https:\/\/www.praha14.cz\/app\/uploads\/sites\/5\/2021\/11\/TCM-Novy-informacni-panel_Foto-Ropid.jpg\",\"contentUrl\":\"https:\/\/www.praha14.cz\/app\/uploads\/sites\/5\/2021\/11\/TCM-Novy-informacni-panel_Foto-Ropid.jpg\"},{\"@type\":\"BreadcrumbList\",\"@id\":\"https:\/\/www.praha14.cz\/ctrnactka-podle-vas\/terminal-cerny-most\/na-cem-prave-pracujeme-3\/#breadcrumb\",\"itemListElement\":[{\"@type\":\"ListItem\",\"position\":1,\"name\":\"M\u011b\u0148te s n\u00e1mi Prahu 14\",\"item\":\"https:\/\/www.praha14.cz\/ctrnactka-podle-vas\/\"},{\"@type\":\"ListItem\",\"position\":2,\"name\":\"Termin\u00e1l \u010cern\u00fd Most\",\"item\":\"https:\/\/www.praha14.cz\/ctrnactka-podle-vas\/terminal-cerny-most\/\"},{\"@type\":\"ListItem\",\"position\":3,\"name\":\"Na \u010dem pr\u00e1v\u011b pracujeme\"}]},{\"@type\":\"WebSite\",\"@id\":\"https:\/\/www.praha14.cz\/ctrnactka-podle-vas\/#website\",\"url\":\"https:\/\/www.praha14.cz\/ctrnactka-podle-vas\/\",\"name\":\"M\u011b\u0148te s n\u00e1mi Prahu 14\",\"description\":\"\u010ctrn\u00e1ctka podle v\u00e1s\",\"potentialAction\":[{\"@type\":\"SearchAction\",\"target\":{\"@type\":\"EntryPoint\",\"urlTemplate\":\"https:\/\/www.praha14.cz\/ctrnactka-podle-vas\/?s={search_term_string}\"},\"query-input\":{\"@type\":\"PropertyValueSpecification\",\"valueRequired\":true,\"valueName\":\"search_term_string\"}}],\"inLanguage\":\"cs\"}]}<\/script>\n<!-- \/ Yoast SEO plugin. -->","yoast_head_json":{"title":"Na \u010dem pr\u00e1v\u011b pracujeme - M\u011b\u0148te s n\u00e1mi Prahu 14","robots":{"index":"index","follow":"follow","max-snippet":"max-snippet:-1","max-image-preview":"max-image-preview:large","max-video-preview":"max-video-preview:-1"},"canonical":"https:\/\/www.praha14.cz\/ctrnactka-podle-vas\/terminal-cerny-most\/na-cem-prave-pracujeme-3\/","og_locale":"cs_CZ","og_type":"article","og_title":"Na \u010dem pr\u00e1v\u011b pracujeme - M\u011b\u0148te s n\u00e1mi Prahu 14","og_description":"P\u0159\u00edprava a realizace oprav termin\u00e1lu \u010c\u00e1st opat\u0159en\u00ed ke zlep\u0161en\u00ed st\u00e1vaj\u00edc\u00edho stavu se ji\u017e realizuje za spolupr\u00e1ce Technick\u00e9 spr\u00e1vy komunikac\u00ed a.s., M\u010cP14, Dopravn\u00edho podniku i dal\u0161\u00edch organizac\u00ed HMP. V roce 2021 dojde k zah\u00e1jen\u00ed oprav termin\u00e1lu jako je zat\u00e9k\u00e1n\u00ed do konstrukc\u00ed, oprava a n\u00e1t\u011br z\u00e1bradl\u00ed a v\u00fdm\u011bna p\u0159\u00edst\u0159e\u0161k\u016f nad n\u00e1stupi\u0161ti. Otev\u0159en\u00ed parkovi\u0161t\u011b P+R a dal\u0161\u00edch parkovac\u00edch...","og_url":"https:\/\/www.praha14.cz\/ctrnactka-podle-vas\/terminal-cerny-most\/na-cem-prave-pracujeme-3\/","og_site_name":"M\u011b\u0148te s n\u00e1mi Prahu 14","article_modified_time":"2023-01-19T09:45:16+00:00","og_image":[{"url":"https:\/\/www.praha14.cz\/app\/uploads\/sites\/5\/2021\/11\/TCM-Novy-informacni-panel_Foto-Ropid.jpg","type":"","width":"","height":""}],"twitter_card":"summary_large_image","twitter_misc":{"Est. reading time":"1 minuta"},"schema":{"@context":"https:\/\/schema.org","@graph":[{"@type":"WebPage","@id":"https:\/\/www.praha14.cz\/ctrnactka-podle-vas\/terminal-cerny-most\/na-cem-prave-pracujeme-3\/","url":"https:\/\/www.praha14.cz\/ctrnactka-podle-vas\/terminal-cerny-most\/na-cem-prave-pracujeme-3\/","name":"Na \u010dem pr\u00e1v\u011b pracujeme - M\u011b\u0148te s n\u00e1mi Prahu 14","isPartOf":{"@id":"https:\/\/www.praha14.cz\/ctrnactka-podle-vas\/#website"},"primaryImageOfPage":{"@id":"https:\/\/www.praha14.cz\/ctrnactka-podle-vas\/terminal-cerny-most\/na-cem-prave-pracujeme-3\/#primaryimage"},"image":{"@id":"https:\/\/www.praha14.cz\/ctrnactka-podle-vas\/terminal-cerny-most\/na-cem-prave-pracujeme-3\/#primaryimage"},"thumbnailUrl":"https:\/\/www.praha14.cz\/app\/uploads\/sites\/5\/2021\/11\/TCM-Novy-informacni-panel_Foto-Ropid.jpg","datePublished":"2021-11-18T09:19:59+00:00","dateModified":"2023-01-19T09:45:16+00:00","breadcrumb":{"@id":"https:\/\/www.praha14.cz\/ctrnactka-podle-vas\/terminal-cerny-most\/na-cem-prave-pracujeme-3\/#breadcrumb"},"inLanguage":"cs","potentialAction":[{"@type":"ReadAction","target":["https:\/\/www.praha14.cz\/ctrnactka-podle-vas\/terminal-cerny-most\/na-cem-prave-pracujeme-3\/"]}]},{"@type":"ImageObject","inLanguage":"cs","@id":"https:\/\/www.praha14.cz\/ctrnactka-podle-vas\/terminal-cerny-most\/na-cem-prave-pracujeme-3\/#primaryimage","url":"https:\/\/www.praha14.cz\/app\/uploads\/sites\/5\/2021\/11\/TCM-Novy-informacni-panel_Foto-Ropid.jpg","contentUrl":"https:\/\/www.praha14.cz\/app\/uploads\/sites\/5\/2021\/11\/TCM-Novy-informacni-panel_Foto-Ropid.jpg"},{"@type":"BreadcrumbList","@id":"https:\/\/www.praha14.cz\/ctrnactka-podle-vas\/terminal-cerny-most\/na-cem-prave-pracujeme-3\/#breadcrumb","itemListElement":[{"@type":"ListItem","position":1,"name":"M\u011b\u0148te s n\u00e1mi Prahu 14","item":"https:\/\/www.praha14.cz\/ctrnactka-podle-vas\/"},{"@type":"ListItem","position":2,"name":"Termin\u00e1l \u010cern\u00fd Most","item":"https:\/\/www.praha14.cz\/ctrnactka-podle-vas\/terminal-cerny-most\/"},{"@type":"ListItem","position":3,"name":"Na \u010dem pr\u00e1v\u011b pracujeme"}]},{"@type":"WebSite","@id":"https:\/\/www.praha14.cz\/ctrnactka-podle-vas\/#website","url":"https:\/\/www.praha14.cz\/ctrnactka-podle-vas\/","name":"M\u011b\u0148te s n\u00e1mi Prahu 14","description":"\u010ctrn\u00e1ctka podle v\u00e1s","potentialAction":[{"@type":"SearchAction","target":{"@type":"EntryPoint","urlTemplate":"https:\/\/www.praha14.cz\/ctrnactka-podle-vas\/?s={search_term_string}"},"query-input":{"@type":"PropertyValueSpecification","valueRequired":true,"valueName":"search_term_string"}}],"inLanguage":"cs"}]}},"_links":{"self":[{"href":"https:\/\/www.praha14.cz\/ctrnactka-podle-vas\/wp-json\/wp\/v2\/pages\/1186","targetHints":{"allow":["GET"]}}],"collection":[{"href":"https:\/\/www.praha14.cz\/ctrnactka-podle-vas\/wp-json\/wp\/v2\/pages"}],"about":[{"href":"https:\/\/www.praha14.cz\/ctrnactka-podle-vas\/wp-json\/wp\/v2\/types\/page"}],"author":[{"embeddable":true,"href":"https:\/\/www.praha14.cz\/ctrnactka-podle-vas\/wp-json\/wp\/v2\/users\/1057"}],"replies":[{"embeddable":true,"href":"https:\/\/www.praha14.cz\/ctrnactka-podle-vas\/wp-json\/wp\/v2\/comments?post=1186"}],"version-history":[{"count":2,"href":"https:\/\/www.praha14.cz\/ctrnactka-podle-vas\/wp-json\/wp\/v2\/pages\/1186\/revisions"}],"predecessor-version":[{"id":1208,"href":"https:\/\/www.praha14.cz\/ctrnactka-podle-vas\/wp-json\/wp\/v2\/pages\/1186\/revisions\/1208"}],"up":[{"embeddable":true,"href":"https:\/\/www.praha14.cz\/ctrnactka-podle-vas\/wp-json\/wp\/v2\/pages\/1170"}],"wp:attachment":[{"href":"https:\/\/www.praha14.cz\/ctrnactka-podle-vas\/wp-json\/wp\/v2\/media?parent=1186"}],"curies":[{"name":"wp","href":"https:\/\/api.w.org\/{rel}","templated":true}]}}