{"id":1243,"date":"2021-11-29T09:29:05","date_gmt":"2021-11-29T08:29:05","guid":{"rendered":"https:\/\/www.praha14.cz\/ctrnactka-podle-vas\/?page_id=1243"},"modified":"2023-01-19T10:46:07","modified_gmt":"2023-01-19T09:46:07","slug":"cil-projektu-4","status":"publish","type":"page","link":"https:\/\/www.praha14.cz\/ctrnactka-podle-vas\/centralni-park-cerny-most\/cil-projektu-4\/","title":{"rendered":"C\u00edl projektu"},"content":{"rendered":"<p>Hlavn\u00edm c\u00edlem m\u011bstsk\u00e9 \u010d\u00e1sti Praha 14 je vytvo\u0159it v\u00a0tomto \u00fazem\u00ed reprezentativn\u00ed ve\u0159ejn\u00fd prostor s v\u00fdznamn\u00fdmi architektonick\u00fdmi a p\u0159\u00edrodn\u00edmi hodnotami umo\u017e\u0148uj\u00edc\u00ed n\u00e1le\u017eit\u00e9 propojen\u00ed mezi obytn\u00fdmi soubory s\u00eddli\u0161t\u011b. Praha 14 chce nab\u00eddnout lidem p\u0159\u00edjemn\u00e9 m\u00edsto pro odpo\u010dinek i relaxaci, vytvo\u0159it klidov\u00e9 z\u00f3ny, piknikov\u00e9 plochy, kvalitn\u00ed d\u011btsk\u00e1 h\u0159i\u0161t\u011b, ps\u00ed h\u0159i\u0161t\u011b a reprezentativn\u00ed m\u00edsto pro po\u0159\u00e1d\u00e1n\u00ed ve\u0159ejn\u00fdch akc\u00ed p\u0159i zachov\u00e1n\u00ed biodiverzity \u010di dokonce jej\u00edm roz\u0161\u00ed\u0159en\u00ed. V\u00a0r\u00e1mci revitalizace parku dojde k \u00faprav\u011b cestn\u00ed s\u00edt\u011b, ve\u0159ejn\u00e9ho osv\u011btlen\u00ed a vybudov\u00e1n\u00ed cyklostezky.<\/p>\n","protected":false},"excerpt":{"rendered":"<p>Hlavn\u00edm c\u00edlem m\u011bstsk\u00e9 \u010d\u00e1sti Praha 14 je vytvo\u0159it v\u00a0tomto \u00fazem\u00ed reprezentativn\u00ed ve\u0159ejn\u00fd prostor s v\u00fdznamn\u00fdmi architektonick\u00fdmi a p\u0159\u00edrodn\u00edmi hodnotami umo\u017e\u0148uj\u00edc\u00ed n\u00e1le\u017eit\u00e9 propojen\u00ed mezi obytn\u00fdmi soubory s\u00eddli\u0161t\u011b. Praha 14 chce nab\u00eddnout lidem p\u0159\u00edjemn\u00e9 m\u00edsto pro odpo\u010dinek i relaxaci, vytvo\u0159it klidov\u00e9 z\u00f3ny, piknikov\u00e9 plochy, kvalitn\u00ed d\u011btsk\u00e1 h\u0159i\u0161t\u011b, ps\u00ed h\u0159i\u0161t\u011b a reprezentativn\u00ed m\u00edsto pro po\u0159\u00e1d\u00e1n\u00ed ve\u0159ejn\u00fdch akc\u00ed p\u0159i&#8230;<\/p>\n","protected":false},"author":1057,"featured_media":0,"parent":1237,"menu_order":0,"comment_status":"closed","ping_status":"closed","template":"","meta":{"_acf_changed":false,"footnotes":""},"class_list":["post-1243","page","type-page","status-publish","hentry"],"acf":[],"yoast_head":"<!-- This site is optimized with the Yoast SEO plugin v27.2 - https:\/\/yoast.com\/product\/yoast-seo-wordpress\/ -->\n<title>C\u00edl projektu - M\u011b\u0148te s n\u00e1mi Prahu 14<\/title>\n<meta name=\"robots\" content=\"index, follow, max-snippet:-1, max-image-preview:large, max-video-preview:-1\" \/>\n<link rel=\"canonical\" href=\"https:\/\/www.praha14.cz\/ctrnactka-podle-vas\/centralni-park-cerny-most\/cil-projektu-4\/\" \/>\n<meta property=\"og:locale\" content=\"cs_CZ\" \/>\n<meta property=\"og:type\" content=\"article\" \/>\n<meta property=\"og:title\" content=\"C\u00edl projektu - M\u011b\u0148te s n\u00e1mi Prahu 14\" \/>\n<meta property=\"og:description\" content=\"Hlavn\u00edm c\u00edlem m\u011bstsk\u00e9 \u010d\u00e1sti Praha 14 je vytvo\u0159it v\u00a0tomto \u00fazem\u00ed reprezentativn\u00ed ve\u0159ejn\u00fd prostor s v\u00fdznamn\u00fdmi architektonick\u00fdmi a p\u0159\u00edrodn\u00edmi hodnotami umo\u017e\u0148uj\u00edc\u00ed n\u00e1le\u017eit\u00e9 propojen\u00ed mezi obytn\u00fdmi soubory s\u00eddli\u0161t\u011b. Praha 14 chce nab\u00eddnout lidem p\u0159\u00edjemn\u00e9 m\u00edsto pro odpo\u010dinek i relaxaci, vytvo\u0159it klidov\u00e9 z\u00f3ny, piknikov\u00e9 plochy, kvalitn\u00ed d\u011btsk\u00e1 h\u0159i\u0161t\u011b, ps\u00ed h\u0159i\u0161t\u011b a reprezentativn\u00ed m\u00edsto pro po\u0159\u00e1d\u00e1n\u00ed ve\u0159ejn\u00fdch akc\u00ed p\u0159i...\" \/>\n<meta property=\"og:url\" content=\"https:\/\/www.praha14.cz\/ctrnactka-podle-vas\/centralni-park-cerny-most\/cil-projektu-4\/\" \/>\n<meta property=\"og:site_name\" content=\"M\u011b\u0148te s n\u00e1mi Prahu 14\" \/>\n<meta property=\"article:modified_time\" content=\"2023-01-19T09:46:07+00:00\" \/>\n<meta name=\"twitter:card\" content=\"summary_large_image\" \/>\n<meta name=\"twitter:label1\" content=\"Est. reading time\" \/>\n\t<meta name=\"twitter:data1\" content=\"1 minuta\" \/>\n<script type=\"application\/ld+json\" class=\"yoast-schema-graph\">{\"@context\":\"https:\/\/schema.org\",\"@graph\":[{\"@type\":\"WebPage\",\"@id\":\"https:\/\/www.praha14.cz\/ctrnactka-podle-vas\/centralni-park-cerny-most\/cil-projektu-4\/\",\"url\":\"https:\/\/www.praha14.cz\/ctrnactka-podle-vas\/centralni-park-cerny-most\/cil-projektu-4\/\",\"name\":\"C\u00edl projektu - M\u011b\u0148te s n\u00e1mi Prahu 14\",\"isPartOf\":{\"@id\":\"https:\/\/www.praha14.cz\/ctrnactka-podle-vas\/#website\"},\"datePublished\":\"2021-11-29T08:29:05+00:00\",\"dateModified\":\"2023-01-19T09:46:07+00:00\",\"breadcrumb\":{\"@id\":\"https:\/\/www.praha14.cz\/ctrnactka-podle-vas\/centralni-park-cerny-most\/cil-projektu-4\/#breadcrumb\"},\"inLanguage\":\"cs\",\"potentialAction\":[{\"@type\":\"ReadAction\",\"target\":[\"https:\/\/www.praha14.cz\/ctrnactka-podle-vas\/centralni-park-cerny-most\/cil-projektu-4\/\"]}]},{\"@type\":\"BreadcrumbList\",\"@id\":\"https:\/\/www.praha14.cz\/ctrnactka-podle-vas\/centralni-park-cerny-most\/cil-projektu-4\/#breadcrumb\",\"itemListElement\":[{\"@type\":\"ListItem\",\"position\":1,\"name\":\"M\u011b\u0148te s n\u00e1mi Prahu 14\",\"item\":\"https:\/\/www.praha14.cz\/ctrnactka-podle-vas\/\"},{\"@type\":\"ListItem\",\"position\":2,\"name\":\"Centr\u00e1ln\u00ed park \u010cern\u00fd Most\",\"item\":\"https:\/\/www.praha14.cz\/ctrnactka-podle-vas\/centralni-park-cerny-most\/\"},{\"@type\":\"ListItem\",\"position\":3,\"name\":\"C\u00edl projektu\"}]},{\"@type\":\"WebSite\",\"@id\":\"https:\/\/www.praha14.cz\/ctrnactka-podle-vas\/#website\",\"url\":\"https:\/\/www.praha14.cz\/ctrnactka-podle-vas\/\",\"name\":\"M\u011b\u0148te s n\u00e1mi Prahu 14\",\"description\":\"\u010ctrn\u00e1ctka podle v\u00e1s\",\"potentialAction\":[{\"@type\":\"SearchAction\",\"target\":{\"@type\":\"EntryPoint\",\"urlTemplate\":\"https:\/\/www.praha14.cz\/ctrnactka-podle-vas\/?s={search_term_string}\"},\"query-input\":{\"@type\":\"PropertyValueSpecification\",\"valueRequired\":true,\"valueName\":\"search_term_string\"}}],\"inLanguage\":\"cs\"}]}<\/script>\n<!-- \/ Yoast SEO plugin. -->","yoast_head_json":{"title":"C\u00edl projektu - M\u011b\u0148te s n\u00e1mi Prahu 14","robots":{"index":"index","follow":"follow","max-snippet":"max-snippet:-1","max-image-preview":"max-image-preview:large","max-video-preview":"max-video-preview:-1"},"canonical":"https:\/\/www.praha14.cz\/ctrnactka-podle-vas\/centralni-park-cerny-most\/cil-projektu-4\/","og_locale":"cs_CZ","og_type":"article","og_title":"C\u00edl projektu - M\u011b\u0148te s n\u00e1mi Prahu 14","og_description":"Hlavn\u00edm c\u00edlem m\u011bstsk\u00e9 \u010d\u00e1sti Praha 14 je vytvo\u0159it v\u00a0tomto \u00fazem\u00ed reprezentativn\u00ed ve\u0159ejn\u00fd prostor s v\u00fdznamn\u00fdmi architektonick\u00fdmi a p\u0159\u00edrodn\u00edmi hodnotami umo\u017e\u0148uj\u00edc\u00ed n\u00e1le\u017eit\u00e9 propojen\u00ed mezi obytn\u00fdmi soubory s\u00eddli\u0161t\u011b. Praha 14 chce nab\u00eddnout lidem p\u0159\u00edjemn\u00e9 m\u00edsto pro odpo\u010dinek i relaxaci, vytvo\u0159it klidov\u00e9 z\u00f3ny, piknikov\u00e9 plochy, kvalitn\u00ed d\u011btsk\u00e1 h\u0159i\u0161t\u011b, ps\u00ed h\u0159i\u0161t\u011b a reprezentativn\u00ed m\u00edsto pro po\u0159\u00e1d\u00e1n\u00ed ve\u0159ejn\u00fdch akc\u00ed p\u0159i...","og_url":"https:\/\/www.praha14.cz\/ctrnactka-podle-vas\/centralni-park-cerny-most\/cil-projektu-4\/","og_site_name":"M\u011b\u0148te s n\u00e1mi Prahu 14","article_modified_time":"2023-01-19T09:46:07+00:00","twitter_card":"summary_large_image","twitter_misc":{"Est. reading time":"1 minuta"},"schema":{"@context":"https:\/\/schema.org","@graph":[{"@type":"WebPage","@id":"https:\/\/www.praha14.cz\/ctrnactka-podle-vas\/centralni-park-cerny-most\/cil-projektu-4\/","url":"https:\/\/www.praha14.cz\/ctrnactka-podle-vas\/centralni-park-cerny-most\/cil-projektu-4\/","name":"C\u00edl projektu - M\u011b\u0148te s n\u00e1mi Prahu 14","isPartOf":{"@id":"https:\/\/www.praha14.cz\/ctrnactka-podle-vas\/#website"},"datePublished":"2021-11-29T08:29:05+00:00","dateModified":"2023-01-19T09:46:07+00:00","breadcrumb":{"@id":"https:\/\/www.praha14.cz\/ctrnactka-podle-vas\/centralni-park-cerny-most\/cil-projektu-4\/#breadcrumb"},"inLanguage":"cs","potentialAction":[{"@type":"ReadAction","target":["https:\/\/www.praha14.cz\/ctrnactka-podle-vas\/centralni-park-cerny-most\/cil-projektu-4\/"]}]},{"@type":"BreadcrumbList","@id":"https:\/\/www.praha14.cz\/ctrnactka-podle-vas\/centralni-park-cerny-most\/cil-projektu-4\/#breadcrumb","itemListElement":[{"@type":"ListItem","position":1,"name":"M\u011b\u0148te s n\u00e1mi Prahu 14","item":"https:\/\/www.praha14.cz\/ctrnactka-podle-vas\/"},{"@type":"ListItem","position":2,"name":"Centr\u00e1ln\u00ed park \u010cern\u00fd Most","item":"https:\/\/www.praha14.cz\/ctrnactka-podle-vas\/centralni-park-cerny-most\/"},{"@type":"ListItem","position":3,"name":"C\u00edl projektu"}]},{"@type":"WebSite","@id":"https:\/\/www.praha14.cz\/ctrnactka-podle-vas\/#website","url":"https:\/\/www.praha14.cz\/ctrnactka-podle-vas\/","name":"M\u011b\u0148te s n\u00e1mi Prahu 14","description":"\u010ctrn\u00e1ctka podle v\u00e1s","potentialAction":[{"@type":"SearchAction","target":{"@type":"EntryPoint","urlTemplate":"https:\/\/www.praha14.cz\/ctrnactka-podle-vas\/?s={search_term_string}"},"query-input":{"@type":"PropertyValueSpecification","valueRequired":true,"valueName":"search_term_string"}}],"inLanguage":"cs"}]}},"_links":{"self":[{"href":"https:\/\/www.praha14.cz\/ctrnactka-podle-vas\/wp-json\/wp\/v2\/pages\/1243","targetHints":{"allow":["GET"]}}],"collection":[{"href":"https:\/\/www.praha14.cz\/ctrnactka-podle-vas\/wp-json\/wp\/v2\/pages"}],"about":[{"href":"https:\/\/www.praha14.cz\/ctrnactka-podle-vas\/wp-json\/wp\/v2\/types\/page"}],"author":[{"embeddable":true,"href":"https:\/\/www.praha14.cz\/ctrnactka-podle-vas\/wp-json\/wp\/v2\/users\/1057"}],"replies":[{"embeddable":true,"href":"https:\/\/www.praha14.cz\/ctrnactka-podle-vas\/wp-json\/wp\/v2\/comments?post=1243"}],"version-history":[{"count":1,"href":"https:\/\/www.praha14.cz\/ctrnactka-podle-vas\/wp-json\/wp\/v2\/pages\/1243\/revisions"}],"predecessor-version":[{"id":1244,"href":"https:\/\/www.praha14.cz\/ctrnactka-podle-vas\/wp-json\/wp\/v2\/pages\/1243\/revisions\/1244"}],"up":[{"embeddable":true,"href":"https:\/\/www.praha14.cz\/ctrnactka-podle-vas\/wp-json\/wp\/v2\/pages\/1237"}],"wp:attachment":[{"href":"https:\/\/www.praha14.cz\/ctrnactka-podle-vas\/wp-json\/wp\/v2\/media?parent=1243"}],"curies":[{"name":"wp","href":"https:\/\/api.w.org\/{rel}","templated":true}]}}