{"id":1246,"date":"2021-11-29T09:32:13","date_gmt":"2021-11-29T08:32:13","guid":{"rendered":"https:\/\/www.praha14.cz\/ctrnactka-podle-vas\/?page_id=1246"},"modified":"2023-01-19T10:46:21","modified_gmt":"2023-01-19T09:46:21","slug":"harmonogram-4","status":"publish","type":"page","link":"https:\/\/www.praha14.cz\/ctrnactka-podle-vas\/centralni-park-cerny-most\/harmonogram-4\/","title":{"rendered":"Harmonogram"},"content":{"rendered":"<h4><span style=\"color: #00ccff;\"><strong>P\u0159\u00edpravn\u00e1 a analytick\u00e1 f\u00e1ze<\/strong><\/span><\/h4>\n<p><strong>2016<br \/>\n<\/strong>Soci\u00e1ln\u011b \u2013 antropologick\u00fd pr\u016fzkum pot\u0159eb u\u017eivatel\u016f a n\u00e1v\u0161t\u011bvn\u00edk\u016f parku<\/p>\n<p><strong>2018 &#8211; 2019<br \/>\n<\/strong>Schv\u00e1len\u00ed Z\u00e1m\u011bru revitalizace Centr\u00e1ln\u00edho parku \u010cern\u00fd Most<\/p>\n<p><strong>2019<br \/>\n<\/strong><strong>LEDEN \u00a0&#8211; KV\u011aTEN 2019<\/strong><strong> &#8211; <\/strong>Projektov\u00e1 architektonicko-krajin\u00e1\u0159sk\u00e1 sout\u011b\u017e<br \/>\n<strong>Z\u00c1\u0158\u00cd 2019<\/strong> &#8211; P\u0159edstaven\u00ed sout\u011b\u017en\u00edch n\u00e1vrh\u016f ve\u0159ejnosti<\/p>\n<p><strong>2020<br \/>\n<\/strong><strong>LEDEN 2020<\/strong> &#8211; V\u00fdb\u011br zhotovitele projek\u010dn\u00ed dokumentace<\/p>\n<h4><span style=\"color: #00ccff;\"><strong>N\u00e1vrhov\u00e1 f\u00e1ze<\/strong><\/span><\/h4>\n<p><strong>2020 &#8211; 2022<\/strong><br \/>\nDopracov\u00e1n\u00ed architektonick\u00e9ho n\u00e1vrhu revitalizace, zapracov\u00e1n\u00ed p\u0159ipom\u00ednek a podn\u011bt\u016f, zpracov\u00e1n\u00ed dokumentace pro spole\u010dn\u00e9 \u00fazemn\u00ed rozhodnut\u00ed a stavebn\u00ed povolen\u00ed. Konzultace a projedn\u00e1n\u00ed n\u00e1vrhu s\u00a0kl\u00ed\u010dov\u00fdmi akt\u00e9ry, dot\u010den\u00fdmi org\u00e1ny st\u00e1tn\u00ed spr\u00e1vy a ve\u0159ejnost\u00ed.<\/p>\n<h4><span style=\"color: #00ccff;\"><strong>Realiza\u010dn\u00ed f\u00e1ze<\/strong><\/span><\/h4>\n<p><strong>\u00a02023 \u2013 2025<br \/>\n<\/strong>P\u0159edpoklad celkov\u00e9 revitalizace Centr\u00e1ln\u00edho parku \u010cern\u00fd Most dle zpracovan\u00e9 a schv\u00e1len\u00e9 dokumentace.<\/p>\n","protected":false},"excerpt":{"rendered":"<p>P\u0159\u00edpravn\u00e1 a analytick\u00e1 f\u00e1ze 2016 Soci\u00e1ln\u011b \u2013 antropologick\u00fd pr\u016fzkum pot\u0159eb u\u017eivatel\u016f a n\u00e1v\u0161t\u011bvn\u00edk\u016f parku 2018 &#8211; 2019 Schv\u00e1len\u00ed Z\u00e1m\u011bru revitalizace Centr\u00e1ln\u00edho parku \u010cern\u00fd Most 2019 LEDEN \u00a0&#8211; KV\u011aTEN 2019 &#8211; Projektov\u00e1 architektonicko-krajin\u00e1\u0159sk\u00e1 sout\u011b\u017e Z\u00c1\u0158\u00cd 2019 &#8211; P\u0159edstaven\u00ed sout\u011b\u017en\u00edch n\u00e1vrh\u016f ve\u0159ejnosti 2020 LEDEN 2020 &#8211; V\u00fdb\u011br zhotovitele projek\u010dn\u00ed dokumentace N\u00e1vrhov\u00e1 f\u00e1ze 2020 &#8211; 2022 Dopracov\u00e1n\u00ed architektonick\u00e9ho&#8230;<\/p>\n","protected":false},"author":1057,"featured_media":0,"parent":1237,"menu_order":0,"comment_status":"closed","ping_status":"closed","template":"","meta":{"_acf_changed":false,"footnotes":""},"class_list":["post-1246","page","type-page","status-publish","hentry"],"acf":[],"yoast_head":"<!-- This site is optimized with the Yoast SEO plugin v27.2 - https:\/\/yoast.com\/product\/yoast-seo-wordpress\/ -->\n<title>Harmonogram - M\u011b\u0148te s n\u00e1mi Prahu 14<\/title>\n<meta name=\"robots\" content=\"index, follow, max-snippet:-1, max-image-preview:large, max-video-preview:-1\" \/>\n<link rel=\"canonical\" href=\"https:\/\/www.praha14.cz\/ctrnactka-podle-vas\/centralni-park-cerny-most\/harmonogram-4\/\" \/>\n<meta property=\"og:locale\" content=\"cs_CZ\" \/>\n<meta property=\"og:type\" content=\"article\" \/>\n<meta property=\"og:title\" content=\"Harmonogram - M\u011b\u0148te s n\u00e1mi Prahu 14\" \/>\n<meta property=\"og:description\" content=\"P\u0159\u00edpravn\u00e1 a analytick\u00e1 f\u00e1ze 2016 Soci\u00e1ln\u011b \u2013 antropologick\u00fd pr\u016fzkum pot\u0159eb u\u017eivatel\u016f a n\u00e1v\u0161t\u011bvn\u00edk\u016f parku 2018 &#8211; 2019 Schv\u00e1len\u00ed Z\u00e1m\u011bru revitalizace Centr\u00e1ln\u00edho parku \u010cern\u00fd Most 2019 LEDEN \u00a0&#8211; KV\u011aTEN 2019 &#8211; Projektov\u00e1 architektonicko-krajin\u00e1\u0159sk\u00e1 sout\u011b\u017e Z\u00c1\u0158\u00cd 2019 &#8211; P\u0159edstaven\u00ed sout\u011b\u017en\u00edch n\u00e1vrh\u016f ve\u0159ejnosti 2020 LEDEN 2020 &#8211; V\u00fdb\u011br zhotovitele projek\u010dn\u00ed dokumentace N\u00e1vrhov\u00e1 f\u00e1ze 2020 &#8211; 2022 Dopracov\u00e1n\u00ed architektonick\u00e9ho...\" \/>\n<meta property=\"og:url\" content=\"https:\/\/www.praha14.cz\/ctrnactka-podle-vas\/centralni-park-cerny-most\/harmonogram-4\/\" \/>\n<meta property=\"og:site_name\" content=\"M\u011b\u0148te s n\u00e1mi Prahu 14\" \/>\n<meta property=\"article:modified_time\" content=\"2023-01-19T09:46:21+00:00\" \/>\n<meta name=\"twitter:card\" content=\"summary_large_image\" \/>\n<meta name=\"twitter:label1\" content=\"Est. reading time\" \/>\n\t<meta name=\"twitter:data1\" content=\"1 minuta\" \/>\n<script type=\"application\/ld+json\" class=\"yoast-schema-graph\">{\"@context\":\"https:\/\/schema.org\",\"@graph\":[{\"@type\":\"WebPage\",\"@id\":\"https:\/\/www.praha14.cz\/ctrnactka-podle-vas\/centralni-park-cerny-most\/harmonogram-4\/\",\"url\":\"https:\/\/www.praha14.cz\/ctrnactka-podle-vas\/centralni-park-cerny-most\/harmonogram-4\/\",\"name\":\"Harmonogram - M\u011b\u0148te s n\u00e1mi Prahu 14\",\"isPartOf\":{\"@id\":\"https:\/\/www.praha14.cz\/ctrnactka-podle-vas\/#website\"},\"datePublished\":\"2021-11-29T08:32:13+00:00\",\"dateModified\":\"2023-01-19T09:46:21+00:00\",\"breadcrumb\":{\"@id\":\"https:\/\/www.praha14.cz\/ctrnactka-podle-vas\/centralni-park-cerny-most\/harmonogram-4\/#breadcrumb\"},\"inLanguage\":\"cs\",\"potentialAction\":[{\"@type\":\"ReadAction\",\"target\":[\"https:\/\/www.praha14.cz\/ctrnactka-podle-vas\/centralni-park-cerny-most\/harmonogram-4\/\"]}]},{\"@type\":\"BreadcrumbList\",\"@id\":\"https:\/\/www.praha14.cz\/ctrnactka-podle-vas\/centralni-park-cerny-most\/harmonogram-4\/#breadcrumb\",\"itemListElement\":[{\"@type\":\"ListItem\",\"position\":1,\"name\":\"M\u011b\u0148te s n\u00e1mi Prahu 14\",\"item\":\"https:\/\/www.praha14.cz\/ctrnactka-podle-vas\/\"},{\"@type\":\"ListItem\",\"position\":2,\"name\":\"Centr\u00e1ln\u00ed park \u010cern\u00fd Most\",\"item\":\"https:\/\/www.praha14.cz\/ctrnactka-podle-vas\/centralni-park-cerny-most\/\"},{\"@type\":\"ListItem\",\"position\":3,\"name\":\"Harmonogram\"}]},{\"@type\":\"WebSite\",\"@id\":\"https:\/\/www.praha14.cz\/ctrnactka-podle-vas\/#website\",\"url\":\"https:\/\/www.praha14.cz\/ctrnactka-podle-vas\/\",\"name\":\"M\u011b\u0148te s n\u00e1mi Prahu 14\",\"description\":\"\u010ctrn\u00e1ctka podle v\u00e1s\",\"potentialAction\":[{\"@type\":\"SearchAction\",\"target\":{\"@type\":\"EntryPoint\",\"urlTemplate\":\"https:\/\/www.praha14.cz\/ctrnactka-podle-vas\/?s={search_term_string}\"},\"query-input\":{\"@type\":\"PropertyValueSpecification\",\"valueRequired\":true,\"valueName\":\"search_term_string\"}}],\"inLanguage\":\"cs\"}]}<\/script>\n<!-- \/ Yoast SEO plugin. -->","yoast_head_json":{"title":"Harmonogram - M\u011b\u0148te s n\u00e1mi Prahu 14","robots":{"index":"index","follow":"follow","max-snippet":"max-snippet:-1","max-image-preview":"max-image-preview:large","max-video-preview":"max-video-preview:-1"},"canonical":"https:\/\/www.praha14.cz\/ctrnactka-podle-vas\/centralni-park-cerny-most\/harmonogram-4\/","og_locale":"cs_CZ","og_type":"article","og_title":"Harmonogram - M\u011b\u0148te s n\u00e1mi Prahu 14","og_description":"P\u0159\u00edpravn\u00e1 a analytick\u00e1 f\u00e1ze 2016 Soci\u00e1ln\u011b \u2013 antropologick\u00fd pr\u016fzkum pot\u0159eb u\u017eivatel\u016f a n\u00e1v\u0161t\u011bvn\u00edk\u016f parku 2018 &#8211; 2019 Schv\u00e1len\u00ed Z\u00e1m\u011bru revitalizace Centr\u00e1ln\u00edho parku \u010cern\u00fd Most 2019 LEDEN \u00a0&#8211; KV\u011aTEN 2019 &#8211; Projektov\u00e1 architektonicko-krajin\u00e1\u0159sk\u00e1 sout\u011b\u017e Z\u00c1\u0158\u00cd 2019 &#8211; P\u0159edstaven\u00ed sout\u011b\u017en\u00edch n\u00e1vrh\u016f ve\u0159ejnosti 2020 LEDEN 2020 &#8211; V\u00fdb\u011br zhotovitele projek\u010dn\u00ed dokumentace N\u00e1vrhov\u00e1 f\u00e1ze 2020 &#8211; 2022 Dopracov\u00e1n\u00ed architektonick\u00e9ho...","og_url":"https:\/\/www.praha14.cz\/ctrnactka-podle-vas\/centralni-park-cerny-most\/harmonogram-4\/","og_site_name":"M\u011b\u0148te s n\u00e1mi Prahu 14","article_modified_time":"2023-01-19T09:46:21+00:00","twitter_card":"summary_large_image","twitter_misc":{"Est. reading time":"1 minuta"},"schema":{"@context":"https:\/\/schema.org","@graph":[{"@type":"WebPage","@id":"https:\/\/www.praha14.cz\/ctrnactka-podle-vas\/centralni-park-cerny-most\/harmonogram-4\/","url":"https:\/\/www.praha14.cz\/ctrnactka-podle-vas\/centralni-park-cerny-most\/harmonogram-4\/","name":"Harmonogram - M\u011b\u0148te s n\u00e1mi Prahu 14","isPartOf":{"@id":"https:\/\/www.praha14.cz\/ctrnactka-podle-vas\/#website"},"datePublished":"2021-11-29T08:32:13+00:00","dateModified":"2023-01-19T09:46:21+00:00","breadcrumb":{"@id":"https:\/\/www.praha14.cz\/ctrnactka-podle-vas\/centralni-park-cerny-most\/harmonogram-4\/#breadcrumb"},"inLanguage":"cs","potentialAction":[{"@type":"ReadAction","target":["https:\/\/www.praha14.cz\/ctrnactka-podle-vas\/centralni-park-cerny-most\/harmonogram-4\/"]}]},{"@type":"BreadcrumbList","@id":"https:\/\/www.praha14.cz\/ctrnactka-podle-vas\/centralni-park-cerny-most\/harmonogram-4\/#breadcrumb","itemListElement":[{"@type":"ListItem","position":1,"name":"M\u011b\u0148te s n\u00e1mi Prahu 14","item":"https:\/\/www.praha14.cz\/ctrnactka-podle-vas\/"},{"@type":"ListItem","position":2,"name":"Centr\u00e1ln\u00ed park \u010cern\u00fd Most","item":"https:\/\/www.praha14.cz\/ctrnactka-podle-vas\/centralni-park-cerny-most\/"},{"@type":"ListItem","position":3,"name":"Harmonogram"}]},{"@type":"WebSite","@id":"https:\/\/www.praha14.cz\/ctrnactka-podle-vas\/#website","url":"https:\/\/www.praha14.cz\/ctrnactka-podle-vas\/","name":"M\u011b\u0148te s n\u00e1mi Prahu 14","description":"\u010ctrn\u00e1ctka podle v\u00e1s","potentialAction":[{"@type":"SearchAction","target":{"@type":"EntryPoint","urlTemplate":"https:\/\/www.praha14.cz\/ctrnactka-podle-vas\/?s={search_term_string}"},"query-input":{"@type":"PropertyValueSpecification","valueRequired":true,"valueName":"search_term_string"}}],"inLanguage":"cs"}]}},"_links":{"self":[{"href":"https:\/\/www.praha14.cz\/ctrnactka-podle-vas\/wp-json\/wp\/v2\/pages\/1246","targetHints":{"allow":["GET"]}}],"collection":[{"href":"https:\/\/www.praha14.cz\/ctrnactka-podle-vas\/wp-json\/wp\/v2\/pages"}],"about":[{"href":"https:\/\/www.praha14.cz\/ctrnactka-podle-vas\/wp-json\/wp\/v2\/types\/page"}],"author":[{"embeddable":true,"href":"https:\/\/www.praha14.cz\/ctrnactka-podle-vas\/wp-json\/wp\/v2\/users\/1057"}],"replies":[{"embeddable":true,"href":"https:\/\/www.praha14.cz\/ctrnactka-podle-vas\/wp-json\/wp\/v2\/comments?post=1246"}],"version-history":[{"count":1,"href":"https:\/\/www.praha14.cz\/ctrnactka-podle-vas\/wp-json\/wp\/v2\/pages\/1246\/revisions"}],"predecessor-version":[{"id":1247,"href":"https:\/\/www.praha14.cz\/ctrnactka-podle-vas\/wp-json\/wp\/v2\/pages\/1246\/revisions\/1247"}],"up":[{"embeddable":true,"href":"https:\/\/www.praha14.cz\/ctrnactka-podle-vas\/wp-json\/wp\/v2\/pages\/1237"}],"wp:attachment":[{"href":"https:\/\/www.praha14.cz\/ctrnactka-podle-vas\/wp-json\/wp\/v2\/media?parent=1246"}],"curies":[{"name":"wp","href":"https:\/\/api.w.org\/{rel}","templated":true}]}}