{"id":1265,"date":"2021-11-29T09:49:33","date_gmt":"2021-11-29T08:49:33","guid":{"rendered":"https:\/\/www.praha14.cz\/ctrnactka-podle-vas\/?page_id=1265"},"modified":"2023-01-19T10:48:06","modified_gmt":"2023-01-19T09:48:06","slug":"vystupy-4","status":"publish","type":"page","link":"https:\/\/www.praha14.cz\/ctrnactka-podle-vas\/centralni-park-cerny-most\/vystupy-4\/","title":{"rendered":"V\u00fdstupy"},"content":{"rendered":"<p><a href=\"https:\/\/www.praha14.cz\/app\/uploads\/sites\/5\/2021\/11\/Bez-nazvu.png\" target=\"_blank\" rel=\"noopener\" data-rel=\"lightbox-image-0\" data-rl_title=\"\" data-rl_caption=\"\"><img loading=\"lazy\" decoding=\"async\" class=\"alignnone wp-image-1275\" title=\"\" src=\"https:\/\/www.praha14.cz\/app\/uploads\/sites\/5\/2021\/11\/Bez-nazvu.png\" alt=\"N\u00e1vrh revitalizace Centr\u00e1ln\u00edho parku\" width=\"500\" height=\"354\" srcset=\"https:\/\/www.praha14.cz\/app\/uploads\/sites\/5\/2021\/11\/Bez-nazvu.png 1179w, https:\/\/www.praha14.cz\/app\/uploads\/sites\/5\/2021\/11\/Bez-nazvu-300x212.png 300w, https:\/\/www.praha14.cz\/app\/uploads\/sites\/5\/2021\/11\/Bez-nazvu-1024x725.png 1024w, https:\/\/www.praha14.cz\/app\/uploads\/sites\/5\/2021\/11\/Bez-nazvu-768x544.png 768w\" sizes=\"(max-width: 500px) 100vw, 500px\" \/><\/a><\/p>\n<p>&nbsp;<\/p>\n<ul>\n<li><a href=\"https:\/\/www.praha14.cz\/app\/uploads\/sites\/5\/2021\/11\/Navrh-3_A_graficka-cast_01_compressed.pdf\" target=\"_blank\" rel=\"noopener\">N\u00e1vrh grafick\u00e1 \u010d\u00e1st 01<\/a><\/li>\n<li><a href=\"https:\/\/www.praha14.cz\/app\/uploads\/sites\/5\/2021\/11\/Navrh-3_A_graficka-cast_02_compressed.pdf\" target=\"_blank\" rel=\"noopener\">N\u00e1vrh grafick\u00e1 \u010d\u00e1st 02<\/a><\/li>\n<li><a href=\"https:\/\/www.praha14.cz\/app\/uploads\/sites\/5\/2021\/11\/Navrh-Centralni-park-Cerny-Most-gogolakgrasse-compressed.pdf\" target=\"_blank\" rel=\"noopener\">N\u00e1vrh Centr\u00e1ln\u00ed park \u010cern\u00fd Most gogol\u00e1k<\/a><\/li>\n<\/ul>\n","protected":false},"excerpt":{"rendered":"<p>&nbsp; N\u00e1vrh grafick\u00e1 \u010d\u00e1st 01 N\u00e1vrh grafick\u00e1 \u010d\u00e1st 02 N\u00e1vrh Centr\u00e1ln\u00ed park \u010cern\u00fd Most gogol\u00e1k<\/p>\n","protected":false},"author":1057,"featured_media":0,"parent":1237,"menu_order":0,"comment_status":"closed","ping_status":"closed","template":"","meta":{"_acf_changed":false,"footnotes":""},"class_list":["post-1265","page","type-page","status-publish","hentry"],"acf":[],"yoast_head":"<!-- This site is optimized with the Yoast SEO plugin v27.2 - https:\/\/yoast.com\/product\/yoast-seo-wordpress\/ -->\n<title>V\u00fdstupy - M\u011b\u0148te s n\u00e1mi Prahu 14<\/title>\n<meta name=\"robots\" content=\"index, follow, max-snippet:-1, max-image-preview:large, max-video-preview:-1\" \/>\n<link rel=\"canonical\" href=\"https:\/\/www.praha14.cz\/ctrnactka-podle-vas\/centralni-park-cerny-most\/vystupy-4\/\" \/>\n<meta property=\"og:locale\" content=\"cs_CZ\" \/>\n<meta property=\"og:type\" content=\"article\" \/>\n<meta property=\"og:title\" content=\"V\u00fdstupy - M\u011b\u0148te s n\u00e1mi Prahu 14\" \/>\n<meta property=\"og:description\" content=\"&nbsp; N\u00e1vrh grafick\u00e1 \u010d\u00e1st 01 N\u00e1vrh grafick\u00e1 \u010d\u00e1st 02 N\u00e1vrh Centr\u00e1ln\u00ed park \u010cern\u00fd Most gogol\u00e1k\" \/>\n<meta property=\"og:url\" content=\"https:\/\/www.praha14.cz\/ctrnactka-podle-vas\/centralni-park-cerny-most\/vystupy-4\/\" \/>\n<meta property=\"og:site_name\" content=\"M\u011b\u0148te s n\u00e1mi Prahu 14\" \/>\n<meta property=\"article:modified_time\" content=\"2023-01-19T09:48:06+00:00\" \/>\n<meta property=\"og:image\" content=\"https:\/\/www.praha14.cz\/app\/uploads\/sites\/5\/2021\/11\/Bez-nazvu.png\" \/>\n<meta name=\"twitter:card\" content=\"summary_large_image\" \/>\n<script type=\"application\/ld+json\" class=\"yoast-schema-graph\">{\"@context\":\"https:\/\/schema.org\",\"@graph\":[{\"@type\":\"WebPage\",\"@id\":\"https:\/\/www.praha14.cz\/ctrnactka-podle-vas\/centralni-park-cerny-most\/vystupy-4\/\",\"url\":\"https:\/\/www.praha14.cz\/ctrnactka-podle-vas\/centralni-park-cerny-most\/vystupy-4\/\",\"name\":\"V\u00fdstupy - M\u011b\u0148te s n\u00e1mi Prahu 14\",\"isPartOf\":{\"@id\":\"https:\/\/www.praha14.cz\/ctrnactka-podle-vas\/#website\"},\"primaryImageOfPage\":{\"@id\":\"https:\/\/www.praha14.cz\/ctrnactka-podle-vas\/centralni-park-cerny-most\/vystupy-4\/#primaryimage\"},\"image\":{\"@id\":\"https:\/\/www.praha14.cz\/ctrnactka-podle-vas\/centralni-park-cerny-most\/vystupy-4\/#primaryimage\"},\"thumbnailUrl\":\"https:\/\/www.praha14.cz\/app\/uploads\/sites\/5\/2021\/11\/Bez-nazvu.png\",\"datePublished\":\"2021-11-29T08:49:33+00:00\",\"dateModified\":\"2023-01-19T09:48:06+00:00\",\"breadcrumb\":{\"@id\":\"https:\/\/www.praha14.cz\/ctrnactka-podle-vas\/centralni-park-cerny-most\/vystupy-4\/#breadcrumb\"},\"inLanguage\":\"cs\",\"potentialAction\":[{\"@type\":\"ReadAction\",\"target\":[\"https:\/\/www.praha14.cz\/ctrnactka-podle-vas\/centralni-park-cerny-most\/vystupy-4\/\"]}]},{\"@type\":\"ImageObject\",\"inLanguage\":\"cs\",\"@id\":\"https:\/\/www.praha14.cz\/ctrnactka-podle-vas\/centralni-park-cerny-most\/vystupy-4\/#primaryimage\",\"url\":\"https:\/\/www.praha14.cz\/app\/uploads\/sites\/5\/2021\/11\/Bez-nazvu.png\",\"contentUrl\":\"https:\/\/www.praha14.cz\/app\/uploads\/sites\/5\/2021\/11\/Bez-nazvu.png\"},{\"@type\":\"BreadcrumbList\",\"@id\":\"https:\/\/www.praha14.cz\/ctrnactka-podle-vas\/centralni-park-cerny-most\/vystupy-4\/#breadcrumb\",\"itemListElement\":[{\"@type\":\"ListItem\",\"position\":1,\"name\":\"M\u011b\u0148te s n\u00e1mi Prahu 14\",\"item\":\"https:\/\/www.praha14.cz\/ctrnactka-podle-vas\/\"},{\"@type\":\"ListItem\",\"position\":2,\"name\":\"Centr\u00e1ln\u00ed park \u010cern\u00fd Most\",\"item\":\"https:\/\/www.praha14.cz\/ctrnactka-podle-vas\/centralni-park-cerny-most\/\"},{\"@type\":\"ListItem\",\"position\":3,\"name\":\"V\u00fdstupy\"}]},{\"@type\":\"WebSite\",\"@id\":\"https:\/\/www.praha14.cz\/ctrnactka-podle-vas\/#website\",\"url\":\"https:\/\/www.praha14.cz\/ctrnactka-podle-vas\/\",\"name\":\"M\u011b\u0148te s n\u00e1mi Prahu 14\",\"description\":\"\u010ctrn\u00e1ctka podle v\u00e1s\",\"potentialAction\":[{\"@type\":\"SearchAction\",\"target\":{\"@type\":\"EntryPoint\",\"urlTemplate\":\"https:\/\/www.praha14.cz\/ctrnactka-podle-vas\/?s={search_term_string}\"},\"query-input\":{\"@type\":\"PropertyValueSpecification\",\"valueRequired\":true,\"valueName\":\"search_term_string\"}}],\"inLanguage\":\"cs\"}]}<\/script>\n<!-- \/ Yoast SEO plugin. -->","yoast_head_json":{"title":"V\u00fdstupy - M\u011b\u0148te s n\u00e1mi Prahu 14","robots":{"index":"index","follow":"follow","max-snippet":"max-snippet:-1","max-image-preview":"max-image-preview:large","max-video-preview":"max-video-preview:-1"},"canonical":"https:\/\/www.praha14.cz\/ctrnactka-podle-vas\/centralni-park-cerny-most\/vystupy-4\/","og_locale":"cs_CZ","og_type":"article","og_title":"V\u00fdstupy - M\u011b\u0148te s n\u00e1mi Prahu 14","og_description":"&nbsp; N\u00e1vrh grafick\u00e1 \u010d\u00e1st 01 N\u00e1vrh grafick\u00e1 \u010d\u00e1st 02 N\u00e1vrh Centr\u00e1ln\u00ed park \u010cern\u00fd Most gogol\u00e1k","og_url":"https:\/\/www.praha14.cz\/ctrnactka-podle-vas\/centralni-park-cerny-most\/vystupy-4\/","og_site_name":"M\u011b\u0148te s n\u00e1mi Prahu 14","article_modified_time":"2023-01-19T09:48:06+00:00","og_image":[{"url":"https:\/\/www.praha14.cz\/app\/uploads\/sites\/5\/2021\/11\/Bez-nazvu.png","type":"","width":"","height":""}],"twitter_card":"summary_large_image","schema":{"@context":"https:\/\/schema.org","@graph":[{"@type":"WebPage","@id":"https:\/\/www.praha14.cz\/ctrnactka-podle-vas\/centralni-park-cerny-most\/vystupy-4\/","url":"https:\/\/www.praha14.cz\/ctrnactka-podle-vas\/centralni-park-cerny-most\/vystupy-4\/","name":"V\u00fdstupy - M\u011b\u0148te s n\u00e1mi Prahu 14","isPartOf":{"@id":"https:\/\/www.praha14.cz\/ctrnactka-podle-vas\/#website"},"primaryImageOfPage":{"@id":"https:\/\/www.praha14.cz\/ctrnactka-podle-vas\/centralni-park-cerny-most\/vystupy-4\/#primaryimage"},"image":{"@id":"https:\/\/www.praha14.cz\/ctrnactka-podle-vas\/centralni-park-cerny-most\/vystupy-4\/#primaryimage"},"thumbnailUrl":"https:\/\/www.praha14.cz\/app\/uploads\/sites\/5\/2021\/11\/Bez-nazvu.png","datePublished":"2021-11-29T08:49:33+00:00","dateModified":"2023-01-19T09:48:06+00:00","breadcrumb":{"@id":"https:\/\/www.praha14.cz\/ctrnactka-podle-vas\/centralni-park-cerny-most\/vystupy-4\/#breadcrumb"},"inLanguage":"cs","potentialAction":[{"@type":"ReadAction","target":["https:\/\/www.praha14.cz\/ctrnactka-podle-vas\/centralni-park-cerny-most\/vystupy-4\/"]}]},{"@type":"ImageObject","inLanguage":"cs","@id":"https:\/\/www.praha14.cz\/ctrnactka-podle-vas\/centralni-park-cerny-most\/vystupy-4\/#primaryimage","url":"https:\/\/www.praha14.cz\/app\/uploads\/sites\/5\/2021\/11\/Bez-nazvu.png","contentUrl":"https:\/\/www.praha14.cz\/app\/uploads\/sites\/5\/2021\/11\/Bez-nazvu.png"},{"@type":"BreadcrumbList","@id":"https:\/\/www.praha14.cz\/ctrnactka-podle-vas\/centralni-park-cerny-most\/vystupy-4\/#breadcrumb","itemListElement":[{"@type":"ListItem","position":1,"name":"M\u011b\u0148te s n\u00e1mi Prahu 14","item":"https:\/\/www.praha14.cz\/ctrnactka-podle-vas\/"},{"@type":"ListItem","position":2,"name":"Centr\u00e1ln\u00ed park \u010cern\u00fd Most","item":"https:\/\/www.praha14.cz\/ctrnactka-podle-vas\/centralni-park-cerny-most\/"},{"@type":"ListItem","position":3,"name":"V\u00fdstupy"}]},{"@type":"WebSite","@id":"https:\/\/www.praha14.cz\/ctrnactka-podle-vas\/#website","url":"https:\/\/www.praha14.cz\/ctrnactka-podle-vas\/","name":"M\u011b\u0148te s n\u00e1mi Prahu 14","description":"\u010ctrn\u00e1ctka podle v\u00e1s","potentialAction":[{"@type":"SearchAction","target":{"@type":"EntryPoint","urlTemplate":"https:\/\/www.praha14.cz\/ctrnactka-podle-vas\/?s={search_term_string}"},"query-input":{"@type":"PropertyValueSpecification","valueRequired":true,"valueName":"search_term_string"}}],"inLanguage":"cs"}]}},"_links":{"self":[{"href":"https:\/\/www.praha14.cz\/ctrnactka-podle-vas\/wp-json\/wp\/v2\/pages\/1265","targetHints":{"allow":["GET"]}}],"collection":[{"href":"https:\/\/www.praha14.cz\/ctrnactka-podle-vas\/wp-json\/wp\/v2\/pages"}],"about":[{"href":"https:\/\/www.praha14.cz\/ctrnactka-podle-vas\/wp-json\/wp\/v2\/types\/page"}],"author":[{"embeddable":true,"href":"https:\/\/www.praha14.cz\/ctrnactka-podle-vas\/wp-json\/wp\/v2\/users\/1057"}],"replies":[{"embeddable":true,"href":"https:\/\/www.praha14.cz\/ctrnactka-podle-vas\/wp-json\/wp\/v2\/comments?post=1265"}],"version-history":[{"count":4,"href":"https:\/\/www.praha14.cz\/ctrnactka-podle-vas\/wp-json\/wp\/v2\/pages\/1265\/revisions"}],"predecessor-version":[{"id":1278,"href":"https:\/\/www.praha14.cz\/ctrnactka-podle-vas\/wp-json\/wp\/v2\/pages\/1265\/revisions\/1278"}],"up":[{"embeddable":true,"href":"https:\/\/www.praha14.cz\/ctrnactka-podle-vas\/wp-json\/wp\/v2\/pages\/1237"}],"wp:attachment":[{"href":"https:\/\/www.praha14.cz\/ctrnactka-podle-vas\/wp-json\/wp\/v2\/media?parent=1265"}],"curies":[{"name":"wp","href":"https:\/\/api.w.org\/{rel}","templated":true}]}}