{"id":1271,"date":"2021-11-29T09:51:23","date_gmt":"2021-11-29T08:51:23","guid":{"rendered":"https:\/\/www.praha14.cz\/ctrnactka-podle-vas\/?page_id=1271"},"modified":"2024-02-20T12:12:28","modified_gmt":"2024-02-20T11:12:28","slug":"kontakt-4","status":"publish","type":"page","link":"https:\/\/www.praha14.cz\/ctrnactka-podle-vas\/centralni-park-cerny-most\/kontakt-4\/","title":{"rendered":"Kontakt"},"content":{"rendered":"<p><strong>Zora Strakov\u00e1 \u2013 <\/strong>vedouc\u00ed odd. strategick\u00e9ho pl\u00e1nov\u00e1n\u00ed Odboru majetku a strategick\u00e9ho pl\u00e1nov\u00e1n\u00ed<\/p>\n<ul>\n<li>e-mail: <a href=\"mailto:zora.strakova@praha14.cz\" target=\"_blank\" rel=\"noopener\">zora.strakova@praha14.cz<\/a><\/li>\n<li>pevn\u00e1 linka: 225 295 344<\/li>\n<\/ul>\n<p><strong>\u00a0<\/strong><\/p>\n","protected":false},"excerpt":{"rendered":"<p>Zora Strakov\u00e1 \u2013 vedouc\u00ed odd. strategick\u00e9ho pl\u00e1nov\u00e1n\u00ed Odboru majetku a strategick\u00e9ho pl\u00e1nov\u00e1n\u00ed e-mail: zora.strakova@praha14.cz pevn\u00e1 linka: 225 295 344 \u00a0<\/p>\n","protected":false},"author":1057,"featured_media":0,"parent":1237,"menu_order":0,"comment_status":"closed","ping_status":"closed","template":"","meta":{"_acf_changed":false,"footnotes":""},"class_list":["post-1271","page","type-page","status-publish","hentry"],"acf":[],"yoast_head":"<!-- This site is optimized with the Yoast SEO plugin v27.2 - https:\/\/yoast.com\/product\/yoast-seo-wordpress\/ -->\n<title>Kontakt - M\u011b\u0148te s n\u00e1mi Prahu 14<\/title>\n<meta name=\"robots\" content=\"index, follow, max-snippet:-1, max-image-preview:large, max-video-preview:-1\" \/>\n<link rel=\"canonical\" href=\"https:\/\/www.praha14.cz\/ctrnactka-podle-vas\/centralni-park-cerny-most\/kontakt-4\/\" \/>\n<meta property=\"og:locale\" content=\"cs_CZ\" \/>\n<meta property=\"og:type\" content=\"article\" \/>\n<meta property=\"og:title\" content=\"Kontakt - M\u011b\u0148te s n\u00e1mi Prahu 14\" \/>\n<meta property=\"og:description\" content=\"Zora Strakov\u00e1 \u2013 vedouc\u00ed odd. strategick\u00e9ho pl\u00e1nov\u00e1n\u00ed Odboru majetku a strategick\u00e9ho pl\u00e1nov\u00e1n\u00ed e-mail: zora.strakova@praha14.cz pevn\u00e1 linka: 225 295 344 \u00a0\" \/>\n<meta property=\"og:url\" content=\"https:\/\/www.praha14.cz\/ctrnactka-podle-vas\/centralni-park-cerny-most\/kontakt-4\/\" \/>\n<meta property=\"og:site_name\" content=\"M\u011b\u0148te s n\u00e1mi Prahu 14\" \/>\n<meta property=\"article:modified_time\" content=\"2024-02-20T11:12:28+00:00\" \/>\n<meta name=\"twitter:card\" content=\"summary_large_image\" \/>\n<meta name=\"twitter:label1\" content=\"Est. reading time\" \/>\n\t<meta name=\"twitter:data1\" content=\"1 minuta\" \/>\n<script type=\"application\/ld+json\" class=\"yoast-schema-graph\">{\"@context\":\"https:\/\/schema.org\",\"@graph\":[{\"@type\":\"WebPage\",\"@id\":\"https:\/\/www.praha14.cz\/ctrnactka-podle-vas\/centralni-park-cerny-most\/kontakt-4\/\",\"url\":\"https:\/\/www.praha14.cz\/ctrnactka-podle-vas\/centralni-park-cerny-most\/kontakt-4\/\",\"name\":\"Kontakt - M\u011b\u0148te s n\u00e1mi Prahu 14\",\"isPartOf\":{\"@id\":\"https:\/\/www.praha14.cz\/ctrnactka-podle-vas\/#website\"},\"datePublished\":\"2021-11-29T08:51:23+00:00\",\"dateModified\":\"2024-02-20T11:12:28+00:00\",\"breadcrumb\":{\"@id\":\"https:\/\/www.praha14.cz\/ctrnactka-podle-vas\/centralni-park-cerny-most\/kontakt-4\/#breadcrumb\"},\"inLanguage\":\"cs\",\"potentialAction\":[{\"@type\":\"ReadAction\",\"target\":[\"https:\/\/www.praha14.cz\/ctrnactka-podle-vas\/centralni-park-cerny-most\/kontakt-4\/\"]}]},{\"@type\":\"BreadcrumbList\",\"@id\":\"https:\/\/www.praha14.cz\/ctrnactka-podle-vas\/centralni-park-cerny-most\/kontakt-4\/#breadcrumb\",\"itemListElement\":[{\"@type\":\"ListItem\",\"position\":1,\"name\":\"M\u011b\u0148te s n\u00e1mi Prahu 14\",\"item\":\"https:\/\/www.praha14.cz\/ctrnactka-podle-vas\/\"},{\"@type\":\"ListItem\",\"position\":2,\"name\":\"Centr\u00e1ln\u00ed park \u010cern\u00fd Most\",\"item\":\"https:\/\/www.praha14.cz\/ctrnactka-podle-vas\/centralni-park-cerny-most\/\"},{\"@type\":\"ListItem\",\"position\":3,\"name\":\"Kontakt\"}]},{\"@type\":\"WebSite\",\"@id\":\"https:\/\/www.praha14.cz\/ctrnactka-podle-vas\/#website\",\"url\":\"https:\/\/www.praha14.cz\/ctrnactka-podle-vas\/\",\"name\":\"M\u011b\u0148te s n\u00e1mi Prahu 14\",\"description\":\"\u010ctrn\u00e1ctka podle v\u00e1s\",\"potentialAction\":[{\"@type\":\"SearchAction\",\"target\":{\"@type\":\"EntryPoint\",\"urlTemplate\":\"https:\/\/www.praha14.cz\/ctrnactka-podle-vas\/?s={search_term_string}\"},\"query-input\":{\"@type\":\"PropertyValueSpecification\",\"valueRequired\":true,\"valueName\":\"search_term_string\"}}],\"inLanguage\":\"cs\"}]}<\/script>\n<!-- \/ Yoast SEO plugin. -->","yoast_head_json":{"title":"Kontakt - M\u011b\u0148te s n\u00e1mi Prahu 14","robots":{"index":"index","follow":"follow","max-snippet":"max-snippet:-1","max-image-preview":"max-image-preview:large","max-video-preview":"max-video-preview:-1"},"canonical":"https:\/\/www.praha14.cz\/ctrnactka-podle-vas\/centralni-park-cerny-most\/kontakt-4\/","og_locale":"cs_CZ","og_type":"article","og_title":"Kontakt - M\u011b\u0148te s n\u00e1mi Prahu 14","og_description":"Zora Strakov\u00e1 \u2013 vedouc\u00ed odd. strategick\u00e9ho pl\u00e1nov\u00e1n\u00ed Odboru majetku a strategick\u00e9ho pl\u00e1nov\u00e1n\u00ed e-mail: zora.strakova@praha14.cz pevn\u00e1 linka: 225 295 344 \u00a0","og_url":"https:\/\/www.praha14.cz\/ctrnactka-podle-vas\/centralni-park-cerny-most\/kontakt-4\/","og_site_name":"M\u011b\u0148te s n\u00e1mi Prahu 14","article_modified_time":"2024-02-20T11:12:28+00:00","twitter_card":"summary_large_image","twitter_misc":{"Est. reading time":"1 minuta"},"schema":{"@context":"https:\/\/schema.org","@graph":[{"@type":"WebPage","@id":"https:\/\/www.praha14.cz\/ctrnactka-podle-vas\/centralni-park-cerny-most\/kontakt-4\/","url":"https:\/\/www.praha14.cz\/ctrnactka-podle-vas\/centralni-park-cerny-most\/kontakt-4\/","name":"Kontakt - M\u011b\u0148te s n\u00e1mi Prahu 14","isPartOf":{"@id":"https:\/\/www.praha14.cz\/ctrnactka-podle-vas\/#website"},"datePublished":"2021-11-29T08:51:23+00:00","dateModified":"2024-02-20T11:12:28+00:00","breadcrumb":{"@id":"https:\/\/www.praha14.cz\/ctrnactka-podle-vas\/centralni-park-cerny-most\/kontakt-4\/#breadcrumb"},"inLanguage":"cs","potentialAction":[{"@type":"ReadAction","target":["https:\/\/www.praha14.cz\/ctrnactka-podle-vas\/centralni-park-cerny-most\/kontakt-4\/"]}]},{"@type":"BreadcrumbList","@id":"https:\/\/www.praha14.cz\/ctrnactka-podle-vas\/centralni-park-cerny-most\/kontakt-4\/#breadcrumb","itemListElement":[{"@type":"ListItem","position":1,"name":"M\u011b\u0148te s n\u00e1mi Prahu 14","item":"https:\/\/www.praha14.cz\/ctrnactka-podle-vas\/"},{"@type":"ListItem","position":2,"name":"Centr\u00e1ln\u00ed park \u010cern\u00fd Most","item":"https:\/\/www.praha14.cz\/ctrnactka-podle-vas\/centralni-park-cerny-most\/"},{"@type":"ListItem","position":3,"name":"Kontakt"}]},{"@type":"WebSite","@id":"https:\/\/www.praha14.cz\/ctrnactka-podle-vas\/#website","url":"https:\/\/www.praha14.cz\/ctrnactka-podle-vas\/","name":"M\u011b\u0148te s n\u00e1mi Prahu 14","description":"\u010ctrn\u00e1ctka podle v\u00e1s","potentialAction":[{"@type":"SearchAction","target":{"@type":"EntryPoint","urlTemplate":"https:\/\/www.praha14.cz\/ctrnactka-podle-vas\/?s={search_term_string}"},"query-input":{"@type":"PropertyValueSpecification","valueRequired":true,"valueName":"search_term_string"}}],"inLanguage":"cs"}]}},"_links":{"self":[{"href":"https:\/\/www.praha14.cz\/ctrnactka-podle-vas\/wp-json\/wp\/v2\/pages\/1271","targetHints":{"allow":["GET"]}}],"collection":[{"href":"https:\/\/www.praha14.cz\/ctrnactka-podle-vas\/wp-json\/wp\/v2\/pages"}],"about":[{"href":"https:\/\/www.praha14.cz\/ctrnactka-podle-vas\/wp-json\/wp\/v2\/types\/page"}],"author":[{"embeddable":true,"href":"https:\/\/www.praha14.cz\/ctrnactka-podle-vas\/wp-json\/wp\/v2\/users\/1057"}],"replies":[{"embeddable":true,"href":"https:\/\/www.praha14.cz\/ctrnactka-podle-vas\/wp-json\/wp\/v2\/comments?post=1271"}],"version-history":[{"count":5,"href":"https:\/\/www.praha14.cz\/ctrnactka-podle-vas\/wp-json\/wp\/v2\/pages\/1271\/revisions"}],"predecessor-version":[{"id":1640,"href":"https:\/\/www.praha14.cz\/ctrnactka-podle-vas\/wp-json\/wp\/v2\/pages\/1271\/revisions\/1640"}],"up":[{"embeddable":true,"href":"https:\/\/www.praha14.cz\/ctrnactka-podle-vas\/wp-json\/wp\/v2\/pages\/1237"}],"wp:attachment":[{"href":"https:\/\/www.praha14.cz\/ctrnactka-podle-vas\/wp-json\/wp\/v2\/media?parent=1271"}],"curies":[{"name":"wp","href":"https:\/\/api.w.org\/{rel}","templated":true}]}}