{"id":1439,"date":"2023-02-01T14:06:27","date_gmt":"2023-02-01T13:06:27","guid":{"rendered":"https:\/\/www.praha14.cz\/ctrnactka-podle-vas\/?page_id=1439"},"modified":"2023-02-01T14:09:06","modified_gmt":"2023-02-01T13:09:06","slug":"o-projektu","status":"publish","type":"page","link":"https:\/\/www.praha14.cz\/ctrnactka-podle-vas\/vybiralka-25\/o-projektu\/","title":{"rendered":"O projektu"},"content":{"rendered":"<p><img loading=\"lazy\" decoding=\"async\" class=\"alignnone\" title=\"Vyb\u00edralka 25\" src=\"https:\/\/www.praha14.cz\/ctrnactka-podle-vas\/wp-content\/uploads\/sites\/5\/2021\/03\/V25.jpg\" alt=\"Vyb\u00edralka 25\" width=\"415\" height=\"259\" \/><a href=\"https:\/\/www.praha14.cz\/ctrnactka-podle-vas\/wp-content\/uploads\/sites\/5\/2021\/03\/V25b.jpg\" target=\"_blank\" rel=\"noopener noreferrer\" data-rel=\"lightbox-image-0\" data-rl_title=\"\" data-rl_caption=\"\"><img loading=\"lazy\" decoding=\"async\" class=\"alignnone wp-image-755\" title=\"\" src=\"https:\/\/www.praha14.cz\/ctrnactka-podle-vas\/wp-content\/uploads\/sites\/5\/2021\/03\/V25b.jpg\" alt=\"Vyb\u00edralka 25\" width=\"415\" height=\"259\" srcset=\"https:\/\/www.praha14.cz\/app\/uploads\/sites\/5\/2021\/03\/V25b.jpg 1800w, https:\/\/www.praha14.cz\/app\/uploads\/sites\/5\/2021\/03\/V25b-300x188.jpg 300w, https:\/\/www.praha14.cz\/app\/uploads\/sites\/5\/2021\/03\/V25b-1024x640.jpg 1024w, https:\/\/www.praha14.cz\/app\/uploads\/sites\/5\/2021\/03\/V25b-768x480.jpg 768w, https:\/\/www.praha14.cz\/app\/uploads\/sites\/5\/2021\/03\/V25b-1536x960.jpg 1536w\" sizes=\"(max-width: 415px) 100vw, 415px\" \/><\/a><\/p>\n<p>Projekt <strong>Vyb\u00edralka 25<\/strong> je sou\u010d\u00e1st\u00ed pilotn\u00edho projektu magistr\u00e1tu, kter\u00fd m\u00e1 napravit typick\u00e9 neduhy\u00a0 pra\u017esk\u00fdch s\u00eddli\u0161\u0165 \u2013 zanedbanou zele\u0148, nedostatek parkovac\u00edch m\u00edst, anonymitu \u010di nedostatek p\u0159\u00edle\u017eitost\u00ed pro aktivn\u00ed tr\u00e1ven\u00ed voln\u00e9ho \u010dasu nejen t\u011bch t\u0159i a p\u016fl tis\u00edce lid\u00ed, kte\u0159\u00ed \u017eij\u00ed v\u00a0dan\u00e9 oblasti, ale i ostatn\u00edch s\u00a0vazbou na lokalitu a m\u00edstn\u00ed komunity.<\/p>\n<p>Do p\u0159\u00edpravy a vlastn\u00ed realizace byli \u010di jsou mimo na\u0161\u00ed m\u011bstsk\u00e9 \u010d\u00e1sti zapojeny i dal\u0161\u00ed subjekty. Zejm\u00e9na se jedn\u00e1 o Institut pl\u00e1nov\u00e1n\u00ed a rozvoje hl. m. Praha, Hlavn\u00ed m\u011bsto Praha a Technickou spr\u00e1vu komunikac\u00ed. Samoz\u0159ejmost\u00ed pak je aktivn\u00ed \u00fa\u010dast stovek m\u00edstn\u00edch obyvatel , kte\u0159\u00ed se zapojili zejm\u00e9na do inicia\u010dn\u00ed a pl\u00e1novac\u00ed f\u00e1ze projektu.<\/p>\n<p>Revitalizace je rozd\u011blena do dvou projekt\u016f, p\u0159i\u010dem\u017e jeden z\u00a0nich zpracov\u00e1v\u00e1 magistr\u00e1t a druh\u00fd Praha 14.\u00a0Magistr\u00e1tn\u00ed projekt vedle \u00fapravy zelen\u011b \u0159e\u0161\u00ed p\u0159edev\u0161\u00edm rekonstrukce komunikac\u00ed v\u010detn\u011b chodn\u00edk\u016f.<\/p>\n<p>Projekt M\u010c Prahy 14, kter\u00fd je realizaci bl\u00ed\u017ee, zahrnuje obnovu are\u00e1lu Z\u0160 Vyb\u00edralova a roz\u0161\u00ed\u0159en\u00ed are\u00e1lu M\u0160 Jahoda. D\u00e1le se projekt zam\u011b\u0159uje na novou s\u00ed\u0165 cest, v\u00fdsadbu nov\u00fdch strom\u016f a tak\u00e9 na hospod\u00e1rn\u00e9 nakl\u00e1d\u00e1n\u00ed s\u00a0de\u0161\u0165ovou vodou. Realizace zm\u00edn\u011bn\u00fdch aktivit je financov\u00e1na zejm\u00e9na z\u00a0prost\u0159edk\u016f EU, n\u00e1rodn\u00edch zdroj\u016f, \u00a0HMP a z\u00a0rozpo\u010dtu m\u011bstsk\u00e9 \u010d\u00e1sti Praha 14.<\/p>\n","protected":false},"excerpt":{"rendered":"<p>Projekt Vyb\u00edralka 25 je sou\u010d\u00e1st\u00ed pilotn\u00edho projektu magistr\u00e1tu, kter\u00fd m\u00e1 napravit typick\u00e9 neduhy\u00a0 pra\u017esk\u00fdch s\u00eddli\u0161\u0165 \u2013 zanedbanou zele\u0148, nedostatek parkovac\u00edch m\u00edst, anonymitu \u010di nedostatek p\u0159\u00edle\u017eitost\u00ed pro aktivn\u00ed tr\u00e1ven\u00ed voln\u00e9ho \u010dasu nejen t\u011bch t\u0159i a p\u016fl tis\u00edce lid\u00ed, kte\u0159\u00ed \u017eij\u00ed v\u00a0dan\u00e9 oblasti, ale i ostatn\u00edch s\u00a0vazbou na lokalitu a m\u00edstn\u00ed komunity. Do p\u0159\u00edpravy a vlastn\u00ed realizace&#8230;<\/p>\n","protected":false},"author":1057,"featured_media":0,"parent":650,"menu_order":0,"comment_status":"closed","ping_status":"closed","template":"","meta":{"_acf_changed":false,"footnotes":""},"class_list":["post-1439","page","type-page","status-publish","hentry"],"acf":[],"yoast_head":"<!-- This site is optimized with the Yoast SEO plugin v27.2 - https:\/\/yoast.com\/product\/yoast-seo-wordpress\/ -->\n<title>O projektu - M\u011b\u0148te s n\u00e1mi Prahu 14<\/title>\n<meta name=\"robots\" content=\"index, follow, max-snippet:-1, max-image-preview:large, max-video-preview:-1\" \/>\n<link rel=\"canonical\" href=\"https:\/\/www.praha14.cz\/ctrnactka-podle-vas\/vybiralka-25\/o-projektu\/\" \/>\n<meta property=\"og:locale\" content=\"cs_CZ\" \/>\n<meta property=\"og:type\" content=\"article\" \/>\n<meta property=\"og:title\" content=\"O projektu - M\u011b\u0148te s n\u00e1mi Prahu 14\" \/>\n<meta property=\"og:description\" content=\"Projekt Vyb\u00edralka 25 je sou\u010d\u00e1st\u00ed pilotn\u00edho projektu magistr\u00e1tu, kter\u00fd m\u00e1 napravit typick\u00e9 neduhy\u00a0 pra\u017esk\u00fdch s\u00eddli\u0161\u0165 \u2013 zanedbanou zele\u0148, nedostatek parkovac\u00edch m\u00edst, anonymitu \u010di nedostatek p\u0159\u00edle\u017eitost\u00ed pro aktivn\u00ed tr\u00e1ven\u00ed voln\u00e9ho \u010dasu nejen t\u011bch t\u0159i a p\u016fl tis\u00edce lid\u00ed, kte\u0159\u00ed \u017eij\u00ed v\u00a0dan\u00e9 oblasti, ale i ostatn\u00edch s\u00a0vazbou na lokalitu a m\u00edstn\u00ed komunity. Do p\u0159\u00edpravy a vlastn\u00ed realizace...\" \/>\n<meta property=\"og:url\" content=\"https:\/\/www.praha14.cz\/ctrnactka-podle-vas\/vybiralka-25\/o-projektu\/\" \/>\n<meta property=\"og:site_name\" content=\"M\u011b\u0148te s n\u00e1mi Prahu 14\" \/>\n<meta property=\"article:modified_time\" content=\"2023-02-01T13:09:06+00:00\" \/>\n<meta property=\"og:image\" content=\"https:\/\/www.praha14.cz\/ctrnactka-podle-vas\/wp-content\/uploads\/sites\/5\/2021\/03\/V25.jpg\" \/>\n<meta name=\"twitter:card\" content=\"summary_large_image\" \/>\n<meta name=\"twitter:label1\" content=\"Est. reading time\" \/>\n\t<meta name=\"twitter:data1\" content=\"2 minuty\" \/>\n<script type=\"application\/ld+json\" class=\"yoast-schema-graph\">{\"@context\":\"https:\/\/schema.org\",\"@graph\":[{\"@type\":\"WebPage\",\"@id\":\"https:\/\/www.praha14.cz\/ctrnactka-podle-vas\/vybiralka-25\/o-projektu\/\",\"url\":\"https:\/\/www.praha14.cz\/ctrnactka-podle-vas\/vybiralka-25\/o-projektu\/\",\"name\":\"O projektu - M\u011b\u0148te s n\u00e1mi Prahu 14\",\"isPartOf\":{\"@id\":\"https:\/\/www.praha14.cz\/ctrnactka-podle-vas\/#website\"},\"primaryImageOfPage\":{\"@id\":\"https:\/\/www.praha14.cz\/ctrnactka-podle-vas\/vybiralka-25\/o-projektu\/#primaryimage\"},\"image\":{\"@id\":\"https:\/\/www.praha14.cz\/ctrnactka-podle-vas\/vybiralka-25\/o-projektu\/#primaryimage\"},\"thumbnailUrl\":\"https:\/\/www.praha14.cz\/ctrnactka-podle-vas\/wp-content\/uploads\/sites\/5\/2021\/03\/V25.jpg\",\"datePublished\":\"2023-02-01T13:06:27+00:00\",\"dateModified\":\"2023-02-01T13:09:06+00:00\",\"breadcrumb\":{\"@id\":\"https:\/\/www.praha14.cz\/ctrnactka-podle-vas\/vybiralka-25\/o-projektu\/#breadcrumb\"},\"inLanguage\":\"cs\",\"potentialAction\":[{\"@type\":\"ReadAction\",\"target\":[\"https:\/\/www.praha14.cz\/ctrnactka-podle-vas\/vybiralka-25\/o-projektu\/\"]}]},{\"@type\":\"ImageObject\",\"inLanguage\":\"cs\",\"@id\":\"https:\/\/www.praha14.cz\/ctrnactka-podle-vas\/vybiralka-25\/o-projektu\/#primaryimage\",\"url\":\"https:\/\/www.praha14.cz\/ctrnactka-podle-vas\/wp-content\/uploads\/sites\/5\/2021\/03\/V25.jpg\",\"contentUrl\":\"https:\/\/www.praha14.cz\/ctrnactka-podle-vas\/wp-content\/uploads\/sites\/5\/2021\/03\/V25.jpg\"},{\"@type\":\"BreadcrumbList\",\"@id\":\"https:\/\/www.praha14.cz\/ctrnactka-podle-vas\/vybiralka-25\/o-projektu\/#breadcrumb\",\"itemListElement\":[{\"@type\":\"ListItem\",\"position\":1,\"name\":\"M\u011b\u0148te s n\u00e1mi Prahu 14\",\"item\":\"https:\/\/www.praha14.cz\/ctrnactka-podle-vas\/\"},{\"@type\":\"ListItem\",\"position\":2,\"name\":\"Vyb\u00edralka 25\",\"item\":\"https:\/\/www.praha14.cz\/ctrnactka-podle-vas\/vybiralka-25\/\"},{\"@type\":\"ListItem\",\"position\":3,\"name\":\"O projektu\"}]},{\"@type\":\"WebSite\",\"@id\":\"https:\/\/www.praha14.cz\/ctrnactka-podle-vas\/#website\",\"url\":\"https:\/\/www.praha14.cz\/ctrnactka-podle-vas\/\",\"name\":\"M\u011b\u0148te s n\u00e1mi Prahu 14\",\"description\":\"\u010ctrn\u00e1ctka podle v\u00e1s\",\"potentialAction\":[{\"@type\":\"SearchAction\",\"target\":{\"@type\":\"EntryPoint\",\"urlTemplate\":\"https:\/\/www.praha14.cz\/ctrnactka-podle-vas\/?s={search_term_string}\"},\"query-input\":{\"@type\":\"PropertyValueSpecification\",\"valueRequired\":true,\"valueName\":\"search_term_string\"}}],\"inLanguage\":\"cs\"}]}<\/script>\n<!-- \/ Yoast SEO plugin. -->","yoast_head_json":{"title":"O projektu - M\u011b\u0148te s n\u00e1mi Prahu 14","robots":{"index":"index","follow":"follow","max-snippet":"max-snippet:-1","max-image-preview":"max-image-preview:large","max-video-preview":"max-video-preview:-1"},"canonical":"https:\/\/www.praha14.cz\/ctrnactka-podle-vas\/vybiralka-25\/o-projektu\/","og_locale":"cs_CZ","og_type":"article","og_title":"O projektu - M\u011b\u0148te s n\u00e1mi Prahu 14","og_description":"Projekt Vyb\u00edralka 25 je sou\u010d\u00e1st\u00ed pilotn\u00edho projektu magistr\u00e1tu, kter\u00fd m\u00e1 napravit typick\u00e9 neduhy\u00a0 pra\u017esk\u00fdch s\u00eddli\u0161\u0165 \u2013 zanedbanou zele\u0148, nedostatek parkovac\u00edch m\u00edst, anonymitu \u010di nedostatek p\u0159\u00edle\u017eitost\u00ed pro aktivn\u00ed tr\u00e1ven\u00ed voln\u00e9ho \u010dasu nejen t\u011bch t\u0159i a p\u016fl tis\u00edce lid\u00ed, kte\u0159\u00ed \u017eij\u00ed v\u00a0dan\u00e9 oblasti, ale i ostatn\u00edch s\u00a0vazbou na lokalitu a m\u00edstn\u00ed komunity. Do p\u0159\u00edpravy a vlastn\u00ed realizace...","og_url":"https:\/\/www.praha14.cz\/ctrnactka-podle-vas\/vybiralka-25\/o-projektu\/","og_site_name":"M\u011b\u0148te s n\u00e1mi Prahu 14","article_modified_time":"2023-02-01T13:09:06+00:00","og_image":[{"url":"https:\/\/www.praha14.cz\/ctrnactka-podle-vas\/wp-content\/uploads\/sites\/5\/2021\/03\/V25.jpg","type":"","width":"","height":""}],"twitter_card":"summary_large_image","twitter_misc":{"Est. reading time":"2 minuty"},"schema":{"@context":"https:\/\/schema.org","@graph":[{"@type":"WebPage","@id":"https:\/\/www.praha14.cz\/ctrnactka-podle-vas\/vybiralka-25\/o-projektu\/","url":"https:\/\/www.praha14.cz\/ctrnactka-podle-vas\/vybiralka-25\/o-projektu\/","name":"O projektu - M\u011b\u0148te s n\u00e1mi Prahu 14","isPartOf":{"@id":"https:\/\/www.praha14.cz\/ctrnactka-podle-vas\/#website"},"primaryImageOfPage":{"@id":"https:\/\/www.praha14.cz\/ctrnactka-podle-vas\/vybiralka-25\/o-projektu\/#primaryimage"},"image":{"@id":"https:\/\/www.praha14.cz\/ctrnactka-podle-vas\/vybiralka-25\/o-projektu\/#primaryimage"},"thumbnailUrl":"https:\/\/www.praha14.cz\/ctrnactka-podle-vas\/wp-content\/uploads\/sites\/5\/2021\/03\/V25.jpg","datePublished":"2023-02-01T13:06:27+00:00","dateModified":"2023-02-01T13:09:06+00:00","breadcrumb":{"@id":"https:\/\/www.praha14.cz\/ctrnactka-podle-vas\/vybiralka-25\/o-projektu\/#breadcrumb"},"inLanguage":"cs","potentialAction":[{"@type":"ReadAction","target":["https:\/\/www.praha14.cz\/ctrnactka-podle-vas\/vybiralka-25\/o-projektu\/"]}]},{"@type":"ImageObject","inLanguage":"cs","@id":"https:\/\/www.praha14.cz\/ctrnactka-podle-vas\/vybiralka-25\/o-projektu\/#primaryimage","url":"https:\/\/www.praha14.cz\/ctrnactka-podle-vas\/wp-content\/uploads\/sites\/5\/2021\/03\/V25.jpg","contentUrl":"https:\/\/www.praha14.cz\/ctrnactka-podle-vas\/wp-content\/uploads\/sites\/5\/2021\/03\/V25.jpg"},{"@type":"BreadcrumbList","@id":"https:\/\/www.praha14.cz\/ctrnactka-podle-vas\/vybiralka-25\/o-projektu\/#breadcrumb","itemListElement":[{"@type":"ListItem","position":1,"name":"M\u011b\u0148te s n\u00e1mi Prahu 14","item":"https:\/\/www.praha14.cz\/ctrnactka-podle-vas\/"},{"@type":"ListItem","position":2,"name":"Vyb\u00edralka 25","item":"https:\/\/www.praha14.cz\/ctrnactka-podle-vas\/vybiralka-25\/"},{"@type":"ListItem","position":3,"name":"O projektu"}]},{"@type":"WebSite","@id":"https:\/\/www.praha14.cz\/ctrnactka-podle-vas\/#website","url":"https:\/\/www.praha14.cz\/ctrnactka-podle-vas\/","name":"M\u011b\u0148te s n\u00e1mi Prahu 14","description":"\u010ctrn\u00e1ctka podle v\u00e1s","potentialAction":[{"@type":"SearchAction","target":{"@type":"EntryPoint","urlTemplate":"https:\/\/www.praha14.cz\/ctrnactka-podle-vas\/?s={search_term_string}"},"query-input":{"@type":"PropertyValueSpecification","valueRequired":true,"valueName":"search_term_string"}}],"inLanguage":"cs"}]}},"_links":{"self":[{"href":"https:\/\/www.praha14.cz\/ctrnactka-podle-vas\/wp-json\/wp\/v2\/pages\/1439","targetHints":{"allow":["GET"]}}],"collection":[{"href":"https:\/\/www.praha14.cz\/ctrnactka-podle-vas\/wp-json\/wp\/v2\/pages"}],"about":[{"href":"https:\/\/www.praha14.cz\/ctrnactka-podle-vas\/wp-json\/wp\/v2\/types\/page"}],"author":[{"embeddable":true,"href":"https:\/\/www.praha14.cz\/ctrnactka-podle-vas\/wp-json\/wp\/v2\/users\/1057"}],"replies":[{"embeddable":true,"href":"https:\/\/www.praha14.cz\/ctrnactka-podle-vas\/wp-json\/wp\/v2\/comments?post=1439"}],"version-history":[{"count":1,"href":"https:\/\/www.praha14.cz\/ctrnactka-podle-vas\/wp-json\/wp\/v2\/pages\/1439\/revisions"}],"predecessor-version":[{"id":1440,"href":"https:\/\/www.praha14.cz\/ctrnactka-podle-vas\/wp-json\/wp\/v2\/pages\/1439\/revisions\/1440"}],"up":[{"embeddable":true,"href":"https:\/\/www.praha14.cz\/ctrnactka-podle-vas\/wp-json\/wp\/v2\/pages\/650"}],"wp:attachment":[{"href":"https:\/\/www.praha14.cz\/ctrnactka-podle-vas\/wp-json\/wp\/v2\/media?parent=1439"}],"curies":[{"name":"wp","href":"https:\/\/api.w.org\/{rel}","templated":true}]}}