{"id":1444,"date":"2023-02-01T14:11:30","date_gmt":"2023-02-01T13:11:30","guid":{"rendered":"https:\/\/www.praha14.cz\/ctrnactka-podle-vas\/?page_id=1444"},"modified":"2023-02-01T14:11:30","modified_gmt":"2023-02-01T13:11:30","slug":"o-projektu","status":"publish","type":"page","link":"https:\/\/www.praha14.cz\/ctrnactka-podle-vas\/terminal-cerny-most\/o-projektu\/","title":{"rendered":"O projektu"},"content":{"rendered":"<p><a href=\"https:\/\/www.praha14.cz\/ctrnactka-podle-vas\/wp-content\/uploads\/sites\/5\/2021\/11\/Terminal-CM.png\" data-rel=\"lightbox-image-0\" data-rl_title=\"\" data-rl_caption=\"\" title=\"\"><img loading=\"lazy\" decoding=\"async\" class=\"size-full wp-image-1171 alignnone\" src=\"https:\/\/www.praha14.cz\/ctrnactka-podle-vas\/wp-content\/uploads\/sites\/5\/2021\/11\/Terminal-CM.png\" alt=\"\" width=\"605\" height=\"401\" srcset=\"https:\/\/www.praha14.cz\/app\/uploads\/sites\/5\/2021\/11\/Terminal-CM.png 605w, https:\/\/www.praha14.cz\/app\/uploads\/sites\/5\/2021\/11\/Terminal-CM-300x199.png 300w\" sizes=\"(max-width: 605px) 100vw, 605px\" \/><\/a><\/p>\n<p><strong>Termin\u00e1l \u010cern\u00fd Most<\/strong><\/p>\n<p>Termin\u00e1l na \u010cern\u00e9m Most\u011b denn\u011b\u00a0vyu\u017eije okolo 50 000 cestuj\u00edc\u00edch.\u00a0Jedn\u00e1 se o\u00a0d\u016fle\u017eit\u00fd p\u0159estupn\u00ed bod mezi metrem B, autobusov\u00fdmi linkami m\u011bstsk\u00e9, p\u0159\u00edm\u011bstsk\u00e9 i\u00a0d\u00e1lkov\u00e9 dopravy a\u00a0v\u00a0sou\u010dasnosti dokon\u010dovan\u00fdm parkovac\u00edm domem P+R pro 880 vozidel.\u00a0Architektonick\u00e9 \u0159e\u0161en\u00ed termin\u00e1lu je v\u0161ak dnes ji\u017e mor\u00e1ln\u011b zastaral\u00e9 \u2013 p\u0159\u00edstup k\u00a0n\u00e1stupi\u0161ti metra sm\u011brem do centra je komplikovan\u00fd a\u00a0\u010dasto v\u00edcen\u00e1sobn\u00e9 obj\u00ed\u017ed\u011bn\u00ed termin\u00e1lu autobusov\u00fdmi linkami je neefektivn\u00ed.\u00a0Nav\u00edc na z\u00e1klad\u011b technick\u00fdch pr\u016fzkum\u016f bylo zji\u0161t\u011bno, \u017ee l\u00e1vka nad n\u00e1stupi\u0161ti autobus\u016f je ve \u0161patn\u00e9m stavu a\u00a0zhruba do deseti let\u00a0bude vy\u017eadovat celkovou rekonstrukci. Rada hl. m. Prahy proto pov\u011b\u0159ila Institut pl\u00e1nov\u00e1n\u00ed a\u00a0rozvoje hl. m. Prahy (IPR), aby\u00a0zpracoval koncep\u010dn\u00ed studii jeho celkov\u00e9 revitalizace. Na z\u00e1klad\u011b v\u00fdb\u011brov\u00e9ho \u0159\u00edzen\u00ed vybral multioborov\u00fd t\u00fdm, kter\u00fd vede kancel\u00e1\u0159 re:architekti. Studii mus\u00ed n\u00e1sledn\u011b schv\u00e1lit Rada hl. m. Prahy a\u00a0Rada M\u010c Praha 14. Celkov\u00e1 rekonstrukce se vzhledem k\u00a0investi\u010dn\u00edm n\u00e1klad\u016fm a\u00a0n\u00e1ro\u010dnosti procesu p\u0159\u00edpravy nep\u0159edpokl\u00e1d\u00e1 d\u0159\u00edve ne\u017e v\u00a0roce 2030.<\/p>\n","protected":false},"excerpt":{"rendered":"<p>Termin\u00e1l \u010cern\u00fd Most Termin\u00e1l na \u010cern\u00e9m Most\u011b denn\u011b\u00a0vyu\u017eije okolo 50 000 cestuj\u00edc\u00edch.\u00a0Jedn\u00e1 se o\u00a0d\u016fle\u017eit\u00fd p\u0159estupn\u00ed bod mezi metrem B, autobusov\u00fdmi linkami m\u011bstsk\u00e9, p\u0159\u00edm\u011bstsk\u00e9 i\u00a0d\u00e1lkov\u00e9 dopravy a\u00a0v\u00a0sou\u010dasnosti dokon\u010dovan\u00fdm parkovac\u00edm domem P+R pro 880 vozidel.\u00a0Architektonick\u00e9 \u0159e\u0161en\u00ed termin\u00e1lu je v\u0161ak dnes ji\u017e mor\u00e1ln\u011b zastaral\u00e9 \u2013 p\u0159\u00edstup k\u00a0n\u00e1stupi\u0161ti metra sm\u011brem do centra je komplikovan\u00fd a\u00a0\u010dasto v\u00edcen\u00e1sobn\u00e9 obj\u00ed\u017ed\u011bn\u00ed termin\u00e1lu autobusov\u00fdmi&#8230;<\/p>\n","protected":false},"author":1057,"featured_media":0,"parent":1170,"menu_order":0,"comment_status":"closed","ping_status":"closed","template":"","meta":{"_acf_changed":false,"footnotes":""},"class_list":["post-1444","page","type-page","status-publish","hentry"],"acf":[],"yoast_head":"<!-- This site is optimized with the Yoast SEO plugin v27.2 - https:\/\/yoast.com\/product\/yoast-seo-wordpress\/ -->\n<title>O projektu - M\u011b\u0148te s n\u00e1mi Prahu 14<\/title>\n<meta name=\"robots\" content=\"index, follow, max-snippet:-1, max-image-preview:large, max-video-preview:-1\" \/>\n<link rel=\"canonical\" href=\"https:\/\/www.praha14.cz\/ctrnactka-podle-vas\/terminal-cerny-most\/o-projektu\/\" \/>\n<meta property=\"og:locale\" content=\"cs_CZ\" \/>\n<meta property=\"og:type\" content=\"article\" \/>\n<meta property=\"og:title\" content=\"O projektu - M\u011b\u0148te s n\u00e1mi Prahu 14\" \/>\n<meta property=\"og:description\" content=\"Termin\u00e1l \u010cern\u00fd Most Termin\u00e1l na \u010cern\u00e9m Most\u011b denn\u011b\u00a0vyu\u017eije okolo 50 000 cestuj\u00edc\u00edch.\u00a0Jedn\u00e1 se o\u00a0d\u016fle\u017eit\u00fd p\u0159estupn\u00ed bod mezi metrem B, autobusov\u00fdmi linkami m\u011bstsk\u00e9, p\u0159\u00edm\u011bstsk\u00e9 i\u00a0d\u00e1lkov\u00e9 dopravy a\u00a0v\u00a0sou\u010dasnosti dokon\u010dovan\u00fdm parkovac\u00edm domem P+R pro 880 vozidel.\u00a0Architektonick\u00e9 \u0159e\u0161en\u00ed termin\u00e1lu je v\u0161ak dnes ji\u017e mor\u00e1ln\u011b zastaral\u00e9 \u2013 p\u0159\u00edstup k\u00a0n\u00e1stupi\u0161ti metra sm\u011brem do centra je komplikovan\u00fd a\u00a0\u010dasto v\u00edcen\u00e1sobn\u00e9 obj\u00ed\u017ed\u011bn\u00ed termin\u00e1lu autobusov\u00fdmi...\" \/>\n<meta property=\"og:url\" content=\"https:\/\/www.praha14.cz\/ctrnactka-podle-vas\/terminal-cerny-most\/o-projektu\/\" \/>\n<meta property=\"og:site_name\" content=\"M\u011b\u0148te s n\u00e1mi Prahu 14\" \/>\n<meta property=\"og:image\" content=\"https:\/\/www.praha14.cz\/ctrnactka-podle-vas\/wp-content\/uploads\/sites\/5\/2021\/11\/Terminal-CM.png\" \/>\n<meta name=\"twitter:card\" content=\"summary_large_image\" \/>\n<meta name=\"twitter:label1\" content=\"Est. reading time\" \/>\n\t<meta name=\"twitter:data1\" content=\"1 minuta\" \/>\n<script type=\"application\/ld+json\" class=\"yoast-schema-graph\">{\"@context\":\"https:\/\/schema.org\",\"@graph\":[{\"@type\":\"WebPage\",\"@id\":\"https:\/\/www.praha14.cz\/ctrnactka-podle-vas\/terminal-cerny-most\/o-projektu\/\",\"url\":\"https:\/\/www.praha14.cz\/ctrnactka-podle-vas\/terminal-cerny-most\/o-projektu\/\",\"name\":\"O projektu - M\u011b\u0148te s n\u00e1mi Prahu 14\",\"isPartOf\":{\"@id\":\"https:\/\/www.praha14.cz\/ctrnactka-podle-vas\/#website\"},\"primaryImageOfPage\":{\"@id\":\"https:\/\/www.praha14.cz\/ctrnactka-podle-vas\/terminal-cerny-most\/o-projektu\/#primaryimage\"},\"image\":{\"@id\":\"https:\/\/www.praha14.cz\/ctrnactka-podle-vas\/terminal-cerny-most\/o-projektu\/#primaryimage\"},\"thumbnailUrl\":\"https:\/\/www.praha14.cz\/ctrnactka-podle-vas\/wp-content\/uploads\/sites\/5\/2021\/11\/Terminal-CM.png\",\"datePublished\":\"2023-02-01T13:11:30+00:00\",\"breadcrumb\":{\"@id\":\"https:\/\/www.praha14.cz\/ctrnactka-podle-vas\/terminal-cerny-most\/o-projektu\/#breadcrumb\"},\"inLanguage\":\"cs\",\"potentialAction\":[{\"@type\":\"ReadAction\",\"target\":[\"https:\/\/www.praha14.cz\/ctrnactka-podle-vas\/terminal-cerny-most\/o-projektu\/\"]}]},{\"@type\":\"ImageObject\",\"inLanguage\":\"cs\",\"@id\":\"https:\/\/www.praha14.cz\/ctrnactka-podle-vas\/terminal-cerny-most\/o-projektu\/#primaryimage\",\"url\":\"https:\/\/www.praha14.cz\/ctrnactka-podle-vas\/wp-content\/uploads\/sites\/5\/2021\/11\/Terminal-CM.png\",\"contentUrl\":\"https:\/\/www.praha14.cz\/ctrnactka-podle-vas\/wp-content\/uploads\/sites\/5\/2021\/11\/Terminal-CM.png\"},{\"@type\":\"BreadcrumbList\",\"@id\":\"https:\/\/www.praha14.cz\/ctrnactka-podle-vas\/terminal-cerny-most\/o-projektu\/#breadcrumb\",\"itemListElement\":[{\"@type\":\"ListItem\",\"position\":1,\"name\":\"M\u011b\u0148te s n\u00e1mi Prahu 14\",\"item\":\"https:\/\/www.praha14.cz\/ctrnactka-podle-vas\/\"},{\"@type\":\"ListItem\",\"position\":2,\"name\":\"Termin\u00e1l \u010cern\u00fd Most\",\"item\":\"https:\/\/www.praha14.cz\/ctrnactka-podle-vas\/terminal-cerny-most\/\"},{\"@type\":\"ListItem\",\"position\":3,\"name\":\"O projektu\"}]},{\"@type\":\"WebSite\",\"@id\":\"https:\/\/www.praha14.cz\/ctrnactka-podle-vas\/#website\",\"url\":\"https:\/\/www.praha14.cz\/ctrnactka-podle-vas\/\",\"name\":\"M\u011b\u0148te s n\u00e1mi Prahu 14\",\"description\":\"\u010ctrn\u00e1ctka podle v\u00e1s\",\"potentialAction\":[{\"@type\":\"SearchAction\",\"target\":{\"@type\":\"EntryPoint\",\"urlTemplate\":\"https:\/\/www.praha14.cz\/ctrnactka-podle-vas\/?s={search_term_string}\"},\"query-input\":{\"@type\":\"PropertyValueSpecification\",\"valueRequired\":true,\"valueName\":\"search_term_string\"}}],\"inLanguage\":\"cs\"}]}<\/script>\n<!-- \/ Yoast SEO plugin. -->","yoast_head_json":{"title":"O projektu - M\u011b\u0148te s n\u00e1mi Prahu 14","robots":{"index":"index","follow":"follow","max-snippet":"max-snippet:-1","max-image-preview":"max-image-preview:large","max-video-preview":"max-video-preview:-1"},"canonical":"https:\/\/www.praha14.cz\/ctrnactka-podle-vas\/terminal-cerny-most\/o-projektu\/","og_locale":"cs_CZ","og_type":"article","og_title":"O projektu - M\u011b\u0148te s n\u00e1mi Prahu 14","og_description":"Termin\u00e1l \u010cern\u00fd Most Termin\u00e1l na \u010cern\u00e9m Most\u011b denn\u011b\u00a0vyu\u017eije okolo 50 000 cestuj\u00edc\u00edch.\u00a0Jedn\u00e1 se o\u00a0d\u016fle\u017eit\u00fd p\u0159estupn\u00ed bod mezi metrem B, autobusov\u00fdmi linkami m\u011bstsk\u00e9, p\u0159\u00edm\u011bstsk\u00e9 i\u00a0d\u00e1lkov\u00e9 dopravy a\u00a0v\u00a0sou\u010dasnosti dokon\u010dovan\u00fdm parkovac\u00edm domem P+R pro 880 vozidel.\u00a0Architektonick\u00e9 \u0159e\u0161en\u00ed termin\u00e1lu je v\u0161ak dnes ji\u017e mor\u00e1ln\u011b zastaral\u00e9 \u2013 p\u0159\u00edstup k\u00a0n\u00e1stupi\u0161ti metra sm\u011brem do centra je komplikovan\u00fd a\u00a0\u010dasto v\u00edcen\u00e1sobn\u00e9 obj\u00ed\u017ed\u011bn\u00ed termin\u00e1lu autobusov\u00fdmi...","og_url":"https:\/\/www.praha14.cz\/ctrnactka-podle-vas\/terminal-cerny-most\/o-projektu\/","og_site_name":"M\u011b\u0148te s n\u00e1mi Prahu 14","og_image":[{"url":"https:\/\/www.praha14.cz\/ctrnactka-podle-vas\/wp-content\/uploads\/sites\/5\/2021\/11\/Terminal-CM.png","type":"","width":"","height":""}],"twitter_card":"summary_large_image","twitter_misc":{"Est. reading time":"1 minuta"},"schema":{"@context":"https:\/\/schema.org","@graph":[{"@type":"WebPage","@id":"https:\/\/www.praha14.cz\/ctrnactka-podle-vas\/terminal-cerny-most\/o-projektu\/","url":"https:\/\/www.praha14.cz\/ctrnactka-podle-vas\/terminal-cerny-most\/o-projektu\/","name":"O projektu - M\u011b\u0148te s n\u00e1mi Prahu 14","isPartOf":{"@id":"https:\/\/www.praha14.cz\/ctrnactka-podle-vas\/#website"},"primaryImageOfPage":{"@id":"https:\/\/www.praha14.cz\/ctrnactka-podle-vas\/terminal-cerny-most\/o-projektu\/#primaryimage"},"image":{"@id":"https:\/\/www.praha14.cz\/ctrnactka-podle-vas\/terminal-cerny-most\/o-projektu\/#primaryimage"},"thumbnailUrl":"https:\/\/www.praha14.cz\/ctrnactka-podle-vas\/wp-content\/uploads\/sites\/5\/2021\/11\/Terminal-CM.png","datePublished":"2023-02-01T13:11:30+00:00","breadcrumb":{"@id":"https:\/\/www.praha14.cz\/ctrnactka-podle-vas\/terminal-cerny-most\/o-projektu\/#breadcrumb"},"inLanguage":"cs","potentialAction":[{"@type":"ReadAction","target":["https:\/\/www.praha14.cz\/ctrnactka-podle-vas\/terminal-cerny-most\/o-projektu\/"]}]},{"@type":"ImageObject","inLanguage":"cs","@id":"https:\/\/www.praha14.cz\/ctrnactka-podle-vas\/terminal-cerny-most\/o-projektu\/#primaryimage","url":"https:\/\/www.praha14.cz\/ctrnactka-podle-vas\/wp-content\/uploads\/sites\/5\/2021\/11\/Terminal-CM.png","contentUrl":"https:\/\/www.praha14.cz\/ctrnactka-podle-vas\/wp-content\/uploads\/sites\/5\/2021\/11\/Terminal-CM.png"},{"@type":"BreadcrumbList","@id":"https:\/\/www.praha14.cz\/ctrnactka-podle-vas\/terminal-cerny-most\/o-projektu\/#breadcrumb","itemListElement":[{"@type":"ListItem","position":1,"name":"M\u011b\u0148te s n\u00e1mi Prahu 14","item":"https:\/\/www.praha14.cz\/ctrnactka-podle-vas\/"},{"@type":"ListItem","position":2,"name":"Termin\u00e1l \u010cern\u00fd Most","item":"https:\/\/www.praha14.cz\/ctrnactka-podle-vas\/terminal-cerny-most\/"},{"@type":"ListItem","position":3,"name":"O projektu"}]},{"@type":"WebSite","@id":"https:\/\/www.praha14.cz\/ctrnactka-podle-vas\/#website","url":"https:\/\/www.praha14.cz\/ctrnactka-podle-vas\/","name":"M\u011b\u0148te s n\u00e1mi Prahu 14","description":"\u010ctrn\u00e1ctka podle v\u00e1s","potentialAction":[{"@type":"SearchAction","target":{"@type":"EntryPoint","urlTemplate":"https:\/\/www.praha14.cz\/ctrnactka-podle-vas\/?s={search_term_string}"},"query-input":{"@type":"PropertyValueSpecification","valueRequired":true,"valueName":"search_term_string"}}],"inLanguage":"cs"}]}},"_links":{"self":[{"href":"https:\/\/www.praha14.cz\/ctrnactka-podle-vas\/wp-json\/wp\/v2\/pages\/1444","targetHints":{"allow":["GET"]}}],"collection":[{"href":"https:\/\/www.praha14.cz\/ctrnactka-podle-vas\/wp-json\/wp\/v2\/pages"}],"about":[{"href":"https:\/\/www.praha14.cz\/ctrnactka-podle-vas\/wp-json\/wp\/v2\/types\/page"}],"author":[{"embeddable":true,"href":"https:\/\/www.praha14.cz\/ctrnactka-podle-vas\/wp-json\/wp\/v2\/users\/1057"}],"replies":[{"embeddable":true,"href":"https:\/\/www.praha14.cz\/ctrnactka-podle-vas\/wp-json\/wp\/v2\/comments?post=1444"}],"version-history":[{"count":1,"href":"https:\/\/www.praha14.cz\/ctrnactka-podle-vas\/wp-json\/wp\/v2\/pages\/1444\/revisions"}],"predecessor-version":[{"id":1445,"href":"https:\/\/www.praha14.cz\/ctrnactka-podle-vas\/wp-json\/wp\/v2\/pages\/1444\/revisions\/1445"}],"up":[{"embeddable":true,"href":"https:\/\/www.praha14.cz\/ctrnactka-podle-vas\/wp-json\/wp\/v2\/pages\/1170"}],"wp:attachment":[{"href":"https:\/\/www.praha14.cz\/ctrnactka-podle-vas\/wp-json\/wp\/v2\/media?parent=1444"}],"curies":[{"name":"wp","href":"https:\/\/api.w.org\/{rel}","templated":true}]}}