{"id":1447,"date":"2023-02-01T14:12:53","date_gmt":"2023-02-01T13:12:53","guid":{"rendered":"https:\/\/www.praha14.cz\/ctrnactka-podle-vas\/?page_id=1447"},"modified":"2023-02-01T14:12:53","modified_gmt":"2023-02-01T13:12:53","slug":"o-projektu","status":"publish","type":"page","link":"https:\/\/www.praha14.cz\/ctrnactka-podle-vas\/centralni-park-cerny-most\/o-projektu\/","title":{"rendered":"O projektu"},"content":{"rendered":"<p><a href=\"https:\/\/www.praha14.cz\/ctrnactka-podle-vas\/wp-content\/uploads\/sites\/5\/2021\/11\/Obrazek1.jpg\" data-rel=\"lightbox-image-0\" data-rl_title=\"\" data-rl_caption=\"\" title=\"\"><img loading=\"lazy\" decoding=\"async\" class=\"wp-image-1238 alignnone\" src=\"https:\/\/www.praha14.cz\/ctrnactka-podle-vas\/wp-content\/uploads\/sites\/5\/2021\/11\/Obrazek1.jpg\" alt=\"\" width=\"600\" height=\"424\" srcset=\"https:\/\/www.praha14.cz\/app\/uploads\/sites\/5\/2021\/11\/Obrazek1.jpg 1386w, https:\/\/www.praha14.cz\/app\/uploads\/sites\/5\/2021\/11\/Obrazek1-300x212.jpg 300w, https:\/\/www.praha14.cz\/app\/uploads\/sites\/5\/2021\/11\/Obrazek1-1024x724.jpg 1024w, https:\/\/www.praha14.cz\/app\/uploads\/sites\/5\/2021\/11\/Obrazek1-768x543.jpg 768w\" sizes=\"(max-width: 600px) 100vw, 600px\" \/><\/a><\/p>\n<p><strong>Revitalizace Centr\u00e1ln\u00edho parku \u010cern\u00fd Most<\/strong><\/p>\n<p>Centr\u00e1ln\u00ed park je jednou z\u00a0hlavn\u00edch rekrea\u010dn\u00edch a odpo\u010dinkov\u00fdch ploch na \u00fazem\u00ed s\u00eddli\u0161t\u011b \u010cern\u00fd Most. Vytv\u00e1\u0159\u00ed pomez\u00ed mezi celky panelov\u00fdch s\u00eddli\u0161\u0165 \u010cern\u00fd Most I. a \u010cern\u00fd Most II.. P\u0159i jeho v\u00fdstavb\u011b bylo snahou vytvo\u0159it p\u0159\u00edrodn\u00ed\u00a0biokoridor\u00a0mezi dv\u011bma ter\u00e9nn\u00edmi vlnami, kter\u00e9 maj\u00ed vzbuzovat dojem p\u0159irozen\u00e9ho a\u00a0v\u00fdstavbou nedot\u010den\u00e9ho \u00fazem\u00ed. V\u00a0parku jsou pom\u011brn\u011b rozs\u00e1hl\u00e9 travnat\u00e9 plochy umo\u017e\u0148uj\u00edc\u00ed krajin\u00e1\u0159sky zaj\u00edmav\u00e9 pr\u016fhledy. Sadov\u00e9 \u00fapravy navazuj\u00ed na zele\u0148 v\u00a0okol\u00ed. Z\u00e1padn\u011b od st\u0159edu parku je nevelk\u00fd rybn\u00ed\u010dek s\u00a0ostr\u016fvkem, nazvan\u00fd\u00a0Aloisov\u00a0(plocha asi 0,9\u00a0ha) nap\u00e1jen\u00fd p\u0159edev\u0161\u00edm z\u00a0de\u0161\u0165ov\u00e9 kanalizace s\u00eddli\u0161t\u011b. V parku je n\u011bkolik d\u011btsk\u00fdch h\u0159i\u0161\u0165 a\u00a0vedou j\u00edm p\u011b\u0161\u00ed trasy umo\u017e\u0148uj\u00edc\u00ed obyvatel\u016fm s\u00eddli\u0161t\u011b proch\u00e1zet mezi \u010d\u00e1stmi s\u00eddli\u0161t\u011b a\u00a0okoln\u00ed\u00a0infrastrukturou. M\u011bstsk\u00e1 \u010d\u00e1st Praha 14 v roce\u00a02016\u00a0iniciovala pr\u016fzkum, jak park l\u00e9pe p\u0159izp\u016fsobit pot\u0159eb\u00e1m jeho u\u017eivatel\u016f a n\u00e1v\u0161t\u011bvn\u00edk\u016f.\u00a0V roce\u00a02019\u00a0byla vyps\u00e1na\u00a0ve\u0159ejn\u00e1 sout\u011b\u017e\u00a0na zpracov\u00e1n\u00ed architektonicko-krajin\u00e1\u0159sk\u00e9ho \u0159e\u0161en\u00ed projektu \u201eRevitalizace Centr\u00e1ln\u00edho parku \u010cern\u00fd Most\u201c. \u00a0Se v\u0161emi n\u00e1vrhy byla sezn\u00e1mena ve\u0159ejnost na ve\u0159ejn\u00e9m projedn\u00e1n\u00ed, kde byly sesb\u00edr\u00e1ny p\u0159ipom\u00ednky a podn\u011bty k\u00a0jednotliv\u00fdm n\u00e1vrh\u016fm. Pro realizaci kompletn\u00ed revitalizace parku byl vybr\u00e1n n\u00e1vrh seskupen\u00ed architekt\u016f gogol\u00e1k + grasse s.r.o., se kter\u00fdmi se d\u00e1le n\u00e1vrh rozpracov\u00e1v\u00e1 d\u00e1le do projektov\u00e9 dokumentace. Upraven\u00fd n\u00e1vrh byl p\u0159edstaven a p\u0159ipom\u00ednkov\u00e1n ve\u0159ejnost\u00ed 15.11.2021 na ve\u0159ejn\u00e9m online setk\u00e1n\u00ed. Pl\u00e1novan\u00e1 revitalizace Centr\u00e1ln\u00edho parku bude prob\u00edhat v\u00a0etap\u00e1ch p\u0159ibli\u017en\u011b do roku 2025.<\/p>\n","protected":false},"excerpt":{"rendered":"<p>Revitalizace Centr\u00e1ln\u00edho parku \u010cern\u00fd Most Centr\u00e1ln\u00ed park je jednou z\u00a0hlavn\u00edch rekrea\u010dn\u00edch a odpo\u010dinkov\u00fdch ploch na \u00fazem\u00ed s\u00eddli\u0161t\u011b \u010cern\u00fd Most. Vytv\u00e1\u0159\u00ed pomez\u00ed mezi celky panelov\u00fdch s\u00eddli\u0161\u0165 \u010cern\u00fd Most I. a \u010cern\u00fd Most II.. P\u0159i jeho v\u00fdstavb\u011b bylo snahou vytvo\u0159it p\u0159\u00edrodn\u00ed\u00a0biokoridor\u00a0mezi dv\u011bma ter\u00e9nn\u00edmi vlnami, kter\u00e9 maj\u00ed vzbuzovat dojem p\u0159irozen\u00e9ho a\u00a0v\u00fdstavbou nedot\u010den\u00e9ho \u00fazem\u00ed. V\u00a0parku jsou pom\u011brn\u011b rozs\u00e1hl\u00e9 travnat\u00e9&#8230;<\/p>\n","protected":false},"author":1057,"featured_media":0,"parent":1237,"menu_order":0,"comment_status":"closed","ping_status":"closed","template":"","meta":{"_acf_changed":false,"footnotes":""},"class_list":["post-1447","page","type-page","status-publish","hentry"],"acf":[],"yoast_head":"<!-- This site is optimized with the Yoast SEO plugin v27.2 - https:\/\/yoast.com\/product\/yoast-seo-wordpress\/ -->\n<title>O projektu - M\u011b\u0148te s n\u00e1mi Prahu 14<\/title>\n<meta name=\"robots\" content=\"index, follow, max-snippet:-1, max-image-preview:large, max-video-preview:-1\" \/>\n<link rel=\"canonical\" href=\"https:\/\/www.praha14.cz\/ctrnactka-podle-vas\/centralni-park-cerny-most\/o-projektu\/\" \/>\n<meta property=\"og:locale\" content=\"cs_CZ\" \/>\n<meta property=\"og:type\" content=\"article\" \/>\n<meta property=\"og:title\" content=\"O projektu - M\u011b\u0148te s n\u00e1mi Prahu 14\" \/>\n<meta property=\"og:description\" content=\"Revitalizace Centr\u00e1ln\u00edho parku \u010cern\u00fd Most Centr\u00e1ln\u00ed park je jednou z\u00a0hlavn\u00edch rekrea\u010dn\u00edch a odpo\u010dinkov\u00fdch ploch na \u00fazem\u00ed s\u00eddli\u0161t\u011b \u010cern\u00fd Most. Vytv\u00e1\u0159\u00ed pomez\u00ed mezi celky panelov\u00fdch s\u00eddli\u0161\u0165 \u010cern\u00fd Most I. a \u010cern\u00fd Most II.. P\u0159i jeho v\u00fdstavb\u011b bylo snahou vytvo\u0159it p\u0159\u00edrodn\u00ed\u00a0biokoridor\u00a0mezi dv\u011bma ter\u00e9nn\u00edmi vlnami, kter\u00e9 maj\u00ed vzbuzovat dojem p\u0159irozen\u00e9ho a\u00a0v\u00fdstavbou nedot\u010den\u00e9ho \u00fazem\u00ed. V\u00a0parku jsou pom\u011brn\u011b rozs\u00e1hl\u00e9 travnat\u00e9...\" \/>\n<meta property=\"og:url\" content=\"https:\/\/www.praha14.cz\/ctrnactka-podle-vas\/centralni-park-cerny-most\/o-projektu\/\" \/>\n<meta property=\"og:site_name\" content=\"M\u011b\u0148te s n\u00e1mi Prahu 14\" \/>\n<meta property=\"og:image\" content=\"https:\/\/www.praha14.cz\/ctrnactka-podle-vas\/wp-content\/uploads\/sites\/5\/2021\/11\/Obrazek1.jpg\" \/>\n<meta name=\"twitter:card\" content=\"summary_large_image\" \/>\n<meta name=\"twitter:label1\" content=\"Est. reading time\" \/>\n\t<meta name=\"twitter:data1\" content=\"1 minuta\" \/>\n<script type=\"application\/ld+json\" class=\"yoast-schema-graph\">{\"@context\":\"https:\/\/schema.org\",\"@graph\":[{\"@type\":\"WebPage\",\"@id\":\"https:\/\/www.praha14.cz\/ctrnactka-podle-vas\/centralni-park-cerny-most\/o-projektu\/\",\"url\":\"https:\/\/www.praha14.cz\/ctrnactka-podle-vas\/centralni-park-cerny-most\/o-projektu\/\",\"name\":\"O projektu - M\u011b\u0148te s n\u00e1mi Prahu 14\",\"isPartOf\":{\"@id\":\"https:\/\/www.praha14.cz\/ctrnactka-podle-vas\/#website\"},\"primaryImageOfPage\":{\"@id\":\"https:\/\/www.praha14.cz\/ctrnactka-podle-vas\/centralni-park-cerny-most\/o-projektu\/#primaryimage\"},\"image\":{\"@id\":\"https:\/\/www.praha14.cz\/ctrnactka-podle-vas\/centralni-park-cerny-most\/o-projektu\/#primaryimage\"},\"thumbnailUrl\":\"https:\/\/www.praha14.cz\/ctrnactka-podle-vas\/wp-content\/uploads\/sites\/5\/2021\/11\/Obrazek1.jpg\",\"datePublished\":\"2023-02-01T13:12:53+00:00\",\"breadcrumb\":{\"@id\":\"https:\/\/www.praha14.cz\/ctrnactka-podle-vas\/centralni-park-cerny-most\/o-projektu\/#breadcrumb\"},\"inLanguage\":\"cs\",\"potentialAction\":[{\"@type\":\"ReadAction\",\"target\":[\"https:\/\/www.praha14.cz\/ctrnactka-podle-vas\/centralni-park-cerny-most\/o-projektu\/\"]}]},{\"@type\":\"ImageObject\",\"inLanguage\":\"cs\",\"@id\":\"https:\/\/www.praha14.cz\/ctrnactka-podle-vas\/centralni-park-cerny-most\/o-projektu\/#primaryimage\",\"url\":\"https:\/\/www.praha14.cz\/ctrnactka-podle-vas\/wp-content\/uploads\/sites\/5\/2021\/11\/Obrazek1.jpg\",\"contentUrl\":\"https:\/\/www.praha14.cz\/ctrnactka-podle-vas\/wp-content\/uploads\/sites\/5\/2021\/11\/Obrazek1.jpg\"},{\"@type\":\"BreadcrumbList\",\"@id\":\"https:\/\/www.praha14.cz\/ctrnactka-podle-vas\/centralni-park-cerny-most\/o-projektu\/#breadcrumb\",\"itemListElement\":[{\"@type\":\"ListItem\",\"position\":1,\"name\":\"M\u011b\u0148te s n\u00e1mi Prahu 14\",\"item\":\"https:\/\/www.praha14.cz\/ctrnactka-podle-vas\/\"},{\"@type\":\"ListItem\",\"position\":2,\"name\":\"Centr\u00e1ln\u00ed park \u010cern\u00fd Most\",\"item\":\"https:\/\/www.praha14.cz\/ctrnactka-podle-vas\/centralni-park-cerny-most\/\"},{\"@type\":\"ListItem\",\"position\":3,\"name\":\"O projektu\"}]},{\"@type\":\"WebSite\",\"@id\":\"https:\/\/www.praha14.cz\/ctrnactka-podle-vas\/#website\",\"url\":\"https:\/\/www.praha14.cz\/ctrnactka-podle-vas\/\",\"name\":\"M\u011b\u0148te s n\u00e1mi Prahu 14\",\"description\":\"\u010ctrn\u00e1ctka podle v\u00e1s\",\"potentialAction\":[{\"@type\":\"SearchAction\",\"target\":{\"@type\":\"EntryPoint\",\"urlTemplate\":\"https:\/\/www.praha14.cz\/ctrnactka-podle-vas\/?s={search_term_string}\"},\"query-input\":{\"@type\":\"PropertyValueSpecification\",\"valueRequired\":true,\"valueName\":\"search_term_string\"}}],\"inLanguage\":\"cs\"}]}<\/script>\n<!-- \/ Yoast SEO plugin. -->","yoast_head_json":{"title":"O projektu - M\u011b\u0148te s n\u00e1mi Prahu 14","robots":{"index":"index","follow":"follow","max-snippet":"max-snippet:-1","max-image-preview":"max-image-preview:large","max-video-preview":"max-video-preview:-1"},"canonical":"https:\/\/www.praha14.cz\/ctrnactka-podle-vas\/centralni-park-cerny-most\/o-projektu\/","og_locale":"cs_CZ","og_type":"article","og_title":"O projektu - M\u011b\u0148te s n\u00e1mi Prahu 14","og_description":"Revitalizace Centr\u00e1ln\u00edho parku \u010cern\u00fd Most Centr\u00e1ln\u00ed park je jednou z\u00a0hlavn\u00edch rekrea\u010dn\u00edch a odpo\u010dinkov\u00fdch ploch na \u00fazem\u00ed s\u00eddli\u0161t\u011b \u010cern\u00fd Most. Vytv\u00e1\u0159\u00ed pomez\u00ed mezi celky panelov\u00fdch s\u00eddli\u0161\u0165 \u010cern\u00fd Most I. a \u010cern\u00fd Most II.. P\u0159i jeho v\u00fdstavb\u011b bylo snahou vytvo\u0159it p\u0159\u00edrodn\u00ed\u00a0biokoridor\u00a0mezi dv\u011bma ter\u00e9nn\u00edmi vlnami, kter\u00e9 maj\u00ed vzbuzovat dojem p\u0159irozen\u00e9ho a\u00a0v\u00fdstavbou nedot\u010den\u00e9ho \u00fazem\u00ed. V\u00a0parku jsou pom\u011brn\u011b rozs\u00e1hl\u00e9 travnat\u00e9...","og_url":"https:\/\/www.praha14.cz\/ctrnactka-podle-vas\/centralni-park-cerny-most\/o-projektu\/","og_site_name":"M\u011b\u0148te s n\u00e1mi Prahu 14","og_image":[{"url":"https:\/\/www.praha14.cz\/ctrnactka-podle-vas\/wp-content\/uploads\/sites\/5\/2021\/11\/Obrazek1.jpg","type":"","width":"","height":""}],"twitter_card":"summary_large_image","twitter_misc":{"Est. reading time":"1 minuta"},"schema":{"@context":"https:\/\/schema.org","@graph":[{"@type":"WebPage","@id":"https:\/\/www.praha14.cz\/ctrnactka-podle-vas\/centralni-park-cerny-most\/o-projektu\/","url":"https:\/\/www.praha14.cz\/ctrnactka-podle-vas\/centralni-park-cerny-most\/o-projektu\/","name":"O projektu - M\u011b\u0148te s n\u00e1mi Prahu 14","isPartOf":{"@id":"https:\/\/www.praha14.cz\/ctrnactka-podle-vas\/#website"},"primaryImageOfPage":{"@id":"https:\/\/www.praha14.cz\/ctrnactka-podle-vas\/centralni-park-cerny-most\/o-projektu\/#primaryimage"},"image":{"@id":"https:\/\/www.praha14.cz\/ctrnactka-podle-vas\/centralni-park-cerny-most\/o-projektu\/#primaryimage"},"thumbnailUrl":"https:\/\/www.praha14.cz\/ctrnactka-podle-vas\/wp-content\/uploads\/sites\/5\/2021\/11\/Obrazek1.jpg","datePublished":"2023-02-01T13:12:53+00:00","breadcrumb":{"@id":"https:\/\/www.praha14.cz\/ctrnactka-podle-vas\/centralni-park-cerny-most\/o-projektu\/#breadcrumb"},"inLanguage":"cs","potentialAction":[{"@type":"ReadAction","target":["https:\/\/www.praha14.cz\/ctrnactka-podle-vas\/centralni-park-cerny-most\/o-projektu\/"]}]},{"@type":"ImageObject","inLanguage":"cs","@id":"https:\/\/www.praha14.cz\/ctrnactka-podle-vas\/centralni-park-cerny-most\/o-projektu\/#primaryimage","url":"https:\/\/www.praha14.cz\/ctrnactka-podle-vas\/wp-content\/uploads\/sites\/5\/2021\/11\/Obrazek1.jpg","contentUrl":"https:\/\/www.praha14.cz\/ctrnactka-podle-vas\/wp-content\/uploads\/sites\/5\/2021\/11\/Obrazek1.jpg"},{"@type":"BreadcrumbList","@id":"https:\/\/www.praha14.cz\/ctrnactka-podle-vas\/centralni-park-cerny-most\/o-projektu\/#breadcrumb","itemListElement":[{"@type":"ListItem","position":1,"name":"M\u011b\u0148te s n\u00e1mi Prahu 14","item":"https:\/\/www.praha14.cz\/ctrnactka-podle-vas\/"},{"@type":"ListItem","position":2,"name":"Centr\u00e1ln\u00ed park \u010cern\u00fd Most","item":"https:\/\/www.praha14.cz\/ctrnactka-podle-vas\/centralni-park-cerny-most\/"},{"@type":"ListItem","position":3,"name":"O projektu"}]},{"@type":"WebSite","@id":"https:\/\/www.praha14.cz\/ctrnactka-podle-vas\/#website","url":"https:\/\/www.praha14.cz\/ctrnactka-podle-vas\/","name":"M\u011b\u0148te s n\u00e1mi Prahu 14","description":"\u010ctrn\u00e1ctka podle v\u00e1s","potentialAction":[{"@type":"SearchAction","target":{"@type":"EntryPoint","urlTemplate":"https:\/\/www.praha14.cz\/ctrnactka-podle-vas\/?s={search_term_string}"},"query-input":{"@type":"PropertyValueSpecification","valueRequired":true,"valueName":"search_term_string"}}],"inLanguage":"cs"}]}},"_links":{"self":[{"href":"https:\/\/www.praha14.cz\/ctrnactka-podle-vas\/wp-json\/wp\/v2\/pages\/1447","targetHints":{"allow":["GET"]}}],"collection":[{"href":"https:\/\/www.praha14.cz\/ctrnactka-podle-vas\/wp-json\/wp\/v2\/pages"}],"about":[{"href":"https:\/\/www.praha14.cz\/ctrnactka-podle-vas\/wp-json\/wp\/v2\/types\/page"}],"author":[{"embeddable":true,"href":"https:\/\/www.praha14.cz\/ctrnactka-podle-vas\/wp-json\/wp\/v2\/users\/1057"}],"replies":[{"embeddable":true,"href":"https:\/\/www.praha14.cz\/ctrnactka-podle-vas\/wp-json\/wp\/v2\/comments?post=1447"}],"version-history":[{"count":1,"href":"https:\/\/www.praha14.cz\/ctrnactka-podle-vas\/wp-json\/wp\/v2\/pages\/1447\/revisions"}],"predecessor-version":[{"id":1448,"href":"https:\/\/www.praha14.cz\/ctrnactka-podle-vas\/wp-json\/wp\/v2\/pages\/1447\/revisions\/1448"}],"up":[{"embeddable":true,"href":"https:\/\/www.praha14.cz\/ctrnactka-podle-vas\/wp-json\/wp\/v2\/pages\/1237"}],"wp:attachment":[{"href":"https:\/\/www.praha14.cz\/ctrnactka-podle-vas\/wp-json\/wp\/v2\/media?parent=1447"}],"curies":[{"name":"wp","href":"https:\/\/api.w.org\/{rel}","templated":true}]}}