{"id":1653,"date":"2025-05-20T09:21:57","date_gmt":"2025-05-20T08:21:57","guid":{"rendered":"https:\/\/www.praha14.cz\/ctrnactka-podle-vas\/?page_id=1653"},"modified":"2025-05-20T09:21:57","modified_gmt":"2025-05-20T08:21:57","slug":"zapojeni-verejnosti","status":"publish","type":"page","link":"https:\/\/www.praha14.cz\/ctrnactka-podle-vas\/zapojeni-verejnosti\/","title":{"rendered":"Zapojen\u00ed ve\u0159ejnosti"},"content":{"rendered":"","protected":false},"excerpt":{"rendered":"","protected":false},"author":1057,"featured_media":0,"parent":0,"menu_order":0,"comment_status":"closed","ping_status":"closed","template":"","meta":{"_acf_changed":false,"footnotes":""},"class_list":["post-1653","page","type-page","status-publish","hentry"],"acf":[],"yoast_head":"<!-- This site is optimized with the Yoast SEO plugin v27.2 - https:\/\/yoast.com\/product\/yoast-seo-wordpress\/ -->\n<title>Zapojen\u00ed ve\u0159ejnosti - M\u011b\u0148te s n\u00e1mi Prahu 14<\/title>\n<meta name=\"robots\" content=\"index, follow, max-snippet:-1, max-image-preview:large, max-video-preview:-1\" \/>\n<link rel=\"canonical\" href=\"https:\/\/www.praha14.cz\/ctrnactka-podle-vas\/zapojeni-verejnosti\/\" \/>\n<meta property=\"og:locale\" content=\"cs_CZ\" \/>\n<meta property=\"og:type\" content=\"article\" \/>\n<meta property=\"og:title\" content=\"Zapojen\u00ed ve\u0159ejnosti - M\u011b\u0148te s n\u00e1mi Prahu 14\" \/>\n<meta property=\"og:url\" content=\"https:\/\/www.praha14.cz\/ctrnactka-podle-vas\/zapojeni-verejnosti\/\" \/>\n<meta property=\"og:site_name\" content=\"M\u011b\u0148te s n\u00e1mi Prahu 14\" \/>\n<meta name=\"twitter:card\" content=\"summary_large_image\" \/>\n<script type=\"application\/ld+json\" class=\"yoast-schema-graph\">{\"@context\":\"https:\/\/schema.org\",\"@graph\":[{\"@type\":\"WebPage\",\"@id\":\"https:\/\/www.praha14.cz\/ctrnactka-podle-vas\/zapojeni-verejnosti\/\",\"url\":\"https:\/\/www.praha14.cz\/ctrnactka-podle-vas\/zapojeni-verejnosti\/\",\"name\":\"Zapojen\u00ed ve\u0159ejnosti - M\u011b\u0148te s n\u00e1mi Prahu 14\",\"isPartOf\":{\"@id\":\"https:\/\/www.praha14.cz\/ctrnactka-podle-vas\/#website\"},\"datePublished\":\"2025-05-20T08:21:57+00:00\",\"breadcrumb\":{\"@id\":\"https:\/\/www.praha14.cz\/ctrnactka-podle-vas\/zapojeni-verejnosti\/#breadcrumb\"},\"inLanguage\":\"cs\",\"potentialAction\":[{\"@type\":\"ReadAction\",\"target\":[\"https:\/\/www.praha14.cz\/ctrnactka-podle-vas\/zapojeni-verejnosti\/\"]}]},{\"@type\":\"BreadcrumbList\",\"@id\":\"https:\/\/www.praha14.cz\/ctrnactka-podle-vas\/zapojeni-verejnosti\/#breadcrumb\",\"itemListElement\":[{\"@type\":\"ListItem\",\"position\":1,\"name\":\"M\u011b\u0148te s n\u00e1mi Prahu 14\",\"item\":\"https:\/\/www.praha14.cz\/ctrnactka-podle-vas\/\"},{\"@type\":\"ListItem\",\"position\":2,\"name\":\"Zapojen\u00ed ve\u0159ejnosti\"}]},{\"@type\":\"WebSite\",\"@id\":\"https:\/\/www.praha14.cz\/ctrnactka-podle-vas\/#website\",\"url\":\"https:\/\/www.praha14.cz\/ctrnactka-podle-vas\/\",\"name\":\"M\u011b\u0148te s n\u00e1mi Prahu 14\",\"description\":\"\u010ctrn\u00e1ctka podle v\u00e1s\",\"potentialAction\":[{\"@type\":\"SearchAction\",\"target\":{\"@type\":\"EntryPoint\",\"urlTemplate\":\"https:\/\/www.praha14.cz\/ctrnactka-podle-vas\/?s={search_term_string}\"},\"query-input\":{\"@type\":\"PropertyValueSpecification\",\"valueRequired\":true,\"valueName\":\"search_term_string\"}}],\"inLanguage\":\"cs\"}]}<\/script>\n<!-- \/ Yoast SEO plugin. -->","yoast_head_json":{"title":"Zapojen\u00ed ve\u0159ejnosti - M\u011b\u0148te s n\u00e1mi Prahu 14","robots":{"index":"index","follow":"follow","max-snippet":"max-snippet:-1","max-image-preview":"max-image-preview:large","max-video-preview":"max-video-preview:-1"},"canonical":"https:\/\/www.praha14.cz\/ctrnactka-podle-vas\/zapojeni-verejnosti\/","og_locale":"cs_CZ","og_type":"article","og_title":"Zapojen\u00ed ve\u0159ejnosti - M\u011b\u0148te s n\u00e1mi Prahu 14","og_url":"https:\/\/www.praha14.cz\/ctrnactka-podle-vas\/zapojeni-verejnosti\/","og_site_name":"M\u011b\u0148te s n\u00e1mi Prahu 14","twitter_card":"summary_large_image","schema":{"@context":"https:\/\/schema.org","@graph":[{"@type":"WebPage","@id":"https:\/\/www.praha14.cz\/ctrnactka-podle-vas\/zapojeni-verejnosti\/","url":"https:\/\/www.praha14.cz\/ctrnactka-podle-vas\/zapojeni-verejnosti\/","name":"Zapojen\u00ed ve\u0159ejnosti - M\u011b\u0148te s n\u00e1mi Prahu 14","isPartOf":{"@id":"https:\/\/www.praha14.cz\/ctrnactka-podle-vas\/#website"},"datePublished":"2025-05-20T08:21:57+00:00","breadcrumb":{"@id":"https:\/\/www.praha14.cz\/ctrnactka-podle-vas\/zapojeni-verejnosti\/#breadcrumb"},"inLanguage":"cs","potentialAction":[{"@type":"ReadAction","target":["https:\/\/www.praha14.cz\/ctrnactka-podle-vas\/zapojeni-verejnosti\/"]}]},{"@type":"BreadcrumbList","@id":"https:\/\/www.praha14.cz\/ctrnactka-podle-vas\/zapojeni-verejnosti\/#breadcrumb","itemListElement":[{"@type":"ListItem","position":1,"name":"M\u011b\u0148te s n\u00e1mi Prahu 14","item":"https:\/\/www.praha14.cz\/ctrnactka-podle-vas\/"},{"@type":"ListItem","position":2,"name":"Zapojen\u00ed ve\u0159ejnosti"}]},{"@type":"WebSite","@id":"https:\/\/www.praha14.cz\/ctrnactka-podle-vas\/#website","url":"https:\/\/www.praha14.cz\/ctrnactka-podle-vas\/","name":"M\u011b\u0148te s n\u00e1mi Prahu 14","description":"\u010ctrn\u00e1ctka podle v\u00e1s","potentialAction":[{"@type":"SearchAction","target":{"@type":"EntryPoint","urlTemplate":"https:\/\/www.praha14.cz\/ctrnactka-podle-vas\/?s={search_term_string}"},"query-input":{"@type":"PropertyValueSpecification","valueRequired":true,"valueName":"search_term_string"}}],"inLanguage":"cs"}]}},"_links":{"self":[{"href":"https:\/\/www.praha14.cz\/ctrnactka-podle-vas\/wp-json\/wp\/v2\/pages\/1653","targetHints":{"allow":["GET"]}}],"collection":[{"href":"https:\/\/www.praha14.cz\/ctrnactka-podle-vas\/wp-json\/wp\/v2\/pages"}],"about":[{"href":"https:\/\/www.praha14.cz\/ctrnactka-podle-vas\/wp-json\/wp\/v2\/types\/page"}],"author":[{"embeddable":true,"href":"https:\/\/www.praha14.cz\/ctrnactka-podle-vas\/wp-json\/wp\/v2\/users\/1057"}],"replies":[{"embeddable":true,"href":"https:\/\/www.praha14.cz\/ctrnactka-podle-vas\/wp-json\/wp\/v2\/comments?post=1653"}],"version-history":[{"count":1,"href":"https:\/\/www.praha14.cz\/ctrnactka-podle-vas\/wp-json\/wp\/v2\/pages\/1653\/revisions"}],"predecessor-version":[{"id":1654,"href":"https:\/\/www.praha14.cz\/ctrnactka-podle-vas\/wp-json\/wp\/v2\/pages\/1653\/revisions\/1654"}],"wp:attachment":[{"href":"https:\/\/www.praha14.cz\/ctrnactka-podle-vas\/wp-json\/wp\/v2\/media?parent=1653"}],"curies":[{"name":"wp","href":"https:\/\/api.w.org\/{rel}","templated":true}]}}