{"id":1663,"date":"2025-05-20T09:25:13","date_gmt":"2025-05-20T08:25:13","guid":{"rendered":"https:\/\/www.praha14.cz\/ctrnactka-podle-vas\/?page_id=1663"},"modified":"2025-09-30T09:07:01","modified_gmt":"2025-09-30T08:07:01","slug":"spoluprace-s-podnikateli-a-neziskovym-sektorem","status":"publish","type":"page","link":"https:\/\/www.praha14.cz\/ctrnactka-podle-vas\/zapojeni-verejnosti\/spoluprace-s-podnikateli-a-neziskovym-sektorem\/","title":{"rendered":"Spolupr\u00e1ce s podnikateli a neziskov\u00fdm sektorem"},"content":{"rendered":"<section class=\"p14-panel-group\"><div id=\"panel_group_1\" class=\"panel-group\"><article class=\"panel panel-default\">\n\t\t\t<div class=\"panel-heading\">\n\t\t\t\t<h1 class=\"panel-title\">\n\t\t\t\t\t<a data-toggle=\"collapse\" data-parent=\"#panel_group_1\" href=\"#panel_1_1\" class=\"collapsed\">\n\t\t\t\t\t\tPanelov\u00e1 diskuze na t\u00e9ma udr\u017eitelnost ve firm\u00e1ch\n\t\t\t\t\t<\/a>\n\t\t\t\t<\/h1>\n\t\t\t<\/div>\n\t\t\t<div id=\"panel_1_1\" class=\"panel-collapse collapse\">\n\t\t\t\t<div class=\"panel-body\">\n\t\t\t\t\t<\/p>\n<p>Dne <strong>23. z\u00e1\u0159\u00ed 2025<\/strong> prob\u011bhla v komunitn\u00edm centru H55 v Hloub\u011bt\u00edn\u011b panelov\u00e1 diskuze na t\u00e9ma <strong>Udr\u017eitelnost ve firm\u00e1ch \u2013 Jak na ni?<\/strong> Akce byla sou\u010d\u00e1st\u00ed dlouhodob\u00e9 koncepce <em>Podpora podnik\u00e1n\u00ed<\/em> a zam\u011b\u0159ila se na sd\u00edlen\u00ed zku\u0161enost\u00ed s udr\u017eiteln\u00fdm rozvojem v podnikatelsk\u00e9m prost\u0159ed\u00ed.<\/p>\n<p>Mezi \u0159e\u010dn\u00edky vystoupili z\u00e1stupci firem Coca-Cola HBC, Westfield Rise, N\u00e1rodn\u00edho divadla a veden\u00ed M\u010c Praha 14. Diskuze se z\u00fa\u010dastnilo na 25 host\u016f z \u0159ad podnikatel\u016f, \u0161kolsk\u00fdch mana\u017eer\u016f, organiz\u00e1tor\u016f dobrovolnick\u00fdch aktivit i z\u00e1stupc\u016f m\u011bstsk\u00e9 \u010d\u00e1sti v\u010detn\u011b starosty Ji\u0159\u00edho Zajace.<\/p>\n<p>Ve\u010der nab\u00eddl inspirativn\u00ed prezentace, v\u00fdm\u011bnu zku\u0161enost\u00ed, p\u0159edstaven\u00ed projektu Corrency a ocen\u011bn\u00ed dobrovoln\u00edk\u016f za jejich p\u0159\u00ednos komunit\u011b. Neform\u00e1ln\u00ed \u010d\u00e1st programu pokra\u010dovala v kav\u00e1rn\u011b komunitn\u00edho centra za doprovodu ob\u010derstven\u00ed a hudby.<\/p>\n<p><a href=\"https:\/\/www.praha14.cz\/app\/uploads\/sites\/5\/2025\/09\/Panelova-diskuze-zprava-o-prubehu-akce.pdf\" target=\"_blank\" rel=\"noopener\">Zpr\u00e1va o pr\u016fb\u011bhu akce<\/a><\/p>\n<p><a href=\"https:\/\/www.praha14.cz\/app\/uploads\/sites\/5\/2025\/09\/Udrzitelnost_IMG_3284_\u00a9TomasTurek-scaled.jpg\" target=\"_blank\" rel=\"noopener\" data-rel=\"lightbox-image-0\" data-rl_title=\"\" data-rl_caption=\"\" title=\"\"><img loading=\"lazy\" decoding=\"async\" class=\"alignnone wp-image-1760 size-medium\" src=\"https:\/\/www.praha14.cz\/app\/uploads\/sites\/5\/2025\/09\/Udrzitelnost_IMG_3284_\u00a9TomasTurek-300x200.jpg\" alt=\"Udrzitelnost_IMG_3284_\u00a9TomasTurek\" width=\"300\" height=\"200\" srcset=\"https:\/\/www.praha14.cz\/app\/uploads\/sites\/5\/2025\/09\/Udrzitelnost_IMG_3284_\u00a9TomasTurek-300x200.jpg 300w, https:\/\/www.praha14.cz\/app\/uploads\/sites\/5\/2025\/09\/Udrzitelnost_IMG_3284_\u00a9TomasTurek-1024x683.jpg 1024w, https:\/\/www.praha14.cz\/app\/uploads\/sites\/5\/2025\/09\/Udrzitelnost_IMG_3284_\u00a9TomasTurek-768x512.jpg 768w, https:\/\/www.praha14.cz\/app\/uploads\/sites\/5\/2025\/09\/Udrzitelnost_IMG_3284_\u00a9TomasTurek-1536x1024.jpg 1536w, https:\/\/www.praha14.cz\/app\/uploads\/sites\/5\/2025\/09\/Udrzitelnost_IMG_3284_\u00a9TomasTurek-2048x1365.jpg 2048w\" sizes=\"(max-width: 300px) 100vw, 300px\" \/><\/a> <a href=\"https:\/\/www.praha14.cz\/app\/uploads\/sites\/5\/2025\/09\/Udrzitelnost_IMG_3289_\u00a9TomasTurek-scaled.jpg\" target=\"_blank\" rel=\"noopener\" data-rel=\"lightbox-image-1\" data-rl_title=\"\" data-rl_caption=\"\" title=\"\"><img loading=\"lazy\" decoding=\"async\" class=\"alignnone wp-image-1761 size-medium\" src=\"https:\/\/www.praha14.cz\/app\/uploads\/sites\/5\/2025\/09\/Udrzitelnost_IMG_3289_\u00a9TomasTurek-300x200.jpg\" alt=\"Udrzitelnost_IMG_3289_\u00a9TomasTurek\" width=\"300\" height=\"200\" srcset=\"https:\/\/www.praha14.cz\/app\/uploads\/sites\/5\/2025\/09\/Udrzitelnost_IMG_3289_\u00a9TomasTurek-300x200.jpg 300w, https:\/\/www.praha14.cz\/app\/uploads\/sites\/5\/2025\/09\/Udrzitelnost_IMG_3289_\u00a9TomasTurek-1024x683.jpg 1024w, https:\/\/www.praha14.cz\/app\/uploads\/sites\/5\/2025\/09\/Udrzitelnost_IMG_3289_\u00a9TomasTurek-768x512.jpg 768w, https:\/\/www.praha14.cz\/app\/uploads\/sites\/5\/2025\/09\/Udrzitelnost_IMG_3289_\u00a9TomasTurek-1536x1024.jpg 1536w, https:\/\/www.praha14.cz\/app\/uploads\/sites\/5\/2025\/09\/Udrzitelnost_IMG_3289_\u00a9TomasTurek-2048x1365.jpg 2048w\" sizes=\"(max-width: 300px) 100vw, 300px\" \/><\/a> <a href=\"https:\/\/www.praha14.cz\/app\/uploads\/sites\/5\/2025\/09\/Udrzitelnost_IMG_3293_\u00a9TomasTurek-scaled.jpg\" target=\"_blank\" rel=\"noopener\" data-rel=\"lightbox-image-2\" data-rl_title=\"\" data-rl_caption=\"\" title=\"\"><img loading=\"lazy\" decoding=\"async\" class=\"alignnone wp-image-1762 size-medium\" src=\"https:\/\/www.praha14.cz\/app\/uploads\/sites\/5\/2025\/09\/Udrzitelnost_IMG_3293_\u00a9TomasTurek-300x200.jpg\" alt=\"Udrzitelnost_IMG_3293_\u00a9TomasTurek\" width=\"300\" height=\"200\" srcset=\"https:\/\/www.praha14.cz\/app\/uploads\/sites\/5\/2025\/09\/Udrzitelnost_IMG_3293_\u00a9TomasTurek-300x200.jpg 300w, https:\/\/www.praha14.cz\/app\/uploads\/sites\/5\/2025\/09\/Udrzitelnost_IMG_3293_\u00a9TomasTurek-1024x683.jpg 1024w, https:\/\/www.praha14.cz\/app\/uploads\/sites\/5\/2025\/09\/Udrzitelnost_IMG_3293_\u00a9TomasTurek-768x512.jpg 768w, https:\/\/www.praha14.cz\/app\/uploads\/sites\/5\/2025\/09\/Udrzitelnost_IMG_3293_\u00a9TomasTurek-1536x1024.jpg 1536w, https:\/\/www.praha14.cz\/app\/uploads\/sites\/5\/2025\/09\/Udrzitelnost_IMG_3293_\u00a9TomasTurek-2048x1365.jpg 2048w\" sizes=\"(max-width: 300px) 100vw, 300px\" \/><\/a><\/p>\n<p><a href=\"https:\/\/www.praha14.cz\/app\/uploads\/sites\/5\/2025\/09\/Udrzitelnost_IMG_3339_\u00a9TomasTurek-scaled.jpg\" target=\"_blank\" rel=\"noopener\" data-rel=\"lightbox-image-3\" data-rl_title=\"\" data-rl_caption=\"\" title=\"\"><img loading=\"lazy\" decoding=\"async\" class=\"alignnone wp-image-1763 size-medium\" src=\"https:\/\/www.praha14.cz\/app\/uploads\/sites\/5\/2025\/09\/Udrzitelnost_IMG_3339_\u00a9TomasTurek-300x200.jpg\" alt=\"Udrzitelnost_IMG_3339_\u00a9TomasTurek\" width=\"300\" height=\"200\" srcset=\"https:\/\/www.praha14.cz\/app\/uploads\/sites\/5\/2025\/09\/Udrzitelnost_IMG_3339_\u00a9TomasTurek-300x200.jpg 300w, https:\/\/www.praha14.cz\/app\/uploads\/sites\/5\/2025\/09\/Udrzitelnost_IMG_3339_\u00a9TomasTurek-1024x683.jpg 1024w, https:\/\/www.praha14.cz\/app\/uploads\/sites\/5\/2025\/09\/Udrzitelnost_IMG_3339_\u00a9TomasTurek-768x512.jpg 768w, https:\/\/www.praha14.cz\/app\/uploads\/sites\/5\/2025\/09\/Udrzitelnost_IMG_3339_\u00a9TomasTurek-1536x1024.jpg 1536w, https:\/\/www.praha14.cz\/app\/uploads\/sites\/5\/2025\/09\/Udrzitelnost_IMG_3339_\u00a9TomasTurek-2048x1365.jpg 2048w\" sizes=\"(max-width: 300px) 100vw, 300px\" \/><\/a> <a href=\"https:\/\/www.praha14.cz\/app\/uploads\/sites\/5\/2025\/09\/Udrzitelnost_IMG_3363_\u00a9TomasTurek-scaled.jpg\" target=\"_blank\" rel=\"noopener\" data-rel=\"lightbox-image-4\" data-rl_title=\"\" data-rl_caption=\"\" title=\"\"><img loading=\"lazy\" decoding=\"async\" class=\"alignnone wp-image-1764 size-medium\" src=\"https:\/\/www.praha14.cz\/app\/uploads\/sites\/5\/2025\/09\/Udrzitelnost_IMG_3363_\u00a9TomasTurek-300x200.jpg\" alt=\"Udrzitelnost_IMG_3363_\u00a9TomasTurek\" width=\"300\" height=\"200\" srcset=\"https:\/\/www.praha14.cz\/app\/uploads\/sites\/5\/2025\/09\/Udrzitelnost_IMG_3363_\u00a9TomasTurek-300x200.jpg 300w, https:\/\/www.praha14.cz\/app\/uploads\/sites\/5\/2025\/09\/Udrzitelnost_IMG_3363_\u00a9TomasTurek-1024x683.jpg 1024w, https:\/\/www.praha14.cz\/app\/uploads\/sites\/5\/2025\/09\/Udrzitelnost_IMG_3363_\u00a9TomasTurek-768x512.jpg 768w, https:\/\/www.praha14.cz\/app\/uploads\/sites\/5\/2025\/09\/Udrzitelnost_IMG_3363_\u00a9TomasTurek-1536x1024.jpg 1536w, https:\/\/www.praha14.cz\/app\/uploads\/sites\/5\/2025\/09\/Udrzitelnost_IMG_3363_\u00a9TomasTurek-2048x1365.jpg 2048w\" sizes=\"(max-width: 300px) 100vw, 300px\" \/><\/a> <a href=\"https:\/\/www.praha14.cz\/app\/uploads\/sites\/5\/2025\/09\/Udrzitelnost_IMG_3415_\u00a9TomasTurek-scaled.jpg\" target=\"_blank\" rel=\"noopener\" data-rel=\"lightbox-image-5\" data-rl_title=\"\" data-rl_caption=\"\" title=\"\"><img loading=\"lazy\" decoding=\"async\" class=\"wp-image-1765 size-medium alignnone\" src=\"https:\/\/www.praha14.cz\/app\/uploads\/sites\/5\/2025\/09\/Udrzitelnost_IMG_3415_\u00a9TomasTurek-300x200.jpg\" alt=\"Udrzitelnost_IMG_3415_\u00a9TomasTurek\" width=\"300\" height=\"200\" srcset=\"https:\/\/www.praha14.cz\/app\/uploads\/sites\/5\/2025\/09\/Udrzitelnost_IMG_3415_\u00a9TomasTurek-300x200.jpg 300w, https:\/\/www.praha14.cz\/app\/uploads\/sites\/5\/2025\/09\/Udrzitelnost_IMG_3415_\u00a9TomasTurek-1024x683.jpg 1024w, https:\/\/www.praha14.cz\/app\/uploads\/sites\/5\/2025\/09\/Udrzitelnost_IMG_3415_\u00a9TomasTurek-768x512.jpg 768w, https:\/\/www.praha14.cz\/app\/uploads\/sites\/5\/2025\/09\/Udrzitelnost_IMG_3415_\u00a9TomasTurek-1536x1024.jpg 1536w, https:\/\/www.praha14.cz\/app\/uploads\/sites\/5\/2025\/09\/Udrzitelnost_IMG_3415_\u00a9TomasTurek-2048x1365.jpg 2048w\" sizes=\"(max-width: 300px) 100vw, 300px\" \/><\/a><\/p>\n<p><a href=\"https:\/\/www.praha14.cz\/app\/uploads\/sites\/5\/2025\/09\/Udrzitelnost_IMG_3499_\u00a9TomasTurek-scaled.jpg\" target=\"_blank\" rel=\"noopener\" data-rel=\"lightbox-image-6\" data-rl_title=\"\" data-rl_caption=\"\" title=\"\"><img loading=\"lazy\" decoding=\"async\" class=\"alignnone wp-image-1766 size-medium\" src=\"https:\/\/www.praha14.cz\/app\/uploads\/sites\/5\/2025\/09\/Udrzitelnost_IMG_3499_\u00a9TomasTurek-300x200.jpg\" alt=\"Udrzitelnost_IMG_3499_\u00a9TomasTurek\" width=\"300\" height=\"200\" srcset=\"https:\/\/www.praha14.cz\/app\/uploads\/sites\/5\/2025\/09\/Udrzitelnost_IMG_3499_\u00a9TomasTurek-300x200.jpg 300w, https:\/\/www.praha14.cz\/app\/uploads\/sites\/5\/2025\/09\/Udrzitelnost_IMG_3499_\u00a9TomasTurek-1024x683.jpg 1024w, https:\/\/www.praha14.cz\/app\/uploads\/sites\/5\/2025\/09\/Udrzitelnost_IMG_3499_\u00a9TomasTurek-768x512.jpg 768w, https:\/\/www.praha14.cz\/app\/uploads\/sites\/5\/2025\/09\/Udrzitelnost_IMG_3499_\u00a9TomasTurek-1536x1024.jpg 1536w, https:\/\/www.praha14.cz\/app\/uploads\/sites\/5\/2025\/09\/Udrzitelnost_IMG_3499_\u00a9TomasTurek-2048x1365.jpg 2048w\" sizes=\"(max-width: 300px) 100vw, 300px\" \/><\/a> <a href=\"https:\/\/www.praha14.cz\/app\/uploads\/sites\/5\/2025\/09\/Udrzitelnost_IMG_3560_\u00a9TomasTurek-scaled.jpg\" target=\"_blank\" rel=\"noopener\" data-rel=\"lightbox-image-7\" data-rl_title=\"\" data-rl_caption=\"\" title=\"\"><img loading=\"lazy\" decoding=\"async\" class=\"alignnone wp-image-1767 size-medium\" src=\"https:\/\/www.praha14.cz\/app\/uploads\/sites\/5\/2025\/09\/Udrzitelnost_IMG_3560_\u00a9TomasTurek-300x200.jpg\" alt=\"Udrzitelnost_IMG_3560_\u00a9TomasTurek\" width=\"300\" height=\"200\" srcset=\"https:\/\/www.praha14.cz\/app\/uploads\/sites\/5\/2025\/09\/Udrzitelnost_IMG_3560_\u00a9TomasTurek-300x200.jpg 300w, https:\/\/www.praha14.cz\/app\/uploads\/sites\/5\/2025\/09\/Udrzitelnost_IMG_3560_\u00a9TomasTurek-1024x683.jpg 1024w, https:\/\/www.praha14.cz\/app\/uploads\/sites\/5\/2025\/09\/Udrzitelnost_IMG_3560_\u00a9TomasTurek-768x512.jpg 768w, https:\/\/www.praha14.cz\/app\/uploads\/sites\/5\/2025\/09\/Udrzitelnost_IMG_3560_\u00a9TomasTurek-1536x1024.jpg 1536w, https:\/\/www.praha14.cz\/app\/uploads\/sites\/5\/2025\/09\/Udrzitelnost_IMG_3560_\u00a9TomasTurek-2048x1365.jpg 2048w\" sizes=\"(max-width: 300px) 100vw, 300px\" \/><\/a> <a href=\"https:\/\/www.praha14.cz\/app\/uploads\/sites\/5\/2025\/09\/Udrzitelnost_IMG_3618_\u00a9TomasTurek-scaled.jpg\" target=\"_blank\" rel=\"noopener\" data-rel=\"lightbox-image-8\" data-rl_title=\"\" data-rl_caption=\"\" title=\"\"><img loading=\"lazy\" decoding=\"async\" class=\"wp-image-1768 size-medium alignnone\" src=\"https:\/\/www.praha14.cz\/app\/uploads\/sites\/5\/2025\/09\/Udrzitelnost_IMG_3618_\u00a9TomasTurek-300x200.jpg\" alt=\"Udrzitelnost_IMG_3618_\u00a9TomasTurek\" width=\"300\" height=\"200\" srcset=\"https:\/\/www.praha14.cz\/app\/uploads\/sites\/5\/2025\/09\/Udrzitelnost_IMG_3618_\u00a9TomasTurek-300x200.jpg 300w, https:\/\/www.praha14.cz\/app\/uploads\/sites\/5\/2025\/09\/Udrzitelnost_IMG_3618_\u00a9TomasTurek-1024x683.jpg 1024w, https:\/\/www.praha14.cz\/app\/uploads\/sites\/5\/2025\/09\/Udrzitelnost_IMG_3618_\u00a9TomasTurek-768x512.jpg 768w, https:\/\/www.praha14.cz\/app\/uploads\/sites\/5\/2025\/09\/Udrzitelnost_IMG_3618_\u00a9TomasTurek-1536x1024.jpg 1536w, https:\/\/www.praha14.cz\/app\/uploads\/sites\/5\/2025\/09\/Udrzitelnost_IMG_3618_\u00a9TomasTurek-2048x1365.jpg 2048w\" sizes=\"(max-width: 300px) 100vw, 300px\" \/><\/a><\/p>\n<p>Foto: Tom\u00e1\u0161 Turek<\/p>\n<p style=\"text-align: right;\">Zve\u0159ejn\u011bno: 30. z\u00e1\u0159\u00ed 2025<\/p>\n<p>\n\t\t\t\t<\/div>\n\t\t\t<\/div>\n\t\t<\/article><\/div><\/section>\n","protected":false},"excerpt":{"rendered":"","protected":false},"author":1057,"featured_media":0,"parent":1653,"menu_order":0,"comment_status":"closed","ping_status":"closed","template":"","meta":{"_acf_changed":false,"footnotes":""},"class_list":["post-1663","page","type-page","status-publish","hentry"],"acf":[],"yoast_head":"<!-- This site is optimized with the Yoast SEO plugin v27.2 - https:\/\/yoast.com\/product\/yoast-seo-wordpress\/ -->\n<title>Spolupr\u00e1ce s podnikateli a neziskov\u00fdm sektorem - M\u011b\u0148te s n\u00e1mi Prahu 14<\/title>\n<meta name=\"robots\" content=\"index, follow, max-snippet:-1, max-image-preview:large, max-video-preview:-1\" \/>\n<link rel=\"canonical\" href=\"https:\/\/www.praha14.cz\/ctrnactka-podle-vas\/zapojeni-verejnosti\/spoluprace-s-podnikateli-a-neziskovym-sektorem\/\" \/>\n<meta property=\"og:locale\" content=\"cs_CZ\" \/>\n<meta property=\"og:type\" content=\"article\" \/>\n<meta property=\"og:title\" content=\"Spolupr\u00e1ce s podnikateli a neziskov\u00fdm sektorem - M\u011b\u0148te s n\u00e1mi Prahu 14\" \/>\n<meta property=\"og:url\" content=\"https:\/\/www.praha14.cz\/ctrnactka-podle-vas\/zapojeni-verejnosti\/spoluprace-s-podnikateli-a-neziskovym-sektorem\/\" \/>\n<meta property=\"og:site_name\" content=\"M\u011b\u0148te s n\u00e1mi Prahu 14\" \/>\n<meta property=\"article:modified_time\" content=\"2025-09-30T08:07:01+00:00\" \/>\n<meta name=\"twitter:card\" content=\"summary_large_image\" \/>\n<meta name=\"twitter:label1\" content=\"Est. reading time\" \/>\n\t<meta name=\"twitter:data1\" content=\"3 minuty\" \/>\n<script type=\"application\/ld+json\" class=\"yoast-schema-graph\">{\"@context\":\"https:\/\/schema.org\",\"@graph\":[{\"@type\":\"WebPage\",\"@id\":\"https:\/\/www.praha14.cz\/ctrnactka-podle-vas\/zapojeni-verejnosti\/spoluprace-s-podnikateli-a-neziskovym-sektorem\/\",\"url\":\"https:\/\/www.praha14.cz\/ctrnactka-podle-vas\/zapojeni-verejnosti\/spoluprace-s-podnikateli-a-neziskovym-sektorem\/\",\"name\":\"Spolupr\u00e1ce s podnikateli a neziskov\u00fdm sektorem - M\u011b\u0148te s n\u00e1mi Prahu 14\",\"isPartOf\":{\"@id\":\"https:\/\/www.praha14.cz\/ctrnactka-podle-vas\/#website\"},\"datePublished\":\"2025-05-20T08:25:13+00:00\",\"dateModified\":\"2025-09-30T08:07:01+00:00\",\"breadcrumb\":{\"@id\":\"https:\/\/www.praha14.cz\/ctrnactka-podle-vas\/zapojeni-verejnosti\/spoluprace-s-podnikateli-a-neziskovym-sektorem\/#breadcrumb\"},\"inLanguage\":\"cs\",\"potentialAction\":[{\"@type\":\"ReadAction\",\"target\":[\"https:\/\/www.praha14.cz\/ctrnactka-podle-vas\/zapojeni-verejnosti\/spoluprace-s-podnikateli-a-neziskovym-sektorem\/\"]}]},{\"@type\":\"BreadcrumbList\",\"@id\":\"https:\/\/www.praha14.cz\/ctrnactka-podle-vas\/zapojeni-verejnosti\/spoluprace-s-podnikateli-a-neziskovym-sektorem\/#breadcrumb\",\"itemListElement\":[{\"@type\":\"ListItem\",\"position\":1,\"name\":\"M\u011b\u0148te s n\u00e1mi Prahu 14\",\"item\":\"https:\/\/www.praha14.cz\/ctrnactka-podle-vas\/\"},{\"@type\":\"ListItem\",\"position\":2,\"name\":\"Zapojen\u00ed ve\u0159ejnosti\",\"item\":\"https:\/\/www.praha14.cz\/ctrnactka-podle-vas\/zapojeni-verejnosti\/\"},{\"@type\":\"ListItem\",\"position\":3,\"name\":\"Spolupr\u00e1ce s podnikateli a neziskov\u00fdm sektorem\"}]},{\"@type\":\"WebSite\",\"@id\":\"https:\/\/www.praha14.cz\/ctrnactka-podle-vas\/#website\",\"url\":\"https:\/\/www.praha14.cz\/ctrnactka-podle-vas\/\",\"name\":\"M\u011b\u0148te s n\u00e1mi Prahu 14\",\"description\":\"\u010ctrn\u00e1ctka podle v\u00e1s\",\"potentialAction\":[{\"@type\":\"SearchAction\",\"target\":{\"@type\":\"EntryPoint\",\"urlTemplate\":\"https:\/\/www.praha14.cz\/ctrnactka-podle-vas\/?s={search_term_string}\"},\"query-input\":{\"@type\":\"PropertyValueSpecification\",\"valueRequired\":true,\"valueName\":\"search_term_string\"}}],\"inLanguage\":\"cs\"}]}<\/script>\n<!-- \/ Yoast SEO plugin. -->","yoast_head_json":{"title":"Spolupr\u00e1ce s podnikateli a neziskov\u00fdm sektorem - M\u011b\u0148te s n\u00e1mi Prahu 14","robots":{"index":"index","follow":"follow","max-snippet":"max-snippet:-1","max-image-preview":"max-image-preview:large","max-video-preview":"max-video-preview:-1"},"canonical":"https:\/\/www.praha14.cz\/ctrnactka-podle-vas\/zapojeni-verejnosti\/spoluprace-s-podnikateli-a-neziskovym-sektorem\/","og_locale":"cs_CZ","og_type":"article","og_title":"Spolupr\u00e1ce s podnikateli a neziskov\u00fdm sektorem - M\u011b\u0148te s n\u00e1mi Prahu 14","og_url":"https:\/\/www.praha14.cz\/ctrnactka-podle-vas\/zapojeni-verejnosti\/spoluprace-s-podnikateli-a-neziskovym-sektorem\/","og_site_name":"M\u011b\u0148te s n\u00e1mi Prahu 14","article_modified_time":"2025-09-30T08:07:01+00:00","twitter_card":"summary_large_image","twitter_misc":{"Est. reading time":"3 minuty"},"schema":{"@context":"https:\/\/schema.org","@graph":[{"@type":"WebPage","@id":"https:\/\/www.praha14.cz\/ctrnactka-podle-vas\/zapojeni-verejnosti\/spoluprace-s-podnikateli-a-neziskovym-sektorem\/","url":"https:\/\/www.praha14.cz\/ctrnactka-podle-vas\/zapojeni-verejnosti\/spoluprace-s-podnikateli-a-neziskovym-sektorem\/","name":"Spolupr\u00e1ce s podnikateli a neziskov\u00fdm sektorem - M\u011b\u0148te s n\u00e1mi Prahu 14","isPartOf":{"@id":"https:\/\/www.praha14.cz\/ctrnactka-podle-vas\/#website"},"datePublished":"2025-05-20T08:25:13+00:00","dateModified":"2025-09-30T08:07:01+00:00","breadcrumb":{"@id":"https:\/\/www.praha14.cz\/ctrnactka-podle-vas\/zapojeni-verejnosti\/spoluprace-s-podnikateli-a-neziskovym-sektorem\/#breadcrumb"},"inLanguage":"cs","potentialAction":[{"@type":"ReadAction","target":["https:\/\/www.praha14.cz\/ctrnactka-podle-vas\/zapojeni-verejnosti\/spoluprace-s-podnikateli-a-neziskovym-sektorem\/"]}]},{"@type":"BreadcrumbList","@id":"https:\/\/www.praha14.cz\/ctrnactka-podle-vas\/zapojeni-verejnosti\/spoluprace-s-podnikateli-a-neziskovym-sektorem\/#breadcrumb","itemListElement":[{"@type":"ListItem","position":1,"name":"M\u011b\u0148te s n\u00e1mi Prahu 14","item":"https:\/\/www.praha14.cz\/ctrnactka-podle-vas\/"},{"@type":"ListItem","position":2,"name":"Zapojen\u00ed ve\u0159ejnosti","item":"https:\/\/www.praha14.cz\/ctrnactka-podle-vas\/zapojeni-verejnosti\/"},{"@type":"ListItem","position":3,"name":"Spolupr\u00e1ce s podnikateli a neziskov\u00fdm sektorem"}]},{"@type":"WebSite","@id":"https:\/\/www.praha14.cz\/ctrnactka-podle-vas\/#website","url":"https:\/\/www.praha14.cz\/ctrnactka-podle-vas\/","name":"M\u011b\u0148te s n\u00e1mi Prahu 14","description":"\u010ctrn\u00e1ctka podle v\u00e1s","potentialAction":[{"@type":"SearchAction","target":{"@type":"EntryPoint","urlTemplate":"https:\/\/www.praha14.cz\/ctrnactka-podle-vas\/?s={search_term_string}"},"query-input":{"@type":"PropertyValueSpecification","valueRequired":true,"valueName":"search_term_string"}}],"inLanguage":"cs"}]}},"_links":{"self":[{"href":"https:\/\/www.praha14.cz\/ctrnactka-podle-vas\/wp-json\/wp\/v2\/pages\/1663","targetHints":{"allow":["GET"]}}],"collection":[{"href":"https:\/\/www.praha14.cz\/ctrnactka-podle-vas\/wp-json\/wp\/v2\/pages"}],"about":[{"href":"https:\/\/www.praha14.cz\/ctrnactka-podle-vas\/wp-json\/wp\/v2\/types\/page"}],"author":[{"embeddable":true,"href":"https:\/\/www.praha14.cz\/ctrnactka-podle-vas\/wp-json\/wp\/v2\/users\/1057"}],"replies":[{"embeddable":true,"href":"https:\/\/www.praha14.cz\/ctrnactka-podle-vas\/wp-json\/wp\/v2\/comments?post=1663"}],"version-history":[{"count":4,"href":"https:\/\/www.praha14.cz\/ctrnactka-podle-vas\/wp-json\/wp\/v2\/pages\/1663\/revisions"}],"predecessor-version":[{"id":1770,"href":"https:\/\/www.praha14.cz\/ctrnactka-podle-vas\/wp-json\/wp\/v2\/pages\/1663\/revisions\/1770"}],"up":[{"embeddable":true,"href":"https:\/\/www.praha14.cz\/ctrnactka-podle-vas\/wp-json\/wp\/v2\/pages\/1653"}],"wp:attachment":[{"href":"https:\/\/www.praha14.cz\/ctrnactka-podle-vas\/wp-json\/wp\/v2\/media?parent=1663"}],"curies":[{"name":"wp","href":"https:\/\/api.w.org\/{rel}","templated":true}]}}