{"id":1785,"date":"2025-12-15T11:41:30","date_gmt":"2025-12-15T10:41:30","guid":{"rendered":"https:\/\/www.praha14.cz\/ctrnactka-podle-vas\/?page_id=1785"},"modified":"2025-12-15T11:55:33","modified_gmt":"2025-12-15T10:55:33","slug":"5-rocnik","status":"publish","type":"page","link":"https:\/\/www.praha14.cz\/ctrnactka-podle-vas\/o-projektu\/5-rocnik\/","title":{"rendered":"5. ro\u010dn\u00edk"},"content":{"rendered":"<section class=\"p14-panel-group\"><div id=\"panel_group_1\" class=\"panel-group\"><br \/>\n<article class=\"panel panel-default\">\n\t\t\t<div class=\"panel-heading\">\n\t\t\t\t<h1 class=\"panel-title\">\n\t\t\t\t\t<a data-toggle=\"collapse\" data-parent=\"#panel_group_1\" href=\"#panel_1_1\" class=\"collapsed\">\n\t\t\t\t\t\tHarmonogram projektu\n\t\t\t\t\t<\/a>\n\t\t\t\t<\/h1>\n\t\t\t<\/div>\n\t\t\t<div id=\"panel_1_1\" class=\"panel-collapse collapse\">\n\t\t\t\t<div class=\"panel-body\">\n\t\t\t\t\t<\/p>\n<p><strong>LISTOPAD 2025 &#8211; PROSINEC 2025<\/strong><\/p>\n<ol>\n<li><strong><em>Stanoven\u00ed pravidel a detailn\u00ed podoby postupu Participativn\u00edho rozpo\u010dtu<\/em><\/strong>\n<ul>\n<li>Finalizace pravidel a detailn\u00ed podoby postupy PaR<\/li>\n<li>Schv\u00e1len\u00ed postupu RM\u010c<\/li>\n<li>Schv\u00e1len\u00ed postupu ZM\u010c<\/li>\n<li>P\u0159\u00edprava pl\u00e1nu a podklad\u016f pro informov\u00e1n\u00ed ob\u010dan\u016f<\/li>\n<\/ul>\n<\/li>\n<\/ol>\n<p><strong>PROSINEC 2025 &#8211; \u00a0LEDEN 2026<\/strong><\/p>\n<ol start=\"2\">\n<li><strong><em>Informov\u00e1n\u00ed a motivace ob\u010dan\u016f<\/em><\/strong>\n<ul>\n<li>Kompletn\u00ed prezentace podoby projektu prost\u0159ednictv\u00edm vytipovan\u00fdch komunika\u010dn\u00edch kan\u00e1l\u016f<\/li>\n<li>Otev\u0159en\u00ed mo\u017enosti pod\u00e1vat projekty<\/li>\n<\/ul>\n<\/li>\n<\/ol>\n<p><strong>\u00daNOR &#8211; B\u0158EZEN 2026<\/strong><\/p>\n<ol start=\"3\">\n<li><strong><em>Pod\u00e1v\u00e1n\u00ed projekt\u016f <\/em><\/strong><em>(1. 2. \u2013 30. 3. 2026) <\/em>\n<ul>\n<li>Otev\u0159en\u00ed mo\u017enosti pod\u00e1vat projekty<\/li>\n<li>Form\u00e1ln\u00ed kontrola projekt\u016f a p\u0159ed\u00e1n\u00ed k\u00a0anal\u00fdze proveditelnosti<\/li>\n<li>Zve\u0159ejn\u011bn\u00ed kr\u00e1tk\u00e9 anotace projekt\u016f<\/li>\n<\/ul>\n<\/li>\n<\/ol>\n<p><strong>DUBEN &#8211; KV\u011aTEN 2026 <\/strong><\/p>\n<ol start=\"4\">\n<li><strong><em>Prov\u011b\u0159en\u00ed realizovatelnosti projekt\u016f ob\u010dan\u016f <\/em><\/strong><em>(do 15.5. 2026)<\/em>\n<ul>\n<li>Hodnocen\u00ed projekt\u016f z\u00a0hlediska proveditelnosti a zp\u011btn\u00e1 vazba autor\u016fm<\/li>\n<li>Finalizace projekt\u016f ve spolupr\u00e1ci \u00fa\u0159ad \u2013 autor<\/li>\n<li>P\u0159edstaven\u00ed projekt\u016f Komisi UR<\/li>\n<\/ul>\n<\/li>\n<\/ol>\n<p><strong>\u010cERVEN 2026<\/strong><\/p>\n<ol start=\"5\">\n<li><strong><em>Prezentace projekt\u016f a z\u00e1v\u011bre\u010dn\u00e9 hlasov\u00e1n\u00ed<\/em><\/strong>\n<ul>\n<li>P\u0159edstaven\u00ed projekt\u016f RM\u010c<\/li>\n<li>Setk\u00e1v\u00e1n\u00ed s\u00a0obyvateli a p\u0159edstaven\u00ed navrhovan\u00fdch projekt\u016f<\/li>\n<li>Informov\u00e1n\u00ed ob\u010dan\u016f o fin\u00e1ln\u00ed podob\u011b projekt\u016f a bl\u00ed\u017e\u00edc\u00edm se hlasov\u00e1n\u00ed<\/li>\n<li>Hlasov\u00e1n\u00ed <em>(<\/em> 6. 2026 \u2013 16. 6. 2026)<\/li>\n<\/ul>\n<\/li>\n<\/ol>\n<p><strong>\u010cERVENEC 2026 \u2013 SRPEN 2026<\/strong><\/p>\n<ol start=\"6\">\n<li><strong><em>P\u0159\u00edprava realizace projekt\u016f <\/em><\/strong>\n<ul>\n<li>zve\u0159ejn\u011bn\u00ed v\u00fdsledk\u016f hlasov\u00e1n\u00ed<\/li>\n<\/ul>\n<\/li>\n<\/ol>\n<p><strong>Z\u00c1\u0158\u00cd 2026 \u2013 Z\u00c1\u0158\u00cd 2028<\/strong><\/p>\n<ol start=\"7\">\n<li><strong><em>Realizace v\u00edt\u011bzn\u00fdch projekt\u016f <\/em><\/strong><\/li>\n<\/ol>\n<p>\n\t\t\t\t<\/div>\n\t\t\t<\/div>\n\t\t<\/article><br \/>\n<article class=\"panel panel-default\">\n\t\t\t<div class=\"panel-heading\">\n\t\t\t\t<h1 class=\"panel-title\">\n\t\t\t\t\t<a data-toggle=\"collapse\" data-parent=\"#panel_group_1\" href=\"#panel_1_2\" class=\"collapsed\">\n\t\t\t\t\t\tPravidla projektu\n\t\t\t\t\t<\/a>\n\t\t\t\t<\/h1>\n\t\t\t<\/div>\n\t\t\t<div id=\"panel_1_2\" class=\"panel-collapse collapse\">\n\t\t\t\t<div class=\"panel-body\">\n\t\t\t\t\t<\/p>\n<p><a href=\"https:\/\/www.praha14.cz\/app\/uploads\/sites\/5\/2025\/12\/Pravidla-PaR-5.-rocnik-bez-formulare-a-harmonogramu.pdf\" target=\"_blank\" rel=\"noopener\">Pravidla projektu<\/a><br \/>\n\n\t\t\t\t<\/div>\n\t\t\t<\/div>\n\t\t<\/article><br \/>\n<article class=\"panel panel-default\">\n\t\t\t<div class=\"panel-heading\">\n\t\t\t\t<h1 class=\"panel-title\">\n\t\t\t\t\t<a data-toggle=\"collapse\" data-parent=\"#panel_group_1\" href=\"#panel_1_3\" class=\"collapsed\">\n\t\t\t\t\t\tVe\u0159ejn\u00e1 setk\u00e1n\u00ed\n\t\t\t\t\t<\/a>\n\t\t\t\t<\/h1>\n\t\t\t<\/div>\n\t\t\t<div id=\"panel_1_3\" class=\"panel-collapse collapse\">\n\t\t\t\t<div class=\"panel-body\">\n\t\t\t\t\t<br \/>\n\n\t\t\t\t<\/div>\n\t\t\t<\/div>\n\t\t<\/article><br \/>\n<article class=\"panel panel-default\">\n\t\t\t<div class=\"panel-heading\">\n\t\t\t\t<h1 class=\"panel-title\">\n\t\t\t\t\t<a data-toggle=\"collapse\" data-parent=\"#panel_group_1\" href=\"#panel_1_4\" class=\"collapsed\">\n\t\t\t\t\t\tHlasov\u00e1n\u00ed\n\t\t\t\t\t<\/a>\n\t\t\t\t<\/h1>\n\t\t\t<\/div>\n\t\t\t<div id=\"panel_1_4\" class=\"panel-collapse collapse\">\n\t\t\t\t<div class=\"panel-body\">\n\t\t\t\t\t<br \/>\n\n\t\t\t\t<\/div>\n\t\t\t<\/div>\n\t\t<\/article><br \/>\n<article class=\"panel panel-default\">\n\t\t\t<div class=\"panel-heading\">\n\t\t\t\t<h1 class=\"panel-title\">\n\t\t\t\t\t<a data-toggle=\"collapse\" data-parent=\"#panel_group_1\" href=\"#panel_1_5\" class=\"collapsed\">\n\t\t\t\t\t\tDokumenty ke sta\u017een\u00ed\n\t\t\t\t\t<\/a>\n\t\t\t\t<\/h1>\n\t\t\t<\/div>\n\t\t\t<div id=\"panel_1_5\" class=\"panel-collapse collapse\">\n\t\t\t\t<div class=\"panel-body\">\n\t\t\t\t\t<\/p>\n<p><a href=\"https:\/\/www.praha14.cz\/app\/uploads\/sites\/5\/2019\/04\/writing-828911_1920.jpg\" data-rel=\"lightbox-image-0\" data-rl_title=\"\" data-rl_caption=\"\" title=\"\"><img loading=\"lazy\" decoding=\"async\" class=\" wp-image-183 alignleft\" src=\"https:\/\/www.praha14.cz\/app\/uploads\/sites\/5\/2019\/04\/writing-828911_1920-300x200.jpg\" alt=\"\" width=\"328\" height=\"218\" srcset=\"https:\/\/www.praha14.cz\/app\/uploads\/sites\/5\/2019\/04\/writing-828911_1920-300x200.jpg 300w, https:\/\/www.praha14.cz\/app\/uploads\/sites\/5\/2019\/04\/writing-828911_1920-768x512.jpg 768w, https:\/\/www.praha14.cz\/app\/uploads\/sites\/5\/2019\/04\/writing-828911_1920-1024x683.jpg 1024w, https:\/\/www.praha14.cz\/app\/uploads\/sites\/5\/2019\/04\/writing-828911_1920.jpg 1920w\" sizes=\"(max-width: 328px) 100vw, 328px\" \/><\/a><\/p>\n<p><a href=\"https:\/\/www.praha14.cz\/app\/uploads\/sites\/5\/2025\/12\/Pravidla-PaR-5.-rocnik-bez-formulare-a-harmonogramu.pdf\" target=\"_blank\" rel=\"noopener\">Pravidla 5. ro\u010dn\u00edku participativn\u00edho rozpo\u010dtu \u010ctrn\u00e1ctka podle v\u00e1s<\/a><\/p>\n<p><a href=\"https:\/\/www.praha14.cz\/app\/uploads\/sites\/5\/2025\/12\/usn.711_RMC2025_-pravidla-a-harmonogram-5-rocniku-PaR.pdf\" target=\"_blank\" rel=\"noopener\">Usnesen\u00ed Rady M\u010c Praha 14 k zaveden\u00ed 5. ro\u010dn\u00edku participativn\u00edho rozpo\u010dtu<\/a><\/p>\n<p><a href=\"https:\/\/www.praha14.cz\/app\/uploads\/sites\/5\/2025\/12\/usn.-088_ZMC_2025_-harmonogram-a-pravidla-PaR.pdf\" target=\"_blank\" rel=\"noopener\">Usnesen\u00ed Zastupitelstva M\u010c Praha 14 k zaveden\u00ed 5. ro\u010dn\u00edku participativn\u00edho rozpo\u010dtu<\/a><\/p>\n<p><a href=\"https:\/\/www.praha14.cz\/app\/uploads\/sites\/4\/2025\/02\/SUR-Praha-14_fin.pdf\" target=\"_blank\" rel=\"noopener noreferrer\">Strategie udr\u017eiteln\u00e9ho rozvoje M\u010c P14 2025+<\/a><\/p>\n<p><a href=\"http:\/\/www.praha.eu\/jnp\/cz\/o_meste\/magistrat\/odbory\/odbor_uzemniho_rozvoje\/uzemni_planovani\/uzemni_plan\/\" target=\"_blank\" rel=\"noopener noreferrer\">\u00dazemn\u00ed pl\u00e1n HMP<\/a><\/p>\n<p>&nbsp;<\/p>\n<p>\n\t\t\t\t<\/div>\n\t\t\t<\/div>\n\t\t<\/article><br \/>\n<\/div><\/section>\n","protected":false},"excerpt":{"rendered":"","protected":false},"author":1057,"featured_media":0,"parent":34,"menu_order":0,"comment_status":"closed","ping_status":"closed","template":"","meta":{"_acf_changed":false,"footnotes":""},"class_list":["post-1785","page","type-page","status-publish","hentry"],"acf":[],"yoast_head":"<!-- This site is optimized with the Yoast SEO plugin v27.2 - https:\/\/yoast.com\/product\/yoast-seo-wordpress\/ -->\n<title>5. ro\u010dn\u00edk - M\u011b\u0148te s n\u00e1mi Prahu 14<\/title>\n<meta name=\"robots\" content=\"index, follow, max-snippet:-1, max-image-preview:large, max-video-preview:-1\" \/>\n<link rel=\"canonical\" href=\"https:\/\/www.praha14.cz\/ctrnactka-podle-vas\/o-projektu\/5-rocnik\/\" \/>\n<meta property=\"og:locale\" content=\"cs_CZ\" \/>\n<meta property=\"og:type\" content=\"article\" \/>\n<meta property=\"og:title\" content=\"5. ro\u010dn\u00edk - M\u011b\u0148te s n\u00e1mi Prahu 14\" \/>\n<meta property=\"og:url\" content=\"https:\/\/www.praha14.cz\/ctrnactka-podle-vas\/o-projektu\/5-rocnik\/\" \/>\n<meta property=\"og:site_name\" content=\"M\u011b\u0148te s n\u00e1mi Prahu 14\" \/>\n<meta property=\"article:modified_time\" content=\"2025-12-15T10:55:33+00:00\" \/>\n<meta property=\"og:image\" content=\"https:\/\/www.praha14.cz\/app\/uploads\/sites\/5\/2019\/04\/writing-828911_1920.jpg\" \/>\n\t<meta property=\"og:image:width\" content=\"1920\" \/>\n\t<meta property=\"og:image:height\" content=\"1280\" \/>\n\t<meta property=\"og:image:type\" content=\"image\/jpeg\" \/>\n<meta name=\"twitter:card\" content=\"summary_large_image\" \/>\n<meta name=\"twitter:label1\" content=\"Est. reading time\" \/>\n\t<meta name=\"twitter:data1\" content=\"2 minuty\" \/>\n<script type=\"application\/ld+json\" class=\"yoast-schema-graph\">{\"@context\":\"https:\/\/schema.org\",\"@graph\":[{\"@type\":\"WebPage\",\"@id\":\"https:\/\/www.praha14.cz\/ctrnactka-podle-vas\/o-projektu\/5-rocnik\/\",\"url\":\"https:\/\/www.praha14.cz\/ctrnactka-podle-vas\/o-projektu\/5-rocnik\/\",\"name\":\"5. ro\u010dn\u00edk - M\u011b\u0148te s n\u00e1mi Prahu 14\",\"isPartOf\":{\"@id\":\"https:\/\/www.praha14.cz\/ctrnactka-podle-vas\/#website\"},\"primaryImageOfPage\":{\"@id\":\"https:\/\/www.praha14.cz\/ctrnactka-podle-vas\/o-projektu\/5-rocnik\/#primaryimage\"},\"image\":{\"@id\":\"https:\/\/www.praha14.cz\/ctrnactka-podle-vas\/o-projektu\/5-rocnik\/#primaryimage\"},\"thumbnailUrl\":\"https:\/\/www.praha14.cz\/app\/uploads\/sites\/5\/2019\/04\/writing-828911_1920-300x200.jpg\",\"datePublished\":\"2025-12-15T10:41:30+00:00\",\"dateModified\":\"2025-12-15T10:55:33+00:00\",\"breadcrumb\":{\"@id\":\"https:\/\/www.praha14.cz\/ctrnactka-podle-vas\/o-projektu\/5-rocnik\/#breadcrumb\"},\"inLanguage\":\"cs\",\"potentialAction\":[{\"@type\":\"ReadAction\",\"target\":[\"https:\/\/www.praha14.cz\/ctrnactka-podle-vas\/o-projektu\/5-rocnik\/\"]}]},{\"@type\":\"ImageObject\",\"inLanguage\":\"cs\",\"@id\":\"https:\/\/www.praha14.cz\/ctrnactka-podle-vas\/o-projektu\/5-rocnik\/#primaryimage\",\"url\":\"https:\/\/www.praha14.cz\/app\/uploads\/sites\/5\/2019\/04\/writing-828911_1920-300x200.jpg\",\"contentUrl\":\"https:\/\/www.praha14.cz\/app\/uploads\/sites\/5\/2019\/04\/writing-828911_1920-300x200.jpg\"},{\"@type\":\"BreadcrumbList\",\"@id\":\"https:\/\/www.praha14.cz\/ctrnactka-podle-vas\/o-projektu\/5-rocnik\/#breadcrumb\",\"itemListElement\":[{\"@type\":\"ListItem\",\"position\":1,\"name\":\"M\u011b\u0148te s n\u00e1mi Prahu 14\",\"item\":\"https:\/\/www.praha14.cz\/ctrnactka-podle-vas\/\"},{\"@type\":\"ListItem\",\"position\":2,\"name\":\"M\u011b\u0148te s n\u00e1mi Prahu 14\",\"item\":\"https:\/\/www.praha14.cz\/ctrnactka-podle-vas\/o-projektu\/\"},{\"@type\":\"ListItem\",\"position\":3,\"name\":\"5. ro\u010dn\u00edk\"}]},{\"@type\":\"WebSite\",\"@id\":\"https:\/\/www.praha14.cz\/ctrnactka-podle-vas\/#website\",\"url\":\"https:\/\/www.praha14.cz\/ctrnactka-podle-vas\/\",\"name\":\"M\u011b\u0148te s n\u00e1mi Prahu 14\",\"description\":\"\u010ctrn\u00e1ctka podle v\u00e1s\",\"potentialAction\":[{\"@type\":\"SearchAction\",\"target\":{\"@type\":\"EntryPoint\",\"urlTemplate\":\"https:\/\/www.praha14.cz\/ctrnactka-podle-vas\/?s={search_term_string}\"},\"query-input\":{\"@type\":\"PropertyValueSpecification\",\"valueRequired\":true,\"valueName\":\"search_term_string\"}}],\"inLanguage\":\"cs\"}]}<\/script>\n<!-- \/ Yoast SEO plugin. -->","yoast_head_json":{"title":"5. ro\u010dn\u00edk - M\u011b\u0148te s n\u00e1mi Prahu 14","robots":{"index":"index","follow":"follow","max-snippet":"max-snippet:-1","max-image-preview":"max-image-preview:large","max-video-preview":"max-video-preview:-1"},"canonical":"https:\/\/www.praha14.cz\/ctrnactka-podle-vas\/o-projektu\/5-rocnik\/","og_locale":"cs_CZ","og_type":"article","og_title":"5. ro\u010dn\u00edk - M\u011b\u0148te s n\u00e1mi Prahu 14","og_url":"https:\/\/www.praha14.cz\/ctrnactka-podle-vas\/o-projektu\/5-rocnik\/","og_site_name":"M\u011b\u0148te s n\u00e1mi Prahu 14","article_modified_time":"2025-12-15T10:55:33+00:00","og_image":[{"width":1920,"height":1280,"url":"https:\/\/www.praha14.cz\/app\/uploads\/sites\/5\/2019\/04\/writing-828911_1920.jpg","type":"image\/jpeg"}],"twitter_card":"summary_large_image","twitter_misc":{"Est. reading time":"2 minuty"},"schema":{"@context":"https:\/\/schema.org","@graph":[{"@type":"WebPage","@id":"https:\/\/www.praha14.cz\/ctrnactka-podle-vas\/o-projektu\/5-rocnik\/","url":"https:\/\/www.praha14.cz\/ctrnactka-podle-vas\/o-projektu\/5-rocnik\/","name":"5. ro\u010dn\u00edk - M\u011b\u0148te s n\u00e1mi Prahu 14","isPartOf":{"@id":"https:\/\/www.praha14.cz\/ctrnactka-podle-vas\/#website"},"primaryImageOfPage":{"@id":"https:\/\/www.praha14.cz\/ctrnactka-podle-vas\/o-projektu\/5-rocnik\/#primaryimage"},"image":{"@id":"https:\/\/www.praha14.cz\/ctrnactka-podle-vas\/o-projektu\/5-rocnik\/#primaryimage"},"thumbnailUrl":"https:\/\/www.praha14.cz\/app\/uploads\/sites\/5\/2019\/04\/writing-828911_1920-300x200.jpg","datePublished":"2025-12-15T10:41:30+00:00","dateModified":"2025-12-15T10:55:33+00:00","breadcrumb":{"@id":"https:\/\/www.praha14.cz\/ctrnactka-podle-vas\/o-projektu\/5-rocnik\/#breadcrumb"},"inLanguage":"cs","potentialAction":[{"@type":"ReadAction","target":["https:\/\/www.praha14.cz\/ctrnactka-podle-vas\/o-projektu\/5-rocnik\/"]}]},{"@type":"ImageObject","inLanguage":"cs","@id":"https:\/\/www.praha14.cz\/ctrnactka-podle-vas\/o-projektu\/5-rocnik\/#primaryimage","url":"https:\/\/www.praha14.cz\/app\/uploads\/sites\/5\/2019\/04\/writing-828911_1920-300x200.jpg","contentUrl":"https:\/\/www.praha14.cz\/app\/uploads\/sites\/5\/2019\/04\/writing-828911_1920-300x200.jpg"},{"@type":"BreadcrumbList","@id":"https:\/\/www.praha14.cz\/ctrnactka-podle-vas\/o-projektu\/5-rocnik\/#breadcrumb","itemListElement":[{"@type":"ListItem","position":1,"name":"M\u011b\u0148te s n\u00e1mi Prahu 14","item":"https:\/\/www.praha14.cz\/ctrnactka-podle-vas\/"},{"@type":"ListItem","position":2,"name":"M\u011b\u0148te s n\u00e1mi Prahu 14","item":"https:\/\/www.praha14.cz\/ctrnactka-podle-vas\/o-projektu\/"},{"@type":"ListItem","position":3,"name":"5. ro\u010dn\u00edk"}]},{"@type":"WebSite","@id":"https:\/\/www.praha14.cz\/ctrnactka-podle-vas\/#website","url":"https:\/\/www.praha14.cz\/ctrnactka-podle-vas\/","name":"M\u011b\u0148te s n\u00e1mi Prahu 14","description":"\u010ctrn\u00e1ctka podle v\u00e1s","potentialAction":[{"@type":"SearchAction","target":{"@type":"EntryPoint","urlTemplate":"https:\/\/www.praha14.cz\/ctrnactka-podle-vas\/?s={search_term_string}"},"query-input":{"@type":"PropertyValueSpecification","valueRequired":true,"valueName":"search_term_string"}}],"inLanguage":"cs"}]}},"_links":{"self":[{"href":"https:\/\/www.praha14.cz\/ctrnactka-podle-vas\/wp-json\/wp\/v2\/pages\/1785","targetHints":{"allow":["GET"]}}],"collection":[{"href":"https:\/\/www.praha14.cz\/ctrnactka-podle-vas\/wp-json\/wp\/v2\/pages"}],"about":[{"href":"https:\/\/www.praha14.cz\/ctrnactka-podle-vas\/wp-json\/wp\/v2\/types\/page"}],"author":[{"embeddable":true,"href":"https:\/\/www.praha14.cz\/ctrnactka-podle-vas\/wp-json\/wp\/v2\/users\/1057"}],"replies":[{"embeddable":true,"href":"https:\/\/www.praha14.cz\/ctrnactka-podle-vas\/wp-json\/wp\/v2\/comments?post=1785"}],"version-history":[{"count":8,"href":"https:\/\/www.praha14.cz\/ctrnactka-podle-vas\/wp-json\/wp\/v2\/pages\/1785\/revisions"}],"predecessor-version":[{"id":1801,"href":"https:\/\/www.praha14.cz\/ctrnactka-podle-vas\/wp-json\/wp\/v2\/pages\/1785\/revisions\/1801"}],"up":[{"embeddable":true,"href":"https:\/\/www.praha14.cz\/ctrnactka-podle-vas\/wp-json\/wp\/v2\/pages\/34"}],"wp:attachment":[{"href":"https:\/\/www.praha14.cz\/ctrnactka-podle-vas\/wp-json\/wp\/v2\/media?parent=1785"}],"curies":[{"name":"wp","href":"https:\/\/api.w.org\/{rel}","templated":true}]}}