{"id":246,"date":"2019-04-11T10:08:45","date_gmt":"2019-04-11T09:08:45","guid":{"rendered":"https:\/\/www.praha14.cz\/ctrnactka-podle-vas\/?page_id=246"},"modified":"2026-01-05T14:16:49","modified_gmt":"2026-01-05T13:16:49","slug":"hlasovani","status":"publish","type":"page","link":"https:\/\/www.praha14.cz\/ctrnactka-podle-vas\/o-projektu\/navrhy-4-rocnik\/hlasovani\/","title":{"rendered":"Hlasov\u00e1n\u00ed"},"content":{"rendered":"<section class=\"p14-panel-group\"><div id=\"panel_group_1\" class=\"panel-group\"><br \/>\n<article class=\"panel panel-default\">\n\t\t\t<div class=\"panel-heading\">\n\t\t\t\t<h1 class=\"panel-title\">\n\t\t\t\t\t<a data-toggle=\"collapse\" data-parent=\"#panel_group_1\" href=\"#panel_1_1\" class=\"collapsed\">\n\t\t\t\t\t\t\u010cTVRT\u00dd RO\u010cN\u00cdK 2023 - 2025\n\t\t\t\t\t<\/a>\n\t\t\t\t<\/h1>\n\t\t\t<\/div>\n\t\t\t<div id=\"panel_1_1\" class=\"panel-collapse collapse\">\n\t\t\t\t<div class=\"panel-body\">\n\t\t\t\t\t<\/p>\n<p>Ve\u0159ejn\u00e9 hlasov\u00e1n\u00ed v r\u00e1mci \u010dtvrt\u00e9ho ro\u010dn\u00edku participativn\u00edho rozpo\u010dtu \u010ctrn\u00e1ctka podle v\u00e1s skon\u010dilo. \u201eZelenou\u201c lid\u00e9 dali 4 mal\u00fdm (do 300 tis\u00edc korun) a 3 velk\u00fdm (do 2,5 milionu korun) z celkem 11 soupe\u0159\u00edc\u00edch ob\u010dansk\u00fdch projekt\u016f. V\u00fdsledky se nyn\u00ed bude zab\u00fdvat rada m\u011bstsk\u00e9 \u010d\u00e1sti. Projekty by m\u011bly b\u00fdt realizov\u00e1ny do konce roku 2025, stejn\u011b jako v p\u0159ede\u0161l\u00fdch ro\u010dn\u00edc\u00edch participativn\u00edho rozpo\u010dtu na n\u011b radnice uvolnila 5 milion\u016f korun. V\u0161echny podan\u00e9 projekty maj\u00ed spole\u010dn\u00fd c\u00edl \u2013 zp\u0159\u00edjemnit \u017eivot v m\u011bstsk\u00e9 \u010d\u00e1sti.<\/p>\n<p><strong>V\u00fdsledky hlasov\u00e1n\u00ed:<\/strong><\/p>\n<p><strong>MAL\u00c9 PROJEKTY<\/strong><\/p>\n<ol>\n<li>Dopln\u011bn\u00ed hern\u00edch prvk\u016f na h\u0159i\u0161t\u011b Sicherova<\/li>\n<li>Revitalizace doln\u00ed \u010d\u00e1sti Aleje Vidl\u00e1k v Hostavic\u00edch<\/li>\n<li>Obnova ve\u0159ejn\u00e9 studny v Hostavic\u00edch<\/li>\n<li>Fit park Lehovec<\/li>\n<\/ol>\n<p><strong>VELK\u00c9 PROJEKTY<\/strong><\/p>\n<ol>\n<li>Vyhl\u00eddkov\u00e9 molo nad Kyjsk\u00fdm rybn\u00edkem<\/li>\n<li>Rekonstrukce chodn\u00edku Dvo\u0159i\u0161\u0165sk\u00e1<\/li>\n<li>Venkovn\u00ed gymnastick\u00fd workout na Hut\u00edch<\/li>\n<li>\u00daprava h\u0159i\u0161\u0165 na Hut\u00edch \u2013 opat\u0159en\u00ed pro zamezen\u00ed ne\u017e\u00e1douc\u00edho hluku<\/li>\n<\/ol>\n<p><a href=\"https:\/\/application.decision21.org\/ctrnactka-podle-vas-2023\/vysledky\" target=\"_blank\" rel=\"noopener\"><strong>Kompletn\u00ed v\u00fdsledky.<\/strong><\/a><\/p>\n<p>Hlasov\u00e1n\u00ed prob\u011bhlo v term\u00ednu <strong>od 15. do 29. listopadu 2023<\/strong> prost\u0159ednictv\u00edm <strong><a href=\"https:\/\/application.decision21.org\/ctrnactka-podle-vas-2023\" target=\"_blank\" rel=\"noopener\">online hlasovac\u00ed aplikace<\/a><\/strong> a op\u011bt vyu\u017eilo Jane\u010dkovu hlasovac\u00ed metodu (D21). V\u00edce o metod\u011b na <a href=\"https:\/\/www.ih21.org\/o-metode\" target=\"_blank\" rel=\"noopener noreferrer\">str\u00e1nk\u00e1ch D21<\/a>.<\/p>\n<p><a href=\"https:\/\/www.praha14.cz\/app\/uploads\/sites\/5\/2023\/11\/PaR-Hlasovani.png\" target=\"_blank\" rel=\"noopener\" data-rel=\"lightbox-image-0\" data-rl_title=\"\" data-rl_caption=\"\" title=\"\"><img loading=\"lazy\" decoding=\"async\" class=\"alignnone wp-image-1623 \" src=\"https:\/\/www.praha14.cz\/app\/uploads\/sites\/5\/2023\/11\/PaR-Hlasovani.png\" alt=\"\" width=\"271\" height=\"383\" srcset=\"https:\/\/www.praha14.cz\/app\/uploads\/sites\/5\/2023\/11\/PaR-Hlasovani.png 1587w, https:\/\/www.praha14.cz\/app\/uploads\/sites\/5\/2023\/11\/PaR-Hlasovani-212x300.png 212w, https:\/\/www.praha14.cz\/app\/uploads\/sites\/5\/2023\/11\/PaR-Hlasovani-724x1024.png 724w, https:\/\/www.praha14.cz\/app\/uploads\/sites\/5\/2023\/11\/PaR-Hlasovani-768x1086.png 768w, https:\/\/www.praha14.cz\/app\/uploads\/sites\/5\/2023\/11\/PaR-Hlasovani-1086x1536.png 1086w, https:\/\/www.praha14.cz\/app\/uploads\/sites\/5\/2023\/11\/PaR-Hlasovani-1448x2048.png 1448w\" sizes=\"(max-width: 271px) 100vw, 271px\" \/><\/a><\/p>\n<p>&nbsp;<\/p>\n<p>\n\t\t\t\t<\/div>\n\t\t\t<\/div>\n\t\t<\/article><\/p>\n<p><article class=\"panel panel-default\">\n\t\t\t<div class=\"panel-heading\">\n\t\t\t\t<h1 class=\"panel-title\">\n\t\t\t\t\t<a data-toggle=\"collapse\" data-parent=\"#panel_group_1\" href=\"#panel_1_2\" class=\"collapsed\">\n\t\t\t\t\t\tT\u0158ET\u00cd RO\u010cN\u00cdK 2021 - 2023\n\t\t\t\t\t<\/a>\n\t\t\t\t<\/h1>\n\t\t\t<\/div>\n\t\t\t<div id=\"panel_1_2\" class=\"panel-collapse collapse\">\n\t\t\t\t<div class=\"panel-body\">\n\t\t\t\t\t<\/p>\n<p>Je rozhodnuto. Ve\u0159ejn\u00e9 hlasov\u00e1n\u00ed v r\u00e1mci\u00a0t\u0159et\u00edho ro\u010dn\u00edku participativn\u00edho rozpo\u010dtu\u00a0\u010ctrn\u00e1ctka podle v\u00e1s skon\u010dilo.\u00a0\u201eZelenou\u201c lid\u00e9 dali 5 mal\u00fdm (do 200\u00a0tis\u00edc korun) a 4 velk\u00fdm (do dvou milion\u016f\u00a0korun) z celkem 19 soupe\u0159\u00edc\u00edch\u00a0ob\u010dansk\u00fdch projekt\u016f. V\u00fdsledky se nyn\u00ed\u00a0bude zab\u00fdvat rada m\u011bstsk\u00e9 \u010d\u00e1sti. Projekty\u00a0by m\u011bly b\u00fdt realizov\u00e1ny do konce\u00a0roku 2023, stejn\u011b jako v p\u0159ede\u0161l\u00fdch\u00a0dvou ro\u010dn\u00edc\u00edch participativn\u00edho rozpo\u010dtu\u00a0na n\u011b radnice uvolnila 5 milion\u016f korun.\u00a0V\u0161echny podan\u00e9 projekty maj\u00ed spole\u010dn\u00fd\u00a0c\u00edl \u2013 zp\u0159\u00edjemnit \u017eivot v m\u011bstsk\u00e9 \u010d\u00e1sti.<\/p>\n<p><strong>V\u00fdsledky hlasov\u00e1n\u00ed:<\/strong><\/p>\n<p><strong>MAL\u00c9 PROJEKTY<\/strong><\/p>\n<ol>\n<li>Zprostupn\u011bn\u00ed zelen\u00e9 plochy mezi ulicemi Jamsk\u00e1, Sicherova a Budovatelsk\u00e1, z\u0159\u00edzen\u00ed odpo\u010dinkov\u00e9ho m\u00edsta, instalace pevn\u00fdch ko\u0161\u016f na discgolf a betonov\u00e9ho pingpongov\u00e9ho stolu<\/li>\n<li>Dopln\u011bn\u00ed hern\u00edho prvku na d\u011btsk\u00e9 lesn\u00ed h\u0159i\u0161t\u011b Kyjsk\u00e1<\/li>\n<li>Obnova ve\u0159ejn\u00e9 (obecn\u00ed) studny<\/li>\n<li>H\u0159i\u0161t\u011b na stoln\u00ed tenis<\/li>\n<li>Lavi\u010dka p\u0159i Z\u0160 Chvaletick\u00e1<\/li>\n<\/ol>\n<p><strong>VELK\u00c9 PROJEKTY<\/strong><\/p>\n<ol>\n<li>D\u011btsk\u00e9 h\u0159i\u0161t\u011b na Hut\u00edch<\/li>\n<li>Sportovn\u00ed vybaven\u00ed do Plech\u00e1rny<\/li>\n<li>Revitalizace p\u0159edprostoru Z\u0160 Brat\u0159\u00ed Vencl\u00edk\u016f<\/li>\n<li>Fit park i pro seniory<\/li>\n<\/ol>\n<p><strong><a href=\"https:\/\/application.decision21.org\/ctrnactka-podle-vas-2021\/vysledky\" target=\"_blank\" rel=\"noopener\">Kompletn\u00ed v\u00fdsledky.<\/a><\/strong><\/p>\n<p>V\u0161em hlasuj\u00edc\u00edm, ale i navrhovatel\u016fm moc d\u011bkujeme za \u010das v\u011bnovan\u00fd projektu.<\/p>\n<p>Hlasov\u00e1n\u00ed prob\u011bhlo v term\u00ednu <strong>od 15. do 29. listopadu 2021<\/strong>\u00a0prost\u0159ednictv\u00edm <strong><span style=\"color: #008000;\"><a style=\"color: #008000;\" href=\"http:\/\/www.praha14.cz\/hlasovani\/\" target=\"_blank\" rel=\"noopener\">online hlasovac\u00ed aplikace<\/a><\/span><\/strong>.<\/p>\n<div><\/div>\n<hr \/>\n<p>\n\t\t\t\t<\/div>\n\t\t\t<\/div>\n\t\t<\/article><\/p>\n<p><article class=\"panel panel-default\">\n\t\t\t<div class=\"panel-heading\">\n\t\t\t\t<h1 class=\"panel-title\">\n\t\t\t\t\t<a data-toggle=\"collapse\" data-parent=\"#panel_group_1\" href=\"#panel_1_3\" class=\"collapsed\">\n\t\t\t\t\t\tDRUH\u00dd RO\u010cN\u00cdK 2019 - 2021\n\t\t\t\t\t<\/a>\n\t\t\t\t<\/h1>\n\t\t\t<\/div>\n\t\t\t<div id=\"panel_1_3\" class=\"panel-collapse collapse\">\n\t\t\t\t<div class=\"panel-body\">\n\t\t\t\t\t<\/p>\n<p>Pod\u00e1v\u00e1n\u00ed projekt\u016f bylo po prodlou\u017een\u00ed ukon\u010deno <strong>31. srpna 2019<\/strong>. P\u0159i\u0161lo celkem 17 projekt\u016f, z toho 14 realizovateln\u00fdch (5 velk\u00fdch do 2 mili\u00f3n\u016f korun, 7 mal\u00fdch do 200 tis\u00edc korun).<\/p>\n<p>Hlasov\u00e1n\u00ed prob\u011bhlo v term\u00ednu <strong>od 15. do 29. listopadu 2019<\/strong> prost\u0159ednictv\u00edm online hlasovac\u00ed aplikace a op\u011bt vyu\u017eilo Jane\u010dkovu hlasovac\u00ed metodu (D21). V\u00edce o metod\u011b na <a href=\"https:\/\/www.ih21.org\/o-metode\" target=\"_blank\" rel=\"noopener noreferrer\">str\u00e1nk\u00e1ch D21<\/a>..<br \/>\n<strong><a href=\"https:\/\/www.praha14.cz\/app\/uploads\/sites\/5\/2019\/04\/Hlasov\u00e1n\u00ed-v\u00fdzva.pdf\" target=\"_blank\" rel=\"noopener noreferrer\">Pozv\u00e1nka<\/a><\/strong><\/p>\n<p><strong>V\u00fdsledky hlasov\u00e1n\u00ed:<\/strong><\/p>\n<p>Do hlasov\u00e1n\u00ed se zapojilo celkem 1219 lid\u00ed a zvolili tyto projekty:<\/p>\n<p>MAL\u00c9 PROJEKTY:<br \/>\nD\u0159ev\u011bn\u00e9 molo u Kyjsk\u00e9ho rybn\u00edka, 200\u00a0000 K\u010d<br \/>\nHry na chodn\u00edk aneb o\u017eiven\u00ed star\u00e9ho betonu, 88\u00a0650 K\u010d<br \/>\nStop Zevling Winter Edition VOL. 1, 198\u00a0000 K\u010d<br \/>\nVe\u0159ejn\u00e1 bylinkovna, 46\u00a0000K\u010d<br \/>\nZa\u017e\u00edt alej jinak, 14\u00a0250 K\u010d<br \/>\nNov\u00fd chodn\u00ed\u010dek na metro Hloub\u011bt\u00edn, 200\u00a0000K\u010d<br \/>\nPta\u010d\u00ed stezka, 200\u00a0000 K\u010d<\/p>\n<p>VELK\u00c9 PROJEKTY:<br \/>\nVyhl\u00eddka Vlkovick\u00e1, 650\u00a0000 K\u010d<br \/>\nZast\u00edn\u011bn\u00ed d\u011btsk\u00e9ho h\u0159i\u0161t\u011b u workoutu na Jahodnici, 525\u00a0154 K\u010d<br \/>\nParkour Jahodnice, 1\u00a0549\u00a0847 K\u010d<br \/>\nPs\u00ed h\u0159i\u0161t\u011b na Rajsk\u00e9m vrchu, 747\u00a0050 K\u010d<br \/>\nPolepy zast\u00e1vkov\u00fdch p\u0159\u00edst\u0159e\u0161k\u016f, 415\u00a0000 K\u010d<\/p>\n<p><strong><a href=\"https:\/\/www.praha14.cz\/app\/uploads\/sites\/5\/2021\/11\/Vysledky.pdf\" target=\"_blank\" rel=\"noopener\">Kompletn\u00ed v\u00fdsledky<\/a><\/strong><\/p>\n<hr \/>\n<h4>PILOTN\u00cd RO\u010cN\u00cdK 2017 &#8211; 2019<\/h4>\n<p>\n\t\t\t\t<\/div>\n\t\t\t<\/div>\n\t\t<\/article><\/p>\n<p><article class=\"panel panel-default\">\n\t\t\t<div class=\"panel-heading\">\n\t\t\t\t<h1 class=\"panel-title\">\n\t\t\t\t\t<a data-toggle=\"collapse\" data-parent=\"#panel_group_1\" href=\"#panel_1_4\" class=\"collapsed\">\n\t\t\t\t\t\tPRVN\u00cd RO\u010cN\u00cdK 2017 - 2019\n\t\t\t\t\t<\/a>\n\t\t\t\t<\/h1>\n\t\t\t<\/div>\n\t\t\t<div id=\"panel_1_4\" class=\"panel-collapse collapse\">\n\t\t\t\t<div class=\"panel-body\">\n\t\t\t\t\t<\/p>\n<p>Pod\u00e1v\u00e1n\u00ed projekt\u016f bylo po prodlou\u017een\u00ed ukon\u010deno <strong>10. listopadu 2017<\/strong>. P\u0159i\u0161lo celkem 29 projekt\u016f, z toho 9 velk\u00fdch a 20 mal\u00fdch. Realizovateln\u00fdch bylo schv\u00e1leno celkem 18 (7 velk\u00fdch do 2 mili\u00f3n\u016f korun, 11 mal\u00fdch do 200 tis\u00edc korun).<\/p>\n<p><a href=\"https:\/\/www.praha14.cz\/app\/uploads\/sites\/5\/2019\/04\/right-1712994_1280.png\" data-rel=\"lightbox-image-1\" data-rl_title=\"\" data-rl_caption=\"\" title=\"\"><img loading=\"lazy\" decoding=\"async\" class=\"wp-image-252 alignnone\" src=\"https:\/\/www.praha14.cz\/app\/uploads\/sites\/5\/2019\/04\/right-1712994_1280-300x149.png\" alt=\"\" width=\"214\" height=\"106\" srcset=\"https:\/\/www.praha14.cz\/app\/uploads\/sites\/5\/2019\/04\/right-1712994_1280-300x149.png 300w, https:\/\/www.praha14.cz\/app\/uploads\/sites\/5\/2019\/04\/right-1712994_1280-768x382.png 768w, https:\/\/www.praha14.cz\/app\/uploads\/sites\/5\/2019\/04\/right-1712994_1280-1024x510.png 1024w, https:\/\/www.praha14.cz\/app\/uploads\/sites\/5\/2019\/04\/right-1712994_1280.png 1280w\" sizes=\"(max-width: 214px) 100vw, 214px\" \/><\/a><br \/>\nHlasov\u00e1n\u00ed prob\u011bhlo v term\u00ednu <strong>od 12. do 30. b\u0159ezna 2018<\/strong> prost\u0159ednictv\u00edm speci\u00e1ln\u011b z\u0159\u00edzen\u00fdch webov\u00fdch str\u00e1nek (ctrnactkapodlevas.zapojtese.eu) a autoriza\u010dn\u00edch SMS zpr\u00e1v.<\/p>\n<p><a href=\"https:\/\/www.praha14.cz\/app\/uploads\/sites\/4\/2016\/01\/14-podle-vas-A3.pdf\" target=\"_blank\" rel=\"noopener noreferrer\"><strong>Pozv\u00e1nka<\/strong><\/a><\/p>\n<p>&nbsp;<\/p>\n<p><strong>V\u00fdsledky hlasov\u00e1n\u00ed:<\/strong><\/p>\n<p>Do hlasov\u00e1n\u00ed se zapojilo celkem 1260 lid\u00ed a zvolili tyto projekty:<\/p>\n<p>MAL\u00c9 PROJEKTY: 981 986 K\u010d<br \/>\nKyjsk\u00e9 terasy 196 000 K\u010d<br \/>\nOdpo\u010dinek v Divo\u010din\u011b 197 800 K\u010d<br \/>\nOsv\u011btlen\u00ed p\u0159echodu 185 686 K\u010d<br \/>\nZahr\u00e1dka mezi panel\u00e1ky 86 500 K\u010d<br \/>\nLid\u00e9 uvnit\u0159 s\u00eddli\u0161t\u011b 200 000 K\u010d<br \/>\nFotbalov\u00e1 liga mistr\u016f Prahy 14 82 000 K\u010d<br \/>\nN\u00e1jezdy na chodn\u00edk 40 000 K\u010d<\/p>\n<p>VELK\u00c9 PROJEKTY: 3 739 000 K\u010d<br \/>\nP\u011b\u0161\u00ed cesta kolem Kyjsk\u00e9ho rybn\u00edka 322 000 K\u010d<br \/>\nV\u00fdsadba strom\u016f a gril z\u00f3na 407 000 K\u010d<br \/>\nD\u011btsk\u00e9 h\u0159i\u0161t\u011b v Jahodnici 780 000 K\u010d<br \/>\nKyje \u2013 Hut\u011b: Par\u010d\u00edk Splavn\u00e1 \u2013 dopln\u011bn\u00ed chyb\u011bj\u00edc\u00edch prvk\u016f 806 000 K\u010d<br \/>\nKomplexn\u00ed \u0159e\u0161en\u00ed d\u011btsk\u00e9ho h\u0159i\u0161t\u011b a parkov\u00e1 \u00faprava 1 424 000 K\u010d<\/p>\n<p><strong><a href=\"https:\/\/www.praha14.cz\/app\/uploads\/sites\/4\/2016\/01\/V%C3%BDsledky-_-%C4%8Ctrn%C3%A1ctka-podle-v%C3%A1s-_-D21.me_.pdf\" target=\"_blank\" rel=\"noopener noreferrer\">Kompletn\u00ed v\u00fdsledky<\/a><\/strong>.<br \/>\n<strong><a href=\"https:\/\/www.google.cz\/maps\/@50.0970535,14.546872,14z\/data=!3m1!4b1!4m2!6m1!1s1AD3Z9EbUevyQ-GTHoLNeQdhRuL8Tf3G5?hl=cs\" target=\"_blank\" rel=\"noopener noreferrer\">Mapa realizovan\u00fdch projekt\u016f<\/a><\/strong>.<\/p>\n<p>\n\t\t\t\t<\/div>\n\t\t\t<\/div>\n\t\t<\/article><br \/>\n<\/div><\/section>\n","protected":false},"excerpt":{"rendered":"","protected":false},"author":1057,"featured_media":0,"parent":1561,"menu_order":0,"comment_status":"closed","ping_status":"closed","template":"","meta":{"_acf_changed":false,"footnotes":""},"class_list":["post-246","page","type-page","status-publish","hentry"],"acf":[],"yoast_head":"<!-- This site is optimized with the Yoast SEO plugin v27.2 - https:\/\/yoast.com\/product\/yoast-seo-wordpress\/ -->\n<title>Hlasov\u00e1n\u00ed - M\u011b\u0148te s n\u00e1mi Prahu 14<\/title>\n<meta name=\"robots\" content=\"index, follow, max-snippet:-1, max-image-preview:large, max-video-preview:-1\" \/>\n<link rel=\"canonical\" href=\"https:\/\/www.praha14.cz\/ctrnactka-podle-vas\/o-projektu\/navrhy-4-rocnik\/hlasovani\/\" \/>\n<meta property=\"og:locale\" content=\"cs_CZ\" \/>\n<meta property=\"og:type\" content=\"article\" \/>\n<meta property=\"og:title\" content=\"Hlasov\u00e1n\u00ed - M\u011b\u0148te s n\u00e1mi Prahu 14\" \/>\n<meta property=\"og:url\" content=\"https:\/\/www.praha14.cz\/ctrnactka-podle-vas\/o-projektu\/navrhy-4-rocnik\/hlasovani\/\" \/>\n<meta property=\"og:site_name\" content=\"M\u011b\u0148te s n\u00e1mi Prahu 14\" \/>\n<meta property=\"article:modified_time\" content=\"2026-01-05T13:16:49+00:00\" \/>\n<meta property=\"og:image\" content=\"https:\/\/www.praha14.cz\/app\/uploads\/sites\/5\/2023\/11\/PaR-Hlasovani.png\" \/>\n\t<meta property=\"og:image:width\" content=\"1587\" \/>\n\t<meta property=\"og:image:height\" content=\"2245\" \/>\n\t<meta property=\"og:image:type\" content=\"image\/png\" \/>\n<meta name=\"twitter:card\" content=\"summary_large_image\" \/>\n<meta name=\"twitter:label1\" content=\"Est. reading time\" \/>\n\t<meta name=\"twitter:data1\" content=\"5 minut\" \/>\n<script type=\"application\/ld+json\" class=\"yoast-schema-graph\">{\"@context\":\"https:\/\/schema.org\",\"@graph\":[{\"@type\":\"WebPage\",\"@id\":\"https:\/\/www.praha14.cz\/ctrnactka-podle-vas\/o-projektu\/navrhy-4-rocnik\/hlasovani\/\",\"url\":\"https:\/\/www.praha14.cz\/ctrnactka-podle-vas\/o-projektu\/navrhy-4-rocnik\/hlasovani\/\",\"name\":\"Hlasov\u00e1n\u00ed - M\u011b\u0148te s n\u00e1mi Prahu 14\",\"isPartOf\":{\"@id\":\"https:\/\/www.praha14.cz\/ctrnactka-podle-vas\/#website\"},\"primaryImageOfPage\":{\"@id\":\"https:\/\/www.praha14.cz\/ctrnactka-podle-vas\/o-projektu\/navrhy-4-rocnik\/hlasovani\/#primaryimage\"},\"image\":{\"@id\":\"https:\/\/www.praha14.cz\/ctrnactka-podle-vas\/o-projektu\/navrhy-4-rocnik\/hlasovani\/#primaryimage\"},\"thumbnailUrl\":\"https:\/\/www.praha14.cz\/app\/uploads\/sites\/5\/2023\/11\/PaR-Hlasovani.png\",\"datePublished\":\"2019-04-11T09:08:45+00:00\",\"dateModified\":\"2026-01-05T13:16:49+00:00\",\"breadcrumb\":{\"@id\":\"https:\/\/www.praha14.cz\/ctrnactka-podle-vas\/o-projektu\/navrhy-4-rocnik\/hlasovani\/#breadcrumb\"},\"inLanguage\":\"cs\",\"potentialAction\":[{\"@type\":\"ReadAction\",\"target\":[\"https:\/\/www.praha14.cz\/ctrnactka-podle-vas\/o-projektu\/navrhy-4-rocnik\/hlasovani\/\"]}]},{\"@type\":\"ImageObject\",\"inLanguage\":\"cs\",\"@id\":\"https:\/\/www.praha14.cz\/ctrnactka-podle-vas\/o-projektu\/navrhy-4-rocnik\/hlasovani\/#primaryimage\",\"url\":\"https:\/\/www.praha14.cz\/app\/uploads\/sites\/5\/2023\/11\/PaR-Hlasovani.png\",\"contentUrl\":\"https:\/\/www.praha14.cz\/app\/uploads\/sites\/5\/2023\/11\/PaR-Hlasovani.png\"},{\"@type\":\"BreadcrumbList\",\"@id\":\"https:\/\/www.praha14.cz\/ctrnactka-podle-vas\/o-projektu\/navrhy-4-rocnik\/hlasovani\/#breadcrumb\",\"itemListElement\":[{\"@type\":\"ListItem\",\"position\":1,\"name\":\"M\u011b\u0148te s n\u00e1mi Prahu 14\",\"item\":\"https:\/\/www.praha14.cz\/ctrnactka-podle-vas\/\"},{\"@type\":\"ListItem\",\"position\":2,\"name\":\"M\u011b\u0148te s n\u00e1mi Prahu 14\",\"item\":\"https:\/\/www.praha14.cz\/ctrnactka-podle-vas\/o-projektu\/\"},{\"@type\":\"ListItem\",\"position\":3,\"name\":\"4. ro\u010dn\u00edk\",\"item\":\"https:\/\/www.praha14.cz\/ctrnactka-podle-vas\/?page_id=1561\"},{\"@type\":\"ListItem\",\"position\":4,\"name\":\"Hlasov\u00e1n\u00ed\"}]},{\"@type\":\"WebSite\",\"@id\":\"https:\/\/www.praha14.cz\/ctrnactka-podle-vas\/#website\",\"url\":\"https:\/\/www.praha14.cz\/ctrnactka-podle-vas\/\",\"name\":\"M\u011b\u0148te s n\u00e1mi Prahu 14\",\"description\":\"\u010ctrn\u00e1ctka podle v\u00e1s\",\"potentialAction\":[{\"@type\":\"SearchAction\",\"target\":{\"@type\":\"EntryPoint\",\"urlTemplate\":\"https:\/\/www.praha14.cz\/ctrnactka-podle-vas\/?s={search_term_string}\"},\"query-input\":{\"@type\":\"PropertyValueSpecification\",\"valueRequired\":true,\"valueName\":\"search_term_string\"}}],\"inLanguage\":\"cs\"}]}<\/script>\n<!-- \/ Yoast SEO plugin. -->","yoast_head_json":{"title":"Hlasov\u00e1n\u00ed - M\u011b\u0148te s n\u00e1mi Prahu 14","robots":{"index":"index","follow":"follow","max-snippet":"max-snippet:-1","max-image-preview":"max-image-preview:large","max-video-preview":"max-video-preview:-1"},"canonical":"https:\/\/www.praha14.cz\/ctrnactka-podle-vas\/o-projektu\/navrhy-4-rocnik\/hlasovani\/","og_locale":"cs_CZ","og_type":"article","og_title":"Hlasov\u00e1n\u00ed - M\u011b\u0148te s n\u00e1mi Prahu 14","og_url":"https:\/\/www.praha14.cz\/ctrnactka-podle-vas\/o-projektu\/navrhy-4-rocnik\/hlasovani\/","og_site_name":"M\u011b\u0148te s n\u00e1mi Prahu 14","article_modified_time":"2026-01-05T13:16:49+00:00","og_image":[{"width":1587,"height":2245,"url":"https:\/\/www.praha14.cz\/app\/uploads\/sites\/5\/2023\/11\/PaR-Hlasovani.png","type":"image\/png"}],"twitter_card":"summary_large_image","twitter_misc":{"Est. reading time":"5 minut"},"schema":{"@context":"https:\/\/schema.org","@graph":[{"@type":"WebPage","@id":"https:\/\/www.praha14.cz\/ctrnactka-podle-vas\/o-projektu\/navrhy-4-rocnik\/hlasovani\/","url":"https:\/\/www.praha14.cz\/ctrnactka-podle-vas\/o-projektu\/navrhy-4-rocnik\/hlasovani\/","name":"Hlasov\u00e1n\u00ed - M\u011b\u0148te s n\u00e1mi Prahu 14","isPartOf":{"@id":"https:\/\/www.praha14.cz\/ctrnactka-podle-vas\/#website"},"primaryImageOfPage":{"@id":"https:\/\/www.praha14.cz\/ctrnactka-podle-vas\/o-projektu\/navrhy-4-rocnik\/hlasovani\/#primaryimage"},"image":{"@id":"https:\/\/www.praha14.cz\/ctrnactka-podle-vas\/o-projektu\/navrhy-4-rocnik\/hlasovani\/#primaryimage"},"thumbnailUrl":"https:\/\/www.praha14.cz\/app\/uploads\/sites\/5\/2023\/11\/PaR-Hlasovani.png","datePublished":"2019-04-11T09:08:45+00:00","dateModified":"2026-01-05T13:16:49+00:00","breadcrumb":{"@id":"https:\/\/www.praha14.cz\/ctrnactka-podle-vas\/o-projektu\/navrhy-4-rocnik\/hlasovani\/#breadcrumb"},"inLanguage":"cs","potentialAction":[{"@type":"ReadAction","target":["https:\/\/www.praha14.cz\/ctrnactka-podle-vas\/o-projektu\/navrhy-4-rocnik\/hlasovani\/"]}]},{"@type":"ImageObject","inLanguage":"cs","@id":"https:\/\/www.praha14.cz\/ctrnactka-podle-vas\/o-projektu\/navrhy-4-rocnik\/hlasovani\/#primaryimage","url":"https:\/\/www.praha14.cz\/app\/uploads\/sites\/5\/2023\/11\/PaR-Hlasovani.png","contentUrl":"https:\/\/www.praha14.cz\/app\/uploads\/sites\/5\/2023\/11\/PaR-Hlasovani.png"},{"@type":"BreadcrumbList","@id":"https:\/\/www.praha14.cz\/ctrnactka-podle-vas\/o-projektu\/navrhy-4-rocnik\/hlasovani\/#breadcrumb","itemListElement":[{"@type":"ListItem","position":1,"name":"M\u011b\u0148te s n\u00e1mi Prahu 14","item":"https:\/\/www.praha14.cz\/ctrnactka-podle-vas\/"},{"@type":"ListItem","position":2,"name":"M\u011b\u0148te s n\u00e1mi Prahu 14","item":"https:\/\/www.praha14.cz\/ctrnactka-podle-vas\/o-projektu\/"},{"@type":"ListItem","position":3,"name":"4. ro\u010dn\u00edk","item":"https:\/\/www.praha14.cz\/ctrnactka-podle-vas\/?page_id=1561"},{"@type":"ListItem","position":4,"name":"Hlasov\u00e1n\u00ed"}]},{"@type":"WebSite","@id":"https:\/\/www.praha14.cz\/ctrnactka-podle-vas\/#website","url":"https:\/\/www.praha14.cz\/ctrnactka-podle-vas\/","name":"M\u011b\u0148te s n\u00e1mi Prahu 14","description":"\u010ctrn\u00e1ctka podle v\u00e1s","potentialAction":[{"@type":"SearchAction","target":{"@type":"EntryPoint","urlTemplate":"https:\/\/www.praha14.cz\/ctrnactka-podle-vas\/?s={search_term_string}"},"query-input":{"@type":"PropertyValueSpecification","valueRequired":true,"valueName":"search_term_string"}}],"inLanguage":"cs"}]}},"_links":{"self":[{"href":"https:\/\/www.praha14.cz\/ctrnactka-podle-vas\/wp-json\/wp\/v2\/pages\/246","targetHints":{"allow":["GET"]}}],"collection":[{"href":"https:\/\/www.praha14.cz\/ctrnactka-podle-vas\/wp-json\/wp\/v2\/pages"}],"about":[{"href":"https:\/\/www.praha14.cz\/ctrnactka-podle-vas\/wp-json\/wp\/v2\/types\/page"}],"author":[{"embeddable":true,"href":"https:\/\/www.praha14.cz\/ctrnactka-podle-vas\/wp-json\/wp\/v2\/users\/1057"}],"replies":[{"embeddable":true,"href":"https:\/\/www.praha14.cz\/ctrnactka-podle-vas\/wp-json\/wp\/v2\/comments?post=246"}],"version-history":[{"count":17,"href":"https:\/\/www.praha14.cz\/ctrnactka-podle-vas\/wp-json\/wp\/v2\/pages\/246\/revisions"}],"predecessor-version":[{"id":1636,"href":"https:\/\/www.praha14.cz\/ctrnactka-podle-vas\/wp-json\/wp\/v2\/pages\/246\/revisions\/1636"}],"up":[{"embeddable":true,"href":"https:\/\/www.praha14.cz\/ctrnactka-podle-vas\/wp-json\/wp\/v2\/pages\/1561"}],"wp:attachment":[{"href":"https:\/\/www.praha14.cz\/ctrnactka-podle-vas\/wp-json\/wp\/v2\/media?parent=246"}],"curies":[{"name":"wp","href":"https:\/\/api.w.org\/{rel}","templated":true}]}}