{"id":42,"date":"2019-04-09T12:22:00","date_gmt":"2019-04-09T11:22:00","guid":{"rendered":"https:\/\/www.praha14.cz\/ctrnactka-podle-vas\/?page_id=42"},"modified":"2026-01-05T14:16:17","modified_gmt":"2026-01-05T13:16:17","slug":"dokumenty-ke-stazeni","status":"publish","type":"page","link":"https:\/\/www.praha14.cz\/ctrnactka-podle-vas\/o-projektu\/navrhy-4-rocnik\/dokumenty-ke-stazeni\/","title":{"rendered":"Dokumenty ke sta\u017een\u00ed &#8211; 4. ro\u010dn\u00edk"},"content":{"rendered":"<p><a href=\"https:\/\/www.praha14.cz\/app\/uploads\/sites\/5\/2019\/04\/writing-828911_1920.jpg\" data-rel=\"lightbox-image-0\" data-rl_title=\"\" data-rl_caption=\"\" title=\"\"><img loading=\"lazy\" decoding=\"async\" class=\" wp-image-183 alignleft\" src=\"https:\/\/www.praha14.cz\/app\/uploads\/sites\/5\/2019\/04\/writing-828911_1920-300x200.jpg\" alt=\"\" width=\"328\" height=\"218\" srcset=\"https:\/\/www.praha14.cz\/app\/uploads\/sites\/5\/2019\/04\/writing-828911_1920-300x200.jpg 300w, https:\/\/www.praha14.cz\/app\/uploads\/sites\/5\/2019\/04\/writing-828911_1920-768x512.jpg 768w, https:\/\/www.praha14.cz\/app\/uploads\/sites\/5\/2019\/04\/writing-828911_1920-1024x683.jpg 1024w, https:\/\/www.praha14.cz\/app\/uploads\/sites\/5\/2019\/04\/writing-828911_1920.jpg 1920w\" sizes=\"(max-width: 328px) 100vw, 328px\" \/><\/a><\/p>\n<p><strong><a href=\"https:\/\/www.praha14.cz\/app\/uploads\/sites\/5\/2023\/05\/FORMULAR-PRO-PODAVANI-PROJEKTU.docx\" target=\"_blank\" rel=\"noopener\">FORMUL\u00c1\u0158 PRO POD\u00c1V\u00c1N\u00cd PROJEKT\u016e<\/a><\/strong> (elektronicky zas\u00edlejte na email: <a href=\"mailto:Lucie.Hlavackova@praha14.cz\" target=\"_blank\" rel=\"noopener noreferrer\">Renata.Srbova@praha14.cz<\/a>)<\/p>\n<p><a href=\"https:\/\/www.praha14.cz\/app\/uploads\/sites\/5\/2023\/03\/Pravidla-PaR-.pdf\" target=\"_blank\" rel=\"noopener\">Pravidla 4. ro\u010dn\u00edku participativn\u00edho rozpo\u010dtu \u010ctrn\u00e1ctka podle v\u00e1s<\/a><\/p>\n<p><a href=\"https:\/\/www.praha14.cz\/app\/uploads\/sites\/3\/2023\/01\/Zapis-z-2.-jednani.pdf\" target=\"_blank\" rel=\"noopener noreferrer\">Z\u00e1pis z jedn\u00e1n\u00ed komise MA21<\/a><\/p>\n<p><a href=\"https:\/\/www.praha14.cz\/app\/uploads\/sites\/5\/2023\/03\/USN-127_RMC_2023.pdf\" target=\"_blank\" rel=\"noopener\">Usnesen\u00ed Rady M\u010c Praha 14 k zaveden\u00ed\u00a04. ro\u010dn\u00edku participativn\u00edho rozpo\u010dtu<\/a><\/p>\n<p><a href=\"https:\/\/www.praha14.cz\/app\/uploads\/sites\/5\/2021\/04\/Usnesen\u00ed-ZM\u010c-schv\u00e1len\u00ed-3.-ro\u010dn\u00edku.pdf\" target=\"_blank\" rel=\"noopener noreferrer\">Usnesen\u00ed Zastupitelstva M\u010c Praha 14 k zaveden\u00ed 3. ro\u010dn\u00edku participativn\u00edho rozpo\u010dtu<\/a><\/p>\n<p><a href=\"https:\/\/www.praha14.cz\/app\/uploads\/sites\/3\/2014\/04\/SPR-M%C4%8C-Praha-14-v-final-1.pdf\" target=\"_blank\" rel=\"noopener noreferrer\">Strategick\u00fd pl\u00e1n rozvoje M\u010c P14 pro obdob\u00ed 2015 \u2013 2025<\/a><\/p>\n<p><a href=\"http:\/\/www.praha.eu\/jnp\/cz\/o_meste\/magistrat\/odbory\/odbor_uzemniho_rozvoje\/uzemni_planovani\/uzemni_plan\/\" target=\"_blank\" rel=\"noopener noreferrer\">\u00dazemn\u00ed pl\u00e1n HMP<\/a><\/p>\n","protected":false},"excerpt":{"rendered":"<p>FORMUL\u00c1\u0158 PRO POD\u00c1V\u00c1N\u00cd PROJEKT\u016e (elektronicky zas\u00edlejte na email: Renata.Srbova@praha14.cz) Pravidla 4. ro\u010dn\u00edku participativn\u00edho rozpo\u010dtu \u010ctrn\u00e1ctka podle v\u00e1s Z\u00e1pis z jedn\u00e1n\u00ed komise MA21 Usnesen\u00ed Rady M\u010c Praha 14 k zaveden\u00ed\u00a04. ro\u010dn\u00edku participativn\u00edho rozpo\u010dtu Usnesen\u00ed Zastupitelstva M\u010c Praha 14 k zaveden\u00ed 3. ro\u010dn\u00edku participativn\u00edho rozpo\u010dtu Strategick\u00fd pl\u00e1n rozvoje M\u010c P14 pro obdob\u00ed 2015 \u2013 2025 \u00dazemn\u00ed pl\u00e1n&#8230;<\/p>\n","protected":false},"author":1,"featured_media":0,"parent":1561,"menu_order":0,"comment_status":"closed","ping_status":"closed","template":"","meta":{"_acf_changed":false,"footnotes":""},"class_list":["post-42","page","type-page","status-publish","hentry"],"acf":[],"yoast_head":"<!-- This site is optimized with the Yoast SEO plugin v27.2 - https:\/\/yoast.com\/product\/yoast-seo-wordpress\/ -->\n<title>Dokumenty ke sta\u017een\u00ed - 4. ro\u010dn\u00edk - M\u011b\u0148te s n\u00e1mi Prahu 14<\/title>\n<meta name=\"robots\" content=\"index, follow, max-snippet:-1, max-image-preview:large, max-video-preview:-1\" \/>\n<link rel=\"canonical\" href=\"https:\/\/www.praha14.cz\/ctrnactka-podle-vas\/o-projektu\/navrhy-4-rocnik\/dokumenty-ke-stazeni\/\" \/>\n<meta property=\"og:locale\" content=\"cs_CZ\" \/>\n<meta property=\"og:type\" content=\"article\" \/>\n<meta property=\"og:title\" content=\"Dokumenty ke sta\u017een\u00ed - 4. ro\u010dn\u00edk - M\u011b\u0148te s n\u00e1mi Prahu 14\" \/>\n<meta property=\"og:description\" content=\"FORMUL\u00c1\u0158 PRO POD\u00c1V\u00c1N\u00cd PROJEKT\u016e (elektronicky zas\u00edlejte na email: Renata.Srbova@praha14.cz) Pravidla 4. ro\u010dn\u00edku participativn\u00edho rozpo\u010dtu \u010ctrn\u00e1ctka podle v\u00e1s Z\u00e1pis z jedn\u00e1n\u00ed komise MA21 Usnesen\u00ed Rady M\u010c Praha 14 k zaveden\u00ed\u00a04. ro\u010dn\u00edku participativn\u00edho rozpo\u010dtu Usnesen\u00ed Zastupitelstva M\u010c Praha 14 k zaveden\u00ed 3. ro\u010dn\u00edku participativn\u00edho rozpo\u010dtu Strategick\u00fd pl\u00e1n rozvoje M\u010c P14 pro obdob\u00ed 2015 \u2013 2025 \u00dazemn\u00ed pl\u00e1n...\" \/>\n<meta property=\"og:url\" content=\"https:\/\/www.praha14.cz\/ctrnactka-podle-vas\/o-projektu\/navrhy-4-rocnik\/dokumenty-ke-stazeni\/\" \/>\n<meta property=\"og:site_name\" content=\"M\u011b\u0148te s n\u00e1mi Prahu 14\" \/>\n<meta property=\"article:modified_time\" content=\"2026-01-05T13:16:17+00:00\" \/>\n<meta property=\"og:image\" content=\"https:\/\/www.praha14.cz\/app\/uploads\/sites\/5\/2019\/04\/writing-828911_1920.jpg\" \/>\n\t<meta property=\"og:image:width\" content=\"1920\" \/>\n\t<meta property=\"og:image:height\" content=\"1280\" \/>\n\t<meta property=\"og:image:type\" content=\"image\/jpeg\" \/>\n<meta name=\"twitter:card\" content=\"summary_large_image\" \/>\n<meta name=\"twitter:label1\" content=\"Est. reading time\" \/>\n\t<meta name=\"twitter:data1\" content=\"1 minuta\" \/>\n<script type=\"application\/ld+json\" class=\"yoast-schema-graph\">{\"@context\":\"https:\/\/schema.org\",\"@graph\":[{\"@type\":\"WebPage\",\"@id\":\"https:\/\/www.praha14.cz\/ctrnactka-podle-vas\/o-projektu\/navrhy-4-rocnik\/dokumenty-ke-stazeni\/\",\"url\":\"https:\/\/www.praha14.cz\/ctrnactka-podle-vas\/o-projektu\/navrhy-4-rocnik\/dokumenty-ke-stazeni\/\",\"name\":\"Dokumenty ke sta\u017een\u00ed - 4. ro\u010dn\u00edk - M\u011b\u0148te s n\u00e1mi Prahu 14\",\"isPartOf\":{\"@id\":\"https:\/\/www.praha14.cz\/ctrnactka-podle-vas\/#website\"},\"primaryImageOfPage\":{\"@id\":\"https:\/\/www.praha14.cz\/ctrnactka-podle-vas\/o-projektu\/navrhy-4-rocnik\/dokumenty-ke-stazeni\/#primaryimage\"},\"image\":{\"@id\":\"https:\/\/www.praha14.cz\/ctrnactka-podle-vas\/o-projektu\/navrhy-4-rocnik\/dokumenty-ke-stazeni\/#primaryimage\"},\"thumbnailUrl\":\"https:\/\/www.praha14.cz\/app\/uploads\/sites\/5\/2019\/04\/writing-828911_1920-300x200.jpg\",\"datePublished\":\"2019-04-09T11:22:00+00:00\",\"dateModified\":\"2026-01-05T13:16:17+00:00\",\"breadcrumb\":{\"@id\":\"https:\/\/www.praha14.cz\/ctrnactka-podle-vas\/o-projektu\/navrhy-4-rocnik\/dokumenty-ke-stazeni\/#breadcrumb\"},\"inLanguage\":\"cs\",\"potentialAction\":[{\"@type\":\"ReadAction\",\"target\":[\"https:\/\/www.praha14.cz\/ctrnactka-podle-vas\/o-projektu\/navrhy-4-rocnik\/dokumenty-ke-stazeni\/\"]}]},{\"@type\":\"ImageObject\",\"inLanguage\":\"cs\",\"@id\":\"https:\/\/www.praha14.cz\/ctrnactka-podle-vas\/o-projektu\/navrhy-4-rocnik\/dokumenty-ke-stazeni\/#primaryimage\",\"url\":\"https:\/\/www.praha14.cz\/app\/uploads\/sites\/5\/2019\/04\/writing-828911_1920-300x200.jpg\",\"contentUrl\":\"https:\/\/www.praha14.cz\/app\/uploads\/sites\/5\/2019\/04\/writing-828911_1920-300x200.jpg\"},{\"@type\":\"BreadcrumbList\",\"@id\":\"https:\/\/www.praha14.cz\/ctrnactka-podle-vas\/o-projektu\/navrhy-4-rocnik\/dokumenty-ke-stazeni\/#breadcrumb\",\"itemListElement\":[{\"@type\":\"ListItem\",\"position\":1,\"name\":\"M\u011b\u0148te s n\u00e1mi Prahu 14\",\"item\":\"https:\/\/www.praha14.cz\/ctrnactka-podle-vas\/\"},{\"@type\":\"ListItem\",\"position\":2,\"name\":\"M\u011b\u0148te s n\u00e1mi Prahu 14\",\"item\":\"https:\/\/www.praha14.cz\/ctrnactka-podle-vas\/o-projektu\/\"},{\"@type\":\"ListItem\",\"position\":3,\"name\":\"4. ro\u010dn\u00edk\",\"item\":\"https:\/\/www.praha14.cz\/ctrnactka-podle-vas\/?page_id=1561\"},{\"@type\":\"ListItem\",\"position\":4,\"name\":\"Dokumenty ke sta\u017een\u00ed &#8211; 4. ro\u010dn\u00edk\"}]},{\"@type\":\"WebSite\",\"@id\":\"https:\/\/www.praha14.cz\/ctrnactka-podle-vas\/#website\",\"url\":\"https:\/\/www.praha14.cz\/ctrnactka-podle-vas\/\",\"name\":\"M\u011b\u0148te s n\u00e1mi Prahu 14\",\"description\":\"\u010ctrn\u00e1ctka podle v\u00e1s\",\"potentialAction\":[{\"@type\":\"SearchAction\",\"target\":{\"@type\":\"EntryPoint\",\"urlTemplate\":\"https:\/\/www.praha14.cz\/ctrnactka-podle-vas\/?s={search_term_string}\"},\"query-input\":{\"@type\":\"PropertyValueSpecification\",\"valueRequired\":true,\"valueName\":\"search_term_string\"}}],\"inLanguage\":\"cs\"}]}<\/script>\n<!-- \/ Yoast SEO plugin. -->","yoast_head_json":{"title":"Dokumenty ke sta\u017een\u00ed - 4. ro\u010dn\u00edk - M\u011b\u0148te s n\u00e1mi Prahu 14","robots":{"index":"index","follow":"follow","max-snippet":"max-snippet:-1","max-image-preview":"max-image-preview:large","max-video-preview":"max-video-preview:-1"},"canonical":"https:\/\/www.praha14.cz\/ctrnactka-podle-vas\/o-projektu\/navrhy-4-rocnik\/dokumenty-ke-stazeni\/","og_locale":"cs_CZ","og_type":"article","og_title":"Dokumenty ke sta\u017een\u00ed - 4. ro\u010dn\u00edk - M\u011b\u0148te s n\u00e1mi Prahu 14","og_description":"FORMUL\u00c1\u0158 PRO POD\u00c1V\u00c1N\u00cd PROJEKT\u016e (elektronicky zas\u00edlejte na email: Renata.Srbova@praha14.cz) Pravidla 4. ro\u010dn\u00edku participativn\u00edho rozpo\u010dtu \u010ctrn\u00e1ctka podle v\u00e1s Z\u00e1pis z jedn\u00e1n\u00ed komise MA21 Usnesen\u00ed Rady M\u010c Praha 14 k zaveden\u00ed\u00a04. ro\u010dn\u00edku participativn\u00edho rozpo\u010dtu Usnesen\u00ed Zastupitelstva M\u010c Praha 14 k zaveden\u00ed 3. ro\u010dn\u00edku participativn\u00edho rozpo\u010dtu Strategick\u00fd pl\u00e1n rozvoje M\u010c P14 pro obdob\u00ed 2015 \u2013 2025 \u00dazemn\u00ed pl\u00e1n...","og_url":"https:\/\/www.praha14.cz\/ctrnactka-podle-vas\/o-projektu\/navrhy-4-rocnik\/dokumenty-ke-stazeni\/","og_site_name":"M\u011b\u0148te s n\u00e1mi Prahu 14","article_modified_time":"2026-01-05T13:16:17+00:00","og_image":[{"width":1920,"height":1280,"url":"https:\/\/www.praha14.cz\/app\/uploads\/sites\/5\/2019\/04\/writing-828911_1920.jpg","type":"image\/jpeg"}],"twitter_card":"summary_large_image","twitter_misc":{"Est. reading time":"1 minuta"},"schema":{"@context":"https:\/\/schema.org","@graph":[{"@type":"WebPage","@id":"https:\/\/www.praha14.cz\/ctrnactka-podle-vas\/o-projektu\/navrhy-4-rocnik\/dokumenty-ke-stazeni\/","url":"https:\/\/www.praha14.cz\/ctrnactka-podle-vas\/o-projektu\/navrhy-4-rocnik\/dokumenty-ke-stazeni\/","name":"Dokumenty ke sta\u017een\u00ed - 4. ro\u010dn\u00edk - M\u011b\u0148te s n\u00e1mi Prahu 14","isPartOf":{"@id":"https:\/\/www.praha14.cz\/ctrnactka-podle-vas\/#website"},"primaryImageOfPage":{"@id":"https:\/\/www.praha14.cz\/ctrnactka-podle-vas\/o-projektu\/navrhy-4-rocnik\/dokumenty-ke-stazeni\/#primaryimage"},"image":{"@id":"https:\/\/www.praha14.cz\/ctrnactka-podle-vas\/o-projektu\/navrhy-4-rocnik\/dokumenty-ke-stazeni\/#primaryimage"},"thumbnailUrl":"https:\/\/www.praha14.cz\/app\/uploads\/sites\/5\/2019\/04\/writing-828911_1920-300x200.jpg","datePublished":"2019-04-09T11:22:00+00:00","dateModified":"2026-01-05T13:16:17+00:00","breadcrumb":{"@id":"https:\/\/www.praha14.cz\/ctrnactka-podle-vas\/o-projektu\/navrhy-4-rocnik\/dokumenty-ke-stazeni\/#breadcrumb"},"inLanguage":"cs","potentialAction":[{"@type":"ReadAction","target":["https:\/\/www.praha14.cz\/ctrnactka-podle-vas\/o-projektu\/navrhy-4-rocnik\/dokumenty-ke-stazeni\/"]}]},{"@type":"ImageObject","inLanguage":"cs","@id":"https:\/\/www.praha14.cz\/ctrnactka-podle-vas\/o-projektu\/navrhy-4-rocnik\/dokumenty-ke-stazeni\/#primaryimage","url":"https:\/\/www.praha14.cz\/app\/uploads\/sites\/5\/2019\/04\/writing-828911_1920-300x200.jpg","contentUrl":"https:\/\/www.praha14.cz\/app\/uploads\/sites\/5\/2019\/04\/writing-828911_1920-300x200.jpg"},{"@type":"BreadcrumbList","@id":"https:\/\/www.praha14.cz\/ctrnactka-podle-vas\/o-projektu\/navrhy-4-rocnik\/dokumenty-ke-stazeni\/#breadcrumb","itemListElement":[{"@type":"ListItem","position":1,"name":"M\u011b\u0148te s n\u00e1mi Prahu 14","item":"https:\/\/www.praha14.cz\/ctrnactka-podle-vas\/"},{"@type":"ListItem","position":2,"name":"M\u011b\u0148te s n\u00e1mi Prahu 14","item":"https:\/\/www.praha14.cz\/ctrnactka-podle-vas\/o-projektu\/"},{"@type":"ListItem","position":3,"name":"4. ro\u010dn\u00edk","item":"https:\/\/www.praha14.cz\/ctrnactka-podle-vas\/?page_id=1561"},{"@type":"ListItem","position":4,"name":"Dokumenty ke sta\u017een\u00ed &#8211; 4. ro\u010dn\u00edk"}]},{"@type":"WebSite","@id":"https:\/\/www.praha14.cz\/ctrnactka-podle-vas\/#website","url":"https:\/\/www.praha14.cz\/ctrnactka-podle-vas\/","name":"M\u011b\u0148te s n\u00e1mi Prahu 14","description":"\u010ctrn\u00e1ctka podle v\u00e1s","potentialAction":[{"@type":"SearchAction","target":{"@type":"EntryPoint","urlTemplate":"https:\/\/www.praha14.cz\/ctrnactka-podle-vas\/?s={search_term_string}"},"query-input":{"@type":"PropertyValueSpecification","valueRequired":true,"valueName":"search_term_string"}}],"inLanguage":"cs"}]}},"_links":{"self":[{"href":"https:\/\/www.praha14.cz\/ctrnactka-podle-vas\/wp-json\/wp\/v2\/pages\/42","targetHints":{"allow":["GET"]}}],"collection":[{"href":"https:\/\/www.praha14.cz\/ctrnactka-podle-vas\/wp-json\/wp\/v2\/pages"}],"about":[{"href":"https:\/\/www.praha14.cz\/ctrnactka-podle-vas\/wp-json\/wp\/v2\/types\/page"}],"author":[{"embeddable":true,"href":"https:\/\/www.praha14.cz\/ctrnactka-podle-vas\/wp-json\/wp\/v2\/users\/1"}],"replies":[{"embeddable":true,"href":"https:\/\/www.praha14.cz\/ctrnactka-podle-vas\/wp-json\/wp\/v2\/comments?post=42"}],"version-history":[{"count":14,"href":"https:\/\/www.praha14.cz\/ctrnactka-podle-vas\/wp-json\/wp\/v2\/pages\/42\/revisions"}],"predecessor-version":[{"id":1809,"href":"https:\/\/www.praha14.cz\/ctrnactka-podle-vas\/wp-json\/wp\/v2\/pages\/42\/revisions\/1809"}],"up":[{"embeddable":true,"href":"https:\/\/www.praha14.cz\/ctrnactka-podle-vas\/wp-json\/wp\/v2\/pages\/1561"}],"wp:attachment":[{"href":"https:\/\/www.praha14.cz\/ctrnactka-podle-vas\/wp-json\/wp\/v2\/media?parent=42"}],"curies":[{"name":"wp","href":"https:\/\/api.w.org\/{rel}","templated":true}]}}