{"id":676,"date":"2021-03-23T11:46:04","date_gmt":"2021-03-23T10:46:04","guid":{"rendered":"https:\/\/www.praha14.cz\/ctrnactka-podle-vas\/?page_id=676"},"modified":"2023-01-19T10:27:01","modified_gmt":"2023-01-19T09:27:01","slug":"cil-projektu","status":"publish","type":"page","link":"https:\/\/www.praha14.cz\/ctrnactka-podle-vas\/vybiralka-25\/cil-projektu\/","title":{"rendered":"C\u00edl projektu"},"content":{"rendered":"<p>Hlavn\u00edm c\u00edlem pilotn\u00edho projektu bylo prost\u0159ednictv\u00edm IPR Praha vypracovat ve spolupr\u00e1ci s m\u011bstskou \u010d\u00e1st\u00ed Praha 14 pl\u00e1n revitalizace \u2013 r\u00e1mcovou koncepci \u0159e\u0161en\u00e9ho \u00fazem\u00ed zam\u011b\u0159enou na zlep\u0161en\u00ed kvality ve\u0159ejn\u00fdch prostranstv\u00ed, roz\u0161\u00ed\u0159en\u00ed nab\u00eddky volno\u010dasov\u00fdch aktivit a o\u017eiven\u00ed ob\u010dansk\u00e9ho \u017eivota, a to za aktivn\u00ed spolu\u00fa\u010dasti m\u00edstn\u00edch obyvatel a akt\u00e9r\u016f na \u00farovni st\u00e1tn\u00ed spr\u00e1vy, samospr\u00e1vy a ob\u010dansk\u00e9ho Sekund\u00e1rn\u00edm c\u00edlem pilotn\u00edho projektu bylo v praxi prov\u011b\u0159it obecn\u00e1 v\u00fdchodiska p\u0159\u00edstupu ke specifick\u00e9 urbanistick\u00e9 typologii s\u00eddli\u0161\u0165, zp\u016fsob po\u0159\u00edzen\u00ed koncepce ucelen\u00e9 \u010d\u00e1sti s\u00eddli\u0161t\u011b a principy pr\u00e1ce s ve\u0159ejn\u00fdm prostorem s c\u00edlem zv\u00fd\u0161it jeho kvalitu.<\/p>\n","protected":false},"excerpt":{"rendered":"<p>Hlavn\u00edm c\u00edlem pilotn\u00edho projektu bylo prost\u0159ednictv\u00edm IPR Praha vypracovat ve spolupr\u00e1ci s m\u011bstskou \u010d\u00e1st\u00ed Praha 14 pl\u00e1n revitalizace \u2013 r\u00e1mcovou koncepci \u0159e\u0161en\u00e9ho \u00fazem\u00ed zam\u011b\u0159enou na zlep\u0161en\u00ed kvality ve\u0159ejn\u00fdch prostranstv\u00ed, roz\u0161\u00ed\u0159en\u00ed nab\u00eddky volno\u010dasov\u00fdch aktivit a o\u017eiven\u00ed ob\u010dansk\u00e9ho \u017eivota, a to za aktivn\u00ed spolu\u00fa\u010dasti m\u00edstn\u00edch obyvatel a akt\u00e9r\u016f na \u00farovni st\u00e1tn\u00ed spr\u00e1vy, samospr\u00e1vy a ob\u010dansk\u00e9ho Sekund\u00e1rn\u00edm c\u00edlem&#8230;<\/p>\n","protected":false},"author":1057,"featured_media":0,"parent":650,"menu_order":0,"comment_status":"closed","ping_status":"closed","template":"","meta":{"_acf_changed":false,"footnotes":""},"class_list":["post-676","page","type-page","status-publish","hentry"],"acf":[],"yoast_head":"<!-- This site is optimized with the Yoast SEO plugin v27.2 - https:\/\/yoast.com\/product\/yoast-seo-wordpress\/ -->\n<title>C\u00edl projektu - M\u011b\u0148te s n\u00e1mi Prahu 14<\/title>\n<meta name=\"robots\" content=\"index, follow, max-snippet:-1, max-image-preview:large, max-video-preview:-1\" \/>\n<link rel=\"canonical\" href=\"https:\/\/www.praha14.cz\/ctrnactka-podle-vas\/vybiralka-25\/cil-projektu\/\" \/>\n<meta property=\"og:locale\" content=\"cs_CZ\" \/>\n<meta property=\"og:type\" content=\"article\" \/>\n<meta property=\"og:title\" content=\"C\u00edl projektu - M\u011b\u0148te s n\u00e1mi Prahu 14\" \/>\n<meta property=\"og:description\" content=\"Hlavn\u00edm c\u00edlem pilotn\u00edho projektu bylo prost\u0159ednictv\u00edm IPR Praha vypracovat ve spolupr\u00e1ci s m\u011bstskou \u010d\u00e1st\u00ed Praha 14 pl\u00e1n revitalizace \u2013 r\u00e1mcovou koncepci \u0159e\u0161en\u00e9ho \u00fazem\u00ed zam\u011b\u0159enou na zlep\u0161en\u00ed kvality ve\u0159ejn\u00fdch prostranstv\u00ed, roz\u0161\u00ed\u0159en\u00ed nab\u00eddky volno\u010dasov\u00fdch aktivit a o\u017eiven\u00ed ob\u010dansk\u00e9ho \u017eivota, a to za aktivn\u00ed spolu\u00fa\u010dasti m\u00edstn\u00edch obyvatel a akt\u00e9r\u016f na \u00farovni st\u00e1tn\u00ed spr\u00e1vy, samospr\u00e1vy a ob\u010dansk\u00e9ho Sekund\u00e1rn\u00edm c\u00edlem...\" \/>\n<meta property=\"og:url\" content=\"https:\/\/www.praha14.cz\/ctrnactka-podle-vas\/vybiralka-25\/cil-projektu\/\" \/>\n<meta property=\"og:site_name\" content=\"M\u011b\u0148te s n\u00e1mi Prahu 14\" \/>\n<meta property=\"article:modified_time\" content=\"2023-01-19T09:27:01+00:00\" \/>\n<meta name=\"twitter:card\" content=\"summary_large_image\" \/>\n<meta name=\"twitter:label1\" content=\"Est. reading time\" \/>\n\t<meta name=\"twitter:data1\" content=\"1 minuta\" \/>\n<script type=\"application\/ld+json\" class=\"yoast-schema-graph\">{\"@context\":\"https:\/\/schema.org\",\"@graph\":[{\"@type\":\"WebPage\",\"@id\":\"https:\/\/www.praha14.cz\/ctrnactka-podle-vas\/vybiralka-25\/cil-projektu\/\",\"url\":\"https:\/\/www.praha14.cz\/ctrnactka-podle-vas\/vybiralka-25\/cil-projektu\/\",\"name\":\"C\u00edl projektu - M\u011b\u0148te s n\u00e1mi Prahu 14\",\"isPartOf\":{\"@id\":\"https:\/\/www.praha14.cz\/ctrnactka-podle-vas\/#website\"},\"datePublished\":\"2021-03-23T10:46:04+00:00\",\"dateModified\":\"2023-01-19T09:27:01+00:00\",\"breadcrumb\":{\"@id\":\"https:\/\/www.praha14.cz\/ctrnactka-podle-vas\/vybiralka-25\/cil-projektu\/#breadcrumb\"},\"inLanguage\":\"cs\",\"potentialAction\":[{\"@type\":\"ReadAction\",\"target\":[\"https:\/\/www.praha14.cz\/ctrnactka-podle-vas\/vybiralka-25\/cil-projektu\/\"]}]},{\"@type\":\"BreadcrumbList\",\"@id\":\"https:\/\/www.praha14.cz\/ctrnactka-podle-vas\/vybiralka-25\/cil-projektu\/#breadcrumb\",\"itemListElement\":[{\"@type\":\"ListItem\",\"position\":1,\"name\":\"M\u011b\u0148te s n\u00e1mi Prahu 14\",\"item\":\"https:\/\/www.praha14.cz\/ctrnactka-podle-vas\/\"},{\"@type\":\"ListItem\",\"position\":2,\"name\":\"Vyb\u00edralka 25\",\"item\":\"https:\/\/www.praha14.cz\/ctrnactka-podle-vas\/vybiralka-25\/\"},{\"@type\":\"ListItem\",\"position\":3,\"name\":\"C\u00edl projektu\"}]},{\"@type\":\"WebSite\",\"@id\":\"https:\/\/www.praha14.cz\/ctrnactka-podle-vas\/#website\",\"url\":\"https:\/\/www.praha14.cz\/ctrnactka-podle-vas\/\",\"name\":\"M\u011b\u0148te s n\u00e1mi Prahu 14\",\"description\":\"\u010ctrn\u00e1ctka podle v\u00e1s\",\"potentialAction\":[{\"@type\":\"SearchAction\",\"target\":{\"@type\":\"EntryPoint\",\"urlTemplate\":\"https:\/\/www.praha14.cz\/ctrnactka-podle-vas\/?s={search_term_string}\"},\"query-input\":{\"@type\":\"PropertyValueSpecification\",\"valueRequired\":true,\"valueName\":\"search_term_string\"}}],\"inLanguage\":\"cs\"}]}<\/script>\n<!-- \/ Yoast SEO plugin. -->","yoast_head_json":{"title":"C\u00edl projektu - M\u011b\u0148te s n\u00e1mi Prahu 14","robots":{"index":"index","follow":"follow","max-snippet":"max-snippet:-1","max-image-preview":"max-image-preview:large","max-video-preview":"max-video-preview:-1"},"canonical":"https:\/\/www.praha14.cz\/ctrnactka-podle-vas\/vybiralka-25\/cil-projektu\/","og_locale":"cs_CZ","og_type":"article","og_title":"C\u00edl projektu - M\u011b\u0148te s n\u00e1mi Prahu 14","og_description":"Hlavn\u00edm c\u00edlem pilotn\u00edho projektu bylo prost\u0159ednictv\u00edm IPR Praha vypracovat ve spolupr\u00e1ci s m\u011bstskou \u010d\u00e1st\u00ed Praha 14 pl\u00e1n revitalizace \u2013 r\u00e1mcovou koncepci \u0159e\u0161en\u00e9ho \u00fazem\u00ed zam\u011b\u0159enou na zlep\u0161en\u00ed kvality ve\u0159ejn\u00fdch prostranstv\u00ed, roz\u0161\u00ed\u0159en\u00ed nab\u00eddky volno\u010dasov\u00fdch aktivit a o\u017eiven\u00ed ob\u010dansk\u00e9ho \u017eivota, a to za aktivn\u00ed spolu\u00fa\u010dasti m\u00edstn\u00edch obyvatel a akt\u00e9r\u016f na \u00farovni st\u00e1tn\u00ed spr\u00e1vy, samospr\u00e1vy a ob\u010dansk\u00e9ho Sekund\u00e1rn\u00edm c\u00edlem...","og_url":"https:\/\/www.praha14.cz\/ctrnactka-podle-vas\/vybiralka-25\/cil-projektu\/","og_site_name":"M\u011b\u0148te s n\u00e1mi Prahu 14","article_modified_time":"2023-01-19T09:27:01+00:00","twitter_card":"summary_large_image","twitter_misc":{"Est. reading time":"1 minuta"},"schema":{"@context":"https:\/\/schema.org","@graph":[{"@type":"WebPage","@id":"https:\/\/www.praha14.cz\/ctrnactka-podle-vas\/vybiralka-25\/cil-projektu\/","url":"https:\/\/www.praha14.cz\/ctrnactka-podle-vas\/vybiralka-25\/cil-projektu\/","name":"C\u00edl projektu - M\u011b\u0148te s n\u00e1mi Prahu 14","isPartOf":{"@id":"https:\/\/www.praha14.cz\/ctrnactka-podle-vas\/#website"},"datePublished":"2021-03-23T10:46:04+00:00","dateModified":"2023-01-19T09:27:01+00:00","breadcrumb":{"@id":"https:\/\/www.praha14.cz\/ctrnactka-podle-vas\/vybiralka-25\/cil-projektu\/#breadcrumb"},"inLanguage":"cs","potentialAction":[{"@type":"ReadAction","target":["https:\/\/www.praha14.cz\/ctrnactka-podle-vas\/vybiralka-25\/cil-projektu\/"]}]},{"@type":"BreadcrumbList","@id":"https:\/\/www.praha14.cz\/ctrnactka-podle-vas\/vybiralka-25\/cil-projektu\/#breadcrumb","itemListElement":[{"@type":"ListItem","position":1,"name":"M\u011b\u0148te s n\u00e1mi Prahu 14","item":"https:\/\/www.praha14.cz\/ctrnactka-podle-vas\/"},{"@type":"ListItem","position":2,"name":"Vyb\u00edralka 25","item":"https:\/\/www.praha14.cz\/ctrnactka-podle-vas\/vybiralka-25\/"},{"@type":"ListItem","position":3,"name":"C\u00edl projektu"}]},{"@type":"WebSite","@id":"https:\/\/www.praha14.cz\/ctrnactka-podle-vas\/#website","url":"https:\/\/www.praha14.cz\/ctrnactka-podle-vas\/","name":"M\u011b\u0148te s n\u00e1mi Prahu 14","description":"\u010ctrn\u00e1ctka podle v\u00e1s","potentialAction":[{"@type":"SearchAction","target":{"@type":"EntryPoint","urlTemplate":"https:\/\/www.praha14.cz\/ctrnactka-podle-vas\/?s={search_term_string}"},"query-input":{"@type":"PropertyValueSpecification","valueRequired":true,"valueName":"search_term_string"}}],"inLanguage":"cs"}]}},"_links":{"self":[{"href":"https:\/\/www.praha14.cz\/ctrnactka-podle-vas\/wp-json\/wp\/v2\/pages\/676","targetHints":{"allow":["GET"]}}],"collection":[{"href":"https:\/\/www.praha14.cz\/ctrnactka-podle-vas\/wp-json\/wp\/v2\/pages"}],"about":[{"href":"https:\/\/www.praha14.cz\/ctrnactka-podle-vas\/wp-json\/wp\/v2\/types\/page"}],"author":[{"embeddable":true,"href":"https:\/\/www.praha14.cz\/ctrnactka-podle-vas\/wp-json\/wp\/v2\/users\/1057"}],"replies":[{"embeddable":true,"href":"https:\/\/www.praha14.cz\/ctrnactka-podle-vas\/wp-json\/wp\/v2\/comments?post=676"}],"version-history":[{"count":5,"href":"https:\/\/www.praha14.cz\/ctrnactka-podle-vas\/wp-json\/wp\/v2\/pages\/676\/revisions"}],"predecessor-version":[{"id":735,"href":"https:\/\/www.praha14.cz\/ctrnactka-podle-vas\/wp-json\/wp\/v2\/pages\/676\/revisions\/735"}],"up":[{"embeddable":true,"href":"https:\/\/www.praha14.cz\/ctrnactka-podle-vas\/wp-json\/wp\/v2\/pages\/650"}],"wp:attachment":[{"href":"https:\/\/www.praha14.cz\/ctrnactka-podle-vas\/wp-json\/wp\/v2\/media?parent=676"}],"curies":[{"name":"wp","href":"https:\/\/api.w.org\/{rel}","templated":true}]}}