{"id":682,"date":"2021-03-23T11:48:50","date_gmt":"2021-03-23T10:48:50","guid":{"rendered":"https:\/\/www.praha14.cz\/ctrnactka-podle-vas\/?page_id=682"},"modified":"2023-01-19T10:28:27","modified_gmt":"2023-01-19T09:28:27","slug":"zapojene-subjekty-a-jejich-cile","status":"publish","type":"page","link":"https:\/\/www.praha14.cz\/ctrnactka-podle-vas\/vybiralka-25\/zapojene-subjekty-a-jejich-cile\/","title":{"rendered":"Zapojen\u00e9 subjekty a jejich c\u00edle"},"content":{"rendered":"<p>Do realizace projektu \u201eVyb\u00edralka 25\u201c jsou zapojeny n\u00e1sleduj\u00edc\u00ed subjekty:<\/p>\n<ul>\n<li><a href=\"https:\/\/www.iprpraha.cz\/\" target=\"_blank\" rel=\"noopener noreferrer\">Institut pl\u00e1nov\u00e1n\u00ed a rozvoje hl. m. Praha<\/a> (zaji\u0161t\u011bn\u00ed participace a pl\u00e1nov\u00e1n\u00ed, zpracov\u00e1n\u00ed Pl\u00e1nu revitalizace)<\/li>\n<li><a href=\"https:\/\/www.praha.eu\/jnp\/cz\/index.html\" target=\"_blank\" rel=\"noopener noreferrer\">Hlavn\u00ed m\u011bsto Praha<\/a> (v\u00fdkupy pozemk\u016f, \u010d\u00e1ste\u010dn\u00e9 kryt\u00ed finan\u010dn\u00edch prost\u0159edk\u016f)<\/li>\n<li><a href=\"http:\/\/www.tsk-praha.cz\/wps\/portal\" target=\"_blank\" rel=\"noopener noreferrer\">Technick\u00e1 spr\u00e1va komunikac\u00ed<\/a> (rekonstrukce chodn\u00edk\u016f a silnic)<\/li>\n<li><a href=\"https:\/\/www.praha14.cz\/\" target=\"_blank\" rel=\"noopener noreferrer\">M\u011bstsk\u00e1 \u010d\u00e1st Praha 14<\/a> (zpracov\u00e1n\u00ed p\u0159\u00edslu\u0161n\u00fdch projektov\u00fdch dokument\u016f, obnova are\u00e1lu Z\u0160 Vyb\u00edralova, roz\u0161\u00ed\u0159en\u00ed M\u0160 Jahoda, revitalizace zelen\u011b a \u010dinnosti spojen\u00e9 s\u00a0projektem na hospod\u00e1rn\u00e9 nakl\u00e1d\u00e1n\u00ed s\u00a0de\u0161\u0165ovou vodou)<\/li>\n<\/ul>\n","protected":false},"excerpt":{"rendered":"<p>Do realizace projektu \u201eVyb\u00edralka 25\u201c jsou zapojeny n\u00e1sleduj\u00edc\u00ed subjekty: Institut pl\u00e1nov\u00e1n\u00ed a rozvoje hl. m. Praha (zaji\u0161t\u011bn\u00ed participace a pl\u00e1nov\u00e1n\u00ed, zpracov\u00e1n\u00ed Pl\u00e1nu revitalizace) Hlavn\u00ed m\u011bsto Praha (v\u00fdkupy pozemk\u016f, \u010d\u00e1ste\u010dn\u00e9 kryt\u00ed finan\u010dn\u00edch prost\u0159edk\u016f) Technick\u00e1 spr\u00e1va komunikac\u00ed (rekonstrukce chodn\u00edk\u016f a silnic) M\u011bstsk\u00e1 \u010d\u00e1st Praha 14 (zpracov\u00e1n\u00ed p\u0159\u00edslu\u0161n\u00fdch projektov\u00fdch dokument\u016f, obnova are\u00e1lu Z\u0160 Vyb\u00edralova, roz\u0161\u00ed\u0159en\u00ed M\u0160 Jahoda, revitalizace&#8230;<\/p>\n","protected":false},"author":1057,"featured_media":0,"parent":650,"menu_order":0,"comment_status":"closed","ping_status":"closed","template":"","meta":{"_acf_changed":false,"footnotes":""},"class_list":["post-682","page","type-page","status-publish","hentry"],"acf":[],"yoast_head":"<!-- This site is optimized with the Yoast SEO plugin v27.2 - https:\/\/yoast.com\/product\/yoast-seo-wordpress\/ -->\n<title>Zapojen\u00e9 subjekty a jejich c\u00edle - M\u011b\u0148te s n\u00e1mi Prahu 14<\/title>\n<meta name=\"robots\" content=\"index, follow, max-snippet:-1, max-image-preview:large, max-video-preview:-1\" \/>\n<link rel=\"canonical\" href=\"https:\/\/www.praha14.cz\/ctrnactka-podle-vas\/vybiralka-25\/zapojene-subjekty-a-jejich-cile\/\" \/>\n<meta property=\"og:locale\" content=\"cs_CZ\" \/>\n<meta property=\"og:type\" content=\"article\" \/>\n<meta property=\"og:title\" content=\"Zapojen\u00e9 subjekty a jejich c\u00edle - M\u011b\u0148te s n\u00e1mi Prahu 14\" \/>\n<meta property=\"og:description\" content=\"Do realizace projektu \u201eVyb\u00edralka 25\u201c jsou zapojeny n\u00e1sleduj\u00edc\u00ed subjekty: Institut pl\u00e1nov\u00e1n\u00ed a rozvoje hl. m. Praha (zaji\u0161t\u011bn\u00ed participace a pl\u00e1nov\u00e1n\u00ed, zpracov\u00e1n\u00ed Pl\u00e1nu revitalizace) Hlavn\u00ed m\u011bsto Praha (v\u00fdkupy pozemk\u016f, \u010d\u00e1ste\u010dn\u00e9 kryt\u00ed finan\u010dn\u00edch prost\u0159edk\u016f) Technick\u00e1 spr\u00e1va komunikac\u00ed (rekonstrukce chodn\u00edk\u016f a silnic) M\u011bstsk\u00e1 \u010d\u00e1st Praha 14 (zpracov\u00e1n\u00ed p\u0159\u00edslu\u0161n\u00fdch projektov\u00fdch dokument\u016f, obnova are\u00e1lu Z\u0160 Vyb\u00edralova, roz\u0161\u00ed\u0159en\u00ed M\u0160 Jahoda, revitalizace...\" \/>\n<meta property=\"og:url\" content=\"https:\/\/www.praha14.cz\/ctrnactka-podle-vas\/vybiralka-25\/zapojene-subjekty-a-jejich-cile\/\" \/>\n<meta property=\"og:site_name\" content=\"M\u011b\u0148te s n\u00e1mi Prahu 14\" \/>\n<meta property=\"article:modified_time\" content=\"2023-01-19T09:28:27+00:00\" \/>\n<meta name=\"twitter:card\" content=\"summary_large_image\" \/>\n<script type=\"application\/ld+json\" class=\"yoast-schema-graph\">{\"@context\":\"https:\/\/schema.org\",\"@graph\":[{\"@type\":\"WebPage\",\"@id\":\"https:\/\/www.praha14.cz\/ctrnactka-podle-vas\/vybiralka-25\/zapojene-subjekty-a-jejich-cile\/\",\"url\":\"https:\/\/www.praha14.cz\/ctrnactka-podle-vas\/vybiralka-25\/zapojene-subjekty-a-jejich-cile\/\",\"name\":\"Zapojen\u00e9 subjekty a jejich c\u00edle - M\u011b\u0148te s n\u00e1mi Prahu 14\",\"isPartOf\":{\"@id\":\"https:\/\/www.praha14.cz\/ctrnactka-podle-vas\/#website\"},\"datePublished\":\"2021-03-23T10:48:50+00:00\",\"dateModified\":\"2023-01-19T09:28:27+00:00\",\"breadcrumb\":{\"@id\":\"https:\/\/www.praha14.cz\/ctrnactka-podle-vas\/vybiralka-25\/zapojene-subjekty-a-jejich-cile\/#breadcrumb\"},\"inLanguage\":\"cs\",\"potentialAction\":[{\"@type\":\"ReadAction\",\"target\":[\"https:\/\/www.praha14.cz\/ctrnactka-podle-vas\/vybiralka-25\/zapojene-subjekty-a-jejich-cile\/\"]}]},{\"@type\":\"BreadcrumbList\",\"@id\":\"https:\/\/www.praha14.cz\/ctrnactka-podle-vas\/vybiralka-25\/zapojene-subjekty-a-jejich-cile\/#breadcrumb\",\"itemListElement\":[{\"@type\":\"ListItem\",\"position\":1,\"name\":\"M\u011b\u0148te s n\u00e1mi Prahu 14\",\"item\":\"https:\/\/www.praha14.cz\/ctrnactka-podle-vas\/\"},{\"@type\":\"ListItem\",\"position\":2,\"name\":\"Vyb\u00edralka 25\",\"item\":\"https:\/\/www.praha14.cz\/ctrnactka-podle-vas\/vybiralka-25\/\"},{\"@type\":\"ListItem\",\"position\":3,\"name\":\"Zapojen\u00e9 subjekty a jejich c\u00edle\"}]},{\"@type\":\"WebSite\",\"@id\":\"https:\/\/www.praha14.cz\/ctrnactka-podle-vas\/#website\",\"url\":\"https:\/\/www.praha14.cz\/ctrnactka-podle-vas\/\",\"name\":\"M\u011b\u0148te s n\u00e1mi Prahu 14\",\"description\":\"\u010ctrn\u00e1ctka podle v\u00e1s\",\"potentialAction\":[{\"@type\":\"SearchAction\",\"target\":{\"@type\":\"EntryPoint\",\"urlTemplate\":\"https:\/\/www.praha14.cz\/ctrnactka-podle-vas\/?s={search_term_string}\"},\"query-input\":{\"@type\":\"PropertyValueSpecification\",\"valueRequired\":true,\"valueName\":\"search_term_string\"}}],\"inLanguage\":\"cs\"}]}<\/script>\n<!-- \/ Yoast SEO plugin. -->","yoast_head_json":{"title":"Zapojen\u00e9 subjekty a jejich c\u00edle - M\u011b\u0148te s n\u00e1mi Prahu 14","robots":{"index":"index","follow":"follow","max-snippet":"max-snippet:-1","max-image-preview":"max-image-preview:large","max-video-preview":"max-video-preview:-1"},"canonical":"https:\/\/www.praha14.cz\/ctrnactka-podle-vas\/vybiralka-25\/zapojene-subjekty-a-jejich-cile\/","og_locale":"cs_CZ","og_type":"article","og_title":"Zapojen\u00e9 subjekty a jejich c\u00edle - M\u011b\u0148te s n\u00e1mi Prahu 14","og_description":"Do realizace projektu \u201eVyb\u00edralka 25\u201c jsou zapojeny n\u00e1sleduj\u00edc\u00ed subjekty: Institut pl\u00e1nov\u00e1n\u00ed a rozvoje hl. m. Praha (zaji\u0161t\u011bn\u00ed participace a pl\u00e1nov\u00e1n\u00ed, zpracov\u00e1n\u00ed Pl\u00e1nu revitalizace) Hlavn\u00ed m\u011bsto Praha (v\u00fdkupy pozemk\u016f, \u010d\u00e1ste\u010dn\u00e9 kryt\u00ed finan\u010dn\u00edch prost\u0159edk\u016f) Technick\u00e1 spr\u00e1va komunikac\u00ed (rekonstrukce chodn\u00edk\u016f a silnic) M\u011bstsk\u00e1 \u010d\u00e1st Praha 14 (zpracov\u00e1n\u00ed p\u0159\u00edslu\u0161n\u00fdch projektov\u00fdch dokument\u016f, obnova are\u00e1lu Z\u0160 Vyb\u00edralova, roz\u0161\u00ed\u0159en\u00ed M\u0160 Jahoda, revitalizace...","og_url":"https:\/\/www.praha14.cz\/ctrnactka-podle-vas\/vybiralka-25\/zapojene-subjekty-a-jejich-cile\/","og_site_name":"M\u011b\u0148te s n\u00e1mi Prahu 14","article_modified_time":"2023-01-19T09:28:27+00:00","twitter_card":"summary_large_image","schema":{"@context":"https:\/\/schema.org","@graph":[{"@type":"WebPage","@id":"https:\/\/www.praha14.cz\/ctrnactka-podle-vas\/vybiralka-25\/zapojene-subjekty-a-jejich-cile\/","url":"https:\/\/www.praha14.cz\/ctrnactka-podle-vas\/vybiralka-25\/zapojene-subjekty-a-jejich-cile\/","name":"Zapojen\u00e9 subjekty a jejich c\u00edle - M\u011b\u0148te s n\u00e1mi Prahu 14","isPartOf":{"@id":"https:\/\/www.praha14.cz\/ctrnactka-podle-vas\/#website"},"datePublished":"2021-03-23T10:48:50+00:00","dateModified":"2023-01-19T09:28:27+00:00","breadcrumb":{"@id":"https:\/\/www.praha14.cz\/ctrnactka-podle-vas\/vybiralka-25\/zapojene-subjekty-a-jejich-cile\/#breadcrumb"},"inLanguage":"cs","potentialAction":[{"@type":"ReadAction","target":["https:\/\/www.praha14.cz\/ctrnactka-podle-vas\/vybiralka-25\/zapojene-subjekty-a-jejich-cile\/"]}]},{"@type":"BreadcrumbList","@id":"https:\/\/www.praha14.cz\/ctrnactka-podle-vas\/vybiralka-25\/zapojene-subjekty-a-jejich-cile\/#breadcrumb","itemListElement":[{"@type":"ListItem","position":1,"name":"M\u011b\u0148te s n\u00e1mi Prahu 14","item":"https:\/\/www.praha14.cz\/ctrnactka-podle-vas\/"},{"@type":"ListItem","position":2,"name":"Vyb\u00edralka 25","item":"https:\/\/www.praha14.cz\/ctrnactka-podle-vas\/vybiralka-25\/"},{"@type":"ListItem","position":3,"name":"Zapojen\u00e9 subjekty a jejich c\u00edle"}]},{"@type":"WebSite","@id":"https:\/\/www.praha14.cz\/ctrnactka-podle-vas\/#website","url":"https:\/\/www.praha14.cz\/ctrnactka-podle-vas\/","name":"M\u011b\u0148te s n\u00e1mi Prahu 14","description":"\u010ctrn\u00e1ctka podle v\u00e1s","potentialAction":[{"@type":"SearchAction","target":{"@type":"EntryPoint","urlTemplate":"https:\/\/www.praha14.cz\/ctrnactka-podle-vas\/?s={search_term_string}"},"query-input":{"@type":"PropertyValueSpecification","valueRequired":true,"valueName":"search_term_string"}}],"inLanguage":"cs"}]}},"_links":{"self":[{"href":"https:\/\/www.praha14.cz\/ctrnactka-podle-vas\/wp-json\/wp\/v2\/pages\/682","targetHints":{"allow":["GET"]}}],"collection":[{"href":"https:\/\/www.praha14.cz\/ctrnactka-podle-vas\/wp-json\/wp\/v2\/pages"}],"about":[{"href":"https:\/\/www.praha14.cz\/ctrnactka-podle-vas\/wp-json\/wp\/v2\/types\/page"}],"author":[{"embeddable":true,"href":"https:\/\/www.praha14.cz\/ctrnactka-podle-vas\/wp-json\/wp\/v2\/users\/1057"}],"replies":[{"embeddable":true,"href":"https:\/\/www.praha14.cz\/ctrnactka-podle-vas\/wp-json\/wp\/v2\/comments?post=682"}],"version-history":[{"count":3,"href":"https:\/\/www.praha14.cz\/ctrnactka-podle-vas\/wp-json\/wp\/v2\/pages\/682\/revisions"}],"predecessor-version":[{"id":853,"href":"https:\/\/www.praha14.cz\/ctrnactka-podle-vas\/wp-json\/wp\/v2\/pages\/682\/revisions\/853"}],"up":[{"embeddable":true,"href":"https:\/\/www.praha14.cz\/ctrnactka-podle-vas\/wp-json\/wp\/v2\/pages\/650"}],"wp:attachment":[{"href":"https:\/\/www.praha14.cz\/ctrnactka-podle-vas\/wp-json\/wp\/v2\/media?parent=682"}],"curies":[{"name":"wp","href":"https:\/\/api.w.org\/{rel}","templated":true}]}}