{"id":684,"date":"2021-03-23T11:49:10","date_gmt":"2021-03-23T10:49:10","guid":{"rendered":"https:\/\/www.praha14.cz\/ctrnactka-podle-vas\/?page_id=684"},"modified":"2023-01-19T10:29:13","modified_gmt":"2023-01-19T09:29:13","slug":"co-je-jiz-hotovo","status":"publish","type":"page","link":"https:\/\/www.praha14.cz\/ctrnactka-podle-vas\/vybiralka-25\/co-je-jiz-hotovo\/","title":{"rendered":"Co je ji\u017e hotovo"},"content":{"rendered":"<p>Pro postupnou realizaci zm\u011bn na s\u00eddli\u0161ti Vyb\u00edralka ud\u011blalo m\u011bsto d\u016fle\u017eit\u00fd krok \u2013 vykoupilo pot\u0159ebn\u00e9 pozemky na \u010cern\u00e9m Most\u011b. Jedn\u00e1 se o pozemky s ve\u0159ejnou zelen\u00ed mezi bytov\u00fdmi domy, pod parkovac\u00edmi plochami i stavebn\u00ed pozemky. Celkov\u00e1 plocha vykupovan\u00fdch pozemk\u016f je 5\u00a0500 m2 za v\u00edce ne\u017e 26 milion\u016f korun.<\/p>\n<p><a href=\"https:\/\/www.praha.eu\/jnp\/cz\/o_meste\/magistrat\/tiskovy_servis\/tiskove_zpravy\/praha_pokracuje_v_priprave_revitalizace.html\" target=\"_blank\" rel=\"noopener noreferrer\"><span style=\"color: #00ccff;\">Tiskov\u00e1 zpr\u00e1va Magistr\u00e1tu hlavn\u00edho m\u011bsta Praha<\/span><\/a> ze dne 29. ledna 2018<\/p>\n","protected":false},"excerpt":{"rendered":"<p>Pro postupnou realizaci zm\u011bn na s\u00eddli\u0161ti Vyb\u00edralka ud\u011blalo m\u011bsto d\u016fle\u017eit\u00fd krok \u2013 vykoupilo pot\u0159ebn\u00e9 pozemky na \u010cern\u00e9m Most\u011b. Jedn\u00e1 se o pozemky s ve\u0159ejnou zelen\u00ed mezi bytov\u00fdmi domy, pod parkovac\u00edmi plochami i stavebn\u00ed pozemky. Celkov\u00e1 plocha vykupovan\u00fdch pozemk\u016f je 5\u00a0500 m2 za v\u00edce ne\u017e 26 milion\u016f korun. Tiskov\u00e1 zpr\u00e1va Magistr\u00e1tu hlavn\u00edho m\u011bsta Praha ze dne&#8230;<\/p>\n","protected":false},"author":1057,"featured_media":0,"parent":650,"menu_order":0,"comment_status":"closed","ping_status":"closed","template":"","meta":{"_acf_changed":false,"footnotes":""},"class_list":["post-684","page","type-page","status-publish","hentry"],"acf":[],"yoast_head":"<!-- This site is optimized with the Yoast SEO plugin v27.2 - https:\/\/yoast.com\/product\/yoast-seo-wordpress\/ -->\n<title>Co je ji\u017e hotovo - M\u011b\u0148te s n\u00e1mi Prahu 14<\/title>\n<meta name=\"robots\" content=\"index, follow, max-snippet:-1, max-image-preview:large, max-video-preview:-1\" \/>\n<link rel=\"canonical\" href=\"https:\/\/www.praha14.cz\/ctrnactka-podle-vas\/vybiralka-25\/co-je-jiz-hotovo\/\" \/>\n<meta property=\"og:locale\" content=\"cs_CZ\" \/>\n<meta property=\"og:type\" content=\"article\" \/>\n<meta property=\"og:title\" content=\"Co je ji\u017e hotovo - M\u011b\u0148te s n\u00e1mi Prahu 14\" \/>\n<meta property=\"og:description\" content=\"Pro postupnou realizaci zm\u011bn na s\u00eddli\u0161ti Vyb\u00edralka ud\u011blalo m\u011bsto d\u016fle\u017eit\u00fd krok \u2013 vykoupilo pot\u0159ebn\u00e9 pozemky na \u010cern\u00e9m Most\u011b. Jedn\u00e1 se o pozemky s ve\u0159ejnou zelen\u00ed mezi bytov\u00fdmi domy, pod parkovac\u00edmi plochami i stavebn\u00ed pozemky. Celkov\u00e1 plocha vykupovan\u00fdch pozemk\u016f je 5\u00a0500 m2 za v\u00edce ne\u017e 26 milion\u016f korun. Tiskov\u00e1 zpr\u00e1va Magistr\u00e1tu hlavn\u00edho m\u011bsta Praha ze dne...\" \/>\n<meta property=\"og:url\" content=\"https:\/\/www.praha14.cz\/ctrnactka-podle-vas\/vybiralka-25\/co-je-jiz-hotovo\/\" \/>\n<meta property=\"og:site_name\" content=\"M\u011b\u0148te s n\u00e1mi Prahu 14\" \/>\n<meta property=\"article:modified_time\" content=\"2023-01-19T09:29:13+00:00\" \/>\n<meta name=\"twitter:card\" content=\"summary_large_image\" \/>\n<script type=\"application\/ld+json\" class=\"yoast-schema-graph\">{\"@context\":\"https:\/\/schema.org\",\"@graph\":[{\"@type\":\"WebPage\",\"@id\":\"https:\/\/www.praha14.cz\/ctrnactka-podle-vas\/vybiralka-25\/co-je-jiz-hotovo\/\",\"url\":\"https:\/\/www.praha14.cz\/ctrnactka-podle-vas\/vybiralka-25\/co-je-jiz-hotovo\/\",\"name\":\"Co je ji\u017e hotovo - M\u011b\u0148te s n\u00e1mi Prahu 14\",\"isPartOf\":{\"@id\":\"https:\/\/www.praha14.cz\/ctrnactka-podle-vas\/#website\"},\"datePublished\":\"2021-03-23T10:49:10+00:00\",\"dateModified\":\"2023-01-19T09:29:13+00:00\",\"breadcrumb\":{\"@id\":\"https:\/\/www.praha14.cz\/ctrnactka-podle-vas\/vybiralka-25\/co-je-jiz-hotovo\/#breadcrumb\"},\"inLanguage\":\"cs\",\"potentialAction\":[{\"@type\":\"ReadAction\",\"target\":[\"https:\/\/www.praha14.cz\/ctrnactka-podle-vas\/vybiralka-25\/co-je-jiz-hotovo\/\"]}]},{\"@type\":\"BreadcrumbList\",\"@id\":\"https:\/\/www.praha14.cz\/ctrnactka-podle-vas\/vybiralka-25\/co-je-jiz-hotovo\/#breadcrumb\",\"itemListElement\":[{\"@type\":\"ListItem\",\"position\":1,\"name\":\"M\u011b\u0148te s n\u00e1mi Prahu 14\",\"item\":\"https:\/\/www.praha14.cz\/ctrnactka-podle-vas\/\"},{\"@type\":\"ListItem\",\"position\":2,\"name\":\"Vyb\u00edralka 25\",\"item\":\"https:\/\/www.praha14.cz\/ctrnactka-podle-vas\/vybiralka-25\/\"},{\"@type\":\"ListItem\",\"position\":3,\"name\":\"Co je ji\u017e hotovo\"}]},{\"@type\":\"WebSite\",\"@id\":\"https:\/\/www.praha14.cz\/ctrnactka-podle-vas\/#website\",\"url\":\"https:\/\/www.praha14.cz\/ctrnactka-podle-vas\/\",\"name\":\"M\u011b\u0148te s n\u00e1mi Prahu 14\",\"description\":\"\u010ctrn\u00e1ctka podle v\u00e1s\",\"potentialAction\":[{\"@type\":\"SearchAction\",\"target\":{\"@type\":\"EntryPoint\",\"urlTemplate\":\"https:\/\/www.praha14.cz\/ctrnactka-podle-vas\/?s={search_term_string}\"},\"query-input\":{\"@type\":\"PropertyValueSpecification\",\"valueRequired\":true,\"valueName\":\"search_term_string\"}}],\"inLanguage\":\"cs\"}]}<\/script>\n<!-- \/ Yoast SEO plugin. -->","yoast_head_json":{"title":"Co je ji\u017e hotovo - M\u011b\u0148te s n\u00e1mi Prahu 14","robots":{"index":"index","follow":"follow","max-snippet":"max-snippet:-1","max-image-preview":"max-image-preview:large","max-video-preview":"max-video-preview:-1"},"canonical":"https:\/\/www.praha14.cz\/ctrnactka-podle-vas\/vybiralka-25\/co-je-jiz-hotovo\/","og_locale":"cs_CZ","og_type":"article","og_title":"Co je ji\u017e hotovo - M\u011b\u0148te s n\u00e1mi Prahu 14","og_description":"Pro postupnou realizaci zm\u011bn na s\u00eddli\u0161ti Vyb\u00edralka ud\u011blalo m\u011bsto d\u016fle\u017eit\u00fd krok \u2013 vykoupilo pot\u0159ebn\u00e9 pozemky na \u010cern\u00e9m Most\u011b. Jedn\u00e1 se o pozemky s ve\u0159ejnou zelen\u00ed mezi bytov\u00fdmi domy, pod parkovac\u00edmi plochami i stavebn\u00ed pozemky. Celkov\u00e1 plocha vykupovan\u00fdch pozemk\u016f je 5\u00a0500 m2 za v\u00edce ne\u017e 26 milion\u016f korun. Tiskov\u00e1 zpr\u00e1va Magistr\u00e1tu hlavn\u00edho m\u011bsta Praha ze dne...","og_url":"https:\/\/www.praha14.cz\/ctrnactka-podle-vas\/vybiralka-25\/co-je-jiz-hotovo\/","og_site_name":"M\u011b\u0148te s n\u00e1mi Prahu 14","article_modified_time":"2023-01-19T09:29:13+00:00","twitter_card":"summary_large_image","schema":{"@context":"https:\/\/schema.org","@graph":[{"@type":"WebPage","@id":"https:\/\/www.praha14.cz\/ctrnactka-podle-vas\/vybiralka-25\/co-je-jiz-hotovo\/","url":"https:\/\/www.praha14.cz\/ctrnactka-podle-vas\/vybiralka-25\/co-je-jiz-hotovo\/","name":"Co je ji\u017e hotovo - M\u011b\u0148te s n\u00e1mi Prahu 14","isPartOf":{"@id":"https:\/\/www.praha14.cz\/ctrnactka-podle-vas\/#website"},"datePublished":"2021-03-23T10:49:10+00:00","dateModified":"2023-01-19T09:29:13+00:00","breadcrumb":{"@id":"https:\/\/www.praha14.cz\/ctrnactka-podle-vas\/vybiralka-25\/co-je-jiz-hotovo\/#breadcrumb"},"inLanguage":"cs","potentialAction":[{"@type":"ReadAction","target":["https:\/\/www.praha14.cz\/ctrnactka-podle-vas\/vybiralka-25\/co-je-jiz-hotovo\/"]}]},{"@type":"BreadcrumbList","@id":"https:\/\/www.praha14.cz\/ctrnactka-podle-vas\/vybiralka-25\/co-je-jiz-hotovo\/#breadcrumb","itemListElement":[{"@type":"ListItem","position":1,"name":"M\u011b\u0148te s n\u00e1mi Prahu 14","item":"https:\/\/www.praha14.cz\/ctrnactka-podle-vas\/"},{"@type":"ListItem","position":2,"name":"Vyb\u00edralka 25","item":"https:\/\/www.praha14.cz\/ctrnactka-podle-vas\/vybiralka-25\/"},{"@type":"ListItem","position":3,"name":"Co je ji\u017e hotovo"}]},{"@type":"WebSite","@id":"https:\/\/www.praha14.cz\/ctrnactka-podle-vas\/#website","url":"https:\/\/www.praha14.cz\/ctrnactka-podle-vas\/","name":"M\u011b\u0148te s n\u00e1mi Prahu 14","description":"\u010ctrn\u00e1ctka podle v\u00e1s","potentialAction":[{"@type":"SearchAction","target":{"@type":"EntryPoint","urlTemplate":"https:\/\/www.praha14.cz\/ctrnactka-podle-vas\/?s={search_term_string}"},"query-input":{"@type":"PropertyValueSpecification","valueRequired":true,"valueName":"search_term_string"}}],"inLanguage":"cs"}]}},"_links":{"self":[{"href":"https:\/\/www.praha14.cz\/ctrnactka-podle-vas\/wp-json\/wp\/v2\/pages\/684","targetHints":{"allow":["GET"]}}],"collection":[{"href":"https:\/\/www.praha14.cz\/ctrnactka-podle-vas\/wp-json\/wp\/v2\/pages"}],"about":[{"href":"https:\/\/www.praha14.cz\/ctrnactka-podle-vas\/wp-json\/wp\/v2\/types\/page"}],"author":[{"embeddable":true,"href":"https:\/\/www.praha14.cz\/ctrnactka-podle-vas\/wp-json\/wp\/v2\/users\/1057"}],"replies":[{"embeddable":true,"href":"https:\/\/www.praha14.cz\/ctrnactka-podle-vas\/wp-json\/wp\/v2\/comments?post=684"}],"version-history":[{"count":5,"href":"https:\/\/www.praha14.cz\/ctrnactka-podle-vas\/wp-json\/wp\/v2\/pages\/684\/revisions"}],"predecessor-version":[{"id":830,"href":"https:\/\/www.praha14.cz\/ctrnactka-podle-vas\/wp-json\/wp\/v2\/pages\/684\/revisions\/830"}],"up":[{"embeddable":true,"href":"https:\/\/www.praha14.cz\/ctrnactka-podle-vas\/wp-json\/wp\/v2\/pages\/650"}],"wp:attachment":[{"href":"https:\/\/www.praha14.cz\/ctrnactka-podle-vas\/wp-json\/wp\/v2\/media?parent=684"}],"curies":[{"name":"wp","href":"https:\/\/api.w.org\/{rel}","templated":true}]}}