{"id":688,"date":"2021-03-23T11:49:58","date_gmt":"2021-03-23T10:49:58","guid":{"rendered":"https:\/\/www.praha14.cz\/ctrnactka-podle-vas\/?page_id=688"},"modified":"2023-01-19T10:30:16","modified_gmt":"2023-01-19T09:30:16","slug":"co-nas-ceka","status":"publish","type":"page","link":"https:\/\/www.praha14.cz\/ctrnactka-podle-vas\/vybiralka-25\/co-nas-ceka\/","title":{"rendered":"Co n\u00e1s \u010dek\u00e1"},"content":{"rendered":"<p>Do konce v\u00fdstavby zb\u00fdv\u00e1 realizovat:<\/p>\n<ul>\n<li><strong>mlatov\u00e9 cesty<\/strong>,<\/li>\n<li><strong>vysadit zele\u0148<\/strong> (v are\u00e1lu Z\u0160 Vyb\u00edralova 1x Jedli kavkazskou, 4x Javor ml\u00e9\u010d, 4x D\u0159ezovec trojtrnn\u00fd, jako bezkv\u011bt\u00fd a beztrnn\u00fd kultivar a 1x Vrbu b\u00edlou, pod\u00e9l asfaltov\u00e9 cesty u domu kpt. Str\u00e1nsk\u00e9ho 977\/11 \u2013 986\/29 9x Javor jasanolist\u00fd a 2x L\u00edpu srd\u010ditou),<\/li>\n<li><strong>vyset a upravit tr\u00e1vn\u00edky<\/strong>, pr\u016fleh s\u00a0r\u00fdhou bude oset sm\u011bs\u00ed z 19 druh\u016f trav,<\/li>\n<li><strong>zlikvidovat za\u0159\u00edzen\u00ed staveni\u0161t\u011b<\/strong> a v\u0161e dot\u010den\u00e9 stavbou uv\u00e9st do p\u016fvodn\u00edho stavu.<\/li>\n<\/ul>\n<p>Term\u00edn ukon\u010den\u00ed akce je <strong>31. \u0159\u00edjna 2021<\/strong>.<br \/>\nPo kolaudaci bude stavba p\u0159ed\u00e1na k\u00a0trval\u00e9mu u\u017e\u00edv\u00e1n\u00ed.<\/p>\n","protected":false},"excerpt":{"rendered":"<p>Do konce v\u00fdstavby zb\u00fdv\u00e1 realizovat: mlatov\u00e9 cesty, vysadit zele\u0148 (v are\u00e1lu Z\u0160 Vyb\u00edralova 1x Jedli kavkazskou, 4x Javor ml\u00e9\u010d, 4x D\u0159ezovec trojtrnn\u00fd, jako bezkv\u011bt\u00fd a beztrnn\u00fd kultivar a 1x Vrbu b\u00edlou, pod\u00e9l asfaltov\u00e9 cesty u domu kpt. Str\u00e1nsk\u00e9ho 977\/11 \u2013 986\/29 9x Javor jasanolist\u00fd a 2x L\u00edpu srd\u010ditou), vyset a upravit tr\u00e1vn\u00edky, pr\u016fleh s\u00a0r\u00fdhou bude&#8230;<\/p>\n","protected":false},"author":1057,"featured_media":0,"parent":650,"menu_order":0,"comment_status":"closed","ping_status":"closed","template":"","meta":{"_acf_changed":false,"footnotes":""},"class_list":["post-688","page","type-page","status-publish","hentry"],"acf":[],"yoast_head":"<!-- This site is optimized with the Yoast SEO plugin v27.2 - https:\/\/yoast.com\/product\/yoast-seo-wordpress\/ -->\n<title>Co n\u00e1s \u010dek\u00e1 - M\u011b\u0148te s n\u00e1mi Prahu 14<\/title>\n<meta name=\"robots\" content=\"index, follow, max-snippet:-1, max-image-preview:large, max-video-preview:-1\" \/>\n<link rel=\"canonical\" href=\"https:\/\/www.praha14.cz\/ctrnactka-podle-vas\/vybiralka-25\/co-nas-ceka\/\" \/>\n<meta property=\"og:locale\" content=\"cs_CZ\" \/>\n<meta property=\"og:type\" content=\"article\" \/>\n<meta property=\"og:title\" content=\"Co n\u00e1s \u010dek\u00e1 - M\u011b\u0148te s n\u00e1mi Prahu 14\" \/>\n<meta property=\"og:description\" content=\"Do konce v\u00fdstavby zb\u00fdv\u00e1 realizovat: mlatov\u00e9 cesty, vysadit zele\u0148 (v are\u00e1lu Z\u0160 Vyb\u00edralova 1x Jedli kavkazskou, 4x Javor ml\u00e9\u010d, 4x D\u0159ezovec trojtrnn\u00fd, jako bezkv\u011bt\u00fd a beztrnn\u00fd kultivar a 1x Vrbu b\u00edlou, pod\u00e9l asfaltov\u00e9 cesty u domu kpt. Str\u00e1nsk\u00e9ho 977\/11 \u2013 986\/29 9x Javor jasanolist\u00fd a 2x L\u00edpu srd\u010ditou), vyset a upravit tr\u00e1vn\u00edky, pr\u016fleh s\u00a0r\u00fdhou bude...\" \/>\n<meta property=\"og:url\" content=\"https:\/\/www.praha14.cz\/ctrnactka-podle-vas\/vybiralka-25\/co-nas-ceka\/\" \/>\n<meta property=\"og:site_name\" content=\"M\u011b\u0148te s n\u00e1mi Prahu 14\" \/>\n<meta property=\"article:modified_time\" content=\"2023-01-19T09:30:16+00:00\" \/>\n<meta name=\"twitter:card\" content=\"summary_large_image\" \/>\n<meta name=\"twitter:label1\" content=\"Est. reading time\" \/>\n\t<meta name=\"twitter:data1\" content=\"1 minuta\" \/>\n<script type=\"application\/ld+json\" class=\"yoast-schema-graph\">{\"@context\":\"https:\/\/schema.org\",\"@graph\":[{\"@type\":\"WebPage\",\"@id\":\"https:\/\/www.praha14.cz\/ctrnactka-podle-vas\/vybiralka-25\/co-nas-ceka\/\",\"url\":\"https:\/\/www.praha14.cz\/ctrnactka-podle-vas\/vybiralka-25\/co-nas-ceka\/\",\"name\":\"Co n\u00e1s \u010dek\u00e1 - M\u011b\u0148te s n\u00e1mi Prahu 14\",\"isPartOf\":{\"@id\":\"https:\/\/www.praha14.cz\/ctrnactka-podle-vas\/#website\"},\"datePublished\":\"2021-03-23T10:49:58+00:00\",\"dateModified\":\"2023-01-19T09:30:16+00:00\",\"breadcrumb\":{\"@id\":\"https:\/\/www.praha14.cz\/ctrnactka-podle-vas\/vybiralka-25\/co-nas-ceka\/#breadcrumb\"},\"inLanguage\":\"cs\",\"potentialAction\":[{\"@type\":\"ReadAction\",\"target\":[\"https:\/\/www.praha14.cz\/ctrnactka-podle-vas\/vybiralka-25\/co-nas-ceka\/\"]}]},{\"@type\":\"BreadcrumbList\",\"@id\":\"https:\/\/www.praha14.cz\/ctrnactka-podle-vas\/vybiralka-25\/co-nas-ceka\/#breadcrumb\",\"itemListElement\":[{\"@type\":\"ListItem\",\"position\":1,\"name\":\"M\u011b\u0148te s n\u00e1mi Prahu 14\",\"item\":\"https:\/\/www.praha14.cz\/ctrnactka-podle-vas\/\"},{\"@type\":\"ListItem\",\"position\":2,\"name\":\"Vyb\u00edralka 25\",\"item\":\"https:\/\/www.praha14.cz\/ctrnactka-podle-vas\/vybiralka-25\/\"},{\"@type\":\"ListItem\",\"position\":3,\"name\":\"Co n\u00e1s \u010dek\u00e1\"}]},{\"@type\":\"WebSite\",\"@id\":\"https:\/\/www.praha14.cz\/ctrnactka-podle-vas\/#website\",\"url\":\"https:\/\/www.praha14.cz\/ctrnactka-podle-vas\/\",\"name\":\"M\u011b\u0148te s n\u00e1mi Prahu 14\",\"description\":\"\u010ctrn\u00e1ctka podle v\u00e1s\",\"potentialAction\":[{\"@type\":\"SearchAction\",\"target\":{\"@type\":\"EntryPoint\",\"urlTemplate\":\"https:\/\/www.praha14.cz\/ctrnactka-podle-vas\/?s={search_term_string}\"},\"query-input\":{\"@type\":\"PropertyValueSpecification\",\"valueRequired\":true,\"valueName\":\"search_term_string\"}}],\"inLanguage\":\"cs\"}]}<\/script>\n<!-- \/ Yoast SEO plugin. -->","yoast_head_json":{"title":"Co n\u00e1s \u010dek\u00e1 - M\u011b\u0148te s n\u00e1mi Prahu 14","robots":{"index":"index","follow":"follow","max-snippet":"max-snippet:-1","max-image-preview":"max-image-preview:large","max-video-preview":"max-video-preview:-1"},"canonical":"https:\/\/www.praha14.cz\/ctrnactka-podle-vas\/vybiralka-25\/co-nas-ceka\/","og_locale":"cs_CZ","og_type":"article","og_title":"Co n\u00e1s \u010dek\u00e1 - M\u011b\u0148te s n\u00e1mi Prahu 14","og_description":"Do konce v\u00fdstavby zb\u00fdv\u00e1 realizovat: mlatov\u00e9 cesty, vysadit zele\u0148 (v are\u00e1lu Z\u0160 Vyb\u00edralova 1x Jedli kavkazskou, 4x Javor ml\u00e9\u010d, 4x D\u0159ezovec trojtrnn\u00fd, jako bezkv\u011bt\u00fd a beztrnn\u00fd kultivar a 1x Vrbu b\u00edlou, pod\u00e9l asfaltov\u00e9 cesty u domu kpt. Str\u00e1nsk\u00e9ho 977\/11 \u2013 986\/29 9x Javor jasanolist\u00fd a 2x L\u00edpu srd\u010ditou), vyset a upravit tr\u00e1vn\u00edky, pr\u016fleh s\u00a0r\u00fdhou bude...","og_url":"https:\/\/www.praha14.cz\/ctrnactka-podle-vas\/vybiralka-25\/co-nas-ceka\/","og_site_name":"M\u011b\u0148te s n\u00e1mi Prahu 14","article_modified_time":"2023-01-19T09:30:16+00:00","twitter_card":"summary_large_image","twitter_misc":{"Est. reading time":"1 minuta"},"schema":{"@context":"https:\/\/schema.org","@graph":[{"@type":"WebPage","@id":"https:\/\/www.praha14.cz\/ctrnactka-podle-vas\/vybiralka-25\/co-nas-ceka\/","url":"https:\/\/www.praha14.cz\/ctrnactka-podle-vas\/vybiralka-25\/co-nas-ceka\/","name":"Co n\u00e1s \u010dek\u00e1 - M\u011b\u0148te s n\u00e1mi Prahu 14","isPartOf":{"@id":"https:\/\/www.praha14.cz\/ctrnactka-podle-vas\/#website"},"datePublished":"2021-03-23T10:49:58+00:00","dateModified":"2023-01-19T09:30:16+00:00","breadcrumb":{"@id":"https:\/\/www.praha14.cz\/ctrnactka-podle-vas\/vybiralka-25\/co-nas-ceka\/#breadcrumb"},"inLanguage":"cs","potentialAction":[{"@type":"ReadAction","target":["https:\/\/www.praha14.cz\/ctrnactka-podle-vas\/vybiralka-25\/co-nas-ceka\/"]}]},{"@type":"BreadcrumbList","@id":"https:\/\/www.praha14.cz\/ctrnactka-podle-vas\/vybiralka-25\/co-nas-ceka\/#breadcrumb","itemListElement":[{"@type":"ListItem","position":1,"name":"M\u011b\u0148te s n\u00e1mi Prahu 14","item":"https:\/\/www.praha14.cz\/ctrnactka-podle-vas\/"},{"@type":"ListItem","position":2,"name":"Vyb\u00edralka 25","item":"https:\/\/www.praha14.cz\/ctrnactka-podle-vas\/vybiralka-25\/"},{"@type":"ListItem","position":3,"name":"Co n\u00e1s \u010dek\u00e1"}]},{"@type":"WebSite","@id":"https:\/\/www.praha14.cz\/ctrnactka-podle-vas\/#website","url":"https:\/\/www.praha14.cz\/ctrnactka-podle-vas\/","name":"M\u011b\u0148te s n\u00e1mi Prahu 14","description":"\u010ctrn\u00e1ctka podle v\u00e1s","potentialAction":[{"@type":"SearchAction","target":{"@type":"EntryPoint","urlTemplate":"https:\/\/www.praha14.cz\/ctrnactka-podle-vas\/?s={search_term_string}"},"query-input":{"@type":"PropertyValueSpecification","valueRequired":true,"valueName":"search_term_string"}}],"inLanguage":"cs"}]}},"_links":{"self":[{"href":"https:\/\/www.praha14.cz\/ctrnactka-podle-vas\/wp-json\/wp\/v2\/pages\/688","targetHints":{"allow":["GET"]}}],"collection":[{"href":"https:\/\/www.praha14.cz\/ctrnactka-podle-vas\/wp-json\/wp\/v2\/pages"}],"about":[{"href":"https:\/\/www.praha14.cz\/ctrnactka-podle-vas\/wp-json\/wp\/v2\/types\/page"}],"author":[{"embeddable":true,"href":"https:\/\/www.praha14.cz\/ctrnactka-podle-vas\/wp-json\/wp\/v2\/users\/1057"}],"replies":[{"embeddable":true,"href":"https:\/\/www.praha14.cz\/ctrnactka-podle-vas\/wp-json\/wp\/v2\/comments?post=688"}],"version-history":[{"count":5,"href":"https:\/\/www.praha14.cz\/ctrnactka-podle-vas\/wp-json\/wp\/v2\/pages\/688\/revisions"}],"predecessor-version":[{"id":911,"href":"https:\/\/www.praha14.cz\/ctrnactka-podle-vas\/wp-json\/wp\/v2\/pages\/688\/revisions\/911"}],"up":[{"embeddable":true,"href":"https:\/\/www.praha14.cz\/ctrnactka-podle-vas\/wp-json\/wp\/v2\/pages\/650"}],"wp:attachment":[{"href":"https:\/\/www.praha14.cz\/ctrnactka-podle-vas\/wp-json\/wp\/v2\/media?parent=688"}],"curies":[{"name":"wp","href":"https:\/\/api.w.org\/{rel}","templated":true}]}}