{"id":732,"date":"2021-03-25T09:00:57","date_gmt":"2021-03-25T08:00:57","guid":{"rendered":"https:\/\/www.praha14.cz\/ctrnactka-podle-vas\/?page_id=732"},"modified":"2023-10-12T13:26:38","modified_gmt":"2023-10-12T12:26:38","slug":"vystupy-2","status":"publish","type":"page","link":"https:\/\/www.praha14.cz\/ctrnactka-podle-vas\/participace-na-lehovci\/vystupy-2\/","title":{"rendered":"V\u00fdstupy"},"content":{"rendered":"<ul>\n<li><a href=\"https:\/\/www.praha14.cz\/app\/uploads\/sites\/5\/2021\/03\/P\u0159\u00edloha-\u010d.1-Usnesen\u00ed-RHMP-\u010d.-277-ze-dne-17.-2.-2020.pdf\" target=\"_blank\" rel=\"noopener noreferrer\">Usnesen\u00ed Rady HMP \u010d. 277 ze dne 17. 2. 2020 k pilotn\u00edmu programu koordin\u00e1tor\u016f participativn\u00edho pl\u00e1nov\u00e1n\u00ed<\/a><\/li>\n<li><a href=\"https:\/\/www.praha14.cz\/app\/uploads\/sites\/5\/2021\/03\/Usnesen\u00ed-RM\u010c-\u010d.763-2020_12_07.pdf\" target=\"_blank\" rel=\"noopener noreferrer\">Usnesen\u00ed Rady M\u010c \u010d.763 ze dne 12. 7. 2020 k pilotn\u00edmu programu koordin\u00e1tor\u016f participativn\u00edho pl\u00e1nov\u00e1n\u00ed &#8211; Projekt Strategie rozvoje a revitalizace Lehovce<\/a><\/li>\n<li><a href=\"https:\/\/www.praha14.cz\/app\/uploads\/usneseni\/rada\/2021\/05\/259_60MR.htm\" target=\"_blank\" rel=\"noopener noreferrer\">Usnesen\u00ed Rady M\u010c \u010d.259 ze dne 03. 5. 2021 k n\u00e1vrhu na zah\u00e1jen\u00ed zad\u00e1vac\u00edho \u0159\u00edzen\u00ed k ve\u0159ejn\u00e9 zak\u00e1zce mal\u00e9ho rozsahu &#8222;Zpracov\u00e1n\u00ed dokumentu Pl\u00e1n revitalizace s\u00eddli\u0161t\u011b Lehovec 2022 &#8211; 2027&#8220;<\/a><\/li>\n<li><a href=\"https:\/\/www.praha14.cz\/app\/uploads\/sites\/5\/2023\/10\/PLAN-REVITALIZACE-SIDLISTE-LEHOVEC_ANALYTICKA-CAST-FINAL.pdf\" target=\"_blank\" rel=\"noopener\">Pl\u00e1n revitalizace s\u00eddli\u0161t\u011b Lehovec &#8211; analytick\u00e1 \u010d\u00e1st<\/a><\/li>\n<li><a href=\"https:\/\/www.praha14.cz\/app\/uploads\/sites\/5\/2023\/10\/PLAN-REVITALIZACE-SIDLISTE-LEHOVEC_NAVRHOVA-CAST-FINAL.pdf\" target=\"_blank\" rel=\"noopener\">Pl\u00e1n revitalizace s\u00eddli\u0161t\u011b Lehovec &#8211; n\u00e1vrhov\u00e1 \u010d\u00e1st<\/a><\/li>\n<\/ul>\n","protected":false},"excerpt":{"rendered":"<p>Usnesen\u00ed Rady HMP \u010d. 277 ze dne 17. 2. 2020 k pilotn\u00edmu programu koordin\u00e1tor\u016f participativn\u00edho pl\u00e1nov\u00e1n\u00ed Usnesen\u00ed Rady M\u010c \u010d.763 ze dne 12. 7. 2020 k pilotn\u00edmu programu koordin\u00e1tor\u016f participativn\u00edho pl\u00e1nov\u00e1n\u00ed &#8211; Projekt Strategie rozvoje a revitalizace Lehovce Usnesen\u00ed Rady M\u010c \u010d.259 ze dne 03. 5. 2021 k n\u00e1vrhu na zah\u00e1jen\u00ed zad\u00e1vac\u00edho \u0159\u00edzen\u00ed k ve\u0159ejn\u00e9&#8230;<\/p>\n","protected":false},"author":1057,"featured_media":0,"parent":642,"menu_order":0,"comment_status":"closed","ping_status":"closed","template":"","meta":{"_acf_changed":false,"footnotes":""},"class_list":["post-732","page","type-page","status-publish","hentry"],"acf":[],"yoast_head":"<!-- This site is optimized with the Yoast SEO plugin v27.2 - https:\/\/yoast.com\/product\/yoast-seo-wordpress\/ -->\n<title>V\u00fdstupy - M\u011b\u0148te s n\u00e1mi Prahu 14<\/title>\n<meta name=\"robots\" content=\"index, follow, max-snippet:-1, max-image-preview:large, max-video-preview:-1\" \/>\n<link rel=\"canonical\" href=\"https:\/\/www.praha14.cz\/ctrnactka-podle-vas\/participace-na-lehovci\/vystupy-2\/\" \/>\n<meta property=\"og:locale\" content=\"cs_CZ\" \/>\n<meta property=\"og:type\" content=\"article\" \/>\n<meta property=\"og:title\" content=\"V\u00fdstupy - M\u011b\u0148te s n\u00e1mi Prahu 14\" \/>\n<meta property=\"og:description\" content=\"Usnesen\u00ed Rady HMP \u010d. 277 ze dne 17. 2. 2020 k pilotn\u00edmu programu koordin\u00e1tor\u016f participativn\u00edho pl\u00e1nov\u00e1n\u00ed Usnesen\u00ed Rady M\u010c \u010d.763 ze dne 12. 7. 2020 k pilotn\u00edmu programu koordin\u00e1tor\u016f participativn\u00edho pl\u00e1nov\u00e1n\u00ed &#8211; Projekt Strategie rozvoje a revitalizace Lehovce Usnesen\u00ed Rady M\u010c \u010d.259 ze dne 03. 5. 2021 k n\u00e1vrhu na zah\u00e1jen\u00ed zad\u00e1vac\u00edho \u0159\u00edzen\u00ed k ve\u0159ejn\u00e9...\" \/>\n<meta property=\"og:url\" content=\"https:\/\/www.praha14.cz\/ctrnactka-podle-vas\/participace-na-lehovci\/vystupy-2\/\" \/>\n<meta property=\"og:site_name\" content=\"M\u011b\u0148te s n\u00e1mi Prahu 14\" \/>\n<meta property=\"article:modified_time\" content=\"2023-10-12T12:26:38+00:00\" \/>\n<meta name=\"twitter:card\" content=\"summary_large_image\" \/>\n<meta name=\"twitter:label1\" content=\"Est. reading time\" \/>\n\t<meta name=\"twitter:data1\" content=\"1 minuta\" \/>\n<script type=\"application\/ld+json\" class=\"yoast-schema-graph\">{\"@context\":\"https:\/\/schema.org\",\"@graph\":[{\"@type\":\"WebPage\",\"@id\":\"https:\/\/www.praha14.cz\/ctrnactka-podle-vas\/participace-na-lehovci\/vystupy-2\/\",\"url\":\"https:\/\/www.praha14.cz\/ctrnactka-podle-vas\/participace-na-lehovci\/vystupy-2\/\",\"name\":\"V\u00fdstupy - M\u011b\u0148te s n\u00e1mi Prahu 14\",\"isPartOf\":{\"@id\":\"https:\/\/www.praha14.cz\/ctrnactka-podle-vas\/#website\"},\"datePublished\":\"2021-03-25T08:00:57+00:00\",\"dateModified\":\"2023-10-12T12:26:38+00:00\",\"breadcrumb\":{\"@id\":\"https:\/\/www.praha14.cz\/ctrnactka-podle-vas\/participace-na-lehovci\/vystupy-2\/#breadcrumb\"},\"inLanguage\":\"cs\",\"potentialAction\":[{\"@type\":\"ReadAction\",\"target\":[\"https:\/\/www.praha14.cz\/ctrnactka-podle-vas\/participace-na-lehovci\/vystupy-2\/\"]}]},{\"@type\":\"BreadcrumbList\",\"@id\":\"https:\/\/www.praha14.cz\/ctrnactka-podle-vas\/participace-na-lehovci\/vystupy-2\/#breadcrumb\",\"itemListElement\":[{\"@type\":\"ListItem\",\"position\":1,\"name\":\"M\u011b\u0148te s n\u00e1mi Prahu 14\",\"item\":\"https:\/\/www.praha14.cz\/ctrnactka-podle-vas\/\"},{\"@type\":\"ListItem\",\"position\":2,\"name\":\"Participace na Lehovci\",\"item\":\"https:\/\/www.praha14.cz\/ctrnactka-podle-vas\/participace-na-lehovci\/\"},{\"@type\":\"ListItem\",\"position\":3,\"name\":\"V\u00fdstupy\"}]},{\"@type\":\"WebSite\",\"@id\":\"https:\/\/www.praha14.cz\/ctrnactka-podle-vas\/#website\",\"url\":\"https:\/\/www.praha14.cz\/ctrnactka-podle-vas\/\",\"name\":\"M\u011b\u0148te s n\u00e1mi Prahu 14\",\"description\":\"\u010ctrn\u00e1ctka podle v\u00e1s\",\"potentialAction\":[{\"@type\":\"SearchAction\",\"target\":{\"@type\":\"EntryPoint\",\"urlTemplate\":\"https:\/\/www.praha14.cz\/ctrnactka-podle-vas\/?s={search_term_string}\"},\"query-input\":{\"@type\":\"PropertyValueSpecification\",\"valueRequired\":true,\"valueName\":\"search_term_string\"}}],\"inLanguage\":\"cs\"}]}<\/script>\n<!-- \/ Yoast SEO plugin. -->","yoast_head_json":{"title":"V\u00fdstupy - M\u011b\u0148te s n\u00e1mi Prahu 14","robots":{"index":"index","follow":"follow","max-snippet":"max-snippet:-1","max-image-preview":"max-image-preview:large","max-video-preview":"max-video-preview:-1"},"canonical":"https:\/\/www.praha14.cz\/ctrnactka-podle-vas\/participace-na-lehovci\/vystupy-2\/","og_locale":"cs_CZ","og_type":"article","og_title":"V\u00fdstupy - M\u011b\u0148te s n\u00e1mi Prahu 14","og_description":"Usnesen\u00ed Rady HMP \u010d. 277 ze dne 17. 2. 2020 k pilotn\u00edmu programu koordin\u00e1tor\u016f participativn\u00edho pl\u00e1nov\u00e1n\u00ed Usnesen\u00ed Rady M\u010c \u010d.763 ze dne 12. 7. 2020 k pilotn\u00edmu programu koordin\u00e1tor\u016f participativn\u00edho pl\u00e1nov\u00e1n\u00ed &#8211; Projekt Strategie rozvoje a revitalizace Lehovce Usnesen\u00ed Rady M\u010c \u010d.259 ze dne 03. 5. 2021 k n\u00e1vrhu na zah\u00e1jen\u00ed zad\u00e1vac\u00edho \u0159\u00edzen\u00ed k ve\u0159ejn\u00e9...","og_url":"https:\/\/www.praha14.cz\/ctrnactka-podle-vas\/participace-na-lehovci\/vystupy-2\/","og_site_name":"M\u011b\u0148te s n\u00e1mi Prahu 14","article_modified_time":"2023-10-12T12:26:38+00:00","twitter_card":"summary_large_image","twitter_misc":{"Est. reading time":"1 minuta"},"schema":{"@context":"https:\/\/schema.org","@graph":[{"@type":"WebPage","@id":"https:\/\/www.praha14.cz\/ctrnactka-podle-vas\/participace-na-lehovci\/vystupy-2\/","url":"https:\/\/www.praha14.cz\/ctrnactka-podle-vas\/participace-na-lehovci\/vystupy-2\/","name":"V\u00fdstupy - M\u011b\u0148te s n\u00e1mi Prahu 14","isPartOf":{"@id":"https:\/\/www.praha14.cz\/ctrnactka-podle-vas\/#website"},"datePublished":"2021-03-25T08:00:57+00:00","dateModified":"2023-10-12T12:26:38+00:00","breadcrumb":{"@id":"https:\/\/www.praha14.cz\/ctrnactka-podle-vas\/participace-na-lehovci\/vystupy-2\/#breadcrumb"},"inLanguage":"cs","potentialAction":[{"@type":"ReadAction","target":["https:\/\/www.praha14.cz\/ctrnactka-podle-vas\/participace-na-lehovci\/vystupy-2\/"]}]},{"@type":"BreadcrumbList","@id":"https:\/\/www.praha14.cz\/ctrnactka-podle-vas\/participace-na-lehovci\/vystupy-2\/#breadcrumb","itemListElement":[{"@type":"ListItem","position":1,"name":"M\u011b\u0148te s n\u00e1mi Prahu 14","item":"https:\/\/www.praha14.cz\/ctrnactka-podle-vas\/"},{"@type":"ListItem","position":2,"name":"Participace na Lehovci","item":"https:\/\/www.praha14.cz\/ctrnactka-podle-vas\/participace-na-lehovci\/"},{"@type":"ListItem","position":3,"name":"V\u00fdstupy"}]},{"@type":"WebSite","@id":"https:\/\/www.praha14.cz\/ctrnactka-podle-vas\/#website","url":"https:\/\/www.praha14.cz\/ctrnactka-podle-vas\/","name":"M\u011b\u0148te s n\u00e1mi Prahu 14","description":"\u010ctrn\u00e1ctka podle v\u00e1s","potentialAction":[{"@type":"SearchAction","target":{"@type":"EntryPoint","urlTemplate":"https:\/\/www.praha14.cz\/ctrnactka-podle-vas\/?s={search_term_string}"},"query-input":{"@type":"PropertyValueSpecification","valueRequired":true,"valueName":"search_term_string"}}],"inLanguage":"cs"}]}},"_links":{"self":[{"href":"https:\/\/www.praha14.cz\/ctrnactka-podle-vas\/wp-json\/wp\/v2\/pages\/732","targetHints":{"allow":["GET"]}}],"collection":[{"href":"https:\/\/www.praha14.cz\/ctrnactka-podle-vas\/wp-json\/wp\/v2\/pages"}],"about":[{"href":"https:\/\/www.praha14.cz\/ctrnactka-podle-vas\/wp-json\/wp\/v2\/types\/page"}],"author":[{"embeddable":true,"href":"https:\/\/www.praha14.cz\/ctrnactka-podle-vas\/wp-json\/wp\/v2\/users\/1057"}],"replies":[{"embeddable":true,"href":"https:\/\/www.praha14.cz\/ctrnactka-podle-vas\/wp-json\/wp\/v2\/comments?post=732"}],"version-history":[{"count":7,"href":"https:\/\/www.praha14.cz\/ctrnactka-podle-vas\/wp-json\/wp\/v2\/pages\/732\/revisions"}],"predecessor-version":[{"id":1560,"href":"https:\/\/www.praha14.cz\/ctrnactka-podle-vas\/wp-json\/wp\/v2\/pages\/732\/revisions\/1560"}],"up":[{"embeddable":true,"href":"https:\/\/www.praha14.cz\/ctrnactka-podle-vas\/wp-json\/wp\/v2\/pages\/642"}],"wp:attachment":[{"href":"https:\/\/www.praha14.cz\/ctrnactka-podle-vas\/wp-json\/wp\/v2\/media?parent=732"}],"curies":[{"name":"wp","href":"https:\/\/api.w.org\/{rel}","templated":true}]}}