{"id":868,"date":"2021-03-30T14:51:22","date_gmt":"2021-03-30T13:51:22","guid":{"rendered":"https:\/\/www.praha14.cz\/ctrnactka-podle-vas\/?page_id=868"},"modified":"2023-01-19T10:26:37","modified_gmt":"2023-01-19T09:26:37","slug":"kontakt-3","status":"publish","type":"page","link":"https:\/\/www.praha14.cz\/ctrnactka-podle-vas\/participace-na-lehovci\/kontakt-3\/","title":{"rendered":"Kontakt"},"content":{"rendered":"","protected":false},"excerpt":{"rendered":"","protected":false},"author":1057,"featured_media":0,"parent":642,"menu_order":0,"comment_status":"closed","ping_status":"closed","template":"","meta":{"_acf_changed":false,"footnotes":""},"class_list":["post-868","page","type-page","status-publish","hentry"],"acf":[],"yoast_head":"<!-- This site is optimized with the Yoast SEO plugin v27.2 - https:\/\/yoast.com\/product\/yoast-seo-wordpress\/ -->\n<title>Kontakt - M\u011b\u0148te s n\u00e1mi Prahu 14<\/title>\n<meta name=\"robots\" content=\"index, follow, max-snippet:-1, max-image-preview:large, max-video-preview:-1\" \/>\n<link rel=\"canonical\" href=\"https:\/\/www.praha14.cz\/ctrnactka-podle-vas\/participace-na-lehovci\/kontakt-3\/\" \/>\n<meta property=\"og:locale\" content=\"cs_CZ\" \/>\n<meta property=\"og:type\" content=\"article\" \/>\n<meta property=\"og:title\" content=\"Kontakt - M\u011b\u0148te s n\u00e1mi Prahu 14\" \/>\n<meta property=\"og:url\" content=\"https:\/\/www.praha14.cz\/ctrnactka-podle-vas\/participace-na-lehovci\/kontakt-3\/\" \/>\n<meta property=\"og:site_name\" content=\"M\u011b\u0148te s n\u00e1mi Prahu 14\" \/>\n<meta property=\"article:modified_time\" content=\"2023-01-19T09:26:37+00:00\" \/>\n<meta name=\"twitter:card\" content=\"summary_large_image\" \/>\n<script type=\"application\/ld+json\" class=\"yoast-schema-graph\">{\"@context\":\"https:\/\/schema.org\",\"@graph\":[{\"@type\":\"WebPage\",\"@id\":\"https:\/\/www.praha14.cz\/ctrnactka-podle-vas\/participace-na-lehovci\/kontakt-3\/\",\"url\":\"https:\/\/www.praha14.cz\/ctrnactka-podle-vas\/participace-na-lehovci\/kontakt-3\/\",\"name\":\"Kontakt - M\u011b\u0148te s n\u00e1mi Prahu 14\",\"isPartOf\":{\"@id\":\"https:\/\/www.praha14.cz\/ctrnactka-podle-vas\/#website\"},\"datePublished\":\"2021-03-30T13:51:22+00:00\",\"dateModified\":\"2023-01-19T09:26:37+00:00\",\"breadcrumb\":{\"@id\":\"https:\/\/www.praha14.cz\/ctrnactka-podle-vas\/participace-na-lehovci\/kontakt-3\/#breadcrumb\"},\"inLanguage\":\"cs\",\"potentialAction\":[{\"@type\":\"ReadAction\",\"target\":[\"https:\/\/www.praha14.cz\/ctrnactka-podle-vas\/participace-na-lehovci\/kontakt-3\/\"]}]},{\"@type\":\"BreadcrumbList\",\"@id\":\"https:\/\/www.praha14.cz\/ctrnactka-podle-vas\/participace-na-lehovci\/kontakt-3\/#breadcrumb\",\"itemListElement\":[{\"@type\":\"ListItem\",\"position\":1,\"name\":\"M\u011b\u0148te s n\u00e1mi Prahu 14\",\"item\":\"https:\/\/www.praha14.cz\/ctrnactka-podle-vas\/\"},{\"@type\":\"ListItem\",\"position\":2,\"name\":\"Participace na Lehovci\",\"item\":\"https:\/\/www.praha14.cz\/ctrnactka-podle-vas\/participace-na-lehovci\/\"},{\"@type\":\"ListItem\",\"position\":3,\"name\":\"Kontakt\"}]},{\"@type\":\"WebSite\",\"@id\":\"https:\/\/www.praha14.cz\/ctrnactka-podle-vas\/#website\",\"url\":\"https:\/\/www.praha14.cz\/ctrnactka-podle-vas\/\",\"name\":\"M\u011b\u0148te s n\u00e1mi Prahu 14\",\"description\":\"\u010ctrn\u00e1ctka podle v\u00e1s\",\"potentialAction\":[{\"@type\":\"SearchAction\",\"target\":{\"@type\":\"EntryPoint\",\"urlTemplate\":\"https:\/\/www.praha14.cz\/ctrnactka-podle-vas\/?s={search_term_string}\"},\"query-input\":{\"@type\":\"PropertyValueSpecification\",\"valueRequired\":true,\"valueName\":\"search_term_string\"}}],\"inLanguage\":\"cs\"}]}<\/script>\n<!-- \/ Yoast SEO plugin. -->","yoast_head_json":{"title":"Kontakt - M\u011b\u0148te s n\u00e1mi Prahu 14","robots":{"index":"index","follow":"follow","max-snippet":"max-snippet:-1","max-image-preview":"max-image-preview:large","max-video-preview":"max-video-preview:-1"},"canonical":"https:\/\/www.praha14.cz\/ctrnactka-podle-vas\/participace-na-lehovci\/kontakt-3\/","og_locale":"cs_CZ","og_type":"article","og_title":"Kontakt - M\u011b\u0148te s n\u00e1mi Prahu 14","og_url":"https:\/\/www.praha14.cz\/ctrnactka-podle-vas\/participace-na-lehovci\/kontakt-3\/","og_site_name":"M\u011b\u0148te s n\u00e1mi Prahu 14","article_modified_time":"2023-01-19T09:26:37+00:00","twitter_card":"summary_large_image","schema":{"@context":"https:\/\/schema.org","@graph":[{"@type":"WebPage","@id":"https:\/\/www.praha14.cz\/ctrnactka-podle-vas\/participace-na-lehovci\/kontakt-3\/","url":"https:\/\/www.praha14.cz\/ctrnactka-podle-vas\/participace-na-lehovci\/kontakt-3\/","name":"Kontakt - M\u011b\u0148te s n\u00e1mi Prahu 14","isPartOf":{"@id":"https:\/\/www.praha14.cz\/ctrnactka-podle-vas\/#website"},"datePublished":"2021-03-30T13:51:22+00:00","dateModified":"2023-01-19T09:26:37+00:00","breadcrumb":{"@id":"https:\/\/www.praha14.cz\/ctrnactka-podle-vas\/participace-na-lehovci\/kontakt-3\/#breadcrumb"},"inLanguage":"cs","potentialAction":[{"@type":"ReadAction","target":["https:\/\/www.praha14.cz\/ctrnactka-podle-vas\/participace-na-lehovci\/kontakt-3\/"]}]},{"@type":"BreadcrumbList","@id":"https:\/\/www.praha14.cz\/ctrnactka-podle-vas\/participace-na-lehovci\/kontakt-3\/#breadcrumb","itemListElement":[{"@type":"ListItem","position":1,"name":"M\u011b\u0148te s n\u00e1mi Prahu 14","item":"https:\/\/www.praha14.cz\/ctrnactka-podle-vas\/"},{"@type":"ListItem","position":2,"name":"Participace na Lehovci","item":"https:\/\/www.praha14.cz\/ctrnactka-podle-vas\/participace-na-lehovci\/"},{"@type":"ListItem","position":3,"name":"Kontakt"}]},{"@type":"WebSite","@id":"https:\/\/www.praha14.cz\/ctrnactka-podle-vas\/#website","url":"https:\/\/www.praha14.cz\/ctrnactka-podle-vas\/","name":"M\u011b\u0148te s n\u00e1mi Prahu 14","description":"\u010ctrn\u00e1ctka podle v\u00e1s","potentialAction":[{"@type":"SearchAction","target":{"@type":"EntryPoint","urlTemplate":"https:\/\/www.praha14.cz\/ctrnactka-podle-vas\/?s={search_term_string}"},"query-input":{"@type":"PropertyValueSpecification","valueRequired":true,"valueName":"search_term_string"}}],"inLanguage":"cs"}]}},"_links":{"self":[{"href":"https:\/\/www.praha14.cz\/ctrnactka-podle-vas\/wp-json\/wp\/v2\/pages\/868","targetHints":{"allow":["GET"]}}],"collection":[{"href":"https:\/\/www.praha14.cz\/ctrnactka-podle-vas\/wp-json\/wp\/v2\/pages"}],"about":[{"href":"https:\/\/www.praha14.cz\/ctrnactka-podle-vas\/wp-json\/wp\/v2\/types\/page"}],"author":[{"embeddable":true,"href":"https:\/\/www.praha14.cz\/ctrnactka-podle-vas\/wp-json\/wp\/v2\/users\/1057"}],"replies":[{"embeddable":true,"href":"https:\/\/www.praha14.cz\/ctrnactka-podle-vas\/wp-json\/wp\/v2\/comments?post=868"}],"version-history":[{"count":5,"href":"https:\/\/www.praha14.cz\/ctrnactka-podle-vas\/wp-json\/wp\/v2\/pages\/868\/revisions"}],"predecessor-version":[{"id":1404,"href":"https:\/\/www.praha14.cz\/ctrnactka-podle-vas\/wp-json\/wp\/v2\/pages\/868\/revisions\/1404"}],"up":[{"embeddable":true,"href":"https:\/\/www.praha14.cz\/ctrnactka-podle-vas\/wp-json\/wp\/v2\/pages\/642"}],"wp:attachment":[{"href":"https:\/\/www.praha14.cz\/ctrnactka-podle-vas\/wp-json\/wp\/v2\/media?parent=868"}],"curies":[{"name":"wp","href":"https:\/\/api.w.org\/{rel}","templated":true}]}}