{"id":932,"date":"2021-04-28T08:52:02","date_gmt":"2021-04-28T07:52:02","guid":{"rendered":"https:\/\/www.praha14.cz\/ctrnactka-podle-vas\/?page_id=932"},"modified":"2026-01-05T14:16:01","modified_gmt":"2026-01-05T13:16:01","slug":"harmonogram-3-rocniku","status":"publish","type":"page","link":"https:\/\/www.praha14.cz\/ctrnactka-podle-vas\/o-projektu\/navrhy-4-rocnik\/harmonogram-3-rocniku\/","title":{"rendered":"Harmonogram 4. ro\u010dn\u00edku"},"content":{"rendered":"<section class=\"p14-panel-group\"><div id=\"panel_group_1\" class=\"panel-group\"><br \/>\n<article class=\"panel panel-default\">\n\t\t\t<div class=\"panel-heading\">\n\t\t\t\t<h1 class=\"panel-title\">\n\t\t\t\t\t<a data-toggle=\"collapse\" data-parent=\"#panel_group_1\" href=\"#panel_1_1\" class=\"collapsed\">\n\t\t\t\t\t\tStanoven\u00ed pravidel a detailn\u00ed podoby postupu participativn\u00edho rozpo\u010dtu \u010ctrn\u00e1ctka podle v\u00e1s\n\t\t\t\t\t<\/a>\n\t\t\t\t<\/h1>\n\t\t\t<\/div>\n\t\t\t<div id=\"panel_1_1\" class=\"panel-collapse collapse\">\n\t\t\t\t<div class=\"panel-body\">\n\t\t\t\t\t<\/p>\n<p><span style=\"color: #00ccff;\"><span style=\"color: #003366;\"><strong>B\u0158EZEN 2023<\/strong>\u00a0 \u00a0 \u00a0<\/span> \u00a0<\/span><\/p>\n<ul>\n<li>Finalizace pravidel a detailn\u00ed podoby postupy PaR<\/li>\n<li>Schv\u00e1len\u00ed postupu RM\u010c<\/li>\n<li>Schv\u00e1len\u00ed postupu ZM\u010c<\/li>\n<li>P\u0159\u00edprava pl\u00e1nu a podklad\u016f pro informov\u00e1n\u00ed ob\u010dan\u016f<\/li>\n<\/ul>\n<p>\n\t\t\t\t<\/div>\n\t\t\t<\/div>\n\t\t<\/article><article class=\"panel panel-default\">\n\t\t\t<div class=\"panel-heading\">\n\t\t\t\t<h1 class=\"panel-title\">\n\t\t\t\t\t<a data-toggle=\"collapse\" data-parent=\"#panel_group_1\" href=\"#panel_1_2\" class=\"collapsed\">\n\t\t\t\t\t\tInformov\u00e1n\u00ed a motivace ob\u010dan\u016f\n\t\t\t\t\t<\/a>\n\t\t\t\t<\/h1>\n\t\t\t<\/div>\n\t\t\t<div id=\"panel_1_2\" class=\"panel-collapse collapse\">\n\t\t\t\t<div class=\"panel-body\">\n\t\t\t\t\t<\/p>\n<p><span style=\"color: #003366;\"><strong>DUBEN &#8211; KV\u011aTEN 2023<\/strong><\/span><\/p>\n<ul>\n<li>Kompletn\u00ed prezentace podoby projektu prost\u0159ednictv\u00edm vytipovan\u00fdch komunika\u010dn\u00edch kan\u00e1l\u016f<\/li>\n<li>Otev\u0159en\u00ed mo\u017enosti pod\u00e1vat projekty<\/li>\n<\/ul>\n<p>\n\t\t\t\t<\/div>\n\t\t\t<\/div>\n\t\t<\/article><article class=\"panel panel-default\">\n\t\t\t<div class=\"panel-heading\">\n\t\t\t\t<h1 class=\"panel-title\">\n\t\t\t\t\t<a data-toggle=\"collapse\" data-parent=\"#panel_group_1\" href=\"#panel_1_3\" class=\"collapsed\">\n\t\t\t\t\t\tPod\u00e1v\u00e1n\u00ed projekt\u016f\n\t\t\t\t\t<\/a>\n\t\t\t\t<\/h1>\n\t\t\t<\/div>\n\t\t\t<div id=\"panel_1_3\" class=\"panel-collapse collapse\">\n\t\t\t\t<div class=\"panel-body\">\n\t\t\t\t\t<\/p>\n<p><span style=\"color: #003366;\"><strong>KV\u011aTEN &#8211; SRPEN 2023 (od 1. 5. do 30. 8. 2023)<\/strong><\/span><\/p>\n<ul>\n<li>Form\u00e1ln\u00ed kontrola projekt\u016f a p\u0159ed\u00e1n\u00ed k anal\u00fdze realizovatelnosti<\/li>\n<li>Zve\u0159ejn\u011bn\u00ed kr\u00e1tk\u00e9 anotace projekt\u016f<\/li>\n<\/ul>\n<p>\n\t\t\t\t<\/div>\n\t\t\t<\/div>\n\t\t<\/article><article class=\"panel panel-default\">\n\t\t\t<div class=\"panel-heading\">\n\t\t\t\t<h1 class=\"panel-title\">\n\t\t\t\t\t<a data-toggle=\"collapse\" data-parent=\"#panel_group_1\" href=\"#panel_1_4\" class=\"collapsed\">\n\t\t\t\t\t\tProv\u011b\u0159en\u00ed realizovatelnosti projekt\u016f ob\u010dan\u016f\n\t\t\t\t\t<\/a>\n\t\t\t\t<\/h1>\n\t\t\t<\/div>\n\t\t\t<div id=\"panel_1_4\" class=\"panel-collapse collapse\">\n\t\t\t\t<div class=\"panel-body\">\n\t\t\t\t\t<\/p>\n<p><span style=\"color: #003366;\"><strong>KV\u011aTEN &#8211; Z\u00c1\u0158\u00cd 2023\u00a0<\/strong><\/span><\/p>\n<ul>\n<li>Hodnocen\u00ed projekt\u016f z\u00a0hlediska realizovatelnosti a zp\u011btn\u00e1 vazba autor\u016fm<\/li>\n<li>Finalizace projekt\u016f ve spolupr\u00e1ci \u00fa\u0159ad &#8211; autor<\/li>\n<\/ul>\n<p>\n\t\t\t\t<\/div>\n\t\t\t<\/div>\n\t\t<\/article><article class=\"panel panel-default\">\n\t\t\t<div class=\"panel-heading\">\n\t\t\t\t<h1 class=\"panel-title\">\n\t\t\t\t\t<a data-toggle=\"collapse\" data-parent=\"#panel_group_1\" href=\"#panel_1_5\" class=\"collapsed\">\n\t\t\t\t\t\tPrezentace projekt\u016f a z\u00e1v\u011bre\u010dn\u00e9 hlasov\u00e1n\u00ed\n\t\t\t\t\t<\/a>\n\t\t\t\t<\/h1>\n\t\t\t<\/div>\n\t\t\t<div id=\"panel_1_5\" class=\"panel-collapse collapse\">\n\t\t\t\t<div class=\"panel-body\">\n\t\t\t\t\t<\/p>\n<p><span style=\"color: #003366;\"><strong>\u0158\u00cdJEN &#8211; LISTOPAD 2023<\/strong><\/span><\/p>\n<ul>\n<li>Prezentace projekt\u016f<\/li>\n<li>Informov\u00e1n\u00ed ob\u010dan\u016f o fin\u00e1ln\u00ed podob\u011b projekt\u016f a bl\u00ed\u017e\u00edc\u00edm se hlasov\u00e1n\u00ed<\/li>\n<\/ul>\n<p>\n\t\t\t\t<\/div>\n\t\t\t<\/div>\n\t\t<\/article><article class=\"panel panel-default\">\n\t\t\t<div class=\"panel-heading\">\n\t\t\t\t<h1 class=\"panel-title\">\n\t\t\t\t\t<a data-toggle=\"collapse\" data-parent=\"#panel_group_1\" href=\"#panel_1_6\" class=\"collapsed\">\n\t\t\t\t\t\tP\u0159\u00edprava realizace projekt\u016f\n\t\t\t\t\t<\/a>\n\t\t\t\t<\/h1>\n\t\t\t<\/div>\n\t\t\t<div id=\"panel_1_6\" class=\"panel-collapse collapse\">\n\t\t\t\t<div class=\"panel-body\">\n\t\t\t\t\t<\/p>\n<p><span style=\"color: #003366;\"><strong>LISTOPAD 2023<\/strong><\/span><\/p>\n<ul>\n<li>Hlasov\u00e1n\u00ed <em>(15. 11. \u2013 29. 11. 2023)<\/em><\/li>\n<\/ul>\n<p>\n\t\t\t\t<\/div>\n\t\t\t<\/div>\n\t\t<\/article><article class=\"panel panel-default\">\n\t\t\t<div class=\"panel-heading\">\n\t\t\t\t<h1 class=\"panel-title\">\n\t\t\t\t\t<a data-toggle=\"collapse\" data-parent=\"#panel_group_1\" href=\"#panel_1_7\" class=\"collapsed\">\n\t\t\t\t\t\tP\u0159\u00edprava realizace projekt\u016f\n\t\t\t\t\t<\/a>\n\t\t\t\t<\/h1>\n\t\t\t<\/div>\n\t\t\t<div id=\"panel_1_7\" class=\"panel-collapse collapse\">\n\t\t\t\t<div class=\"panel-body\">\n\t\t\t\t\t<\/p>\n<p><span style=\"color: #003366;\"><strong>PROSINEC 2023<\/strong><\/span><\/p>\n<ul>\n<li>Informov\u00e1n\u00ed o v\u00fdsledc\u00edch hlasov\u00e1n\u00ed, schv\u00e1len\u00ed realizace v\u00edt\u011bzn\u00fdch projekt\u016f Radou M\u010c<\/li>\n<\/ul>\n<p>\n\t\t\t\t<\/div>\n\t\t\t<\/div>\n\t\t<\/article><article class=\"panel panel-default\">\n\t\t\t<div class=\"panel-heading\">\n\t\t\t\t<h1 class=\"panel-title\">\n\t\t\t\t\t<a data-toggle=\"collapse\" data-parent=\"#panel_group_1\" href=\"#panel_1_8\" class=\"collapsed\">\n\t\t\t\t\t\tRealizace v\u00edt\u011bzn\u00fdch projekt\u016f\n\t\t\t\t\t<\/a>\n\t\t\t\t<\/h1>\n\t\t\t<\/div>\n\t\t\t<div id=\"panel_1_8\" class=\"panel-collapse collapse\">\n\t\t\t\t<div class=\"panel-body\">\n\t\t\t\t\t<\/p>\n<p><span style=\"color: #003366;\"><strong>LEDEN 2024 &#8211; PROSINEC 2025<\/strong><\/span><\/p>\n<p>\n\t\t\t\t<\/div>\n\t\t\t<\/div>\n\t\t<\/article><\/div><\/section>\n","protected":false},"excerpt":{"rendered":"","protected":false},"author":1057,"featured_media":0,"parent":1561,"menu_order":0,"comment_status":"closed","ping_status":"closed","template":"","meta":{"_acf_changed":false,"footnotes":""},"class_list":["post-932","page","type-page","status-publish","hentry"],"acf":[],"yoast_head":"<!-- This site is optimized with the Yoast SEO plugin v27.2 - https:\/\/yoast.com\/product\/yoast-seo-wordpress\/ -->\n<title>Harmonogram 4. ro\u010dn\u00edku - M\u011b\u0148te s n\u00e1mi Prahu 14<\/title>\n<meta name=\"robots\" content=\"index, follow, max-snippet:-1, max-image-preview:large, max-video-preview:-1\" \/>\n<link rel=\"canonical\" href=\"https:\/\/www.praha14.cz\/ctrnactka-podle-vas\/o-projektu\/navrhy-4-rocnik\/harmonogram-3-rocniku\/\" \/>\n<meta property=\"og:locale\" content=\"cs_CZ\" \/>\n<meta property=\"og:type\" content=\"article\" \/>\n<meta property=\"og:title\" content=\"Harmonogram 4. ro\u010dn\u00edku - M\u011b\u0148te s n\u00e1mi Prahu 14\" \/>\n<meta property=\"og:url\" content=\"https:\/\/www.praha14.cz\/ctrnactka-podle-vas\/o-projektu\/navrhy-4-rocnik\/harmonogram-3-rocniku\/\" \/>\n<meta property=\"og:site_name\" content=\"M\u011b\u0148te s n\u00e1mi Prahu 14\" \/>\n<meta property=\"article:modified_time\" content=\"2026-01-05T13:16:01+00:00\" \/>\n<meta name=\"twitter:card\" content=\"summary_large_image\" \/>\n<meta name=\"twitter:label1\" content=\"Est. reading time\" \/>\n\t<meta name=\"twitter:data1\" content=\"1 minuta\" \/>\n<script type=\"application\/ld+json\" class=\"yoast-schema-graph\">{\"@context\":\"https:\/\/schema.org\",\"@graph\":[{\"@type\":\"WebPage\",\"@id\":\"https:\/\/www.praha14.cz\/ctrnactka-podle-vas\/o-projektu\/navrhy-4-rocnik\/harmonogram-3-rocniku\/\",\"url\":\"https:\/\/www.praha14.cz\/ctrnactka-podle-vas\/o-projektu\/navrhy-4-rocnik\/harmonogram-3-rocniku\/\",\"name\":\"Harmonogram 4. ro\u010dn\u00edku - M\u011b\u0148te s n\u00e1mi Prahu 14\",\"isPartOf\":{\"@id\":\"https:\/\/www.praha14.cz\/ctrnactka-podle-vas\/#website\"},\"datePublished\":\"2021-04-28T07:52:02+00:00\",\"dateModified\":\"2026-01-05T13:16:01+00:00\",\"breadcrumb\":{\"@id\":\"https:\/\/www.praha14.cz\/ctrnactka-podle-vas\/o-projektu\/navrhy-4-rocnik\/harmonogram-3-rocniku\/#breadcrumb\"},\"inLanguage\":\"cs\",\"potentialAction\":[{\"@type\":\"ReadAction\",\"target\":[\"https:\/\/www.praha14.cz\/ctrnactka-podle-vas\/o-projektu\/navrhy-4-rocnik\/harmonogram-3-rocniku\/\"]}]},{\"@type\":\"BreadcrumbList\",\"@id\":\"https:\/\/www.praha14.cz\/ctrnactka-podle-vas\/o-projektu\/navrhy-4-rocnik\/harmonogram-3-rocniku\/#breadcrumb\",\"itemListElement\":[{\"@type\":\"ListItem\",\"position\":1,\"name\":\"M\u011b\u0148te s n\u00e1mi Prahu 14\",\"item\":\"https:\/\/www.praha14.cz\/ctrnactka-podle-vas\/\"},{\"@type\":\"ListItem\",\"position\":2,\"name\":\"M\u011b\u0148te s n\u00e1mi Prahu 14\",\"item\":\"https:\/\/www.praha14.cz\/ctrnactka-podle-vas\/o-projektu\/\"},{\"@type\":\"ListItem\",\"position\":3,\"name\":\"4. ro\u010dn\u00edk\",\"item\":\"https:\/\/www.praha14.cz\/ctrnactka-podle-vas\/?page_id=1561\"},{\"@type\":\"ListItem\",\"position\":4,\"name\":\"Harmonogram 4. ro\u010dn\u00edku\"}]},{\"@type\":\"WebSite\",\"@id\":\"https:\/\/www.praha14.cz\/ctrnactka-podle-vas\/#website\",\"url\":\"https:\/\/www.praha14.cz\/ctrnactka-podle-vas\/\",\"name\":\"M\u011b\u0148te s n\u00e1mi Prahu 14\",\"description\":\"\u010ctrn\u00e1ctka podle v\u00e1s\",\"potentialAction\":[{\"@type\":\"SearchAction\",\"target\":{\"@type\":\"EntryPoint\",\"urlTemplate\":\"https:\/\/www.praha14.cz\/ctrnactka-podle-vas\/?s={search_term_string}\"},\"query-input\":{\"@type\":\"PropertyValueSpecification\",\"valueRequired\":true,\"valueName\":\"search_term_string\"}}],\"inLanguage\":\"cs\"}]}<\/script>\n<!-- \/ Yoast SEO plugin. -->","yoast_head_json":{"title":"Harmonogram 4. ro\u010dn\u00edku - M\u011b\u0148te s n\u00e1mi Prahu 14","robots":{"index":"index","follow":"follow","max-snippet":"max-snippet:-1","max-image-preview":"max-image-preview:large","max-video-preview":"max-video-preview:-1"},"canonical":"https:\/\/www.praha14.cz\/ctrnactka-podle-vas\/o-projektu\/navrhy-4-rocnik\/harmonogram-3-rocniku\/","og_locale":"cs_CZ","og_type":"article","og_title":"Harmonogram 4. ro\u010dn\u00edku - M\u011b\u0148te s n\u00e1mi Prahu 14","og_url":"https:\/\/www.praha14.cz\/ctrnactka-podle-vas\/o-projektu\/navrhy-4-rocnik\/harmonogram-3-rocniku\/","og_site_name":"M\u011b\u0148te s n\u00e1mi Prahu 14","article_modified_time":"2026-01-05T13:16:01+00:00","twitter_card":"summary_large_image","twitter_misc":{"Est. reading time":"1 minuta"},"schema":{"@context":"https:\/\/schema.org","@graph":[{"@type":"WebPage","@id":"https:\/\/www.praha14.cz\/ctrnactka-podle-vas\/o-projektu\/navrhy-4-rocnik\/harmonogram-3-rocniku\/","url":"https:\/\/www.praha14.cz\/ctrnactka-podle-vas\/o-projektu\/navrhy-4-rocnik\/harmonogram-3-rocniku\/","name":"Harmonogram 4. ro\u010dn\u00edku - M\u011b\u0148te s n\u00e1mi Prahu 14","isPartOf":{"@id":"https:\/\/www.praha14.cz\/ctrnactka-podle-vas\/#website"},"datePublished":"2021-04-28T07:52:02+00:00","dateModified":"2026-01-05T13:16:01+00:00","breadcrumb":{"@id":"https:\/\/www.praha14.cz\/ctrnactka-podle-vas\/o-projektu\/navrhy-4-rocnik\/harmonogram-3-rocniku\/#breadcrumb"},"inLanguage":"cs","potentialAction":[{"@type":"ReadAction","target":["https:\/\/www.praha14.cz\/ctrnactka-podle-vas\/o-projektu\/navrhy-4-rocnik\/harmonogram-3-rocniku\/"]}]},{"@type":"BreadcrumbList","@id":"https:\/\/www.praha14.cz\/ctrnactka-podle-vas\/o-projektu\/navrhy-4-rocnik\/harmonogram-3-rocniku\/#breadcrumb","itemListElement":[{"@type":"ListItem","position":1,"name":"M\u011b\u0148te s n\u00e1mi Prahu 14","item":"https:\/\/www.praha14.cz\/ctrnactka-podle-vas\/"},{"@type":"ListItem","position":2,"name":"M\u011b\u0148te s n\u00e1mi Prahu 14","item":"https:\/\/www.praha14.cz\/ctrnactka-podle-vas\/o-projektu\/"},{"@type":"ListItem","position":3,"name":"4. ro\u010dn\u00edk","item":"https:\/\/www.praha14.cz\/ctrnactka-podle-vas\/?page_id=1561"},{"@type":"ListItem","position":4,"name":"Harmonogram 4. ro\u010dn\u00edku"}]},{"@type":"WebSite","@id":"https:\/\/www.praha14.cz\/ctrnactka-podle-vas\/#website","url":"https:\/\/www.praha14.cz\/ctrnactka-podle-vas\/","name":"M\u011b\u0148te s n\u00e1mi Prahu 14","description":"\u010ctrn\u00e1ctka podle v\u00e1s","potentialAction":[{"@type":"SearchAction","target":{"@type":"EntryPoint","urlTemplate":"https:\/\/www.praha14.cz\/ctrnactka-podle-vas\/?s={search_term_string}"},"query-input":{"@type":"PropertyValueSpecification","valueRequired":true,"valueName":"search_term_string"}}],"inLanguage":"cs"}]}},"_links":{"self":[{"href":"https:\/\/www.praha14.cz\/ctrnactka-podle-vas\/wp-json\/wp\/v2\/pages\/932","targetHints":{"allow":["GET"]}}],"collection":[{"href":"https:\/\/www.praha14.cz\/ctrnactka-podle-vas\/wp-json\/wp\/v2\/pages"}],"about":[{"href":"https:\/\/www.praha14.cz\/ctrnactka-podle-vas\/wp-json\/wp\/v2\/types\/page"}],"author":[{"embeddable":true,"href":"https:\/\/www.praha14.cz\/ctrnactka-podle-vas\/wp-json\/wp\/v2\/users\/1057"}],"replies":[{"embeddable":true,"href":"https:\/\/www.praha14.cz\/ctrnactka-podle-vas\/wp-json\/wp\/v2\/comments?post=932"}],"version-history":[{"count":7,"href":"https:\/\/www.praha14.cz\/ctrnactka-podle-vas\/wp-json\/wp\/v2\/pages\/932\/revisions"}],"predecessor-version":[{"id":1550,"href":"https:\/\/www.praha14.cz\/ctrnactka-podle-vas\/wp-json\/wp\/v2\/pages\/932\/revisions\/1550"}],"up":[{"embeddable":true,"href":"https:\/\/www.praha14.cz\/ctrnactka-podle-vas\/wp-json\/wp\/v2\/pages\/1561"}],"wp:attachment":[{"href":"https:\/\/www.praha14.cz\/ctrnactka-podle-vas\/wp-json\/wp\/v2\/media?parent=932"}],"curies":[{"name":"wp","href":"https:\/\/api.w.org\/{rel}","templated":true}]}}