{"id":19842,"date":"2014-05-26T17:47:32","date_gmt":"2014-05-26T16:47:32","guid":{"rendered":"\/samosprava\/?page_id=19842"},"modified":"2023-01-27T13:38:51","modified_gmt":"2023-01-27T12:38:51","slug":"jednani-rady","status":"publish","type":"page","link":"https:\/\/www.praha14.cz\/samosprava\/rada\/jednani-rady\/","title":{"rendered":"Usnesen\u00ed Rady &#8211; do 82. jedn\u00e1n\u00ed RM\u010c\/2022"},"content":{"rendered":"<p class=\"alert alert-info\"><a href=\"https:\/\/usneseni.praha14.cz\/usneseni\/organ\/2\" target=\"_blank\" rel=\"noopener\">Usnesen\u00ed z jedn\u00e1n\u00ed RM\u010c od 83. jedn\u00e1n\u00ed \/ 2022 jsou k dispozici na usneseni.praha14.cz<\/a><\/p>\n","protected":false},"excerpt":{"rendered":"<p>Usnesen\u00ed z jedn\u00e1n\u00ed RM\u010c od 83. jedn\u00e1n\u00ed \/ 2022 jsou k dispozici na usneseni.praha14.cz<\/p>\n","protected":false},"author":1,"featured_media":0,"parent":19612,"menu_order":0,"comment_status":"closed","ping_status":"closed","template":"page-jednani-rady.php","meta":{"_acf_changed":false,"footnotes":""},"class_list":["post-19842","page","type-page","status-publish","hentry"],"acf":[],"yoast_head":"<!-- This site is optimized with the Yoast SEO plugin v27.2 - https:\/\/yoast.com\/product\/yoast-seo-wordpress\/ -->\n<title>Usnesen\u00ed Rady - do 82. jedn\u00e1n\u00ed RM\u010c\/2022 - Samospr\u00e1va \u00daM\u010c Praha 14<\/title>\n<meta name=\"robots\" content=\"index, follow, max-snippet:-1, max-image-preview:large, max-video-preview:-1\" \/>\n<link rel=\"canonical\" href=\"https:\/\/www.praha14.cz\/samosprava\/rada\/jednani-rady\/\" \/>\n<meta property=\"og:locale\" content=\"cs_CZ\" \/>\n<meta property=\"og:type\" content=\"article\" \/>\n<meta property=\"og:title\" content=\"Usnesen\u00ed Rady - do 82. jedn\u00e1n\u00ed RM\u010c\/2022 - Samospr\u00e1va \u00daM\u010c Praha 14\" \/>\n<meta property=\"og:description\" content=\"Usnesen\u00ed z jedn\u00e1n\u00ed RM\u010c od 83. jedn\u00e1n\u00ed \/ 2022 jsou k dispozici na usneseni.praha14.cz\" \/>\n<meta property=\"og:url\" content=\"https:\/\/www.praha14.cz\/samosprava\/rada\/jednani-rady\/\" \/>\n<meta property=\"og:site_name\" content=\"Samospr\u00e1va \u00daM\u010c Praha 14\" \/>\n<meta property=\"article:modified_time\" content=\"2023-01-27T12:38:51+00:00\" \/>\n<meta name=\"twitter:card\" content=\"summary_large_image\" \/>\n<meta name=\"twitter:label1\" content=\"Est. reading time\" \/>\n\t<meta name=\"twitter:data1\" content=\"1 minuta\" \/>\n<script type=\"application\/ld+json\" class=\"yoast-schema-graph\">{\"@context\":\"https:\/\/schema.org\",\"@graph\":[{\"@type\":\"WebPage\",\"@id\":\"https:\/\/www.praha14.cz\/samosprava\/rada\/jednani-rady\/\",\"url\":\"https:\/\/www.praha14.cz\/samosprava\/rada\/jednani-rady\/\",\"name\":\"Usnesen\u00ed Rady - do 82. jedn\u00e1n\u00ed RM\u010c\/2022 - Samospr\u00e1va \u00daM\u010c Praha 14\",\"isPartOf\":{\"@id\":\"https:\/\/www.praha14.cz\/samosprava\/#website\"},\"datePublished\":\"2014-05-26T16:47:32+00:00\",\"dateModified\":\"2023-01-27T12:38:51+00:00\",\"breadcrumb\":{\"@id\":\"https:\/\/www.praha14.cz\/samosprava\/rada\/jednani-rady\/#breadcrumb\"},\"inLanguage\":\"cs\",\"potentialAction\":[{\"@type\":\"ReadAction\",\"target\":[\"https:\/\/www.praha14.cz\/samosprava\/rada\/jednani-rady\/\"]}]},{\"@type\":\"BreadcrumbList\",\"@id\":\"https:\/\/www.praha14.cz\/samosprava\/rada\/jednani-rady\/#breadcrumb\",\"itemListElement\":[{\"@type\":\"ListItem\",\"position\":1,\"name\":\"Samospr\u00e1va \u00daM\u010c Praha 14\",\"item\":\"https:\/\/www.praha14.cz\/samosprava\/\"},{\"@type\":\"ListItem\",\"position\":2,\"name\":\"Rada\",\"item\":\"https:\/\/www.praha14.cz\/samosprava\/rada\/\"},{\"@type\":\"ListItem\",\"position\":3,\"name\":\"Usnesen\u00ed Rady &#8211; do 82. jedn\u00e1n\u00ed RM\u010c\/2022\"}]},{\"@type\":\"WebSite\",\"@id\":\"https:\/\/www.praha14.cz\/samosprava\/#website\",\"url\":\"https:\/\/www.praha14.cz\/samosprava\/\",\"name\":\"Samospr\u00e1va \u00daM\u010c Praha 14\",\"description\":\"Ofici\u00e1ln\u00ed str\u00e1nky Samospr\u00e1vy \u00daM\u010c Praha 14\",\"potentialAction\":[{\"@type\":\"SearchAction\",\"target\":{\"@type\":\"EntryPoint\",\"urlTemplate\":\"https:\/\/www.praha14.cz\/samosprava\/?s={search_term_string}\"},\"query-input\":{\"@type\":\"PropertyValueSpecification\",\"valueRequired\":true,\"valueName\":\"search_term_string\"}}],\"inLanguage\":\"cs\"}]}<\/script>\n<!-- \/ Yoast SEO plugin. -->","yoast_head_json":{"title":"Usnesen\u00ed Rady - do 82. jedn\u00e1n\u00ed RM\u010c\/2022 - Samospr\u00e1va \u00daM\u010c Praha 14","robots":{"index":"index","follow":"follow","max-snippet":"max-snippet:-1","max-image-preview":"max-image-preview:large","max-video-preview":"max-video-preview:-1"},"canonical":"https:\/\/www.praha14.cz\/samosprava\/rada\/jednani-rady\/","og_locale":"cs_CZ","og_type":"article","og_title":"Usnesen\u00ed Rady - do 82. jedn\u00e1n\u00ed RM\u010c\/2022 - Samospr\u00e1va \u00daM\u010c Praha 14","og_description":"Usnesen\u00ed z jedn\u00e1n\u00ed RM\u010c od 83. jedn\u00e1n\u00ed \/ 2022 jsou k dispozici na usneseni.praha14.cz","og_url":"https:\/\/www.praha14.cz\/samosprava\/rada\/jednani-rady\/","og_site_name":"Samospr\u00e1va \u00daM\u010c Praha 14","article_modified_time":"2023-01-27T12:38:51+00:00","twitter_card":"summary_large_image","twitter_misc":{"Est. reading time":"1 minuta"},"schema":{"@context":"https:\/\/schema.org","@graph":[{"@type":"WebPage","@id":"https:\/\/www.praha14.cz\/samosprava\/rada\/jednani-rady\/","url":"https:\/\/www.praha14.cz\/samosprava\/rada\/jednani-rady\/","name":"Usnesen\u00ed Rady - do 82. jedn\u00e1n\u00ed RM\u010c\/2022 - Samospr\u00e1va \u00daM\u010c Praha 14","isPartOf":{"@id":"https:\/\/www.praha14.cz\/samosprava\/#website"},"datePublished":"2014-05-26T16:47:32+00:00","dateModified":"2023-01-27T12:38:51+00:00","breadcrumb":{"@id":"https:\/\/www.praha14.cz\/samosprava\/rada\/jednani-rady\/#breadcrumb"},"inLanguage":"cs","potentialAction":[{"@type":"ReadAction","target":["https:\/\/www.praha14.cz\/samosprava\/rada\/jednani-rady\/"]}]},{"@type":"BreadcrumbList","@id":"https:\/\/www.praha14.cz\/samosprava\/rada\/jednani-rady\/#breadcrumb","itemListElement":[{"@type":"ListItem","position":1,"name":"Samospr\u00e1va \u00daM\u010c Praha 14","item":"https:\/\/www.praha14.cz\/samosprava\/"},{"@type":"ListItem","position":2,"name":"Rada","item":"https:\/\/www.praha14.cz\/samosprava\/rada\/"},{"@type":"ListItem","position":3,"name":"Usnesen\u00ed Rady &#8211; do 82. jedn\u00e1n\u00ed RM\u010c\/2022"}]},{"@type":"WebSite","@id":"https:\/\/www.praha14.cz\/samosprava\/#website","url":"https:\/\/www.praha14.cz\/samosprava\/","name":"Samospr\u00e1va \u00daM\u010c Praha 14","description":"Ofici\u00e1ln\u00ed str\u00e1nky Samospr\u00e1vy \u00daM\u010c Praha 14","potentialAction":[{"@type":"SearchAction","target":{"@type":"EntryPoint","urlTemplate":"https:\/\/www.praha14.cz\/samosprava\/?s={search_term_string}"},"query-input":{"@type":"PropertyValueSpecification","valueRequired":true,"valueName":"search_term_string"}}],"inLanguage":"cs"}]}},"_links":{"self":[{"href":"https:\/\/www.praha14.cz\/samosprava\/wp-json\/wp\/v2\/pages\/19842","targetHints":{"allow":["GET"]}}],"collection":[{"href":"https:\/\/www.praha14.cz\/samosprava\/wp-json\/wp\/v2\/pages"}],"about":[{"href":"https:\/\/www.praha14.cz\/samosprava\/wp-json\/wp\/v2\/types\/page"}],"author":[{"embeddable":true,"href":"https:\/\/www.praha14.cz\/samosprava\/wp-json\/wp\/v2\/users\/1"}],"replies":[{"embeddable":true,"href":"https:\/\/www.praha14.cz\/samosprava\/wp-json\/wp\/v2\/comments?post=19842"}],"version-history":[{"count":5,"href":"https:\/\/www.praha14.cz\/samosprava\/wp-json\/wp\/v2\/pages\/19842\/revisions"}],"predecessor-version":[{"id":44819,"href":"https:\/\/www.praha14.cz\/samosprava\/wp-json\/wp\/v2\/pages\/19842\/revisions\/44819"}],"up":[{"embeddable":true,"href":"https:\/\/www.praha14.cz\/samosprava\/wp-json\/wp\/v2\/pages\/19612"}],"wp:attachment":[{"href":"https:\/\/www.praha14.cz\/samosprava\/wp-json\/wp\/v2\/media?parent=19842"}],"curies":[{"name":"wp","href":"https:\/\/api.w.org\/{rel}","templated":true}]}}