{"id":209,"date":"2014-04-16T12:45:18","date_gmt":"2014-04-16T11:45:18","guid":{"rendered":"\/samosprava\/?page_id=209"},"modified":"2023-01-30T08:56:46","modified_gmt":"2023-01-30T07:56:46","slug":"granty-schvalene-radou-mc-praha-14-v-roce-2008","status":"publish","type":"page","link":"https:\/\/www.praha14.cz\/samosprava\/granty-schvalene-radou-mc-praha-14-v-roce-2008\/","title":{"rendered":"Granty schv\u00e1len\u00e9 Radou M\u010c Praha 14 v roce 2008"},"content":{"rendered":"<p>Usnesen\u00ed Rady\u00a0<a title=\"Odkaz do nov\u00e9ho okna, html\" href=\"https:\/\/www.praha14.cz\/app\/uploads\/usneseni\/rada\/2008\/03\/109_35MR.htm\" target=\"_blank\" rel=\"noopener\">\u010d. 109\/RM\u010c\/2008<\/a>\u00a0ze 17.03.2008 k p\u0159id\u011blen\u00ed grantov\u00fdch prost\u0159edk\u016f m\u011bstsk\u00e9 \u010d\u00e1sti Praha 14 v roce 2008<\/p>\n<p><strong>celkem Granty R: 2200000,- K\u010d<\/strong><\/p>\n<p><strong>Oblasti:<\/strong><br \/>\nKV\u010c &#8211; Kultura a vyu\u017eit\u00ed voln\u00e9ho \u010dasu d\u011bt\u00ed a ml\u00e1de\u017ee<br \/>\nPPK &#8211; Protidrogov\u00e1 prevence a prevence kriminality<br \/>\nSVZ &#8211; Soci\u00e1ln\u00ed v\u011bc\u00ed a zdravotnictv\u00ed<br \/>\nSTV &#8211; Sport a t\u011blov\u00fdchova<\/p>\n<table summary=\"Granty p\u0159iznan\u00e9 Radou,1.sl. Oblast,2.sl. \u017dadatel,3.sl. N\u00e1zev projektu,4.sl. po\u017eadov. \u00fa\u010dast M\u010c v K\u010d,5.sl. p\u0159iznan\u00e1 v\u00fd\u0161e grantu,6.sl. celkov\u00e1 v\u00fd\u0161e pro \u017eadatele\">\n<tbody>\n<tr>\n<th colspan=\"6\">Granty schv\u00e1len\u00e9 Radou M\u010c Praha 14 v roce 2008<\/th>\n<\/tr>\n<tr>\n<td><span style=\"color: #f39600;\"><strong>Oblast<\/strong><\/span><\/td>\n<td><span style=\"color: #f39600;\"><strong>\u017dadatel<\/strong><\/span><\/td>\n<td><span style=\"color: #f39600;\"><strong>N\u00e1zev projektu<\/strong><\/span><\/td>\n<td><span style=\"color: #f39600;\"><strong>po\u017eadov.<\/strong><\/span><br \/>\n<span style=\"color: #f39600;\"><strong> \u00fa\u010dast<\/strong><\/span><br \/>\n<span style=\"color: #f39600;\"><strong> M\u010c v K\u010d<\/strong><\/span><\/td>\n<td><span style=\"color: #f39600;\"><strong>p\u0159iznan\u00e1<\/strong><\/span><br \/>\n<span style=\"color: #f39600;\"><strong> v\u00fd\u0161e<\/strong><\/span><br \/>\n<span style=\"color: #f39600;\"><strong> grantu<\/strong><\/span><\/td>\n<td><span style=\"color: #f39600;\"><strong>celkov\u00e1<\/strong><\/span><br \/>\n<span style=\"color: #f39600;\"><strong> v\u00fd\u0161e pro<\/strong><\/span><br \/>\n<span style=\"color: #f39600;\"><strong> \u017eadatele<\/strong><\/span><\/td>\n<\/tr>\n<tr>\n<td>STV<\/td>\n<td>SK Prosek Praha<\/td>\n<td>Pron\u00e1jmy TV za\u0159\u00edzen\u00ed na P14 &#8211; d\u00edv\u010d\u00ed sport. akt. na Lehovci a sp\u00e1dov\u00e9m \u00faz.<\/td>\n<td><strong>40000<\/strong><\/td>\n<td><strong>30000<\/strong><\/td>\n<td><strong>30000<\/strong><\/td>\n<\/tr>\n<tr>\n<td>STV<\/td>\n<td>Kamila \u0160eb\u00edkov\u00e1<\/td>\n<td>Po\u0159\u00edzen\u00ed klubov\u00fdch souprav<\/td>\n<td><strong>15000<\/strong><\/td>\n<td><strong>10000<\/strong><\/td>\n<td><strong>10000<\/strong><\/td>\n<\/tr>\n<tr>\n<td>STV<\/td>\n<td>RC Tatra Sm\u00edchov<\/td>\n<td>Sport bez p\u0159edsudk\u016f 2008<\/td>\n<td><strong>40000<\/strong><\/td>\n<td><strong>20000<\/strong><\/td>\n<td><strong>20000<\/strong><\/td>\n<\/tr>\n<tr>\n<td>STV<\/td>\n<td>R Team<\/td>\n<td>Plavecko b\u011b\u017eeck\u00fd poh\u00e1r<\/td>\n<td><strong>50000<\/strong><\/td>\n<td><strong>20000<\/strong><\/td>\n<td><strong>20000<\/strong><\/td>\n<\/tr>\n<tr>\n<td>STV<\/td>\n<td>TJ Sokol Hloub\u011bt\u00edn<\/td>\n<td>N\u00e1jemn\u00e9 za pou\u017e\u00edv\u00e1n\u00ed TV, ostatn\u00ed akce odd\u00edl\u016f sokolsk\u00e9 v\u0161estrannosti<\/td>\n<td><strong>30000<\/strong><\/td>\n<td><strong>30000<\/strong><\/td>\n<td><strong>30000<\/strong><\/td>\n<\/tr>\n<tr>\n<td>STV<\/td>\n<td>TJ Kyje<\/td>\n<td>Soust\u0159ed\u011bn\u00ed star\u0161\u00edch \u017e\u00e1k\u016f odd\u00edl\u016f kopan\u00e9 &#8211; p\u0159\u00edprava na mistrovsk\u00e9 z\u00e1pasy<\/td>\n<td><strong>42000<\/strong><\/td>\n<td><strong>30000<\/strong><\/td>\n<td><\/td>\n<\/tr>\n<tr>\n<td>KV\u010c<\/td>\n<td>TJ Kyje<\/td>\n<td>Seniorsk\u00e1 Kalokaghatia &#8211; kult., spol., pohyb.vy\u017eit\u00ed a o\u017eiven\u00ed soc.kontakt\u016f<\/td>\n<td><strong>9225<\/strong><\/td>\n<td><strong>9225<\/strong><\/td>\n<td><\/td>\n<\/tr>\n<tr>\n<td>KV\u010c<\/td>\n<td>TJ Kyje<\/td>\n<td>Senio\u0159i v pohybu &#8211; sportovn\u00ed a z\u00e1bavn\u00e9 sout\u011b\u017ee pro d\u0159\u00edve narozen\u00e9<\/td>\n<td><strong>4000<\/strong><\/td>\n<td><strong>4000<\/strong><\/td>\n<td><strong>43225<\/strong><\/td>\n<\/tr>\n<tr>\n<td>STV<\/td>\n<td>SK Spectrum Praha<\/td>\n<td>Pron\u00e1jem h\u0159i\u0161t\u011b<\/td>\n<td><strong>45000<\/strong><\/td>\n<td><strong>30000<\/strong><\/td>\n<td><strong>30000<\/strong><\/td>\n<\/tr>\n<tr>\n<td>STV<\/td>\n<td>FC KING fotbalov\u00fd odd\u00edl<\/td>\n<td>V\u00fddaje spojen\u00e9 s organizac\u00ed a po\u0159\u00e1d\u00e1n\u00edm zimn\u00edch turnaj\u016f.<\/td>\n<td><strong>37409<\/strong><\/td>\n<td><strong>30000<\/strong><\/td>\n<td><strong>30000<\/strong><\/td>\n<\/tr>\n<tr>\n<td>STV<\/td>\n<td valign=\"top\">EWSC LITA SPORT Praha<\/td>\n<td>\u00da\u010dast handicapovan\u00fdch ob\u010dan\u016f Prahy 14 na ME Electric Wheelchair Hockey 2008 v Belgii<\/td>\n<td><strong>38500<\/strong><\/td>\n<td><strong>30000<\/strong><\/td>\n<td><strong>30000<\/strong><\/td>\n<\/tr>\n<tr>\n<td>STV<\/td>\n<td>SK Neptun Praha<\/td>\n<td>Pron\u00e1jem baz\u00e9nu a t\u011blocvi\u010dny<\/td>\n<td><strong>300000<\/strong><\/td>\n<td><strong>30000<\/strong><\/td>\n<td><strong>30000<\/strong><\/td>\n<\/tr>\n<tr>\n<td>STV<\/td>\n<td>\u0160kola Taekwon-do Dan-Gun<\/td>\n<td>Pron\u00e1jem TV za\u0159\u00edzen\u00ed a sportovi\u0161\u0165 &#8211; pron\u00e1jem t\u011blocvi\u010den<\/td>\n<td><strong>38000<\/strong><\/td>\n<td><strong>10000<\/strong><\/td>\n<td><\/td>\n<\/tr>\n<tr>\n<td>KV\u010c<\/td>\n<td>\u0160kola Taekwon-do Dan-Gun<\/td>\n<td>P\u0159\u00edm\u011bstsk\u00e9 t\u00e1bory &#8211; letn\u00ed soust\u0159ed\u011bn\u00ed<\/td>\n<td><strong>56500<\/strong><\/td>\n<td><strong>18775<\/strong><\/td>\n<td><strong>28775<\/strong><\/td>\n<\/tr>\n<tr>\n<td>STV<\/td>\n<td>FbC Z\u0160 Vyb\u00edralova<\/td>\n<td>Flobralov\u00fd turnaj \u017e\u00e1k\u016f<\/td>\n<td><strong>17000<\/strong><\/td>\n<td><strong>10000<\/strong><\/td>\n<td><strong>10000<\/strong><\/td>\n<\/tr>\n<tr>\n<td>STV<\/td>\n<td>SK Shotokan Neratovice<\/td>\n<td>Karate pro v\u0161echny<\/td>\n<td><strong>80000<\/strong><\/td>\n<td><strong>20000<\/strong><\/td>\n<td><strong>20000<\/strong><\/td>\n<\/tr>\n<tr>\n<td>STV<\/td>\n<td>Squashov\u00fd klub PRO &#8211; 6<\/td>\n<td>Den otev\u0159en\u00fdch dve\u0159\u00ed &#8211; n\u00e1bor mlad\u00fdch hr\u00e1\u010d\u016f squashe a ricochetu<\/td>\n<td><strong>13000<\/strong><\/td>\n<td><strong>10000<\/strong><\/td>\n<td><strong>10000<\/strong><\/td>\n<\/tr>\n<tr>\n<td>STV<\/td>\n<td>Odd\u00edl triatlonu TRI SKI H. Po\u010dernice<\/td>\n<td>Pra\u017esk\u00e9 triatlonov\u00e9 centrum pro ml\u00e1de\u017e<\/td>\n<td><strong>160000<\/strong><\/td>\n<td><strong>30000<\/strong><\/td>\n<td><strong>30000<\/strong><\/td>\n<\/tr>\n<tr>\n<td>STV<\/td>\n<td>TJ Tesla Slavoj Hloub\u011bt\u00ed<\/td>\n<td>Spole\u010dn\u00e9 n\u00e1klady pro jedn. sport. odd\u00edly sdru\u017een\u00e9 v TJ Tesla Slavoj<\/td>\n<td><strong>63320<\/strong><\/td>\n<td><strong>30000<\/strong><\/td>\n<td><strong>30000<\/strong><\/td>\n<\/tr>\n<tr>\n<td>STV<\/td>\n<td>Hanny Dance<\/td>\n<td>6. stepa\u0159sk\u00e1 p\u0159ehl\u00eddka a exhibice mod. tance a gymn. o poh\u00e1r &#8222;Pra\u017esk\u00e9 14&#8220;<\/td>\n<td><strong>55000<\/strong><\/td>\n<td><strong>20000<\/strong><\/td>\n<td><strong>20000<\/strong><\/td>\n<\/tr>\n<tr>\n<td>STV<\/td>\n<td>ZKO 390 Star\u00fd Hloub\u011bt\u00edn<\/td>\n<td>Otev\u0159en\u00fd z\u00e1vod Hloub\u011bt\u00ednsk\u00fd tal\u00ed\u0159 2008<\/td>\n<td><strong>20000<\/strong><\/td>\n<td><strong>10000<\/strong><\/td>\n<td><strong>10000<\/strong><\/td>\n<\/tr>\n<tr>\n<td>SVZ<\/td>\n<td>Marie M\u00e1dlov\u00e1 &#8211; fyz.osoba<\/td>\n<td>Osobn\u00ed asistence voz\u00ed\u010dk\u00e1\u0159e<\/td>\n<td><strong>60000<\/strong><\/td>\n<td><strong>30000<\/strong><\/td>\n<td><strong>30000<\/strong><\/td>\n<\/tr>\n<tr>\n<td>SVZ<\/td>\n<td>Centrum pro zdrav. posti\u017een\u00e9 Pha<\/td>\n<td>Centrum pro posti\u017een\u00e9 ob\u010dany<\/td>\n<td><strong>33000<\/strong><\/td>\n<td><strong>10000<\/strong><\/td>\n<td><strong>10000<\/strong><\/td>\n<\/tr>\n<tr>\n<td>SVZ<\/td>\n<td>Acorus, ob\u010dansk\u00e9 sdru\u017een\u00ed<\/td>\n<td>Psychosoc.centrum Acorus &#8211; pomoc ob\u011btem dom\u00e1c\u00edho n\u00e1sil\u00ed<\/td>\n<td><strong>25000<\/strong><\/td>\n<td><strong>10000<\/strong><\/td>\n<td><strong>10000<\/strong><\/td>\n<\/tr>\n<tr>\n<td>SVZ<\/td>\n<td>Integra\u010dn\u00ed centrum, o.s.<\/td>\n<td>Integrace handicapovan\u00fdch osob M\u010c Praha 14<\/td>\n<td><strong>65000<\/strong><\/td>\n<td><strong>20000<\/strong><\/td>\n<td><strong>20000<\/strong><\/td>\n<\/tr>\n<tr>\n<td>SVZ<\/td>\n<td>Sons, ob\u010dansk\u00e9 sdru\u017een\u00ed<\/td>\n<td>Rehabilita\u010dn\u00ed pobyt s v\u00fdukou<\/td>\n<td><strong>40320<\/strong><\/td>\n<td><strong>20000<\/strong><\/td>\n<td><strong>20000<\/strong><\/td>\n<\/tr>\n<tr>\n<td>SVZ<\/td>\n<td>Speci\u00e1ln\u00ed domov SPMP-Chot\u011b\u0161ice<\/td>\n<td>P\u0159\u00edprava ment\u00e1ln\u011b posti\u017een\u00e9 ml\u00e1de\u017ee pro uplatn\u011bn\u00ed na trhu pr\u00e1ce<\/td>\n<td><strong>10000<\/strong><\/td>\n<td><strong>5000<\/strong><\/td>\n<td><strong>5000<\/strong><\/td>\n<\/tr>\n<tr>\n<td>SVZ<\/td>\n<td>Hellpes, centrum v\u00fdcviku ps\u016f<\/td>\n<td>N\u00e1sledn\u00e1 p\u00e9\u010de o osoby se zdravotn\u00edm posti\u017een\u00edm &#8211; majitele asist.ps\u016f<\/td>\n<td><strong>24000<\/strong><\/td>\n<td><strong>13000<\/strong><\/td>\n<td><strong>13000<\/strong><\/td>\n<\/tr>\n<tr>\n<td>SVZ<\/td>\n<td>NADACE BONA<\/td>\n<td>Psychosoci\u00e1ln\u00ed s\u00ed\u0165 &#8211; podpora samost.bydlen\u00ed, chr.bydlen\u00ed, chr.d\u00edlny<\/td>\n<td><strong>100000<\/strong><\/td>\n<td><strong>20000<\/strong><\/td>\n<td><strong>20000<\/strong><\/td>\n<\/tr>\n<tr>\n<td>SVZ<\/td>\n<td>Organizace pro pomoc uprchl\u00edk\u016fm<\/td>\n<td>Podporovan\u00e9 bydlen\u00ed pro mlad\u00e9 uprchl\u00edky<\/td>\n<td><strong>149500<\/strong><\/td>\n<td><strong>50000<\/strong><\/td>\n<td><strong>50000<\/strong><\/td>\n<\/tr>\n<tr>\n<td>SVZ<\/td>\n<td>Asistence o.s.<\/td>\n<td>Slu\u017eby asistence ob\u010dan\u016fm Prahy 14<\/td>\n<td><strong>113060<\/strong><\/td>\n<td><strong>50000<\/strong><\/td>\n<td><strong>50000<\/strong><\/td>\n<\/tr>\n<tr>\n<td>SVZ<\/td>\n<td>Z\u00e1kladn\u00ed \u0161kola, Chvaletick\u00e1 918<\/td>\n<td>Osobn\u00ed asistence u ZP \u017e\u00e1ka<\/td>\n<td><strong>42500<\/strong><\/td>\n<td><strong>40000<\/strong><\/td>\n<td><strong>40000<\/strong><\/td>\n<\/tr>\n<tr>\n<td>SVZ<\/td>\n<td>Prosaz, o.s.<\/td>\n<td>Doma je doma<\/td>\n<td><strong>50000<\/strong><\/td>\n<td><strong>30000<\/strong><\/td>\n<td><strong>30000<\/strong><\/td>\n<\/tr>\n<tr>\n<td>SVZ<\/td>\n<td>FORMIKA, o.s.<\/td>\n<td>Podporovan\u00e9 zam\u011bstn\u00e1v\u00e1n\u00ed v regionech HMP a St\u010c kraj<\/td>\n<td><strong>40000<\/strong><\/td>\n<td><strong>20000<\/strong><\/td>\n<td><strong>20000<\/strong><\/td>\n<\/tr>\n<tr>\n<td>SVZ<\/td>\n<td>Fokus Praha, o.s.<\/td>\n<td>D\u016fm na p\u016fli cesty v syst\u00e9mu kom.slu\u017eeb pro lidi s du\u0161ev.onemocn\u011bn\u00edm<\/td>\n<td><strong>100860<\/strong><\/td>\n<td><strong>40000<\/strong><\/td>\n<td><strong>40000<\/strong><\/td>\n<\/tr>\n<tr>\n<td>KV\u010c<\/td>\n<td>J. B\u0159ich\u00e1\u010dkov\u00e1 &#8211; Olivov\u00e1<\/td>\n<td>Zakoupen\u00ed v\u00fdtv.pot\u0159eb a pom\u016fcek pro provoz ateli\u00e9ru VV pro d\u011bti<\/td>\n<td><strong>20000<\/strong><\/td>\n<td><strong>10000<\/strong><\/td>\n<td><strong>10000<\/strong><\/td>\n<\/tr>\n<tr>\n<td>KV\u010c<\/td>\n<td>Jun\u00e1k, svz skaut\u016f a skautek \u010cR<\/td>\n<td>Kultura a vyu\u017eit\u00ed voln\u00e9ho \u010dasu d\u011bt\u00ed a ml\u00e1de\u017ee<\/td>\n<td><strong>30000<\/strong><\/td>\n<td><strong>20000<\/strong><\/td>\n<td><strong>20000<\/strong><\/td>\n<\/tr>\n<tr>\n<td>KV\u010c<\/td>\n<td>o. s. PROTEBE<\/td>\n<td>Integrovan\u00e9 aktivity d\u011bt\u00ed a ml\u00e1de\u017ee<\/td>\n<td><strong>30000<\/strong><\/td>\n<td><strong>15000<\/strong><\/td>\n<td><\/td>\n<\/tr>\n<tr>\n<td>KV\u010c<\/td>\n<td>o. s. PROTEBE<\/td>\n<td>\u0160ach PROTEBE<\/td>\n<td><strong>25000<\/strong><\/td>\n<td><strong>12000<\/strong><\/td>\n<td><strong>27000<\/strong><\/td>\n<\/tr>\n<tr>\n<td>KV\u010c<\/td>\n<td>Ob\u010dansk\u00e1 inspirace<\/td>\n<td>Ekov\u00fdchovn\u00fd program \u010cern\u00fd Most<\/td>\n<td><strong>67400<\/strong><\/td>\n<td><strong>18000<\/strong><\/td>\n<td><strong>18000<\/strong><\/td>\n<\/tr>\n<tr>\n<td>KV\u010c<\/td>\n<td>Divadlo K\u00e1men<\/td>\n<td>Celoro\u010dn\u00ed \u010dinnost 2008<\/td>\n<td><strong>10000<\/strong><\/td>\n<td><strong>5000<\/strong><\/td>\n<td><strong>5000<\/strong><\/td>\n<\/tr>\n<tr>\n<td>KV\u010c<\/td>\n<td>o. s. Po\u010din<\/td>\n<td>Kon\u011b pro ka\u017ed\u00e9ho<\/td>\n<td><strong>25356<\/strong><\/td>\n<td><strong>13000<\/strong><\/td>\n<td><strong>13000<\/strong><\/td>\n<\/tr>\n<tr>\n<td>PPK<\/td>\n<td>C\u00edrkev bratrsk\u00e1<\/td>\n<td>Provoz BB klubu &#8211; klubov\u00e1 \u010dinnost CB<\/td>\n<td><strong>40000<\/strong><\/td>\n<td><strong>40000<\/strong><\/td>\n<td><strong>40000<\/strong><\/td>\n<\/tr>\n<tr>\n<td><\/td>\n<td>C E L K E M<\/td>\n<td>celkem<\/td>\n<td><strong>*5052888<\/strong><\/td>\n<td><strong>2200000<\/strong><\/td>\n<td><strong>2200000<\/strong><\/td>\n<\/tr>\n<\/tbody>\n<\/table>\n<p>&nbsp;<\/p>\n","protected":false},"excerpt":{"rendered":"<p>Usnesen\u00ed Rady\u00a0\u010d. 109\/RM\u010c\/2008\u00a0ze 17.03.2008 k p\u0159id\u011blen\u00ed grantov\u00fdch prost\u0159edk\u016f m\u011bstsk\u00e9 \u010d\u00e1sti Praha 14 v roce 2008 celkem Granty R: 2200000,- K\u010d Oblasti: KV\u010c &#8211; Kultura a vyu\u017eit\u00ed voln\u00e9ho \u010dasu d\u011bt\u00ed a ml\u00e1de\u017ee PPK &#8211; Protidrogov\u00e1 prevence a prevence kriminality SVZ &#8211; Soci\u00e1ln\u00ed v\u011bc\u00ed a zdravotnictv\u00ed STV &#8211; Sport a t\u011blov\u00fdchova Granty schv\u00e1len\u00e9 Radou M\u010c Praha 14&#8230;<\/p>\n","protected":false},"author":1,"featured_media":0,"parent":0,"menu_order":0,"comment_status":"closed","ping_status":"open","template":"","meta":{"_acf_changed":false,"footnotes":""},"class_list":["post-209","page","type-page","status-publish","hentry"],"acf":[],"yoast_head":"<!-- This site is optimized with the Yoast SEO plugin v27.2 - https:\/\/yoast.com\/product\/yoast-seo-wordpress\/ -->\n<title>Granty schv\u00e1len\u00e9 Radou M\u010c Praha 14 v roce 2008 - Samospr\u00e1va \u00daM\u010c Praha 14<\/title>\n<meta name=\"robots\" content=\"index, follow, max-snippet:-1, max-image-preview:large, max-video-preview:-1\" \/>\n<link rel=\"canonical\" href=\"https:\/\/www.praha14.cz\/samosprava\/granty-schvalene-radou-mc-praha-14-v-roce-2008\/\" \/>\n<meta property=\"og:locale\" content=\"cs_CZ\" \/>\n<meta property=\"og:type\" content=\"article\" \/>\n<meta property=\"og:title\" content=\"Granty schv\u00e1len\u00e9 Radou M\u010c Praha 14 v roce 2008 - Samospr\u00e1va \u00daM\u010c Praha 14\" \/>\n<meta property=\"og:description\" content=\"Usnesen\u00ed Rady\u00a0\u010d. 109\/RM\u010c\/2008\u00a0ze 17.03.2008 k p\u0159id\u011blen\u00ed grantov\u00fdch prost\u0159edk\u016f m\u011bstsk\u00e9 \u010d\u00e1sti Praha 14 v roce 2008 celkem Granty R: 2200000,- K\u010d Oblasti: KV\u010c &#8211; Kultura a vyu\u017eit\u00ed voln\u00e9ho \u010dasu d\u011bt\u00ed a ml\u00e1de\u017ee PPK &#8211; Protidrogov\u00e1 prevence a prevence kriminality SVZ &#8211; Soci\u00e1ln\u00ed v\u011bc\u00ed a zdravotnictv\u00ed STV &#8211; Sport a t\u011blov\u00fdchova Granty schv\u00e1len\u00e9 Radou M\u010c Praha 14...\" \/>\n<meta property=\"og:url\" content=\"https:\/\/www.praha14.cz\/samosprava\/granty-schvalene-radou-mc-praha-14-v-roce-2008\/\" \/>\n<meta property=\"og:site_name\" content=\"Samospr\u00e1va \u00daM\u010c Praha 14\" \/>\n<meta property=\"article:modified_time\" content=\"2023-01-30T07:56:46+00:00\" \/>\n<meta name=\"twitter:card\" content=\"summary_large_image\" \/>\n<meta name=\"twitter:label1\" content=\"Est. reading time\" \/>\n\t<meta name=\"twitter:data1\" content=\"4 minuty\" \/>\n<script type=\"application\/ld+json\" class=\"yoast-schema-graph\">{\"@context\":\"https:\/\/schema.org\",\"@graph\":[{\"@type\":\"WebPage\",\"@id\":\"https:\/\/www.praha14.cz\/samosprava\/granty-schvalene-radou-mc-praha-14-v-roce-2008\/\",\"url\":\"https:\/\/www.praha14.cz\/samosprava\/granty-schvalene-radou-mc-praha-14-v-roce-2008\/\",\"name\":\"Granty schv\u00e1len\u00e9 Radou M\u010c Praha 14 v roce 2008 - Samospr\u00e1va \u00daM\u010c Praha 14\",\"isPartOf\":{\"@id\":\"https:\/\/www.praha14.cz\/samosprava\/#website\"},\"datePublished\":\"2014-04-16T11:45:18+00:00\",\"dateModified\":\"2023-01-30T07:56:46+00:00\",\"breadcrumb\":{\"@id\":\"https:\/\/www.praha14.cz\/samosprava\/granty-schvalene-radou-mc-praha-14-v-roce-2008\/#breadcrumb\"},\"inLanguage\":\"cs\",\"potentialAction\":[{\"@type\":\"ReadAction\",\"target\":[\"https:\/\/www.praha14.cz\/samosprava\/granty-schvalene-radou-mc-praha-14-v-roce-2008\/\"]}]},{\"@type\":\"BreadcrumbList\",\"@id\":\"https:\/\/www.praha14.cz\/samosprava\/granty-schvalene-radou-mc-praha-14-v-roce-2008\/#breadcrumb\",\"itemListElement\":[{\"@type\":\"ListItem\",\"position\":1,\"name\":\"Samospr\u00e1va \u00daM\u010c Praha 14\",\"item\":\"https:\/\/www.praha14.cz\/samosprava\/\"},{\"@type\":\"ListItem\",\"position\":2,\"name\":\"Granty schv\u00e1len\u00e9 Radou M\u010c Praha 14 v roce 2008\"}]},{\"@type\":\"WebSite\",\"@id\":\"https:\/\/www.praha14.cz\/samosprava\/#website\",\"url\":\"https:\/\/www.praha14.cz\/samosprava\/\",\"name\":\"Samospr\u00e1va \u00daM\u010c Praha 14\",\"description\":\"Ofici\u00e1ln\u00ed str\u00e1nky Samospr\u00e1vy \u00daM\u010c Praha 14\",\"potentialAction\":[{\"@type\":\"SearchAction\",\"target\":{\"@type\":\"EntryPoint\",\"urlTemplate\":\"https:\/\/www.praha14.cz\/samosprava\/?s={search_term_string}\"},\"query-input\":{\"@type\":\"PropertyValueSpecification\",\"valueRequired\":true,\"valueName\":\"search_term_string\"}}],\"inLanguage\":\"cs\"}]}<\/script>\n<!-- \/ Yoast SEO plugin. -->","yoast_head_json":{"title":"Granty schv\u00e1len\u00e9 Radou M\u010c Praha 14 v roce 2008 - Samospr\u00e1va \u00daM\u010c Praha 14","robots":{"index":"index","follow":"follow","max-snippet":"max-snippet:-1","max-image-preview":"max-image-preview:large","max-video-preview":"max-video-preview:-1"},"canonical":"https:\/\/www.praha14.cz\/samosprava\/granty-schvalene-radou-mc-praha-14-v-roce-2008\/","og_locale":"cs_CZ","og_type":"article","og_title":"Granty schv\u00e1len\u00e9 Radou M\u010c Praha 14 v roce 2008 - Samospr\u00e1va \u00daM\u010c Praha 14","og_description":"Usnesen\u00ed Rady\u00a0\u010d. 109\/RM\u010c\/2008\u00a0ze 17.03.2008 k p\u0159id\u011blen\u00ed grantov\u00fdch prost\u0159edk\u016f m\u011bstsk\u00e9 \u010d\u00e1sti Praha 14 v roce 2008 celkem Granty R: 2200000,- K\u010d Oblasti: KV\u010c &#8211; Kultura a vyu\u017eit\u00ed voln\u00e9ho \u010dasu d\u011bt\u00ed a ml\u00e1de\u017ee PPK &#8211; Protidrogov\u00e1 prevence a prevence kriminality SVZ &#8211; Soci\u00e1ln\u00ed v\u011bc\u00ed a zdravotnictv\u00ed STV &#8211; Sport a t\u011blov\u00fdchova Granty schv\u00e1len\u00e9 Radou M\u010c Praha 14...","og_url":"https:\/\/www.praha14.cz\/samosprava\/granty-schvalene-radou-mc-praha-14-v-roce-2008\/","og_site_name":"Samospr\u00e1va \u00daM\u010c Praha 14","article_modified_time":"2023-01-30T07:56:46+00:00","twitter_card":"summary_large_image","twitter_misc":{"Est. reading time":"4 minuty"},"schema":{"@context":"https:\/\/schema.org","@graph":[{"@type":"WebPage","@id":"https:\/\/www.praha14.cz\/samosprava\/granty-schvalene-radou-mc-praha-14-v-roce-2008\/","url":"https:\/\/www.praha14.cz\/samosprava\/granty-schvalene-radou-mc-praha-14-v-roce-2008\/","name":"Granty schv\u00e1len\u00e9 Radou M\u010c Praha 14 v roce 2008 - Samospr\u00e1va \u00daM\u010c Praha 14","isPartOf":{"@id":"https:\/\/www.praha14.cz\/samosprava\/#website"},"datePublished":"2014-04-16T11:45:18+00:00","dateModified":"2023-01-30T07:56:46+00:00","breadcrumb":{"@id":"https:\/\/www.praha14.cz\/samosprava\/granty-schvalene-radou-mc-praha-14-v-roce-2008\/#breadcrumb"},"inLanguage":"cs","potentialAction":[{"@type":"ReadAction","target":["https:\/\/www.praha14.cz\/samosprava\/granty-schvalene-radou-mc-praha-14-v-roce-2008\/"]}]},{"@type":"BreadcrumbList","@id":"https:\/\/www.praha14.cz\/samosprava\/granty-schvalene-radou-mc-praha-14-v-roce-2008\/#breadcrumb","itemListElement":[{"@type":"ListItem","position":1,"name":"Samospr\u00e1va \u00daM\u010c Praha 14","item":"https:\/\/www.praha14.cz\/samosprava\/"},{"@type":"ListItem","position":2,"name":"Granty schv\u00e1len\u00e9 Radou M\u010c Praha 14 v roce 2008"}]},{"@type":"WebSite","@id":"https:\/\/www.praha14.cz\/samosprava\/#website","url":"https:\/\/www.praha14.cz\/samosprava\/","name":"Samospr\u00e1va \u00daM\u010c Praha 14","description":"Ofici\u00e1ln\u00ed str\u00e1nky Samospr\u00e1vy \u00daM\u010c Praha 14","potentialAction":[{"@type":"SearchAction","target":{"@type":"EntryPoint","urlTemplate":"https:\/\/www.praha14.cz\/samosprava\/?s={search_term_string}"},"query-input":{"@type":"PropertyValueSpecification","valueRequired":true,"valueName":"search_term_string"}}],"inLanguage":"cs"}]}},"_links":{"self":[{"href":"https:\/\/www.praha14.cz\/samosprava\/wp-json\/wp\/v2\/pages\/209","targetHints":{"allow":["GET"]}}],"collection":[{"href":"https:\/\/www.praha14.cz\/samosprava\/wp-json\/wp\/v2\/pages"}],"about":[{"href":"https:\/\/www.praha14.cz\/samosprava\/wp-json\/wp\/v2\/types\/page"}],"author":[{"embeddable":true,"href":"https:\/\/www.praha14.cz\/samosprava\/wp-json\/wp\/v2\/users\/1"}],"replies":[{"embeddable":true,"href":"https:\/\/www.praha14.cz\/samosprava\/wp-json\/wp\/v2\/comments?post=209"}],"version-history":[{"count":2,"href":"https:\/\/www.praha14.cz\/samosprava\/wp-json\/wp\/v2\/pages\/209\/revisions"}],"predecessor-version":[{"id":45497,"href":"https:\/\/www.praha14.cz\/samosprava\/wp-json\/wp\/v2\/pages\/209\/revisions\/45497"}],"wp:attachment":[{"href":"https:\/\/www.praha14.cz\/samosprava\/wp-json\/wp\/v2\/media?parent=209"}],"curies":[{"name":"wp","href":"https:\/\/api.w.org\/{rel}","templated":true}]}}