{"id":211,"date":"2014-04-16T12:46:08","date_gmt":"2014-04-16T11:46:08","guid":{"rendered":"\/samosprava\/?page_id=211"},"modified":"2023-01-30T08:57:12","modified_gmt":"2023-01-30T07:57:12","slug":"granty-schvalene-zastupitelstvem-mc-praha-14-v-roce-2007","status":"publish","type":"page","link":"https:\/\/www.praha14.cz\/samosprava\/granty-schvalene-zastupitelstvem-mc-praha-14-v-roce-2007\/","title":{"rendered":"Granty schv\u00e1len\u00e9 Zastupitelstvem M\u010c Praha 14 v roce 2007"},"content":{"rendered":"<p>Usnesen\u00ed Zastupitelstva\u00a0<a title=\"Odkaz do nov\u00e9ho okna, html\" href=\"https:\/\/www.praha14.cz\/app\/uploads\/usneseni\/zastupitelstvo\/2007\/03\/8_3MZ.htm\" target=\"_blank\" rel=\"noopener\">\u010d. 8\/ZM\u010c\/2007<\/a>\u00a0z 29.03.2007 k p\u0159id\u011blen\u00ed grantov\u00fdch prost\u0159edk\u016f m\u011bstsk\u00e9 \u010d\u00e1sti Praha 14 v roce 2007<br \/>\nKV\u010c &#8211; Kultura a vyu\u017eit\u00ed voln\u00e9ho \u010dasu d\u011bt\u00ed a ml\u00e1de\u017ee<br \/>\nPPK &#8211; Protidrogov\u00e1 prevence a prevence kriminality<br \/>\nSVZ &#8211; Soci\u00e1ln\u00ed v\u011bc\u00ed a zdravotnictv\u00ed<br \/>\nSTV &#8211; Sport a t\u011blov\u00fdchova<\/p>\n<table>\n<tbody>\n<tr>\n<th colspan=\"6\">Granty schv\u00e1len\u00e9 Zastupitelstvem M\u010c Praha 14 v roce 2007<\/th>\n<\/tr>\n<tr>\n<td><span style=\"color: #f39600;\"><strong>Oblast<\/strong><\/span><\/td>\n<td><span style=\"color: #f39600;\"><strong>\u017dadatel<\/strong><\/span><\/td>\n<td><span style=\"color: #f39600;\"><strong>N\u00e1zev projektu<\/strong><\/span><\/td>\n<td><span style=\"color: #f39600;\"><strong>po\u017eadov. \u00fa\u010dast M\u010c v K\u010d<\/strong><\/span><\/td>\n<td><span style=\"color: #f39600;\"><strong>p\u0159iznan\u00e1 v\u00fd\u0161e grantu<\/strong><\/span><\/td>\n<td><span style=\"color: #f39600;\"><strong>v\u00fd\u0161e grant\u016f pro \u017eadatele<\/strong><\/span><\/td>\n<\/tr>\n<tr>\n<td>KV\u010c<\/td>\n<td>Zaj\u00ed\u010dek na koni<\/td>\n<td>J\u00edzda na kon\u00edch zdarma pro d\u011bti s handicapy a integra\u010dn\u00ed v\u00fdlety pro d\u011bti<\/td>\n<td>120000<\/td>\n<td>40000<\/td>\n<td><\/td>\n<\/tr>\n<tr>\n<td>KV\u010c<\/td>\n<td>Zaj\u00ed\u010dek na koni<\/td>\n<td>Letn\u00ed integra\u010dn\u00ed t\u00e1bory s ko\u0148mi pro d\u011bti s handicapy a jejich rodiny<\/td>\n<td>214043<\/td>\n<td>47350<\/td>\n<td><\/td>\n<\/tr>\n<tr>\n<td>SVZ<\/td>\n<td>Zaj\u00ed\u010dek na koni<\/td>\n<td>Projekt osobn\u00ed asistence, v\u00fdpomoc v dou\u010dov\u00e1n\u00ed pro Marii N\u00e1m\u011bstkovou<\/td>\n<td>33718<\/td>\n<td>15000<\/td>\n<td><strong>102350<\/strong><\/td>\n<\/tr>\n<tr>\n<td>KV\u010c<\/td>\n<td>YMCA Praha<\/td>\n<td>Mate\u0159sk\u00e9 centrum Klub\u00ed\u010dko<\/td>\n<td>82010<\/td>\n<td>20000<\/td>\n<td><\/td>\n<\/tr>\n<tr>\n<td>KV\u010c<\/td>\n<td>YMCA Praha<\/td>\n<td>Herny mate\u0159sk\u00e9ho centra Klub\u00ed\u010dko<\/td>\n<td>53800<\/td>\n<td>20000<\/td>\n<td><\/td>\n<\/tr>\n<tr>\n<td>KV\u010c<\/td>\n<td>YMCA Praha<\/td>\n<td>\u0160koli\u010dka Ber\u00e1nek<\/td>\n<td>20400<\/td>\n<td>10000<\/td>\n<td><\/td>\n<\/tr>\n<tr>\n<td>KV\u010c<\/td>\n<td>YMCA Praha<\/td>\n<td>Pohybov\u00e1 v\u00fdchona p\u0159ed\u0161koln\u00edch d\u011bt\u00ed<\/td>\n<td>5500<\/td>\n<td>5500<\/td>\n<td><strong>55500<\/strong><\/td>\n<\/tr>\n<tr>\n<td>KV\u010c<\/td>\n<td>Sdru\u017een\u00ed na pomoc d\u011btem s han.<\/td>\n<td>Kulturn\u00ed akce Mot\u00fdlek<\/td>\n<td>35000<\/td>\n<td>20000<\/td>\n<td><\/td>\n<\/tr>\n<tr>\n<td>KV\u010c<\/td>\n<td>Sdru\u017een\u00ed na pomoc d\u011btem s han.<\/td>\n<td>Podpora rodin s d\u011btmi do 6 let v\u011bku<\/td>\n<td>80000<\/td>\n<td>50000<\/td>\n<td><\/td>\n<\/tr>\n<tr>\n<td>SVZ<\/td>\n<td>Sdru\u017een\u00ed na pomoc d\u011btem s han.<\/td>\n<td>Podpora rodin se zdravotn\u011b handicapovan\u00fdmi d\u011btmi &#8211; centrum denn\u00edch slu\u017eeb<\/td>\n<td>80000<\/td>\n<td>60000<\/td>\n<td><\/td>\n<\/tr>\n<tr>\n<td>SVZ<\/td>\n<td>Sdru\u017een\u00ed na pomoc d\u011btem s han.<\/td>\n<td>Podpora rodin se zdravotn\u011b handicapovan\u00fdmi d\u011btmi &#8211; odleh\u010dovac\u00ed slu\u017eby<\/td>\n<td>80000<\/td>\n<td>80000<\/td>\n<td><\/td>\n<\/tr>\n<tr>\n<td>PPK<\/td>\n<td>Sdru\u017een\u00ed na pomoc d\u011btem s\u00a0han<\/td>\n<td>N\u00edzkoprahov\u00fd klub &#8211; podpora soci\u00e1ln\u011b handicapovan\u00fdch d\u011bt\u00ed ze s\u00eddli\u0161t\u011b \u010cM<\/td>\n<td>197800<\/td>\n<td>160000<\/td>\n<td><\/td>\n<\/tr>\n<tr>\n<td>PPK<\/td>\n<td>Sdru\u017een\u00ed na pomoc d\u011btem s\u00a0han<\/td>\n<td>Pr\u00e1zdninov\u00fd p\u0159\u00edm\u011bstsk\u00fd t\u00e1bor s\u00a0pobytem &#8211; podpora soc. znev\u00fdhodn\u011bn\u00fdch d\u011bt\u00ed ze s\u00eddli\u0161t\u011b \u010cern\u00fd Most<\/td>\n<td>75000<\/td>\n<td>20000<\/td>\n<td><strong>390000<\/strong><\/td>\n<\/tr>\n<tr>\n<td>KV\u010c<\/td>\n<td>Cikne \u010chave<\/td>\n<td>Celorepublikov\u00e1 sout\u011b\u017e Romsk\u00fd talent, III. ro\u010dn\u00edk<\/td>\n<td>24000<\/td>\n<td>14000<\/td>\n<td><\/td>\n<\/tr>\n<tr>\n<td>SVZ<\/td>\n<td>Cikne \u010chave<\/td>\n<td>Poradensk\u00e9 centrum C\u010c<\/td>\n<td>70000<\/td>\n<td>50000<\/td>\n<td><\/td>\n<\/tr>\n<tr>\n<td>PPK<\/td>\n<td>Cikne \u010chave<\/td>\n<td>Klub Cikne \u010chave<\/td>\n<td>50000<\/td>\n<td>40000<\/td>\n<td><strong>104000<\/strong><\/td>\n<\/tr>\n<tr>\n<td>SVZ<\/td>\n<td>Diakonie c\u00edrkve bratrsk\u00e9<\/td>\n<td>Centrum slune\u010dnice &#8211; osobn\u00ed asistence pro obyvatele Prahy 14<\/td>\n<td>20000<\/td>\n<td>20000<\/td>\n<td><\/td>\n<\/tr>\n<tr>\n<td>SVZ<\/td>\n<td>Diakonie c\u00edrkve bratrsk\u00e9<\/td>\n<td>Centrum slune\u010dnice &#8211; tr\u00e9ninkov\u00e9 bydlen\u00ed<\/td>\n<td>70000<\/td>\n<td>50000<\/td>\n<td><\/td>\n<\/tr>\n<tr>\n<td>SVZ<\/td>\n<td>Diakonie c\u00edrkve bratrsk\u00e9<\/td>\n<td>Centrum slune\u010dnice &#8211; provoz centra denn\u00edch slu\u017eeb pro osoby s t\u011bl. posti\u017e.<\/td>\n<td>30000<\/td>\n<td>30000<\/td>\n<td><strong>100000<\/strong><\/td>\n<\/tr>\n<tr>\n<td>SVZ<\/td>\n<td>\u010cesk\u00fd \u010derven\u00fd k\u0159\u00ed\u017e<\/td>\n<td>Soci\u00e1ln\u00ed p\u00e9\u010de &#8211; slu\u017eby dom\u00e1c\u00ed p\u00e9\u010de o seniory a zdrav. posti\u017een\u00e9<\/td>\n<td>30000<\/td>\n<td>20000<\/td>\n<td><\/td>\n<\/tr>\n<tr>\n<td>SVZ<\/td>\n<td>\u010cesk\u00fd \u010derven\u00fd k\u0159\u00ed\u017e<\/td>\n<td>Provoz a vybaven\u00ed ubytovac\u00edch za\u0159\u00edzen\u00ed pro seniory<\/td>\n<td>100000<\/td>\n<td>50000<\/td>\n<td><\/td>\n<\/tr>\n<tr>\n<td>SVZ<\/td>\n<td>\u010cesk\u00fd \u010derven\u00fd k\u0159\u00ed\u017e<\/td>\n<td>N\u00edzkoprahov\u00fd klub senior\u016f<\/td>\n<td>120000<\/td>\n<td>90000<\/td>\n<td><strong>160000<\/strong><\/td>\n<\/tr>\n<tr>\n<td>SVZ<\/td>\n<td>Asistence<\/td>\n<td>Slu\u017eby asistence ob\u010dan\u016fm Prahy 14<\/td>\n<td>118200<\/td>\n<td>60000<\/td>\n<td><strong>60000<\/strong><\/td>\n<\/tr>\n<tr>\n<td>PPK<\/td>\n<td>Jahoda O.S.<\/td>\n<td>N\u00edzkoprahov\u00e9 kluby JAHODA a D\u017dAGODA<\/td>\n<td>150000<\/td>\n<td>70000<\/td>\n<td><\/td>\n<\/tr>\n<tr>\n<td>SVZ<\/td>\n<td>Jahoda O.S.<\/td>\n<td>Klub Jah\u016fdka pro rodi\u010de s d\u011btmi<\/td>\n<td>50000<\/td>\n<td>30000<\/td>\n<td><strong>100000<\/strong><\/td>\n<\/tr>\n<tr>\n<td>KV\u010c<\/td>\n<td>O.S.K.C. He\u0159m\u00e1nek<\/td>\n<td>D\u011btsk\u00e1 divadeln\u00ed p\u0159edstaven\u00ed a tvo\u0159iv\u00e9 semin\u00e1\u0159e pro d\u011bti<\/td>\n<td>26400<\/td>\n<td>10000<\/td>\n<td><\/td>\n<\/tr>\n<tr>\n<td>KV\u010c<\/td>\n<td>O.S.K.C. He\u0159m\u00e1nek<\/td>\n<td>Tulip\u00e1n &#8211; okno pozn\u00e1v\u00e1n\u00ed a rozv\u00edjen\u00ed p\u0159ed\u0161koln\u00edch d\u011bt\u00ed doko\u0159\u00e1n<\/td>\n<td>83400<\/td>\n<td>20000<\/td>\n<td><\/td>\n<\/tr>\n<tr>\n<td>PPK<\/td>\n<td>O.S.K.C. He\u0159m\u00e1nek<\/td>\n<td>Ka\u017ed\u00fd mlad\u00edk chce b\u00fdt buben\u00edkem , kter\u00e1 d\u00edvka by necht\u011bla b\u00fdt zp\u011bva\u010dkou?<\/td>\n<td>67000<\/td>\n<td>30000<\/td>\n<td><strong>60000<\/strong><\/td>\n<\/tr>\n<tr>\n<td><\/td>\n<td><strong>C E L K E M<\/strong><\/td>\n<td>projekty \u017eadatel\u016f p\u0159esahuj\u00edc\u00ed 50 000 K\u010d v celkov\u00e9 v\u00fd\u0161i<\/td>\n<td><\/td>\n<td><\/td>\n<td><\/td>\n<\/tr>\n<\/tbody>\n<\/table>\n","protected":false},"excerpt":{"rendered":"<p>Usnesen\u00ed Zastupitelstva\u00a0\u010d. 8\/ZM\u010c\/2007\u00a0z 29.03.2007 k p\u0159id\u011blen\u00ed grantov\u00fdch prost\u0159edk\u016f m\u011bstsk\u00e9 \u010d\u00e1sti Praha 14 v roce 2007 KV\u010c &#8211; Kultura a vyu\u017eit\u00ed voln\u00e9ho \u010dasu d\u011bt\u00ed a ml\u00e1de\u017ee PPK &#8211; Protidrogov\u00e1 prevence a prevence kriminality SVZ &#8211; Soci\u00e1ln\u00ed v\u011bc\u00ed a zdravotnictv\u00ed STV &#8211; Sport a t\u011blov\u00fdchova Granty schv\u00e1len\u00e9 Zastupitelstvem M\u010c Praha 14 v roce 2007 Oblast \u017dadatel N\u00e1zev&#8230;<\/p>\n","protected":false},"author":1,"featured_media":0,"parent":0,"menu_order":0,"comment_status":"closed","ping_status":"open","template":"","meta":{"_acf_changed":false,"footnotes":""},"class_list":["post-211","page","type-page","status-publish","hentry"],"acf":[],"yoast_head":"<!-- This site is optimized with the Yoast SEO plugin v27.2 - https:\/\/yoast.com\/product\/yoast-seo-wordpress\/ -->\n<title>Granty schv\u00e1len\u00e9 Zastupitelstvem M\u010c Praha 14 v roce 2007 - Samospr\u00e1va \u00daM\u010c Praha 14<\/title>\n<meta name=\"robots\" content=\"index, follow, max-snippet:-1, max-image-preview:large, max-video-preview:-1\" \/>\n<link rel=\"canonical\" href=\"https:\/\/www.praha14.cz\/samosprava\/granty-schvalene-zastupitelstvem-mc-praha-14-v-roce-2007\/\" \/>\n<meta property=\"og:locale\" content=\"cs_CZ\" \/>\n<meta property=\"og:type\" content=\"article\" \/>\n<meta property=\"og:title\" content=\"Granty schv\u00e1len\u00e9 Zastupitelstvem M\u010c Praha 14 v roce 2007 - Samospr\u00e1va \u00daM\u010c Praha 14\" \/>\n<meta property=\"og:description\" content=\"Usnesen\u00ed Zastupitelstva\u00a0\u010d. 8\/ZM\u010c\/2007\u00a0z 29.03.2007 k p\u0159id\u011blen\u00ed grantov\u00fdch prost\u0159edk\u016f m\u011bstsk\u00e9 \u010d\u00e1sti Praha 14 v roce 2007 KV\u010c &#8211; Kultura a vyu\u017eit\u00ed voln\u00e9ho \u010dasu d\u011bt\u00ed a ml\u00e1de\u017ee PPK &#8211; Protidrogov\u00e1 prevence a prevence kriminality SVZ &#8211; Soci\u00e1ln\u00ed v\u011bc\u00ed a zdravotnictv\u00ed STV &#8211; Sport a t\u011blov\u00fdchova Granty schv\u00e1len\u00e9 Zastupitelstvem M\u010c Praha 14 v roce 2007 Oblast \u017dadatel N\u00e1zev...\" \/>\n<meta property=\"og:url\" content=\"https:\/\/www.praha14.cz\/samosprava\/granty-schvalene-zastupitelstvem-mc-praha-14-v-roce-2007\/\" \/>\n<meta property=\"og:site_name\" content=\"Samospr\u00e1va \u00daM\u010c Praha 14\" \/>\n<meta property=\"article:modified_time\" content=\"2023-01-30T07:57:12+00:00\" \/>\n<meta name=\"twitter:card\" content=\"summary_large_image\" \/>\n<meta name=\"twitter:label1\" content=\"Est. reading time\" \/>\n\t<meta name=\"twitter:data1\" content=\"3 minuty\" \/>\n<script type=\"application\/ld+json\" class=\"yoast-schema-graph\">{\"@context\":\"https:\/\/schema.org\",\"@graph\":[{\"@type\":\"WebPage\",\"@id\":\"https:\/\/www.praha14.cz\/samosprava\/granty-schvalene-zastupitelstvem-mc-praha-14-v-roce-2007\/\",\"url\":\"https:\/\/www.praha14.cz\/samosprava\/granty-schvalene-zastupitelstvem-mc-praha-14-v-roce-2007\/\",\"name\":\"Granty schv\u00e1len\u00e9 Zastupitelstvem M\u010c Praha 14 v roce 2007 - Samospr\u00e1va \u00daM\u010c Praha 14\",\"isPartOf\":{\"@id\":\"https:\/\/www.praha14.cz\/samosprava\/#website\"},\"datePublished\":\"2014-04-16T11:46:08+00:00\",\"dateModified\":\"2023-01-30T07:57:12+00:00\",\"breadcrumb\":{\"@id\":\"https:\/\/www.praha14.cz\/samosprava\/granty-schvalene-zastupitelstvem-mc-praha-14-v-roce-2007\/#breadcrumb\"},\"inLanguage\":\"cs\",\"potentialAction\":[{\"@type\":\"ReadAction\",\"target\":[\"https:\/\/www.praha14.cz\/samosprava\/granty-schvalene-zastupitelstvem-mc-praha-14-v-roce-2007\/\"]}]},{\"@type\":\"BreadcrumbList\",\"@id\":\"https:\/\/www.praha14.cz\/samosprava\/granty-schvalene-zastupitelstvem-mc-praha-14-v-roce-2007\/#breadcrumb\",\"itemListElement\":[{\"@type\":\"ListItem\",\"position\":1,\"name\":\"Samospr\u00e1va \u00daM\u010c Praha 14\",\"item\":\"https:\/\/www.praha14.cz\/samosprava\/\"},{\"@type\":\"ListItem\",\"position\":2,\"name\":\"Granty schv\u00e1len\u00e9 Zastupitelstvem M\u010c Praha 14 v roce 2007\"}]},{\"@type\":\"WebSite\",\"@id\":\"https:\/\/www.praha14.cz\/samosprava\/#website\",\"url\":\"https:\/\/www.praha14.cz\/samosprava\/\",\"name\":\"Samospr\u00e1va \u00daM\u010c Praha 14\",\"description\":\"Ofici\u00e1ln\u00ed str\u00e1nky Samospr\u00e1vy \u00daM\u010c Praha 14\",\"potentialAction\":[{\"@type\":\"SearchAction\",\"target\":{\"@type\":\"EntryPoint\",\"urlTemplate\":\"https:\/\/www.praha14.cz\/samosprava\/?s={search_term_string}\"},\"query-input\":{\"@type\":\"PropertyValueSpecification\",\"valueRequired\":true,\"valueName\":\"search_term_string\"}}],\"inLanguage\":\"cs\"}]}<\/script>\n<!-- \/ Yoast SEO plugin. -->","yoast_head_json":{"title":"Granty schv\u00e1len\u00e9 Zastupitelstvem M\u010c Praha 14 v roce 2007 - Samospr\u00e1va \u00daM\u010c Praha 14","robots":{"index":"index","follow":"follow","max-snippet":"max-snippet:-1","max-image-preview":"max-image-preview:large","max-video-preview":"max-video-preview:-1"},"canonical":"https:\/\/www.praha14.cz\/samosprava\/granty-schvalene-zastupitelstvem-mc-praha-14-v-roce-2007\/","og_locale":"cs_CZ","og_type":"article","og_title":"Granty schv\u00e1len\u00e9 Zastupitelstvem M\u010c Praha 14 v roce 2007 - Samospr\u00e1va \u00daM\u010c Praha 14","og_description":"Usnesen\u00ed Zastupitelstva\u00a0\u010d. 8\/ZM\u010c\/2007\u00a0z 29.03.2007 k p\u0159id\u011blen\u00ed grantov\u00fdch prost\u0159edk\u016f m\u011bstsk\u00e9 \u010d\u00e1sti Praha 14 v roce 2007 KV\u010c &#8211; Kultura a vyu\u017eit\u00ed voln\u00e9ho \u010dasu d\u011bt\u00ed a ml\u00e1de\u017ee PPK &#8211; Protidrogov\u00e1 prevence a prevence kriminality SVZ &#8211; Soci\u00e1ln\u00ed v\u011bc\u00ed a zdravotnictv\u00ed STV &#8211; Sport a t\u011blov\u00fdchova Granty schv\u00e1len\u00e9 Zastupitelstvem M\u010c Praha 14 v roce 2007 Oblast \u017dadatel N\u00e1zev...","og_url":"https:\/\/www.praha14.cz\/samosprava\/granty-schvalene-zastupitelstvem-mc-praha-14-v-roce-2007\/","og_site_name":"Samospr\u00e1va \u00daM\u010c Praha 14","article_modified_time":"2023-01-30T07:57:12+00:00","twitter_card":"summary_large_image","twitter_misc":{"Est. reading time":"3 minuty"},"schema":{"@context":"https:\/\/schema.org","@graph":[{"@type":"WebPage","@id":"https:\/\/www.praha14.cz\/samosprava\/granty-schvalene-zastupitelstvem-mc-praha-14-v-roce-2007\/","url":"https:\/\/www.praha14.cz\/samosprava\/granty-schvalene-zastupitelstvem-mc-praha-14-v-roce-2007\/","name":"Granty schv\u00e1len\u00e9 Zastupitelstvem M\u010c Praha 14 v roce 2007 - Samospr\u00e1va \u00daM\u010c Praha 14","isPartOf":{"@id":"https:\/\/www.praha14.cz\/samosprava\/#website"},"datePublished":"2014-04-16T11:46:08+00:00","dateModified":"2023-01-30T07:57:12+00:00","breadcrumb":{"@id":"https:\/\/www.praha14.cz\/samosprava\/granty-schvalene-zastupitelstvem-mc-praha-14-v-roce-2007\/#breadcrumb"},"inLanguage":"cs","potentialAction":[{"@type":"ReadAction","target":["https:\/\/www.praha14.cz\/samosprava\/granty-schvalene-zastupitelstvem-mc-praha-14-v-roce-2007\/"]}]},{"@type":"BreadcrumbList","@id":"https:\/\/www.praha14.cz\/samosprava\/granty-schvalene-zastupitelstvem-mc-praha-14-v-roce-2007\/#breadcrumb","itemListElement":[{"@type":"ListItem","position":1,"name":"Samospr\u00e1va \u00daM\u010c Praha 14","item":"https:\/\/www.praha14.cz\/samosprava\/"},{"@type":"ListItem","position":2,"name":"Granty schv\u00e1len\u00e9 Zastupitelstvem M\u010c Praha 14 v roce 2007"}]},{"@type":"WebSite","@id":"https:\/\/www.praha14.cz\/samosprava\/#website","url":"https:\/\/www.praha14.cz\/samosprava\/","name":"Samospr\u00e1va \u00daM\u010c Praha 14","description":"Ofici\u00e1ln\u00ed str\u00e1nky Samospr\u00e1vy \u00daM\u010c Praha 14","potentialAction":[{"@type":"SearchAction","target":{"@type":"EntryPoint","urlTemplate":"https:\/\/www.praha14.cz\/samosprava\/?s={search_term_string}"},"query-input":{"@type":"PropertyValueSpecification","valueRequired":true,"valueName":"search_term_string"}}],"inLanguage":"cs"}]}},"_links":{"self":[{"href":"https:\/\/www.praha14.cz\/samosprava\/wp-json\/wp\/v2\/pages\/211","targetHints":{"allow":["GET"]}}],"collection":[{"href":"https:\/\/www.praha14.cz\/samosprava\/wp-json\/wp\/v2\/pages"}],"about":[{"href":"https:\/\/www.praha14.cz\/samosprava\/wp-json\/wp\/v2\/types\/page"}],"author":[{"embeddable":true,"href":"https:\/\/www.praha14.cz\/samosprava\/wp-json\/wp\/v2\/users\/1"}],"replies":[{"embeddable":true,"href":"https:\/\/www.praha14.cz\/samosprava\/wp-json\/wp\/v2\/comments?post=211"}],"version-history":[{"count":1,"href":"https:\/\/www.praha14.cz\/samosprava\/wp-json\/wp\/v2\/pages\/211\/revisions"}],"predecessor-version":[{"id":44745,"href":"https:\/\/www.praha14.cz\/samosprava\/wp-json\/wp\/v2\/pages\/211\/revisions\/44745"}],"wp:attachment":[{"href":"https:\/\/www.praha14.cz\/samosprava\/wp-json\/wp\/v2\/media?parent=211"}],"curies":[{"name":"wp","href":"https:\/\/api.w.org\/{rel}","templated":true}]}}