{"id":217,"date":"2014-04-16T12:50:03","date_gmt":"2014-04-16T11:50:03","guid":{"rendered":"\/samosprava\/?page_id=217"},"modified":"2023-01-30T08:58:10","modified_gmt":"2023-01-30T07:58:10","slug":"granty-schvalene-zastupitelstvem-mc-praha-14-v-roce-2006","status":"publish","type":"page","link":"https:\/\/www.praha14.cz\/samosprava\/granty-schvalene-zastupitelstvem-mc-praha-14-v-roce-2006\/","title":{"rendered":"Granty schv\u00e1len\u00e9 Zastupitelstvem M\u010c Praha 14 v roce 2006"},"content":{"rendered":"<p>Usnesen\u00ed Zastupitelstva\u00a0<a title=\"Odkaz do nov\u00e9ho okna, html\" href=\"https:\/\/www.praha14.cz\/app\/uploads\/usneseni\/zastupitelstvo\/2006\/03\/7_17MZ.htm\" target=\"_blank\" rel=\"noopener\">\u010d. 7\/ZM\u010c\/2006<\/a>\u00a0z 23.03.2006 k p\u0159id\u011blen\u00ed grantov\u00fdch prost\u0159edk\u016f m\u011bstsk\u00e9 \u010d\u00e1sti Praha 14 v roce 2006<\/p>\n<table>\n<tbody>\n<tr>\n<th>Jm\u00e9no<\/th>\n<th>\u00fa\u010del<\/th>\n<th>po\u017eadov\u00e1no<\/th>\n<th>schv\u00e1leno<\/th>\n<\/tr>\n<tr>\n<td><strong>Zaj\u00ed\u010dek na koni, o. s.<\/strong><\/td>\n<td>j\u00edzdy na kon\u00edch zdarma pro d\u011bti s handicapy<\/td>\n<td>64.600,- K\u010d<\/td>\n<td><strong>24.000,- K\u010d<\/strong><\/td>\n<\/tr>\n<tr>\n<td><strong>Zaj\u00ed\u010dek na koni, o. s.<\/strong><\/td>\n<td>zimn\u00ed t\u00e1bor pro d\u011bti s\u00a0handicapy a jejich rodiny<\/td>\n<td>14.000,- K\u010d<\/td>\n<td><strong>10.000,- K\u010d<\/strong><\/td>\n<\/tr>\n<tr>\n<td><strong>Zaj\u00ed\u010dek na koni, o. s.<\/strong><\/td>\n<td>letn\u00ed t\u00e1bor pro d\u011bti s\u00a0handicapy a jejich rodiny<\/td>\n<td>40.000,- K\u010d<\/td>\n<td><strong>20.000,- K\u010d<\/strong><\/td>\n<\/tr>\n<tr>\n<td><strong>Sdru\u017een\u00ed na pomoc d\u011btem s handicapy<\/strong><\/td>\n<td>Mot\u00fdlek d\u011btem &#8211; kulturn\u00ed akce<\/td>\n<td>25.000,- K\u010d<\/td>\n<td><strong>25.000,- K\u010d<\/strong><\/td>\n<\/tr>\n<tr>\n<td><strong>Sdru\u017een\u00ed na pomoc d\u011btem s handicapy<\/strong><\/td>\n<td>podpora soci\u00e1ln\u011b znev\u00fdhodn\u011bn\u00fdch d\u011bt\u00ed<\/td>\n<td>85.000,- K\u010d<\/td>\n<td><strong>85.000,- K\u010d<\/strong><\/td>\n<\/tr>\n<tr>\n<td><strong>Sdru\u017een\u00ed na pomoc d\u011btem s handicapy<\/strong><\/td>\n<td>d\u011btsk\u00fd p\u0159\u00edm\u011bstsk\u00fd t\u00e1bor<\/td>\n<td>70.000,- K\u010d<\/td>\n<td><strong>70.000,- K\u010d<\/strong><\/td>\n<\/tr>\n<tr>\n<td><strong>Sdru\u017een\u00ed na pomoc d\u011btem s handicapy<\/strong><\/td>\n<td>podpora rodin se zdravotn\u011b handicapovan\u00fdmi d\u011btmi<\/td>\n<td>80.000,- K\u010d<\/td>\n<td><strong>60.000,- K\u010d<\/strong><\/td>\n<\/tr>\n<tr>\n<td><strong>Sdru\u017een\u00ed na pomoc d\u011btem s handicapy<\/strong><\/td>\n<td>osobn\u00ed asistence I<\/td>\n<td>81.000,- K\u010d<\/td>\n<td><strong>40.000,- K\u010d<\/strong><\/td>\n<\/tr>\n<tr>\n<td><strong>Sdru\u017een\u00ed na pomoc d\u011btem s handicapy<\/strong><\/td>\n<td>osobn\u00ed asistence II<\/td>\n<td>56.600,- K\u010d<\/td>\n<td><strong>40.000,- K\u010d<\/strong><\/td>\n<\/tr>\n<tr>\n<td><strong>Z\u0160 Gener\u00e1la Janou\u0161ka<\/strong><\/td>\n<td>adapta\u010dn\u00ed kurz<\/td>\n<td>100.000,- K\u010d<\/td>\n<td><strong>70.000,- K\u010d\u00a0<\/strong><\/td>\n<\/tr>\n<tr>\n<td><strong>YMCA Praha<\/strong><\/td>\n<td>mate\u0159sk\u00e9 centrum Klub\u00ed\u010dko<\/td>\n<td>82. 800,- K\u010d<\/td>\n<td><strong>50 000,- K\u010d<\/strong><\/td>\n<\/tr>\n<tr>\n<td><strong>YMCA Praha<\/strong><\/td>\n<td>herny mate\u0159sk\u00e9ho centra Klub\u00ed\u010dko<\/td>\n<td>39.500,- K\u010d<\/td>\n<td><strong>20.000,- K\u010d<\/strong><\/td>\n<\/tr>\n<tr>\n<td><strong>YMCA Praha<\/strong><\/td>\n<td>mate\u0159sk\u00e1 \u0161koli\u010dka Ber\u00e1nek<\/td>\n<td>15.600,- K\u010d<\/td>\n<td><strong>10.000,- K\u010d<\/strong><\/td>\n<\/tr>\n<tr>\n<td><strong>YMCA Praha<\/strong><\/td>\n<td>pohybov\u00e1 v\u00fdchova p\u0159ed\u0161koln\u00edch d\u011bt\u00ed<\/td>\n<td>3.000,- K\u010d<\/td>\n<td><strong>3.000,- K\u010d<\/strong><\/td>\n<\/tr>\n<tr>\n<td><strong>Jahoda<\/strong><\/td>\n<td>klub Jahoda v\u00a0roce 2006<\/td>\n<td>50.000,- K\u010d<\/td>\n<td><strong>37.300,- K\u010d<\/strong><\/td>\n<\/tr>\n<tr>\n<td><strong>Jahoda<\/strong><\/td>\n<td>n\u00edzkoprahov\u00fd klub D\u017eagoda<\/td>\n<td>100.000,- K\u010d<\/td>\n<td><strong>87.400,- K\u010d<\/strong><\/td>\n<\/tr>\n<tr>\n<td><strong>Jahoda<\/strong><\/td>\n<td>klub Jah\u016fdka<\/td>\n<td>30.000,- K\u010d<\/td>\n<td><strong>30.000,- K\u010d<\/strong><\/td>\n<\/tr>\n<tr>\n<td><strong>\u010cesk\u00fd \u010derven\u00fd k\u0159\u00ed\u017e<\/strong><\/td>\n<td>soci\u00e1ln\u00ed p\u00e9\u010de-slu\u017eby dom\u00e1c\u00ed p\u00e9\u010de o seniory a zdravotn\u011b posti\u017een\u00e9<\/td>\n<td>30.000,- K\u010d<\/td>\n<td><strong>30.000,-K\u010d<\/strong><\/td>\n<\/tr>\n<tr>\n<td><strong>\u010cesk\u00fd \u010derven\u00fd k\u0159\u00ed\u017e<\/strong><\/td>\n<td>provoz a vybaven\u00ed ubytovac\u00edch za\u0159\u00edzen\u00ed pro seniory<\/td>\n<td>150.000,- K\u010d<\/td>\n<td><strong>100.000,- K\u010d<\/strong><\/td>\n<\/tr>\n<tr>\n<td colspan=\"3\"><strong>celkem Granty Zastupitelstva:<\/strong><\/td>\n<td><strong>793.700,- K\u010d<\/strong><\/td>\n<\/tr>\n<\/tbody>\n<\/table>\n","protected":false},"excerpt":{"rendered":"<p>Usnesen\u00ed Zastupitelstva\u00a0\u010d. 7\/ZM\u010c\/2006\u00a0z 23.03.2006 k p\u0159id\u011blen\u00ed grantov\u00fdch prost\u0159edk\u016f m\u011bstsk\u00e9 \u010d\u00e1sti Praha 14 v roce 2006 Jm\u00e9no \u00fa\u010del po\u017eadov\u00e1no schv\u00e1leno Zaj\u00ed\u010dek na koni, o. s. j\u00edzdy na kon\u00edch zdarma pro d\u011bti s handicapy 64.600,- K\u010d 24.000,- K\u010d Zaj\u00ed\u010dek na koni, o. s. zimn\u00ed t\u00e1bor pro d\u011bti s\u00a0handicapy a jejich rodiny 14.000,- K\u010d 10.000,- K\u010d Zaj\u00ed\u010dek na&#8230;<\/p>\n","protected":false},"author":1,"featured_media":0,"parent":0,"menu_order":0,"comment_status":"closed","ping_status":"open","template":"","meta":{"_acf_changed":false,"footnotes":""},"class_list":["post-217","page","type-page","status-publish","hentry"],"acf":[],"yoast_head":"<!-- This site is optimized with the Yoast SEO plugin v27.2 - https:\/\/yoast.com\/product\/yoast-seo-wordpress\/ -->\n<title>Granty schv\u00e1len\u00e9 Zastupitelstvem M\u010c Praha 14 v roce 2006 - Samospr\u00e1va \u00daM\u010c Praha 14<\/title>\n<meta name=\"robots\" content=\"index, follow, max-snippet:-1, max-image-preview:large, max-video-preview:-1\" \/>\n<link rel=\"canonical\" href=\"https:\/\/www.praha14.cz\/samosprava\/granty-schvalene-zastupitelstvem-mc-praha-14-v-roce-2006\/\" \/>\n<meta property=\"og:locale\" content=\"cs_CZ\" \/>\n<meta property=\"og:type\" content=\"article\" \/>\n<meta property=\"og:title\" content=\"Granty schv\u00e1len\u00e9 Zastupitelstvem M\u010c Praha 14 v roce 2006 - Samospr\u00e1va \u00daM\u010c Praha 14\" \/>\n<meta property=\"og:description\" content=\"Usnesen\u00ed Zastupitelstva\u00a0\u010d. 7\/ZM\u010c\/2006\u00a0z 23.03.2006 k p\u0159id\u011blen\u00ed grantov\u00fdch prost\u0159edk\u016f m\u011bstsk\u00e9 \u010d\u00e1sti Praha 14 v roce 2006 Jm\u00e9no \u00fa\u010del po\u017eadov\u00e1no schv\u00e1leno Zaj\u00ed\u010dek na koni, o. s. j\u00edzdy na kon\u00edch zdarma pro d\u011bti s handicapy 64.600,- K\u010d 24.000,- K\u010d Zaj\u00ed\u010dek na koni, o. s. zimn\u00ed t\u00e1bor pro d\u011bti s\u00a0handicapy a jejich rodiny 14.000,- K\u010d 10.000,- K\u010d Zaj\u00ed\u010dek na...\" \/>\n<meta property=\"og:url\" content=\"https:\/\/www.praha14.cz\/samosprava\/granty-schvalene-zastupitelstvem-mc-praha-14-v-roce-2006\/\" \/>\n<meta property=\"og:site_name\" content=\"Samospr\u00e1va \u00daM\u010c Praha 14\" \/>\n<meta property=\"article:modified_time\" content=\"2023-01-30T07:58:10+00:00\" \/>\n<meta name=\"twitter:card\" content=\"summary_large_image\" \/>\n<meta name=\"twitter:label1\" content=\"Est. reading time\" \/>\n\t<meta name=\"twitter:data1\" content=\"2 minuty\" \/>\n<script type=\"application\/ld+json\" class=\"yoast-schema-graph\">{\"@context\":\"https:\/\/schema.org\",\"@graph\":[{\"@type\":\"WebPage\",\"@id\":\"https:\/\/www.praha14.cz\/samosprava\/granty-schvalene-zastupitelstvem-mc-praha-14-v-roce-2006\/\",\"url\":\"https:\/\/www.praha14.cz\/samosprava\/granty-schvalene-zastupitelstvem-mc-praha-14-v-roce-2006\/\",\"name\":\"Granty schv\u00e1len\u00e9 Zastupitelstvem M\u010c Praha 14 v roce 2006 - Samospr\u00e1va \u00daM\u010c Praha 14\",\"isPartOf\":{\"@id\":\"https:\/\/www.praha14.cz\/samosprava\/#website\"},\"datePublished\":\"2014-04-16T11:50:03+00:00\",\"dateModified\":\"2023-01-30T07:58:10+00:00\",\"breadcrumb\":{\"@id\":\"https:\/\/www.praha14.cz\/samosprava\/granty-schvalene-zastupitelstvem-mc-praha-14-v-roce-2006\/#breadcrumb\"},\"inLanguage\":\"cs\",\"potentialAction\":[{\"@type\":\"ReadAction\",\"target\":[\"https:\/\/www.praha14.cz\/samosprava\/granty-schvalene-zastupitelstvem-mc-praha-14-v-roce-2006\/\"]}]},{\"@type\":\"BreadcrumbList\",\"@id\":\"https:\/\/www.praha14.cz\/samosprava\/granty-schvalene-zastupitelstvem-mc-praha-14-v-roce-2006\/#breadcrumb\",\"itemListElement\":[{\"@type\":\"ListItem\",\"position\":1,\"name\":\"Samospr\u00e1va \u00daM\u010c Praha 14\",\"item\":\"https:\/\/www.praha14.cz\/samosprava\/\"},{\"@type\":\"ListItem\",\"position\":2,\"name\":\"Granty schv\u00e1len\u00e9 Zastupitelstvem M\u010c Praha 14 v roce 2006\"}]},{\"@type\":\"WebSite\",\"@id\":\"https:\/\/www.praha14.cz\/samosprava\/#website\",\"url\":\"https:\/\/www.praha14.cz\/samosprava\/\",\"name\":\"Samospr\u00e1va \u00daM\u010c Praha 14\",\"description\":\"Ofici\u00e1ln\u00ed str\u00e1nky Samospr\u00e1vy \u00daM\u010c Praha 14\",\"potentialAction\":[{\"@type\":\"SearchAction\",\"target\":{\"@type\":\"EntryPoint\",\"urlTemplate\":\"https:\/\/www.praha14.cz\/samosprava\/?s={search_term_string}\"},\"query-input\":{\"@type\":\"PropertyValueSpecification\",\"valueRequired\":true,\"valueName\":\"search_term_string\"}}],\"inLanguage\":\"cs\"}]}<\/script>\n<!-- \/ Yoast SEO plugin. -->","yoast_head_json":{"title":"Granty schv\u00e1len\u00e9 Zastupitelstvem M\u010c Praha 14 v roce 2006 - Samospr\u00e1va \u00daM\u010c Praha 14","robots":{"index":"index","follow":"follow","max-snippet":"max-snippet:-1","max-image-preview":"max-image-preview:large","max-video-preview":"max-video-preview:-1"},"canonical":"https:\/\/www.praha14.cz\/samosprava\/granty-schvalene-zastupitelstvem-mc-praha-14-v-roce-2006\/","og_locale":"cs_CZ","og_type":"article","og_title":"Granty schv\u00e1len\u00e9 Zastupitelstvem M\u010c Praha 14 v roce 2006 - Samospr\u00e1va \u00daM\u010c Praha 14","og_description":"Usnesen\u00ed Zastupitelstva\u00a0\u010d. 7\/ZM\u010c\/2006\u00a0z 23.03.2006 k p\u0159id\u011blen\u00ed grantov\u00fdch prost\u0159edk\u016f m\u011bstsk\u00e9 \u010d\u00e1sti Praha 14 v roce 2006 Jm\u00e9no \u00fa\u010del po\u017eadov\u00e1no schv\u00e1leno Zaj\u00ed\u010dek na koni, o. s. j\u00edzdy na kon\u00edch zdarma pro d\u011bti s handicapy 64.600,- K\u010d 24.000,- K\u010d Zaj\u00ed\u010dek na koni, o. s. zimn\u00ed t\u00e1bor pro d\u011bti s\u00a0handicapy a jejich rodiny 14.000,- K\u010d 10.000,- K\u010d Zaj\u00ed\u010dek na...","og_url":"https:\/\/www.praha14.cz\/samosprava\/granty-schvalene-zastupitelstvem-mc-praha-14-v-roce-2006\/","og_site_name":"Samospr\u00e1va \u00daM\u010c Praha 14","article_modified_time":"2023-01-30T07:58:10+00:00","twitter_card":"summary_large_image","twitter_misc":{"Est. reading time":"2 minuty"},"schema":{"@context":"https:\/\/schema.org","@graph":[{"@type":"WebPage","@id":"https:\/\/www.praha14.cz\/samosprava\/granty-schvalene-zastupitelstvem-mc-praha-14-v-roce-2006\/","url":"https:\/\/www.praha14.cz\/samosprava\/granty-schvalene-zastupitelstvem-mc-praha-14-v-roce-2006\/","name":"Granty schv\u00e1len\u00e9 Zastupitelstvem M\u010c Praha 14 v roce 2006 - Samospr\u00e1va \u00daM\u010c Praha 14","isPartOf":{"@id":"https:\/\/www.praha14.cz\/samosprava\/#website"},"datePublished":"2014-04-16T11:50:03+00:00","dateModified":"2023-01-30T07:58:10+00:00","breadcrumb":{"@id":"https:\/\/www.praha14.cz\/samosprava\/granty-schvalene-zastupitelstvem-mc-praha-14-v-roce-2006\/#breadcrumb"},"inLanguage":"cs","potentialAction":[{"@type":"ReadAction","target":["https:\/\/www.praha14.cz\/samosprava\/granty-schvalene-zastupitelstvem-mc-praha-14-v-roce-2006\/"]}]},{"@type":"BreadcrumbList","@id":"https:\/\/www.praha14.cz\/samosprava\/granty-schvalene-zastupitelstvem-mc-praha-14-v-roce-2006\/#breadcrumb","itemListElement":[{"@type":"ListItem","position":1,"name":"Samospr\u00e1va \u00daM\u010c Praha 14","item":"https:\/\/www.praha14.cz\/samosprava\/"},{"@type":"ListItem","position":2,"name":"Granty schv\u00e1len\u00e9 Zastupitelstvem M\u010c Praha 14 v roce 2006"}]},{"@type":"WebSite","@id":"https:\/\/www.praha14.cz\/samosprava\/#website","url":"https:\/\/www.praha14.cz\/samosprava\/","name":"Samospr\u00e1va \u00daM\u010c Praha 14","description":"Ofici\u00e1ln\u00ed str\u00e1nky Samospr\u00e1vy \u00daM\u010c Praha 14","potentialAction":[{"@type":"SearchAction","target":{"@type":"EntryPoint","urlTemplate":"https:\/\/www.praha14.cz\/samosprava\/?s={search_term_string}"},"query-input":{"@type":"PropertyValueSpecification","valueRequired":true,"valueName":"search_term_string"}}],"inLanguage":"cs"}]}},"_links":{"self":[{"href":"https:\/\/www.praha14.cz\/samosprava\/wp-json\/wp\/v2\/pages\/217","targetHints":{"allow":["GET"]}}],"collection":[{"href":"https:\/\/www.praha14.cz\/samosprava\/wp-json\/wp\/v2\/pages"}],"about":[{"href":"https:\/\/www.praha14.cz\/samosprava\/wp-json\/wp\/v2\/types\/page"}],"author":[{"embeddable":true,"href":"https:\/\/www.praha14.cz\/samosprava\/wp-json\/wp\/v2\/users\/1"}],"replies":[{"embeddable":true,"href":"https:\/\/www.praha14.cz\/samosprava\/wp-json\/wp\/v2\/comments?post=217"}],"version-history":[{"count":1,"href":"https:\/\/www.praha14.cz\/samosprava\/wp-json\/wp\/v2\/pages\/217\/revisions"}],"predecessor-version":[{"id":44748,"href":"https:\/\/www.praha14.cz\/samosprava\/wp-json\/wp\/v2\/pages\/217\/revisions\/44748"}],"wp:attachment":[{"href":"https:\/\/www.praha14.cz\/samosprava\/wp-json\/wp\/v2\/media?parent=217"}],"curies":[{"name":"wp","href":"https:\/\/api.w.org\/{rel}","templated":true}]}}