{"id":221,"date":"2014-04-16T12:51:50","date_gmt":"2014-04-16T11:51:50","guid":{"rendered":"\/samosprava\/?page_id=221"},"modified":"2023-01-30T08:58:37","modified_gmt":"2023-01-30T07:58:37","slug":"granty-schvalene-zastupitelstvem-mc-praha-14-v-roce-2005","status":"publish","type":"page","link":"https:\/\/www.praha14.cz\/samosprava\/granty-schvalene-zastupitelstvem-mc-praha-14-v-roce-2005\/","title":{"rendered":"Granty schv\u00e1len\u00e9 Zastupitelstvem M\u010c Praha 14 v roce 2005"},"content":{"rendered":"<p><a title=\"Odkaz do nov\u00e9ho okna, html\" href=\"https:\/\/www.praha14.cz\/app\/uploads\/usneseni\/zastupitelstvo\/2005\/03\/8_13MZ.htm\" target=\"_blank\" rel=\"noopener\">Usnesen\u00ed \u010d. 8\/ZM\u010c\/2005<\/a>\u00a0ze 17.03.2005 k n\u00e1vrhu na p\u0159id\u011blen\u00ed grantov\u00fdch prost\u0159edk\u016f m\u011bstsk\u00e9 \u010d\u00e1sti Praha 14 v roce 2005<\/p>\n<table>\n<tbody>\n<tr>\n<th>Jm\u00e9no<\/th>\n<th>\u00fa\u010del<\/th>\n<th>celkov\u00e9 n\u00e1klady<\/th>\n<th>po\u017eadavek<\/th>\n<th>schv\u00e1leno<\/th>\n<\/tr>\n<tr>\n<td>Sdru\u017een\u00ed na pomoc d\u011btem s handicapy<\/td>\n<td>N\u00edzkoprahov\u00fd klub<\/td>\n<td>1.878.415,-<\/td>\n<td>120.000,-<\/td>\n<td><strong>85.200,-<\/strong><\/td>\n<\/tr>\n<tr>\n<td>Sdru\u017een\u00ed na pomoc d\u011btem s handicapy<\/td>\n<td>Pr\u00e1zdninov\u00fd p\u0159\u00edm\u011bstsk\u00fd t\u00e1bor<\/td>\n<td>79.250,-<\/td>\n<td>79.250,-<\/td>\n<td><strong>60.250,-<\/strong><\/td>\n<\/tr>\n<tr>\n<td>Sdru\u017een\u00ed na pomoc d\u011btem s handicapy<\/td>\n<td>Mot\u00fdlek d\u011btem &#8211; kulturn\u00ed akce<\/td>\n<td>80.500,-<\/td>\n<td>30.000,-<\/td>\n<td><strong>10.000,-<\/strong><\/td>\n<\/tr>\n<tr>\n<td>Sdru\u017een\u00ed na pomoc d\u011btem s handicapy<\/td>\n<td>Podpora rodin se zdravotn\u011b handicapovan\u00fdmi d\u011btmi<\/td>\n<td>1.686.636,-<\/td>\n<td>120.000,-<\/td>\n<td><strong>70.000,-<\/strong><\/td>\n<\/tr>\n<tr>\n<td colspan=\"4\"><strong>celkem:<\/strong><\/td>\n<td><strong>225.450,-<\/strong><\/td>\n<\/tr>\n<tr>\n<td>Jahoda<\/td>\n<td>Klub D\u017eagoda pro d\u011bti a ml\u00e1de\u017e (12-18)<\/td>\n<td>457.000,-<\/td>\n<td>200.000,-<\/td>\n<td><strong>84.500,-<\/strong><\/td>\n<\/tr>\n<tr>\n<td>Jahoda<\/td>\n<td>Klub Jahoda pro d\u011bti<\/td>\n<td>310.000,-<\/td>\n<td>80.000,-<\/td>\n<td><strong>25.000,-<\/strong><\/td>\n<\/tr>\n<tr>\n<td>Jahoda<\/td>\n<td>Klub Jah\u016fdka pro rodi\u010de s d\u011btmi<\/td>\n<td>156.000,-<\/td>\n<td>50.000,-<\/td>\n<td><strong>25.000,-<\/strong><\/td>\n<\/tr>\n<tr>\n<td colspan=\"4\"><strong>celkem:<\/strong><\/td>\n<td><strong>134.500,-<\/strong><\/td>\n<\/tr>\n<tr>\n<td>YMCA Praha<\/td>\n<td>Mate\u0159sk\u00e9 centrum Klub\u00ed\u010dko<\/td>\n<td>312.000,-<\/td>\n<td>76.000,-<\/td>\n<td><strong>15.000,-<\/strong><\/td>\n<\/tr>\n<tr>\n<td>YMCA Praha<\/td>\n<td>Herny &#8211; Klub\u00ed\u010dko<\/td>\n<td>88.500,-<\/td>\n<td>58.500,-<\/td>\n<td><strong>10.000,-<\/strong><\/td>\n<\/tr>\n<tr>\n<td>YMCA Praha<\/td>\n<td>\u0160koli\u010dka Ber\u00e1nek<\/td>\n<td>31.500,-<\/td>\n<td>17.500,-<\/td>\n<td><strong>5.000,-<\/strong><\/td>\n<\/tr>\n<tr>\n<td>YMCA Praha<\/td>\n<td>Dny tvo\u0159ivosti<\/td>\n<td>70.000,-<\/td>\n<td>30.000,-<\/td>\n<td>30.000,-<\/td>\n<\/tr>\n<tr>\n<td colspan=\"4\"><strong>celkem:<\/strong><\/td>\n<td><strong>60.000,-<\/strong><\/td>\n<\/tr>\n<tr>\n<td>Oblastn\u00ed spolek \u010cesk\u00fd \u010derven\u00fd k\u0159\u00ed\u017e<\/td>\n<td>Slu\u017eby dom\u00e1c\u00ed p\u00e9\u010de pro seniory a zdravotn\u011b posti\u017een\u00e9<\/td>\n<td>970.000,-<\/td>\n<td>30.000,-<\/td>\n<td><strong>30.000,-<\/strong><\/td>\n<\/tr>\n<tr>\n<td>Oblastn\u00ed spolek \u010cesk\u00fd \u010derven\u00fd k\u0159\u00ed\u017e<\/td>\n<td>Soci\u00e1ln\u00ed p\u00e9\u010de &#8211; provoz ubytovac\u00edch za\u0159\u00edzen\u00ed pro ob\u010dany se zdravotn\u00edm posti\u017een\u00edm<\/td>\n<td>7.350.000,-<\/td>\n<td>150.000,-<\/td>\n<td><strong>70.000,-<\/strong><\/td>\n<\/tr>\n<tr>\n<td colspan=\"4\"><strong>celkem:<\/strong><\/td>\n<td><strong>100.000,-<\/strong><\/td>\n<\/tr>\n<tr>\n<td>Unie rodi\u010d\u016f \u010cR &#8211; sdru\u017een\u00ed p\u0159i Z\u0160 Hloub\u011bt\u00ednsk\u00e1<\/td>\n<td>Vybaven\u00ed klubu Chapadlo PC+IT<\/td>\n<td>32.500,-<\/td>\n<td>32.500,-<\/td>\n<td><strong>10.000,-<\/strong><\/td>\n<\/tr>\n<tr>\n<td>Unie rodi\u010d\u016f \u010cR &#8211; sdru\u017een\u00ed p\u0159i Z\u0160 Hloub\u011bt\u00ednsk\u00e1<\/td>\n<td>\u010casopis Kachl\u00edk\u00e1rna<\/td>\n<td>36.000,-<\/td>\n<td>18.000,-<\/td>\n<td><strong>15.000,-<\/strong><\/td>\n<\/tr>\n<tr>\n<td>Unie rodi\u010d\u016f \u010cR &#8211; sdru\u017een\u00ed p\u0159i Z\u0160 Hloub\u011bt\u00ednsk\u00e1<\/td>\n<td>Kulturn\u00ed kontakt s\u00a0Evropou &#8211; vyhlazovac\u00ed t\u00e1bor Oswietim &#8211; Krakow &#8211; pam\u011b\u0165 Evropana<\/td>\n<td>23.500,-<\/td>\n<td>16.450,-<\/td>\n<td><strong>15.000,-<\/strong><\/td>\n<\/tr>\n<tr>\n<td>Unie rodi\u010d\u016f \u010cR &#8211; sdru\u017een\u00ed p\u0159i Z\u0160 Hloub\u011bt\u00ednsk\u00e1<\/td>\n<td>Doprovodn\u00ed asistenti p\u00e9\u010de o d\u011bti s\u00a0posti\u017een\u00edm<\/td>\n<td>10.600,-<\/td>\n<td>10.600,-<\/td>\n<td><strong>10.600,-<\/strong><\/td>\n<\/tr>\n<tr>\n<td colspan=\"4\"><strong>celkem:<\/strong><\/td>\n<td><strong>50.600,-<\/strong><\/td>\n<\/tr>\n<tr>\n<td>Asistence, ob\u010dansk\u00e9 sdru\u017een\u00ed<\/td>\n<td>St\u0159edisko asistence &#8211; slu\u017eby osobn\u00ed asistence ob\u010dan\u016fm M\u010c Praha 14<\/td>\n<td>139.000,-<\/td>\n<td>74.600,-<\/td>\n<td><strong>74.000,-<\/strong><\/td>\n<\/tr>\n<tr>\n<td>Andrea Matou\u0161ov\u00e1<\/td>\n<td>Osobn\u00ed asistence<\/td>\n<td>81.000,-<\/td>\n<td>81.000,-<\/td>\n<td><strong>81.000,-<\/strong><\/td>\n<\/tr>\n<tr>\n<td>MUDr. Kate\u0159ina Boudov\u00e1<\/td>\n<td>Osobn\u00ed asistence<\/td>\n<td>81.000,-<\/td>\n<td>81.000,-<\/td>\n<td><strong>81.000,-<\/strong><\/td>\n<\/tr>\n<tr>\n<td colspan=\"4\"><strong>celkem Granty Zastupitelstva:<\/strong><\/td>\n<td><strong>806.550,-<\/strong><\/td>\n<\/tr>\n<\/tbody>\n<\/table>\n","protected":false},"excerpt":{"rendered":"<p>Usnesen\u00ed \u010d. 8\/ZM\u010c\/2005\u00a0ze 17.03.2005 k n\u00e1vrhu na p\u0159id\u011blen\u00ed grantov\u00fdch prost\u0159edk\u016f m\u011bstsk\u00e9 \u010d\u00e1sti Praha 14 v roce 2005 Jm\u00e9no \u00fa\u010del celkov\u00e9 n\u00e1klady po\u017eadavek schv\u00e1leno Sdru\u017een\u00ed na pomoc d\u011btem s handicapy N\u00edzkoprahov\u00fd klub 1.878.415,- 120.000,- 85.200,- Sdru\u017een\u00ed na pomoc d\u011btem s handicapy Pr\u00e1zdninov\u00fd p\u0159\u00edm\u011bstsk\u00fd t\u00e1bor 79.250,- 79.250,- 60.250,- Sdru\u017een\u00ed na pomoc d\u011btem s handicapy Mot\u00fdlek d\u011btem &#8211;&#8230;<\/p>\n","protected":false},"author":1,"featured_media":0,"parent":0,"menu_order":0,"comment_status":"closed","ping_status":"open","template":"","meta":{"_acf_changed":false,"footnotes":""},"class_list":["post-221","page","type-page","status-publish","hentry"],"acf":[],"yoast_head":"<!-- This site is optimized with the Yoast SEO plugin v27.2 - https:\/\/yoast.com\/product\/yoast-seo-wordpress\/ -->\n<title>Granty schv\u00e1len\u00e9 Zastupitelstvem M\u010c Praha 14 v roce 2005 - Samospr\u00e1va \u00daM\u010c Praha 14<\/title>\n<meta name=\"robots\" content=\"index, follow, max-snippet:-1, max-image-preview:large, max-video-preview:-1\" \/>\n<link rel=\"canonical\" href=\"https:\/\/www.praha14.cz\/samosprava\/granty-schvalene-zastupitelstvem-mc-praha-14-v-roce-2005\/\" \/>\n<meta property=\"og:locale\" content=\"cs_CZ\" \/>\n<meta property=\"og:type\" content=\"article\" \/>\n<meta property=\"og:title\" content=\"Granty schv\u00e1len\u00e9 Zastupitelstvem M\u010c Praha 14 v roce 2005 - Samospr\u00e1va \u00daM\u010c Praha 14\" \/>\n<meta property=\"og:description\" content=\"Usnesen\u00ed \u010d. 8\/ZM\u010c\/2005\u00a0ze 17.03.2005 k n\u00e1vrhu na p\u0159id\u011blen\u00ed grantov\u00fdch prost\u0159edk\u016f m\u011bstsk\u00e9 \u010d\u00e1sti Praha 14 v roce 2005 Jm\u00e9no \u00fa\u010del celkov\u00e9 n\u00e1klady po\u017eadavek schv\u00e1leno Sdru\u017een\u00ed na pomoc d\u011btem s handicapy N\u00edzkoprahov\u00fd klub 1.878.415,- 120.000,- 85.200,- Sdru\u017een\u00ed na pomoc d\u011btem s handicapy Pr\u00e1zdninov\u00fd p\u0159\u00edm\u011bstsk\u00fd t\u00e1bor 79.250,- 79.250,- 60.250,- Sdru\u017een\u00ed na pomoc d\u011btem s handicapy Mot\u00fdlek d\u011btem &#8211;...\" \/>\n<meta property=\"og:url\" content=\"https:\/\/www.praha14.cz\/samosprava\/granty-schvalene-zastupitelstvem-mc-praha-14-v-roce-2005\/\" \/>\n<meta property=\"og:site_name\" content=\"Samospr\u00e1va \u00daM\u010c Praha 14\" \/>\n<meta property=\"article:modified_time\" content=\"2023-01-30T07:58:37+00:00\" \/>\n<meta name=\"twitter:card\" content=\"summary_large_image\" \/>\n<meta name=\"twitter:label1\" content=\"Est. reading time\" \/>\n\t<meta name=\"twitter:data1\" content=\"2 minuty\" \/>\n<script type=\"application\/ld+json\" class=\"yoast-schema-graph\">{\"@context\":\"https:\/\/schema.org\",\"@graph\":[{\"@type\":\"WebPage\",\"@id\":\"https:\/\/www.praha14.cz\/samosprava\/granty-schvalene-zastupitelstvem-mc-praha-14-v-roce-2005\/\",\"url\":\"https:\/\/www.praha14.cz\/samosprava\/granty-schvalene-zastupitelstvem-mc-praha-14-v-roce-2005\/\",\"name\":\"Granty schv\u00e1len\u00e9 Zastupitelstvem M\u010c Praha 14 v roce 2005 - Samospr\u00e1va \u00daM\u010c Praha 14\",\"isPartOf\":{\"@id\":\"https:\/\/www.praha14.cz\/samosprava\/#website\"},\"datePublished\":\"2014-04-16T11:51:50+00:00\",\"dateModified\":\"2023-01-30T07:58:37+00:00\",\"breadcrumb\":{\"@id\":\"https:\/\/www.praha14.cz\/samosprava\/granty-schvalene-zastupitelstvem-mc-praha-14-v-roce-2005\/#breadcrumb\"},\"inLanguage\":\"cs\",\"potentialAction\":[{\"@type\":\"ReadAction\",\"target\":[\"https:\/\/www.praha14.cz\/samosprava\/granty-schvalene-zastupitelstvem-mc-praha-14-v-roce-2005\/\"]}]},{\"@type\":\"BreadcrumbList\",\"@id\":\"https:\/\/www.praha14.cz\/samosprava\/granty-schvalene-zastupitelstvem-mc-praha-14-v-roce-2005\/#breadcrumb\",\"itemListElement\":[{\"@type\":\"ListItem\",\"position\":1,\"name\":\"Samospr\u00e1va \u00daM\u010c Praha 14\",\"item\":\"https:\/\/www.praha14.cz\/samosprava\/\"},{\"@type\":\"ListItem\",\"position\":2,\"name\":\"Granty schv\u00e1len\u00e9 Zastupitelstvem M\u010c Praha 14 v roce 2005\"}]},{\"@type\":\"WebSite\",\"@id\":\"https:\/\/www.praha14.cz\/samosprava\/#website\",\"url\":\"https:\/\/www.praha14.cz\/samosprava\/\",\"name\":\"Samospr\u00e1va \u00daM\u010c Praha 14\",\"description\":\"Ofici\u00e1ln\u00ed str\u00e1nky Samospr\u00e1vy \u00daM\u010c Praha 14\",\"potentialAction\":[{\"@type\":\"SearchAction\",\"target\":{\"@type\":\"EntryPoint\",\"urlTemplate\":\"https:\/\/www.praha14.cz\/samosprava\/?s={search_term_string}\"},\"query-input\":{\"@type\":\"PropertyValueSpecification\",\"valueRequired\":true,\"valueName\":\"search_term_string\"}}],\"inLanguage\":\"cs\"}]}<\/script>\n<!-- \/ Yoast SEO plugin. -->","yoast_head_json":{"title":"Granty schv\u00e1len\u00e9 Zastupitelstvem M\u010c Praha 14 v roce 2005 - Samospr\u00e1va \u00daM\u010c Praha 14","robots":{"index":"index","follow":"follow","max-snippet":"max-snippet:-1","max-image-preview":"max-image-preview:large","max-video-preview":"max-video-preview:-1"},"canonical":"https:\/\/www.praha14.cz\/samosprava\/granty-schvalene-zastupitelstvem-mc-praha-14-v-roce-2005\/","og_locale":"cs_CZ","og_type":"article","og_title":"Granty schv\u00e1len\u00e9 Zastupitelstvem M\u010c Praha 14 v roce 2005 - Samospr\u00e1va \u00daM\u010c Praha 14","og_description":"Usnesen\u00ed \u010d. 8\/ZM\u010c\/2005\u00a0ze 17.03.2005 k n\u00e1vrhu na p\u0159id\u011blen\u00ed grantov\u00fdch prost\u0159edk\u016f m\u011bstsk\u00e9 \u010d\u00e1sti Praha 14 v roce 2005 Jm\u00e9no \u00fa\u010del celkov\u00e9 n\u00e1klady po\u017eadavek schv\u00e1leno Sdru\u017een\u00ed na pomoc d\u011btem s handicapy N\u00edzkoprahov\u00fd klub 1.878.415,- 120.000,- 85.200,- Sdru\u017een\u00ed na pomoc d\u011btem s handicapy Pr\u00e1zdninov\u00fd p\u0159\u00edm\u011bstsk\u00fd t\u00e1bor 79.250,- 79.250,- 60.250,- Sdru\u017een\u00ed na pomoc d\u011btem s handicapy Mot\u00fdlek d\u011btem &#8211;...","og_url":"https:\/\/www.praha14.cz\/samosprava\/granty-schvalene-zastupitelstvem-mc-praha-14-v-roce-2005\/","og_site_name":"Samospr\u00e1va \u00daM\u010c Praha 14","article_modified_time":"2023-01-30T07:58:37+00:00","twitter_card":"summary_large_image","twitter_misc":{"Est. reading time":"2 minuty"},"schema":{"@context":"https:\/\/schema.org","@graph":[{"@type":"WebPage","@id":"https:\/\/www.praha14.cz\/samosprava\/granty-schvalene-zastupitelstvem-mc-praha-14-v-roce-2005\/","url":"https:\/\/www.praha14.cz\/samosprava\/granty-schvalene-zastupitelstvem-mc-praha-14-v-roce-2005\/","name":"Granty schv\u00e1len\u00e9 Zastupitelstvem M\u010c Praha 14 v roce 2005 - Samospr\u00e1va \u00daM\u010c Praha 14","isPartOf":{"@id":"https:\/\/www.praha14.cz\/samosprava\/#website"},"datePublished":"2014-04-16T11:51:50+00:00","dateModified":"2023-01-30T07:58:37+00:00","breadcrumb":{"@id":"https:\/\/www.praha14.cz\/samosprava\/granty-schvalene-zastupitelstvem-mc-praha-14-v-roce-2005\/#breadcrumb"},"inLanguage":"cs","potentialAction":[{"@type":"ReadAction","target":["https:\/\/www.praha14.cz\/samosprava\/granty-schvalene-zastupitelstvem-mc-praha-14-v-roce-2005\/"]}]},{"@type":"BreadcrumbList","@id":"https:\/\/www.praha14.cz\/samosprava\/granty-schvalene-zastupitelstvem-mc-praha-14-v-roce-2005\/#breadcrumb","itemListElement":[{"@type":"ListItem","position":1,"name":"Samospr\u00e1va \u00daM\u010c Praha 14","item":"https:\/\/www.praha14.cz\/samosprava\/"},{"@type":"ListItem","position":2,"name":"Granty schv\u00e1len\u00e9 Zastupitelstvem M\u010c Praha 14 v roce 2005"}]},{"@type":"WebSite","@id":"https:\/\/www.praha14.cz\/samosprava\/#website","url":"https:\/\/www.praha14.cz\/samosprava\/","name":"Samospr\u00e1va \u00daM\u010c Praha 14","description":"Ofici\u00e1ln\u00ed str\u00e1nky Samospr\u00e1vy \u00daM\u010c Praha 14","potentialAction":[{"@type":"SearchAction","target":{"@type":"EntryPoint","urlTemplate":"https:\/\/www.praha14.cz\/samosprava\/?s={search_term_string}"},"query-input":{"@type":"PropertyValueSpecification","valueRequired":true,"valueName":"search_term_string"}}],"inLanguage":"cs"}]}},"_links":{"self":[{"href":"https:\/\/www.praha14.cz\/samosprava\/wp-json\/wp\/v2\/pages\/221","targetHints":{"allow":["GET"]}}],"collection":[{"href":"https:\/\/www.praha14.cz\/samosprava\/wp-json\/wp\/v2\/pages"}],"about":[{"href":"https:\/\/www.praha14.cz\/samosprava\/wp-json\/wp\/v2\/types\/page"}],"author":[{"embeddable":true,"href":"https:\/\/www.praha14.cz\/samosprava\/wp-json\/wp\/v2\/users\/1"}],"replies":[{"embeddable":true,"href":"https:\/\/www.praha14.cz\/samosprava\/wp-json\/wp\/v2\/comments?post=221"}],"version-history":[{"count":1,"href":"https:\/\/www.praha14.cz\/samosprava\/wp-json\/wp\/v2\/pages\/221\/revisions"}],"predecessor-version":[{"id":44749,"href":"https:\/\/www.praha14.cz\/samosprava\/wp-json\/wp\/v2\/pages\/221\/revisions\/44749"}],"wp:attachment":[{"href":"https:\/\/www.praha14.cz\/samosprava\/wp-json\/wp\/v2\/media?parent=221"}],"curies":[{"name":"wp","href":"https:\/\/api.w.org\/{rel}","templated":true}]}}