{"id":223,"date":"2014-04-16T12:52:53","date_gmt":"2014-04-16T11:52:53","guid":{"rendered":"\/samosprava\/?page_id=223"},"modified":"2023-01-30T08:58:57","modified_gmt":"2023-01-30T07:58:57","slug":"granty-schvalene-radou-mc-praha-14-v-roce-2005","status":"publish","type":"page","link":"https:\/\/www.praha14.cz\/samosprava\/granty-schvalene-radou-mc-praha-14-v-roce-2005\/","title":{"rendered":"Granty schv\u00e1len\u00e9 Radou M\u010c Praha 14 v roce 2005"},"content":{"rendered":"<p><a title=\"Odkaz do nov\u00e9ho okna, html\" href=\"https:\/\/www.praha14.cz\/app\/uploads\/usneseni\/rada\/2005\/03\/99_54MR.htm\" target=\"_blank\" rel=\"noopener\">Usnesen\u00ed \u010d. 99\/RM\u010c\/2005<\/a>\u00a0z 1.03.2005 k p\u0159id\u011blen\u00ed grantov\u00fdch prost\u0159edk\u016f m\u011bstsk\u00e9 \u010d\u00e1sti Praha 14 v roce 2005<\/p>\n<table>\n<tbody>\n<tr>\n<th>Jm\u00e9no<\/th>\n<th>\u00fa\u010del<\/th>\n<th>celkov\u00e9 n\u00e1klady<\/th>\n<th>po\u017eadavek<\/th>\n<th>schv\u00e1leno<\/th>\n<\/tr>\n<tr>\n<td><strong>Hana Hanu\u0161ov\u00e1<\/strong><\/td>\n<td>3. stepa\u0159sk\u00e1 p\u0159ehl\u00eddka O poh\u00e1r pra\u017esk\u00e9 \u010dtrn\u00e1ctky<\/td>\n<td>32.000,-<\/td>\n<td>32.000,-<\/td>\n<td>schv\u00e1leno:\u00a032.000,-<\/td>\n<\/tr>\n<tr>\n<td><strong>\u0160kola Taekwon-do Dan &#8211; Gun<\/strong><\/td>\n<td>Pron\u00e1jem t\u011blocvi\u010den a h\u0159i\u0161\u0165<\/td>\n<td>98.500,-<\/td>\n<td>25.000,-<\/td>\n<td>15.000,-<\/td>\n<\/tr>\n<tr>\n<td><strong>SK Neptun Praha<\/strong><\/td>\n<td>Pron\u00e1jem t\u011blocvi\u010den a baz\u00e9nu<\/td>\n<td>1.140.000,-<\/td>\n<td>200.000,-<\/td>\n<td>20.000,-<\/td>\n<\/tr>\n<tr>\n<td><strong>SK Neptun Praha<\/strong><\/td>\n<td>V\u00e1no\u010dn\u00ed cena Prahy, 24. ro\u010dn\u00edk mezin\u00e1rodn\u00edch z\u00e1vod\u016f v\u00a0synchronizovan\u00e9m plav\u00e1n\u00ed<\/td>\n<td>150.000,-<\/td>\n<td>30.000,-<\/td>\n<td>30.000,-<\/td>\n<\/tr>\n<tr>\n<td><strong>Spektrum Praha<\/strong><\/td>\n<td>Pron\u00e1jem h\u0159i\u0161t\u011b<\/td>\n<td>29.000,-<\/td>\n<td>20.300,-<\/td>\n<td><strong>10.000,-<\/strong><\/td>\n<\/tr>\n<tr>\n<td><strong>Spektrum Praha<\/strong><\/td>\n<td>Softballov\u00e9 turnaje<\/td>\n<td>48.540,-<\/td>\n<td>33.900,-<\/td>\n<td><strong>20.000,-<\/strong><\/td>\n<\/tr>\n<tr>\n<td><strong>Humanit\u00e1rn\u00ed sdru\u017een\u00ed PROTEBE<\/strong><\/td>\n<td>\u0160ach Protebe, \u0161ach pro ka\u017ed\u00e9ho<\/td>\n<td>183.600,-<\/td>\n<td>25.000,-<\/td>\n<td><strong>20.000,-<\/strong><\/td>\n<\/tr>\n<tr>\n<td><strong>Humanit\u00e1rn\u00ed sdru\u017een\u00ed PROTEBE<\/strong><\/td>\n<td>Integrovan\u00e9 aktivity d\u011bt\u00ed a ml\u00e1de\u017ee<\/td>\n<td>355.500,-<\/td>\n<td>40.000,-<\/td>\n<td><strong>10.000,-<\/strong><\/td>\n<\/tr>\n<tr>\n<td><strong>TJ Kyje<\/strong><\/td>\n<td>Dopln\u011bn\u00ed vybaven\u00ed sportovn\u00edm n\u00e1\u010din\u00edm<\/td>\n<td>10.400,-<\/td>\n<td>8.000,-<\/td>\n<td><strong>8.000,-<\/strong><\/td>\n<\/tr>\n<tr>\n<td><strong>\u010cesk\u00e1 tenisov\u00e1 \u0161kola<\/strong><\/td>\n<td>N\u00e1kup stol\u016f pro stoln\u00ed tenis a pot\u0159eb, po\u0159\u00e1d\u00e1n\u00ed turnaj\u016f<\/td>\n<td>100.000,-<\/td>\n<td>100.000,-<\/td>\n<td><strong>40.000,-<\/strong><\/td>\n<\/tr>\n<tr>\n<td><strong>Aqua Blues<\/strong><\/td>\n<td>N\u00e1kup pot\u00e1p\u011b\u010dsk\u00fdch pot\u0159eb<\/td>\n<td>100.000,-<\/td>\n<td>80.000,-<\/td>\n<td><strong>45.000,-<\/strong><\/td>\n<\/tr>\n<tr>\n<td><strong>SK Prosek Praha<\/strong><\/td>\n<td>Basketbal d\u00edvky<\/td>\n<td>175.000,-<\/td>\n<td>40.000,-<\/td>\n<td><strong>35.000,-<\/strong><\/td>\n<\/tr>\n<tr>\n<td><strong>FC King<\/strong><\/td>\n<td>Zimn\u00ed liga<\/td>\n<td>90.923,-<\/td>\n<td>18.185,-<\/td>\n<td><strong>5.000,-<\/strong><\/td>\n<\/tr>\n<tr>\n<td><strong>FC King<\/strong><\/td>\n<td>Pron\u00e1jmy a vybaven\u00ed<\/td>\n<td>309.642,-<\/td>\n<td>30.964,-<\/td>\n<td><strong>20.000,-<\/strong><\/td>\n<\/tr>\n<tr>\n<td><strong>Mgr. Ji\u0159ina B\u0159ich\u00e1\u010dkov\u00e1 &#8211; Olivov\u00e1<\/strong><\/td>\n<td>N\u00e1kup pot\u0159eb a materi\u00e1lu<\/td>\n<td>20.000,-<\/td>\n<td>20.000,-<\/td>\n<td><strong>10.000,-<\/strong><\/td>\n<\/tr>\n<tr>\n<td><strong>Divadlo K\u00e1men<\/strong><\/td>\n<td>P\u0159\u00edsp\u011bvek na celoro\u010dn\u00ed \u010dinnost<\/td>\n<td>275.000,-<\/td>\n<td>7.000,-<\/td>\n<td><strong>7.000,-<\/strong><\/td>\n<\/tr>\n<tr>\n<td><strong>Ob\u010dansk\u00e1 inspirace<\/strong><\/td>\n<td>Rekonstrukce prostor pro pr\u00e1ci s\u00a0d\u011btmi a provoz bezplatn\u00e9 soci\u00e1ln\u011b pr\u00e1vn\u00ed poradny<\/td>\n<td>80.700,-<\/td>\n<td>58.700,-<\/td>\n<td><strong>20.000,-<\/strong><\/td>\n<\/tr>\n<tr>\n<td><strong>Cikne \u010chave<\/strong><\/td>\n<td>Volno\u010dasov\u00e9 aktivity d\u011bt\u00ed a ml\u00e1de\u017ee Prahy 14<\/td>\n<td>397.000,-<\/td>\n<td>170.000,-<\/td>\n<td><strong>20.000,-<\/strong><\/td>\n<\/tr>\n<tr>\n<td><strong>Pion\u00fdr, 93. skupina, Praha 14 &#8211; Kyje<\/strong><\/td>\n<td>Akce ve voln\u00e9m \u010dase<\/td>\n<td>224.000,-<\/td>\n<td>30.000,-<\/td>\n<td><strong>15.000,-<\/strong><\/td>\n<\/tr>\n<tr>\n<td><strong>Pion\u00fdr, 93. skupina, Praha 14 &#8211; Kyje<\/strong><\/td>\n<td>N\u00e1jem, provoz, vybaven\u00ed, prostor pro \u010dinnost<\/td>\n<td>30.000,-<\/td>\n<td>20.000,-<\/td>\n<td><strong>5.000,-<\/strong><\/td>\n<\/tr>\n<tr>\n<td><strong>K\u0159es\u0165ansk\u00e9 centrum pro rodinu He\u0159m\u00e1nek<\/strong><\/td>\n<td>D\u011btsk\u00fd p\u011bveck\u00fd a tane\u010dn\u00ed klub 2005<\/td>\n<td>99.000,<\/td>\n<td>47.000,-<\/td>\n<td><strong>18.000,-<\/strong><\/td>\n<\/tr>\n<tr>\n<td><strong>Ornita<\/strong><\/td>\n<td>Sovy do \u0161kol<\/td>\n<td>3.100.000,-<\/td>\n<td>50.000,-<\/td>\n<td><strong>10.000,-<\/strong><\/td>\n<\/tr>\n<tr>\n<td><strong>Klub orienta\u010dn\u00edho b\u011bhu Tretra Praha<\/strong><\/td>\n<td>Velikono\u010dn\u00ed a letn\u00ed sportovn\u00ed pobyt v\u00a0p\u0159\u00edrod\u011b spojen\u00fd s\u00a0tr\u00e9ninkem orienta\u010dn\u00edho b\u011bhu<\/td>\n<td>85.000,-<\/td>\n<td>10.000,-<\/td>\n<td><strong>10.000,-<\/strong><\/td>\n<\/tr>\n<tr>\n<td><strong>Centrum pro zdravotn\u011b posti\u017een\u00e9 Kraje Praha<\/strong><\/td>\n<td>Centrum pro zdravotn\u011b posti\u017een\u00e9 ob\u010dany M\u010c Praha 14<\/td>\n<td><\/td>\n<td>25.543,-<\/td>\n<td><strong>5.000,-<\/strong><\/td>\n<\/tr>\n<tr>\n<td><strong>Pra\u017esk\u00e1 organizace voz\u00ed\u010dk\u00e1\u0159\u016f<\/strong><\/td>\n<td>Osobn\u00ed asistence<\/td>\n<td><\/td>\n<td>62.726,-<\/td>\n<td><strong>40.400,-<\/strong><\/td>\n<\/tr>\n<tr>\n<td><strong>C\u00edrkev bratrsk\u00e1<\/strong><\/td>\n<td>BB klub<\/td>\n<td>102.700,-<\/td>\n<td>39.300,-<\/td>\n<td><strong>30.000,-<\/strong><\/td>\n<\/tr>\n<tr>\n<td><strong>DDM Praha 9<\/strong><\/td>\n<td>T\u00e1borov\u00e1 a v\u00edkendov\u00e1 \u010dinnost<\/td>\n<td>238.300,-<\/td>\n<td>99.880,-<\/td>\n<td><strong>15.000,-<\/strong><\/td>\n<\/tr>\n<tr>\n<td><strong>DDM Praha 9<\/strong><\/td>\n<td>Otev\u0159en\u00fd klub<\/td>\n<td>256.700,-<\/td>\n<td>72.000,-<\/td>\n<td><strong>10.000,-<\/strong><\/td>\n<\/tr>\n<tr>\n<td><strong>Ji\u0159ina Drnovcov\u00e1<\/strong><\/td>\n<td>Autentick\u00fd p\u0159\u00edb\u011bh drogov\u011b z\u00e1visl\u00e9ho syna a jeho n\u00e1sledn\u00e9 smrti<\/td>\n<td>150.000,-<\/td>\n<td>50.000,-<\/td>\n<td><strong>30.000,-<\/strong><\/td>\n<\/tr>\n<tr>\n<td><strong>Integra\u010dn\u00ed centrum Zahrada<\/strong><\/td>\n<td>Osobn\u00ed asistence<\/td>\n<td>668.740,-<\/td>\n<td>42.570,-<\/td>\n<td><strong>42.570,-<\/strong><\/td>\n<\/tr>\n<tr>\n<td><strong>PROSAZ<\/strong><\/td>\n<td>Doma je doma (asisten\u010dn\u00ed slu\u017eba)<\/td>\n<td>3.095.438,-<\/td>\n<td>80.250,-<\/td>\n<td><strong>50.000,-<\/strong><\/td>\n<\/tr>\n<tr>\n<td colspan=\"4\"><strong>Celkem granty Rady:<\/strong><\/td>\n<td><strong>647.970,- K\u010d<\/strong><\/td>\n<\/tr>\n<\/tbody>\n<\/table>\n","protected":false},"excerpt":{"rendered":"<p>Usnesen\u00ed \u010d. 99\/RM\u010c\/2005\u00a0z 1.03.2005 k p\u0159id\u011blen\u00ed grantov\u00fdch prost\u0159edk\u016f m\u011bstsk\u00e9 \u010d\u00e1sti Praha 14 v roce 2005 Jm\u00e9no \u00fa\u010del celkov\u00e9 n\u00e1klady po\u017eadavek schv\u00e1leno Hana Hanu\u0161ov\u00e1 3. stepa\u0159sk\u00e1 p\u0159ehl\u00eddka O poh\u00e1r pra\u017esk\u00e9 \u010dtrn\u00e1ctky 32.000,- 32.000,- schv\u00e1leno:\u00a032.000,- \u0160kola Taekwon-do Dan &#8211; Gun Pron\u00e1jem t\u011blocvi\u010den a h\u0159i\u0161\u0165 98.500,- 25.000,- 15.000,- SK Neptun Praha Pron\u00e1jem t\u011blocvi\u010den a baz\u00e9nu 1.140.000,- 200.000,- 20.000,-&#8230;<\/p>\n","protected":false},"author":1,"featured_media":0,"parent":0,"menu_order":0,"comment_status":"closed","ping_status":"open","template":"","meta":{"_acf_changed":false,"footnotes":""},"class_list":["post-223","page","type-page","status-publish","hentry"],"acf":[],"yoast_head":"<!-- This site is optimized with the Yoast SEO plugin v27.2 - https:\/\/yoast.com\/product\/yoast-seo-wordpress\/ -->\n<title>Granty schv\u00e1len\u00e9 Radou M\u010c Praha 14 v roce 2005 - Samospr\u00e1va \u00daM\u010c Praha 14<\/title>\n<meta name=\"robots\" content=\"index, follow, max-snippet:-1, max-image-preview:large, max-video-preview:-1\" \/>\n<link rel=\"canonical\" href=\"https:\/\/www.praha14.cz\/samosprava\/granty-schvalene-radou-mc-praha-14-v-roce-2005\/\" \/>\n<meta property=\"og:locale\" content=\"cs_CZ\" \/>\n<meta property=\"og:type\" content=\"article\" \/>\n<meta property=\"og:title\" content=\"Granty schv\u00e1len\u00e9 Radou M\u010c Praha 14 v roce 2005 - Samospr\u00e1va \u00daM\u010c Praha 14\" \/>\n<meta property=\"og:description\" content=\"Usnesen\u00ed \u010d. 99\/RM\u010c\/2005\u00a0z 1.03.2005 k p\u0159id\u011blen\u00ed grantov\u00fdch prost\u0159edk\u016f m\u011bstsk\u00e9 \u010d\u00e1sti Praha 14 v roce 2005 Jm\u00e9no \u00fa\u010del celkov\u00e9 n\u00e1klady po\u017eadavek schv\u00e1leno Hana Hanu\u0161ov\u00e1 3. stepa\u0159sk\u00e1 p\u0159ehl\u00eddka O poh\u00e1r pra\u017esk\u00e9 \u010dtrn\u00e1ctky 32.000,- 32.000,- schv\u00e1leno:\u00a032.000,- \u0160kola Taekwon-do Dan &#8211; Gun Pron\u00e1jem t\u011blocvi\u010den a h\u0159i\u0161\u0165 98.500,- 25.000,- 15.000,- SK Neptun Praha Pron\u00e1jem t\u011blocvi\u010den a baz\u00e9nu 1.140.000,- 200.000,- 20.000,-...\" \/>\n<meta property=\"og:url\" content=\"https:\/\/www.praha14.cz\/samosprava\/granty-schvalene-radou-mc-praha-14-v-roce-2005\/\" \/>\n<meta property=\"og:site_name\" content=\"Samospr\u00e1va \u00daM\u010c Praha 14\" \/>\n<meta property=\"article:modified_time\" content=\"2023-01-30T07:58:57+00:00\" \/>\n<meta name=\"twitter:card\" content=\"summary_large_image\" \/>\n<meta name=\"twitter:label1\" content=\"Est. reading time\" \/>\n\t<meta name=\"twitter:data1\" content=\"2 minuty\" \/>\n<script type=\"application\/ld+json\" class=\"yoast-schema-graph\">{\"@context\":\"https:\/\/schema.org\",\"@graph\":[{\"@type\":\"WebPage\",\"@id\":\"https:\/\/www.praha14.cz\/samosprava\/granty-schvalene-radou-mc-praha-14-v-roce-2005\/\",\"url\":\"https:\/\/www.praha14.cz\/samosprava\/granty-schvalene-radou-mc-praha-14-v-roce-2005\/\",\"name\":\"Granty schv\u00e1len\u00e9 Radou M\u010c Praha 14 v roce 2005 - Samospr\u00e1va \u00daM\u010c Praha 14\",\"isPartOf\":{\"@id\":\"https:\/\/www.praha14.cz\/samosprava\/#website\"},\"datePublished\":\"2014-04-16T11:52:53+00:00\",\"dateModified\":\"2023-01-30T07:58:57+00:00\",\"breadcrumb\":{\"@id\":\"https:\/\/www.praha14.cz\/samosprava\/granty-schvalene-radou-mc-praha-14-v-roce-2005\/#breadcrumb\"},\"inLanguage\":\"cs\",\"potentialAction\":[{\"@type\":\"ReadAction\",\"target\":[\"https:\/\/www.praha14.cz\/samosprava\/granty-schvalene-radou-mc-praha-14-v-roce-2005\/\"]}]},{\"@type\":\"BreadcrumbList\",\"@id\":\"https:\/\/www.praha14.cz\/samosprava\/granty-schvalene-radou-mc-praha-14-v-roce-2005\/#breadcrumb\",\"itemListElement\":[{\"@type\":\"ListItem\",\"position\":1,\"name\":\"Samospr\u00e1va \u00daM\u010c Praha 14\",\"item\":\"https:\/\/www.praha14.cz\/samosprava\/\"},{\"@type\":\"ListItem\",\"position\":2,\"name\":\"Granty schv\u00e1len\u00e9 Radou M\u010c Praha 14 v roce 2005\"}]},{\"@type\":\"WebSite\",\"@id\":\"https:\/\/www.praha14.cz\/samosprava\/#website\",\"url\":\"https:\/\/www.praha14.cz\/samosprava\/\",\"name\":\"Samospr\u00e1va \u00daM\u010c Praha 14\",\"description\":\"Ofici\u00e1ln\u00ed str\u00e1nky Samospr\u00e1vy \u00daM\u010c Praha 14\",\"potentialAction\":[{\"@type\":\"SearchAction\",\"target\":{\"@type\":\"EntryPoint\",\"urlTemplate\":\"https:\/\/www.praha14.cz\/samosprava\/?s={search_term_string}\"},\"query-input\":{\"@type\":\"PropertyValueSpecification\",\"valueRequired\":true,\"valueName\":\"search_term_string\"}}],\"inLanguage\":\"cs\"}]}<\/script>\n<!-- \/ Yoast SEO plugin. -->","yoast_head_json":{"title":"Granty schv\u00e1len\u00e9 Radou M\u010c Praha 14 v roce 2005 - Samospr\u00e1va \u00daM\u010c Praha 14","robots":{"index":"index","follow":"follow","max-snippet":"max-snippet:-1","max-image-preview":"max-image-preview:large","max-video-preview":"max-video-preview:-1"},"canonical":"https:\/\/www.praha14.cz\/samosprava\/granty-schvalene-radou-mc-praha-14-v-roce-2005\/","og_locale":"cs_CZ","og_type":"article","og_title":"Granty schv\u00e1len\u00e9 Radou M\u010c Praha 14 v roce 2005 - Samospr\u00e1va \u00daM\u010c Praha 14","og_description":"Usnesen\u00ed \u010d. 99\/RM\u010c\/2005\u00a0z 1.03.2005 k p\u0159id\u011blen\u00ed grantov\u00fdch prost\u0159edk\u016f m\u011bstsk\u00e9 \u010d\u00e1sti Praha 14 v roce 2005 Jm\u00e9no \u00fa\u010del celkov\u00e9 n\u00e1klady po\u017eadavek schv\u00e1leno Hana Hanu\u0161ov\u00e1 3. stepa\u0159sk\u00e1 p\u0159ehl\u00eddka O poh\u00e1r pra\u017esk\u00e9 \u010dtrn\u00e1ctky 32.000,- 32.000,- schv\u00e1leno:\u00a032.000,- \u0160kola Taekwon-do Dan &#8211; Gun Pron\u00e1jem t\u011blocvi\u010den a h\u0159i\u0161\u0165 98.500,- 25.000,- 15.000,- SK Neptun Praha Pron\u00e1jem t\u011blocvi\u010den a baz\u00e9nu 1.140.000,- 200.000,- 20.000,-...","og_url":"https:\/\/www.praha14.cz\/samosprava\/granty-schvalene-radou-mc-praha-14-v-roce-2005\/","og_site_name":"Samospr\u00e1va \u00daM\u010c Praha 14","article_modified_time":"2023-01-30T07:58:57+00:00","twitter_card":"summary_large_image","twitter_misc":{"Est. reading time":"2 minuty"},"schema":{"@context":"https:\/\/schema.org","@graph":[{"@type":"WebPage","@id":"https:\/\/www.praha14.cz\/samosprava\/granty-schvalene-radou-mc-praha-14-v-roce-2005\/","url":"https:\/\/www.praha14.cz\/samosprava\/granty-schvalene-radou-mc-praha-14-v-roce-2005\/","name":"Granty schv\u00e1len\u00e9 Radou M\u010c Praha 14 v roce 2005 - Samospr\u00e1va \u00daM\u010c Praha 14","isPartOf":{"@id":"https:\/\/www.praha14.cz\/samosprava\/#website"},"datePublished":"2014-04-16T11:52:53+00:00","dateModified":"2023-01-30T07:58:57+00:00","breadcrumb":{"@id":"https:\/\/www.praha14.cz\/samosprava\/granty-schvalene-radou-mc-praha-14-v-roce-2005\/#breadcrumb"},"inLanguage":"cs","potentialAction":[{"@type":"ReadAction","target":["https:\/\/www.praha14.cz\/samosprava\/granty-schvalene-radou-mc-praha-14-v-roce-2005\/"]}]},{"@type":"BreadcrumbList","@id":"https:\/\/www.praha14.cz\/samosprava\/granty-schvalene-radou-mc-praha-14-v-roce-2005\/#breadcrumb","itemListElement":[{"@type":"ListItem","position":1,"name":"Samospr\u00e1va \u00daM\u010c Praha 14","item":"https:\/\/www.praha14.cz\/samosprava\/"},{"@type":"ListItem","position":2,"name":"Granty schv\u00e1len\u00e9 Radou M\u010c Praha 14 v roce 2005"}]},{"@type":"WebSite","@id":"https:\/\/www.praha14.cz\/samosprava\/#website","url":"https:\/\/www.praha14.cz\/samosprava\/","name":"Samospr\u00e1va \u00daM\u010c Praha 14","description":"Ofici\u00e1ln\u00ed str\u00e1nky Samospr\u00e1vy \u00daM\u010c Praha 14","potentialAction":[{"@type":"SearchAction","target":{"@type":"EntryPoint","urlTemplate":"https:\/\/www.praha14.cz\/samosprava\/?s={search_term_string}"},"query-input":{"@type":"PropertyValueSpecification","valueRequired":true,"valueName":"search_term_string"}}],"inLanguage":"cs"}]}},"_links":{"self":[{"href":"https:\/\/www.praha14.cz\/samosprava\/wp-json\/wp\/v2\/pages\/223","targetHints":{"allow":["GET"]}}],"collection":[{"href":"https:\/\/www.praha14.cz\/samosprava\/wp-json\/wp\/v2\/pages"}],"about":[{"href":"https:\/\/www.praha14.cz\/samosprava\/wp-json\/wp\/v2\/types\/page"}],"author":[{"embeddable":true,"href":"https:\/\/www.praha14.cz\/samosprava\/wp-json\/wp\/v2\/users\/1"}],"replies":[{"embeddable":true,"href":"https:\/\/www.praha14.cz\/samosprava\/wp-json\/wp\/v2\/comments?post=223"}],"version-history":[{"count":1,"href":"https:\/\/www.praha14.cz\/samosprava\/wp-json\/wp\/v2\/pages\/223\/revisions"}],"predecessor-version":[{"id":44750,"href":"https:\/\/www.praha14.cz\/samosprava\/wp-json\/wp\/v2\/pages\/223\/revisions\/44750"}],"wp:attachment":[{"href":"https:\/\/www.praha14.cz\/samosprava\/wp-json\/wp\/v2\/media?parent=223"}],"curies":[{"name":"wp","href":"https:\/\/api.w.org\/{rel}","templated":true}]}}