{"id":225,"date":"2014-04-16T12:54:13","date_gmt":"2014-04-16T11:54:13","guid":{"rendered":"\/samosprava\/?page_id=225"},"modified":"2023-01-30T08:59:14","modified_gmt":"2023-01-30T07:59:14","slug":"granty-schvalene-radou-mc-praha-14-v-roce-2004","status":"publish","type":"page","link":"https:\/\/www.praha14.cz\/samosprava\/granty-schvalene-radou-mc-praha-14-v-roce-2004\/","title":{"rendered":"Granty schv\u00e1len\u00e9 Radou M\u010c Praha 14 v roce 2004"},"content":{"rendered":"<p>\u017dadatele o \u010d\u00e1stky p\u0159esahuj\u00edc\u00ed v sou\u010dtu 50 000,- K\u010d posuzovalo Zastupitelstvo &#8211; usnesen\u00ed \u010d.\u00a013\/ZM\u010c\/2004<\/p>\n<table summary=\"Schv\u00e1len\u00e9 granty pro oblast soci\u00e1ln\u00ed p\u00e9\u010de, sloupce:\u017eadatel,projekt,schv\u00e1len\u00e1 \u010d\u00e1stka\">\n<tbody>\n<tr>\n<th colspan=\"3\">Oblast soci\u00e1ln\u00ed p\u00e9\u010de<\/th>\n<\/tr>\n<tr>\n<td><span style=\"color: #f39600;\"><strong>\u017dadatel<\/strong><\/span><\/td>\n<td><span style=\"color: #f39600;\"><strong>projekt<\/strong><\/span><\/td>\n<td><span style=\"color: #f39600;\"><strong>schv\u00e1leno Radou<\/strong><\/span><\/td>\n<\/tr>\n<tr>\n<td>OS Pra\u017esk\u00e9 organizace voz\u00ed\u010dk\u00e1\u0159\u016f<\/td>\n<td>Osobn\u00ed asistence<\/td>\n<td>30.000,- K\u010d<\/td>\n<\/tr>\n<tr>\n<td>OS Sjednocen\u00e1 org.nevidom\u00fdch a slabozrak\u00fdch \u010cR<\/td>\n<td>Zdravotn\u011b rehabilita\u010dn\u00ed pobyt s v\u00fdukou<\/td>\n<td>45.000,- K\u010d<\/td>\n<\/tr>\n<tr>\n<td>OS Sdru\u017een\u00ed na pomoc d\u011btem s handicapy<\/td>\n<td>Podpora rodin se zdravotn\u011b handicapovan\u00fdmi d\u011btmi<\/td>\n<td>40.000,- K\u010d<\/td>\n<\/tr>\n<tr>\n<td>OS Centrum pro zdravotn\u011b posti\u017een\u00e9 Kraje Praha,<\/td>\n<td>Centrum pro zdravotn\u011b posti\u017een\u00e9 ob\u010dany M\u010c Praha 14<\/td>\n<td>15.000,- K\u010d<\/td>\n<\/tr>\n<tr>\n<td>OS Pevnost &#8211; \u010cesk\u00e9 centrum znakov\u00e9ho jazyka<\/td>\n<td>Kv\u011btinov\u00fd ples Nesly\u0161\u00edc\u00edch aneb &#8222;Bav\u00edme se s jarem&#8220;<\/td>\n<td>15.000,- K\u010d<\/td>\n<\/tr>\n<tr>\n<td>OS \u010cesk\u00e1 komora tlumi\u010dn\u00edk\u016f znakov\u00e9ho jazyka<\/td>\n<td>&#8222;V melounov\u00e9m cukru&#8220; &#8211; divadeln\u00ed p\u0159edstaven\u00ed<\/td>\n<td>5.000,- K\u010d<\/td>\n<\/tr>\n<\/tbody>\n<\/table>\n<p>Schv\u00e1leno Usnesen\u00edm Rady M\u010c Praha 14\u00a0\u010d. 144\/RM\u010c\/2004.<\/p>\n<p>&nbsp;<\/p>\n<table summary=\"Schv\u00e1len\u00e9 granty pro oblast protidrogov\u00e9 prevence a prevence kriminality; sloupce:\u017eadatel,projekt,schv\u00e1len\u00e1 \u010d\u00e1stka\">\n<tbody>\n<tr>\n<th colspan=\"3\">Oblast protidrogov\u00e9 prevence a prevence kriminality<\/th>\n<\/tr>\n<tr>\n<td><span style=\"color: #f39600;\"><strong>\u017dadatel<\/strong><\/span><\/td>\n<td><span style=\"color: #f39600;\"><strong>projekt<\/strong><\/span><\/td>\n<td><span style=\"color: #f39600;\"><strong>schv\u00e1leno Radou<\/strong><\/span><\/td>\n<\/tr>\n<tr>\n<td>Klubu orienta\u010dn\u00edho b\u011bhu Tretra Praha<\/td>\n<td>&#8222;Orienteering a way of living&#8220;<\/td>\n<td>12.000,- K\u010d<\/td>\n<\/tr>\n<\/tbody>\n<\/table>\n<p>Schv\u00e1leno Usnesen\u00edm Rady M\u010c Praha 14\u00a0\u010d. 142\/RM\u010c\/2004.<\/p>\n<p>&nbsp;<\/p>\n<table summary=\"Schv\u00e1len\u00e9 granty pro oblast kultury a vyu\u017eit\u00ed voln\u00e9ho \u010dasu d\u011bt\u00ed a ml\u00e1de\u017ee; sloupce:\u017eadatel,projekt,po\u017eadovan\u00e1 \u010d\u00e1stka,schv\u00e1len\u00e1 \u010d\u00e1stka\">\n<tbody>\n<tr>\n<th colspan=\"4\">Oblast kultury a vyu\u017eit\u00ed voln\u00e9ho \u010dasu d\u011bt\u00ed a ml\u00e1de\u017ee<\/th>\n<\/tr>\n<tr>\n<td><span style=\"color: #f39600;\"><strong>\u017dadatel<\/strong><\/span><\/td>\n<td><span style=\"color: #f39600;\"><strong>N\u00e1zev projektu<\/strong><\/span><\/td>\n<td><span style=\"color: #f39600;\"><strong>Po\u017eadovan\u00e1<\/strong><\/span><br \/>\n<span style=\"color: #f39600;\"> <strong> \u010d\u00e1stka K\u010d<\/strong><\/span><\/td>\n<td><span style=\"color: #f39600;\"><strong>schv\u00e1leno Radou<\/strong><\/span><\/td>\n<\/tr>\n<tr>\n<td>Mgr. Ji\u0159ina B\u0159ich\u00e1\u010dkov\u00e1-Olivov\u00e1<\/td>\n<td>Zakoupen\u00ed v\u00fdtvarn\u00fdch pot\u0159eb a hrn\u010d\u00ed\u0159sk\u00e9ho kruhu<\/td>\n<td>20 000,-<\/td>\n<td>10 000,-<\/td>\n<\/tr>\n<tr>\n<td>Folkl\u00f3rn\u00ed soubor \u0160arvanci<\/td>\n<td>Pron\u00e1jem prostor pro uskladn\u011bn\u00ed kroj\u016f, zabezpe\u010den\u00ed a\u00a0vybaven\u00ed<\/td>\n<td>10 000,-<\/td>\n<td>10 000,-<\/td>\n<\/tr>\n<tr>\n<td>Divadlo K\u00e1men, o. s.<\/td>\n<td>Celoro\u010dn\u00ed \u010dinnost v r. 2004<\/td>\n<td>7 000,-<\/td>\n<td>7 000,-<\/td>\n<\/tr>\n<tr>\n<td>Humanit\u00e1rn\u00ed sdru\u017een\u00ed PROTEBE<\/td>\n<td>Integrovan\u00e9 aktivity d\u011bt\u00ed a ml\u00e1de\u017ee<\/td>\n<td>50 000,-<\/td>\n<td>15 000,-<\/td>\n<\/tr>\n<tr>\n<td>Ob\u010dansk\u00e1 inspirace<\/td>\n<td>Vybudov\u00e1n\u00ed informa\u010dn\u00edho z\u00e1zem\u00ed pro studenty &#8211; lektory pracuj\u00edc\u00ed s d\u011btmi &#8222;Studio Inspirace&#8220;<\/td>\n<td>48 000,-<\/td>\n<td>20 000,-<\/td>\n<\/tr>\n<tr>\n<td>Klub orienta\u010dn\u00edho b\u011bhu Tretra Praha<\/td>\n<td>Velikono\u010dn\u00ed putov\u00e1n\u00ed \u010cesk\u00fdm \u0160v\u00fdcarskem; letn\u00ed pr\u00e1zdninov\u00fd kemp ve Zlat\u00fdch Hor\u00e1ch<\/td>\n<td>9 000,-<\/td>\n<td>9 000,-<\/td>\n<\/tr>\n<tr>\n<td>93. skupina Pion\u00fdr, Praha 14 &#8211; Kyje<\/td>\n<td>Akce pro d\u011bti (i neorganizovan\u00e9) ve voln\u00e9m \u010dase v roce 2004<\/td>\n<td>40 000,-<\/td>\n<td>20 000,-<\/td>\n<\/tr>\n<tr>\n<td>93. skupina Pion\u00fdr, Praha 14 &#8211; Kyje<\/td>\n<td>Prostory pro \u010dinnost, vybaven\u00ed pro \u010dinnost<\/td>\n<td>20 000,-<\/td>\n<td>15 000,-<\/td>\n<\/tr>\n<tr>\n<td>Sdru\u017een\u00ed rodi\u010d\u016f p\u0159i M\u0160 Kor\u00e1lek<\/td>\n<td>Hrajeme si spolu<\/td>\n<td>15 000,-<\/td>\n<td>7 000,-<\/td>\n<\/tr>\n<tr>\n<td>Ob\u010dansk\u00e9 sdru\u017een\u00ed<br \/>\nK\u0159es\u0165ansk\u00e9 centrum pro rodinu He\u0159m\u00e1nek<\/td>\n<td>P\u011bveck\u00fd a tane\u010dn\u00ed krou\u017eek v r. 2004<\/td>\n<td>41 255,-<\/td>\n<td>10 000,-<\/td>\n<\/tr>\n<\/tbody>\n<\/table>\n<p>Schv\u00e1leno Usnesen\u00edm Rady M\u010c Praha 14\u00a0\u010d. 165\/RM\u010c\/2004.<\/p>\n<p>&nbsp;<\/p>\n<table summary=\"Schv\u00e1len\u00e9 granty pro oblast sportu a t\u011blov\u00fdchovy; sloupce:\u017eadatel,projekt,po\u017eadovan\u00e1 \u010d\u00e1stka,schv\u00e1len\u00e1 \u010d\u00e1stka\">\n<colgroup>\n<col valign=\"top\" \/>\n<col valign=\"top\" \/>\n<col align=\"center\" valign=\"top\" \/>\n<col align=\"center\" valign=\"top\" \/>\n<col align=\"center\" valign=\"top\" \/>\n<col align=\"center\" valign=\"top\" \/><\/colgroup>\n<tbody>\n<tr>\n<th colspan=\"6\">Oblast sportu a t\u011blov\u00fdchovy<\/th>\n<\/tr>\n<tr>\n<td><span style=\"color: #f39600;\"><strong>\u017dadatel<\/strong><\/span><\/td>\n<td><span style=\"color: #f39600;\"><strong>N\u00e1zev projektu<\/strong><\/span><\/td>\n<td><span style=\"color: #f39600;\"><strong>N\u00e1klady<\/strong><\/span><br \/>\n<span style=\"color: #f39600;\"><strong> celkem K\u010d<\/strong><\/span><\/td>\n<td><span style=\"color: #f39600;\"><strong>Po\u017eadovan\u00e1<\/strong><\/span><br \/>\n<span style=\"color: #f39600;\"><strong> \u010d\u00e1stka K\u010d<\/strong><\/span><\/td>\n<td><span style=\"color: #f39600;\"><strong>N\u00e1vrh<\/strong><\/span><br \/>\n<span style=\"color: #f39600;\"><strong> komise K\u010d<\/strong><\/span><\/td>\n<td><span style=\"color: #f39600;\"><strong>schv\u00e1leno Radou<\/strong><\/span><\/td>\n<\/tr>\n<tr>\n<td>FC King &#8211; fotbalov\u00fd klub<\/td>\n<td>Pron\u00e1jmy t\u011blocvi\u010den a h\u0159i\u0161t\u011b<\/td>\n<td>271 650,-<\/td>\n<td>19 015,-<\/td>\n<td>19 015,-<\/td>\n<td>19 015,-<\/td>\n<\/tr>\n<tr>\n<td>FC King &#8211; fotbalov\u00fd klub<\/td>\n<td>IV. ro\u010dn\u00edk zimn\u00ed venkovn\u00ed ligy<\/td>\n<td>81 407,-<\/td>\n<td>12 211,-<\/td>\n<td>0,-<\/td>\n<td>0,-<\/td>\n<\/tr>\n<tr>\n<td>FC King &#8211; fotbalov\u00fd klub<\/td>\n<td>V. ro\u010dn\u00edk halov\u00e9 ligy<\/td>\n<td>54 005,-<\/td>\n<td>10 801,-<\/td>\n<td>10 801,-<\/td>\n<td>10 801,-<\/td>\n<\/tr>\n<tr>\n<td>FC King &#8211; fotbalov\u00fd klub<\/td>\n<td>Letn\u00ed sportovn\u00ed kemp<\/td>\n<td>212 449,-<\/td>\n<td>25 494,-<\/td>\n<td>0,-<\/td>\n<td>0,-<\/td>\n<\/tr>\n<tr>\n<td>FC King &#8211; fotbalov\u00fd klub<\/td>\n<td>Zimn\u00ed sportovn\u00ed kemp<\/td>\n<td>95 020,-<\/td>\n<td>14 253,-<\/td>\n<td>0,-<\/td>\n<td>0,-<\/td>\n<\/tr>\n<tr>\n<td>H.S. PROTEBE<\/td>\n<td>PROTEBE \u0161ach<\/td>\n<td>140 400,-<\/td>\n<td>25 000,-<\/td>\n<td>25 000,-<\/td>\n<td>25 000,-<\/td>\n<\/tr>\n<tr>\n<td>Mot\u00fdlek<\/td>\n<td>Sportovn\u00ed hry pro d\u011bti<\/td>\n<td>11 600,-<\/td>\n<td>9 100,-<\/td>\n<td>0,-<\/td>\n<td>0,-<\/td>\n<\/tr>\n<tr>\n<td>Tenisov\u00e1 \u0161kola &#8211; Pivonka<\/td>\n<td>Tenisem pro zdrav\u00ed<\/td>\n<td>26 000,-<\/td>\n<td>10 000,-<\/td>\n<td>0,-<\/td>\n<td>0,-<\/td>\n<\/tr>\n<tr>\n<td>TJ Sokol Hloub\u011bt\u00edn<\/td>\n<td>N\u00e1jemn\u00e9 t\u011blocvi\u010dny<\/td>\n<td>40 000,-<\/td>\n<td>30 000,-<\/td>\n<td>30 000,-<\/td>\n<td>30 000,-<\/td>\n<\/tr>\n<tr>\n<td>TJ Kyje<\/td>\n<td>Dovybaven\u00ed t\u011blocvi\u010den<\/td>\n<td>14 000,-<\/td>\n<td>9 000,-<\/td>\n<td>9 000,-<\/td>\n<td>9 000,-<\/td>\n<\/tr>\n<tr>\n<td>TJ Kyje<\/td>\n<td>Sportovn\u00ed den d\u011bt\u00ed<\/td>\n<td>26 000,-<\/td>\n<td>20 000,-<\/td>\n<td>0,-<\/td>\n<td>0,-<\/td>\n<\/tr>\n<tr>\n<td>TJ Kyje<\/td>\n<td>Pron\u00e1jem t\u011blocvi\u010dny<\/td>\n<td>18 000,-<\/td>\n<td>3 000,-<\/td>\n<td>3 000,-<\/td>\n<td>3 000,-<\/td>\n<\/tr>\n<tr>\n<td>TJ Kyje<\/td>\n<td>Povrchy kurt\u016f &#8211; \u0161upl\u00edk<\/td>\n<td>36 500,-<\/td>\n<td>26 500,-<\/td>\n<td>21 500,-<\/td>\n<td>21 500,-<\/td>\n<\/tr>\n<tr>\n<td>Basket Slovanka<\/td>\n<td>Pron\u00e1jmy t\u011blocvi\u010den<\/td>\n<td>1 214 580,-<\/td>\n<td>250 000,-<\/td>\n<td>0,-<\/td>\n<td>0,-<\/td>\n<\/tr>\n<tr>\n<td>SK Karate Shotokan<\/td>\n<td>Karate<\/td>\n<td>248 800,-<\/td>\n<td>50 000,-<\/td>\n<td>0,-<\/td>\n<td>0,-<\/td>\n<\/tr>\n<tr>\n<td>TJ Sokol Jahodnice<\/td>\n<td>Provoz t\u011blocvi\u010dny<\/td>\n<td>196 100,-<\/td>\n<td>44 400,-<\/td>\n<td>35 000,-<\/td>\n<td>35 000,-<\/td>\n<\/tr>\n<tr>\n<td>O.S. Lodi\u010dka<\/td>\n<td>Hloub\u011bt\u00ednsk\u00e1 liga<\/td>\n<td>11 220,-<\/td>\n<td>11 220,-<\/td>\n<td>11 220,-<\/td>\n<td>11 220,-<\/td>\n<\/tr>\n<tr>\n<td>O.S. Lodi\u010dka<\/td>\n<td>Turnaj \u017e\u00e1k\u016f &#8211; \u0161achy<\/td>\n<td>7 700,-<\/td>\n<td>7 000,-<\/td>\n<td>7 000,-<\/td>\n<td>7 000,-<\/td>\n<\/tr>\n<tr>\n<td>Spectrum Praha<\/td>\n<td>Softballov\u00e9 turnaje<\/td>\n<td>27 100,-<\/td>\n<td>18 970,-<\/td>\n<td>18 000,-<\/td>\n<td>18 000,-<\/td>\n<\/tr>\n<tr>\n<td>Spectrum Praha<\/td>\n<td>T-ball do \u0161kol<\/td>\n<td>55 000,-<\/td>\n<td>38 500,-<\/td>\n<td>31 000,-<\/td>\n<td>31 000,-<\/td>\n<\/tr>\n<tr>\n<td><\/td>\n<td><\/td>\n<td><b>3 795 131,-<\/b><\/td>\n<td><b>813 744,-<\/b><\/td>\n<td><b>299 816,-<\/b><\/td>\n<td><b>299 816,-<\/b><\/td>\n<\/tr>\n<\/tbody>\n<\/table>\n<p>Schv\u00e1leno Usnesen\u00edm Rady M\u010c Praha 14\u00a0\u010d. 143\/RM\u010c\/2004.<\/p>\n","protected":false},"excerpt":{"rendered":"<p>\u017dadatele o \u010d\u00e1stky p\u0159esahuj\u00edc\u00ed v sou\u010dtu 50 000,- K\u010d posuzovalo Zastupitelstvo &#8211; usnesen\u00ed \u010d.\u00a013\/ZM\u010c\/2004 Oblast soci\u00e1ln\u00ed p\u00e9\u010de \u017dadatel projekt schv\u00e1leno Radou OS Pra\u017esk\u00e9 organizace voz\u00ed\u010dk\u00e1\u0159\u016f Osobn\u00ed asistence 30.000,- K\u010d OS Sjednocen\u00e1 org.nevidom\u00fdch a slabozrak\u00fdch \u010cR Zdravotn\u011b rehabilita\u010dn\u00ed pobyt s v\u00fdukou 45.000,- K\u010d OS Sdru\u017een\u00ed na pomoc d\u011btem s handicapy Podpora rodin se zdravotn\u011b handicapovan\u00fdmi d\u011btmi&#8230;<\/p>\n","protected":false},"author":1,"featured_media":0,"parent":0,"menu_order":0,"comment_status":"closed","ping_status":"open","template":"","meta":{"_acf_changed":false,"footnotes":""},"class_list":["post-225","page","type-page","status-publish","hentry"],"acf":[],"yoast_head":"<!-- This site is optimized with the Yoast SEO plugin v27.2 - https:\/\/yoast.com\/product\/yoast-seo-wordpress\/ -->\n<title>Granty schv\u00e1len\u00e9 Radou M\u010c Praha 14 v roce 2004 - Samospr\u00e1va \u00daM\u010c Praha 14<\/title>\n<meta name=\"robots\" content=\"index, follow, max-snippet:-1, max-image-preview:large, max-video-preview:-1\" \/>\n<link rel=\"canonical\" href=\"https:\/\/www.praha14.cz\/samosprava\/granty-schvalene-radou-mc-praha-14-v-roce-2004\/\" \/>\n<meta property=\"og:locale\" content=\"cs_CZ\" \/>\n<meta property=\"og:type\" content=\"article\" \/>\n<meta property=\"og:title\" content=\"Granty schv\u00e1len\u00e9 Radou M\u010c Praha 14 v roce 2004 - Samospr\u00e1va \u00daM\u010c Praha 14\" \/>\n<meta property=\"og:description\" content=\"\u017dadatele o \u010d\u00e1stky p\u0159esahuj\u00edc\u00ed v sou\u010dtu 50 000,- K\u010d posuzovalo Zastupitelstvo &#8211; usnesen\u00ed \u010d.\u00a013\/ZM\u010c\/2004 Oblast soci\u00e1ln\u00ed p\u00e9\u010de \u017dadatel projekt schv\u00e1leno Radou OS Pra\u017esk\u00e9 organizace voz\u00ed\u010dk\u00e1\u0159\u016f Osobn\u00ed asistence 30.000,- K\u010d OS Sjednocen\u00e1 org.nevidom\u00fdch a slabozrak\u00fdch \u010cR Zdravotn\u011b rehabilita\u010dn\u00ed pobyt s v\u00fdukou 45.000,- K\u010d OS Sdru\u017een\u00ed na pomoc d\u011btem s handicapy Podpora rodin se zdravotn\u011b handicapovan\u00fdmi d\u011btmi...\" \/>\n<meta property=\"og:url\" content=\"https:\/\/www.praha14.cz\/samosprava\/granty-schvalene-radou-mc-praha-14-v-roce-2004\/\" \/>\n<meta property=\"og:site_name\" content=\"Samospr\u00e1va \u00daM\u010c Praha 14\" \/>\n<meta property=\"article:modified_time\" content=\"2023-01-30T07:59:14+00:00\" \/>\n<meta name=\"twitter:card\" content=\"summary_large_image\" \/>\n<meta name=\"twitter:label1\" content=\"Est. reading time\" \/>\n\t<meta name=\"twitter:data1\" content=\"4 minuty\" \/>\n<script type=\"application\/ld+json\" class=\"yoast-schema-graph\">{\"@context\":\"https:\/\/schema.org\",\"@graph\":[{\"@type\":\"WebPage\",\"@id\":\"https:\/\/www.praha14.cz\/samosprava\/granty-schvalene-radou-mc-praha-14-v-roce-2004\/\",\"url\":\"https:\/\/www.praha14.cz\/samosprava\/granty-schvalene-radou-mc-praha-14-v-roce-2004\/\",\"name\":\"Granty schv\u00e1len\u00e9 Radou M\u010c Praha 14 v roce 2004 - Samospr\u00e1va \u00daM\u010c Praha 14\",\"isPartOf\":{\"@id\":\"https:\/\/www.praha14.cz\/samosprava\/#website\"},\"datePublished\":\"2014-04-16T11:54:13+00:00\",\"dateModified\":\"2023-01-30T07:59:14+00:00\",\"breadcrumb\":{\"@id\":\"https:\/\/www.praha14.cz\/samosprava\/granty-schvalene-radou-mc-praha-14-v-roce-2004\/#breadcrumb\"},\"inLanguage\":\"cs\",\"potentialAction\":[{\"@type\":\"ReadAction\",\"target\":[\"https:\/\/www.praha14.cz\/samosprava\/granty-schvalene-radou-mc-praha-14-v-roce-2004\/\"]}]},{\"@type\":\"BreadcrumbList\",\"@id\":\"https:\/\/www.praha14.cz\/samosprava\/granty-schvalene-radou-mc-praha-14-v-roce-2004\/#breadcrumb\",\"itemListElement\":[{\"@type\":\"ListItem\",\"position\":1,\"name\":\"Samospr\u00e1va \u00daM\u010c Praha 14\",\"item\":\"https:\/\/www.praha14.cz\/samosprava\/\"},{\"@type\":\"ListItem\",\"position\":2,\"name\":\"Granty schv\u00e1len\u00e9 Radou M\u010c Praha 14 v roce 2004\"}]},{\"@type\":\"WebSite\",\"@id\":\"https:\/\/www.praha14.cz\/samosprava\/#website\",\"url\":\"https:\/\/www.praha14.cz\/samosprava\/\",\"name\":\"Samospr\u00e1va \u00daM\u010c Praha 14\",\"description\":\"Ofici\u00e1ln\u00ed str\u00e1nky Samospr\u00e1vy \u00daM\u010c Praha 14\",\"potentialAction\":[{\"@type\":\"SearchAction\",\"target\":{\"@type\":\"EntryPoint\",\"urlTemplate\":\"https:\/\/www.praha14.cz\/samosprava\/?s={search_term_string}\"},\"query-input\":{\"@type\":\"PropertyValueSpecification\",\"valueRequired\":true,\"valueName\":\"search_term_string\"}}],\"inLanguage\":\"cs\"}]}<\/script>\n<!-- \/ Yoast SEO plugin. -->","yoast_head_json":{"title":"Granty schv\u00e1len\u00e9 Radou M\u010c Praha 14 v roce 2004 - Samospr\u00e1va \u00daM\u010c Praha 14","robots":{"index":"index","follow":"follow","max-snippet":"max-snippet:-1","max-image-preview":"max-image-preview:large","max-video-preview":"max-video-preview:-1"},"canonical":"https:\/\/www.praha14.cz\/samosprava\/granty-schvalene-radou-mc-praha-14-v-roce-2004\/","og_locale":"cs_CZ","og_type":"article","og_title":"Granty schv\u00e1len\u00e9 Radou M\u010c Praha 14 v roce 2004 - Samospr\u00e1va \u00daM\u010c Praha 14","og_description":"\u017dadatele o \u010d\u00e1stky p\u0159esahuj\u00edc\u00ed v sou\u010dtu 50 000,- K\u010d posuzovalo Zastupitelstvo &#8211; usnesen\u00ed \u010d.\u00a013\/ZM\u010c\/2004 Oblast soci\u00e1ln\u00ed p\u00e9\u010de \u017dadatel projekt schv\u00e1leno Radou OS Pra\u017esk\u00e9 organizace voz\u00ed\u010dk\u00e1\u0159\u016f Osobn\u00ed asistence 30.000,- K\u010d OS Sjednocen\u00e1 org.nevidom\u00fdch a slabozrak\u00fdch \u010cR Zdravotn\u011b rehabilita\u010dn\u00ed pobyt s v\u00fdukou 45.000,- K\u010d OS Sdru\u017een\u00ed na pomoc d\u011btem s handicapy Podpora rodin se zdravotn\u011b handicapovan\u00fdmi d\u011btmi...","og_url":"https:\/\/www.praha14.cz\/samosprava\/granty-schvalene-radou-mc-praha-14-v-roce-2004\/","og_site_name":"Samospr\u00e1va \u00daM\u010c Praha 14","article_modified_time":"2023-01-30T07:59:14+00:00","twitter_card":"summary_large_image","twitter_misc":{"Est. reading time":"4 minuty"},"schema":{"@context":"https:\/\/schema.org","@graph":[{"@type":"WebPage","@id":"https:\/\/www.praha14.cz\/samosprava\/granty-schvalene-radou-mc-praha-14-v-roce-2004\/","url":"https:\/\/www.praha14.cz\/samosprava\/granty-schvalene-radou-mc-praha-14-v-roce-2004\/","name":"Granty schv\u00e1len\u00e9 Radou M\u010c Praha 14 v roce 2004 - Samospr\u00e1va \u00daM\u010c Praha 14","isPartOf":{"@id":"https:\/\/www.praha14.cz\/samosprava\/#website"},"datePublished":"2014-04-16T11:54:13+00:00","dateModified":"2023-01-30T07:59:14+00:00","breadcrumb":{"@id":"https:\/\/www.praha14.cz\/samosprava\/granty-schvalene-radou-mc-praha-14-v-roce-2004\/#breadcrumb"},"inLanguage":"cs","potentialAction":[{"@type":"ReadAction","target":["https:\/\/www.praha14.cz\/samosprava\/granty-schvalene-radou-mc-praha-14-v-roce-2004\/"]}]},{"@type":"BreadcrumbList","@id":"https:\/\/www.praha14.cz\/samosprava\/granty-schvalene-radou-mc-praha-14-v-roce-2004\/#breadcrumb","itemListElement":[{"@type":"ListItem","position":1,"name":"Samospr\u00e1va \u00daM\u010c Praha 14","item":"https:\/\/www.praha14.cz\/samosprava\/"},{"@type":"ListItem","position":2,"name":"Granty schv\u00e1len\u00e9 Radou M\u010c Praha 14 v roce 2004"}]},{"@type":"WebSite","@id":"https:\/\/www.praha14.cz\/samosprava\/#website","url":"https:\/\/www.praha14.cz\/samosprava\/","name":"Samospr\u00e1va \u00daM\u010c Praha 14","description":"Ofici\u00e1ln\u00ed str\u00e1nky Samospr\u00e1vy \u00daM\u010c Praha 14","potentialAction":[{"@type":"SearchAction","target":{"@type":"EntryPoint","urlTemplate":"https:\/\/www.praha14.cz\/samosprava\/?s={search_term_string}"},"query-input":{"@type":"PropertyValueSpecification","valueRequired":true,"valueName":"search_term_string"}}],"inLanguage":"cs"}]}},"_links":{"self":[{"href":"https:\/\/www.praha14.cz\/samosprava\/wp-json\/wp\/v2\/pages\/225","targetHints":{"allow":["GET"]}}],"collection":[{"href":"https:\/\/www.praha14.cz\/samosprava\/wp-json\/wp\/v2\/pages"}],"about":[{"href":"https:\/\/www.praha14.cz\/samosprava\/wp-json\/wp\/v2\/types\/page"}],"author":[{"embeddable":true,"href":"https:\/\/www.praha14.cz\/samosprava\/wp-json\/wp\/v2\/users\/1"}],"replies":[{"embeddable":true,"href":"https:\/\/www.praha14.cz\/samosprava\/wp-json\/wp\/v2\/comments?post=225"}],"version-history":[{"count":5,"href":"https:\/\/www.praha14.cz\/samosprava\/wp-json\/wp\/v2\/pages\/225\/revisions"}],"predecessor-version":[{"id":44764,"href":"https:\/\/www.praha14.cz\/samosprava\/wp-json\/wp\/v2\/pages\/225\/revisions\/44764"}],"wp:attachment":[{"href":"https:\/\/www.praha14.cz\/samosprava\/wp-json\/wp\/v2\/media?parent=225"}],"curies":[{"name":"wp","href":"https:\/\/api.w.org\/{rel}","templated":true}]}}