{"id":229,"date":"2014-04-16T12:56:07","date_gmt":"2014-04-16T11:56:07","guid":{"rendered":"\/samosprava\/?page_id=229"},"modified":"2023-01-30T08:59:59","modified_gmt":"2023-01-30T07:59:59","slug":"granty-v-oblasti-volneho-casu-deti-a-madeze-a-v-oblasti-kultury-v-roce-2003","status":"publish","type":"page","link":"https:\/\/www.praha14.cz\/samosprava\/granty-v-oblasti-volneho-casu-deti-a-madeze-a-v-oblasti-kultury-v-roce-2003\/","title":{"rendered":"Granty v oblasti voln\u00e9ho \u010dasu d\u011bt\u00ed a m\u00e1de\u017ee a v oblasti kultury v roce 2003"},"content":{"rendered":"<table>\n<tbody>\n<tr>\n<th scope=\"col\">\u017dadatel<\/th>\n<th scope=\"col\">akce<\/th>\n<th scope=\"col\">celkov\u00e9 n\u00e1klady<\/th>\n<th scope=\"col\">po\u017eadavek<\/th>\n<th scope=\"col\">n\u00e1vrh grantov\u00e9 komise<\/th>\n<\/tr>\n<tr>\n<td>1. Jun\u00e1k, svaz skaut\u016f a skautek \u010cR<\/td>\n<td>\u017e\u00e1dost o p\u0159\u00edsp\u011bvek na akce ve voln\u00e9m \u010dase v letn\u00edm obdob\u00ed 2003<\/td>\n<td>15 000,- K\u010d<\/td>\n<td>10 000,- K\u010d<\/td>\n<td><b>5 000,- K\u010d<\/b><\/td>\n<\/tr>\n<tr>\n<td>2. Jun\u00e1k, svaz skaut\u016f a skautek \u010cR<\/td>\n<td>\u017e\u00e1dost o p\u0159\u00edsp\u011bvek na akce ve voln\u00e9m \u010dase v zimn\u00edm obdob\u00ed 2003\/2004<\/td>\n<td>15 000,- K\u010d<\/td>\n<td>10 000,- K\u010d<\/td>\n<td><b>5 000,- K\u010d<\/b><\/td>\n<\/tr>\n<tr>\n<td>3. Jun\u00e1k, svaz skaut\u016f a skautek \u010cR<\/td>\n<td>\u017e\u00e1dost o p\u0159\u00edsp\u011bvek na rekonstrukce a opravy kluboven a TZ, nutn\u00e9 dovybaven\u00ed pro \u010dinnost<\/td>\n<td>7 000,- K\u010d<\/td>\n<td>5 500,- K\u010d<\/td>\n<td><b>5 500,- K\u010d<\/b><\/td>\n<\/tr>\n<tr>\n<td>4. YMCA Praha<\/td>\n<td>\u017e\u00e1dost o p\u0159\u00edsp\u011bvek na Klub maminek Klub\u00ed\u010dko (provoz, vymalov\u00e1n\u00ed, opravy, odm\u011bny)<\/td>\n<td>150 000,- K\u010d<\/td>\n<td>91 000,- K\u010d<\/td>\n<td><b>33 000,- K\u010d<\/b><\/td>\n<\/tr>\n<tr>\n<td>5. YMCA Praha<\/td>\n<td>\u017e\u00e1dost o p\u0159\u00edsp\u011bvek na pot\u0159eby a odm\u011bny pro herny Klub\u00ed\u010dko<\/td>\n<td>15 500,- K\u010d<\/td>\n<td>15 500,- K\u010d<\/td>\n<td><b>10 000,- K\u010d<\/b><\/td>\n<\/tr>\n<tr>\n<td>6. YMCA Praha<\/td>\n<td>\u017e\u00e1dost o p\u0159\u00edsp\u011bvek na vybaven\u00ed klubu, pom\u016fcky a spot\u0159ebn\u00ed materi\u00e1l, opravu \u017ealuzi\u00ed a p\u0159\u00edsp\u011bvek na cestovn\u00e9 a vstupn\u00e9 pro VYDRY &#8211; krou\u017eek se zam\u011b\u0159en\u00edm na skauting a turistiku<\/td>\n<td>10 500,- K\u010d<\/td>\n<td>10 500,- K\u010d<\/td>\n<td><b>2 000,- K\u010d<\/b><\/td>\n<\/tr>\n<tr>\n<td>7. YMCA Praha<\/td>\n<td>\u017e\u00e1dost o p\u0159\u00edsp\u011bvek na Jarn\u00ed socha\u0159skou v\u00fdtvarnou akci<\/td>\n<td>8 800,- K\u010d<\/td>\n<td>8 800,- K\u010d<\/td>\n<td><b>2 800,- K\u010d<\/b><\/td>\n<\/tr>\n<tr>\n<td>8. YMCA Praha<\/td>\n<td>\u017e\u00e1dost o p\u0159\u00edsp\u011bvek na podporu \u010dinnosti \u0161koli\u010dky Ber\u00e1nek<\/td>\n<td>10 575,- K\u010d<\/td>\n<td>10 575,- K\u010d<\/td>\n<td><b>5 100,- K\u010d<\/b><\/td>\n<\/tr>\n<tr>\n<td>9. YMCA Praha<\/td>\n<td>\u017e\u00e1dost o p\u0159\u00edsp\u011bvek na jarn\u00ed t\u00fddenn\u00ed pobyt d\u011bt\u00ed s rodinami<\/td>\n<td>32 760,- K\u010d<\/td>\n<td>15 000,- K\u010d<\/td>\n<td><b>\u017e\u00e1dosti nebylo vyhov\u011bno<\/b><\/td>\n<\/tr>\n<tr>\n<td>10. YMCA Praha<\/td>\n<td>\u017e\u00e1dost o p\u0159\u00edsp\u011bvek na zimn\u00ed t\u00fddenn\u00ed pobyt d\u011bt\u00ed s rodinami<\/td>\n<td>23 940,- K\u010d<\/td>\n<td>13 000,- K\u010d<\/td>\n<td><b>\u017e\u00e1dosti nebylo vyhov\u011bno<\/b><\/td>\n<\/tr>\n<tr>\n<td>11. YMCA Praha<\/td>\n<td>\u017e\u00e1dost o p\u0159\u00edsp\u011bvek na Dny tvo\u0159ivosti (v\u00fdtvarn\u00e9 pot\u0159eby, hrn\u010d\u00ed\u0159sk\u00e1 hl\u00edna)<\/td>\n<td>54 600,- K\u010d<\/td>\n<td>54 600,- K\u010d<\/td>\n<td><b>30 000,- K\u010d<\/b><\/td>\n<\/tr>\n<tr>\n<td>12. JAHODA<\/td>\n<td>\u017e\u00e1dost o p\u0159\u00edsp\u011bvek na otev\u0159en\u00fd klub Jahoda (n\u00e1jem, provoz, v\u00fdtvarn\u00e9 pot\u0159eby mzdy,&#8230;)<\/td>\n<td>160 600,- K\u010d<\/td>\n<td>160 600,- K\u010d<\/td>\n<td><b>40 000,- K\u010d<\/b><\/td>\n<\/tr>\n<tr>\n<td>13. SPECTRUM Praha<\/td>\n<td>\u017e\u00e1dost o p\u0159\u00edsp\u011bvek na akce ve voln\u00e9m \u010dase v letn\u00edm obdob\u00ed 2003 (doprava na soust\u0159ed\u011bn\u00ed)<\/td>\n<td>24.000,-K\u010d<\/td>\n<td>24 000,- K\u010d<\/td>\n<td><b>komise navrhuje p\u0159esunout \u017e\u00e1dost do komise pro oblast sportu a t\u011blov\u00fdchovy<\/b><\/td>\n<\/tr>\n<tr>\n<td>14. Klub orienta\u010dn\u00edho b\u011bhu Tretra Praha<\/td>\n<td>\u017e\u00e1dost o p\u0159\u00edsp\u011bvek na letn\u00ed soust\u0159ed\u011bn\u00ed v \u010cesk\u00e9 Kanad\u011b<\/td>\n<td>65 694,- K\u010d<\/td>\n<td>9 240,- K\u010d<\/td>\n<td><b>9 240,- K\u010d<\/b><\/td>\n<\/tr>\n<tr>\n<td>15. Petr St\u0159\u00ed\u0161ka<\/td>\n<td>\u017e\u00e1dost o p\u0159\u00edsp\u011bvek na VIII. ro\u010dn\u00edk setk\u00e1n\u00ed d\u011bt. p\u011bvec. sbor\u016f &#8222;D\u011bti s adventn\u00ed a v\u00e1no\u010dn\u00ed p\u00edsn\u00ed&#8220;<\/td>\n<td>30 000,- K\u010d<\/td>\n<td>14 000,- K\u010d<\/td>\n<td><b>10 000,- K\u010d<\/b><\/td>\n<\/tr>\n<tr>\n<td>16. RNDr. Alena Balv\u00ednov\u00e1<\/td>\n<td>\u017e\u00e1dost o p\u0159\u00edsp\u011bvek na dovybaven\u00ed a provoz keramick\u00e9 d\u00edlny<\/td>\n<td>35 000,- K\u010d<\/td>\n<td>35 000,- K\u010d<\/td>\n<td><b>\u017e\u00e1dosti nebylo vyhov\u011bno<\/b><\/td>\n<\/tr>\n<tr>\n<td>17. Sdru\u017een\u00ed SRAZ &#8211; Spole\u010dn\u011b za radost\u00ed a zdrav\u00edm<\/td>\n<td>\u017e\u00e1dost o p\u0159\u00edsp\u011bvek na akci NOEMOVA ARCHA<\/td>\n<td>76 800,- K\u010d<\/td>\n<td>31 200,- K\u010d<\/td>\n<td><b>\u017e\u00e1dosti nebylo vyhov\u011bno<\/b><\/td>\n<\/tr>\n<tr>\n<td>18. Sdru\u017een\u00ed SRAZ &#8211; Spole\u010dn\u011b za radost\u00ed a zdrav\u00edm<\/td>\n<td>\u017e\u00e1dost o p\u0159\u00edsp\u011bvek na akci Pr\u00e1zdniny v sedle<\/td>\n<td>112 100,- K\u010d<\/td>\n<td>34 400,- K\u010d<\/td>\n<td><b>\u017e\u00e1dosti nebylo vyhov\u011bno<\/b><\/td>\n<\/tr>\n<tr>\n<td>19. FC KING &#8211; fotbalov\u00fd odd\u00edl<\/td>\n<td>\u017e\u00e1dost o p\u0159\u00edsp\u011bvek na akce ve voln\u00e9m \u010dase v zimn\u00edm obdob\u00ed 2003\/2004<\/td>\n<td>137 500,- K\u010d<\/td>\n<td>16 000,- K\u010d<\/td>\n<td><b>komise navrhuje p\u0159esunout \u017e\u00e1dost do komise pro oblast sportu a t\u011blov\u00fdchovy<\/b><\/td>\n<\/tr>\n<tr>\n<td>20. FC KING &#8211; fotbalov\u00fd odd\u00edl<\/td>\n<td>\u017e\u00e1dost o p\u0159\u00edsp\u011bvek na akce ve voln\u00e9m \u010dase v letn\u00edm obdob\u00ed 2003<\/td>\n<td>336 000,- K\u010d<\/td>\n<td>24 000- K\u010d<\/td>\n<td><b>komise navrhuje p\u0159esunout \u017e\u00e1dost do komise pro oblast sportu a t\u011blov\u00fdchovy<\/b><\/td>\n<\/tr>\n<tr>\n<td>21. FC KING &#8211; fotbalov\u00fd odd\u00edl<\/td>\n<td>\u017e\u00e1dost o p\u0159\u00edsp\u011bvek na akce &#8222;Sport ano, drogy ne&#8220;<\/td>\n<td>151 200,- K\u010d<\/td>\n<td>23 000,- K\u010d<\/td>\n<td><b>komise navrhuje p\u0159esunout \u017e\u00e1dost do komise pro oblast sportu a t\u011blov\u00fdchovy<\/b><\/td>\n<\/tr>\n<tr>\n<td>22. TJ Kyje<\/td>\n<td>\u017e\u00e1dost o p\u0159\u00edsp\u011bvek na zakoupen\u00ed gymnastick\u00e9ho koberce 12m x 12m<\/td>\n<td>64 000,- K\u010d<\/td>\n<td>60 000,- K\u010d<\/td>\n<td><b>komise navrhuje p\u0159esunout \u017e\u00e1dost do komise pro oblast sportu a t\u011blov\u00fdchovy<\/b><\/td>\n<\/tr>\n<tr>\n<td>23. TJ Kyje<\/td>\n<td>\u017e\u00e1dost o p\u0159\u00edsp\u011bvek na soust\u0159ed\u011bn\u00ed \u017eactva a dorostu v letn\u00edm pr\u00e1zdninov\u00e9m obdob\u00ed<\/td>\n<td>50 000,- K\u010d<\/td>\n<td>30 000,- K\u010d<\/td>\n<td><b>komise navrhuje p\u0159esunout \u017e\u00e1dost do komise pro oblast sportu a t\u011blov\u00fdchovy<\/b><\/td>\n<\/tr>\n<tr>\n<td>24. Humanit\u00e1rn\u00ed sdru\u017een\u00ed PROTEBE<\/td>\n<td>\u017e\u00e1dost o p\u0159\u00edsp\u011bvek na pr\u00e1zdninov\u00e9 t\u00e1bory PROTEBE (doprava, ubytov\u00e1n\u00ed, materi\u00e1l)<\/td>\n<td>928 540,- K\u010d<\/td>\n<td>50 000,- K\u010d<\/td>\n<td><b>komise navrhuje p\u0159esunout \u017e\u00e1dost do komise pro oblast soci\u00e1ln\u00ed a oblast zdravotnictv\u00ed<\/b><\/td>\n<\/tr>\n<tr>\n<td>25. Humanit\u00e1rn\u00ed sdru\u017een\u00ed PROTEBE<\/td>\n<td>\u017e\u00e1dost o p\u0159\u00edsp\u011bvek na integrovan\u00e9 aktivity d\u011bt\u00ed a ml\u00e1de\u017ee (materi\u00e1l, slu\u017eby &#8211; pr\u00e1ce, ubytov\u00e1n\u00ed, stravov\u00e1n\u00ed, doprava)<\/td>\n<td>223 000,- K\u010d<\/td>\n<td>35 000,- K\u010d<\/td>\n<td><b>19 940,- K\u010d<\/b><\/td>\n<\/tr>\n<tr>\n<td>26. 93. skupina Pion\u00fdr, Praha 9 &#8211; Kyje<\/td>\n<td>\u017e\u00e1dost o p\u0159\u00edsp\u011bvek na akce ve von\u00e9m \u010dase v letn\u00edm obdob\u00ed (pron\u00e1jem t\u00e1bo\u0159i\u0161t\u011b, doprava)<\/td>\n<td>30 000,- K\u010d<\/td>\n<td>15 000,- K\u010d<\/td>\n<td><b>5 000,- K\u010d<\/b><\/td>\n<\/tr>\n<tr>\n<td>27. 93. skupina Pion\u00fdr, Praha 9 &#8211; Kyje<\/td>\n<td>\u017e\u00e1dost o p\u0159\u00edsp\u011bvek na akce ve voln\u00e9m \u010dase v zimn\u00edm obdob\u00ed 2003\/2004 (pron\u00e1jem, doprava)<\/td>\n<td>50 000,- K\u010d<\/td>\n<td>35 000,- K\u010d<\/td>\n<td><b>5 000,- K\u010d<\/b><\/td>\n<\/tr>\n<tr>\n<td>28. 93. skupina Pion\u00fdr, Praha 9 &#8211; Kyje<\/td>\n<td>\u017e\u00e1dost o p\u0159\u00edsp\u011bvek na rekonstrukce a opravy kluboven a TZ, nutn\u00e9 dovybaven\u00ed pro \u010dinnost<\/td>\n<td>30 000,- K\u010d<\/td>\n<td>25 000,- K\u010d<\/td>\n<td><b>5 000,- K\u010d<\/b><\/td>\n<\/tr>\n<tr>\n<td>29. Klub AA (alergici, astmatici) \u010cern\u00fd Most<br \/>\np\u0159i Sdru\u017een\u00ed na pomoc chronicky nemocn\u00fdm d\u011btem<\/td>\n<td>\u017e\u00e1dost o p\u0159\u00edsp\u011bvek na d\u011btsk\u00fd letn\u00ed ozdravn\u00fd t\u00e1bor v Poles\u00ed<\/td>\n<td>103 200,- K\u010d<\/td>\n<td>15 000,- K\u010d<\/td>\n<td><b>15 000,- K\u010d<\/b><\/td>\n<\/tr>\n<tr>\n<td>30. Ob\u010dansk\u00e9 sdru\u017een\u00ed K\u0159es\u0165ansk\u00e9 centrum pro rodinu He\u0159m\u00e1nek<\/td>\n<td>\u017e\u00e1dost o p\u0159\u00edsp\u011bvek na n\u00e1jem a vybaven\u00ed pro \u010dinnost d\u011btsk\u00e9ho p\u011bveck\u00e9ho sboru<\/td>\n<td>37 000,- K\u010d<\/td>\n<td>27 000,- K\u010d<\/td>\n<td><b>12 000,- K\u010d<\/b><\/td>\n<\/tr>\n<tr>\n<td>31. Divadlo K\u00e1men, o. s.<\/td>\n<td>\u017e\u00e1dost o p\u0159\u00edsp\u011bvek na nastudov\u00e1n\u00ed inscenace Mlejnek<\/td>\n<td>28 000,- K\u010d<\/td>\n<td>5 000,- K\u010d<\/td>\n<td><b>5 000,- K\u010d<\/b><\/td>\n<\/tr>\n<tr>\n<td>32. Mgr. Ji\u0159ina B\u0159ich\u00e1\u010dkov\u00e1-Olivov\u00e1<\/td>\n<td>\u017e\u00e1dost o p\u0159\u00edsp\u011bvek na zakoupen\u00ed v\u00fdtvarn\u00fdch pot\u0159eb, materi\u00e1l\u016f a pom\u016fcek pro d\u011btsk\u00fd v\u00fdtvarn\u00fd krou\u017eek<\/td>\n<td>30 000,- K\u010d<\/td>\n<td>20 000,- K\u010d<\/td>\n<td><b>10 000,- K\u010d<\/b><\/td>\n<\/tr>\n<tr>\n<td>33. Sdru\u017een\u00ed na pomoc d\u011btem s handicapy<\/td>\n<td>\u017e\u00e1dost o p\u0159\u00edsp\u011bvek na projekt Mot\u00fdlek d\u011btem (divadel. p\u0159edstaven\u00ed, akce pro d\u011bti)<\/td>\n<td>68 888,- K\u010d<\/td>\n<td>47 431,40 K\u010d<\/td>\n<td><b>20 000,- K\u010d<\/b><\/td>\n<\/tr>\n<tr>\n<td>34. Sdru\u017een\u00ed na pomoc d\u011btem s handicapy<\/td>\n<td>\u017e\u00e1dost o p\u0159\u00edsp\u011bvek na provoz Komunitn\u00edho centra<\/td>\n<td>320 192,- K\u010d<\/td>\n<td>160 096,- K\u010d<\/td>\n<td><b>\u017e\u00e1dosti nebylo vyhov\u011bno<\/b><\/td>\n<\/tr>\n<tr>\n<td>35. Sdru\u017een\u00ed na pomoc d\u011btem s handicapy<\/td>\n<td>\u017e\u00e1dost o p\u0159\u00edsp\u011bvek na rekonstrukci komunitn\u00edho centra<\/td>\n<td>1.003 600,- K\u010d<\/td>\n<td>100 360,- K\u010d<\/td>\n<td><b>\u017e\u00e1dosti nebylo vyhov\u011bno<\/b><\/td>\n<\/tr>\n<tr>\n<td>36. Sdru\u017een\u00ed na pomoc d\u011btem s handicapy<\/td>\n<td>\u017e\u00e1dost o p\u0159\u00edsp\u011bvek na vybaven\u00ed N\u00edzkoprahov\u00e9ho klubu v komunitn\u00edm centru<\/td>\n<td>72 600,- K\u010d<\/td>\n<td>50 820,- K\u010d<\/td>\n<td><b>50 820,- K\u010d<\/b><\/td>\n<\/tr>\n<tr>\n<td>37. Sdru\u017een\u00ed rodi\u010d\u016f p\u0159i M\u0160 Kor\u00e1lek<\/td>\n<td>\u017e\u00e1dost o p\u0159\u00edsp\u011bvek na projekt Pohoda a \u00fasm\u011bv (odm\u011bny, materi\u00e1l, sport. n\u00e1\u010din\u00ed, kouzelnick\u00e9 p\u0159edstaven\u00ed)<\/td>\n<td>15 000,- K\u010d<\/td>\n<td>15 000,- K\u010d<\/td>\n<td><b>\u017e\u00e1dost byla vy\u0159azena z d\u016fvodu nespln\u011bn\u00ed podm\u00ednek a pravidel pro poskytov\u00e1n\u00ed grant\u016f<\/b><\/td>\n<\/tr>\n<tr>\n<td>38. Sdru\u017een\u00ed rodi\u010d\u016f p\u0159i M\u0160 Kor\u00e1lek<\/td>\n<td>\u017e\u00e1dost o p\u0159\u00edsp\u011bvek na projekt Mot\u00fdlek (hudebn\u00ed pom\u016fcky, materi\u00e1ly, relaxa\u010dn\u00ed m\u00ed\u010de)<\/td>\n<td>10 000,- K\u010d<\/td>\n<td>10 000,- K\u010d<\/td>\n<td><b>\u017e\u00e1dost byla vy\u0159azena z d\u016fvodu nespln\u011bn\u00ed podm\u00ednek a pravidel pro poskytov\u00e1n\u00ed grant\u016f<\/b><\/td>\n<\/tr>\n<tr>\n<td>39. Ob\u010dansk\u00e9 sdru\u017een\u00ed Hv\u011bzdi\u010dka<\/td>\n<td>\u017e\u00e1dost o p\u0159\u00edsp\u011bvek na b\u011b\u017eeck\u00e9 z\u00e1vody pro d\u011bti a ml\u00e1de\u017e s posti\u017een\u00edm &#8211; B\u011bchovick\u00e1 stovka<\/td>\n<td>4 000,- K\u010d<\/td>\n<td>2 000,- K\u010d<\/td>\n<td><b>2 000,- K\u010d<\/b><\/td>\n<\/tr>\n<tr>\n<td>40. Ob\u010dansk\u00e9 sdru\u017een\u00ed Hv\u011bzdi\u010dka<\/td>\n<td>\u017e\u00e1dost o p\u0159\u00edsp\u011bvek na plav\u00e1n\u00ed rodi\u010d\u016f a d\u011bt\u00ed s posti\u017een\u00edm (permanentky)<\/td>\n<td>8 600,- K\u010d<\/td>\n<td>7 600,- K\u010d<\/td>\n<td><b>7 600,- K\u010d<\/b><\/td>\n<\/tr>\n<tr>\n<td>41. Ob\u010dansk\u00e9 sdru\u017een\u00ed Hv\u011bzdi\u010dka<\/td>\n<td>\u017e\u00e1dost o p\u0159\u00edsp\u011bvek na pomoc rodin\u00e1m s posti\u017een\u00fdmi d\u011btmi (plenkov\u00e9 kalhotky)<\/td>\n<td>25 040,- K\u010d<\/td>\n<td>20 000,- K\u010d<\/td>\n<td><b>20 000,- K\u010d<\/b><\/td>\n<\/tr>\n<tr>\n<td>42. Ob\u010dansk\u00e9 sdru\u017een\u00ed Hv\u011bzdi\u010dka<\/td>\n<td>\u017e\u00e1dost o p\u0159\u00edsp\u011bvek na akci Cesta Poh\u00e1dkov\u00fdm lesem (diplomy, odm\u011bny, ob\u010derstven\u00ed)<\/td>\n<td>3 500,- K\u010d<\/td>\n<td>3 000,- K\u010d<\/td>\n<td><b>3 000,- K\u010d<\/b><\/td>\n<\/tr>\n<tr>\n<td>43. Ob\u010dansk\u00e9 sdru\u017een\u00ed K\u0159es\u0165ansk\u00e9 centrum pro rodinu He\u0159m\u00e1nek<\/td>\n<td>\u017e\u00e1dost o p\u0159\u00edsp\u011bvek na p\u0159\u00edm\u011bstsk\u00fd pr\u00e1zdninov\u00fd t\u00e1bor &#8211; \u010cern\u00fd Most 2003<\/td>\n<td>83 500,- K\u010d<\/td>\n<td>61 500,- K\u010d<\/td>\n<td><b>12 000,- K\u010d<\/b><\/td>\n<\/tr>\n<tr>\n<td>44. ZKO \u010d\u00edslo 390 Star\u00fd Hloub\u011bt\u00edn<\/td>\n<td>\u017e\u00e1dost o p\u0159\u00edsp\u011bvek na akci D\u00edt\u011b a pes &#8211; Rozlou\u010den\u00ed se \u0161koln\u00edm rokem<\/td>\n<td>7 000,- K\u010d<\/td>\n<td>7 000,- K\u010d<\/td>\n<td><b>\u017e\u00e1dost byla vy\u0159azena z d\u016fvodu nespln\u011bn\u00ed podm\u00ednek a pravidel pro poskytov\u00e1n\u00ed \u00a0grant\u016f<\/b><\/td>\n<\/tr>\n<\/tbody>\n<\/table>\n<p>Schv\u00e1leno Usnesen\u00edm Rady M\u010c Praha 14\u00a0\u010d. 234\/RM\u010c\/2003.<\/p>\n","protected":false},"excerpt":{"rendered":"<p>\u017dadatel akce celkov\u00e9 n\u00e1klady po\u017eadavek n\u00e1vrh grantov\u00e9 komise 1. Jun\u00e1k, svaz skaut\u016f a skautek \u010cR \u017e\u00e1dost o p\u0159\u00edsp\u011bvek na akce ve voln\u00e9m \u010dase v letn\u00edm obdob\u00ed 2003 15 000,- K\u010d 10 000,- K\u010d 5 000,- K\u010d 2. Jun\u00e1k, svaz skaut\u016f a skautek \u010cR \u017e\u00e1dost o p\u0159\u00edsp\u011bvek na akce ve voln\u00e9m \u010dase v zimn\u00edm obdob\u00ed 2003\/2004&#8230;<\/p>\n","protected":false},"author":1,"featured_media":0,"parent":0,"menu_order":0,"comment_status":"closed","ping_status":"open","template":"","meta":{"_acf_changed":false,"footnotes":""},"class_list":["post-229","page","type-page","status-publish","hentry"],"acf":[],"yoast_head":"<!-- This site is optimized with the Yoast SEO plugin v27.2 - https:\/\/yoast.com\/product\/yoast-seo-wordpress\/ -->\n<title>Granty v oblasti voln\u00e9ho \u010dasu d\u011bt\u00ed a m\u00e1de\u017ee a v oblasti kultury v roce 2003 - Samospr\u00e1va \u00daM\u010c Praha 14<\/title>\n<meta name=\"robots\" content=\"index, follow, max-snippet:-1, max-image-preview:large, max-video-preview:-1\" \/>\n<link rel=\"canonical\" href=\"https:\/\/www.praha14.cz\/samosprava\/granty-v-oblasti-volneho-casu-deti-a-madeze-a-v-oblasti-kultury-v-roce-2003\/\" \/>\n<meta property=\"og:locale\" content=\"cs_CZ\" \/>\n<meta property=\"og:type\" content=\"article\" \/>\n<meta property=\"og:title\" content=\"Granty v oblasti voln\u00e9ho \u010dasu d\u011bt\u00ed a m\u00e1de\u017ee a v oblasti kultury v roce 2003 - Samospr\u00e1va \u00daM\u010c Praha 14\" \/>\n<meta property=\"og:description\" content=\"\u017dadatel akce celkov\u00e9 n\u00e1klady po\u017eadavek n\u00e1vrh grantov\u00e9 komise 1. Jun\u00e1k, svaz skaut\u016f a skautek \u010cR \u017e\u00e1dost o p\u0159\u00edsp\u011bvek na akce ve voln\u00e9m \u010dase v letn\u00edm obdob\u00ed 2003 15 000,- K\u010d 10 000,- K\u010d 5 000,- K\u010d 2. Jun\u00e1k, svaz skaut\u016f a skautek \u010cR \u017e\u00e1dost o p\u0159\u00edsp\u011bvek na akce ve voln\u00e9m \u010dase v zimn\u00edm obdob\u00ed 2003\/2004...\" \/>\n<meta property=\"og:url\" content=\"https:\/\/www.praha14.cz\/samosprava\/granty-v-oblasti-volneho-casu-deti-a-madeze-a-v-oblasti-kultury-v-roce-2003\/\" \/>\n<meta property=\"og:site_name\" content=\"Samospr\u00e1va \u00daM\u010c Praha 14\" \/>\n<meta property=\"article:modified_time\" content=\"2023-01-30T07:59:59+00:00\" \/>\n<meta name=\"twitter:card\" content=\"summary_large_image\" \/>\n<meta name=\"twitter:label1\" content=\"Est. reading time\" \/>\n\t<meta name=\"twitter:data1\" content=\"7 minut\" \/>\n<script type=\"application\/ld+json\" class=\"yoast-schema-graph\">{\"@context\":\"https:\/\/schema.org\",\"@graph\":[{\"@type\":\"WebPage\",\"@id\":\"https:\/\/www.praha14.cz\/samosprava\/granty-v-oblasti-volneho-casu-deti-a-madeze-a-v-oblasti-kultury-v-roce-2003\/\",\"url\":\"https:\/\/www.praha14.cz\/samosprava\/granty-v-oblasti-volneho-casu-deti-a-madeze-a-v-oblasti-kultury-v-roce-2003\/\",\"name\":\"Granty v oblasti voln\u00e9ho \u010dasu d\u011bt\u00ed a m\u00e1de\u017ee a v oblasti kultury v roce 2003 - Samospr\u00e1va \u00daM\u010c Praha 14\",\"isPartOf\":{\"@id\":\"https:\/\/www.praha14.cz\/samosprava\/#website\"},\"datePublished\":\"2014-04-16T11:56:07+00:00\",\"dateModified\":\"2023-01-30T07:59:59+00:00\",\"breadcrumb\":{\"@id\":\"https:\/\/www.praha14.cz\/samosprava\/granty-v-oblasti-volneho-casu-deti-a-madeze-a-v-oblasti-kultury-v-roce-2003\/#breadcrumb\"},\"inLanguage\":\"cs\",\"potentialAction\":[{\"@type\":\"ReadAction\",\"target\":[\"https:\/\/www.praha14.cz\/samosprava\/granty-v-oblasti-volneho-casu-deti-a-madeze-a-v-oblasti-kultury-v-roce-2003\/\"]}]},{\"@type\":\"BreadcrumbList\",\"@id\":\"https:\/\/www.praha14.cz\/samosprava\/granty-v-oblasti-volneho-casu-deti-a-madeze-a-v-oblasti-kultury-v-roce-2003\/#breadcrumb\",\"itemListElement\":[{\"@type\":\"ListItem\",\"position\":1,\"name\":\"Samospr\u00e1va \u00daM\u010c Praha 14\",\"item\":\"https:\/\/www.praha14.cz\/samosprava\/\"},{\"@type\":\"ListItem\",\"position\":2,\"name\":\"Granty v oblasti voln\u00e9ho \u010dasu d\u011bt\u00ed a m\u00e1de\u017ee a v oblasti kultury v roce 2003\"}]},{\"@type\":\"WebSite\",\"@id\":\"https:\/\/www.praha14.cz\/samosprava\/#website\",\"url\":\"https:\/\/www.praha14.cz\/samosprava\/\",\"name\":\"Samospr\u00e1va \u00daM\u010c Praha 14\",\"description\":\"Ofici\u00e1ln\u00ed str\u00e1nky Samospr\u00e1vy \u00daM\u010c Praha 14\",\"potentialAction\":[{\"@type\":\"SearchAction\",\"target\":{\"@type\":\"EntryPoint\",\"urlTemplate\":\"https:\/\/www.praha14.cz\/samosprava\/?s={search_term_string}\"},\"query-input\":{\"@type\":\"PropertyValueSpecification\",\"valueRequired\":true,\"valueName\":\"search_term_string\"}}],\"inLanguage\":\"cs\"}]}<\/script>\n<!-- \/ Yoast SEO plugin. -->","yoast_head_json":{"title":"Granty v oblasti voln\u00e9ho \u010dasu d\u011bt\u00ed a m\u00e1de\u017ee a v oblasti kultury v roce 2003 - Samospr\u00e1va \u00daM\u010c Praha 14","robots":{"index":"index","follow":"follow","max-snippet":"max-snippet:-1","max-image-preview":"max-image-preview:large","max-video-preview":"max-video-preview:-1"},"canonical":"https:\/\/www.praha14.cz\/samosprava\/granty-v-oblasti-volneho-casu-deti-a-madeze-a-v-oblasti-kultury-v-roce-2003\/","og_locale":"cs_CZ","og_type":"article","og_title":"Granty v oblasti voln\u00e9ho \u010dasu d\u011bt\u00ed a m\u00e1de\u017ee a v oblasti kultury v roce 2003 - Samospr\u00e1va \u00daM\u010c Praha 14","og_description":"\u017dadatel akce celkov\u00e9 n\u00e1klady po\u017eadavek n\u00e1vrh grantov\u00e9 komise 1. Jun\u00e1k, svaz skaut\u016f a skautek \u010cR \u017e\u00e1dost o p\u0159\u00edsp\u011bvek na akce ve voln\u00e9m \u010dase v letn\u00edm obdob\u00ed 2003 15 000,- K\u010d 10 000,- K\u010d 5 000,- K\u010d 2. Jun\u00e1k, svaz skaut\u016f a skautek \u010cR \u017e\u00e1dost o p\u0159\u00edsp\u011bvek na akce ve voln\u00e9m \u010dase v zimn\u00edm obdob\u00ed 2003\/2004...","og_url":"https:\/\/www.praha14.cz\/samosprava\/granty-v-oblasti-volneho-casu-deti-a-madeze-a-v-oblasti-kultury-v-roce-2003\/","og_site_name":"Samospr\u00e1va \u00daM\u010c Praha 14","article_modified_time":"2023-01-30T07:59:59+00:00","twitter_card":"summary_large_image","twitter_misc":{"Est. reading time":"7 minut"},"schema":{"@context":"https:\/\/schema.org","@graph":[{"@type":"WebPage","@id":"https:\/\/www.praha14.cz\/samosprava\/granty-v-oblasti-volneho-casu-deti-a-madeze-a-v-oblasti-kultury-v-roce-2003\/","url":"https:\/\/www.praha14.cz\/samosprava\/granty-v-oblasti-volneho-casu-deti-a-madeze-a-v-oblasti-kultury-v-roce-2003\/","name":"Granty v oblasti voln\u00e9ho \u010dasu d\u011bt\u00ed a m\u00e1de\u017ee a v oblasti kultury v roce 2003 - Samospr\u00e1va \u00daM\u010c Praha 14","isPartOf":{"@id":"https:\/\/www.praha14.cz\/samosprava\/#website"},"datePublished":"2014-04-16T11:56:07+00:00","dateModified":"2023-01-30T07:59:59+00:00","breadcrumb":{"@id":"https:\/\/www.praha14.cz\/samosprava\/granty-v-oblasti-volneho-casu-deti-a-madeze-a-v-oblasti-kultury-v-roce-2003\/#breadcrumb"},"inLanguage":"cs","potentialAction":[{"@type":"ReadAction","target":["https:\/\/www.praha14.cz\/samosprava\/granty-v-oblasti-volneho-casu-deti-a-madeze-a-v-oblasti-kultury-v-roce-2003\/"]}]},{"@type":"BreadcrumbList","@id":"https:\/\/www.praha14.cz\/samosprava\/granty-v-oblasti-volneho-casu-deti-a-madeze-a-v-oblasti-kultury-v-roce-2003\/#breadcrumb","itemListElement":[{"@type":"ListItem","position":1,"name":"Samospr\u00e1va \u00daM\u010c Praha 14","item":"https:\/\/www.praha14.cz\/samosprava\/"},{"@type":"ListItem","position":2,"name":"Granty v oblasti voln\u00e9ho \u010dasu d\u011bt\u00ed a m\u00e1de\u017ee a v oblasti kultury v roce 2003"}]},{"@type":"WebSite","@id":"https:\/\/www.praha14.cz\/samosprava\/#website","url":"https:\/\/www.praha14.cz\/samosprava\/","name":"Samospr\u00e1va \u00daM\u010c Praha 14","description":"Ofici\u00e1ln\u00ed str\u00e1nky Samospr\u00e1vy \u00daM\u010c Praha 14","potentialAction":[{"@type":"SearchAction","target":{"@type":"EntryPoint","urlTemplate":"https:\/\/www.praha14.cz\/samosprava\/?s={search_term_string}"},"query-input":{"@type":"PropertyValueSpecification","valueRequired":true,"valueName":"search_term_string"}}],"inLanguage":"cs"}]}},"_links":{"self":[{"href":"https:\/\/www.praha14.cz\/samosprava\/wp-json\/wp\/v2\/pages\/229","targetHints":{"allow":["GET"]}}],"collection":[{"href":"https:\/\/www.praha14.cz\/samosprava\/wp-json\/wp\/v2\/pages"}],"about":[{"href":"https:\/\/www.praha14.cz\/samosprava\/wp-json\/wp\/v2\/types\/page"}],"author":[{"embeddable":true,"href":"https:\/\/www.praha14.cz\/samosprava\/wp-json\/wp\/v2\/users\/1"}],"replies":[{"embeddable":true,"href":"https:\/\/www.praha14.cz\/samosprava\/wp-json\/wp\/v2\/comments?post=229"}],"version-history":[{"count":1,"href":"https:\/\/www.praha14.cz\/samosprava\/wp-json\/wp\/v2\/pages\/229\/revisions"}],"predecessor-version":[{"id":44756,"href":"https:\/\/www.praha14.cz\/samosprava\/wp-json\/wp\/v2\/pages\/229\/revisions\/44756"}],"wp:attachment":[{"href":"https:\/\/www.praha14.cz\/samosprava\/wp-json\/wp\/v2\/media?parent=229"}],"curies":[{"name":"wp","href":"https:\/\/api.w.org\/{rel}","templated":true}]}}