{"id":231,"date":"2014-04-16T12:56:44","date_gmt":"2014-04-16T11:56:44","guid":{"rendered":"\/samosprava\/?page_id=231"},"modified":"2023-01-30T09:00:19","modified_gmt":"2023-01-30T08:00:19","slug":"granty-v-oblasti-socialni-pece-a-zdravotnictvi-v-roce-2003","status":"publish","type":"page","link":"https:\/\/www.praha14.cz\/samosprava\/granty-v-oblasti-socialni-pece-a-zdravotnictvi-v-roce-2003\/","title":{"rendered":"Granty v oblasti soci\u00e1ln\u00ed p\u00e9\u010de a zdravotnictv\u00ed v roce 2003"},"content":{"rendered":"<table>\n<tbody>\n<tr>\n<th>\u017eadatel<\/th>\n<th>Stru\u010dn\u00e1 charakteristika<\/th>\n<th>po\u017eadavek<\/th>\n<th>doporu\u010deno<\/th>\n<\/tr>\n<tr>\n<td>1. Oblastn\u00ed spolek \u010cesk\u00fd \u010derven\u00fd k\u0159\u00ed\u017e<\/td>\n<td>\u017e\u00e1dost o finan\u010dn\u00ed podporu na realizaci projektu &#8222;D\u016fm soci\u00e1ln\u00edch slu\u017eeb&#8220;<\/td>\n<td>200.000,- K\u010d<\/td>\n<td><b>45.000,- K\u010d<\/b><\/td>\n<\/tr>\n<tr>\n<td>2. Oblastn\u00ed spolek \u010cesk\u00fd \u010derven\u00fd k\u0159\u00ed\u017e<\/td>\n<td>\u017e\u00e1dost o finan\u010dn\u00ed podporu na realizaci projektu &#8222;Poskytov\u00e1n\u00ed zdravotn\u00ed o\u0161et\u0159ovatelsk\u00e9 p\u00e9\u010de klient\u016fm v dom\u00e1c\u00edm prost\u0159ed\u00ed&#8220;<\/td>\n<td>20.000,- K\u010d<\/td>\n<td><b>15.000,- K\u010d<\/b><\/td>\n<\/tr>\n<tr>\n<td>3. Svaz t\u011blesn\u011b posti\u017een\u00fdch v \u010cR, obvodn\u00ed v\u00fdbor pro Prahu 9<\/td>\n<td>\u017e\u00e1dost o finan\u010dn\u00ed podporu na realizaci projektu &#8222;Rekondi\u010dn\u00ed pobyt pro t\u011blesn\u011b posti\u017een\u00e9 osoby&#8220;<\/td>\n<td>36.300,- K\u010d<\/td>\n<td><b>10.000,- K\u010d<br \/>\n<\/b>(na dopravu)<\/td>\n<\/tr>\n<tr>\n<td>4. Sdru\u017een\u00ed ob\u010dansk\u00e1 inspirace<\/td>\n<td>\u017e\u00e1dost o finan\u010dn\u00ed podporu na realizaci projektu &#8222;Provoz komunitn\u00edho centra \u010cern\u00fd Most&#8220;<\/td>\n<td>92.000,- K\u010d<\/td>\n<td><b>30.000,- K\u010d<\/b><\/td>\n<\/tr>\n<tr>\n<td>5. Sdru\u017een\u00ed pro pomoc ment\u00e1ln\u011b posti\u017een\u00fdm \u010cR<\/td>\n<td>\u017e\u00e1dost o finan\u010dn\u00ed podporu na realizaci projektu &#8222;Rehabilita\u010dn\u00ed rekondi\u010dn\u00ed pobyt ment\u00e1ln\u011b posti\u017een\u00fdch osob s doprovodem (pro 45-50 osob)&#8220;<\/td>\n<td>10.000,- K\u010d<\/td>\n<td><b>10.000,- K\u010d<\/b><\/td>\n<\/tr>\n<tr>\n<td>6. Sdru\u017een\u00ed na pomoc d\u011btem s handicapy<\/td>\n<td>\u017e\u00e1dost o finan\u010dn\u00ed podporu na realizaci projektu &#8222;Komunitn\u00ed centrum \u0096 integra\u010dn\u00ed aktivity&#8220;<\/td>\n<td>51.516,- K\u010d<\/td>\n<td><b>20.000,- K\u010d<\/b><\/td>\n<\/tr>\n<tr>\n<td>7. Sdru\u017een\u00ed na pomoc d\u011btem s handicapy<\/td>\n<td>\u017e\u00e1dost o finan\u010dn\u00ed podporu na realizaci projektu &#8222;Rekondi\u010dn\u00ed pobyt rodin se zdravotn\u011b handicapovan\u00fdmi d\u011btmi&#8220;<\/td>\n<td>44.862,- K\u010d<\/td>\n<td><b>20.000,- K\u010d<\/b><\/td>\n<\/tr>\n<tr>\n<td>8. Sdru\u017een\u00ed na pomoc d\u011btem s handicapy<\/td>\n<td>\u017e\u00e1dost o finan\u010dn\u00ed podporu na realizaci projektu &#8222;Rekondi\u010dn\u00ed a rehabilita\u010dn\u00ed aktivity pro handicapovan\u00e9 d\u011bti&#8220;<\/td>\n<td>37.233,- K\u010d<\/td>\n<td><b>5.000,- K\u010d<\/b><\/td>\n<\/tr>\n<tr>\n<td>9. RYTMUS ob\u010dansk\u00e9 sdru\u017een\u00ed<\/td>\n<td>\u017e\u00e1dost o finan\u010dn\u00ed podporu na realizaci projektu &#8222;Slu\u017eby ob\u010dansk\u00e9ho sdru\u017een\u00ed Rytmus d\u011btem a dosp\u011bl\u00fdm s posti\u017een\u00fdm&#8220;<\/td>\n<td>57.000,- K\u010d<\/td>\n<td><b>25.000,- K\u010d<\/b><\/td>\n<\/tr>\n<tr>\n<td>10. HARMONIE a styl, OS<\/td>\n<td>\u017e\u00e1dost o finan\u010dn\u00ed podporu na realizaci projektu &#8222;Centrum HARMONIE&#8220;<\/td>\n<td>100.000,- K\u010d<\/td>\n<td><b>13.000,- K\u010d<\/b><\/td>\n<\/tr>\n<tr>\n<td>11. Asistence, ob\u010dansk\u00e9 sdru\u017een\u00ed<\/td>\n<td>\u017e\u00e1dost o finan\u010dn\u00ed podporu na realizaci projektu &#8222;St\u0159edisko asistence \u0096 slu\u017eby asistence ob\u010dan\u016fm m\u011bstsk\u00e9 \u010d\u00e1sti Praha 14&#8220;<\/td>\n<td>36.740,- K\u010d<\/td>\n<td><b>15.000,- K\u010d<\/b><\/td>\n<\/tr>\n<tr>\n<td>12.Sdru\u017een\u00ed pro p\u00e9\u010di o du\u0161evn\u011b nemocn\u00e9 Fokus Praha<\/td>\n<td>\u017e\u00e1dost o podporu na realizaci projektu &#8222;D\u016fm na p\u016fli cesty&#8220;<\/td>\n<td>85.000,- K\u010d<\/td>\n<td><b>30.000,- K\u010d<\/b><\/td>\n<\/tr>\n<tr>\n<td>13.D\u016fm t\u011blesn\u011b posti\u017een\u00fdch<\/td>\n<td>\u017e\u00e1dost o finan\u010dn\u00ed podporu na realizaci projektu &#8222;Civiln\u00ed pe\u010dovatelsk\u00e1 slu\u017eba&#8220;<\/td>\n<td>60.000,- K\u010d<\/td>\n<td><b>50.000,- K\u010d<\/b><\/td>\n<\/tr>\n<tr>\n<td>14.Pra\u017esk\u00e1 organizace voz\u00ed\u010dk\u00e1\u0159\u016f<\/td>\n<td>\u017e\u00e1dost o finan\u010dn\u00ed podporu na realizaci projektu &#8222;Osobn\u00ed asistence&#8220;<\/td>\n<td>23.944,- K\u010d<\/td>\n<td><b>12.000,- K\u010d<\/b><\/td>\n<\/tr>\n<\/tbody>\n<\/table>\n<p>Schv\u00e1leno Usnesen\u00edm Rady M\u010c Praha 14\u00a0\u010d. 235\/RM\u010c\/2003.<\/p>\n","protected":false},"excerpt":{"rendered":"<p>\u017eadatel Stru\u010dn\u00e1 charakteristika po\u017eadavek doporu\u010deno 1. Oblastn\u00ed spolek \u010cesk\u00fd \u010derven\u00fd k\u0159\u00ed\u017e \u017e\u00e1dost o finan\u010dn\u00ed podporu na realizaci projektu &#8222;D\u016fm soci\u00e1ln\u00edch slu\u017eeb&#8220; 200.000,- K\u010d 45.000,- K\u010d 2. Oblastn\u00ed spolek \u010cesk\u00fd \u010derven\u00fd k\u0159\u00ed\u017e \u017e\u00e1dost o finan\u010dn\u00ed podporu na realizaci projektu &#8222;Poskytov\u00e1n\u00ed zdravotn\u00ed o\u0161et\u0159ovatelsk\u00e9 p\u00e9\u010de klient\u016fm v dom\u00e1c\u00edm prost\u0159ed\u00ed&#8220; 20.000,- K\u010d 15.000,- K\u010d 3. Svaz t\u011blesn\u011b posti\u017een\u00fdch v&#8230;<\/p>\n","protected":false},"author":1,"featured_media":0,"parent":0,"menu_order":0,"comment_status":"closed","ping_status":"open","template":"","meta":{"_acf_changed":false,"footnotes":""},"class_list":["post-231","page","type-page","status-publish","hentry"],"acf":[],"yoast_head":"<!-- This site is optimized with the Yoast SEO plugin v27.2 - https:\/\/yoast.com\/product\/yoast-seo-wordpress\/ -->\n<title>Granty v oblasti soci\u00e1ln\u00ed p\u00e9\u010de a zdravotnictv\u00ed v roce 2003 - Samospr\u00e1va \u00daM\u010c Praha 14<\/title>\n<meta name=\"robots\" content=\"index, follow, max-snippet:-1, max-image-preview:large, max-video-preview:-1\" \/>\n<link rel=\"canonical\" href=\"https:\/\/www.praha14.cz\/samosprava\/granty-v-oblasti-socialni-pece-a-zdravotnictvi-v-roce-2003\/\" \/>\n<meta property=\"og:locale\" content=\"cs_CZ\" \/>\n<meta property=\"og:type\" content=\"article\" \/>\n<meta property=\"og:title\" content=\"Granty v oblasti soci\u00e1ln\u00ed p\u00e9\u010de a zdravotnictv\u00ed v roce 2003 - Samospr\u00e1va \u00daM\u010c Praha 14\" \/>\n<meta property=\"og:description\" content=\"\u017eadatel Stru\u010dn\u00e1 charakteristika po\u017eadavek doporu\u010deno 1. Oblastn\u00ed spolek \u010cesk\u00fd \u010derven\u00fd k\u0159\u00ed\u017e \u017e\u00e1dost o finan\u010dn\u00ed podporu na realizaci projektu &#8222;D\u016fm soci\u00e1ln\u00edch slu\u017eeb&#8220; 200.000,- K\u010d 45.000,- K\u010d 2. Oblastn\u00ed spolek \u010cesk\u00fd \u010derven\u00fd k\u0159\u00ed\u017e \u017e\u00e1dost o finan\u010dn\u00ed podporu na realizaci projektu &#8222;Poskytov\u00e1n\u00ed zdravotn\u00ed o\u0161et\u0159ovatelsk\u00e9 p\u00e9\u010de klient\u016fm v dom\u00e1c\u00edm prost\u0159ed\u00ed&#8220; 20.000,- K\u010d 15.000,- K\u010d 3. Svaz t\u011blesn\u011b posti\u017een\u00fdch v...\" \/>\n<meta property=\"og:url\" content=\"https:\/\/www.praha14.cz\/samosprava\/granty-v-oblasti-socialni-pece-a-zdravotnictvi-v-roce-2003\/\" \/>\n<meta property=\"og:site_name\" content=\"Samospr\u00e1va \u00daM\u010c Praha 14\" \/>\n<meta property=\"article:modified_time\" content=\"2023-01-30T08:00:19+00:00\" \/>\n<meta name=\"twitter:card\" content=\"summary_large_image\" \/>\n<meta name=\"twitter:label1\" content=\"Est. reading time\" \/>\n\t<meta name=\"twitter:data1\" content=\"2 minuty\" \/>\n<script type=\"application\/ld+json\" class=\"yoast-schema-graph\">{\"@context\":\"https:\/\/schema.org\",\"@graph\":[{\"@type\":\"WebPage\",\"@id\":\"https:\/\/www.praha14.cz\/samosprava\/granty-v-oblasti-socialni-pece-a-zdravotnictvi-v-roce-2003\/\",\"url\":\"https:\/\/www.praha14.cz\/samosprava\/granty-v-oblasti-socialni-pece-a-zdravotnictvi-v-roce-2003\/\",\"name\":\"Granty v oblasti soci\u00e1ln\u00ed p\u00e9\u010de a zdravotnictv\u00ed v roce 2003 - Samospr\u00e1va \u00daM\u010c Praha 14\",\"isPartOf\":{\"@id\":\"https:\/\/www.praha14.cz\/samosprava\/#website\"},\"datePublished\":\"2014-04-16T11:56:44+00:00\",\"dateModified\":\"2023-01-30T08:00:19+00:00\",\"breadcrumb\":{\"@id\":\"https:\/\/www.praha14.cz\/samosprava\/granty-v-oblasti-socialni-pece-a-zdravotnictvi-v-roce-2003\/#breadcrumb\"},\"inLanguage\":\"cs\",\"potentialAction\":[{\"@type\":\"ReadAction\",\"target\":[\"https:\/\/www.praha14.cz\/samosprava\/granty-v-oblasti-socialni-pece-a-zdravotnictvi-v-roce-2003\/\"]}]},{\"@type\":\"BreadcrumbList\",\"@id\":\"https:\/\/www.praha14.cz\/samosprava\/granty-v-oblasti-socialni-pece-a-zdravotnictvi-v-roce-2003\/#breadcrumb\",\"itemListElement\":[{\"@type\":\"ListItem\",\"position\":1,\"name\":\"Samospr\u00e1va \u00daM\u010c Praha 14\",\"item\":\"https:\/\/www.praha14.cz\/samosprava\/\"},{\"@type\":\"ListItem\",\"position\":2,\"name\":\"Granty v oblasti soci\u00e1ln\u00ed p\u00e9\u010de a zdravotnictv\u00ed v roce 2003\"}]},{\"@type\":\"WebSite\",\"@id\":\"https:\/\/www.praha14.cz\/samosprava\/#website\",\"url\":\"https:\/\/www.praha14.cz\/samosprava\/\",\"name\":\"Samospr\u00e1va \u00daM\u010c Praha 14\",\"description\":\"Ofici\u00e1ln\u00ed str\u00e1nky Samospr\u00e1vy \u00daM\u010c Praha 14\",\"potentialAction\":[{\"@type\":\"SearchAction\",\"target\":{\"@type\":\"EntryPoint\",\"urlTemplate\":\"https:\/\/www.praha14.cz\/samosprava\/?s={search_term_string}\"},\"query-input\":{\"@type\":\"PropertyValueSpecification\",\"valueRequired\":true,\"valueName\":\"search_term_string\"}}],\"inLanguage\":\"cs\"}]}<\/script>\n<!-- \/ Yoast SEO plugin. -->","yoast_head_json":{"title":"Granty v oblasti soci\u00e1ln\u00ed p\u00e9\u010de a zdravotnictv\u00ed v roce 2003 - Samospr\u00e1va \u00daM\u010c Praha 14","robots":{"index":"index","follow":"follow","max-snippet":"max-snippet:-1","max-image-preview":"max-image-preview:large","max-video-preview":"max-video-preview:-1"},"canonical":"https:\/\/www.praha14.cz\/samosprava\/granty-v-oblasti-socialni-pece-a-zdravotnictvi-v-roce-2003\/","og_locale":"cs_CZ","og_type":"article","og_title":"Granty v oblasti soci\u00e1ln\u00ed p\u00e9\u010de a zdravotnictv\u00ed v roce 2003 - Samospr\u00e1va \u00daM\u010c Praha 14","og_description":"\u017eadatel Stru\u010dn\u00e1 charakteristika po\u017eadavek doporu\u010deno 1. Oblastn\u00ed spolek \u010cesk\u00fd \u010derven\u00fd k\u0159\u00ed\u017e \u017e\u00e1dost o finan\u010dn\u00ed podporu na realizaci projektu &#8222;D\u016fm soci\u00e1ln\u00edch slu\u017eeb&#8220; 200.000,- K\u010d 45.000,- K\u010d 2. Oblastn\u00ed spolek \u010cesk\u00fd \u010derven\u00fd k\u0159\u00ed\u017e \u017e\u00e1dost o finan\u010dn\u00ed podporu na realizaci projektu &#8222;Poskytov\u00e1n\u00ed zdravotn\u00ed o\u0161et\u0159ovatelsk\u00e9 p\u00e9\u010de klient\u016fm v dom\u00e1c\u00edm prost\u0159ed\u00ed&#8220; 20.000,- K\u010d 15.000,- K\u010d 3. Svaz t\u011blesn\u011b posti\u017een\u00fdch v...","og_url":"https:\/\/www.praha14.cz\/samosprava\/granty-v-oblasti-socialni-pece-a-zdravotnictvi-v-roce-2003\/","og_site_name":"Samospr\u00e1va \u00daM\u010c Praha 14","article_modified_time":"2023-01-30T08:00:19+00:00","twitter_card":"summary_large_image","twitter_misc":{"Est. reading time":"2 minuty"},"schema":{"@context":"https:\/\/schema.org","@graph":[{"@type":"WebPage","@id":"https:\/\/www.praha14.cz\/samosprava\/granty-v-oblasti-socialni-pece-a-zdravotnictvi-v-roce-2003\/","url":"https:\/\/www.praha14.cz\/samosprava\/granty-v-oblasti-socialni-pece-a-zdravotnictvi-v-roce-2003\/","name":"Granty v oblasti soci\u00e1ln\u00ed p\u00e9\u010de a zdravotnictv\u00ed v roce 2003 - Samospr\u00e1va \u00daM\u010c Praha 14","isPartOf":{"@id":"https:\/\/www.praha14.cz\/samosprava\/#website"},"datePublished":"2014-04-16T11:56:44+00:00","dateModified":"2023-01-30T08:00:19+00:00","breadcrumb":{"@id":"https:\/\/www.praha14.cz\/samosprava\/granty-v-oblasti-socialni-pece-a-zdravotnictvi-v-roce-2003\/#breadcrumb"},"inLanguage":"cs","potentialAction":[{"@type":"ReadAction","target":["https:\/\/www.praha14.cz\/samosprava\/granty-v-oblasti-socialni-pece-a-zdravotnictvi-v-roce-2003\/"]}]},{"@type":"BreadcrumbList","@id":"https:\/\/www.praha14.cz\/samosprava\/granty-v-oblasti-socialni-pece-a-zdravotnictvi-v-roce-2003\/#breadcrumb","itemListElement":[{"@type":"ListItem","position":1,"name":"Samospr\u00e1va \u00daM\u010c Praha 14","item":"https:\/\/www.praha14.cz\/samosprava\/"},{"@type":"ListItem","position":2,"name":"Granty v oblasti soci\u00e1ln\u00ed p\u00e9\u010de a zdravotnictv\u00ed v roce 2003"}]},{"@type":"WebSite","@id":"https:\/\/www.praha14.cz\/samosprava\/#website","url":"https:\/\/www.praha14.cz\/samosprava\/","name":"Samospr\u00e1va \u00daM\u010c Praha 14","description":"Ofici\u00e1ln\u00ed str\u00e1nky Samospr\u00e1vy \u00daM\u010c Praha 14","potentialAction":[{"@type":"SearchAction","target":{"@type":"EntryPoint","urlTemplate":"https:\/\/www.praha14.cz\/samosprava\/?s={search_term_string}"},"query-input":{"@type":"PropertyValueSpecification","valueRequired":true,"valueName":"search_term_string"}}],"inLanguage":"cs"}]}},"_links":{"self":[{"href":"https:\/\/www.praha14.cz\/samosprava\/wp-json\/wp\/v2\/pages\/231","targetHints":{"allow":["GET"]}}],"collection":[{"href":"https:\/\/www.praha14.cz\/samosprava\/wp-json\/wp\/v2\/pages"}],"about":[{"href":"https:\/\/www.praha14.cz\/samosprava\/wp-json\/wp\/v2\/types\/page"}],"author":[{"embeddable":true,"href":"https:\/\/www.praha14.cz\/samosprava\/wp-json\/wp\/v2\/users\/1"}],"replies":[{"embeddable":true,"href":"https:\/\/www.praha14.cz\/samosprava\/wp-json\/wp\/v2\/comments?post=231"}],"version-history":[{"count":2,"href":"https:\/\/www.praha14.cz\/samosprava\/wp-json\/wp\/v2\/pages\/231\/revisions"}],"predecessor-version":[{"id":45499,"href":"https:\/\/www.praha14.cz\/samosprava\/wp-json\/wp\/v2\/pages\/231\/revisions\/45499"}],"wp:attachment":[{"href":"https:\/\/www.praha14.cz\/samosprava\/wp-json\/wp\/v2\/media?parent=231"}],"curies":[{"name":"wp","href":"https:\/\/api.w.org\/{rel}","templated":true}]}}