{"id":235,"date":"2014-04-16T12:58:21","date_gmt":"2014-04-16T11:58:21","guid":{"rendered":"\/samosprava\/?page_id=235"},"modified":"2023-01-30T09:00:58","modified_gmt":"2023-01-30T08:00:58","slug":"rozdeleni-grantu-vypsanych-mc-praha-14-v-1-kole","status":"publish","type":"page","link":"https:\/\/www.praha14.cz\/samosprava\/rozdeleni-grantu-vypsanych-mc-praha-14-v-1-kole\/","title":{"rendered":"Rozd\u011blen\u00ed grant\u016f vypsan\u00fdch M\u010c Praha 14 v roce 2001 v 1. kole"},"content":{"rendered":"<p>Zastupitelstvo m.\u010d na sv\u00e9m 14. zased\u00e1n\u00ed konan\u00e9m dne 26.4.2001 rozhodlo o p\u0159id\u011blen\u00ed grant\u016f z 1.kola takto:<\/p>\n<table>\n<tbody>\n<tr>\n<th colspan=\"3\">Oblast voln\u00e9ho \u010dasu d\u011bt\u00ed a ml\u00e1de\u017ee a oblast kultury<\/th>\n<\/tr>\n<tr>\n<td>RNDr. Ji\u0159\u00ed FIALA<\/td>\n<td>realizace projektu &#8222;Budoucnost zem\u011b je v ekologick\u00e9 v\u00fdchov\u011b d\u011bt\u00ed&#8220;<\/td>\n<td>4.000 K\u010d<\/td>\n<\/tr>\n<tr>\n<td>JUN\u00c1K, Svaz skaut\u016f a skautek \u010cR<\/td>\n<td>n\u00e1jem a provoz skautsk\u00e9 klubovny<\/td>\n<td>10.000 K\u010d<\/td>\n<\/tr>\n<tr>\n<td>Divadlo K\u00e1men, ob\u010dansk\u00e9 sdru\u017een\u00ed<\/td>\n<td>realizace dvou divadeln\u00edch p\u0159edstaven\u00ed Karkulka a M\u016fra<\/td>\n<td>12.000 K\u010d<\/td>\n<\/tr>\n<tr>\n<td>93.skupina PION\u00ddR<\/td>\n<td>akce v letn\u00edm obdob\u00ed 2001 &#8211; letn\u00ed t\u00e1bor, putovn\u00ed t\u00e1bor<\/td>\n<td>10.000 K\u010d<\/td>\n<\/tr>\n<tr>\n<td>93. Skupina PION\u00ddR<\/td>\n<td>akce v zimn\u00edm obdob\u00ed 2001\/2002<\/td>\n<td>6.000 K\u010d<\/td>\n<\/tr>\n<tr>\n<td>93. Skupina PION\u00ddR<\/td>\n<td>nutn\u00e9 dovybaven\u00ed pro \u010dinnost odd\u00edlu<\/td>\n<td>4.000 K\u010d<\/td>\n<\/tr>\n<tr>\n<td>JAHODA, Ob\u010dansk\u00e9 sdru\u017een\u00ed<\/td>\n<td>dva \u010dtrn\u00e1ctidenn\u00ed letn\u00ed t\u00e1bory pro d\u011bti ze soci\u00e1ln\u011b slab\u0161\u00edch rodin v Krkono\u0161\u00edch v roce 2001<\/td>\n<td>25.000 K\u010d<\/td>\n<\/tr>\n<tr>\n<td>JAHODA, Ob\u010dansk\u00e9 sdru\u017een\u00ed<\/td>\n<td>finan\u010dn\u00ed podpora klub\u016f Jahoda 2001<\/td>\n<td>30.000 K\u010d<\/td>\n<\/tr>\n<tr>\n<td>FOTOKLUB Hloub\u011bt\u00edn<\/td>\n<td>vytvo\u0159en\u00ed obrazov\u00e9 kroniky M\u011bstsk\u00e9 \u010d\u00e1sti Praha 14<\/td>\n<td>10.000 K\u010d<\/td>\n<\/tr>\n<tr>\n<td>Vlasta K\u0159\u00ed\u017ekov\u00e1<\/td>\n<td>divad\u00e9lko KRAB pro mate\u0159sk\u00e9 \u0161koly M\u011bstsk\u00e9 \u010d\u00e1sti Praha 14<\/td>\n<td>10.000 K\u010d<\/td>\n<\/tr>\n<tr>\n<td>Petr St\u0159\u00ed\u0161ka<\/td>\n<td>setk\u00e1n\u00ed d\u011btsk\u00fdch p\u011bveck\u00fdch sbor\u016f dne 28.11.2001<\/td>\n<td>5.000 K\u010d<\/td>\n<\/tr>\n<tr>\n<td>FC KING &#8211; fotbalov\u00fd odd\u00edl<\/td>\n<td>fotbalov\u00e9 kempy ml\u00e1de\u017ee v penzionu Sport v Plasech u Plzn\u011b<\/td>\n<td>15.000 K\u010d<\/td>\n<\/tr>\n<\/tbody>\n<\/table>\n<p>&nbsp;<\/p>\n<table>\n<tbody>\n<tr>\n<th colspan=\"3\">Oblast soci\u00e1ln\u00ed p\u00e9\u010de a zdravotnictv\u00ed<\/th>\n<\/tr>\n<tr>\n<td>Ob\u010dansk\u00e9 sdru\u017een\u00ed Hv\u011bzdi\u010dka<\/td>\n<td>Rekondi\u010dn\u00ed pobyt d\u011bt\u00ed s posti\u017een\u00edm a jejich rodin v zim\u011b<\/td>\n<td>30.000,- K\u010d<\/td>\n<\/tr>\n<tr>\n<td>Ob\u010dansk\u00e9 sdru\u017een\u00ed Hv\u011bzdi\u010dkaK\u010d<\/td>\n<td>Kon\u011b Toulc\u016fv dv\u016fr<\/td>\n<td>8.400,- K\u010d<\/td>\n<\/tr>\n<tr>\n<td>D\u016fm t\u011blesn\u011b posti\u017een\u00fdch<\/td>\n<td>Civiln\u00ed pe\u010dovatelsk\u00e1 slu\u017eba pro rok 2001<\/td>\n<td>50.000,- K\u010d<\/td>\n<\/tr>\n<tr>\n<td>Fokus Praha &#8211; sdru\u017een\u00ed pro p\u00e9\u010di o du\u0161evn\u011b nemocn\u00e9<\/td>\n<td>D\u016fm v p\u016fli cesty<\/td>\n<td>40.000,- K\u010d<\/td>\n<\/tr>\n<tr>\n<td>Ob\u010dansk\u00e9 sdru\u017een\u00ed Asistence<\/td>\n<td>&#8222;St\u0159edisko asistence&#8220; &#8211; slu\u017eby osobn\u00ed asistence pro zdravotn\u011b posti\u017een\u00e9<\/td>\n<td>30.000,- K\u010d<\/td>\n<\/tr>\n<\/tbody>\n<\/table>\n<p>&nbsp;<\/p>\n<table>\n<tbody>\n<tr>\n<th colspan=\"3\">Oblast sportu a t\u011blov\u00fdchovy<\/th>\n<\/tr>\n<tr>\n<td>TJ Sokol Jahodnice<\/td>\n<td>Rekonstrukce \u0161aten, povrch h\u0159i\u0161t\u011b<\/td>\n<td>45.000,-<\/td>\n<\/tr>\n<tr>\n<td>TJ Kyje<\/td>\n<td>\u00dadr\u017eba sportovi\u0161\u0165, kurt\u016f<\/td>\n<td>59.000,-<\/td>\n<\/tr>\n<tr>\n<td>FC King &#8211; fotbalov\u00fd odd\u00edl<\/td>\n<td>Fotbalov\u00fd turnaj pro d\u011bti<\/td>\n<td>20.000,-<\/td>\n<\/tr>\n<tr>\n<td>TJ Slavoj Tesla Hloub\u011bt\u00edn<\/td>\n<td>Pron\u00e1jem h\u0159i\u0161\u0165<\/td>\n<td>40.000,-<\/td>\n<\/tr>\n<tr>\n<td>Spectrum Praha &#8211; softball a baseball<\/td>\n<td>Materi\u00e1ln\u00ed zabezpe\u010den\u00ed d\u011bt\u00ed<\/td>\n<td>8.500,-<\/td>\n<\/tr>\n<tr>\n<td>Spectrum Praha &#8211; softball a baseball<\/td>\n<td>Materi\u00e1ln\u00ed zabezpe\u010den\u00ed h\u0159i\u0161t\u011b<\/td>\n<td>15.000,-<\/td>\n<\/tr>\n<tr>\n<td>SK Neptun &#8211; v\u00fduka plav\u00e1n\u00ed a synchornizovan\u00e9ho plav\u00e1n\u00ed<\/td>\n<td>Pron\u00e1jem baz\u00e9nu<\/td>\n<td>20.000,-<\/td>\n<\/tr>\n<tr>\n<td>FC King &#8211; fotbalov\u00fd odd\u00edl<\/td>\n<td>Halov\u00e1 liga o poh\u00e1r starosty M\u010c Praha 14<\/td>\n<td>10.000,-<\/td>\n<\/tr>\n<\/tbody>\n<\/table>\n","protected":false},"excerpt":{"rendered":"<p>Zastupitelstvo m.\u010d na sv\u00e9m 14. zased\u00e1n\u00ed konan\u00e9m dne 26.4.2001 rozhodlo o p\u0159id\u011blen\u00ed grant\u016f z 1.kola takto: Oblast voln\u00e9ho \u010dasu d\u011bt\u00ed a ml\u00e1de\u017ee a oblast kultury RNDr. Ji\u0159\u00ed FIALA realizace projektu &#8222;Budoucnost zem\u011b je v ekologick\u00e9 v\u00fdchov\u011b d\u011bt\u00ed&#8220; 4.000 K\u010d JUN\u00c1K, Svaz skaut\u016f a skautek \u010cR n\u00e1jem a provoz skautsk\u00e9 klubovny 10.000 K\u010d Divadlo K\u00e1men, ob\u010dansk\u00e9&#8230;<\/p>\n","protected":false},"author":1,"featured_media":0,"parent":0,"menu_order":0,"comment_status":"closed","ping_status":"open","template":"","meta":{"_acf_changed":false,"footnotes":""},"class_list":["post-235","page","type-page","status-publish","hentry"],"acf":[],"yoast_head":"<!-- This site is optimized with the Yoast SEO plugin v27.2 - https:\/\/yoast.com\/product\/yoast-seo-wordpress\/ -->\n<title>Rozd\u011blen\u00ed grant\u016f vypsan\u00fdch M\u010c Praha 14 v roce 2001 v 1. kole - Samospr\u00e1va \u00daM\u010c Praha 14<\/title>\n<meta name=\"robots\" content=\"index, follow, max-snippet:-1, max-image-preview:large, max-video-preview:-1\" \/>\n<link rel=\"canonical\" href=\"https:\/\/www.praha14.cz\/samosprava\/rozdeleni-grantu-vypsanych-mc-praha-14-v-1-kole\/\" \/>\n<meta property=\"og:locale\" content=\"cs_CZ\" \/>\n<meta property=\"og:type\" content=\"article\" \/>\n<meta property=\"og:title\" content=\"Rozd\u011blen\u00ed grant\u016f vypsan\u00fdch M\u010c Praha 14 v roce 2001 v 1. kole - Samospr\u00e1va \u00daM\u010c Praha 14\" \/>\n<meta property=\"og:description\" content=\"Zastupitelstvo m.\u010d na sv\u00e9m 14. zased\u00e1n\u00ed konan\u00e9m dne 26.4.2001 rozhodlo o p\u0159id\u011blen\u00ed grant\u016f z 1.kola takto: Oblast voln\u00e9ho \u010dasu d\u011bt\u00ed a ml\u00e1de\u017ee a oblast kultury RNDr. Ji\u0159\u00ed FIALA realizace projektu &#8222;Budoucnost zem\u011b je v ekologick\u00e9 v\u00fdchov\u011b d\u011bt\u00ed&#8220; 4.000 K\u010d JUN\u00c1K, Svaz skaut\u016f a skautek \u010cR n\u00e1jem a provoz skautsk\u00e9 klubovny 10.000 K\u010d Divadlo K\u00e1men, ob\u010dansk\u00e9...\" \/>\n<meta property=\"og:url\" content=\"https:\/\/www.praha14.cz\/samosprava\/rozdeleni-grantu-vypsanych-mc-praha-14-v-1-kole\/\" \/>\n<meta property=\"og:site_name\" content=\"Samospr\u00e1va \u00daM\u010c Praha 14\" \/>\n<meta property=\"article:modified_time\" content=\"2023-01-30T08:00:58+00:00\" \/>\n<meta name=\"twitter:card\" content=\"summary_large_image\" \/>\n<meta name=\"twitter:label1\" content=\"Est. reading time\" \/>\n\t<meta name=\"twitter:data1\" content=\"2 minuty\" \/>\n<script type=\"application\/ld+json\" class=\"yoast-schema-graph\">{\"@context\":\"https:\/\/schema.org\",\"@graph\":[{\"@type\":\"WebPage\",\"@id\":\"https:\/\/www.praha14.cz\/samosprava\/rozdeleni-grantu-vypsanych-mc-praha-14-v-1-kole\/\",\"url\":\"https:\/\/www.praha14.cz\/samosprava\/rozdeleni-grantu-vypsanych-mc-praha-14-v-1-kole\/\",\"name\":\"Rozd\u011blen\u00ed grant\u016f vypsan\u00fdch M\u010c Praha 14 v roce 2001 v 1. kole - Samospr\u00e1va \u00daM\u010c Praha 14\",\"isPartOf\":{\"@id\":\"https:\/\/www.praha14.cz\/samosprava\/#website\"},\"datePublished\":\"2014-04-16T11:58:21+00:00\",\"dateModified\":\"2023-01-30T08:00:58+00:00\",\"breadcrumb\":{\"@id\":\"https:\/\/www.praha14.cz\/samosprava\/rozdeleni-grantu-vypsanych-mc-praha-14-v-1-kole\/#breadcrumb\"},\"inLanguage\":\"cs\",\"potentialAction\":[{\"@type\":\"ReadAction\",\"target\":[\"https:\/\/www.praha14.cz\/samosprava\/rozdeleni-grantu-vypsanych-mc-praha-14-v-1-kole\/\"]}]},{\"@type\":\"BreadcrumbList\",\"@id\":\"https:\/\/www.praha14.cz\/samosprava\/rozdeleni-grantu-vypsanych-mc-praha-14-v-1-kole\/#breadcrumb\",\"itemListElement\":[{\"@type\":\"ListItem\",\"position\":1,\"name\":\"Samospr\u00e1va \u00daM\u010c Praha 14\",\"item\":\"https:\/\/www.praha14.cz\/samosprava\/\"},{\"@type\":\"ListItem\",\"position\":2,\"name\":\"Rozd\u011blen\u00ed grant\u016f vypsan\u00fdch M\u010c Praha 14 v roce 2001 v 1. kole\"}]},{\"@type\":\"WebSite\",\"@id\":\"https:\/\/www.praha14.cz\/samosprava\/#website\",\"url\":\"https:\/\/www.praha14.cz\/samosprava\/\",\"name\":\"Samospr\u00e1va \u00daM\u010c Praha 14\",\"description\":\"Ofici\u00e1ln\u00ed str\u00e1nky Samospr\u00e1vy \u00daM\u010c Praha 14\",\"potentialAction\":[{\"@type\":\"SearchAction\",\"target\":{\"@type\":\"EntryPoint\",\"urlTemplate\":\"https:\/\/www.praha14.cz\/samosprava\/?s={search_term_string}\"},\"query-input\":{\"@type\":\"PropertyValueSpecification\",\"valueRequired\":true,\"valueName\":\"search_term_string\"}}],\"inLanguage\":\"cs\"}]}<\/script>\n<!-- \/ Yoast SEO plugin. -->","yoast_head_json":{"title":"Rozd\u011blen\u00ed grant\u016f vypsan\u00fdch M\u010c Praha 14 v roce 2001 v 1. kole - Samospr\u00e1va \u00daM\u010c Praha 14","robots":{"index":"index","follow":"follow","max-snippet":"max-snippet:-1","max-image-preview":"max-image-preview:large","max-video-preview":"max-video-preview:-1"},"canonical":"https:\/\/www.praha14.cz\/samosprava\/rozdeleni-grantu-vypsanych-mc-praha-14-v-1-kole\/","og_locale":"cs_CZ","og_type":"article","og_title":"Rozd\u011blen\u00ed grant\u016f vypsan\u00fdch M\u010c Praha 14 v roce 2001 v 1. kole - Samospr\u00e1va \u00daM\u010c Praha 14","og_description":"Zastupitelstvo m.\u010d na sv\u00e9m 14. zased\u00e1n\u00ed konan\u00e9m dne 26.4.2001 rozhodlo o p\u0159id\u011blen\u00ed grant\u016f z 1.kola takto: Oblast voln\u00e9ho \u010dasu d\u011bt\u00ed a ml\u00e1de\u017ee a oblast kultury RNDr. Ji\u0159\u00ed FIALA realizace projektu &#8222;Budoucnost zem\u011b je v ekologick\u00e9 v\u00fdchov\u011b d\u011bt\u00ed&#8220; 4.000 K\u010d JUN\u00c1K, Svaz skaut\u016f a skautek \u010cR n\u00e1jem a provoz skautsk\u00e9 klubovny 10.000 K\u010d Divadlo K\u00e1men, ob\u010dansk\u00e9...","og_url":"https:\/\/www.praha14.cz\/samosprava\/rozdeleni-grantu-vypsanych-mc-praha-14-v-1-kole\/","og_site_name":"Samospr\u00e1va \u00daM\u010c Praha 14","article_modified_time":"2023-01-30T08:00:58+00:00","twitter_card":"summary_large_image","twitter_misc":{"Est. reading time":"2 minuty"},"schema":{"@context":"https:\/\/schema.org","@graph":[{"@type":"WebPage","@id":"https:\/\/www.praha14.cz\/samosprava\/rozdeleni-grantu-vypsanych-mc-praha-14-v-1-kole\/","url":"https:\/\/www.praha14.cz\/samosprava\/rozdeleni-grantu-vypsanych-mc-praha-14-v-1-kole\/","name":"Rozd\u011blen\u00ed grant\u016f vypsan\u00fdch M\u010c Praha 14 v roce 2001 v 1. kole - Samospr\u00e1va \u00daM\u010c Praha 14","isPartOf":{"@id":"https:\/\/www.praha14.cz\/samosprava\/#website"},"datePublished":"2014-04-16T11:58:21+00:00","dateModified":"2023-01-30T08:00:58+00:00","breadcrumb":{"@id":"https:\/\/www.praha14.cz\/samosprava\/rozdeleni-grantu-vypsanych-mc-praha-14-v-1-kole\/#breadcrumb"},"inLanguage":"cs","potentialAction":[{"@type":"ReadAction","target":["https:\/\/www.praha14.cz\/samosprava\/rozdeleni-grantu-vypsanych-mc-praha-14-v-1-kole\/"]}]},{"@type":"BreadcrumbList","@id":"https:\/\/www.praha14.cz\/samosprava\/rozdeleni-grantu-vypsanych-mc-praha-14-v-1-kole\/#breadcrumb","itemListElement":[{"@type":"ListItem","position":1,"name":"Samospr\u00e1va \u00daM\u010c Praha 14","item":"https:\/\/www.praha14.cz\/samosprava\/"},{"@type":"ListItem","position":2,"name":"Rozd\u011blen\u00ed grant\u016f vypsan\u00fdch M\u010c Praha 14 v roce 2001 v 1. kole"}]},{"@type":"WebSite","@id":"https:\/\/www.praha14.cz\/samosprava\/#website","url":"https:\/\/www.praha14.cz\/samosprava\/","name":"Samospr\u00e1va \u00daM\u010c Praha 14","description":"Ofici\u00e1ln\u00ed str\u00e1nky Samospr\u00e1vy \u00daM\u010c Praha 14","potentialAction":[{"@type":"SearchAction","target":{"@type":"EntryPoint","urlTemplate":"https:\/\/www.praha14.cz\/samosprava\/?s={search_term_string}"},"query-input":{"@type":"PropertyValueSpecification","valueRequired":true,"valueName":"search_term_string"}}],"inLanguage":"cs"}]}},"_links":{"self":[{"href":"https:\/\/www.praha14.cz\/samosprava\/wp-json\/wp\/v2\/pages\/235","targetHints":{"allow":["GET"]}}],"collection":[{"href":"https:\/\/www.praha14.cz\/samosprava\/wp-json\/wp\/v2\/pages"}],"about":[{"href":"https:\/\/www.praha14.cz\/samosprava\/wp-json\/wp\/v2\/types\/page"}],"author":[{"embeddable":true,"href":"https:\/\/www.praha14.cz\/samosprava\/wp-json\/wp\/v2\/users\/1"}],"replies":[{"embeddable":true,"href":"https:\/\/www.praha14.cz\/samosprava\/wp-json\/wp\/v2\/comments?post=235"}],"version-history":[{"count":1,"href":"https:\/\/www.praha14.cz\/samosprava\/wp-json\/wp\/v2\/pages\/235\/revisions"}],"predecessor-version":[{"id":45501,"href":"https:\/\/www.praha14.cz\/samosprava\/wp-json\/wp\/v2\/pages\/235\/revisions\/45501"}],"wp:attachment":[{"href":"https:\/\/www.praha14.cz\/samosprava\/wp-json\/wp\/v2\/media?parent=235"}],"curies":[{"name":"wp","href":"https:\/\/api.w.org\/{rel}","templated":true}]}}