{"id":237,"date":"2014-04-16T12:59:02","date_gmt":"2014-04-16T11:59:02","guid":{"rendered":"\/samosprava\/?page_id=237"},"modified":"2023-01-30T09:01:22","modified_gmt":"2023-01-30T08:01:22","slug":"rozdeleni-grantu-vypsanych-mc-praha-14-v-2-kole","status":"publish","type":"page","link":"https:\/\/www.praha14.cz\/samosprava\/rozdeleni-grantu-vypsanych-mc-praha-14-v-2-kole\/","title":{"rendered":"Rozd\u011blen\u00ed grant\u016f vypsan\u00fdch M\u010c Praha 14 v roce 2001 v 2. kole"},"content":{"rendered":"<p>Zastupitelstvo m.\u010d. na sv\u00e9m 15. zased\u00e1n\u00ed konan\u00e9m dne 28.6.2001 rohodlo o p\u0159id\u011blen\u00ed grant\u016f z 2.kola takto:<\/p>\n<table>\n<tbody>\n<tr>\n<th colspan=\"3\">Oblast voln\u00e9ho \u010dasu d\u011bt\u00ed a ml\u00e1de\u017ee a oblast kultury<\/th>\n<\/tr>\n<tr>\n<td>Ob\u010dansk\u00e9 sdru\u017een\u00ed p\u0159i Z\u0160<\/td>\n<td>\u017e\u00e1dost o p\u0159\u00edsp\u011bvek na Kluby otev\u0159en\u00fdch dve\u0159\u00ed pro d\u011bti a ml\u00e1de\u017e<\/td>\n<td>15 400 K\u010d<\/td>\n<\/tr>\n<tr>\n<td>K\u0159es\u0165ansk\u00e9 spole\u010denstv\u00ed<\/td>\n<td>\u017e\u00e1dost o p\u0159\u00edsp\u011bvek na klub d\u011bt\u00ed a maminek He\u0159m\u00e1nek &#8211; roz\u0161\u00ed\u0159en\u00ed o jazykov\u00e9, v\u00fdtvarn\u00e9 a hudebn\u00ed kluby<\/td>\n<td>15 000 K\u010d<\/td>\n<\/tr>\n<tr>\n<td>FC King &#8211; fotbalov\u00fd odd\u00edl<\/td>\n<td>\u017e\u00e1dost o p\u0159\u00edsp\u011bvek na v\u00fddaje spojen\u00e9 s organizac\u00ed mezi\u0161koln\u00edho Svatov\u00e1clavsk\u00e9ho turnaje pro neorganizovan\u00e9 d\u011bti a ml\u00e1de\u017e + MC Donald\u00b4 s Cup Prahy<\/td>\n<td>10 000 K\u010d<\/td>\n<\/tr>\n<tr>\n<td>FC King &#8211; fotbalov\u00fd odd\u00edl<\/td>\n<td>\u017e\u00e1dost o p\u0159\u00edsp\u011bvek na akce ve voln\u00e9m \u010dase v zimn\u00edm obdob\u00ed 2001\/2002<\/td>\n<td>10 000 K\u010d<\/td>\n<\/tr>\n<tr>\n<td>YMCA Praha &#8211; Klub maminek &#8222;Klub\u00ed\u010dko&#8220;<\/td>\n<td>\u017e\u00e1dost o p\u0159\u00edsp\u011bvek na \u010dinnost krou\u017eku s turistick\u00fdm zam\u011b\u0159en\u00edm &#8222;Vydra&#8220; &#8211; n\u00e1kup lan a sportovn\u00edho n\u00e1\u0159ad\u00ed<\/td>\n<td>5 800 K\u010d<\/td>\n<\/tr>\n<tr>\n<td>YMCA Praha &#8211; Klub maminek &#8222;Klub\u00ed\u010dko&#8220;<\/td>\n<td>\u017e\u00e1dost o p\u0159\u00edsp\u011bvek na provozn\u00ed n\u00e1klady klubu maminek &#8211; n\u00e1jem, technick\u00e9 vybaven\u00ed<\/td>\n<td>23 000 K\u010d<\/td>\n<\/tr>\n<tr>\n<td>YMCA Praha &#8211; Klub maminek &#8222;Klub\u00ed\u010dko<\/td>\n<td>\u017e\u00e1dost o p\u0159\u00edsp\u011bvek na provoz heren Klub\u00ed\u010dka &#8211; n\u00e1kup v\u00fdtvarn\u00fdch pot\u0159eb, odm\u011bny a ceny pro sout\u011b\u017ee, dovybaven\u00ed orfov\u00fdmi n\u00e1stroji<\/td>\n<td>4 300 K\u010d<\/td>\n<\/tr>\n<tr>\n<td>YMCA Praha &#8211; Klub maminek &#8222;Klub\u00ed\u010dko&#8220; &#8211; \u0161koli\u010dka Ber\u00e1nek<\/td>\n<td>\u017e\u00e1dost o p\u0159\u00edsp\u011bvek na provoz \u0161koli\u010dky Ber\u00e1nek<\/td>\n<td>10 000 K\u010d<\/td>\n<\/tr>\n<tr>\n<td>YMCA Praha &#8211; Klub maminek &#8222;Klub\u00ed\u010dko&#8220; &#8211; \u0161koli\u010dka<\/td>\n<td>\u017e\u00e1dost o p\u0159\u00edsp\u011bvek na t\u00fddenn\u00ed pobyt na hor\u00e1ch s rodinami &#8211; Rokytnice nad Jizerou leden-\u00fanor 2002<\/td>\n<td>7 500 K\u010d<\/td>\n<\/tr>\n<tr>\n<td>YMCA Praha &#8211; Klub maminek &#8222;Klub\u00ed\u010dko&#8220; &#8211; \u0161koli\u010dka<\/td>\n<td>\u017e\u00e1dost o p\u0159\u00edsp\u011bvek na Dny tvo\u0159ivosti, kter\u00e9 se budou konat na podzim 2001<\/td>\n<td>30 000 K\u010d<\/td>\n<\/tr>\n<tr>\n<td>TJ \u010cKD Kompresory &#8211; basketbalov\u00fd klub<\/td>\n<td>\u017e\u00e1dost o p\u0159\u00edsp\u011bvek na letn\u00ed soust\u0159ed\u011bn\u00ed d\u00edvek v basketbalu &#8211; pron\u00e1jem t\u011bl. za\u0159\u00edzen\u00ed, ubytov\u00e1n\u00ed, doprava, organiza\u010dn\u00ed n\u00e1klady<\/td>\n<td>10 000 K\u010d<\/td>\n<\/tr>\n<tr>\n<td>Ob\u010dansk\u00e1 inspirace<\/td>\n<td>\u017e\u00e1dost o p\u0159\u00edsp\u011bvek na volno\u010dasov\u00e9 aktivity pro s\u00eddli\u0161tn\u00ed d\u011bti &#8211; dovybaven\u00ed prostor<\/td>\n<td>20 000 K\u010d<\/td>\n<\/tr>\n<tr>\n<td>HISTORY s.r.o.<\/td>\n<td>\u017e\u00e1dost o p\u0159\u00edsp\u011bvek na &#8222;Program pouli\u010dn\u00edch divadel a koncert\u016f&#8220;<\/td>\n<td>20 000 K\u010d<\/td>\n<\/tr>\n<tr>\n<td>HISTORY s.r.o.<\/td>\n<td>\u017e\u00e1dost o p\u0159\u00edsp\u011bvek na akci &#8222;Svatov\u00e1clavsk\u00e1 pou\u0165&#8220;<\/td>\n<td>15 000 K\u010d<\/td>\n<\/tr>\n<tr>\n<td>MANALI<\/td>\n<td>\u017e\u00e1dost o p\u0159\u00edsp\u011bvek na ve\u0159ejn\u00e9 filmov\u00e9 projekce pod \u0161ir\u00fdm nebem<\/td>\n<td>4 000 K\u010d<\/td>\n<\/tr>\n<tr>\n<td>Klub orienta\u010dn\u00edho b\u011bhu TRETRA Praha<\/td>\n<td>\u017e\u00e1dost o p\u0159\u00edsp\u011bvek na letn\u00ed soust\u0159ed\u011bn\u00ed d\u011bt\u00ed &#8211; ubytov\u00e1n\u00ed, doprava, materi\u00e1l<\/td>\n<td>9 000 K\u010d<\/td>\n<\/tr>\n<tr>\n<td><b>Celkem\u00a0<\/b><\/td>\n<td><\/td>\n<td>209 000 K\u010d<\/td>\n<\/tr>\n<\/tbody>\n<\/table>\n<p>&nbsp;<\/p>\n<table>\n<tbody>\n<tr>\n<th colspan=\"3\">Oblast soci\u00e1ln\u00ed p\u00e9\u010de a zdravotnictv\u00ed<\/th>\n<\/tr>\n<tr>\n<td>PROTEBE, humanit\u00e1rn\u00ed sdru\u017een\u00ed<\/td>\n<td>Integra\u010dn\u00ed programy pro ob\u010dany se zdravotn\u00edm posti\u017een\u00edma ob\u010dany v\u00a0krizov\u00fdch \u017eivotn\u00edch situac\u00edch<\/td>\n<td>15.000,- K\u010d<\/td>\n<\/tr>\n<tr>\n<td>INSTITUT FILIA, ob\u010dansk\u00e9 sdru\u017een\u00ed<\/td>\n<td>Zdrav\u00fd zp\u016fsob \u017eivota a\u00a0prevence z\u00e1vislost\u00ed v\u00a0mate\u0159sk\u00fdch \u0161kol\u00e1ch<\/td>\n<td>10.000,- K\u010d<\/td>\n<\/tr>\n<tr>\n<td>Sjednocen\u00e1 organizace nevidom\u00fdch a slabozrak\u00fdch (SONS) \u010cesk\u00e9 republiky<\/td>\n<td>\n<ol>\n<li>Rekondi\u010dn\u00ed pozn\u00e1vac\u00ed pobyt<\/li>\n<li>Rehabilitace, Severoz\u00e1padn\u00ed \u010cechy, \u0160umava<\/li>\n<\/ol>\n<\/td>\n<td>14.000,- K\u010d<\/td>\n<\/tr>\n<tr>\n<td>Svaz t\u011blesn\u011b posti\u017een\u00fdch, obvodn\u00ed v\u00fdbor pro Prahu 9 a 14<\/td>\n<td>Rekondi\u010dn\u00ed pobyt pro t\u011blesn\u011b posti\u017een\u00e9 ob\u010dany<\/td>\n<td>15.000,- K\u010d<\/td>\n<\/tr>\n<tr>\n<td>Sdru\u017een\u00ed na pomoc d\u011btem s\u00a0handicapy<\/td>\n<td>Rekondi\u010dn\u00ed pobyt pro d\u011bti s\u00a0handicapy<\/td>\n<td>13.000,- K\u010d<\/td>\n<\/tr>\n<tr>\n<td>Sdru\u017een\u00ed na pomoc d\u011btem s\u00a0handicapy<\/td>\n<td>Zaji\u0161t\u011bn\u00ed \u010dinnosti Sdru\u017een\u00ed na pomoc d\u011btem s\u00a0handicapy<\/td>\n<td>20.000,- K\u010d<\/td>\n<\/tr>\n<tr>\n<td>Sdru\u017een\u00ed zdravotn\u011b posti\u017een\u00fdch v\u00a0\u010cR &#8211; Centrum slu\u017eeb pro zdravotn\u011b posti\u017een\u00e9<\/td>\n<td>Klub pro zdravotn\u011b posti\u017een\u00e9 seniory -komunitn\u00ed \u010dinnost<\/td>\n<td>7.600,- K\u010d<\/td>\n<\/tr>\n<tr>\n<td>Sdru\u017een\u00ed zdravotn\u011b posti\u017een\u00fdch v\u00a0\u010cR &#8211; Centrum slu\u017eeb pro zdravotn\u011b posti\u017een\u00e9<\/td>\n<td>Osobn\u00ed asistence pro seniory a zdravotn\u011b posti\u017een\u00e9<\/td>\n<td>12.000,- K\u010d<\/td>\n<\/tr>\n<tr>\n<td>HOST &#8211; hnut\u00ed ob\u010dansk\u00e9 solidarity a tolerance<\/td>\n<td>Ter\u00e9nn\u00ed pr\u00e1ce s\u00a0romsk\u00fdmi u\u017eivateli drog v\u00a0Praze &#8211; pr\u016fzkum ter\u00e9nu na \u00fazem\u00ed M\u010c Praha 14<\/td>\n<td>30.000,- K\u010d<\/td>\n<\/tr>\n<tr>\n<td>Fit studio D<\/td>\n<td>Cvi\u010den\u00edm proti drog\u00e1m<\/td>\n<td>5.000,- K\u010d<\/td>\n<\/tr>\n<tr>\n<td><b>Celkem<\/b><\/td>\n<td><\/td>\n<td>141.600,- K\u010d<\/td>\n<\/tr>\n<\/tbody>\n<\/table>\n<p>&nbsp;<\/p>\n<table>\n<tbody>\n<tr>\n<th colspan=\"3\">Oblast sportu a t\u011blov\u00fdchovy<\/th>\n<\/tr>\n<tr>\n<td>TJ Sokol Hloub\u011bt\u00edn<\/td>\n<td>Pron\u00e1jem t\u011blocvi\u010dny<\/td>\n<td>20.000,-<\/td>\n<\/tr>\n<tr>\n<td>FC King<\/td>\n<td>Venkovn\u00ed turnaj o poh\u00e1r starosty m.\u010d. Praha 14 ve fotbale<\/td>\n<td>10.000,-<\/td>\n<\/tr>\n<tr>\n<td>Basket Slovanka<\/td>\n<td>Pron\u00e1jem sportovn\u00ed haly, n\u00e1klady na zahrani\u010dn\u00ed turnaje<\/td>\n<td>32.100,-<\/td>\n<\/tr>\n<tr>\n<td>TJ Slavoj Hloub\u011bt\u00edn<\/td>\n<td>Pron\u00e1jem t\u011blocvi\u010dny,<br \/>\nv\u00fdcvikov\u00fd t\u00e1bor, v\u00fduka tenisu d\u011bt\u00ed<\/td>\n<td>20.000,-<\/td>\n<\/tr>\n<tr>\n<td>TJ Kyje<\/td>\n<td>Zakoupen\u00ed 3 ks. \u017e\u00edn\u011bnek, v\u00fdcvikov\u00e9 t\u00e1bory, zkvalitn\u011bn\u00ed povrchu h\u0159i\u0161t\u011b<\/td>\n<td>10.000,-<\/td>\n<\/tr>\n<tr>\n<td>\u010cKD Kompresory<\/td>\n<td>Pron\u00e1jem t\u011blocvi\u010dny<\/td>\n<td>20.000,-<\/td>\n<\/tr>\n<tr>\n<td>OB Tretra Praha<\/td>\n<td>Doprava d\u011bt\u00ed na z\u00e1vody v\u00a0orient. b\u011bhu<\/td>\n<td>10.400,-<\/td>\n<\/tr>\n<tr>\n<td>Fit studio D<\/td>\n<td>Sout\u011b\u017ee v aerobiku<\/td>\n<td>10.000,-<\/td>\n<\/tr>\n<tr>\n<td><b>Celkem<\/b><\/td>\n<td><\/td>\n<td>132.500,-<\/td>\n<\/tr>\n<\/tbody>\n<\/table>\n","protected":false},"excerpt":{"rendered":"<p>Zastupitelstvo m.\u010d. na sv\u00e9m 15. zased\u00e1n\u00ed konan\u00e9m dne 28.6.2001 rohodlo o p\u0159id\u011blen\u00ed grant\u016f z 2.kola takto: Oblast voln\u00e9ho \u010dasu d\u011bt\u00ed a ml\u00e1de\u017ee a oblast kultury Ob\u010dansk\u00e9 sdru\u017een\u00ed p\u0159i Z\u0160 \u017e\u00e1dost o p\u0159\u00edsp\u011bvek na Kluby otev\u0159en\u00fdch dve\u0159\u00ed pro d\u011bti a ml\u00e1de\u017e 15 400 K\u010d K\u0159es\u0165ansk\u00e9 spole\u010denstv\u00ed \u017e\u00e1dost o p\u0159\u00edsp\u011bvek na klub d\u011bt\u00ed a maminek He\u0159m\u00e1nek &#8211;&#8230;<\/p>\n","protected":false},"author":1,"featured_media":0,"parent":0,"menu_order":0,"comment_status":"closed","ping_status":"open","template":"","meta":{"_acf_changed":false,"footnotes":""},"class_list":["post-237","page","type-page","status-publish","hentry"],"acf":[],"yoast_head":"<!-- This site is optimized with the Yoast SEO plugin v27.2 - https:\/\/yoast.com\/product\/yoast-seo-wordpress\/ -->\n<title>Rozd\u011blen\u00ed grant\u016f vypsan\u00fdch M\u010c Praha 14 v roce 2001 v 2. kole - Samospr\u00e1va \u00daM\u010c Praha 14<\/title>\n<meta name=\"robots\" content=\"index, follow, max-snippet:-1, max-image-preview:large, max-video-preview:-1\" \/>\n<link rel=\"canonical\" href=\"https:\/\/www.praha14.cz\/samosprava\/rozdeleni-grantu-vypsanych-mc-praha-14-v-2-kole\/\" \/>\n<meta property=\"og:locale\" content=\"cs_CZ\" \/>\n<meta property=\"og:type\" content=\"article\" \/>\n<meta property=\"og:title\" content=\"Rozd\u011blen\u00ed grant\u016f vypsan\u00fdch M\u010c Praha 14 v roce 2001 v 2. kole - Samospr\u00e1va \u00daM\u010c Praha 14\" \/>\n<meta property=\"og:description\" content=\"Zastupitelstvo m.\u010d. na sv\u00e9m 15. zased\u00e1n\u00ed konan\u00e9m dne 28.6.2001 rohodlo o p\u0159id\u011blen\u00ed grant\u016f z 2.kola takto: Oblast voln\u00e9ho \u010dasu d\u011bt\u00ed a ml\u00e1de\u017ee a oblast kultury Ob\u010dansk\u00e9 sdru\u017een\u00ed p\u0159i Z\u0160 \u017e\u00e1dost o p\u0159\u00edsp\u011bvek na Kluby otev\u0159en\u00fdch dve\u0159\u00ed pro d\u011bti a ml\u00e1de\u017e 15 400 K\u010d K\u0159es\u0165ansk\u00e9 spole\u010denstv\u00ed \u017e\u00e1dost o p\u0159\u00edsp\u011bvek na klub d\u011bt\u00ed a maminek He\u0159m\u00e1nek &#8211;...\" \/>\n<meta property=\"og:url\" content=\"https:\/\/www.praha14.cz\/samosprava\/rozdeleni-grantu-vypsanych-mc-praha-14-v-2-kole\/\" \/>\n<meta property=\"og:site_name\" content=\"Samospr\u00e1va \u00daM\u010c Praha 14\" \/>\n<meta property=\"article:modified_time\" content=\"2023-01-30T08:01:22+00:00\" \/>\n<meta name=\"twitter:card\" content=\"summary_large_image\" \/>\n<meta name=\"twitter:label1\" content=\"Est. reading time\" \/>\n\t<meta name=\"twitter:data1\" content=\"4 minuty\" \/>\n<script type=\"application\/ld+json\" class=\"yoast-schema-graph\">{\"@context\":\"https:\/\/schema.org\",\"@graph\":[{\"@type\":\"WebPage\",\"@id\":\"https:\/\/www.praha14.cz\/samosprava\/rozdeleni-grantu-vypsanych-mc-praha-14-v-2-kole\/\",\"url\":\"https:\/\/www.praha14.cz\/samosprava\/rozdeleni-grantu-vypsanych-mc-praha-14-v-2-kole\/\",\"name\":\"Rozd\u011blen\u00ed grant\u016f vypsan\u00fdch M\u010c Praha 14 v roce 2001 v 2. kole - Samospr\u00e1va \u00daM\u010c Praha 14\",\"isPartOf\":{\"@id\":\"https:\/\/www.praha14.cz\/samosprava\/#website\"},\"datePublished\":\"2014-04-16T11:59:02+00:00\",\"dateModified\":\"2023-01-30T08:01:22+00:00\",\"breadcrumb\":{\"@id\":\"https:\/\/www.praha14.cz\/samosprava\/rozdeleni-grantu-vypsanych-mc-praha-14-v-2-kole\/#breadcrumb\"},\"inLanguage\":\"cs\",\"potentialAction\":[{\"@type\":\"ReadAction\",\"target\":[\"https:\/\/www.praha14.cz\/samosprava\/rozdeleni-grantu-vypsanych-mc-praha-14-v-2-kole\/\"]}]},{\"@type\":\"BreadcrumbList\",\"@id\":\"https:\/\/www.praha14.cz\/samosprava\/rozdeleni-grantu-vypsanych-mc-praha-14-v-2-kole\/#breadcrumb\",\"itemListElement\":[{\"@type\":\"ListItem\",\"position\":1,\"name\":\"Samospr\u00e1va \u00daM\u010c Praha 14\",\"item\":\"https:\/\/www.praha14.cz\/samosprava\/\"},{\"@type\":\"ListItem\",\"position\":2,\"name\":\"Rozd\u011blen\u00ed grant\u016f vypsan\u00fdch M\u010c Praha 14 v roce 2001 v 2. kole\"}]},{\"@type\":\"WebSite\",\"@id\":\"https:\/\/www.praha14.cz\/samosprava\/#website\",\"url\":\"https:\/\/www.praha14.cz\/samosprava\/\",\"name\":\"Samospr\u00e1va \u00daM\u010c Praha 14\",\"description\":\"Ofici\u00e1ln\u00ed str\u00e1nky Samospr\u00e1vy \u00daM\u010c Praha 14\",\"potentialAction\":[{\"@type\":\"SearchAction\",\"target\":{\"@type\":\"EntryPoint\",\"urlTemplate\":\"https:\/\/www.praha14.cz\/samosprava\/?s={search_term_string}\"},\"query-input\":{\"@type\":\"PropertyValueSpecification\",\"valueRequired\":true,\"valueName\":\"search_term_string\"}}],\"inLanguage\":\"cs\"}]}<\/script>\n<!-- \/ Yoast SEO plugin. -->","yoast_head_json":{"title":"Rozd\u011blen\u00ed grant\u016f vypsan\u00fdch M\u010c Praha 14 v roce 2001 v 2. kole - Samospr\u00e1va \u00daM\u010c Praha 14","robots":{"index":"index","follow":"follow","max-snippet":"max-snippet:-1","max-image-preview":"max-image-preview:large","max-video-preview":"max-video-preview:-1"},"canonical":"https:\/\/www.praha14.cz\/samosprava\/rozdeleni-grantu-vypsanych-mc-praha-14-v-2-kole\/","og_locale":"cs_CZ","og_type":"article","og_title":"Rozd\u011blen\u00ed grant\u016f vypsan\u00fdch M\u010c Praha 14 v roce 2001 v 2. kole - Samospr\u00e1va \u00daM\u010c Praha 14","og_description":"Zastupitelstvo m.\u010d. na sv\u00e9m 15. zased\u00e1n\u00ed konan\u00e9m dne 28.6.2001 rohodlo o p\u0159id\u011blen\u00ed grant\u016f z 2.kola takto: Oblast voln\u00e9ho \u010dasu d\u011bt\u00ed a ml\u00e1de\u017ee a oblast kultury Ob\u010dansk\u00e9 sdru\u017een\u00ed p\u0159i Z\u0160 \u017e\u00e1dost o p\u0159\u00edsp\u011bvek na Kluby otev\u0159en\u00fdch dve\u0159\u00ed pro d\u011bti a ml\u00e1de\u017e 15 400 K\u010d K\u0159es\u0165ansk\u00e9 spole\u010denstv\u00ed \u017e\u00e1dost o p\u0159\u00edsp\u011bvek na klub d\u011bt\u00ed a maminek He\u0159m\u00e1nek &#8211;...","og_url":"https:\/\/www.praha14.cz\/samosprava\/rozdeleni-grantu-vypsanych-mc-praha-14-v-2-kole\/","og_site_name":"Samospr\u00e1va \u00daM\u010c Praha 14","article_modified_time":"2023-01-30T08:01:22+00:00","twitter_card":"summary_large_image","twitter_misc":{"Est. reading time":"4 minuty"},"schema":{"@context":"https:\/\/schema.org","@graph":[{"@type":"WebPage","@id":"https:\/\/www.praha14.cz\/samosprava\/rozdeleni-grantu-vypsanych-mc-praha-14-v-2-kole\/","url":"https:\/\/www.praha14.cz\/samosprava\/rozdeleni-grantu-vypsanych-mc-praha-14-v-2-kole\/","name":"Rozd\u011blen\u00ed grant\u016f vypsan\u00fdch M\u010c Praha 14 v roce 2001 v 2. kole - Samospr\u00e1va \u00daM\u010c Praha 14","isPartOf":{"@id":"https:\/\/www.praha14.cz\/samosprava\/#website"},"datePublished":"2014-04-16T11:59:02+00:00","dateModified":"2023-01-30T08:01:22+00:00","breadcrumb":{"@id":"https:\/\/www.praha14.cz\/samosprava\/rozdeleni-grantu-vypsanych-mc-praha-14-v-2-kole\/#breadcrumb"},"inLanguage":"cs","potentialAction":[{"@type":"ReadAction","target":["https:\/\/www.praha14.cz\/samosprava\/rozdeleni-grantu-vypsanych-mc-praha-14-v-2-kole\/"]}]},{"@type":"BreadcrumbList","@id":"https:\/\/www.praha14.cz\/samosprava\/rozdeleni-grantu-vypsanych-mc-praha-14-v-2-kole\/#breadcrumb","itemListElement":[{"@type":"ListItem","position":1,"name":"Samospr\u00e1va \u00daM\u010c Praha 14","item":"https:\/\/www.praha14.cz\/samosprava\/"},{"@type":"ListItem","position":2,"name":"Rozd\u011blen\u00ed grant\u016f vypsan\u00fdch M\u010c Praha 14 v roce 2001 v 2. kole"}]},{"@type":"WebSite","@id":"https:\/\/www.praha14.cz\/samosprava\/#website","url":"https:\/\/www.praha14.cz\/samosprava\/","name":"Samospr\u00e1va \u00daM\u010c Praha 14","description":"Ofici\u00e1ln\u00ed str\u00e1nky Samospr\u00e1vy \u00daM\u010c Praha 14","potentialAction":[{"@type":"SearchAction","target":{"@type":"EntryPoint","urlTemplate":"https:\/\/www.praha14.cz\/samosprava\/?s={search_term_string}"},"query-input":{"@type":"PropertyValueSpecification","valueRequired":true,"valueName":"search_term_string"}}],"inLanguage":"cs"}]}},"_links":{"self":[{"href":"https:\/\/www.praha14.cz\/samosprava\/wp-json\/wp\/v2\/pages\/237","targetHints":{"allow":["GET"]}}],"collection":[{"href":"https:\/\/www.praha14.cz\/samosprava\/wp-json\/wp\/v2\/pages"}],"about":[{"href":"https:\/\/www.praha14.cz\/samosprava\/wp-json\/wp\/v2\/types\/page"}],"author":[{"embeddable":true,"href":"https:\/\/www.praha14.cz\/samosprava\/wp-json\/wp\/v2\/users\/1"}],"replies":[{"embeddable":true,"href":"https:\/\/www.praha14.cz\/samosprava\/wp-json\/wp\/v2\/comments?post=237"}],"version-history":[{"count":1,"href":"https:\/\/www.praha14.cz\/samosprava\/wp-json\/wp\/v2\/pages\/237\/revisions"}],"predecessor-version":[{"id":45502,"href":"https:\/\/www.praha14.cz\/samosprava\/wp-json\/wp\/v2\/pages\/237\/revisions\/45502"}],"wp:attachment":[{"href":"https:\/\/www.praha14.cz\/samosprava\/wp-json\/wp\/v2\/media?parent=237"}],"curies":[{"name":"wp","href":"https:\/\/api.w.org\/{rel}","templated":true}]}}