{"id":39012,"date":"2015-03-16T11:28:18","date_gmt":"2015-03-16T10:28:18","guid":{"rendered":"https:\/\/www.praha14.cz\/samosprava\/?page_id=39012"},"modified":"2022-12-19T14:08:06","modified_gmt":"2022-12-19T13:08:06","slug":"plan-zlepsovani-ma21","status":"publish","type":"page","link":"https:\/\/www.praha14.cz\/samosprava\/plan-zlepsovani-ma21\/","title":{"rendered":"Pl\u00e1n zlep\u0161ov\u00e1n\u00ed MA21"},"content":{"rendered":"<p>Dokumenty:<\/p>\n<p><a href=\"https:\/\/www.praha14.cz\/app\/uploads\/sites\/3\/2022\/12\/Plan-zlepsovani-2023.pdf\" target=\"_blank\" rel=\"noopener\">Pl\u00e1n zlep\u0161ov\u00e1n\u00ed MA 21 pro rok 2023<\/a><\/p>\n<p><a href=\"https:\/\/www.praha14.cz\/app\/uploads\/sites\/3\/2021\/12\/Plan-zlepsovani-2022.pdf\" target=\"_blank\" rel=\"noopener\">Pl\u00e1n zlep\u0161ov\u00e1n\u00ed MA 21 pro rok 2022<\/a><\/p>\n<p><a href=\"https:\/\/www.praha14.cz\/app\/uploads\/sites\/3\/2021\/01\/V%C3%BDro%C4%8Dn%C3%AD-zpr%C3%A1va-MA21_2020.pdf\" target=\"_blank\" rel=\"noopener noreferrer\">Pl\u00e1n zlep\u0161ov\u00e1n\u00ed MA 21 pro rok 2021<\/a><\/p>\n<p><a href=\"https:\/\/www.praha14.cz\/app\/uploads\/sites\/3\/2020\/01\/PL\u00c1N-ZLEP\u0160OV\u00c1N\u00cd-2020.pdf\" target=\"_blank\" rel=\"noopener noreferrer\">Pl\u00e1n zlep\u0161ov\u00e1n\u00ed MA 21 pro rok 2020<\/a><\/p>\n<p><a href=\"https:\/\/www.praha14.cz\/app\/uploads\/sites\/3\/2015\/03\/PZ2019.pdf\" target=\"_blank\" rel=\"noopener noreferrer\">Pl\u00e1n zlep\u0161ov\u00e1n\u00ed MA 21 pro rok\u00a02019<\/a><\/p>\n<p><a href=\"https:\/\/www.praha14.cz\/app\/uploads\/sites\/3\/2015\/03\/PZ2018.pdf\" target=\"_blank\" rel=\"noopener noreferrer\">Pl\u00e1n zlep\u0161ov\u00e1n\u00ed MA 21 pro rok 2018<\/a><\/p>\n<p><a href=\"https:\/\/www.praha14.cz\/app\/uploads\/sites\/3\/2017\/02\/PZ2017.pdf\" target=\"_blank\" rel=\"noopener noreferrer\">Pl\u00e1n zlep\u0161ov\u00e1n\u00ed MA 21 pro rok 2017<\/a><\/p>\n<p><a href=\"https:\/\/www.praha14.cz\/app\/uploads\/sites\/3\/2015\/03\/Pl\u00e1n-zlep\u0161ov\u00e1n\u00ed-pro-rok-2016.pdf\" target=\"_blank\" rel=\"noopener noreferrer\">Pl\u00e1n zlep\u0161ov\u00e1n\u00ed MA 21 pro rok 2016<\/a><\/p>\n<p><a href=\"https:\/\/www.praha14.cz\/app\/uploads\/sites\/3\/2014\/05\/PZ2015.pdf\" target=\"_blank\" rel=\"noopener noreferrer\">Pl\u00e1n zlep\u0161ov\u00e1n\u00ed MA 21 pro rok 2015<\/a><\/p>\n<p><a title=\"Odkaz do nov\u00e9ho okna\" href=\"\/app\/uploads\/sites\/3\/2014\/05\/Plan_zlepsovani_MA21_2014.pdf\" target=\"_blank\" rel=\"noopener noreferrer\">Pl\u00e1n zlep\u0161ov\u00e1n\u00ed MA 21 pro rok 2014<\/a><\/p>\n<p><a title=\"Odkaz do nov\u00e9ho okna\" href=\"\/app\/uploads\/sites\/3\/2014\/05\/projekt_zlepsovani_2013.pdf\" target=\"_blank\" rel=\"noopener noreferrer\">Pl\u00e1n zlep\u0161ov\u00e1n\u00ed MA 21 pro rok 2013<\/a><\/p>\n<p><a title=\"Odkaz do nov\u00e9ho okna\" href=\"\/app\/uploads\/sites\/3\/2014\/05\/projekt_zlepsovani_2012.pdf\" target=\"_blank\" rel=\"noopener noreferrer\">Pl\u00e1n zlep\u0161ov\u00e1n\u00ed MA 21 pro rok 2012<\/a><\/p>\n<p><a title=\"Odkaz do nov\u00e9ho okna\" href=\"\/app\/uploads\/sites\/3\/2014\/05\/projekt_zlepsovani_2011.rtf\" target=\"_blank\" rel=\"noopener noreferrer\">Pl\u00e1n zlep\u0161ov\u00e1n\u00ed MA 21 pro rok 2011<\/a><\/p>\n<p>&nbsp;<\/p>\n<p>&nbsp;<\/p>\n<p>&nbsp;<\/p>\n<p>&nbsp;<\/p>\n<p>&nbsp;<\/p>\n<p>&nbsp;<\/p>\n","protected":false},"excerpt":{"rendered":"<p>Dokumenty: Pl\u00e1n zlep\u0161ov\u00e1n\u00ed MA 21 pro rok 2023 Pl\u00e1n zlep\u0161ov\u00e1n\u00ed MA 21 pro rok 2022 Pl\u00e1n zlep\u0161ov\u00e1n\u00ed MA 21 pro rok 2021 Pl\u00e1n zlep\u0161ov\u00e1n\u00ed MA 21 pro rok 2020 Pl\u00e1n zlep\u0161ov\u00e1n\u00ed MA 21 pro rok\u00a02019 Pl\u00e1n zlep\u0161ov\u00e1n\u00ed MA 21 pro rok 2018 Pl\u00e1n zlep\u0161ov\u00e1n\u00ed MA 21 pro rok 2017 Pl\u00e1n zlep\u0161ov\u00e1n\u00ed MA 21 pro rok&#8230;<\/p>\n","protected":false},"author":6,"featured_media":0,"parent":0,"menu_order":0,"comment_status":"closed","ping_status":"closed","template":"","meta":{"_acf_changed":false,"footnotes":""},"class_list":["post-39012","page","type-page","status-publish","hentry"],"acf":[],"yoast_head":"<!-- This site is optimized with the Yoast SEO plugin v27.2 - https:\/\/yoast.com\/product\/yoast-seo-wordpress\/ -->\n<title>Pl\u00e1n zlep\u0161ov\u00e1n\u00ed MA21 - Samospr\u00e1va \u00daM\u010c Praha 14<\/title>\n<meta name=\"robots\" content=\"index, follow, max-snippet:-1, max-image-preview:large, max-video-preview:-1\" \/>\n<link rel=\"canonical\" href=\"https:\/\/www.praha14.cz\/samosprava\/plan-zlepsovani-ma21\/\" \/>\n<meta property=\"og:locale\" content=\"cs_CZ\" \/>\n<meta property=\"og:type\" content=\"article\" \/>\n<meta property=\"og:title\" content=\"Pl\u00e1n zlep\u0161ov\u00e1n\u00ed MA21 - Samospr\u00e1va \u00daM\u010c Praha 14\" \/>\n<meta property=\"og:description\" content=\"Dokumenty: Pl\u00e1n zlep\u0161ov\u00e1n\u00ed MA 21 pro rok 2023 Pl\u00e1n zlep\u0161ov\u00e1n\u00ed MA 21 pro rok 2022 Pl\u00e1n zlep\u0161ov\u00e1n\u00ed MA 21 pro rok 2021 Pl\u00e1n zlep\u0161ov\u00e1n\u00ed MA 21 pro rok 2020 Pl\u00e1n zlep\u0161ov\u00e1n\u00ed MA 21 pro rok\u00a02019 Pl\u00e1n zlep\u0161ov\u00e1n\u00ed MA 21 pro rok 2018 Pl\u00e1n zlep\u0161ov\u00e1n\u00ed MA 21 pro rok 2017 Pl\u00e1n zlep\u0161ov\u00e1n\u00ed MA 21 pro rok...\" \/>\n<meta property=\"og:url\" content=\"https:\/\/www.praha14.cz\/samosprava\/plan-zlepsovani-ma21\/\" \/>\n<meta property=\"og:site_name\" content=\"Samospr\u00e1va \u00daM\u010c Praha 14\" \/>\n<meta property=\"article:modified_time\" content=\"2022-12-19T13:08:06+00:00\" \/>\n<meta name=\"twitter:card\" content=\"summary_large_image\" \/>\n<meta name=\"twitter:label1\" content=\"Est. reading time\" \/>\n\t<meta name=\"twitter:data1\" content=\"1 minuta\" \/>\n<script type=\"application\/ld+json\" class=\"yoast-schema-graph\">{\"@context\":\"https:\/\/schema.org\",\"@graph\":[{\"@type\":\"WebPage\",\"@id\":\"https:\/\/www.praha14.cz\/samosprava\/plan-zlepsovani-ma21\/\",\"url\":\"https:\/\/www.praha14.cz\/samosprava\/plan-zlepsovani-ma21\/\",\"name\":\"Pl\u00e1n zlep\u0161ov\u00e1n\u00ed MA21 - Samospr\u00e1va \u00daM\u010c Praha 14\",\"isPartOf\":{\"@id\":\"https:\/\/www.praha14.cz\/samosprava\/#website\"},\"datePublished\":\"2015-03-16T10:28:18+00:00\",\"dateModified\":\"2022-12-19T13:08:06+00:00\",\"breadcrumb\":{\"@id\":\"https:\/\/www.praha14.cz\/samosprava\/plan-zlepsovani-ma21\/#breadcrumb\"},\"inLanguage\":\"cs\",\"potentialAction\":[{\"@type\":\"ReadAction\",\"target\":[\"https:\/\/www.praha14.cz\/samosprava\/plan-zlepsovani-ma21\/\"]}]},{\"@type\":\"BreadcrumbList\",\"@id\":\"https:\/\/www.praha14.cz\/samosprava\/plan-zlepsovani-ma21\/#breadcrumb\",\"itemListElement\":[{\"@type\":\"ListItem\",\"position\":1,\"name\":\"Samospr\u00e1va \u00daM\u010c Praha 14\",\"item\":\"https:\/\/www.praha14.cz\/samosprava\/\"},{\"@type\":\"ListItem\",\"position\":2,\"name\":\"Pl\u00e1n zlep\u0161ov\u00e1n\u00ed MA21\"}]},{\"@type\":\"WebSite\",\"@id\":\"https:\/\/www.praha14.cz\/samosprava\/#website\",\"url\":\"https:\/\/www.praha14.cz\/samosprava\/\",\"name\":\"Samospr\u00e1va \u00daM\u010c Praha 14\",\"description\":\"Ofici\u00e1ln\u00ed str\u00e1nky Samospr\u00e1vy \u00daM\u010c Praha 14\",\"potentialAction\":[{\"@type\":\"SearchAction\",\"target\":{\"@type\":\"EntryPoint\",\"urlTemplate\":\"https:\/\/www.praha14.cz\/samosprava\/?s={search_term_string}\"},\"query-input\":{\"@type\":\"PropertyValueSpecification\",\"valueRequired\":true,\"valueName\":\"search_term_string\"}}],\"inLanguage\":\"cs\"}]}<\/script>\n<!-- \/ Yoast SEO plugin. -->","yoast_head_json":{"title":"Pl\u00e1n zlep\u0161ov\u00e1n\u00ed MA21 - Samospr\u00e1va \u00daM\u010c Praha 14","robots":{"index":"index","follow":"follow","max-snippet":"max-snippet:-1","max-image-preview":"max-image-preview:large","max-video-preview":"max-video-preview:-1"},"canonical":"https:\/\/www.praha14.cz\/samosprava\/plan-zlepsovani-ma21\/","og_locale":"cs_CZ","og_type":"article","og_title":"Pl\u00e1n zlep\u0161ov\u00e1n\u00ed MA21 - Samospr\u00e1va \u00daM\u010c Praha 14","og_description":"Dokumenty: Pl\u00e1n zlep\u0161ov\u00e1n\u00ed MA 21 pro rok 2023 Pl\u00e1n zlep\u0161ov\u00e1n\u00ed MA 21 pro rok 2022 Pl\u00e1n zlep\u0161ov\u00e1n\u00ed MA 21 pro rok 2021 Pl\u00e1n zlep\u0161ov\u00e1n\u00ed MA 21 pro rok 2020 Pl\u00e1n zlep\u0161ov\u00e1n\u00ed MA 21 pro rok\u00a02019 Pl\u00e1n zlep\u0161ov\u00e1n\u00ed MA 21 pro rok 2018 Pl\u00e1n zlep\u0161ov\u00e1n\u00ed MA 21 pro rok 2017 Pl\u00e1n zlep\u0161ov\u00e1n\u00ed MA 21 pro rok...","og_url":"https:\/\/www.praha14.cz\/samosprava\/plan-zlepsovani-ma21\/","og_site_name":"Samospr\u00e1va \u00daM\u010c Praha 14","article_modified_time":"2022-12-19T13:08:06+00:00","twitter_card":"summary_large_image","twitter_misc":{"Est. reading time":"1 minuta"},"schema":{"@context":"https:\/\/schema.org","@graph":[{"@type":"WebPage","@id":"https:\/\/www.praha14.cz\/samosprava\/plan-zlepsovani-ma21\/","url":"https:\/\/www.praha14.cz\/samosprava\/plan-zlepsovani-ma21\/","name":"Pl\u00e1n zlep\u0161ov\u00e1n\u00ed MA21 - Samospr\u00e1va \u00daM\u010c Praha 14","isPartOf":{"@id":"https:\/\/www.praha14.cz\/samosprava\/#website"},"datePublished":"2015-03-16T10:28:18+00:00","dateModified":"2022-12-19T13:08:06+00:00","breadcrumb":{"@id":"https:\/\/www.praha14.cz\/samosprava\/plan-zlepsovani-ma21\/#breadcrumb"},"inLanguage":"cs","potentialAction":[{"@type":"ReadAction","target":["https:\/\/www.praha14.cz\/samosprava\/plan-zlepsovani-ma21\/"]}]},{"@type":"BreadcrumbList","@id":"https:\/\/www.praha14.cz\/samosprava\/plan-zlepsovani-ma21\/#breadcrumb","itemListElement":[{"@type":"ListItem","position":1,"name":"Samospr\u00e1va \u00daM\u010c Praha 14","item":"https:\/\/www.praha14.cz\/samosprava\/"},{"@type":"ListItem","position":2,"name":"Pl\u00e1n zlep\u0161ov\u00e1n\u00ed MA21"}]},{"@type":"WebSite","@id":"https:\/\/www.praha14.cz\/samosprava\/#website","url":"https:\/\/www.praha14.cz\/samosprava\/","name":"Samospr\u00e1va \u00daM\u010c Praha 14","description":"Ofici\u00e1ln\u00ed str\u00e1nky Samospr\u00e1vy \u00daM\u010c Praha 14","potentialAction":[{"@type":"SearchAction","target":{"@type":"EntryPoint","urlTemplate":"https:\/\/www.praha14.cz\/samosprava\/?s={search_term_string}"},"query-input":{"@type":"PropertyValueSpecification","valueRequired":true,"valueName":"search_term_string"}}],"inLanguage":"cs"}]}},"_links":{"self":[{"href":"https:\/\/www.praha14.cz\/samosprava\/wp-json\/wp\/v2\/pages\/39012","targetHints":{"allow":["GET"]}}],"collection":[{"href":"https:\/\/www.praha14.cz\/samosprava\/wp-json\/wp\/v2\/pages"}],"about":[{"href":"https:\/\/www.praha14.cz\/samosprava\/wp-json\/wp\/v2\/types\/page"}],"author":[{"embeddable":true,"href":"https:\/\/www.praha14.cz\/samosprava\/wp-json\/wp\/v2\/users\/6"}],"replies":[{"embeddable":true,"href":"https:\/\/www.praha14.cz\/samosprava\/wp-json\/wp\/v2\/comments?post=39012"}],"version-history":[{"count":6,"href":"https:\/\/www.praha14.cz\/samosprava\/wp-json\/wp\/v2\/pages\/39012\/revisions"}],"predecessor-version":[{"id":45379,"href":"https:\/\/www.praha14.cz\/samosprava\/wp-json\/wp\/v2\/pages\/39012\/revisions\/45379"}],"wp:attachment":[{"href":"https:\/\/www.praha14.cz\/samosprava\/wp-json\/wp\/v2\/media?parent=39012"}],"curies":[{"name":"wp","href":"https:\/\/api.w.org\/{rel}","templated":true}]}}