{"id":39014,"date":"2015-03-16T11:31:42","date_gmt":"2015-03-16T10:31:42","guid":{"rendered":"https:\/\/www.praha14.cz\/samosprava\/?page_id=39014"},"modified":"2021-03-09T11:58:51","modified_gmt":"2021-03-09T10:58:51","slug":"komunitni-plan","status":"publish","type":"page","link":"https:\/\/www.praha14.cz\/samosprava\/komunitni-plan\/","title":{"rendered":"Komunitn\u00ed pl\u00e1n"},"content":{"rendered":"<p>Dokumenty:<\/p>\n<p><a href=\"https:\/\/www.praha14.cz\/app\/uploads\/sites\/3\/2021\/01\/V%C3%BDro%C4%8Dn%C3%AD-zpr%C3%A1va-MA21_2020.pdf\" target=\"_blank\" rel=\"noopener noreferrer\">P\u0159\u00edle\u017eitosti Prahy 14 na obdob\u00ed 2020 &#8211; 2021<\/a><\/p>\n<p><a href=\"https:\/\/www.praha14.cz\/app\/uploads\/sites\/3\/2020\/01\/P\u0159\u00edle\u017eitosti_Prahy_14__2019-2020_.pdf\" target=\"_blank\" rel=\"noopener noreferrer\">P\u0159\u00edle\u017eitosti Prahy 14 na obdob\u00ed 2019 &#8211; 2020<\/a><\/p>\n<p><a href=\"https:\/\/www.praha14.cz\/app\/uploads\/sites\/3\/2015\/03\/P\u0159\u00edle\u017eitosti-Prahy-2018-2019-14-.pdf\" target=\"_blank\" rel=\"noopener noreferrer\">P\u0159\u00edle\u017eitosti Prahy 14 na obdob\u00ed 2018 &#8211; 2019<\/a><\/p>\n<p><a href=\"https:\/\/www.praha14.cz\/app\/uploads\/sites\/3\/2015\/03\/P\u0159\u00edle\u017eitosti-Prahy-2017-2018-14-.pdf\" target=\"_blank\" rel=\"noopener noreferrer\">P\u0159\u00edle\u017eitosti Prahy 14 na obdob\u00ed 2017 &#8211; 2018<\/a><\/p>\n<p><a href=\"https:\/\/www.praha14.cz\/app\/uploads\/sites\/3\/2015\/03\/P\u0159\u00edle\u017eitosti-Prahy-14.pdf\" target=\"_blank\" rel=\"noopener noreferrer\">P\u0159\u00edle\u017eitosti Prahy 14 na obdob\u00ed 2016 &#8211; 2017<\/a><\/p>\n<p><a href=\"https:\/\/www.praha14.cz\/app\/uploads\/sites\/3\/2015\/03\/Vyhodnocen\u00ed-10-P\u0159\u00edle\u017eitost\u00ed-Prahy-14.pdf\" target=\"_blank\" rel=\"noopener noreferrer\">Vyhodnocen\u00ed P\u0159\u00edle\u017eitost\u00ed Prahy 14 za rok 2015<\/a><\/p>\n<p><a href=\"https:\/\/www.praha14.cz\/app\/uploads\/sites\/3\/2015\/03\/10-P\u0159\u00edle\u017eitost\u00ed-Prahy-14.pdf\" target=\"_blank\" rel=\"noopener noreferrer\">P\u0159\u00edle\u017eitosti Prahy 14 na obdob\u00ed 2015 &#8211; 2016<\/a><\/p>\n<p><a href=\"https:\/\/www.praha14.cz\/app\/uploads\/sites\/3\/2015\/03\/Komunitn\u00ed-pl\u00e1n-Zdrav\u00e9-m\u011bstsk\u00e9-\u010d\u00e1sti-na-obdob\u00ed-2014-2015.pdf\">Komunitn\u00ed pl\u00e1n Zdrav\u00e9 m\u011bstsk\u00e9 \u010d\u00e1sti Praha 14 na obdob\u00ed 2014 &#8211; 2015<\/a><\/p>\n<p><a title=\"Odkaz do nov\u00e9ho okna\" href=\"\/app\/uploads\/sites\/3\/2014\/05\/komun_plan_zdr_mc_2012_2013_aktualiz.pdf\" target=\"_blank\" rel=\"noopener noreferrer\">Komunitn\u00ed pl\u00e1n Zdrav\u00e9 m\u011bstsk\u00e9 \u010d\u00e1sti Praha 14 na obdob\u00ed 2012 &#8211; 2013<\/a><\/p>\n<p><a href=\"https:\/\/www.praha14.cz\/app\/uploads\/sites\/3\/2015\/03\/Vyhodnocen%C3%AD-Komun-plan-za-rok-2012-2013.pdf\" target=\"_blank\" rel=\"noopener noreferrer\">Vyhodnocen\u00ed Komunitn\u00edho pl\u00e1nu za rok 2012 &#8211; 2013<\/a><\/p>\n<p>&nbsp;<\/p>\n<p>&nbsp;<\/p>\n<p>&nbsp;<\/p>\n<p><a href=\"https:\/\/www.praha14.cz\/app\/uploads\/sites\/3\/2015\/03\/10-P\u0159\u00edle\u017eitost\u00ed-Prahy-14.pdf\" target=\"_blank\" rel=\"noopener noreferrer\">\u00a0 <\/a><\/p>\n<p>&nbsp;<\/p>\n<p>&nbsp;<\/p>\n<p>&nbsp;<\/p>\n<p>&nbsp;<\/p>\n","protected":false},"excerpt":{"rendered":"<p>Dokumenty: P\u0159\u00edle\u017eitosti Prahy 14 na obdob\u00ed 2020 &#8211; 2021 P\u0159\u00edle\u017eitosti Prahy 14 na obdob\u00ed 2019 &#8211; 2020 P\u0159\u00edle\u017eitosti Prahy 14 na obdob\u00ed 2018 &#8211; 2019 P\u0159\u00edle\u017eitosti Prahy 14 na obdob\u00ed 2017 &#8211; 2018 P\u0159\u00edle\u017eitosti Prahy 14 na obdob\u00ed 2016 &#8211; 2017 Vyhodnocen\u00ed P\u0159\u00edle\u017eitost\u00ed Prahy 14 za rok 2015 P\u0159\u00edle\u017eitosti Prahy 14 na obdob\u00ed 2015 &#8211;&#8230;<\/p>\n","protected":false},"author":6,"featured_media":0,"parent":0,"menu_order":0,"comment_status":"closed","ping_status":"closed","template":"","meta":{"_acf_changed":false,"footnotes":""},"class_list":["post-39014","page","type-page","status-publish","hentry"],"acf":[],"yoast_head":"<!-- This site is optimized with the Yoast SEO plugin v27.2 - https:\/\/yoast.com\/product\/yoast-seo-wordpress\/ -->\n<title>Komunitn\u00ed pl\u00e1n - Samospr\u00e1va \u00daM\u010c Praha 14<\/title>\n<meta name=\"robots\" content=\"index, follow, max-snippet:-1, max-image-preview:large, max-video-preview:-1\" \/>\n<link rel=\"canonical\" href=\"https:\/\/www.praha14.cz\/samosprava\/komunitni-plan\/\" \/>\n<meta property=\"og:locale\" content=\"cs_CZ\" \/>\n<meta property=\"og:type\" content=\"article\" \/>\n<meta property=\"og:title\" content=\"Komunitn\u00ed pl\u00e1n - Samospr\u00e1va \u00daM\u010c Praha 14\" \/>\n<meta property=\"og:description\" content=\"Dokumenty: P\u0159\u00edle\u017eitosti Prahy 14 na obdob\u00ed 2020 &#8211; 2021 P\u0159\u00edle\u017eitosti Prahy 14 na obdob\u00ed 2019 &#8211; 2020 P\u0159\u00edle\u017eitosti Prahy 14 na obdob\u00ed 2018 &#8211; 2019 P\u0159\u00edle\u017eitosti Prahy 14 na obdob\u00ed 2017 &#8211; 2018 P\u0159\u00edle\u017eitosti Prahy 14 na obdob\u00ed 2016 &#8211; 2017 Vyhodnocen\u00ed P\u0159\u00edle\u017eitost\u00ed Prahy 14 za rok 2015 P\u0159\u00edle\u017eitosti Prahy 14 na obdob\u00ed 2015 &#8211;...\" \/>\n<meta property=\"og:url\" content=\"https:\/\/www.praha14.cz\/samosprava\/komunitni-plan\/\" \/>\n<meta property=\"og:site_name\" content=\"Samospr\u00e1va \u00daM\u010c Praha 14\" \/>\n<meta property=\"article:modified_time\" content=\"2021-03-09T10:58:51+00:00\" \/>\n<meta name=\"twitter:card\" content=\"summary_large_image\" \/>\n<script type=\"application\/ld+json\" class=\"yoast-schema-graph\">{\"@context\":\"https:\/\/schema.org\",\"@graph\":[{\"@type\":\"WebPage\",\"@id\":\"https:\/\/www.praha14.cz\/samosprava\/komunitni-plan\/\",\"url\":\"https:\/\/www.praha14.cz\/samosprava\/komunitni-plan\/\",\"name\":\"Komunitn\u00ed pl\u00e1n - Samospr\u00e1va \u00daM\u010c Praha 14\",\"isPartOf\":{\"@id\":\"https:\/\/www.praha14.cz\/samosprava\/#website\"},\"datePublished\":\"2015-03-16T10:31:42+00:00\",\"dateModified\":\"2021-03-09T10:58:51+00:00\",\"breadcrumb\":{\"@id\":\"https:\/\/www.praha14.cz\/samosprava\/komunitni-plan\/#breadcrumb\"},\"inLanguage\":\"cs\",\"potentialAction\":[{\"@type\":\"ReadAction\",\"target\":[\"https:\/\/www.praha14.cz\/samosprava\/komunitni-plan\/\"]}]},{\"@type\":\"BreadcrumbList\",\"@id\":\"https:\/\/www.praha14.cz\/samosprava\/komunitni-plan\/#breadcrumb\",\"itemListElement\":[{\"@type\":\"ListItem\",\"position\":1,\"name\":\"Samospr\u00e1va \u00daM\u010c Praha 14\",\"item\":\"https:\/\/www.praha14.cz\/samosprava\/\"},{\"@type\":\"ListItem\",\"position\":2,\"name\":\"Komunitn\u00ed pl\u00e1n\"}]},{\"@type\":\"WebSite\",\"@id\":\"https:\/\/www.praha14.cz\/samosprava\/#website\",\"url\":\"https:\/\/www.praha14.cz\/samosprava\/\",\"name\":\"Samospr\u00e1va \u00daM\u010c Praha 14\",\"description\":\"Ofici\u00e1ln\u00ed str\u00e1nky Samospr\u00e1vy \u00daM\u010c Praha 14\",\"potentialAction\":[{\"@type\":\"SearchAction\",\"target\":{\"@type\":\"EntryPoint\",\"urlTemplate\":\"https:\/\/www.praha14.cz\/samosprava\/?s={search_term_string}\"},\"query-input\":{\"@type\":\"PropertyValueSpecification\",\"valueRequired\":true,\"valueName\":\"search_term_string\"}}],\"inLanguage\":\"cs\"}]}<\/script>\n<!-- \/ Yoast SEO plugin. -->","yoast_head_json":{"title":"Komunitn\u00ed pl\u00e1n - Samospr\u00e1va \u00daM\u010c Praha 14","robots":{"index":"index","follow":"follow","max-snippet":"max-snippet:-1","max-image-preview":"max-image-preview:large","max-video-preview":"max-video-preview:-1"},"canonical":"https:\/\/www.praha14.cz\/samosprava\/komunitni-plan\/","og_locale":"cs_CZ","og_type":"article","og_title":"Komunitn\u00ed pl\u00e1n - Samospr\u00e1va \u00daM\u010c Praha 14","og_description":"Dokumenty: P\u0159\u00edle\u017eitosti Prahy 14 na obdob\u00ed 2020 &#8211; 2021 P\u0159\u00edle\u017eitosti Prahy 14 na obdob\u00ed 2019 &#8211; 2020 P\u0159\u00edle\u017eitosti Prahy 14 na obdob\u00ed 2018 &#8211; 2019 P\u0159\u00edle\u017eitosti Prahy 14 na obdob\u00ed 2017 &#8211; 2018 P\u0159\u00edle\u017eitosti Prahy 14 na obdob\u00ed 2016 &#8211; 2017 Vyhodnocen\u00ed P\u0159\u00edle\u017eitost\u00ed Prahy 14 za rok 2015 P\u0159\u00edle\u017eitosti Prahy 14 na obdob\u00ed 2015 &#8211;...","og_url":"https:\/\/www.praha14.cz\/samosprava\/komunitni-plan\/","og_site_name":"Samospr\u00e1va \u00daM\u010c Praha 14","article_modified_time":"2021-03-09T10:58:51+00:00","twitter_card":"summary_large_image","schema":{"@context":"https:\/\/schema.org","@graph":[{"@type":"WebPage","@id":"https:\/\/www.praha14.cz\/samosprava\/komunitni-plan\/","url":"https:\/\/www.praha14.cz\/samosprava\/komunitni-plan\/","name":"Komunitn\u00ed pl\u00e1n - Samospr\u00e1va \u00daM\u010c Praha 14","isPartOf":{"@id":"https:\/\/www.praha14.cz\/samosprava\/#website"},"datePublished":"2015-03-16T10:31:42+00:00","dateModified":"2021-03-09T10:58:51+00:00","breadcrumb":{"@id":"https:\/\/www.praha14.cz\/samosprava\/komunitni-plan\/#breadcrumb"},"inLanguage":"cs","potentialAction":[{"@type":"ReadAction","target":["https:\/\/www.praha14.cz\/samosprava\/komunitni-plan\/"]}]},{"@type":"BreadcrumbList","@id":"https:\/\/www.praha14.cz\/samosprava\/komunitni-plan\/#breadcrumb","itemListElement":[{"@type":"ListItem","position":1,"name":"Samospr\u00e1va \u00daM\u010c Praha 14","item":"https:\/\/www.praha14.cz\/samosprava\/"},{"@type":"ListItem","position":2,"name":"Komunitn\u00ed pl\u00e1n"}]},{"@type":"WebSite","@id":"https:\/\/www.praha14.cz\/samosprava\/#website","url":"https:\/\/www.praha14.cz\/samosprava\/","name":"Samospr\u00e1va \u00daM\u010c Praha 14","description":"Ofici\u00e1ln\u00ed str\u00e1nky Samospr\u00e1vy \u00daM\u010c Praha 14","potentialAction":[{"@type":"SearchAction","target":{"@type":"EntryPoint","urlTemplate":"https:\/\/www.praha14.cz\/samosprava\/?s={search_term_string}"},"query-input":{"@type":"PropertyValueSpecification","valueRequired":true,"valueName":"search_term_string"}}],"inLanguage":"cs"}]}},"_links":{"self":[{"href":"https:\/\/www.praha14.cz\/samosprava\/wp-json\/wp\/v2\/pages\/39014","targetHints":{"allow":["GET"]}}],"collection":[{"href":"https:\/\/www.praha14.cz\/samosprava\/wp-json\/wp\/v2\/pages"}],"about":[{"href":"https:\/\/www.praha14.cz\/samosprava\/wp-json\/wp\/v2\/types\/page"}],"author":[{"embeddable":true,"href":"https:\/\/www.praha14.cz\/samosprava\/wp-json\/wp\/v2\/users\/6"}],"replies":[{"embeddable":true,"href":"https:\/\/www.praha14.cz\/samosprava\/wp-json\/wp\/v2\/comments?post=39014"}],"version-history":[{"count":7,"href":"https:\/\/www.praha14.cz\/samosprava\/wp-json\/wp\/v2\/pages\/39014\/revisions"}],"predecessor-version":[{"id":43769,"href":"https:\/\/www.praha14.cz\/samosprava\/wp-json\/wp\/v2\/pages\/39014\/revisions\/43769"}],"wp:attachment":[{"href":"https:\/\/www.praha14.cz\/samosprava\/wp-json\/wp\/v2\/media?parent=39014"}],"curies":[{"name":"wp","href":"https:\/\/api.w.org\/{rel}","templated":true}]}}