{"id":41314,"date":"2018-01-15T13:00:36","date_gmt":"2018-01-15T12:00:36","guid":{"rendered":"https:\/\/www.praha14.cz\/samosprava\/?page_id=41314"},"modified":"2023-03-23T12:32:39","modified_gmt":"2023-03-23T11:32:39","slug":"zpravy-o-cinnosti-strr","status":"publish","type":"page","link":"https:\/\/www.praha14.cz\/samosprava\/zpravy-o-cinnosti-strr\/","title":{"rendered":"Zpr\u00e1vy o \u010dinnosti STRR"},"content":{"rendered":"<p><a href=\"https:\/\/www.praha14.cz\/app\/uploads\/sites\/3\/2023\/03\/Zprava-o-cinnosti-STRR-2022.pdf\" target=\"_blank\" rel=\"noopener\">Zpr\u00e1va o \u010dinnosti STRR 2022<\/a><\/p>\n<p><a href=\"https:\/\/www.praha14.cz\/app\/uploads\/sites\/3\/2022\/06\/Zprava-o-cinnosti-STRR-2021.pdf\" target=\"_blank\" rel=\"noopener\">Zpr\u00e1va o \u010dinnosti STRR 2021<\/a><\/p>\n<p><a href=\"https:\/\/www.praha14.cz\/app\/uploads\/sites\/3\/2022\/03\/Zprava-o-cinnosti-STRR-2020.pdf\" target=\"_blank\" rel=\"noopener\">Zpr\u00e1va o \u010dinnosti STRR 2020<\/a><\/p>\n<p><a href=\"https:\/\/www.praha14.cz\/app\/uploads\/sites\/3\/2021\/06\/Zpr\u00e1va-o-\u010dinnosti-STRR-2019.pdf\" target=\"_blank\" rel=\"noopener noreferrer\">Zpr\u00e1va o \u010dinnosti STRR 2019<\/a><\/p>\n<p><a href=\"https:\/\/www.praha14.cz\/app\/uploads\/sites\/3\/2018\/01\/Zpr\u00e1va-o-\u010dinnosti-STRR-2018_fin.pdf\" target=\"_blank\" rel=\"noopener noreferrer\">Zpr\u00e1va o \u010dinnosti STRR 2018<\/a><\/p>\n<p><a href=\"https:\/\/www.praha14.cz\/app\/uploads\/sites\/3\/2018\/01\/Zpr\u00e1va-o-\u010dinnosti-STRR-2017.pdf\" target=\"_blank\" rel=\"noopener noreferrer\">Zpr\u00e1va o \u010dinnosti STRR 2017<\/a><\/p>\n<p><a href=\"https:\/\/www.praha14.cz\/app\/uploads\/sites\/3\/2018\/01\/Zpr\u00e1va-o-\u010dinnosti-STRR-2016.pdf\" target=\"_blank\" rel=\"noopener noreferrer\">Zpr\u00e1va o \u010dinnosti STRR 2016<\/a><\/p>\n<p><a href=\"https:\/\/www.praha14.cz\/app\/uploads\/sites\/3\/2018\/01\/Zpr\u00e1va-o-\u010dinnosti-STRR-2015.pdf\" target=\"_blank\" rel=\"noopener noreferrer\">Zpr\u00e1va o \u010dinnosti STRR 2015<\/a><\/p>\n<p><a href=\"https:\/\/www.praha14.cz\/app\/uploads\/sites\/3\/2018\/01\/Zpr\u00e1va-o-\u010dinnosti-STRR-2014.pdf\" target=\"_blank\" rel=\"noopener noreferrer\">Zpr\u00e1va o \u010dinnosti STRR 2014<\/a><\/p>\n<p><a href=\"https:\/\/www.praha14.cz\/app\/uploads\/sites\/3\/2018\/01\/Zpr\u00e1va-o-\u010dinnosti-STRR-2013.pdf\" target=\"_blank\" rel=\"noopener noreferrer\">Zpr\u00e1va o \u010dinnosti STRR 2013<\/a><\/p>\n<p><a href=\"https:\/\/www.praha14.cz\/app\/uploads\/sites\/3\/2018\/01\/Zpr\u00e1va-o-\u010dinnosti-STRR-2012.pdf\" target=\"_blank\" rel=\"noopener noreferrer\">Zpr\u00e1va o \u010dinnosti STRR 2012<\/a><\/p>\n<p>&nbsp;<\/p>\n<p>&nbsp;<\/p>\n","protected":false},"excerpt":{"rendered":"<p>Zpr\u00e1va o \u010dinnosti STRR 2022 Zpr\u00e1va o \u010dinnosti STRR 2021 Zpr\u00e1va o \u010dinnosti STRR 2020 Zpr\u00e1va o \u010dinnosti STRR 2019 Zpr\u00e1va o \u010dinnosti STRR 2018 Zpr\u00e1va o \u010dinnosti STRR 2017 Zpr\u00e1va o \u010dinnosti STRR 2016 Zpr\u00e1va o \u010dinnosti STRR 2015 Zpr\u00e1va o \u010dinnosti STRR 2014 Zpr\u00e1va o \u010dinnosti STRR 2013 Zpr\u00e1va o \u010dinnosti STRR 2012&#8230;<\/p>\n","protected":false},"author":1057,"featured_media":0,"parent":0,"menu_order":0,"comment_status":"closed","ping_status":"closed","template":"","meta":{"_acf_changed":false,"footnotes":""},"class_list":["post-41314","page","type-page","status-publish","hentry"],"acf":[],"yoast_head":"<!-- This site is optimized with the Yoast SEO plugin v27.2 - https:\/\/yoast.com\/product\/yoast-seo-wordpress\/ -->\n<title>Zpr\u00e1vy o \u010dinnosti STRR - Samospr\u00e1va \u00daM\u010c Praha 14<\/title>\n<meta name=\"robots\" content=\"index, follow, max-snippet:-1, max-image-preview:large, max-video-preview:-1\" \/>\n<link rel=\"canonical\" href=\"https:\/\/www.praha14.cz\/samosprava\/zpravy-o-cinnosti-strr\/\" \/>\n<meta property=\"og:locale\" content=\"cs_CZ\" \/>\n<meta property=\"og:type\" content=\"article\" \/>\n<meta property=\"og:title\" content=\"Zpr\u00e1vy o \u010dinnosti STRR - Samospr\u00e1va \u00daM\u010c Praha 14\" \/>\n<meta property=\"og:description\" content=\"Zpr\u00e1va o \u010dinnosti STRR 2022 Zpr\u00e1va o \u010dinnosti STRR 2021 Zpr\u00e1va o \u010dinnosti STRR 2020 Zpr\u00e1va o \u010dinnosti STRR 2019 Zpr\u00e1va o \u010dinnosti STRR 2018 Zpr\u00e1va o \u010dinnosti STRR 2017 Zpr\u00e1va o \u010dinnosti STRR 2016 Zpr\u00e1va o \u010dinnosti STRR 2015 Zpr\u00e1va o \u010dinnosti STRR 2014 Zpr\u00e1va o \u010dinnosti STRR 2013 Zpr\u00e1va o \u010dinnosti STRR 2012...\" \/>\n<meta property=\"og:url\" content=\"https:\/\/www.praha14.cz\/samosprava\/zpravy-o-cinnosti-strr\/\" \/>\n<meta property=\"og:site_name\" content=\"Samospr\u00e1va \u00daM\u010c Praha 14\" \/>\n<meta property=\"article:modified_time\" content=\"2023-03-23T11:32:39+00:00\" \/>\n<meta name=\"twitter:card\" content=\"summary_large_image\" \/>\n<meta name=\"twitter:label1\" content=\"Est. reading time\" \/>\n\t<meta name=\"twitter:data1\" content=\"1 minuta\" \/>\n<script type=\"application\/ld+json\" class=\"yoast-schema-graph\">{\"@context\":\"https:\/\/schema.org\",\"@graph\":[{\"@type\":\"WebPage\",\"@id\":\"https:\/\/www.praha14.cz\/samosprava\/zpravy-o-cinnosti-strr\/\",\"url\":\"https:\/\/www.praha14.cz\/samosprava\/zpravy-o-cinnosti-strr\/\",\"name\":\"Zpr\u00e1vy o \u010dinnosti STRR - Samospr\u00e1va \u00daM\u010c Praha 14\",\"isPartOf\":{\"@id\":\"https:\/\/www.praha14.cz\/samosprava\/#website\"},\"datePublished\":\"2018-01-15T12:00:36+00:00\",\"dateModified\":\"2023-03-23T11:32:39+00:00\",\"breadcrumb\":{\"@id\":\"https:\/\/www.praha14.cz\/samosprava\/zpravy-o-cinnosti-strr\/#breadcrumb\"},\"inLanguage\":\"cs\",\"potentialAction\":[{\"@type\":\"ReadAction\",\"target\":[\"https:\/\/www.praha14.cz\/samosprava\/zpravy-o-cinnosti-strr\/\"]}]},{\"@type\":\"BreadcrumbList\",\"@id\":\"https:\/\/www.praha14.cz\/samosprava\/zpravy-o-cinnosti-strr\/#breadcrumb\",\"itemListElement\":[{\"@type\":\"ListItem\",\"position\":1,\"name\":\"Samospr\u00e1va \u00daM\u010c Praha 14\",\"item\":\"https:\/\/www.praha14.cz\/samosprava\/\"},{\"@type\":\"ListItem\",\"position\":2,\"name\":\"Zpr\u00e1vy o \u010dinnosti STRR\"}]},{\"@type\":\"WebSite\",\"@id\":\"https:\/\/www.praha14.cz\/samosprava\/#website\",\"url\":\"https:\/\/www.praha14.cz\/samosprava\/\",\"name\":\"Samospr\u00e1va \u00daM\u010c Praha 14\",\"description\":\"Ofici\u00e1ln\u00ed str\u00e1nky Samospr\u00e1vy \u00daM\u010c Praha 14\",\"potentialAction\":[{\"@type\":\"SearchAction\",\"target\":{\"@type\":\"EntryPoint\",\"urlTemplate\":\"https:\/\/www.praha14.cz\/samosprava\/?s={search_term_string}\"},\"query-input\":{\"@type\":\"PropertyValueSpecification\",\"valueRequired\":true,\"valueName\":\"search_term_string\"}}],\"inLanguage\":\"cs\"}]}<\/script>\n<!-- \/ Yoast SEO plugin. -->","yoast_head_json":{"title":"Zpr\u00e1vy o \u010dinnosti STRR - Samospr\u00e1va \u00daM\u010c Praha 14","robots":{"index":"index","follow":"follow","max-snippet":"max-snippet:-1","max-image-preview":"max-image-preview:large","max-video-preview":"max-video-preview:-1"},"canonical":"https:\/\/www.praha14.cz\/samosprava\/zpravy-o-cinnosti-strr\/","og_locale":"cs_CZ","og_type":"article","og_title":"Zpr\u00e1vy o \u010dinnosti STRR - Samospr\u00e1va \u00daM\u010c Praha 14","og_description":"Zpr\u00e1va o \u010dinnosti STRR 2022 Zpr\u00e1va o \u010dinnosti STRR 2021 Zpr\u00e1va o \u010dinnosti STRR 2020 Zpr\u00e1va o \u010dinnosti STRR 2019 Zpr\u00e1va o \u010dinnosti STRR 2018 Zpr\u00e1va o \u010dinnosti STRR 2017 Zpr\u00e1va o \u010dinnosti STRR 2016 Zpr\u00e1va o \u010dinnosti STRR 2015 Zpr\u00e1va o \u010dinnosti STRR 2014 Zpr\u00e1va o \u010dinnosti STRR 2013 Zpr\u00e1va o \u010dinnosti STRR 2012...","og_url":"https:\/\/www.praha14.cz\/samosprava\/zpravy-o-cinnosti-strr\/","og_site_name":"Samospr\u00e1va \u00daM\u010c Praha 14","article_modified_time":"2023-03-23T11:32:39+00:00","twitter_card":"summary_large_image","twitter_misc":{"Est. reading time":"1 minuta"},"schema":{"@context":"https:\/\/schema.org","@graph":[{"@type":"WebPage","@id":"https:\/\/www.praha14.cz\/samosprava\/zpravy-o-cinnosti-strr\/","url":"https:\/\/www.praha14.cz\/samosprava\/zpravy-o-cinnosti-strr\/","name":"Zpr\u00e1vy o \u010dinnosti STRR - Samospr\u00e1va \u00daM\u010c Praha 14","isPartOf":{"@id":"https:\/\/www.praha14.cz\/samosprava\/#website"},"datePublished":"2018-01-15T12:00:36+00:00","dateModified":"2023-03-23T11:32:39+00:00","breadcrumb":{"@id":"https:\/\/www.praha14.cz\/samosprava\/zpravy-o-cinnosti-strr\/#breadcrumb"},"inLanguage":"cs","potentialAction":[{"@type":"ReadAction","target":["https:\/\/www.praha14.cz\/samosprava\/zpravy-o-cinnosti-strr\/"]}]},{"@type":"BreadcrumbList","@id":"https:\/\/www.praha14.cz\/samosprava\/zpravy-o-cinnosti-strr\/#breadcrumb","itemListElement":[{"@type":"ListItem","position":1,"name":"Samospr\u00e1va \u00daM\u010c Praha 14","item":"https:\/\/www.praha14.cz\/samosprava\/"},{"@type":"ListItem","position":2,"name":"Zpr\u00e1vy o \u010dinnosti STRR"}]},{"@type":"WebSite","@id":"https:\/\/www.praha14.cz\/samosprava\/#website","url":"https:\/\/www.praha14.cz\/samosprava\/","name":"Samospr\u00e1va \u00daM\u010c Praha 14","description":"Ofici\u00e1ln\u00ed str\u00e1nky Samospr\u00e1vy \u00daM\u010c Praha 14","potentialAction":[{"@type":"SearchAction","target":{"@type":"EntryPoint","urlTemplate":"https:\/\/www.praha14.cz\/samosprava\/?s={search_term_string}"},"query-input":{"@type":"PropertyValueSpecification","valueRequired":true,"valueName":"search_term_string"}}],"inLanguage":"cs"}]}},"_links":{"self":[{"href":"https:\/\/www.praha14.cz\/samosprava\/wp-json\/wp\/v2\/pages\/41314","targetHints":{"allow":["GET"]}}],"collection":[{"href":"https:\/\/www.praha14.cz\/samosprava\/wp-json\/wp\/v2\/pages"}],"about":[{"href":"https:\/\/www.praha14.cz\/samosprava\/wp-json\/wp\/v2\/types\/page"}],"author":[{"embeddable":true,"href":"https:\/\/www.praha14.cz\/samosprava\/wp-json\/wp\/v2\/users\/1057"}],"replies":[{"embeddable":true,"href":"https:\/\/www.praha14.cz\/samosprava\/wp-json\/wp\/v2\/comments?post=41314"}],"version-history":[{"count":6,"href":"https:\/\/www.praha14.cz\/samosprava\/wp-json\/wp\/v2\/pages\/41314\/revisions"}],"predecessor-version":[{"id":45614,"href":"https:\/\/www.praha14.cz\/samosprava\/wp-json\/wp\/v2\/pages\/41314\/revisions\/45614"}],"wp:attachment":[{"href":"https:\/\/www.praha14.cz\/samosprava\/wp-json\/wp\/v2\/media?parent=41314"}],"curies":[{"name":"wp","href":"https:\/\/api.w.org\/{rel}","templated":true}]}}