{"id":41535,"date":"2018-06-18T13:26:51","date_gmt":"2018-06-18T11:26:51","guid":{"rendered":"https:\/\/www.praha14.cz\/samosprava\/?page_id=41535"},"modified":"2021-02-26T10:03:53","modified_gmt":"2021-02-26T09:03:53","slug":"dokumenty-k-projektu-mistni-akcni-plan-praha-14-ii","status":"publish","type":"page","link":"https:\/\/www.praha14.cz\/samosprava\/dokumenty-k-projektu-mistni-akcni-plan-praha-14-ii\/","title":{"rendered":"Dokumenty k projektu M\u00edstn\u00ed ak\u010dn\u00ed pl\u00e1n Praha 14 II."},"content":{"rendered":"<section class=\"p14-panel-group\"><div id=\"panel_group_1\" class=\"panel-group\"><article class=\"panel panel-default\">\n\t\t\t<div class=\"panel-heading\">\n\t\t\t\t<h1 class=\"panel-title\">\n\t\t\t\t\t<a data-toggle=\"collapse\" data-parent=\"#panel_group_1\" href=\"#panel_1_1\" class=\"collapsed\">\n\t\t\t\t\t\tOzn\u00e1men\u00ed\n\t\t\t\t\t<\/a>\n\t\t\t\t<\/h1>\n\t\t\t<\/div>\n\t\t\t<div id=\"panel_1_1\" class=\"panel-collapse collapse\">\n\t\t\t\t<div class=\"panel-body\">\n\t\t\t\t\t<\/p>\n<p><span style=\"color: #ff9900;\"><strong><span style=\"color: #000000;\"><a href=\"https:\/\/www.praha14.cz\/samosprava\/oznameni-z-roku-2018\/\" target=\"_blank\" rel=\"noopener noreferrer\">OZN\u00c1MEN\u00cd Z ROKU 2018<\/a> <\/span><\/strong><\/span><\/p>\n<p><strong><a href=\"https:\/\/www.praha14.cz\/samosprava\/map-ii-oznameni-z-roku-2019\/\" target=\"_blank\" rel=\"noopener noreferrer\">OZN\u00c1MEN\u00cd Z ROKU 2019<\/a><\/strong><\/p>\n<p><strong>\u0158\u00edd\u00edc\u00ed v\u00fdbor<\/strong><\/p>\n<ul>\n<li><a href=\"https:\/\/www.praha14.cz\/app\/uploads\/sites\/3\/2020\/12\/Ozn\u00e1men\u00ed-zased\u00e1n\u00ed-5.-\u0158\u00edd\u00edc\u00ed-v\u00fdbor.pdf\" target=\"_blank\" rel=\"noopener noreferrer\">Ozn\u00e1men\u00ed o 5. zased\u00e1n\u00ed \u0158\u00edd\u00edc\u00edho v\u00fdboru MAP II.<\/a><\/li>\n<li><a href=\"https:\/\/www.praha14.cz\/app\/uploads\/sites\/3\/2021\/02\/Oznameni_zasedani_6.-Ridici_vybor_MAP_II.pdf\" target=\"_blank\" rel=\"noopener noreferrer\">Ozn\u00e1men\u00ed o 6. zased\u00e1n\u00ed \u0158\u00edd\u00edc\u00edho v\u00fdboru MAP II.<\/a><\/li>\n<\/ul>\n<p><strong>Pracovn\u00ed skupina pro financov\u00e1n\u00ed<\/strong><\/p>\n<ul>\n<li><a href=\"https:\/\/www.praha14.cz\/app\/uploads\/sites\/3\/2020\/12\/Ozn\u00e1men\u00ed_Financovani_5-zasedan\u00ed_2.10.2020.pdf\" target=\"_blank\" rel=\"noopener noreferrer\">Ozn\u00e1men\u00ed &#8211; 5.\u00a0 zased\u00e1n\u00ed_2. 10. 2020<\/a><\/li>\n<\/ul>\n<p><strong>Pracovn\u00ed skupina pro \u010dten\u00e1\u0159skou gramotnost<\/strong><\/p>\n<ul>\n<li><a href=\"https:\/\/www.praha14.cz\/app\/uploads\/sites\/3\/2020\/12\/Ozn\u00e1men\u00ed_CJ_1-zased\u00e1n\u00ed-30.6.2020.pdf\" target=\"_blank\" rel=\"noopener noreferrer\">Ozn\u00e1men\u00ed &#8211; 1. zased\u00e1n\u00ed 30. 6. 2020<\/a><\/li>\n<li><a href=\"https:\/\/www.praha14.cz\/app\/uploads\/sites\/3\/2020\/12\/Ozn\u00e1men\u00ed_CJ_2_zasedani-1.10.-pred-CJ-a-CJ-I.-stupe\u0148.pdf\" target=\"_blank\" rel=\"noopener noreferrer\">Ozn\u00e1men\u00ed &#8211; 2. zasedan\u00ed 1. 10.\u00a0 2020 p\u0159ed \u010cJ a \u010cJ I. stupe\u0148<\/a><\/li>\n<li><a href=\"https:\/\/www.praha14.cz\/app\/uploads\/sites\/3\/2020\/12\/Ozn\u00e1men\u00ed_CJ_2_zasedani-1.10.2020-II.-stupe\u0148.pdf\" target=\"_blank\" rel=\"noopener noreferrer\">Ozn\u00e1men\u00ed &#8211; 2. zasedan\u00ed 1. 10. 2020 II. stupe\u0148<\/a><\/li>\n<li><a href=\"https:\/\/www.praha14.cz\/app\/uploads\/sites\/3\/2020\/12\/Ozn\u00e1men\u00ed_CJ_3_zasedani-2.10.-pred-CJ-a-CJ-I.-stupe\u0148.pdf\" target=\"_blank\" rel=\"noopener noreferrer\">Ozn\u00e1men\u00ed &#8211; 3. zasedan\u00ed 2. 10. 2020 p\u0159ed \u010cJ a \u010cJ I. stupe\u0148\u00a0<\/a><\/li>\n<li><a href=\"https:\/\/www.praha14.cz\/app\/uploads\/sites\/3\/2020\/12\/Ozn\u00e1men\u00ed_CJ_3_zasedani-2.10.2020-II.-stupe\u0148.pdf\" target=\"_blank\" rel=\"noopener noreferrer\">Ozn\u00e1men\u00ed &#8211; 3. zasedan\u00ed 2. 10. 2020 II. stupe\u0148<\/a><\/li>\n<\/ul>\n<p><strong>Pracovn\u00ed skupina pro matematickou gramotnost<\/strong><\/p>\n<ul>\n<li><a href=\"https:\/\/www.praha14.cz\/app\/uploads\/sites\/3\/2020\/12\/Ozn\u00e1men\u00ed_M_1-zased\u00e1n\u00ed-30.6.2020.pdf\" target=\"_blank\" rel=\"noopener noreferrer\">Ozn\u00e1men\u00ed &#8211; 1. zased\u00e1n\u00ed 30. 6. 2020<\/a><\/li>\n<li><a href=\"https:\/\/www.praha14.cz\/app\/uploads\/sites\/3\/2020\/12\/Ozn\u00e1men\u00ed_M_2_zasedani-1.10-2020_M-II.-stupe\u0148.pdf\" target=\"_blank\" rel=\"noopener noreferrer\">Ozn\u00e1men\u00ed &#8211; 2. zasedan\u00ed 1. 10. 2020_II. stupe\u0148<\/a><\/li>\n<li><a href=\"https:\/\/www.praha14.cz\/app\/uploads\/sites\/3\/2020\/12\/Ozn\u00e1men\u00ed_M_2_zasedani-1.10-2020_pred-M-a-M-I.-stupe\u0148.pdf\" target=\"_blank\" rel=\"noopener noreferrer\">Ozn\u00e1men\u00ed &#8211; 2. zasedan\u00ed 1. 10. 2020 p\u0159ed M a M I. stupe\u0148<\/a><\/li>\n<li><a href=\"https:\/\/www.praha14.cz\/app\/uploads\/sites\/3\/2020\/12\/Ozn\u00e1men\u00ed_M_3_zasedani-2.10-2020_M-II.-stupe\u0148.pdf\" target=\"_blank\" rel=\"noopener noreferrer\">Ozn\u00e1men\u00ed &#8211; 3. zasedan\u00ed 2. 10. 2020 II. stupe\u0148<\/a><\/li>\n<li><a href=\"https:\/\/www.praha14.cz\/app\/uploads\/sites\/3\/2020\/12\/Ozn\u00e1men\u00ed_M_3_zasedani-2.10-2020_pred-M-a-M-I.-stupe\u0148.pdf\" target=\"_blank\" rel=\"noopener noreferrer\">Ozn\u00e1men\u00ed &#8211; 3. zasedan\u00ed 2. 10. 2020 p\u0159ed M a M I. stupe\u0148<\/a><\/li>\n<\/ul>\n<p><strong>Pracovn\u00ed skupina pro rovn\u00e9 p\u0159\u00edle\u017eitosti<\/strong><\/p>\n<ul>\n<li><a href=\"https:\/\/www.praha14.cz\/app\/uploads\/sites\/3\/2020\/12\/Ozn\u00e1men\u00ed_RP_1-zased\u00e1n\u00ed-30.6.2020.pdf\">Ozn\u00e1men\u00ed &#8211; 1. zased\u00e1n\u00ed 30. 6. 2020<\/a><\/li>\n<li><a href=\"https:\/\/www.praha14.cz\/app\/uploads\/sites\/3\/2020\/12\/Ozn\u00e1men\u00ed_RP_2_zasedani-1.10-2020.pdf\" target=\"_blank\" rel=\"noopener noreferrer\">Ozn\u00e1men\u00ed &#8211; 2. zasedan\u00ed 1. 10. 2020<\/a><\/li>\n<li><a href=\"https:\/\/www.praha14.cz\/app\/uploads\/sites\/3\/2020\/12\/Ozn\u00e1men\u00ed_RP_3_zasedani-2.10-2020.pdf\" target=\"_blank\" rel=\"noopener noreferrer\">Ozn\u00e1men\u00ed &#8211; 3._zasedan\u00ed 2. 10. 2020<\/a><\/li>\n<\/ul>\n<p><strong>Pracovn\u00ed skupina pro brannou v\u00fdchovu<\/strong><\/p>\n<ul>\n<li><a href=\"https:\/\/www.praha14.cz\/app\/uploads\/sites\/3\/2020\/12\/Ozn\u00e1men\u00ed_BV_1-zased\u00e1n\u00ed-30.6.2020.pdf\" target=\"_blank\" rel=\"noopener noreferrer\">Ozn\u00e1men\u00ed &#8211; 1. zased\u00e1n\u00ed 30. 6. 2020<\/a><\/li>\n<li><a href=\"https:\/\/www.praha14.cz\/app\/uploads\/sites\/3\/2020\/12\/Ozn\u00e1men\u00ed_BV_2-zased\u00e1n\u00ed-1.10.2020.pdf\" target=\"_blank\" rel=\"noopener noreferrer\">Ozn\u00e1men\u00ed &#8211; 2. zased\u00e1n\u00ed 1. 10. 2020<\/a><\/li>\n<li><a href=\"https:\/\/www.praha14.cz\/app\/uploads\/sites\/3\/2020\/12\/Ozn\u00e1men\u00ed_BV_3-zased\u00e1n\u00ed-2.10.2020.pdf\">Ozn\u00e1men\u00ed &#8211; 3. \u00a0zased\u00e1n\u00ed 2. 10. 2020<\/a><\/li>\n<\/ul>\n<p>\n\t\t\t\t<\/div>\n\t\t\t<\/div>\n\t\t<\/article><article class=\"panel panel-default\">\n\t\t\t<div class=\"panel-heading\">\n\t\t\t\t<h1 class=\"panel-title\">\n\t\t\t\t\t<a data-toggle=\"collapse\" data-parent=\"#panel_group_1\" href=\"#zapisy\" class=\"collapsed\">\n\t\t\t\t\t\tZ\u00e1pisy\n\t\t\t\t\t<\/a>\n\t\t\t\t<\/h1>\n\t\t\t<\/div>\n\t\t\t<div id=\"zapisy\" class=\"panel-collapse collapse\">\n\t\t\t\t<div class=\"panel-body\">\n\t\t\t\t\t<\/p>\n<p><strong><a href=\"https:\/\/www.praha14.cz\/samosprava\/map-ii-zapisy-z-roku-2018\/\" target=\"_blank\" rel=\"noopener noreferrer\">Z\u00c1PISY Z ROKU 2018<\/a> <\/strong><\/p>\n<p><strong><a href=\"https:\/\/www.praha14.cz\/samosprava\/map-ii-zapisy-z-roku-2019\/\" target=\"_blank\" rel=\"noopener noreferrer\">Z\u00c1PISY Z ROKU 2019<\/a> <\/strong><\/p>\n<p><strong>\u0158\u00edd\u00edc\u00ed v\u00fdbor<\/strong><\/p>\n<ul>\n<li><a href=\"https:\/\/www.praha14.cz\/app\/uploads\/sites\/3\/2020\/12\/Z\u00e1pis-zased\u00e1n\u00ed-5.-\u0158\u00edd\u00edc\u00ed-v\u00fdbor.pdf\" target=\"_blank\" rel=\"noopener noreferrer\">Z\u00e1pis z 5. zased\u00e1n\u00ed \u0158\u00edd\u00edc\u00edho v\u00fdboru MAP II<\/a><\/li>\n<li><a href=\"https:\/\/www.praha14.cz\/app\/uploads\/sites\/3\/2021\/02\/Z\u00e1pis-z-6.-jedn\u00e1n\u00ed-\u0158V.pdf\" target=\"_blank\" rel=\"noopener noreferrer\">Z\u00e1pis z 6. zased\u00e1n\u00ed \u0158\u00edd\u00edc\u00edho v\u00fdboru MAP II<\/a><\/li>\n<\/ul>\n<p><strong>Pracovn\u00ed skupina pro financov\u00e1n\u00ed<\/strong><\/p>\n<ul>\n<li><a href=\"https:\/\/www.praha14.cz\/app\/uploads\/sites\/3\/2020\/12\/Z\u00e1pis-zased\u00e1n\u00ed-PS-pro-financov\u00e1n\u00ed-2.10.2020.pdf\" target=\"_blank\" rel=\"noopener noreferrer\">Z\u00e1pis &#8211; zased\u00e1n\u00ed PS pro financov\u00e1n\u00ed 2. 10. 2020<\/a><\/li>\n<\/ul>\n<p><strong>Pracovn\u00ed skupina pro \u010dten\u00e1\u0159skou gramotnost<\/strong><\/p>\n<ul>\n<li><a href=\"https:\/\/www.praha14.cz\/app\/uploads\/sites\/3\/2020\/12\/Z\u00e1pis_CJ_1-zased\u00e1n\u00ed-30.6.2020.pdf\" target=\"_blank\" rel=\"noopener noreferrer\">Z\u00e1pis &#8211; 1. zased\u00e1n\u00ed 30. 6. 2020<\/a><\/li>\n<li><a href=\"https:\/\/www.praha14.cz\/app\/uploads\/sites\/3\/2020\/12\/Z\u00e1pis_CJ_2_zasedani-1.10-2020_CJ-II.pdf\" target=\"_blank\" rel=\"noopener noreferrer\">Z\u00e1pis &#8211; 2. zasedan\u00ed 1. 10. 2020 II. stupe\u0148<\/a><\/li>\n<li><a href=\"https:\/\/www.praha14.cz\/app\/uploads\/sites\/3\/2020\/12\/Z\u00e1pis_CJ_2_zasedani-1.10-2020_pred-CJ-a-CJ-I.pdf\" target=\"_blank\" rel=\"noopener noreferrer\">Z\u00e1pis &#8211; 2. zasedan\u00ed 1. 10 2020 p\u0159ed \u010cJ a \u010cJ I. stupe\u0148<\/a><\/li>\n<li><a href=\"https:\/\/www.praha14.cz\/app\/uploads\/sites\/3\/2020\/12\/Z\u00e1pis_CJ_3_zasedani-2.10-2020_CJ-II.pdf\" target=\"_blank\" rel=\"noopener noreferrer\">Z\u00e1pis &#8211; 3. zasedan\u00ed 2. 10. 2020 II. stupe\u0148<\/a><\/li>\n<li><a href=\"https:\/\/www.praha14.cz\/app\/uploads\/sites\/3\/2020\/12\/Z\u00e1pis_CJ_3_zasedani-2.10-2020_pred-CJ-a-CJ-I.pdf\" target=\"_blank\" rel=\"noopener noreferrer\">Z\u00e1pis &#8211; 3. zasedan\u00ed 2. 10. 2020 p\u0159ed \u010cJ a \u010cJ I. stupe\u0148<\/a><\/li>\n<\/ul>\n<p><strong>Pracovn\u00ed skupina pro matematickou gramotnost<\/strong><\/p>\n<ul>\n<li><a href=\"https:\/\/www.praha14.cz\/app\/uploads\/sites\/3\/2020\/12\/Z\u00e1pis_M_1-zased\u00e1n\u00ed-30.6.2020.pdf\" target=\"_blank\" rel=\"noopener noreferrer\">Z\u00e1pis &#8211; 1. zased\u00e1n\u00ed 30. 6. 2020<\/a><\/li>\n<li><a href=\"https:\/\/www.praha14.cz\/app\/uploads\/sites\/3\/2020\/12\/Z\u00e1pis_M_2_zasedani-1.10.2020_M-II.pdf\" target=\"_blank\" rel=\"noopener noreferrer\">Z\u00e1pis &#8211; 2. zasedan\u00ed 1. 10. 2020 II. stupe\u0148<\/a><\/li>\n<li><a href=\"https:\/\/www.praha14.cz\/app\/uploads\/sites\/3\/2020\/12\/Z\u00e1pis_M_2_zasedani-1.10.2020_pred-M-a-M-I.pdf\" target=\"_blank\" rel=\"noopener noreferrer\">Z\u00e1pis &#8211; 2. zasedan\u00ed 1. 10. 2020 p\u0159ed M a M I. stupe\u0148<\/a><\/li>\n<li><a href=\"https:\/\/www.praha14.cz\/app\/uploads\/sites\/3\/2020\/12\/Z\u00e1pis_M_3_zasedani-2.10.2020_M-II.pdf\" target=\"_blank\" rel=\"noopener noreferrer\">Z\u00e1pis &#8211; 3. zasedan\u00ed 2. 10. 2020 II. stupe\u0148<\/a><\/li>\n<li><a href=\"https:\/\/www.praha14.cz\/app\/uploads\/sites\/3\/2020\/12\/Z\u00e1pis_M_3_zasedani-2.10.2020_pred-M-a-M-I.pdf\" target=\"_blank\" rel=\"noopener noreferrer\">Z\u00e1pis &#8211; 3. zasedan\u00ed 2. 10. 2020 p\u0159ed M a M. I. stupe\u0148<\/a><\/li>\n<\/ul>\n<p><strong>Pracovn\u00ed skupina pro rovn\u00e9 p\u0159\u00edle\u017eitosti<\/strong><\/p>\n<ul>\n<li><a href=\"https:\/\/www.praha14.cz\/app\/uploads\/sites\/3\/2020\/12\/Z\u00e1pis_RP_1-zased\u00e1n\u00ed-30.6.2020.pdf\" target=\"_blank\" rel=\"noopener noreferrer\">Z\u00e1pis &#8211; 1.\u00a0 zased\u00e1n\u00ed 30. 6. 2020<\/a><\/li>\n<li><a href=\"https:\/\/www.praha14.cz\/app\/uploads\/sites\/3\/2020\/12\/Z\u00e1pis_RP_2_zasedani-1.10.2020.pdf\" target=\"_blank\" rel=\"noopener noreferrer\">Z\u00e1pis &#8211; 2. zasedan\u00ed 1. 10. 2020<\/a><\/li>\n<li><a href=\"https:\/\/www.praha14.cz\/app\/uploads\/sites\/3\/2020\/12\/Z\u00e1pis_RP_3_zasedani-2.10.2020.pdf\" target=\"_blank\" rel=\"noopener noreferrer\">Z\u00e1pis &#8211; 3. zasedan\u00ed 2. 10. 2020<\/a><\/li>\n<\/ul>\n<p><strong><strong>Pracovn\u00ed skupina pro brannou v\u00fdchovu<\/strong><\/strong><\/p>\n<ul>\n<li><a href=\"https:\/\/www.praha14.cz\/app\/uploads\/sites\/3\/2020\/12\/Z\u00e1pis_BV_1-zased\u00e1n\u00ed-30.6.2020.pdf\" target=\"_blank\" rel=\"noopener noreferrer\">Z\u00e1pis &#8211; 1. zased\u00e1n\u00ed 30. 6. 2020<\/a><\/li>\n<li><a href=\"https:\/\/www.praha14.cz\/app\/uploads\/sites\/3\/2020\/12\/Z\u00e1pis_BV_2-zased\u00e1n\u00ed-1.10.-2020.pdf\" target=\"_blank\" rel=\"noopener noreferrer\">Z\u00e1pis &#8211; 2. zased\u00e1n\u00ed 1. 10. 2020<\/a><\/li>\n<li><a href=\"https:\/\/www.praha14.cz\/app\/uploads\/sites\/3\/2020\/12\/Z\u00e1pis_BV_3-zased\u00e1n\u00ed-2.10.-2020.pdf\" target=\"_blank\" rel=\"noopener noreferrer\">Z\u00e1pis &#8211; 3. zased\u00e1n\u00ed 2. 10. 2020<\/a><\/li>\n<\/ul>\n<p><a href=\"https:\/\/www.praha14.cz\/app\/uploads\/sites\/3\/2021\/02\/Seznam-m\u00edstn\u00edch-l\u00eddr\u016f-k-31.12.2020.pdf\" target=\"_blank\" rel=\"noopener noreferrer\">Seznam m\u00edstn\u00edch l\u00eddr\u016f<\/a><\/p>\n<p>\n\t\t\t\t<\/div>\n\t\t\t<\/div>\n\t\t<\/article><\/div><\/section>\n<p>&nbsp;<\/p>\n","protected":false},"excerpt":{"rendered":"<p>&nbsp;<\/p>\n","protected":false},"author":6,"featured_media":0,"parent":0,"menu_order":0,"comment_status":"closed","ping_status":"closed","template":"","meta":{"_acf_changed":false,"footnotes":""},"class_list":["post-41535","page","type-page","status-publish","hentry"],"acf":[],"yoast_head":"<!-- This site is optimized with the Yoast SEO plugin v27.2 - https:\/\/yoast.com\/product\/yoast-seo-wordpress\/ -->\n<title>Dokumenty k projektu M\u00edstn\u00ed ak\u010dn\u00ed pl\u00e1n Praha 14 II. - Samospr\u00e1va \u00daM\u010c Praha 14<\/title>\n<meta name=\"robots\" content=\"index, follow, max-snippet:-1, max-image-preview:large, max-video-preview:-1\" \/>\n<link rel=\"canonical\" href=\"https:\/\/www.praha14.cz\/samosprava\/dokumenty-k-projektu-mistni-akcni-plan-praha-14-ii\/\" \/>\n<meta property=\"og:locale\" content=\"cs_CZ\" \/>\n<meta property=\"og:type\" content=\"article\" \/>\n<meta property=\"og:title\" content=\"Dokumenty k projektu M\u00edstn\u00ed ak\u010dn\u00ed pl\u00e1n Praha 14 II. - Samospr\u00e1va \u00daM\u010c Praha 14\" \/>\n<meta property=\"og:description\" content=\"&nbsp;\" \/>\n<meta property=\"og:url\" content=\"https:\/\/www.praha14.cz\/samosprava\/dokumenty-k-projektu-mistni-akcni-plan-praha-14-ii\/\" \/>\n<meta property=\"og:site_name\" content=\"Samospr\u00e1va \u00daM\u010c Praha 14\" \/>\n<meta property=\"article:modified_time\" content=\"2021-02-26T09:03:53+00:00\" \/>\n<meta name=\"twitter:card\" content=\"summary_large_image\" \/>\n<meta name=\"twitter:label1\" content=\"Est. reading time\" \/>\n\t<meta name=\"twitter:data1\" content=\"2 minuty\" \/>\n<script type=\"application\/ld+json\" class=\"yoast-schema-graph\">{\"@context\":\"https:\/\/schema.org\",\"@graph\":[{\"@type\":\"WebPage\",\"@id\":\"https:\/\/www.praha14.cz\/samosprava\/dokumenty-k-projektu-mistni-akcni-plan-praha-14-ii\/\",\"url\":\"https:\/\/www.praha14.cz\/samosprava\/dokumenty-k-projektu-mistni-akcni-plan-praha-14-ii\/\",\"name\":\"Dokumenty k projektu M\u00edstn\u00ed ak\u010dn\u00ed pl\u00e1n Praha 14 II. - Samospr\u00e1va \u00daM\u010c Praha 14\",\"isPartOf\":{\"@id\":\"https:\/\/www.praha14.cz\/samosprava\/#website\"},\"datePublished\":\"2018-06-18T11:26:51+00:00\",\"dateModified\":\"2021-02-26T09:03:53+00:00\",\"breadcrumb\":{\"@id\":\"https:\/\/www.praha14.cz\/samosprava\/dokumenty-k-projektu-mistni-akcni-plan-praha-14-ii\/#breadcrumb\"},\"inLanguage\":\"cs\",\"potentialAction\":[{\"@type\":\"ReadAction\",\"target\":[\"https:\/\/www.praha14.cz\/samosprava\/dokumenty-k-projektu-mistni-akcni-plan-praha-14-ii\/\"]}]},{\"@type\":\"BreadcrumbList\",\"@id\":\"https:\/\/www.praha14.cz\/samosprava\/dokumenty-k-projektu-mistni-akcni-plan-praha-14-ii\/#breadcrumb\",\"itemListElement\":[{\"@type\":\"ListItem\",\"position\":1,\"name\":\"Samospr\u00e1va \u00daM\u010c Praha 14\",\"item\":\"https:\/\/www.praha14.cz\/samosprava\/\"},{\"@type\":\"ListItem\",\"position\":2,\"name\":\"Dokumenty k projektu M\u00edstn\u00ed ak\u010dn\u00ed pl\u00e1n Praha 14 II.\"}]},{\"@type\":\"WebSite\",\"@id\":\"https:\/\/www.praha14.cz\/samosprava\/#website\",\"url\":\"https:\/\/www.praha14.cz\/samosprava\/\",\"name\":\"Samospr\u00e1va \u00daM\u010c Praha 14\",\"description\":\"Ofici\u00e1ln\u00ed str\u00e1nky Samospr\u00e1vy \u00daM\u010c Praha 14\",\"potentialAction\":[{\"@type\":\"SearchAction\",\"target\":{\"@type\":\"EntryPoint\",\"urlTemplate\":\"https:\/\/www.praha14.cz\/samosprava\/?s={search_term_string}\"},\"query-input\":{\"@type\":\"PropertyValueSpecification\",\"valueRequired\":true,\"valueName\":\"search_term_string\"}}],\"inLanguage\":\"cs\"}]}<\/script>\n<!-- \/ Yoast SEO plugin. -->","yoast_head_json":{"title":"Dokumenty k projektu M\u00edstn\u00ed ak\u010dn\u00ed pl\u00e1n Praha 14 II. - Samospr\u00e1va \u00daM\u010c Praha 14","robots":{"index":"index","follow":"follow","max-snippet":"max-snippet:-1","max-image-preview":"max-image-preview:large","max-video-preview":"max-video-preview:-1"},"canonical":"https:\/\/www.praha14.cz\/samosprava\/dokumenty-k-projektu-mistni-akcni-plan-praha-14-ii\/","og_locale":"cs_CZ","og_type":"article","og_title":"Dokumenty k projektu M\u00edstn\u00ed ak\u010dn\u00ed pl\u00e1n Praha 14 II. - Samospr\u00e1va \u00daM\u010c Praha 14","og_description":"&nbsp;","og_url":"https:\/\/www.praha14.cz\/samosprava\/dokumenty-k-projektu-mistni-akcni-plan-praha-14-ii\/","og_site_name":"Samospr\u00e1va \u00daM\u010c Praha 14","article_modified_time":"2021-02-26T09:03:53+00:00","twitter_card":"summary_large_image","twitter_misc":{"Est. reading time":"2 minuty"},"schema":{"@context":"https:\/\/schema.org","@graph":[{"@type":"WebPage","@id":"https:\/\/www.praha14.cz\/samosprava\/dokumenty-k-projektu-mistni-akcni-plan-praha-14-ii\/","url":"https:\/\/www.praha14.cz\/samosprava\/dokumenty-k-projektu-mistni-akcni-plan-praha-14-ii\/","name":"Dokumenty k projektu M\u00edstn\u00ed ak\u010dn\u00ed pl\u00e1n Praha 14 II. - Samospr\u00e1va \u00daM\u010c Praha 14","isPartOf":{"@id":"https:\/\/www.praha14.cz\/samosprava\/#website"},"datePublished":"2018-06-18T11:26:51+00:00","dateModified":"2021-02-26T09:03:53+00:00","breadcrumb":{"@id":"https:\/\/www.praha14.cz\/samosprava\/dokumenty-k-projektu-mistni-akcni-plan-praha-14-ii\/#breadcrumb"},"inLanguage":"cs","potentialAction":[{"@type":"ReadAction","target":["https:\/\/www.praha14.cz\/samosprava\/dokumenty-k-projektu-mistni-akcni-plan-praha-14-ii\/"]}]},{"@type":"BreadcrumbList","@id":"https:\/\/www.praha14.cz\/samosprava\/dokumenty-k-projektu-mistni-akcni-plan-praha-14-ii\/#breadcrumb","itemListElement":[{"@type":"ListItem","position":1,"name":"Samospr\u00e1va \u00daM\u010c Praha 14","item":"https:\/\/www.praha14.cz\/samosprava\/"},{"@type":"ListItem","position":2,"name":"Dokumenty k projektu M\u00edstn\u00ed ak\u010dn\u00ed pl\u00e1n Praha 14 II."}]},{"@type":"WebSite","@id":"https:\/\/www.praha14.cz\/samosprava\/#website","url":"https:\/\/www.praha14.cz\/samosprava\/","name":"Samospr\u00e1va \u00daM\u010c Praha 14","description":"Ofici\u00e1ln\u00ed str\u00e1nky Samospr\u00e1vy \u00daM\u010c Praha 14","potentialAction":[{"@type":"SearchAction","target":{"@type":"EntryPoint","urlTemplate":"https:\/\/www.praha14.cz\/samosprava\/?s={search_term_string}"},"query-input":{"@type":"PropertyValueSpecification","valueRequired":true,"valueName":"search_term_string"}}],"inLanguage":"cs"}]}},"_links":{"self":[{"href":"https:\/\/www.praha14.cz\/samosprava\/wp-json\/wp\/v2\/pages\/41535","targetHints":{"allow":["GET"]}}],"collection":[{"href":"https:\/\/www.praha14.cz\/samosprava\/wp-json\/wp\/v2\/pages"}],"about":[{"href":"https:\/\/www.praha14.cz\/samosprava\/wp-json\/wp\/v2\/types\/page"}],"author":[{"embeddable":true,"href":"https:\/\/www.praha14.cz\/samosprava\/wp-json\/wp\/v2\/users\/6"}],"replies":[{"embeddable":true,"href":"https:\/\/www.praha14.cz\/samosprava\/wp-json\/wp\/v2\/comments?post=41535"}],"version-history":[{"count":7,"href":"https:\/\/www.praha14.cz\/samosprava\/wp-json\/wp\/v2\/pages\/41535\/revisions"}],"predecessor-version":[{"id":43763,"href":"https:\/\/www.praha14.cz\/samosprava\/wp-json\/wp\/v2\/pages\/41535\/revisions\/43763"}],"wp:attachment":[{"href":"https:\/\/www.praha14.cz\/samosprava\/wp-json\/wp\/v2\/media?parent=41535"}],"curies":[{"name":"wp","href":"https:\/\/api.w.org\/{rel}","templated":true}]}}