{"id":42370,"date":"2019-01-25T08:26:41","date_gmt":"2019-01-25T07:26:41","guid":{"rendered":"https:\/\/www.praha14.cz\/samosprava\/?page_id=42370"},"modified":"2021-02-15T11:01:00","modified_gmt":"2021-02-15T10:01:00","slug":"mistni-akcni-plan-praha-14","status":"publish","type":"page","link":"https:\/\/www.praha14.cz\/samosprava\/mistni-akcni-plan-praha-14\/","title":{"rendered":"M\u00cdSTN\u00cd AK\u010cN\u00cd PL\u00c1N PRAHA 14"},"content":{"rendered":"<p><a href=\"https:\/\/www.praha14.cz\/app\/uploads\/sites\/3\/2020\/12\/Podkladov\u00e1-anal\u00fdza-MAP-Praha-14_schv\u00e1len\u00e1.pdf\" target=\"_blank\" rel=\"noopener noreferrer\">Podkladov\u00e1 anal\u00fdza MAP M\u010c Praha 14 II<\/a><\/p>\n<p><a href=\"https:\/\/www.praha14.cz\/app\/uploads\/sites\/3\/2021\/02\/Invest.-priority-schv\u00e1leno-\u0158V-6.11.2019.pdf\" target=\"_blank\" rel=\"noopener noreferrer\">Investi\u010dn\u00ed priority MAP M\u010c Praha 14 II<\/a><\/p>\n<p><a href=\"https:\/\/www.praha14.cz\/app\/uploads\/sites\/3\/2020\/12\/Strategick\u00fd-r\u00e1mec-MAP-M\u010c-Praha-14-II.pdf\" target=\"_blank\" rel=\"noopener noreferrer\">Strategick\u00fd r\u00e1mec MAP M\u010c Praha 14 II<\/a><\/p>\n<p>&nbsp;<\/p>\n","protected":false},"excerpt":{"rendered":"<p>Podkladov\u00e1 anal\u00fdza MAP M\u010c Praha 14 II Investi\u010dn\u00ed priority MAP M\u010c Praha 14 II Strategick\u00fd r\u00e1mec MAP M\u010c Praha 14 II &nbsp;<\/p>\n","protected":false},"author":1057,"featured_media":0,"parent":0,"menu_order":0,"comment_status":"closed","ping_status":"closed","template":"","meta":{"_acf_changed":false,"footnotes":""},"class_list":["post-42370","page","type-page","status-publish","hentry"],"acf":[],"yoast_head":"<!-- This site is optimized with the Yoast SEO plugin v27.2 - https:\/\/yoast.com\/product\/yoast-seo-wordpress\/ -->\n<title>M\u00cdSTN\u00cd AK\u010cN\u00cd PL\u00c1N PRAHA 14 - Samospr\u00e1va \u00daM\u010c Praha 14<\/title>\n<meta name=\"robots\" content=\"index, follow, max-snippet:-1, max-image-preview:large, max-video-preview:-1\" \/>\n<link rel=\"canonical\" href=\"https:\/\/www.praha14.cz\/samosprava\/mistni-akcni-plan-praha-14\/\" \/>\n<meta property=\"og:locale\" content=\"cs_CZ\" \/>\n<meta property=\"og:type\" content=\"article\" \/>\n<meta property=\"og:title\" content=\"M\u00cdSTN\u00cd AK\u010cN\u00cd PL\u00c1N PRAHA 14 - Samospr\u00e1va \u00daM\u010c Praha 14\" \/>\n<meta property=\"og:description\" content=\"Podkladov\u00e1 anal\u00fdza MAP M\u010c Praha 14 II Investi\u010dn\u00ed priority MAP M\u010c Praha 14 II Strategick\u00fd r\u00e1mec MAP M\u010c Praha 14 II &nbsp;\" \/>\n<meta property=\"og:url\" content=\"https:\/\/www.praha14.cz\/samosprava\/mistni-akcni-plan-praha-14\/\" \/>\n<meta property=\"og:site_name\" content=\"Samospr\u00e1va \u00daM\u010c Praha 14\" \/>\n<meta property=\"article:modified_time\" content=\"2021-02-15T10:01:00+00:00\" \/>\n<meta name=\"twitter:card\" content=\"summary_large_image\" \/>\n<script type=\"application\/ld+json\" class=\"yoast-schema-graph\">{\"@context\":\"https:\/\/schema.org\",\"@graph\":[{\"@type\":\"WebPage\",\"@id\":\"https:\/\/www.praha14.cz\/samosprava\/mistni-akcni-plan-praha-14\/\",\"url\":\"https:\/\/www.praha14.cz\/samosprava\/mistni-akcni-plan-praha-14\/\",\"name\":\"M\u00cdSTN\u00cd AK\u010cN\u00cd PL\u00c1N PRAHA 14 - Samospr\u00e1va \u00daM\u010c Praha 14\",\"isPartOf\":{\"@id\":\"https:\/\/www.praha14.cz\/samosprava\/#website\"},\"datePublished\":\"2019-01-25T07:26:41+00:00\",\"dateModified\":\"2021-02-15T10:01:00+00:00\",\"breadcrumb\":{\"@id\":\"https:\/\/www.praha14.cz\/samosprava\/mistni-akcni-plan-praha-14\/#breadcrumb\"},\"inLanguage\":\"cs\",\"potentialAction\":[{\"@type\":\"ReadAction\",\"target\":[\"https:\/\/www.praha14.cz\/samosprava\/mistni-akcni-plan-praha-14\/\"]}]},{\"@type\":\"BreadcrumbList\",\"@id\":\"https:\/\/www.praha14.cz\/samosprava\/mistni-akcni-plan-praha-14\/#breadcrumb\",\"itemListElement\":[{\"@type\":\"ListItem\",\"position\":1,\"name\":\"Samospr\u00e1va \u00daM\u010c Praha 14\",\"item\":\"https:\/\/www.praha14.cz\/samosprava\/\"},{\"@type\":\"ListItem\",\"position\":2,\"name\":\"M\u00cdSTN\u00cd AK\u010cN\u00cd PL\u00c1N PRAHA 14\"}]},{\"@type\":\"WebSite\",\"@id\":\"https:\/\/www.praha14.cz\/samosprava\/#website\",\"url\":\"https:\/\/www.praha14.cz\/samosprava\/\",\"name\":\"Samospr\u00e1va \u00daM\u010c Praha 14\",\"description\":\"Ofici\u00e1ln\u00ed str\u00e1nky Samospr\u00e1vy \u00daM\u010c Praha 14\",\"potentialAction\":[{\"@type\":\"SearchAction\",\"target\":{\"@type\":\"EntryPoint\",\"urlTemplate\":\"https:\/\/www.praha14.cz\/samosprava\/?s={search_term_string}\"},\"query-input\":{\"@type\":\"PropertyValueSpecification\",\"valueRequired\":true,\"valueName\":\"search_term_string\"}}],\"inLanguage\":\"cs\"}]}<\/script>\n<!-- \/ Yoast SEO plugin. -->","yoast_head_json":{"title":"M\u00cdSTN\u00cd AK\u010cN\u00cd PL\u00c1N PRAHA 14 - Samospr\u00e1va \u00daM\u010c Praha 14","robots":{"index":"index","follow":"follow","max-snippet":"max-snippet:-1","max-image-preview":"max-image-preview:large","max-video-preview":"max-video-preview:-1"},"canonical":"https:\/\/www.praha14.cz\/samosprava\/mistni-akcni-plan-praha-14\/","og_locale":"cs_CZ","og_type":"article","og_title":"M\u00cdSTN\u00cd AK\u010cN\u00cd PL\u00c1N PRAHA 14 - Samospr\u00e1va \u00daM\u010c Praha 14","og_description":"Podkladov\u00e1 anal\u00fdza MAP M\u010c Praha 14 II Investi\u010dn\u00ed priority MAP M\u010c Praha 14 II Strategick\u00fd r\u00e1mec MAP M\u010c Praha 14 II &nbsp;","og_url":"https:\/\/www.praha14.cz\/samosprava\/mistni-akcni-plan-praha-14\/","og_site_name":"Samospr\u00e1va \u00daM\u010c Praha 14","article_modified_time":"2021-02-15T10:01:00+00:00","twitter_card":"summary_large_image","schema":{"@context":"https:\/\/schema.org","@graph":[{"@type":"WebPage","@id":"https:\/\/www.praha14.cz\/samosprava\/mistni-akcni-plan-praha-14\/","url":"https:\/\/www.praha14.cz\/samosprava\/mistni-akcni-plan-praha-14\/","name":"M\u00cdSTN\u00cd AK\u010cN\u00cd PL\u00c1N PRAHA 14 - Samospr\u00e1va \u00daM\u010c Praha 14","isPartOf":{"@id":"https:\/\/www.praha14.cz\/samosprava\/#website"},"datePublished":"2019-01-25T07:26:41+00:00","dateModified":"2021-02-15T10:01:00+00:00","breadcrumb":{"@id":"https:\/\/www.praha14.cz\/samosprava\/mistni-akcni-plan-praha-14\/#breadcrumb"},"inLanguage":"cs","potentialAction":[{"@type":"ReadAction","target":["https:\/\/www.praha14.cz\/samosprava\/mistni-akcni-plan-praha-14\/"]}]},{"@type":"BreadcrumbList","@id":"https:\/\/www.praha14.cz\/samosprava\/mistni-akcni-plan-praha-14\/#breadcrumb","itemListElement":[{"@type":"ListItem","position":1,"name":"Samospr\u00e1va \u00daM\u010c Praha 14","item":"https:\/\/www.praha14.cz\/samosprava\/"},{"@type":"ListItem","position":2,"name":"M\u00cdSTN\u00cd AK\u010cN\u00cd PL\u00c1N PRAHA 14"}]},{"@type":"WebSite","@id":"https:\/\/www.praha14.cz\/samosprava\/#website","url":"https:\/\/www.praha14.cz\/samosprava\/","name":"Samospr\u00e1va \u00daM\u010c Praha 14","description":"Ofici\u00e1ln\u00ed str\u00e1nky Samospr\u00e1vy \u00daM\u010c Praha 14","potentialAction":[{"@type":"SearchAction","target":{"@type":"EntryPoint","urlTemplate":"https:\/\/www.praha14.cz\/samosprava\/?s={search_term_string}"},"query-input":{"@type":"PropertyValueSpecification","valueRequired":true,"valueName":"search_term_string"}}],"inLanguage":"cs"}]}},"_links":{"self":[{"href":"https:\/\/www.praha14.cz\/samosprava\/wp-json\/wp\/v2\/pages\/42370","targetHints":{"allow":["GET"]}}],"collection":[{"href":"https:\/\/www.praha14.cz\/samosprava\/wp-json\/wp\/v2\/pages"}],"about":[{"href":"https:\/\/www.praha14.cz\/samosprava\/wp-json\/wp\/v2\/types\/page"}],"author":[{"embeddable":true,"href":"https:\/\/www.praha14.cz\/samosprava\/wp-json\/wp\/v2\/users\/1057"}],"replies":[{"embeddable":true,"href":"https:\/\/www.praha14.cz\/samosprava\/wp-json\/wp\/v2\/comments?post=42370"}],"version-history":[{"count":6,"href":"https:\/\/www.praha14.cz\/samosprava\/wp-json\/wp\/v2\/pages\/42370\/revisions"}],"predecessor-version":[{"id":43737,"href":"https:\/\/www.praha14.cz\/samosprava\/wp-json\/wp\/v2\/pages\/42370\/revisions\/43737"}],"wp:attachment":[{"href":"https:\/\/www.praha14.cz\/samosprava\/wp-json\/wp\/v2\/media?parent=42370"}],"curies":[{"name":"wp","href":"https:\/\/api.w.org\/{rel}","templated":true}]}}