{"id":43562,"date":"2020-12-02T13:27:13","date_gmt":"2020-12-02T12:27:13","guid":{"rendered":"https:\/\/www.praha14.cz\/samosprava\/?page_id=43562"},"modified":"2020-12-02T13:27:13","modified_gmt":"2020-12-02T12:27:13","slug":"map-ii-oznameni-z-roku-2019","status":"publish","type":"page","link":"https:\/\/www.praha14.cz\/samosprava\/map-ii-oznameni-z-roku-2019\/","title":{"rendered":"MAP II. &#8211; Ozn\u00e1men\u00ed z roku 2019"},"content":{"rendered":"<p><strong>\u0158\u00edd\u00edc\u00ed v\u00fdbor<\/strong><\/p>\n<ul>\n<li><a href=\"https:\/\/www.praha14.cz\/app\/uploads\/sites\/3\/2018\/06\/0_Oznameni_zasedani_Ridici_vybor_MAP_II-Terka.pdf\" target=\"_blank\" rel=\"noopener noreferrer\">Ozn\u00e1men\u00ed o 3. zased\u00e1n\u00ed \u0158\u00edd\u00edc\u00edho v\u00fdboru M\u00edstn\u00edho ak\u010dn\u00edho pl\u00e1nu II. &#8211; 18. 2. 2019<\/a><\/li>\n<\/ul>\n<p><strong>Pracovn\u00ed skupina pro financov\u00e1n\u00ed<\/strong><\/p>\n<ul>\n<li><a href=\"https:\/\/www.praha14.cz\/app\/uploads\/sites\/3\/2018\/06\/Pozv\u00e1nka_Financovani_3-zasedani-29.8.-2019.pdf\" target=\"_blank\" rel=\"noopener noreferrer\">Ozn\u00e1men\u00ed &#8211; zased\u00e1n\u00ed 29. 8. 2019<\/a><\/li>\n<\/ul>\n<p><strong>Pracovn\u00ed skupina pro \u010dten\u00e1\u0159skou gramotnost<\/strong><\/p>\n<ul>\n<li><a href=\"https:\/\/www.praha14.cz\/app\/uploads\/sites\/3\/2018\/06\/Pozv\u00e1nka_\u010cten\u00e1\u0159sk\u00e1-gramotnost-_zasedani-1_2019-28.3.-2019.pdf\" target=\"_blank\" rel=\"noopener noreferrer\">Ozn\u00e1men\u00ed &#8211; zased\u00e1n\u00ed\u00a028. 3. 2019<\/a><\/li>\n<li><a href=\"https:\/\/www.praha14.cz\/app\/uploads\/sites\/3\/2018\/06\/Pozv\u00e1nka_\u010cten\u00e1\u0159sk\u00e1-gramotnost-_zasedani-2_2019-28.6.-2019.pdf\" target=\"_blank\" rel=\"noopener noreferrer\">Ozn\u00e1men\u00ed &#8211; zased\u00e1n\u00ed 28. 6. 2019<\/a><\/li>\n<li><a href=\"https:\/\/www.praha14.cz\/app\/uploads\/sites\/3\/2018\/06\/Pozv\u00e1nka_\u010cten\u00e1\u0159sk\u00e1-gramotnost-_zasedani-3-4_2019-27.-28.8.-2019.pdf\" target=\"_blank\" rel=\"noopener noreferrer\">Ozn\u00e1men\u00ed &#8211; zased\u00e1n\u00ed 27. &#8211; 28. 8. 2019<\/a><\/li>\n<\/ul>\n<p><strong>Pracovn\u00ed skupina pro matematickou gramotnost<\/strong><\/p>\n<ul>\n<li><a href=\"https:\/\/www.praha14.cz\/app\/uploads\/sites\/3\/2018\/06\/Pozv\u00e1nka_Matematick\u00e1-gramotnost-_zasedani-1_2019-28.3.-2019.pdf\" target=\"_blank\" rel=\"noopener noreferrer\">Ozn\u00e1men\u00ed &#8211; zased\u00e1n\u00ed\u00a028. 3. 2019<\/a><\/li>\n<li><a href=\"https:\/\/www.praha14.cz\/app\/uploads\/sites\/3\/2018\/06\/Pozv\u00e1nka_Matematick\u00e1-gramotnost-_zasedani-2_2019-28.6.-2019.pdf\" target=\"_blank\" rel=\"noopener noreferrer\">Ozn\u00e1men\u00ed &#8211; zased\u00e1n\u00ed 28. 6. 2019<\/a><\/li>\n<li><a href=\"https:\/\/www.praha14.cz\/app\/uploads\/sites\/3\/2018\/06\/Pozv\u00e1nka_Matematick\u00e1-gramotnost-_zasedani-3-4_2019-27.-28.8.-2019.pdf\" target=\"_blank\" rel=\"noopener noreferrer\">Ozn\u00e1men\u00ed &#8211; zased\u00e1n\u00ed 27. &#8211; 28. 8. 2019<\/a><\/li>\n<\/ul>\n<p><strong>Pracovn\u00ed skupina pro rovn\u00e9 p\u0159\u00edle\u017eitosti<\/strong><\/p>\n<ul>\n<li><a href=\"https:\/\/www.praha14.cz\/app\/uploads\/sites\/3\/2018\/06\/Pozv\u00e1nka_Rovn\u00e9-p\u0159\u00edle\u017eitosti_zasedani-1_2019-25.1.-2019.doc\" target=\"_blank\" rel=\"noopener noreferrer\">Ozn\u00e1men\u00ed &#8211; zased\u00e1n\u00ed 25. 1. 2019<\/a><\/li>\n<li><a href=\"https:\/\/www.praha14.cz\/app\/uploads\/sites\/3\/2018\/06\/Pozv\u00e1nka_Rovn\u00e9-p\u0159\u00edle\u017eitosti_zasedani-2_2019-28.3.-2019.pdf\" target=\"_blank\" rel=\"noopener noreferrer\">Ozn\u00e1men\u00ed &#8211; zased\u00e1n\u00ed\u00a028. 3. 2019<\/a><\/li>\n<li><a href=\"https:\/\/www.praha14.cz\/app\/uploads\/sites\/3\/2018\/06\/Pozv\u00e1nka_Rovn\u00e9-p\u0159\u00edle\u017eitosti_zasedani-3_2019-28.6.-2019.pdf\" target=\"_blank\" rel=\"noopener noreferrer\">Ozn\u00e1men\u00ed &#8211; zased\u00e1n\u00ed 28. 6. 2019<\/a><\/li>\n<li><a href=\"https:\/\/www.praha14.cz\/app\/uploads\/sites\/3\/2018\/06\/Pozv\u00e1nka_Rovn\u00e9-p\u0159\u00edle\u017eitosti_zasedani-4-a-5_2019-27.-a-28.8.-2019.pdf\" target=\"_blank\" rel=\"noopener noreferrer\">Ozn\u00e1men\u00ed &#8211; zased\u00e1n\u00ed 27. &#8211; 28. 8. 2019<\/a><\/li>\n<\/ul>\n<p><strong>Pracovn\u00ed skupina pro brannou v\u00fdchovu<\/strong><\/p>\n<ul>\n<li><a href=\"https:\/\/www.praha14.cz\/app\/uploads\/sites\/3\/2018\/06\/Pozv\u00e1nka_Brann\u00e1-v\u00fdchova_1_zasedani-4.2.-2019.doc\" target=\"_blank\" rel=\"noopener noreferrer\">Ozn\u00e1men\u00ed &#8211; zased\u00e1n\u00ed 4. 2. 2019<\/a><\/li>\n<li><a href=\"https:\/\/www.praha14.cz\/app\/uploads\/sites\/3\/2018\/06\/Pozv\u00e1nka_Brann\u00e1-v\u00fdchova_2-zased\u00e1n\u00ed-28.3.2019.pdf\" target=\"_blank\" rel=\"noopener noreferrer\">Ozn\u00e1men\u00ed &#8211; zased\u00e1n\u00ed\u00a028. 3. 2019<\/a><\/li>\n<li><a href=\"https:\/\/www.praha14.cz\/app\/uploads\/sites\/3\/2018\/06\/Pozv\u00e1nka_Brann\u00e1-v\u00fdchova_3-zased\u00e1n\u00ed-28.6.2019.pdf\" target=\"_blank\" rel=\"noopener noreferrer\">Ozn\u00e1men\u00ed &#8211; zased\u00e1n\u00ed 28. 6. 2019<\/a><\/li>\n<li><a href=\"https:\/\/www.praha14.cz\/app\/uploads\/sites\/3\/2018\/06\/Pozv\u00e1nka_Brann\u00e1-v\u00fdchova_4-a-5-zased\u00e1n\u00ed-27.-28.8.-2019.pdf\" target=\"_blank\" rel=\"noopener noreferrer\">Ozn\u00e1men\u00ed &#8211; zased\u00e1n\u00ed 27. &#8211; 28. 8. 2019<\/a><\/li>\n<\/ul>\n","protected":false},"excerpt":{"rendered":"<p>\u0158\u00edd\u00edc\u00ed v\u00fdbor Ozn\u00e1men\u00ed o 3. zased\u00e1n\u00ed \u0158\u00edd\u00edc\u00edho v\u00fdboru M\u00edstn\u00edho ak\u010dn\u00edho pl\u00e1nu II. &#8211; 18. 2. 2019 Pracovn\u00ed skupina pro financov\u00e1n\u00ed Ozn\u00e1men\u00ed &#8211; zased\u00e1n\u00ed 29. 8. 2019 Pracovn\u00ed skupina pro \u010dten\u00e1\u0159skou gramotnost Ozn\u00e1men\u00ed &#8211; zased\u00e1n\u00ed\u00a028. 3. 2019 Ozn\u00e1men\u00ed &#8211; zased\u00e1n\u00ed 28. 6. 2019 Ozn\u00e1men\u00ed &#8211; zased\u00e1n\u00ed 27. &#8211; 28. 8. 2019 Pracovn\u00ed skupina pro matematickou gramotnost&#8230;<\/p>\n","protected":false},"author":1057,"featured_media":0,"parent":0,"menu_order":0,"comment_status":"closed","ping_status":"closed","template":"","meta":{"_acf_changed":false,"footnotes":""},"class_list":["post-43562","page","type-page","status-publish","hentry"],"acf":[],"yoast_head":"<!-- This site is optimized with the Yoast SEO plugin v27.2 - https:\/\/yoast.com\/product\/yoast-seo-wordpress\/ -->\n<title>MAP II. - Ozn\u00e1men\u00ed z roku 2019 - Samospr\u00e1va \u00daM\u010c Praha 14<\/title>\n<meta name=\"robots\" content=\"index, follow, max-snippet:-1, max-image-preview:large, max-video-preview:-1\" \/>\n<link rel=\"canonical\" href=\"https:\/\/www.praha14.cz\/samosprava\/map-ii-oznameni-z-roku-2019\/\" \/>\n<meta property=\"og:locale\" content=\"cs_CZ\" \/>\n<meta property=\"og:type\" content=\"article\" \/>\n<meta property=\"og:title\" content=\"MAP II. - Ozn\u00e1men\u00ed z roku 2019 - Samospr\u00e1va \u00daM\u010c Praha 14\" \/>\n<meta property=\"og:description\" content=\"\u0158\u00edd\u00edc\u00ed v\u00fdbor Ozn\u00e1men\u00ed o 3. zased\u00e1n\u00ed \u0158\u00edd\u00edc\u00edho v\u00fdboru M\u00edstn\u00edho ak\u010dn\u00edho pl\u00e1nu II. &#8211; 18. 2. 2019 Pracovn\u00ed skupina pro financov\u00e1n\u00ed Ozn\u00e1men\u00ed &#8211; zased\u00e1n\u00ed 29. 8. 2019 Pracovn\u00ed skupina pro \u010dten\u00e1\u0159skou gramotnost Ozn\u00e1men\u00ed &#8211; zased\u00e1n\u00ed\u00a028. 3. 2019 Ozn\u00e1men\u00ed &#8211; zased\u00e1n\u00ed 28. 6. 2019 Ozn\u00e1men\u00ed &#8211; zased\u00e1n\u00ed 27. &#8211; 28. 8. 2019 Pracovn\u00ed skupina pro matematickou gramotnost...\" \/>\n<meta property=\"og:url\" content=\"https:\/\/www.praha14.cz\/samosprava\/map-ii-oznameni-z-roku-2019\/\" \/>\n<meta property=\"og:site_name\" content=\"Samospr\u00e1va \u00daM\u010c Praha 14\" \/>\n<meta name=\"twitter:card\" content=\"summary_large_image\" \/>\n<meta name=\"twitter:label1\" content=\"Est. reading time\" \/>\n\t<meta name=\"twitter:data1\" content=\"1 minuta\" \/>\n<script type=\"application\/ld+json\" class=\"yoast-schema-graph\">{\"@context\":\"https:\/\/schema.org\",\"@graph\":[{\"@type\":\"WebPage\",\"@id\":\"https:\/\/www.praha14.cz\/samosprava\/map-ii-oznameni-z-roku-2019\/\",\"url\":\"https:\/\/www.praha14.cz\/samosprava\/map-ii-oznameni-z-roku-2019\/\",\"name\":\"MAP II. - Ozn\u00e1men\u00ed z roku 2019 - Samospr\u00e1va \u00daM\u010c Praha 14\",\"isPartOf\":{\"@id\":\"https:\/\/www.praha14.cz\/samosprava\/#website\"},\"datePublished\":\"2020-12-02T12:27:13+00:00\",\"breadcrumb\":{\"@id\":\"https:\/\/www.praha14.cz\/samosprava\/map-ii-oznameni-z-roku-2019\/#breadcrumb\"},\"inLanguage\":\"cs\",\"potentialAction\":[{\"@type\":\"ReadAction\",\"target\":[\"https:\/\/www.praha14.cz\/samosprava\/map-ii-oznameni-z-roku-2019\/\"]}]},{\"@type\":\"BreadcrumbList\",\"@id\":\"https:\/\/www.praha14.cz\/samosprava\/map-ii-oznameni-z-roku-2019\/#breadcrumb\",\"itemListElement\":[{\"@type\":\"ListItem\",\"position\":1,\"name\":\"Samospr\u00e1va \u00daM\u010c Praha 14\",\"item\":\"https:\/\/www.praha14.cz\/samosprava\/\"},{\"@type\":\"ListItem\",\"position\":2,\"name\":\"MAP II. &#8211; Ozn\u00e1men\u00ed z roku 2019\"}]},{\"@type\":\"WebSite\",\"@id\":\"https:\/\/www.praha14.cz\/samosprava\/#website\",\"url\":\"https:\/\/www.praha14.cz\/samosprava\/\",\"name\":\"Samospr\u00e1va \u00daM\u010c Praha 14\",\"description\":\"Ofici\u00e1ln\u00ed str\u00e1nky Samospr\u00e1vy \u00daM\u010c Praha 14\",\"potentialAction\":[{\"@type\":\"SearchAction\",\"target\":{\"@type\":\"EntryPoint\",\"urlTemplate\":\"https:\/\/www.praha14.cz\/samosprava\/?s={search_term_string}\"},\"query-input\":{\"@type\":\"PropertyValueSpecification\",\"valueRequired\":true,\"valueName\":\"search_term_string\"}}],\"inLanguage\":\"cs\"}]}<\/script>\n<!-- \/ Yoast SEO plugin. -->","yoast_head_json":{"title":"MAP II. - Ozn\u00e1men\u00ed z roku 2019 - Samospr\u00e1va \u00daM\u010c Praha 14","robots":{"index":"index","follow":"follow","max-snippet":"max-snippet:-1","max-image-preview":"max-image-preview:large","max-video-preview":"max-video-preview:-1"},"canonical":"https:\/\/www.praha14.cz\/samosprava\/map-ii-oznameni-z-roku-2019\/","og_locale":"cs_CZ","og_type":"article","og_title":"MAP II. - Ozn\u00e1men\u00ed z roku 2019 - Samospr\u00e1va \u00daM\u010c Praha 14","og_description":"\u0158\u00edd\u00edc\u00ed v\u00fdbor Ozn\u00e1men\u00ed o 3. zased\u00e1n\u00ed \u0158\u00edd\u00edc\u00edho v\u00fdboru M\u00edstn\u00edho ak\u010dn\u00edho pl\u00e1nu II. &#8211; 18. 2. 2019 Pracovn\u00ed skupina pro financov\u00e1n\u00ed Ozn\u00e1men\u00ed &#8211; zased\u00e1n\u00ed 29. 8. 2019 Pracovn\u00ed skupina pro \u010dten\u00e1\u0159skou gramotnost Ozn\u00e1men\u00ed &#8211; zased\u00e1n\u00ed\u00a028. 3. 2019 Ozn\u00e1men\u00ed &#8211; zased\u00e1n\u00ed 28. 6. 2019 Ozn\u00e1men\u00ed &#8211; zased\u00e1n\u00ed 27. &#8211; 28. 8. 2019 Pracovn\u00ed skupina pro matematickou gramotnost...","og_url":"https:\/\/www.praha14.cz\/samosprava\/map-ii-oznameni-z-roku-2019\/","og_site_name":"Samospr\u00e1va \u00daM\u010c Praha 14","twitter_card":"summary_large_image","twitter_misc":{"Est. reading time":"1 minuta"},"schema":{"@context":"https:\/\/schema.org","@graph":[{"@type":"WebPage","@id":"https:\/\/www.praha14.cz\/samosprava\/map-ii-oznameni-z-roku-2019\/","url":"https:\/\/www.praha14.cz\/samosprava\/map-ii-oznameni-z-roku-2019\/","name":"MAP II. - Ozn\u00e1men\u00ed z roku 2019 - Samospr\u00e1va \u00daM\u010c Praha 14","isPartOf":{"@id":"https:\/\/www.praha14.cz\/samosprava\/#website"},"datePublished":"2020-12-02T12:27:13+00:00","breadcrumb":{"@id":"https:\/\/www.praha14.cz\/samosprava\/map-ii-oznameni-z-roku-2019\/#breadcrumb"},"inLanguage":"cs","potentialAction":[{"@type":"ReadAction","target":["https:\/\/www.praha14.cz\/samosprava\/map-ii-oznameni-z-roku-2019\/"]}]},{"@type":"BreadcrumbList","@id":"https:\/\/www.praha14.cz\/samosprava\/map-ii-oznameni-z-roku-2019\/#breadcrumb","itemListElement":[{"@type":"ListItem","position":1,"name":"Samospr\u00e1va \u00daM\u010c Praha 14","item":"https:\/\/www.praha14.cz\/samosprava\/"},{"@type":"ListItem","position":2,"name":"MAP II. &#8211; Ozn\u00e1men\u00ed z roku 2019"}]},{"@type":"WebSite","@id":"https:\/\/www.praha14.cz\/samosprava\/#website","url":"https:\/\/www.praha14.cz\/samosprava\/","name":"Samospr\u00e1va \u00daM\u010c Praha 14","description":"Ofici\u00e1ln\u00ed str\u00e1nky Samospr\u00e1vy \u00daM\u010c Praha 14","potentialAction":[{"@type":"SearchAction","target":{"@type":"EntryPoint","urlTemplate":"https:\/\/www.praha14.cz\/samosprava\/?s={search_term_string}"},"query-input":{"@type":"PropertyValueSpecification","valueRequired":true,"valueName":"search_term_string"}}],"inLanguage":"cs"}]}},"_links":{"self":[{"href":"https:\/\/www.praha14.cz\/samosprava\/wp-json\/wp\/v2\/pages\/43562","targetHints":{"allow":["GET"]}}],"collection":[{"href":"https:\/\/www.praha14.cz\/samosprava\/wp-json\/wp\/v2\/pages"}],"about":[{"href":"https:\/\/www.praha14.cz\/samosprava\/wp-json\/wp\/v2\/types\/page"}],"author":[{"embeddable":true,"href":"https:\/\/www.praha14.cz\/samosprava\/wp-json\/wp\/v2\/users\/1057"}],"replies":[{"embeddable":true,"href":"https:\/\/www.praha14.cz\/samosprava\/wp-json\/wp\/v2\/comments?post=43562"}],"version-history":[{"count":1,"href":"https:\/\/www.praha14.cz\/samosprava\/wp-json\/wp\/v2\/pages\/43562\/revisions"}],"predecessor-version":[{"id":43563,"href":"https:\/\/www.praha14.cz\/samosprava\/wp-json\/wp\/v2\/pages\/43562\/revisions\/43563"}],"wp:attachment":[{"href":"https:\/\/www.praha14.cz\/samosprava\/wp-json\/wp\/v2\/media?parent=43562"}],"curies":[{"name":"wp","href":"https:\/\/api.w.org\/{rel}","templated":true}]}}