{"id":43570,"date":"2020-12-02T13:37:26","date_gmt":"2020-12-02T12:37:26","guid":{"rendered":"https:\/\/www.praha14.cz\/samosprava\/?page_id=43570"},"modified":"2020-12-02T13:43:27","modified_gmt":"2020-12-02T12:43:27","slug":"map-ii-zapisy-z-roku-2019","status":"publish","type":"page","link":"https:\/\/www.praha14.cz\/samosprava\/map-ii-zapisy-z-roku-2019\/","title":{"rendered":"MAP II. &#8211; Z\u00e1pisy z roku 2019"},"content":{"rendered":"<p><strong>\u0158\u00edd\u00edc\u00ed v\u00fdbor<\/strong><\/p>\n<ul>\n<li><a href=\"https:\/\/www.praha14.cz\/app\/uploads\/sites\/3\/2018\/06\/zapis_RV_2019_02_18-1.pdf\" target=\"_blank\" rel=\"noopener noreferrer\">Z\u00e1pis z 3. jedn\u00e1n\u00ed \u0158\u00edd\u00edc\u00edho v\u00fdboru MAP II. ze dne 18. 2. 2019<\/a><\/li>\n<\/ul>\n<p><strong>Pracovn\u00ed skupina pro financov\u00e1n\u00ed<\/strong><\/p>\n<p><strong>Pracovn\u00ed skupina pro \u010dten\u00e1\u0159skou gramotnost<\/strong><\/p>\n<ul>\n<li><a href=\"https:\/\/www.praha14.cz\/app\/uploads\/sites\/3\/2018\/06\/Z\u00e1pis_\u010cten\u00e1\u0159sk\u00e1-gramotnost-_zasedani-1_2019-28.3.-2019.pdf\" target=\"_blank\" rel=\"noopener noreferrer\">Z\u00e1pis ze zased\u00e1n\u00ed\u00a028. 3. 2019<\/a><\/li>\n<\/ul>\n<p><strong>Pracovn\u00ed skupina pro matematickou gramotnost<\/strong><\/p>\n<ul>\n<li><a href=\"https:\/\/www.praha14.cz\/app\/uploads\/sites\/3\/2018\/06\/Z\u00e1pis_Matematick\u00e1-gramotnost-_zasedani-1_2019-28.3.-2019.pdf\" target=\"_blank\" rel=\"noopener noreferrer\">Z\u00e1pis ze zased\u00e1n\u00ed\u00a028. 3. 2019<\/a><\/li>\n<\/ul>\n<p><strong>Pracovn\u00ed skupina pro rovn\u00e9 p\u0159\u00edle\u017eitosti<\/strong><\/p>\n<ul>\n<li><a href=\"https:\/\/www.praha14.cz\/app\/uploads\/sites\/3\/2018\/06\/Z\u00e1pis_Rovn\u00e9-p\u0159\u00edle\u017eitost_1_zasedani-25.1.-2019.doc\" target=\"_blank\" rel=\"noopener noreferrer\">Z\u00e1pis ze zased\u00e1n\u00ed 25. 1. 2019<\/a><\/li>\n<li><a href=\"https:\/\/www.praha14.cz\/app\/uploads\/sites\/3\/2018\/06\/Z\u00e1pis_Rovn\u00e9-p\u0159\u00edle\u017eitosti_zasedani-2_2019-28.3.-2019.pdf\" target=\"_blank\" rel=\"noopener noreferrer\">Z\u00e1pis ze zased\u00e1n\u00ed\u00a028. 3. 2019<\/a><\/li>\n<\/ul>\n<p><strong>Pracovn\u00ed skupina pro brannou v\u00fdchovu<\/strong><\/p>\n<ul>\n<li><a href=\"https:\/\/www.praha14.cz\/app\/uploads\/sites\/3\/2018\/06\/Z\u00e1pis_Brann\u00e1-v\u00fdchova_1_zasedani-4.2.-2019.doc\" target=\"_blank\" rel=\"noopener noreferrer\">Z\u00e1pis ze zased\u00e1n\u00ed\u00a04. 2. 2019<\/a><\/li>\n<li><a href=\"https:\/\/www.praha14.cz\/app\/uploads\/sites\/3\/2018\/06\/Z\u00e1pis_Brann\u00e1-v\u00fdchova_2-zased\u00e1n\u00ed-28.3.2019.pdf\" target=\"_blank\" rel=\"noopener noreferrer\">Z\u00e1pis ze\u00a0zased\u00e1n\u00ed 28. 3. 2019<\/a><\/li>\n<\/ul>\n<p><strong><a href=\"https:\/\/www.praha14.cz\/app\/uploads\/sites\/3\/2020\/05\/Seznam_mistnich_lidru_2019_06.xlsx\" target=\"_blank\" rel=\"noopener noreferrer\">Seznam m\u00edstn\u00ed l\u00eddr\u016f<\/a> <\/strong><\/p>\n","protected":false},"excerpt":{"rendered":"<p>\u0158\u00edd\u00edc\u00ed v\u00fdbor Z\u00e1pis z 3. jedn\u00e1n\u00ed \u0158\u00edd\u00edc\u00edho v\u00fdboru MAP II. ze dne 18. 2. 2019 Pracovn\u00ed skupina pro financov\u00e1n\u00ed Pracovn\u00ed skupina pro \u010dten\u00e1\u0159skou gramotnost Z\u00e1pis ze zased\u00e1n\u00ed\u00a028. 3. 2019 Pracovn\u00ed skupina pro matematickou gramotnost Z\u00e1pis ze zased\u00e1n\u00ed\u00a028. 3. 2019 Pracovn\u00ed skupina pro rovn\u00e9 p\u0159\u00edle\u017eitosti Z\u00e1pis ze zased\u00e1n\u00ed 25. 1. 2019 Z\u00e1pis ze zased\u00e1n\u00ed\u00a028. 3. 2019&#8230;<\/p>\n","protected":false},"author":1057,"featured_media":0,"parent":0,"menu_order":0,"comment_status":"closed","ping_status":"closed","template":"","meta":{"_acf_changed":false,"footnotes":""},"class_list":["post-43570","page","type-page","status-publish","hentry"],"acf":[],"yoast_head":"<!-- This site is optimized with the Yoast SEO plugin v27.2 - https:\/\/yoast.com\/product\/yoast-seo-wordpress\/ -->\n<title>MAP II. - Z\u00e1pisy z roku 2019 - Samospr\u00e1va \u00daM\u010c Praha 14<\/title>\n<meta name=\"robots\" content=\"index, follow, max-snippet:-1, max-image-preview:large, max-video-preview:-1\" \/>\n<link rel=\"canonical\" href=\"https:\/\/www.praha14.cz\/samosprava\/map-ii-zapisy-z-roku-2019\/\" \/>\n<meta property=\"og:locale\" content=\"cs_CZ\" \/>\n<meta property=\"og:type\" content=\"article\" \/>\n<meta property=\"og:title\" content=\"MAP II. - Z\u00e1pisy z roku 2019 - Samospr\u00e1va \u00daM\u010c Praha 14\" \/>\n<meta property=\"og:description\" content=\"\u0158\u00edd\u00edc\u00ed v\u00fdbor Z\u00e1pis z 3. jedn\u00e1n\u00ed \u0158\u00edd\u00edc\u00edho v\u00fdboru MAP II. ze dne 18. 2. 2019 Pracovn\u00ed skupina pro financov\u00e1n\u00ed Pracovn\u00ed skupina pro \u010dten\u00e1\u0159skou gramotnost Z\u00e1pis ze zased\u00e1n\u00ed\u00a028. 3. 2019 Pracovn\u00ed skupina pro matematickou gramotnost Z\u00e1pis ze zased\u00e1n\u00ed\u00a028. 3. 2019 Pracovn\u00ed skupina pro rovn\u00e9 p\u0159\u00edle\u017eitosti Z\u00e1pis ze zased\u00e1n\u00ed 25. 1. 2019 Z\u00e1pis ze zased\u00e1n\u00ed\u00a028. 3. 2019...\" \/>\n<meta property=\"og:url\" content=\"https:\/\/www.praha14.cz\/samosprava\/map-ii-zapisy-z-roku-2019\/\" \/>\n<meta property=\"og:site_name\" content=\"Samospr\u00e1va \u00daM\u010c Praha 14\" \/>\n<meta property=\"article:modified_time\" content=\"2020-12-02T12:43:27+00:00\" \/>\n<meta name=\"twitter:card\" content=\"summary_large_image\" \/>\n<script type=\"application\/ld+json\" class=\"yoast-schema-graph\">{\"@context\":\"https:\/\/schema.org\",\"@graph\":[{\"@type\":\"WebPage\",\"@id\":\"https:\/\/www.praha14.cz\/samosprava\/map-ii-zapisy-z-roku-2019\/\",\"url\":\"https:\/\/www.praha14.cz\/samosprava\/map-ii-zapisy-z-roku-2019\/\",\"name\":\"MAP II. - Z\u00e1pisy z roku 2019 - Samospr\u00e1va \u00daM\u010c Praha 14\",\"isPartOf\":{\"@id\":\"https:\/\/www.praha14.cz\/samosprava\/#website\"},\"datePublished\":\"2020-12-02T12:37:26+00:00\",\"dateModified\":\"2020-12-02T12:43:27+00:00\",\"breadcrumb\":{\"@id\":\"https:\/\/www.praha14.cz\/samosprava\/map-ii-zapisy-z-roku-2019\/#breadcrumb\"},\"inLanguage\":\"cs\",\"potentialAction\":[{\"@type\":\"ReadAction\",\"target\":[\"https:\/\/www.praha14.cz\/samosprava\/map-ii-zapisy-z-roku-2019\/\"]}]},{\"@type\":\"BreadcrumbList\",\"@id\":\"https:\/\/www.praha14.cz\/samosprava\/map-ii-zapisy-z-roku-2019\/#breadcrumb\",\"itemListElement\":[{\"@type\":\"ListItem\",\"position\":1,\"name\":\"Samospr\u00e1va \u00daM\u010c Praha 14\",\"item\":\"https:\/\/www.praha14.cz\/samosprava\/\"},{\"@type\":\"ListItem\",\"position\":2,\"name\":\"MAP II. &#8211; Z\u00e1pisy z roku 2019\"}]},{\"@type\":\"WebSite\",\"@id\":\"https:\/\/www.praha14.cz\/samosprava\/#website\",\"url\":\"https:\/\/www.praha14.cz\/samosprava\/\",\"name\":\"Samospr\u00e1va \u00daM\u010c Praha 14\",\"description\":\"Ofici\u00e1ln\u00ed str\u00e1nky Samospr\u00e1vy \u00daM\u010c Praha 14\",\"potentialAction\":[{\"@type\":\"SearchAction\",\"target\":{\"@type\":\"EntryPoint\",\"urlTemplate\":\"https:\/\/www.praha14.cz\/samosprava\/?s={search_term_string}\"},\"query-input\":{\"@type\":\"PropertyValueSpecification\",\"valueRequired\":true,\"valueName\":\"search_term_string\"}}],\"inLanguage\":\"cs\"}]}<\/script>\n<!-- \/ Yoast SEO plugin. -->","yoast_head_json":{"title":"MAP II. - Z\u00e1pisy z roku 2019 - Samospr\u00e1va \u00daM\u010c Praha 14","robots":{"index":"index","follow":"follow","max-snippet":"max-snippet:-1","max-image-preview":"max-image-preview:large","max-video-preview":"max-video-preview:-1"},"canonical":"https:\/\/www.praha14.cz\/samosprava\/map-ii-zapisy-z-roku-2019\/","og_locale":"cs_CZ","og_type":"article","og_title":"MAP II. - Z\u00e1pisy z roku 2019 - Samospr\u00e1va \u00daM\u010c Praha 14","og_description":"\u0158\u00edd\u00edc\u00ed v\u00fdbor Z\u00e1pis z 3. jedn\u00e1n\u00ed \u0158\u00edd\u00edc\u00edho v\u00fdboru MAP II. ze dne 18. 2. 2019 Pracovn\u00ed skupina pro financov\u00e1n\u00ed Pracovn\u00ed skupina pro \u010dten\u00e1\u0159skou gramotnost Z\u00e1pis ze zased\u00e1n\u00ed\u00a028. 3. 2019 Pracovn\u00ed skupina pro matematickou gramotnost Z\u00e1pis ze zased\u00e1n\u00ed\u00a028. 3. 2019 Pracovn\u00ed skupina pro rovn\u00e9 p\u0159\u00edle\u017eitosti Z\u00e1pis ze zased\u00e1n\u00ed 25. 1. 2019 Z\u00e1pis ze zased\u00e1n\u00ed\u00a028. 3. 2019...","og_url":"https:\/\/www.praha14.cz\/samosprava\/map-ii-zapisy-z-roku-2019\/","og_site_name":"Samospr\u00e1va \u00daM\u010c Praha 14","article_modified_time":"2020-12-02T12:43:27+00:00","twitter_card":"summary_large_image","schema":{"@context":"https:\/\/schema.org","@graph":[{"@type":"WebPage","@id":"https:\/\/www.praha14.cz\/samosprava\/map-ii-zapisy-z-roku-2019\/","url":"https:\/\/www.praha14.cz\/samosprava\/map-ii-zapisy-z-roku-2019\/","name":"MAP II. - Z\u00e1pisy z roku 2019 - Samospr\u00e1va \u00daM\u010c Praha 14","isPartOf":{"@id":"https:\/\/www.praha14.cz\/samosprava\/#website"},"datePublished":"2020-12-02T12:37:26+00:00","dateModified":"2020-12-02T12:43:27+00:00","breadcrumb":{"@id":"https:\/\/www.praha14.cz\/samosprava\/map-ii-zapisy-z-roku-2019\/#breadcrumb"},"inLanguage":"cs","potentialAction":[{"@type":"ReadAction","target":["https:\/\/www.praha14.cz\/samosprava\/map-ii-zapisy-z-roku-2019\/"]}]},{"@type":"BreadcrumbList","@id":"https:\/\/www.praha14.cz\/samosprava\/map-ii-zapisy-z-roku-2019\/#breadcrumb","itemListElement":[{"@type":"ListItem","position":1,"name":"Samospr\u00e1va \u00daM\u010c Praha 14","item":"https:\/\/www.praha14.cz\/samosprava\/"},{"@type":"ListItem","position":2,"name":"MAP II. &#8211; Z\u00e1pisy z roku 2019"}]},{"@type":"WebSite","@id":"https:\/\/www.praha14.cz\/samosprava\/#website","url":"https:\/\/www.praha14.cz\/samosprava\/","name":"Samospr\u00e1va \u00daM\u010c Praha 14","description":"Ofici\u00e1ln\u00ed str\u00e1nky Samospr\u00e1vy \u00daM\u010c Praha 14","potentialAction":[{"@type":"SearchAction","target":{"@type":"EntryPoint","urlTemplate":"https:\/\/www.praha14.cz\/samosprava\/?s={search_term_string}"},"query-input":{"@type":"PropertyValueSpecification","valueRequired":true,"valueName":"search_term_string"}}],"inLanguage":"cs"}]}},"_links":{"self":[{"href":"https:\/\/www.praha14.cz\/samosprava\/wp-json\/wp\/v2\/pages\/43570","targetHints":{"allow":["GET"]}}],"collection":[{"href":"https:\/\/www.praha14.cz\/samosprava\/wp-json\/wp\/v2\/pages"}],"about":[{"href":"https:\/\/www.praha14.cz\/samosprava\/wp-json\/wp\/v2\/types\/page"}],"author":[{"embeddable":true,"href":"https:\/\/www.praha14.cz\/samosprava\/wp-json\/wp\/v2\/users\/1057"}],"replies":[{"embeddable":true,"href":"https:\/\/www.praha14.cz\/samosprava\/wp-json\/wp\/v2\/comments?post=43570"}],"version-history":[{"count":2,"href":"https:\/\/www.praha14.cz\/samosprava\/wp-json\/wp\/v2\/pages\/43570\/revisions"}],"predecessor-version":[{"id":43574,"href":"https:\/\/www.praha14.cz\/samosprava\/wp-json\/wp\/v2\/pages\/43570\/revisions\/43574"}],"wp:attachment":[{"href":"https:\/\/www.praha14.cz\/samosprava\/wp-json\/wp\/v2\/media?parent=43570"}],"curies":[{"name":"wp","href":"https:\/\/api.w.org\/{rel}","templated":true}]}}