{"id":43678,"date":"2021-01-07T12:42:02","date_gmt":"2021-01-07T11:42:02","guid":{"rendered":"https:\/\/www.praha14.cz\/samosprava\/?page_id=43678"},"modified":"2021-01-07T12:45:05","modified_gmt":"2021-01-07T11:45:05","slug":"primy-prenos-archiv-zaznamu-z-jednani-zmc-praha-14","status":"publish","type":"page","link":"https:\/\/www.praha14.cz\/samosprava\/primy-prenos-archiv-zaznamu-z-jednani-zmc-praha-14\/","title":{"rendered":"Jedn\u00e1n\u00ed ZM\u010c Praha 14 online"},"content":{"rendered":"<p>Jedn\u00e1n\u00ed Zastupitelstva M\u010c Praha 14 mohou z\u00e1jemci sledovat v re\u00e1ln\u00e9m \u010dase jako <strong>p\u0159\u00edm\u00fd p\u0159enos nebo n\u00e1sledn\u011b za z\u00e1znamu<\/strong>.<\/p>\n<p>Z\u00e1znam je zve\u0159ej\u0148ov\u00e1n v\u017edy se <strong>zpo\u017ed\u011bn\u00edm<\/strong>. P\u0159ed jeho um\u00edst\u011bn\u00edm do archivu je t\u0159eba prov\u00e9st <strong>anonymizaci<\/strong> v souladu s po\u017eadavky GDPR (ochrana osobn\u00edch \u00fadaj\u016f) a doplnit strojov\u011b generovan\u00e9 <strong>titulky pro nesly\u0161\u00edc\u00ed<\/strong>. Uveden\u00e9, z\u00e1konem po\u017eadovan\u00e9 \u00fapravy obvykle zajist\u00edme do 14 dn\u00ed od jedn\u00e1n\u00ed zastupitelstva, n\u00e1sledn\u011b je z\u00e1znam bezodkladn\u011b zve\u0159ej\u0148ov\u00e1n.<\/p>\n<p><strong>Jedn\u00e1n\u00ed Zastupitelstva M\u010c Praha 14 online:<\/strong><\/p>\n<ul>\n<li><a href=\"http:\/\/live.publicstream.cz\/praha-14\" target=\"_blank\" rel=\"noopener noreferrer\">P\u0159\u00edm\u00fd p\u0159enos z jedn\u00e1n\u00ed ZM\u010c Praha 14<\/a><\/li>\n<li><a href=\"http:\/\/live.publicstream.cz\/praha-14\/archiv\" target=\"_blank\" rel=\"noopener noreferrer\">Archiv jedn\u00e1n\u00ed ZM\u010c Praha 14<\/a><\/li>\n<\/ul>\n","protected":false},"excerpt":{"rendered":"<p>Jedn\u00e1n\u00ed Zastupitelstva M\u010c Praha 14 mohou z\u00e1jemci sledovat v re\u00e1ln\u00e9m \u010dase jako p\u0159\u00edm\u00fd p\u0159enos nebo n\u00e1sledn\u011b za z\u00e1znamu. Z\u00e1znam je zve\u0159ej\u0148ov\u00e1n v\u017edy se zpo\u017ed\u011bn\u00edm. P\u0159ed jeho um\u00edst\u011bn\u00edm do archivu je t\u0159eba prov\u00e9st anonymizaci v souladu s po\u017eadavky GDPR (ochrana osobn\u00edch \u00fadaj\u016f) a doplnit strojov\u011b generovan\u00e9 titulky pro nesly\u0161\u00edc\u00ed. Uveden\u00e9, z\u00e1konem po\u017eadovan\u00e9 \u00fapravy obvykle zajist\u00edme do&#8230;<\/p>\n","protected":false},"author":6,"featured_media":0,"parent":0,"menu_order":0,"comment_status":"closed","ping_status":"closed","template":"","meta":{"_acf_changed":false,"footnotes":""},"class_list":["post-43678","page","type-page","status-publish","hentry"],"acf":[],"yoast_head":"<!-- This site is optimized with the Yoast SEO plugin v27.2 - https:\/\/yoast.com\/product\/yoast-seo-wordpress\/ -->\n<title>Jedn\u00e1n\u00ed ZM\u010c Praha 14 online - Samospr\u00e1va \u00daM\u010c Praha 14<\/title>\n<meta name=\"robots\" content=\"index, follow, max-snippet:-1, max-image-preview:large, max-video-preview:-1\" \/>\n<link rel=\"canonical\" href=\"https:\/\/www.praha14.cz\/samosprava\/primy-prenos-archiv-zaznamu-z-jednani-zmc-praha-14\/\" \/>\n<meta property=\"og:locale\" content=\"cs_CZ\" \/>\n<meta property=\"og:type\" content=\"article\" \/>\n<meta property=\"og:title\" content=\"Jedn\u00e1n\u00ed ZM\u010c Praha 14 online - Samospr\u00e1va \u00daM\u010c Praha 14\" \/>\n<meta property=\"og:description\" content=\"Jedn\u00e1n\u00ed Zastupitelstva M\u010c Praha 14 mohou z\u00e1jemci sledovat v re\u00e1ln\u00e9m \u010dase jako p\u0159\u00edm\u00fd p\u0159enos nebo n\u00e1sledn\u011b za z\u00e1znamu. Z\u00e1znam je zve\u0159ej\u0148ov\u00e1n v\u017edy se zpo\u017ed\u011bn\u00edm. P\u0159ed jeho um\u00edst\u011bn\u00edm do archivu je t\u0159eba prov\u00e9st anonymizaci v souladu s po\u017eadavky GDPR (ochrana osobn\u00edch \u00fadaj\u016f) a doplnit strojov\u011b generovan\u00e9 titulky pro nesly\u0161\u00edc\u00ed. Uveden\u00e9, z\u00e1konem po\u017eadovan\u00e9 \u00fapravy obvykle zajist\u00edme do...\" \/>\n<meta property=\"og:url\" content=\"https:\/\/www.praha14.cz\/samosprava\/primy-prenos-archiv-zaznamu-z-jednani-zmc-praha-14\/\" \/>\n<meta property=\"og:site_name\" content=\"Samospr\u00e1va \u00daM\u010c Praha 14\" \/>\n<meta property=\"article:modified_time\" content=\"2021-01-07T11:45:05+00:00\" \/>\n<meta name=\"twitter:card\" content=\"summary_large_image\" \/>\n<meta name=\"twitter:label1\" content=\"Est. reading time\" \/>\n\t<meta name=\"twitter:data1\" content=\"1 minuta\" \/>\n<script type=\"application\/ld+json\" class=\"yoast-schema-graph\">{\"@context\":\"https:\/\/schema.org\",\"@graph\":[{\"@type\":\"WebPage\",\"@id\":\"https:\/\/www.praha14.cz\/samosprava\/primy-prenos-archiv-zaznamu-z-jednani-zmc-praha-14\/\",\"url\":\"https:\/\/www.praha14.cz\/samosprava\/primy-prenos-archiv-zaznamu-z-jednani-zmc-praha-14\/\",\"name\":\"Jedn\u00e1n\u00ed ZM\u010c Praha 14 online - Samospr\u00e1va \u00daM\u010c Praha 14\",\"isPartOf\":{\"@id\":\"https:\/\/www.praha14.cz\/samosprava\/#website\"},\"datePublished\":\"2021-01-07T11:42:02+00:00\",\"dateModified\":\"2021-01-07T11:45:05+00:00\",\"breadcrumb\":{\"@id\":\"https:\/\/www.praha14.cz\/samosprava\/primy-prenos-archiv-zaznamu-z-jednani-zmc-praha-14\/#breadcrumb\"},\"inLanguage\":\"cs\",\"potentialAction\":[{\"@type\":\"ReadAction\",\"target\":[\"https:\/\/www.praha14.cz\/samosprava\/primy-prenos-archiv-zaznamu-z-jednani-zmc-praha-14\/\"]}]},{\"@type\":\"BreadcrumbList\",\"@id\":\"https:\/\/www.praha14.cz\/samosprava\/primy-prenos-archiv-zaznamu-z-jednani-zmc-praha-14\/#breadcrumb\",\"itemListElement\":[{\"@type\":\"ListItem\",\"position\":1,\"name\":\"Samospr\u00e1va \u00daM\u010c Praha 14\",\"item\":\"https:\/\/www.praha14.cz\/samosprava\/\"},{\"@type\":\"ListItem\",\"position\":2,\"name\":\"Jedn\u00e1n\u00ed ZM\u010c Praha 14 online\"}]},{\"@type\":\"WebSite\",\"@id\":\"https:\/\/www.praha14.cz\/samosprava\/#website\",\"url\":\"https:\/\/www.praha14.cz\/samosprava\/\",\"name\":\"Samospr\u00e1va \u00daM\u010c Praha 14\",\"description\":\"Ofici\u00e1ln\u00ed str\u00e1nky Samospr\u00e1vy \u00daM\u010c Praha 14\",\"potentialAction\":[{\"@type\":\"SearchAction\",\"target\":{\"@type\":\"EntryPoint\",\"urlTemplate\":\"https:\/\/www.praha14.cz\/samosprava\/?s={search_term_string}\"},\"query-input\":{\"@type\":\"PropertyValueSpecification\",\"valueRequired\":true,\"valueName\":\"search_term_string\"}}],\"inLanguage\":\"cs\"}]}<\/script>\n<!-- \/ Yoast SEO plugin. -->","yoast_head_json":{"title":"Jedn\u00e1n\u00ed ZM\u010c Praha 14 online - Samospr\u00e1va \u00daM\u010c Praha 14","robots":{"index":"index","follow":"follow","max-snippet":"max-snippet:-1","max-image-preview":"max-image-preview:large","max-video-preview":"max-video-preview:-1"},"canonical":"https:\/\/www.praha14.cz\/samosprava\/primy-prenos-archiv-zaznamu-z-jednani-zmc-praha-14\/","og_locale":"cs_CZ","og_type":"article","og_title":"Jedn\u00e1n\u00ed ZM\u010c Praha 14 online - Samospr\u00e1va \u00daM\u010c Praha 14","og_description":"Jedn\u00e1n\u00ed Zastupitelstva M\u010c Praha 14 mohou z\u00e1jemci sledovat v re\u00e1ln\u00e9m \u010dase jako p\u0159\u00edm\u00fd p\u0159enos nebo n\u00e1sledn\u011b za z\u00e1znamu. Z\u00e1znam je zve\u0159ej\u0148ov\u00e1n v\u017edy se zpo\u017ed\u011bn\u00edm. P\u0159ed jeho um\u00edst\u011bn\u00edm do archivu je t\u0159eba prov\u00e9st anonymizaci v souladu s po\u017eadavky GDPR (ochrana osobn\u00edch \u00fadaj\u016f) a doplnit strojov\u011b generovan\u00e9 titulky pro nesly\u0161\u00edc\u00ed. Uveden\u00e9, z\u00e1konem po\u017eadovan\u00e9 \u00fapravy obvykle zajist\u00edme do...","og_url":"https:\/\/www.praha14.cz\/samosprava\/primy-prenos-archiv-zaznamu-z-jednani-zmc-praha-14\/","og_site_name":"Samospr\u00e1va \u00daM\u010c Praha 14","article_modified_time":"2021-01-07T11:45:05+00:00","twitter_card":"summary_large_image","twitter_misc":{"Est. reading time":"1 minuta"},"schema":{"@context":"https:\/\/schema.org","@graph":[{"@type":"WebPage","@id":"https:\/\/www.praha14.cz\/samosprava\/primy-prenos-archiv-zaznamu-z-jednani-zmc-praha-14\/","url":"https:\/\/www.praha14.cz\/samosprava\/primy-prenos-archiv-zaznamu-z-jednani-zmc-praha-14\/","name":"Jedn\u00e1n\u00ed ZM\u010c Praha 14 online - Samospr\u00e1va \u00daM\u010c Praha 14","isPartOf":{"@id":"https:\/\/www.praha14.cz\/samosprava\/#website"},"datePublished":"2021-01-07T11:42:02+00:00","dateModified":"2021-01-07T11:45:05+00:00","breadcrumb":{"@id":"https:\/\/www.praha14.cz\/samosprava\/primy-prenos-archiv-zaznamu-z-jednani-zmc-praha-14\/#breadcrumb"},"inLanguage":"cs","potentialAction":[{"@type":"ReadAction","target":["https:\/\/www.praha14.cz\/samosprava\/primy-prenos-archiv-zaznamu-z-jednani-zmc-praha-14\/"]}]},{"@type":"BreadcrumbList","@id":"https:\/\/www.praha14.cz\/samosprava\/primy-prenos-archiv-zaznamu-z-jednani-zmc-praha-14\/#breadcrumb","itemListElement":[{"@type":"ListItem","position":1,"name":"Samospr\u00e1va \u00daM\u010c Praha 14","item":"https:\/\/www.praha14.cz\/samosprava\/"},{"@type":"ListItem","position":2,"name":"Jedn\u00e1n\u00ed ZM\u010c Praha 14 online"}]},{"@type":"WebSite","@id":"https:\/\/www.praha14.cz\/samosprava\/#website","url":"https:\/\/www.praha14.cz\/samosprava\/","name":"Samospr\u00e1va \u00daM\u010c Praha 14","description":"Ofici\u00e1ln\u00ed str\u00e1nky Samospr\u00e1vy \u00daM\u010c Praha 14","potentialAction":[{"@type":"SearchAction","target":{"@type":"EntryPoint","urlTemplate":"https:\/\/www.praha14.cz\/samosprava\/?s={search_term_string}"},"query-input":{"@type":"PropertyValueSpecification","valueRequired":true,"valueName":"search_term_string"}}],"inLanguage":"cs"}]}},"_links":{"self":[{"href":"https:\/\/www.praha14.cz\/samosprava\/wp-json\/wp\/v2\/pages\/43678","targetHints":{"allow":["GET"]}}],"collection":[{"href":"https:\/\/www.praha14.cz\/samosprava\/wp-json\/wp\/v2\/pages"}],"about":[{"href":"https:\/\/www.praha14.cz\/samosprava\/wp-json\/wp\/v2\/types\/page"}],"author":[{"embeddable":true,"href":"https:\/\/www.praha14.cz\/samosprava\/wp-json\/wp\/v2\/users\/6"}],"replies":[{"embeddable":true,"href":"https:\/\/www.praha14.cz\/samosprava\/wp-json\/wp\/v2\/comments?post=43678"}],"version-history":[{"count":2,"href":"https:\/\/www.praha14.cz\/samosprava\/wp-json\/wp\/v2\/pages\/43678\/revisions"}],"predecessor-version":[{"id":43681,"href":"https:\/\/www.praha14.cz\/samosprava\/wp-json\/wp\/v2\/pages\/43678\/revisions\/43681"}],"wp:attachment":[{"href":"https:\/\/www.praha14.cz\/samosprava\/wp-json\/wp\/v2\/media?parent=43678"}],"curies":[{"name":"wp","href":"https:\/\/api.w.org\/{rel}","templated":true}]}}