{"id":45468,"date":"2023-01-26T14:54:18","date_gmt":"2023-01-26T13:54:18","guid":{"rendered":"https:\/\/www.praha14.cz\/samosprava\/?page_id=45468"},"modified":"2023-01-26T15:02:20","modified_gmt":"2023-01-26T14:02:20","slug":"verejne-zakazky","status":"publish","type":"page","link":"https:\/\/www.praha14.cz\/samosprava\/dulezite-informace\/verejne-zakazky\/","title":{"rendered":"Ve\u0159ejn\u00e9 zak\u00e1zky"},"content":{"rendered":"<p>Tato \u010d\u00e1st webov\u00fdch str\u00e1nek obsahuje \u00fadaje, kter\u00e9 zadavatel (m\u011bstsk\u00e1 \u010d\u00e1st Praha 14 nebo p\u0159\u00edsp\u011bvkov\u00e9 organizace, jim\u017e je m\u011bstsk\u00e1 \u010d\u00e1st Praha 14 z\u0159izovatelem) v souladu se z\u00e1konem \u010d.137\/2006 Sb., o ve\u0159ejn\u00fdm zak\u00e1zk\u00e1ch a intern\u00edmi p\u0159edpisy zadavatele zve\u0159ej\u0148uje. Profil zadavatele M\u011bstsk\u00e1 \u010d\u00e1st Praha 14 najdete na adrese: <a href=\"https:\/\/ezak.praha14.cz\/profile_display_2.html\" target=\"_blank\" rel=\"noopener\">https:\/\/ezak.praha14.cz\/profile_display_2.html<\/a><\/p>\n<p>M\u011bstsk\u00e1 \u010d\u00e1st Praha 14 je od \u010dervence 2021 \u010dlenem Platformy odpov\u011bdn\u00e9ho ve\u0159ejn\u00e9ho zad\u00e1v\u00e1n\u00ed. Jako takov\u00e1 m\u00e1 k dan\u00e9 problematice zaji\u0161t\u011bno odborn\u00e9 z\u00e1zem\u00ed, metodiku, odborn\u00e9 materi\u00e1ly a p\u0159\u00edstup ke vzd\u011bl\u00e1vac\u00edm aktivit\u00e1m (semin\u00e1\u0159e, konference, diskusn\u00ed f\u00f3ra apod.). Z\u00e1rove\u0148 s ostatn\u00edmi \u010dleny platformy m\u016f\u017ee sd\u00edlet p\u0159\u00edklady z praxe. Platformu z\u0159izuje Ministerstvo pr\u00e1ce a soci\u00e1ln\u00edch v\u011bc\u00ed (za finan\u010dn\u00ed podpory poskytnut\u00e9 v r\u00e1mci evropsk\u00e9ho Opera\u010dn\u00edho programu Zam\u011bstnanost). Podrobnosti k projektu jsou dostupn\u00e9 na webu <a href=\"http:\/\/www.sovz.cz\" target=\"_blank\" rel=\"noopener\">www.sovz.cz<\/a>.<\/p>\n","protected":false},"excerpt":{"rendered":"<p>Tato \u010d\u00e1st webov\u00fdch str\u00e1nek obsahuje \u00fadaje, kter\u00e9 zadavatel (m\u011bstsk\u00e1 \u010d\u00e1st Praha 14 nebo p\u0159\u00edsp\u011bvkov\u00e9 organizace, jim\u017e je m\u011bstsk\u00e1 \u010d\u00e1st Praha 14 z\u0159izovatelem) v souladu se z\u00e1konem \u010d.137\/2006 Sb., o ve\u0159ejn\u00fdm zak\u00e1zk\u00e1ch a intern\u00edmi p\u0159edpisy zadavatele zve\u0159ej\u0148uje. Profil zadavatele M\u011bstsk\u00e1 \u010d\u00e1st Praha 14 najdete na adrese: https:\/\/ezak.praha14.cz\/profile_display_2.html M\u011bstsk\u00e1 \u010d\u00e1st Praha 14 je od \u010dervence 2021 \u010dlenem&#8230;<\/p>\n","protected":false},"author":1,"featured_media":0,"parent":21866,"menu_order":0,"comment_status":"closed","ping_status":"closed","template":"","meta":{"_acf_changed":false,"footnotes":""},"class_list":["post-45468","page","type-page","status-publish","hentry"],"acf":[],"yoast_head":"<!-- This site is optimized with the Yoast SEO plugin v27.2 - https:\/\/yoast.com\/product\/yoast-seo-wordpress\/ -->\n<title>Ve\u0159ejn\u00e9 zak\u00e1zky - Samospr\u00e1va \u00daM\u010c Praha 14<\/title>\n<meta name=\"robots\" content=\"index, follow, max-snippet:-1, max-image-preview:large, max-video-preview:-1\" \/>\n<link rel=\"canonical\" href=\"https:\/\/www.praha14.cz\/samosprava\/dulezite-informace\/verejne-zakazky\/\" \/>\n<meta property=\"og:locale\" content=\"cs_CZ\" \/>\n<meta property=\"og:type\" content=\"article\" \/>\n<meta property=\"og:title\" content=\"Ve\u0159ejn\u00e9 zak\u00e1zky - Samospr\u00e1va \u00daM\u010c Praha 14\" \/>\n<meta property=\"og:description\" content=\"Tato \u010d\u00e1st webov\u00fdch str\u00e1nek obsahuje \u00fadaje, kter\u00e9 zadavatel (m\u011bstsk\u00e1 \u010d\u00e1st Praha 14 nebo p\u0159\u00edsp\u011bvkov\u00e9 organizace, jim\u017e je m\u011bstsk\u00e1 \u010d\u00e1st Praha 14 z\u0159izovatelem) v souladu se z\u00e1konem \u010d.137\/2006 Sb., o ve\u0159ejn\u00fdm zak\u00e1zk\u00e1ch a intern\u00edmi p\u0159edpisy zadavatele zve\u0159ej\u0148uje. Profil zadavatele M\u011bstsk\u00e1 \u010d\u00e1st Praha 14 najdete na adrese: https:\/\/ezak.praha14.cz\/profile_display_2.html M\u011bstsk\u00e1 \u010d\u00e1st Praha 14 je od \u010dervence 2021 \u010dlenem...\" \/>\n<meta property=\"og:url\" content=\"https:\/\/www.praha14.cz\/samosprava\/dulezite-informace\/verejne-zakazky\/\" \/>\n<meta property=\"og:site_name\" content=\"Samospr\u00e1va \u00daM\u010c Praha 14\" \/>\n<meta property=\"article:modified_time\" content=\"2023-01-26T14:02:20+00:00\" \/>\n<meta name=\"twitter:card\" content=\"summary_large_image\" \/>\n<meta name=\"twitter:label1\" content=\"Est. reading time\" \/>\n\t<meta name=\"twitter:data1\" content=\"1 minuta\" \/>\n<script type=\"application\/ld+json\" class=\"yoast-schema-graph\">{\"@context\":\"https:\/\/schema.org\",\"@graph\":[{\"@type\":\"WebPage\",\"@id\":\"https:\/\/www.praha14.cz\/samosprava\/dulezite-informace\/verejne-zakazky\/\",\"url\":\"https:\/\/www.praha14.cz\/samosprava\/dulezite-informace\/verejne-zakazky\/\",\"name\":\"Ve\u0159ejn\u00e9 zak\u00e1zky - Samospr\u00e1va \u00daM\u010c Praha 14\",\"isPartOf\":{\"@id\":\"https:\/\/www.praha14.cz\/samosprava\/#website\"},\"datePublished\":\"2023-01-26T13:54:18+00:00\",\"dateModified\":\"2023-01-26T14:02:20+00:00\",\"breadcrumb\":{\"@id\":\"https:\/\/www.praha14.cz\/samosprava\/dulezite-informace\/verejne-zakazky\/#breadcrumb\"},\"inLanguage\":\"cs\",\"potentialAction\":[{\"@type\":\"ReadAction\",\"target\":[\"https:\/\/www.praha14.cz\/samosprava\/dulezite-informace\/verejne-zakazky\/\"]}]},{\"@type\":\"BreadcrumbList\",\"@id\":\"https:\/\/www.praha14.cz\/samosprava\/dulezite-informace\/verejne-zakazky\/#breadcrumb\",\"itemListElement\":[{\"@type\":\"ListItem\",\"position\":1,\"name\":\"Samospr\u00e1va \u00daM\u010c Praha 14\",\"item\":\"https:\/\/www.praha14.cz\/samosprava\/\"},{\"@type\":\"ListItem\",\"position\":2,\"name\":\"D\u016fle\u017eit\u00e9 informace\",\"item\":\"https:\/\/www.praha14.cz\/samosprava\/dulezite-informace\/\"},{\"@type\":\"ListItem\",\"position\":3,\"name\":\"Ve\u0159ejn\u00e9 zak\u00e1zky\"}]},{\"@type\":\"WebSite\",\"@id\":\"https:\/\/www.praha14.cz\/samosprava\/#website\",\"url\":\"https:\/\/www.praha14.cz\/samosprava\/\",\"name\":\"Samospr\u00e1va \u00daM\u010c Praha 14\",\"description\":\"Ofici\u00e1ln\u00ed str\u00e1nky Samospr\u00e1vy \u00daM\u010c Praha 14\",\"potentialAction\":[{\"@type\":\"SearchAction\",\"target\":{\"@type\":\"EntryPoint\",\"urlTemplate\":\"https:\/\/www.praha14.cz\/samosprava\/?s={search_term_string}\"},\"query-input\":{\"@type\":\"PropertyValueSpecification\",\"valueRequired\":true,\"valueName\":\"search_term_string\"}}],\"inLanguage\":\"cs\"}]}<\/script>\n<!-- \/ Yoast SEO plugin. -->","yoast_head_json":{"title":"Ve\u0159ejn\u00e9 zak\u00e1zky - Samospr\u00e1va \u00daM\u010c Praha 14","robots":{"index":"index","follow":"follow","max-snippet":"max-snippet:-1","max-image-preview":"max-image-preview:large","max-video-preview":"max-video-preview:-1"},"canonical":"https:\/\/www.praha14.cz\/samosprava\/dulezite-informace\/verejne-zakazky\/","og_locale":"cs_CZ","og_type":"article","og_title":"Ve\u0159ejn\u00e9 zak\u00e1zky - Samospr\u00e1va \u00daM\u010c Praha 14","og_description":"Tato \u010d\u00e1st webov\u00fdch str\u00e1nek obsahuje \u00fadaje, kter\u00e9 zadavatel (m\u011bstsk\u00e1 \u010d\u00e1st Praha 14 nebo p\u0159\u00edsp\u011bvkov\u00e9 organizace, jim\u017e je m\u011bstsk\u00e1 \u010d\u00e1st Praha 14 z\u0159izovatelem) v souladu se z\u00e1konem \u010d.137\/2006 Sb., o ve\u0159ejn\u00fdm zak\u00e1zk\u00e1ch a intern\u00edmi p\u0159edpisy zadavatele zve\u0159ej\u0148uje. Profil zadavatele M\u011bstsk\u00e1 \u010d\u00e1st Praha 14 najdete na adrese: https:\/\/ezak.praha14.cz\/profile_display_2.html M\u011bstsk\u00e1 \u010d\u00e1st Praha 14 je od \u010dervence 2021 \u010dlenem...","og_url":"https:\/\/www.praha14.cz\/samosprava\/dulezite-informace\/verejne-zakazky\/","og_site_name":"Samospr\u00e1va \u00daM\u010c Praha 14","article_modified_time":"2023-01-26T14:02:20+00:00","twitter_card":"summary_large_image","twitter_misc":{"Est. reading time":"1 minuta"},"schema":{"@context":"https:\/\/schema.org","@graph":[{"@type":"WebPage","@id":"https:\/\/www.praha14.cz\/samosprava\/dulezite-informace\/verejne-zakazky\/","url":"https:\/\/www.praha14.cz\/samosprava\/dulezite-informace\/verejne-zakazky\/","name":"Ve\u0159ejn\u00e9 zak\u00e1zky - Samospr\u00e1va \u00daM\u010c Praha 14","isPartOf":{"@id":"https:\/\/www.praha14.cz\/samosprava\/#website"},"datePublished":"2023-01-26T13:54:18+00:00","dateModified":"2023-01-26T14:02:20+00:00","breadcrumb":{"@id":"https:\/\/www.praha14.cz\/samosprava\/dulezite-informace\/verejne-zakazky\/#breadcrumb"},"inLanguage":"cs","potentialAction":[{"@type":"ReadAction","target":["https:\/\/www.praha14.cz\/samosprava\/dulezite-informace\/verejne-zakazky\/"]}]},{"@type":"BreadcrumbList","@id":"https:\/\/www.praha14.cz\/samosprava\/dulezite-informace\/verejne-zakazky\/#breadcrumb","itemListElement":[{"@type":"ListItem","position":1,"name":"Samospr\u00e1va \u00daM\u010c Praha 14","item":"https:\/\/www.praha14.cz\/samosprava\/"},{"@type":"ListItem","position":2,"name":"D\u016fle\u017eit\u00e9 informace","item":"https:\/\/www.praha14.cz\/samosprava\/dulezite-informace\/"},{"@type":"ListItem","position":3,"name":"Ve\u0159ejn\u00e9 zak\u00e1zky"}]},{"@type":"WebSite","@id":"https:\/\/www.praha14.cz\/samosprava\/#website","url":"https:\/\/www.praha14.cz\/samosprava\/","name":"Samospr\u00e1va \u00daM\u010c Praha 14","description":"Ofici\u00e1ln\u00ed str\u00e1nky Samospr\u00e1vy \u00daM\u010c Praha 14","potentialAction":[{"@type":"SearchAction","target":{"@type":"EntryPoint","urlTemplate":"https:\/\/www.praha14.cz\/samosprava\/?s={search_term_string}"},"query-input":{"@type":"PropertyValueSpecification","valueRequired":true,"valueName":"search_term_string"}}],"inLanguage":"cs"}]}},"_links":{"self":[{"href":"https:\/\/www.praha14.cz\/samosprava\/wp-json\/wp\/v2\/pages\/45468","targetHints":{"allow":["GET"]}}],"collection":[{"href":"https:\/\/www.praha14.cz\/samosprava\/wp-json\/wp\/v2\/pages"}],"about":[{"href":"https:\/\/www.praha14.cz\/samosprava\/wp-json\/wp\/v2\/types\/page"}],"author":[{"embeddable":true,"href":"https:\/\/www.praha14.cz\/samosprava\/wp-json\/wp\/v2\/users\/1"}],"replies":[{"embeddable":true,"href":"https:\/\/www.praha14.cz\/samosprava\/wp-json\/wp\/v2\/comments?post=45468"}],"version-history":[{"count":3,"href":"https:\/\/www.praha14.cz\/samosprava\/wp-json\/wp\/v2\/pages\/45468\/revisions"}],"predecessor-version":[{"id":45488,"href":"https:\/\/www.praha14.cz\/samosprava\/wp-json\/wp\/v2\/pages\/45468\/revisions\/45488"}],"up":[{"embeddable":true,"href":"https:\/\/www.praha14.cz\/samosprava\/wp-json\/wp\/v2\/pages\/21866"}],"wp:attachment":[{"href":"https:\/\/www.praha14.cz\/samosprava\/wp-json\/wp\/v2\/media?parent=45468"}],"curies":[{"name":"wp","href":"https:\/\/api.w.org\/{rel}","templated":true}]}}