{"id":46602,"date":"2025-09-22T08:58:41","date_gmt":"2025-09-22T06:58:41","guid":{"rendered":"https:\/\/www.praha14.cz\/samosprava\/?page_id=46602"},"modified":"2026-04-10T09:54:44","modified_gmt":"2026-04-10T07:54:44","slug":"posuzovani-investorskych-zameru-ve-stabilizovanych-uzemich-prahy-14-memorandum-a-pravidla","status":"publish","type":"page","link":"https:\/\/www.praha14.cz\/samosprava\/posuzovani-investorskych-zameru-ve-stabilizovanych-uzemich-prahy-14-memorandum-a-pravidla\/","title":{"rendered":"Posuzov\u00e1n\u00ed investorsk\u00fdch z\u00e1m\u011br\u016f ve stabilizovan\u00fdch \u00fazem\u00edch Prahy 14 &#8211; memorandum a pravidla"},"content":{"rendered":"<p>Dne 16. z\u00e1\u0159\u00ed 2025 schv\u00e1lilo Zastupitelstvo M\u010c Praha 14 kl\u00ed\u010dov\u00e9 dokumenty, kter\u00fdmi deklaruje p\u0159\u00edstup k pl\u00e1nov\u00e1n\u00ed a v\u00fdstavb\u011b v lokalit\u00e1ch s ust\u00e1lenou urbanistickou strukturou. Jedn\u00e1 se o\u00a0memorandum a souvisej\u00edc\u00ed Pravidla pro posuzov\u00e1n\u00ed investorsk\u00fdch z\u00e1m\u011br\u016f ve stabilizovan\u00fdch \u00fazem\u00edch.<strong>\u00a0<\/strong><\/p>\n<ul>\n<li><a href=\"https:\/\/www.praha14.cz\/app\/uploads\/sites\/3\/2025\/09\/Memorandum_final.pdf\" target=\"_blank\" rel=\"noopener\">Memorandum m\u011bstsk\u00e9 \u010d\u00e1sti Praha 14 k pravidl\u016fm pro posuzov\u00e1n\u00ed investorsk\u00fdch z\u00e1m\u011br\u016f ve stabilizovan\u00fdch \u00fazem\u00edch dle platn\u00e9ho \u00fazemn\u00edho pl\u00e1nu hl. m. Praha<\/a><\/li>\n<li><a href=\"https:\/\/www.praha14.cz\/app\/uploads\/sites\/3\/2025\/09\/Pravidla-pro-posuzovani-investorskych-zameru-ve-stabilizovanych-uzemich_final.pdf\" target=\"_blank\" rel=\"noopener\">Pravidla pro posuzov\u00e1n\u00ed investorsk\u00fdch z\u00e1m\u011br\u016f ve stabilizovan\u00fdch \u00fazem\u00edch m\u011bstsk\u00e9 \u010d\u00e1sti Praha 14<\/a><\/li>\n<li><a href=\"https:\/\/www.praha14.cz\/app\/uploads\/sites\/3\/2026\/04\/Priloha-c.-1_Mapove-podklady_Stabilizovana-uzemi.pdf\" target=\"_blank\" rel=\"noopener\">Mapov\u00e9 podklady &#8211; pravidla pro z\u00e1m\u011bry ve stabilizovan\u00fdch \u00fazem\u00edch<\/a><\/li>\n<\/ul>\n","protected":false},"excerpt":{"rendered":"<p>Dne 16. z\u00e1\u0159\u00ed 2025 schv\u00e1lilo Zastupitelstvo M\u010c Praha 14 kl\u00ed\u010dov\u00e9 dokumenty, kter\u00fdmi deklaruje p\u0159\u00edstup k pl\u00e1nov\u00e1n\u00ed a v\u00fdstavb\u011b v lokalit\u00e1ch s ust\u00e1lenou urbanistickou strukturou. Jedn\u00e1 se o\u00a0memorandum a souvisej\u00edc\u00ed Pravidla pro posuzov\u00e1n\u00ed investorsk\u00fdch z\u00e1m\u011br\u016f ve stabilizovan\u00fdch \u00fazem\u00edch.\u00a0 Memorandum m\u011bstsk\u00e9 \u010d\u00e1sti Praha 14 k pravidl\u016fm pro posuzov\u00e1n\u00ed investorsk\u00fdch z\u00e1m\u011br\u016f ve stabilizovan\u00fdch \u00fazem\u00edch dle platn\u00e9ho \u00fazemn\u00edho pl\u00e1nu&#8230;<\/p>\n","protected":false},"author":6,"featured_media":0,"parent":0,"menu_order":0,"comment_status":"closed","ping_status":"closed","template":"","meta":{"_acf_changed":false,"footnotes":""},"class_list":["post-46602","page","type-page","status-publish","hentry"],"acf":[],"yoast_head":"<!-- This site is optimized with the Yoast SEO plugin v27.2 - https:\/\/yoast.com\/product\/yoast-seo-wordpress\/ -->\n<title>Posuzov\u00e1n\u00ed investorsk\u00fdch z\u00e1m\u011br\u016f ve stabilizovan\u00fdch \u00fazem\u00edch Prahy 14 - memorandum a pravidla - Samospr\u00e1va \u00daM\u010c Praha 14<\/title>\n<meta name=\"robots\" content=\"index, follow, max-snippet:-1, max-image-preview:large, max-video-preview:-1\" \/>\n<link rel=\"canonical\" href=\"https:\/\/www.praha14.cz\/samosprava\/posuzovani-investorskych-zameru-ve-stabilizovanych-uzemich-prahy-14-memorandum-a-pravidla\/\" \/>\n<meta property=\"og:locale\" content=\"cs_CZ\" \/>\n<meta property=\"og:type\" content=\"article\" \/>\n<meta property=\"og:title\" content=\"Posuzov\u00e1n\u00ed investorsk\u00fdch z\u00e1m\u011br\u016f ve stabilizovan\u00fdch \u00fazem\u00edch Prahy 14 - memorandum a pravidla - Samospr\u00e1va \u00daM\u010c Praha 14\" \/>\n<meta property=\"og:description\" content=\"Dne 16. z\u00e1\u0159\u00ed 2025 schv\u00e1lilo Zastupitelstvo M\u010c Praha 14 kl\u00ed\u010dov\u00e9 dokumenty, kter\u00fdmi deklaruje p\u0159\u00edstup k pl\u00e1nov\u00e1n\u00ed a v\u00fdstavb\u011b v lokalit\u00e1ch s ust\u00e1lenou urbanistickou strukturou. Jedn\u00e1 se o\u00a0memorandum a souvisej\u00edc\u00ed Pravidla pro posuzov\u00e1n\u00ed investorsk\u00fdch z\u00e1m\u011br\u016f ve stabilizovan\u00fdch \u00fazem\u00edch.\u00a0 Memorandum m\u011bstsk\u00e9 \u010d\u00e1sti Praha 14 k pravidl\u016fm pro posuzov\u00e1n\u00ed investorsk\u00fdch z\u00e1m\u011br\u016f ve stabilizovan\u00fdch \u00fazem\u00edch dle platn\u00e9ho \u00fazemn\u00edho pl\u00e1nu...\" \/>\n<meta property=\"og:url\" content=\"https:\/\/www.praha14.cz\/samosprava\/posuzovani-investorskych-zameru-ve-stabilizovanych-uzemich-prahy-14-memorandum-a-pravidla\/\" \/>\n<meta property=\"og:site_name\" content=\"Samospr\u00e1va \u00daM\u010c Praha 14\" \/>\n<meta property=\"article:modified_time\" content=\"2026-04-10T07:54:44+00:00\" \/>\n<meta name=\"twitter:card\" content=\"summary_large_image\" \/>\n<meta name=\"twitter:label1\" content=\"Est. reading time\" \/>\n\t<meta name=\"twitter:data1\" content=\"1 minuta\" \/>\n<script type=\"application\/ld+json\" class=\"yoast-schema-graph\">{\"@context\":\"https:\/\/schema.org\",\"@graph\":[{\"@type\":\"WebPage\",\"@id\":\"https:\/\/www.praha14.cz\/samosprava\/posuzovani-investorskych-zameru-ve-stabilizovanych-uzemich-prahy-14-memorandum-a-pravidla\/\",\"url\":\"https:\/\/www.praha14.cz\/samosprava\/posuzovani-investorskych-zameru-ve-stabilizovanych-uzemich-prahy-14-memorandum-a-pravidla\/\",\"name\":\"Posuzov\u00e1n\u00ed investorsk\u00fdch z\u00e1m\u011br\u016f ve stabilizovan\u00fdch \u00fazem\u00edch Prahy 14 - memorandum a pravidla - Samospr\u00e1va \u00daM\u010c Praha 14\",\"isPartOf\":{\"@id\":\"https:\/\/www.praha14.cz\/samosprava\/#website\"},\"datePublished\":\"2025-09-22T06:58:41+00:00\",\"dateModified\":\"2026-04-10T07:54:44+00:00\",\"breadcrumb\":{\"@id\":\"https:\/\/www.praha14.cz\/samosprava\/posuzovani-investorskych-zameru-ve-stabilizovanych-uzemich-prahy-14-memorandum-a-pravidla\/#breadcrumb\"},\"inLanguage\":\"cs\",\"potentialAction\":[{\"@type\":\"ReadAction\",\"target\":[\"https:\/\/www.praha14.cz\/samosprava\/posuzovani-investorskych-zameru-ve-stabilizovanych-uzemich-prahy-14-memorandum-a-pravidla\/\"]}]},{\"@type\":\"BreadcrumbList\",\"@id\":\"https:\/\/www.praha14.cz\/samosprava\/posuzovani-investorskych-zameru-ve-stabilizovanych-uzemich-prahy-14-memorandum-a-pravidla\/#breadcrumb\",\"itemListElement\":[{\"@type\":\"ListItem\",\"position\":1,\"name\":\"Samospr\u00e1va \u00daM\u010c Praha 14\",\"item\":\"https:\/\/www.praha14.cz\/samosprava\/\"},{\"@type\":\"ListItem\",\"position\":2,\"name\":\"Posuzov\u00e1n\u00ed investorsk\u00fdch z\u00e1m\u011br\u016f ve stabilizovan\u00fdch \u00fazem\u00edch Prahy 14 &#8211; memorandum a pravidla\"}]},{\"@type\":\"WebSite\",\"@id\":\"https:\/\/www.praha14.cz\/samosprava\/#website\",\"url\":\"https:\/\/www.praha14.cz\/samosprava\/\",\"name\":\"Samospr\u00e1va \u00daM\u010c Praha 14\",\"description\":\"Ofici\u00e1ln\u00ed str\u00e1nky Samospr\u00e1vy \u00daM\u010c Praha 14\",\"potentialAction\":[{\"@type\":\"SearchAction\",\"target\":{\"@type\":\"EntryPoint\",\"urlTemplate\":\"https:\/\/www.praha14.cz\/samosprava\/?s={search_term_string}\"},\"query-input\":{\"@type\":\"PropertyValueSpecification\",\"valueRequired\":true,\"valueName\":\"search_term_string\"}}],\"inLanguage\":\"cs\"}]}<\/script>\n<!-- \/ Yoast SEO plugin. -->","yoast_head_json":{"title":"Posuzov\u00e1n\u00ed investorsk\u00fdch z\u00e1m\u011br\u016f ve stabilizovan\u00fdch \u00fazem\u00edch Prahy 14 - memorandum a pravidla - Samospr\u00e1va \u00daM\u010c Praha 14","robots":{"index":"index","follow":"follow","max-snippet":"max-snippet:-1","max-image-preview":"max-image-preview:large","max-video-preview":"max-video-preview:-1"},"canonical":"https:\/\/www.praha14.cz\/samosprava\/posuzovani-investorskych-zameru-ve-stabilizovanych-uzemich-prahy-14-memorandum-a-pravidla\/","og_locale":"cs_CZ","og_type":"article","og_title":"Posuzov\u00e1n\u00ed investorsk\u00fdch z\u00e1m\u011br\u016f ve stabilizovan\u00fdch \u00fazem\u00edch Prahy 14 - memorandum a pravidla - Samospr\u00e1va \u00daM\u010c Praha 14","og_description":"Dne 16. z\u00e1\u0159\u00ed 2025 schv\u00e1lilo Zastupitelstvo M\u010c Praha 14 kl\u00ed\u010dov\u00e9 dokumenty, kter\u00fdmi deklaruje p\u0159\u00edstup k pl\u00e1nov\u00e1n\u00ed a v\u00fdstavb\u011b v lokalit\u00e1ch s ust\u00e1lenou urbanistickou strukturou. Jedn\u00e1 se o\u00a0memorandum a souvisej\u00edc\u00ed Pravidla pro posuzov\u00e1n\u00ed investorsk\u00fdch z\u00e1m\u011br\u016f ve stabilizovan\u00fdch \u00fazem\u00edch.\u00a0 Memorandum m\u011bstsk\u00e9 \u010d\u00e1sti Praha 14 k pravidl\u016fm pro posuzov\u00e1n\u00ed investorsk\u00fdch z\u00e1m\u011br\u016f ve stabilizovan\u00fdch \u00fazem\u00edch dle platn\u00e9ho \u00fazemn\u00edho pl\u00e1nu...","og_url":"https:\/\/www.praha14.cz\/samosprava\/posuzovani-investorskych-zameru-ve-stabilizovanych-uzemich-prahy-14-memorandum-a-pravidla\/","og_site_name":"Samospr\u00e1va \u00daM\u010c Praha 14","article_modified_time":"2026-04-10T07:54:44+00:00","twitter_card":"summary_large_image","twitter_misc":{"Est. reading time":"1 minuta"},"schema":{"@context":"https:\/\/schema.org","@graph":[{"@type":"WebPage","@id":"https:\/\/www.praha14.cz\/samosprava\/posuzovani-investorskych-zameru-ve-stabilizovanych-uzemich-prahy-14-memorandum-a-pravidla\/","url":"https:\/\/www.praha14.cz\/samosprava\/posuzovani-investorskych-zameru-ve-stabilizovanych-uzemich-prahy-14-memorandum-a-pravidla\/","name":"Posuzov\u00e1n\u00ed investorsk\u00fdch z\u00e1m\u011br\u016f ve stabilizovan\u00fdch \u00fazem\u00edch Prahy 14 - memorandum a pravidla - Samospr\u00e1va \u00daM\u010c Praha 14","isPartOf":{"@id":"https:\/\/www.praha14.cz\/samosprava\/#website"},"datePublished":"2025-09-22T06:58:41+00:00","dateModified":"2026-04-10T07:54:44+00:00","breadcrumb":{"@id":"https:\/\/www.praha14.cz\/samosprava\/posuzovani-investorskych-zameru-ve-stabilizovanych-uzemich-prahy-14-memorandum-a-pravidla\/#breadcrumb"},"inLanguage":"cs","potentialAction":[{"@type":"ReadAction","target":["https:\/\/www.praha14.cz\/samosprava\/posuzovani-investorskych-zameru-ve-stabilizovanych-uzemich-prahy-14-memorandum-a-pravidla\/"]}]},{"@type":"BreadcrumbList","@id":"https:\/\/www.praha14.cz\/samosprava\/posuzovani-investorskych-zameru-ve-stabilizovanych-uzemich-prahy-14-memorandum-a-pravidla\/#breadcrumb","itemListElement":[{"@type":"ListItem","position":1,"name":"Samospr\u00e1va \u00daM\u010c Praha 14","item":"https:\/\/www.praha14.cz\/samosprava\/"},{"@type":"ListItem","position":2,"name":"Posuzov\u00e1n\u00ed investorsk\u00fdch z\u00e1m\u011br\u016f ve stabilizovan\u00fdch \u00fazem\u00edch Prahy 14 &#8211; memorandum a pravidla"}]},{"@type":"WebSite","@id":"https:\/\/www.praha14.cz\/samosprava\/#website","url":"https:\/\/www.praha14.cz\/samosprava\/","name":"Samospr\u00e1va \u00daM\u010c Praha 14","description":"Ofici\u00e1ln\u00ed str\u00e1nky Samospr\u00e1vy \u00daM\u010c Praha 14","potentialAction":[{"@type":"SearchAction","target":{"@type":"EntryPoint","urlTemplate":"https:\/\/www.praha14.cz\/samosprava\/?s={search_term_string}"},"query-input":{"@type":"PropertyValueSpecification","valueRequired":true,"valueName":"search_term_string"}}],"inLanguage":"cs"}]}},"_links":{"self":[{"href":"https:\/\/www.praha14.cz\/samosprava\/wp-json\/wp\/v2\/pages\/46602","targetHints":{"allow":["GET"]}}],"collection":[{"href":"https:\/\/www.praha14.cz\/samosprava\/wp-json\/wp\/v2\/pages"}],"about":[{"href":"https:\/\/www.praha14.cz\/samosprava\/wp-json\/wp\/v2\/types\/page"}],"author":[{"embeddable":true,"href":"https:\/\/www.praha14.cz\/samosprava\/wp-json\/wp\/v2\/users\/6"}],"replies":[{"embeddable":true,"href":"https:\/\/www.praha14.cz\/samosprava\/wp-json\/wp\/v2\/comments?post=46602"}],"version-history":[{"count":4,"href":"https:\/\/www.praha14.cz\/samosprava\/wp-json\/wp\/v2\/pages\/46602\/revisions"}],"predecessor-version":[{"id":46802,"href":"https:\/\/www.praha14.cz\/samosprava\/wp-json\/wp\/v2\/pages\/46602\/revisions\/46802"}],"wp:attachment":[{"href":"https:\/\/www.praha14.cz\/samosprava\/wp-json\/wp\/v2\/media?parent=46602"}],"curies":[{"name":"wp","href":"https:\/\/api.w.org\/{rel}","templated":true}]}}