{"id":10,"date":"2014-04-10T15:58:03","date_gmt":"2014-04-10T14:58:03","guid":{"rendered":"\/urad-mestske-casti\/?page_id=10"},"modified":"2025-06-16T11:52:58","modified_gmt":"2025-06-16T09:52:58","slug":"organizacni-struktura-rad","status":"publish","type":"page","link":"https:\/\/www.praha14.cz\/urad-mestske-casti\/o-uradu-mc-p14\/organizacni-struktura-rad\/","title":{"rendered":"Organiza\u010dn\u00ed struktura, \u0159\u00e1d"},"content":{"rendered":"<section class=\"p14-panel-group\"><div id=\"panel_group_1\" class=\"panel-group\"><br \/>\n<article class=\"panel panel-default\">\n\t\t\t<div class=\"panel-heading\">\n\t\t\t\t<h1 class=\"panel-title\">\n\t\t\t\t\t<a data-toggle=\"collapse\" data-parent=\"#panel_group_1\" href=\"#panel_1_1\" class=\"collapsed\">\n\t\t\t\t\t\tOblasti p\u016fsobnosti \u010dlen\u016f Rady M\u010c Praha 14\n\t\t\t\t\t<\/a>\n\t\t\t\t<\/h1>\n\t\t\t<\/div>\n\t\t\t<div id=\"panel_1_1\" class=\"panel-collapse collapse\">\n\t\t\t\t<div class=\"panel-body\">\n\t\t\t\t\t<\/p>\n<p><strong>STAROSTA<br \/>\n<\/strong>Ji\u0159\u00ed Zajac<\/p>\n<ul>\n<li>bytov\u00e1 politika<\/li>\n<li>spr\u00e1va majetku M\u010c Praha 14<\/li>\n<\/ul>\n<p><strong>1. M\u00cdSTOSTAROSTKA<\/strong><br \/>\nMgr. M\u00e1ria \u0160ev\u010d\u00edkov\u00e1<\/p>\n<ul>\n<li>rozpo\u010det a ekonomika<\/li>\n<li>investice<\/li>\n<li>zaji\u0161\u0165ov\u00e1n\u00ed finan\u010dn\u00edch prost\u0159edk\u016f z dota\u010dn\u00edch program\u016f<\/li>\n<\/ul>\n<p><strong>M\u00cdSTOSTAROSTA<br \/>\n<\/strong>Jarom\u00edr Kr\u00e1tk\u00fd<\/p>\n<ul>\n<li>prevence kriminality a rizikov\u00e9ho chov\u00e1n\u00ed<\/li>\n<li>informa\u010dn\u00ed technologie a kybernetick\u00e1 bezpe\u010dnost<\/li>\n<\/ul>\n<p><strong>M\u00cdSTOSTAROSTKA<br \/>\n<\/strong>So\u0148a Tom\u00e1nkov\u00e1<\/p>\n<ul>\n<li>bezpe\u010dnost<\/li>\n<li>ve\u0159ejn\u00fd prostor<\/li>\n<\/ul>\n<p><strong>UVOLN\u011aN\u00c1 RADN\u00cd<br \/>\n<\/strong>Aneta Hejrovsk\u00e1<\/p>\n<ul>\n<li>soci\u00e1ln\u00ed p\u00e9\u010de a zdravotnictv\u00ed<\/li>\n<li>komunitn\u00ed pl\u00e1nov\u00e1n\u00ed soci\u00e1ln\u00edch slu\u017eeb<\/li>\n<\/ul>\n<p><strong>UVOLN\u011aN\u00dd RADN\u00cd<br \/>\n<\/strong>Josef Kutmon<\/p>\n<ul>\n<li>\u0161kolstv\u00ed<\/li>\n<li>komunikace s ve\u0159ejnost\u00ed<\/li>\n<\/ul>\n<p><strong>NEUVOLN\u011aN\u00dd RADN\u00cd<\/strong><br \/>\nIng. Jan Li\u0161ka<\/p>\n<ul>\n<li>\u00fazemn\u00ed pl\u00e1nov\u00e1n\u00ed<\/li>\n<li>strategick\u00e9 pl\u00e1nov\u00e1n\u00ed a komunitn\u00ed participace<\/li>\n<\/ul>\n<p><strong>NEUVOLN\u011aN\u00c1 RADN\u00cd<\/strong><br \/>\nMUDr. Kate\u0159ina Pavl\u00ed\u010dkov\u00e1<\/p>\n<ul>\n<li>kultura, sport a voln\u00fd \u010das<\/li>\n<\/ul>\n<p><strong>NEUVOLN\u011aN\u00dd RADN\u00cd<br \/>\n<\/strong>Ing. Karel Med<\/p>\n<ul>\n<li>\u017eivotn\u00ed prost\u0159ed\u00ed<\/li>\n<li>doprava<\/li>\n<\/ul>\n<p><strong>\u00a0<\/strong>\n\t\t\t\t<\/div>\n\t\t\t<\/div>\n\t\t<\/article><article class=\"panel panel-default\">\n\t\t\t<div class=\"panel-heading\">\n\t\t\t\t<h1 class=\"panel-title\">\n\t\t\t\t\t<a data-toggle=\"collapse\" data-parent=\"#panel_group_1\" href=\"#panel_1_2\" class=\"collapsed\">\n\t\t\t\t\t\tInforma\u010dn\u00ed kancel\u00e1\u0159\n\t\t\t\t\t<\/a>\n\t\t\t\t<\/h1>\n\t\t\t<\/div>\n\t\t\t<div id=\"panel_1_2\" class=\"panel-collapse collapse\">\n\t\t\t\t<div class=\"panel-body\">\n\t\t\t\t\t<\/p>\n<p><strong>adresa:<\/strong> Brat\u0159\u00ed Vencl\u00edk\u016f 1073<br \/>\n<strong style=\"line-height: 1.5;\">telefon:<\/strong><span style=\"line-height: 1.5;\"> 225 295 270, 281 005 270, 225 295 561, 281 005 561<br \/>\n<\/span><strong style=\"line-height: 1.5;\">e-mail:<\/strong> <a style=\"line-height: 1.5;\" href=\"mailto:informace@praha14.cz\">informace@praha14.cz<\/a><\/p>\n<h6><strong><span style=\"color: #a2c516;\">\u00da\u0159edn\u00ed hodiny:<\/span><\/strong><\/h6>\n<table>\n<tbody>\n<tr>\n<th>den v t\u00fddnu<\/th>\n<th>hodiny<\/th>\n<\/tr>\n<tr>\n<td>Pond\u011bl\u00ed<\/td>\n<td>7:30 &#8211; 18:00<\/td>\n<\/tr>\n<tr>\n<td>\u00dater\u00fd<\/td>\n<td>7:30 &#8211; 15:00<\/td>\n<\/tr>\n<tr>\n<td>St\u0159eda<\/td>\n<td>7:30 &#8211; 18:00<\/td>\n<\/tr>\n<tr>\n<td>\u010ctvrtek<\/td>\n<td>7:30 &#8211; 15:00<\/td>\n<\/tr>\n<tr>\n<td>P\u00e1tek<\/td>\n<td>7:30 &#8211; 14:00<\/td>\n<\/tr>\n<\/tbody>\n<\/table>\n<p><strong><span style=\"color: #a2c516;\">Informa\u010dn\u00ed kancel\u00e1\u0159:<\/span><\/strong><\/p>\n<ul>\n<li>provozuje agendy <a title=\"Czech POINT\" href=\"\/urad-mestske-casti\/czech-point\/\">Czech POINTu<\/a><\/li>\n<li>zhotovuje kopie pot\u0159ebn\u00fdch dokument\u016f<\/li>\n<\/ul>\n<p>\n\t\t\t\t<\/div>\n\t\t\t<\/div>\n\t\t<\/article><article class=\"panel panel-default\">\n\t\t\t<div class=\"panel-heading\">\n\t\t\t\t<h1 class=\"panel-title\">\n\t\t\t\t\t<a data-toggle=\"collapse\" data-parent=\"#panel_group_1\" href=\"#panel_1_3\" class=\"collapsed\">\n\t\t\t\t\t\tOrganiza\u010dn\u00ed \u0159\u00e1d\n\t\t\t\t\t<\/a>\n\t\t\t\t<\/h1>\n\t\t\t<\/div>\n\t\t\t<div id=\"panel_1_3\" class=\"panel-collapse collapse\">\n\t\t\t\t<div class=\"panel-body\">\n\t\t\t\t\t<\/p>\n<ul>\n<li><strong>Identifika\u010dn\u00ed ozna\u010den\u00ed:<\/strong> QS 55-01<\/li>\n<li><strong>Platnost od: <\/strong>21. 1. 2025<\/li>\n<li><strong>\u00da\u010dinnost od: <\/strong>1. 2. 2025<\/li>\n<li><strong>Garant: <\/strong>Mgr. Eva Kopl\u00edkov\u00e1, tajemnice \u00daM\u010c<\/li>\n<li><strong>Oblast:<\/strong> p\u0159edpisy s obecnou platnost\u00ed (\u0159\u00e1dy)<\/li>\n<li><strong>Schv\u00e1lil:<\/strong> usnesen\u00ed \u010d. 045\/RM\u010c\/2025 ze dne 21. 1. 2025<\/li>\n<li><strong>Cel\u00fd text sm\u011brnice: <a href=\"https:\/\/www.praha14.cz\/app\/uploads\/sites\/2\/2025\/01\/QS-55-01-Organizacni-rad.docx\" target=\"_blank\" rel=\"noopener\">Organiza\u010dn\u00ed \u0159\u00e1d<\/a><\/strong><\/li>\n<\/ul>\n<p>\n\t\t\t\t<\/div>\n\t\t\t<\/div>\n\t\t<\/article><article class=\"panel panel-default\">\n\t\t\t<div class=\"panel-heading\">\n\t\t\t\t<h1 class=\"panel-title\">\n\t\t\t\t\t<a data-toggle=\"collapse\" data-parent=\"#panel_group_1\" href=\"#panel_1_4\" class=\"collapsed\">\n\t\t\t\t\t\tOrienta\u010dn\u00ed pl\u00e1nek \u00daM\u010c Praha 14\n\t\t\t\t\t<\/a>\n\t\t\t\t<\/h1>\n\t\t\t<\/div>\n\t\t\t<div id=\"panel_1_4\" class=\"panel-collapse collapse\">\n\t\t\t\t<div class=\"panel-body\">\n\t\t\t\t\t<\/p>\n<ul>\n<li><a href=\"https:\/\/www.praha14.cz\/app\/uploads\/sites\/2\/2025\/06\/Orientacni-planek.pdf\" target=\"_blank\" rel=\"noopener\">Orienta\u010dn\u00ed pl\u00e1nek \u00da\u0159adu m\u011bstsk\u00e9 \u010d\u00e1sti Praha 14<\/a><\/li>\n<\/ul>\n<p>\n\t\t\t\t<\/div>\n\t\t\t<\/div>\n\t\t<\/article><\/div><\/section>\n","protected":false},"excerpt":{"rendered":"","protected":false},"author":1,"featured_media":0,"parent":27877,"menu_order":0,"comment_status":"closed","ping_status":"closed","template":"page-organizacni-struktura-rad.php","meta":{"_acf_changed":false,"footnotes":""},"class_list":["post-10","page","type-page","status-publish","hentry"],"acf":[],"yoast_head":"<!-- This site is optimized with the Yoast SEO plugin v27.2 - https:\/\/yoast.com\/product\/yoast-seo-wordpress\/ -->\n<title>Organiza\u010dn\u00ed struktura, \u0159\u00e1d - \u00daM\u010c P14<\/title>\n<meta name=\"robots\" content=\"index, follow, max-snippet:-1, max-image-preview:large, max-video-preview:-1\" \/>\n<link rel=\"canonical\" href=\"https:\/\/www.praha14.cz\/urad-mestske-casti\/o-uradu-mc-p14\/organizacni-struktura-rad\/\" \/>\n<meta property=\"og:locale\" content=\"cs_CZ\" \/>\n<meta property=\"og:type\" content=\"article\" \/>\n<meta property=\"og:title\" content=\"Organiza\u010dn\u00ed struktura, \u0159\u00e1d - \u00daM\u010c P14\" \/>\n<meta property=\"og:url\" content=\"https:\/\/www.praha14.cz\/urad-mestske-casti\/o-uradu-mc-p14\/organizacni-struktura-rad\/\" \/>\n<meta property=\"og:site_name\" content=\"\u00daM\u010c P14\" \/>\n<meta property=\"article:modified_time\" content=\"2025-06-16T09:52:58+00:00\" \/>\n<meta name=\"twitter:card\" content=\"summary_large_image\" \/>\n<meta name=\"twitter:label1\" content=\"Est. reading time\" \/>\n\t<meta name=\"twitter:data1\" content=\"2 minuty\" \/>\n<script type=\"application\/ld+json\" class=\"yoast-schema-graph\">{\"@context\":\"https:\/\/schema.org\",\"@graph\":[{\"@type\":\"WebPage\",\"@id\":\"https:\/\/www.praha14.cz\/urad-mestske-casti\/o-uradu-mc-p14\/organizacni-struktura-rad\/\",\"url\":\"https:\/\/www.praha14.cz\/urad-mestske-casti\/o-uradu-mc-p14\/organizacni-struktura-rad\/\",\"name\":\"Organiza\u010dn\u00ed struktura, \u0159\u00e1d - \u00daM\u010c P14\",\"isPartOf\":{\"@id\":\"https:\/\/www.praha14.cz\/urad-mestske-casti\/#website\"},\"datePublished\":\"2014-04-10T14:58:03+00:00\",\"dateModified\":\"2025-06-16T09:52:58+00:00\",\"breadcrumb\":{\"@id\":\"https:\/\/www.praha14.cz\/urad-mestske-casti\/o-uradu-mc-p14\/organizacni-struktura-rad\/#breadcrumb\"},\"inLanguage\":\"cs\",\"potentialAction\":[{\"@type\":\"ReadAction\",\"target\":[\"https:\/\/www.praha14.cz\/urad-mestske-casti\/o-uradu-mc-p14\/organizacni-struktura-rad\/\"]}]},{\"@type\":\"BreadcrumbList\",\"@id\":\"https:\/\/www.praha14.cz\/urad-mestske-casti\/o-uradu-mc-p14\/organizacni-struktura-rad\/#breadcrumb\",\"itemListElement\":[{\"@type\":\"ListItem\",\"position\":1,\"name\":\"\u00da\u0159ad m\u011bstsk\u00e9 \u010d\u00e1sti Praha 14\",\"item\":\"https:\/\/www.praha14.cz\/urad-mestske-casti\/\"},{\"@type\":\"ListItem\",\"position\":2,\"name\":\"O \u00fa\u0159adu M\u010c P14\",\"item\":\"https:\/\/www.praha14.cz\/urad-mestske-casti\/o-uradu-mc-p14\/\"},{\"@type\":\"ListItem\",\"position\":3,\"name\":\"Organiza\u010dn\u00ed struktura, \u0159\u00e1d\"}]},{\"@type\":\"WebSite\",\"@id\":\"https:\/\/www.praha14.cz\/urad-mestske-casti\/#website\",\"url\":\"https:\/\/www.praha14.cz\/urad-mestske-casti\/\",\"name\":\"\u00daM\u010c P14\",\"description\":\"Ofici\u00e1ln\u00ed str\u00e1nky m\u011bstsk\u00e9 \u010d\u00e1sti Praha 14\",\"potentialAction\":[{\"@type\":\"SearchAction\",\"target\":{\"@type\":\"EntryPoint\",\"urlTemplate\":\"https:\/\/www.praha14.cz\/urad-mestske-casti\/?s={search_term_string}\"},\"query-input\":{\"@type\":\"PropertyValueSpecification\",\"valueRequired\":true,\"valueName\":\"search_term_string\"}}],\"inLanguage\":\"cs\"}]}<\/script>\n<!-- \/ Yoast SEO plugin. -->","yoast_head_json":{"title":"Organiza\u010dn\u00ed struktura, \u0159\u00e1d - \u00daM\u010c P14","robots":{"index":"index","follow":"follow","max-snippet":"max-snippet:-1","max-image-preview":"max-image-preview:large","max-video-preview":"max-video-preview:-1"},"canonical":"https:\/\/www.praha14.cz\/urad-mestske-casti\/o-uradu-mc-p14\/organizacni-struktura-rad\/","og_locale":"cs_CZ","og_type":"article","og_title":"Organiza\u010dn\u00ed struktura, \u0159\u00e1d - \u00daM\u010c P14","og_url":"https:\/\/www.praha14.cz\/urad-mestske-casti\/o-uradu-mc-p14\/organizacni-struktura-rad\/","og_site_name":"\u00daM\u010c P14","article_modified_time":"2025-06-16T09:52:58+00:00","twitter_card":"summary_large_image","twitter_misc":{"Est. reading time":"2 minuty"},"schema":{"@context":"https:\/\/schema.org","@graph":[{"@type":"WebPage","@id":"https:\/\/www.praha14.cz\/urad-mestske-casti\/o-uradu-mc-p14\/organizacni-struktura-rad\/","url":"https:\/\/www.praha14.cz\/urad-mestske-casti\/o-uradu-mc-p14\/organizacni-struktura-rad\/","name":"Organiza\u010dn\u00ed struktura, \u0159\u00e1d - \u00daM\u010c P14","isPartOf":{"@id":"https:\/\/www.praha14.cz\/urad-mestske-casti\/#website"},"datePublished":"2014-04-10T14:58:03+00:00","dateModified":"2025-06-16T09:52:58+00:00","breadcrumb":{"@id":"https:\/\/www.praha14.cz\/urad-mestske-casti\/o-uradu-mc-p14\/organizacni-struktura-rad\/#breadcrumb"},"inLanguage":"cs","potentialAction":[{"@type":"ReadAction","target":["https:\/\/www.praha14.cz\/urad-mestske-casti\/o-uradu-mc-p14\/organizacni-struktura-rad\/"]}]},{"@type":"BreadcrumbList","@id":"https:\/\/www.praha14.cz\/urad-mestske-casti\/o-uradu-mc-p14\/organizacni-struktura-rad\/#breadcrumb","itemListElement":[{"@type":"ListItem","position":1,"name":"\u00da\u0159ad m\u011bstsk\u00e9 \u010d\u00e1sti Praha 14","item":"https:\/\/www.praha14.cz\/urad-mestske-casti\/"},{"@type":"ListItem","position":2,"name":"O \u00fa\u0159adu M\u010c P14","item":"https:\/\/www.praha14.cz\/urad-mestske-casti\/o-uradu-mc-p14\/"},{"@type":"ListItem","position":3,"name":"Organiza\u010dn\u00ed struktura, \u0159\u00e1d"}]},{"@type":"WebSite","@id":"https:\/\/www.praha14.cz\/urad-mestske-casti\/#website","url":"https:\/\/www.praha14.cz\/urad-mestske-casti\/","name":"\u00daM\u010c P14","description":"Ofici\u00e1ln\u00ed str\u00e1nky m\u011bstsk\u00e9 \u010d\u00e1sti Praha 14","potentialAction":[{"@type":"SearchAction","target":{"@type":"EntryPoint","urlTemplate":"https:\/\/www.praha14.cz\/urad-mestske-casti\/?s={search_term_string}"},"query-input":{"@type":"PropertyValueSpecification","valueRequired":true,"valueName":"search_term_string"}}],"inLanguage":"cs"}]}},"_links":{"self":[{"href":"https:\/\/www.praha14.cz\/urad-mestske-casti\/wp-json\/wp\/v2\/pages\/10","targetHints":{"allow":["GET"]}}],"collection":[{"href":"https:\/\/www.praha14.cz\/urad-mestske-casti\/wp-json\/wp\/v2\/pages"}],"about":[{"href":"https:\/\/www.praha14.cz\/urad-mestske-casti\/wp-json\/wp\/v2\/types\/page"}],"author":[{"embeddable":true,"href":"https:\/\/www.praha14.cz\/urad-mestske-casti\/wp-json\/wp\/v2\/users\/1"}],"replies":[{"embeddable":true,"href":"https:\/\/www.praha14.cz\/urad-mestske-casti\/wp-json\/wp\/v2\/comments?post=10"}],"version-history":[{"count":23,"href":"https:\/\/www.praha14.cz\/urad-mestske-casti\/wp-json\/wp\/v2\/pages\/10\/revisions"}],"predecessor-version":[{"id":53512,"href":"https:\/\/www.praha14.cz\/urad-mestske-casti\/wp-json\/wp\/v2\/pages\/10\/revisions\/53512"}],"up":[{"embeddable":true,"href":"https:\/\/www.praha14.cz\/urad-mestske-casti\/wp-json\/wp\/v2\/pages\/27877"}],"wp:attachment":[{"href":"https:\/\/www.praha14.cz\/urad-mestske-casti\/wp-json\/wp\/v2\/media?parent=10"}],"curies":[{"name":"wp","href":"https:\/\/api.w.org\/{rel}","templated":true}]}}