{"id":13940,"date":"2014-05-12T08:33:17","date_gmt":"2014-05-12T07:33:17","guid":{"rendered":"\/urad-mestske-casti\/?page_id=13940"},"modified":"2024-05-02T09:23:56","modified_gmt":"2024-05-02T07:23:56","slug":"prehled-spravnich-poplatku-zivnostensky-odbor","status":"publish","type":"page","link":"https:\/\/www.praha14.cz\/urad-mestske-casti\/o-uradu-mc-p14\/odbory-uradu\/prehled-spravnich-poplatku-zivnostensky-odbor\/","title":{"rendered":"P\u0159ehled spr\u00e1vn\u00edch poplatk\u016f (\u017eivnostensk\u00fd odbor)"},"content":{"rendered":"<h5>P\u0159ehled spr\u00e1vn\u00edch poplatk\u016f dle z\u00e1kona \u010d. 634\/2004 Sb., o spr\u00e1vn\u00edch poplatc\u00edch za \u00fa\u0159edn\u00ed \u00fakony vykon\u00e1van\u00e9 \u017eivnostensk\u00fdm odborem (stav ke dni 1. 2. 2022, aktualizov\u00e1no 1. 2. 2022):<\/h5>\n<div><\/div>\n<div><strong>Nov\u011b je mo\u017eno uskute\u010dnit platbu spr\u00e1vn\u00edho poplatku prost\u0159ednictv\u00edm QR k\u00f3du.<br \/>\n<\/strong><a href=\"https:\/\/www.praha14.cz\/app\/uploads\/sites\/2\/2024\/05\/QR-kody.pdf\" target=\"_blank\" rel=\"noopener\">P\u0159ehled poplatk\u016f, v\u010detn\u011b QR k\u00f3d\u016f<\/a><\/div>\n<h5>Polo\u017eka 2<\/h5>\n<p>Nahl\u00e9dnut\u00ed do \u017eivnostensk\u00e9ho rejst\u0159\u00edku za ka\u017ed\u00fd subjekt, do jeho\u017e z\u00e1pisu se nahl\u00ed\u017e\u00ed K\u010d\u00a0<strong>20,&#8211;<\/strong><\/p>\n<h5>Polo\u017eka 3<\/h5>\n<p>a) Vyd\u00e1n\u00ed stejnopisu, opisu, kopie, fotokopie nebo v\u00fdpisu z \u00fa\u0159edn\u00edch spis\u016f, ze soukrom\u00fdch spis\u016f v \u00fa\u0159edn\u00ed \u00faschov\u011b, z rejst\u0159\u00edk\u016f, z registr\u016f, z knih, ze z\u00e1znam\u016f, z evidenc\u00ed, z listin nebo z dal\u0161\u00edho p\u00edsemn\u00e9ho a obrazov\u00e9ho materi\u00e1lu, pop\u0159. sd\u011blen\u00ed o negativn\u00edm n\u00e1lezu K\u010d\u00a0<b>50,&#8211;<\/b><\/p>\n<p>za ka\u017edou i zapo\u010datou str\u00e1nku K\u010d\u00a0<b>40,&#8211;<\/b><br \/>\nna technick\u00e9m nosi\u010di dat K\u010d\u00a0<b>15,&#8211;<\/b><br \/>\nza prvn\u00ed str\u00e1nku a K\u010d\u00a0<b>5,&#8211;<\/b>\u00a0za ka\u017edou i zapo\u010datou str\u00e1nku, je-li po\u0159izov\u00e1na na kop\u00edrovac\u00edm stroji nebo na tisk\u00e1rn\u011b po\u010d\u00edta\u010de.<\/p>\n<h5>Polo\u017eka 6<\/h5>\n<table summary=\"Tabulka poplatk\u016f za proveden\u00e9 \u00fakony.1.sloupec n\u00e1zev \u00fakonu,2.sloupec poplatek.\" width=\"100%\" cellspacing=\"0\" cellpadding=\"5\">\n<tbody>\n<tr>\n<td valign=\"top\">a)<\/td>\n<td valign=\"top\">Z\u00e1pis zem\u011bd\u011blsk\u00e9ho podnikatele do evidence<\/td>\n<td valign=\"top\">K\u010d\u00a0<strong>1000,&#8211;<\/strong><\/td>\n<\/tr>\n<tr>\n<td valign=\"top\">b)<\/td>\n<td valign=\"top\">Zm\u011bna z\u00e1pisu zem\u011bd\u011blsk\u00e9ho podnikatele v\u00a0evidenci<\/td>\n<td valign=\"top\">K\u010d\u00a0<strong>500,&#8211;<\/strong><\/td>\n<\/tr>\n<tr>\n<td valign=\"top\">c)<\/td>\n<td valign=\"top\">Zm\u011bna z\u00e1pisu identifika\u010dn\u00edch \u00fadaj\u016f v\u00a0evidenci zem\u011bd\u011blsk\u00e9ho podnikatele<\/td>\n<td valign=\"top\">K\u010d\u00a0<strong>100,&#8211;<\/strong><\/td>\n<\/tr>\n<\/tbody>\n<\/table>\n<p><strong>P\u0159edm\u011btem poplatku nen\u00ed<\/strong><br \/>\nZm\u011bna uveden\u00e1 v p\u00edsmenu c) t\u00e9to polo\u017eky, kter\u00e1 navazuje na zm\u011bny ji\u017e proveden\u00e9 v obchodn\u00edm rejst\u0159\u00edku nebo jin\u00e9m rejst\u0159\u00edku.<\/p>\n<h3>Polo\u017eka 24<\/h3>\n<table>\n<tbody>\n<tr>\n<td>a)<\/td>\n<td>Ohl\u00e1\u0161en\u00ed \u017eivnosti p\u0159i vstupu do \u017eivnostensk\u00e9ho podnik\u00e1n\u00ed<\/td>\n<td>K\u010d<\/td>\n<td>1 000<\/td>\n<\/tr>\n<tr>\n<td>b)<\/td>\n<td>Dal\u0161\u00ed ohl\u00e1\u0161en\u00ed \u017eivnosti<\/td>\n<td>K\u010d<\/td>\n<td>500<\/td>\n<\/tr>\n<tr>\n<td>c)<\/td>\n<td>P\u0159ijet\u00ed \u017e\u00e1dosti o koncesi p\u0159i vstupu do \u017eivnostensk\u00e9ho podnik\u00e1n\u00ed<\/td>\n<td>K\u010d<\/td>\n<td>1 000<\/td>\n<\/tr>\n<tr>\n<td>d)<\/td>\n<td>P\u0159ijet\u00ed dal\u0161\u00ed \u017e\u00e1dosti o koncesi<\/td>\n<td>K\u010d<\/td>\n<td>500<\/td>\n<\/tr>\n<tr>\n<td>e)<\/td>\n<td>Zm\u011bna rozhodnut\u00ed o ud\u011blen\u00ed koncese<\/td>\n<td>K\u010d<\/td>\n<td>500<\/td>\n<\/tr>\n<tr>\n<td>f)<\/td>\n<td>Vyd\u00e1n\u00ed rozhodnut\u00ed o schv\u00e1len\u00ed odpov\u011bdn\u00e9ho z\u00e1stupce pro koncesovanou \u017eivnost<\/td>\n<td>K\u010d<\/td>\n<td>500<\/td>\n<\/tr>\n<tr>\n<td>g)<\/td>\n<td>Vyd\u00e1n\u00ed v\u00fdpisu z \u017eivnostensk\u00e9ho rejst\u0159\u00edku po proveden\u00ed ozn\u00e1men\u00e9 zm\u011bny<\/td>\n<td>K\u010d<\/td>\n<td>100<\/td>\n<\/tr>\n<tr>\n<td>h)<\/td>\n<td>Vyd\u00e1n\u00ed \u00fapln\u00e9ho nebo \u010d\u00e1ste\u010dn\u00e9ho v\u00fdpisu z \u017eivnostensk\u00e9ho rejst\u0159\u00edku na \u017e\u00e1dost (za ka\u017edou i zapo\u010datou str\u00e1nku)<\/td>\n<td>K\u010d<\/td>\n<td>20<\/td>\n<\/tr>\n<tr>\n<td>i)<\/td>\n<td>p\u0159ijet\u00ed pod\u00e1n\u00ed kontaktn\u00edm m\u00edstem ve\u0159ejn\u00e9 spr\u00e1vy podle \u00a7 72 \u017eivnostensk\u00e9ho z\u00e1kona<\/td>\n<td>K\u010d<\/td>\n<td>50<\/td>\n<\/tr>\n<\/tbody>\n<\/table>\n<h5>P\u0159edm\u011btem poplatku nen\u00ed<\/h5>\n<ol>\n<li>Vyd\u00e1n\u00ed prvn\u00edho v\u00fdpisu ze \u017eivnostensk\u00e9ho rejst\u0159\u00edku po proveden\u00ed z\u00e1pisu podnikatele do \u017eivnostensk\u00e9ho rejst\u0159\u00edku.<\/li>\n<li>Zm\u011bna podm\u00ednek provozov\u00e1n\u00ed podnikatelsk\u00e9 \u010dinnosti proveden\u00e1 spr\u00e1vn\u00edm \u00fa\u0159adem z vlastn\u00edho podn\u011btu.<\/li>\n<li>Schv\u00e1len\u00ed odpov\u011bdn\u00e9ho z\u00e1stupce, je-li provedeno sou\u010dasn\u011b s rozhodnut\u00edm o ud\u011blen\u00ed koncese.<\/li>\n<li>Zm\u011bna oboru \u010dinnosti v r\u00e1mci \u017eivnosti voln\u00e9.<\/li>\n<\/ol>\n<p><strong>Pozn\u00e1mky<\/strong><\/p>\n<ol>\n<li>Pokud bylo ohl\u00e1\u0161eno v\u00edce \u017eivnost\u00ed sou\u010dasn\u011b nebo pod\u00e1no sou\u010dasn\u011b v\u00edce \u017e\u00e1dost\u00ed o koncesi, poplatek podle p\u00edsmen a) a\u017e d) se vyb\u00edr\u00e1 jen jednou. Poplatek se vybere jen jednou rovn\u011b\u017e, pokud je sou\u010dasn\u011b ohl\u00e1\u0161ena \u017eivnost a pod\u00e1na \u017e\u00e1dost o koncesi.<\/li>\n<li>Poplatek podle p\u00edsmen e), f) a g) je splatn\u00fd p\u0159i ozn\u00e1men\u00ed zm\u011bny. Nebude-li poplatek zaplacen, spr\u00e1vn\u00ed \u00fa\u0159ad \u00fakon neprovede.<\/li>\n<li>Je-li sou\u010dasn\u011b u\u010din\u011bno v\u00edce \u00fakon\u016f podl\u00e9haj\u00edc\u00edch poplatku podle t\u00e9to polo\u017eky, vybere spr\u00e1vn\u00ed \u00fa\u0159ad jen jeden poplatek ve v\u00fd\u0161i odpov\u00eddaj\u00edc\u00ed nejvy\u0161\u0161\u00ed sazb\u011b.<\/li>\n<li>Bylo-li ohl\u00e1\u0161en\u00ed nebo \u017e\u00e1dost o proveden\u00ed spr\u00e1vn\u00edho \u00fakonu zpoplatn\u011bn\u00e9 v t\u00e9to polo\u017ece pod\u00e1no prost\u0159ednictv\u00edm kontaktn\u00edho m\u00edsta ve\u0159ejn\u00e9 spr\u00e1vy26), vyb\u00edr\u00e1 spr\u00e1vn\u00ed poplatek kontaktn\u00ed m\u00edsto ve\u0159ejn\u00e9 spr\u00e1vy. Spr\u00e1vn\u00ed poplatek stanoven\u00fd v p\u00edsmenech a) a\u017e h) je p\u0159\u00edjmem obce, jej\u00edmu\u017e obecn\u00edmu \u017eivnostensk\u00e9mu \u00fa\u0159adu bylo pod\u00e1n\u00ed doru\u010deno.<\/li>\n<\/ol>\n","protected":false},"excerpt":{"rendered":"<p>P\u0159ehled spr\u00e1vn\u00edch poplatk\u016f dle z\u00e1kona \u010d. 634\/2004 Sb., o spr\u00e1vn\u00edch poplatc\u00edch za \u00fa\u0159edn\u00ed \u00fakony vykon\u00e1van\u00e9 \u017eivnostensk\u00fdm odborem (stav ke dni 1. 2. 2022, aktualizov\u00e1no 1. 2. 2022): Nov\u011b je mo\u017eno uskute\u010dnit platbu spr\u00e1vn\u00edho poplatku prost\u0159ednictv\u00edm QR k\u00f3du. P\u0159ehled poplatk\u016f, v\u010detn\u011b QR k\u00f3d\u016f Polo\u017eka 2 Nahl\u00e9dnut\u00ed do \u017eivnostensk\u00e9ho rejst\u0159\u00edku za ka\u017ed\u00fd subjekt, do jeho\u017e z\u00e1pisu se&#8230;<\/p>\n","protected":false},"author":1,"featured_media":0,"parent":12,"menu_order":0,"comment_status":"closed","ping_status":"closed","template":"","meta":{"_acf_changed":false,"footnotes":""},"class_list":["post-13940","page","type-page","status-publish","hentry"],"acf":[],"yoast_head":"<!-- This site is optimized with the Yoast SEO plugin v27.2 - https:\/\/yoast.com\/product\/yoast-seo-wordpress\/ -->\n<title>P\u0159ehled spr\u00e1vn\u00edch poplatk\u016f (\u017eivnostensk\u00fd odbor) - \u00daM\u010c P14<\/title>\n<meta name=\"robots\" content=\"index, follow, max-snippet:-1, max-image-preview:large, max-video-preview:-1\" \/>\n<link rel=\"canonical\" href=\"https:\/\/www.praha14.cz\/urad-mestske-casti\/o-uradu-mc-p14\/odbory-uradu\/prehled-spravnich-poplatku-zivnostensky-odbor\/\" \/>\n<meta property=\"og:locale\" content=\"cs_CZ\" \/>\n<meta property=\"og:type\" content=\"article\" \/>\n<meta property=\"og:title\" content=\"P\u0159ehled spr\u00e1vn\u00edch poplatk\u016f (\u017eivnostensk\u00fd odbor) - \u00daM\u010c P14\" \/>\n<meta property=\"og:description\" content=\"P\u0159ehled spr\u00e1vn\u00edch poplatk\u016f dle z\u00e1kona \u010d. 634\/2004 Sb., o spr\u00e1vn\u00edch poplatc\u00edch za \u00fa\u0159edn\u00ed \u00fakony vykon\u00e1van\u00e9 \u017eivnostensk\u00fdm odborem (stav ke dni 1. 2. 2022, aktualizov\u00e1no 1. 2. 2022): Nov\u011b je mo\u017eno uskute\u010dnit platbu spr\u00e1vn\u00edho poplatku prost\u0159ednictv\u00edm QR k\u00f3du. P\u0159ehled poplatk\u016f, v\u010detn\u011b QR k\u00f3d\u016f Polo\u017eka 2 Nahl\u00e9dnut\u00ed do \u017eivnostensk\u00e9ho rejst\u0159\u00edku za ka\u017ed\u00fd subjekt, do jeho\u017e z\u00e1pisu se...\" \/>\n<meta property=\"og:url\" content=\"https:\/\/www.praha14.cz\/urad-mestske-casti\/o-uradu-mc-p14\/odbory-uradu\/prehled-spravnich-poplatku-zivnostensky-odbor\/\" \/>\n<meta property=\"og:site_name\" content=\"\u00daM\u010c P14\" \/>\n<meta property=\"article:modified_time\" content=\"2024-05-02T07:23:56+00:00\" \/>\n<meta name=\"twitter:card\" content=\"summary_large_image\" \/>\n<meta name=\"twitter:label1\" content=\"Est. reading time\" \/>\n\t<meta name=\"twitter:data1\" content=\"3 minuty\" \/>\n<script type=\"application\/ld+json\" class=\"yoast-schema-graph\">{\"@context\":\"https:\/\/schema.org\",\"@graph\":[{\"@type\":\"WebPage\",\"@id\":\"https:\/\/www.praha14.cz\/urad-mestske-casti\/o-uradu-mc-p14\/odbory-uradu\/prehled-spravnich-poplatku-zivnostensky-odbor\/\",\"url\":\"https:\/\/www.praha14.cz\/urad-mestske-casti\/o-uradu-mc-p14\/odbory-uradu\/prehled-spravnich-poplatku-zivnostensky-odbor\/\",\"name\":\"P\u0159ehled spr\u00e1vn\u00edch poplatk\u016f (\u017eivnostensk\u00fd odbor) - \u00daM\u010c P14\",\"isPartOf\":{\"@id\":\"https:\/\/www.praha14.cz\/urad-mestske-casti\/#website\"},\"datePublished\":\"2014-05-12T07:33:17+00:00\",\"dateModified\":\"2024-05-02T07:23:56+00:00\",\"breadcrumb\":{\"@id\":\"https:\/\/www.praha14.cz\/urad-mestske-casti\/o-uradu-mc-p14\/odbory-uradu\/prehled-spravnich-poplatku-zivnostensky-odbor\/#breadcrumb\"},\"inLanguage\":\"cs\",\"potentialAction\":[{\"@type\":\"ReadAction\",\"target\":[\"https:\/\/www.praha14.cz\/urad-mestske-casti\/o-uradu-mc-p14\/odbory-uradu\/prehled-spravnich-poplatku-zivnostensky-odbor\/\"]}]},{\"@type\":\"BreadcrumbList\",\"@id\":\"https:\/\/www.praha14.cz\/urad-mestske-casti\/o-uradu-mc-p14\/odbory-uradu\/prehled-spravnich-poplatku-zivnostensky-odbor\/#breadcrumb\",\"itemListElement\":[{\"@type\":\"ListItem\",\"position\":1,\"name\":\"\u00da\u0159ad m\u011bstsk\u00e9 \u010d\u00e1sti Praha 14\",\"item\":\"https:\/\/www.praha14.cz\/urad-mestske-casti\/\"},{\"@type\":\"ListItem\",\"position\":2,\"name\":\"O \u00fa\u0159adu M\u010c P14\",\"item\":\"https:\/\/www.praha14.cz\/urad-mestske-casti\/o-uradu-mc-p14\/\"},{\"@type\":\"ListItem\",\"position\":3,\"name\":\"Odbory \u00fa\u0159adu\",\"item\":\"https:\/\/www.praha14.cz\/urad-mestske-casti\/o-uradu-mc-p14\/odbory-uradu\/\"},{\"@type\":\"ListItem\",\"position\":4,\"name\":\"P\u0159ehled spr\u00e1vn\u00edch poplatk\u016f (\u017eivnostensk\u00fd odbor)\"}]},{\"@type\":\"WebSite\",\"@id\":\"https:\/\/www.praha14.cz\/urad-mestske-casti\/#website\",\"url\":\"https:\/\/www.praha14.cz\/urad-mestske-casti\/\",\"name\":\"\u00daM\u010c P14\",\"description\":\"Ofici\u00e1ln\u00ed str\u00e1nky m\u011bstsk\u00e9 \u010d\u00e1sti Praha 14\",\"potentialAction\":[{\"@type\":\"SearchAction\",\"target\":{\"@type\":\"EntryPoint\",\"urlTemplate\":\"https:\/\/www.praha14.cz\/urad-mestske-casti\/?s={search_term_string}\"},\"query-input\":{\"@type\":\"PropertyValueSpecification\",\"valueRequired\":true,\"valueName\":\"search_term_string\"}}],\"inLanguage\":\"cs\"}]}<\/script>\n<!-- \/ Yoast SEO plugin. -->","yoast_head_json":{"title":"P\u0159ehled spr\u00e1vn\u00edch poplatk\u016f (\u017eivnostensk\u00fd odbor) - \u00daM\u010c P14","robots":{"index":"index","follow":"follow","max-snippet":"max-snippet:-1","max-image-preview":"max-image-preview:large","max-video-preview":"max-video-preview:-1"},"canonical":"https:\/\/www.praha14.cz\/urad-mestske-casti\/o-uradu-mc-p14\/odbory-uradu\/prehled-spravnich-poplatku-zivnostensky-odbor\/","og_locale":"cs_CZ","og_type":"article","og_title":"P\u0159ehled spr\u00e1vn\u00edch poplatk\u016f (\u017eivnostensk\u00fd odbor) - \u00daM\u010c P14","og_description":"P\u0159ehled spr\u00e1vn\u00edch poplatk\u016f dle z\u00e1kona \u010d. 634\/2004 Sb., o spr\u00e1vn\u00edch poplatc\u00edch za \u00fa\u0159edn\u00ed \u00fakony vykon\u00e1van\u00e9 \u017eivnostensk\u00fdm odborem (stav ke dni 1. 2. 2022, aktualizov\u00e1no 1. 2. 2022): Nov\u011b je mo\u017eno uskute\u010dnit platbu spr\u00e1vn\u00edho poplatku prost\u0159ednictv\u00edm QR k\u00f3du. P\u0159ehled poplatk\u016f, v\u010detn\u011b QR k\u00f3d\u016f Polo\u017eka 2 Nahl\u00e9dnut\u00ed do \u017eivnostensk\u00e9ho rejst\u0159\u00edku za ka\u017ed\u00fd subjekt, do jeho\u017e z\u00e1pisu se...","og_url":"https:\/\/www.praha14.cz\/urad-mestske-casti\/o-uradu-mc-p14\/odbory-uradu\/prehled-spravnich-poplatku-zivnostensky-odbor\/","og_site_name":"\u00daM\u010c P14","article_modified_time":"2024-05-02T07:23:56+00:00","twitter_card":"summary_large_image","twitter_misc":{"Est. reading time":"3 minuty"},"schema":{"@context":"https:\/\/schema.org","@graph":[{"@type":"WebPage","@id":"https:\/\/www.praha14.cz\/urad-mestske-casti\/o-uradu-mc-p14\/odbory-uradu\/prehled-spravnich-poplatku-zivnostensky-odbor\/","url":"https:\/\/www.praha14.cz\/urad-mestske-casti\/o-uradu-mc-p14\/odbory-uradu\/prehled-spravnich-poplatku-zivnostensky-odbor\/","name":"P\u0159ehled spr\u00e1vn\u00edch poplatk\u016f (\u017eivnostensk\u00fd odbor) - \u00daM\u010c P14","isPartOf":{"@id":"https:\/\/www.praha14.cz\/urad-mestske-casti\/#website"},"datePublished":"2014-05-12T07:33:17+00:00","dateModified":"2024-05-02T07:23:56+00:00","breadcrumb":{"@id":"https:\/\/www.praha14.cz\/urad-mestske-casti\/o-uradu-mc-p14\/odbory-uradu\/prehled-spravnich-poplatku-zivnostensky-odbor\/#breadcrumb"},"inLanguage":"cs","potentialAction":[{"@type":"ReadAction","target":["https:\/\/www.praha14.cz\/urad-mestske-casti\/o-uradu-mc-p14\/odbory-uradu\/prehled-spravnich-poplatku-zivnostensky-odbor\/"]}]},{"@type":"BreadcrumbList","@id":"https:\/\/www.praha14.cz\/urad-mestske-casti\/o-uradu-mc-p14\/odbory-uradu\/prehled-spravnich-poplatku-zivnostensky-odbor\/#breadcrumb","itemListElement":[{"@type":"ListItem","position":1,"name":"\u00da\u0159ad m\u011bstsk\u00e9 \u010d\u00e1sti Praha 14","item":"https:\/\/www.praha14.cz\/urad-mestske-casti\/"},{"@type":"ListItem","position":2,"name":"O \u00fa\u0159adu M\u010c P14","item":"https:\/\/www.praha14.cz\/urad-mestske-casti\/o-uradu-mc-p14\/"},{"@type":"ListItem","position":3,"name":"Odbory \u00fa\u0159adu","item":"https:\/\/www.praha14.cz\/urad-mestske-casti\/o-uradu-mc-p14\/odbory-uradu\/"},{"@type":"ListItem","position":4,"name":"P\u0159ehled spr\u00e1vn\u00edch poplatk\u016f (\u017eivnostensk\u00fd odbor)"}]},{"@type":"WebSite","@id":"https:\/\/www.praha14.cz\/urad-mestske-casti\/#website","url":"https:\/\/www.praha14.cz\/urad-mestske-casti\/","name":"\u00daM\u010c P14","description":"Ofici\u00e1ln\u00ed str\u00e1nky m\u011bstsk\u00e9 \u010d\u00e1sti Praha 14","potentialAction":[{"@type":"SearchAction","target":{"@type":"EntryPoint","urlTemplate":"https:\/\/www.praha14.cz\/urad-mestske-casti\/?s={search_term_string}"},"query-input":{"@type":"PropertyValueSpecification","valueRequired":true,"valueName":"search_term_string"}}],"inLanguage":"cs"}]}},"_links":{"self":[{"href":"https:\/\/www.praha14.cz\/urad-mestske-casti\/wp-json\/wp\/v2\/pages\/13940","targetHints":{"allow":["GET"]}}],"collection":[{"href":"https:\/\/www.praha14.cz\/urad-mestske-casti\/wp-json\/wp\/v2\/pages"}],"about":[{"href":"https:\/\/www.praha14.cz\/urad-mestske-casti\/wp-json\/wp\/v2\/types\/page"}],"author":[{"embeddable":true,"href":"https:\/\/www.praha14.cz\/urad-mestske-casti\/wp-json\/wp\/v2\/users\/1"}],"replies":[{"embeddable":true,"href":"https:\/\/www.praha14.cz\/urad-mestske-casti\/wp-json\/wp\/v2\/comments?post=13940"}],"version-history":[{"count":13,"href":"https:\/\/www.praha14.cz\/urad-mestske-casti\/wp-json\/wp\/v2\/pages\/13940\/revisions"}],"predecessor-version":[{"id":51662,"href":"https:\/\/www.praha14.cz\/urad-mestske-casti\/wp-json\/wp\/v2\/pages\/13940\/revisions\/51662"}],"up":[{"embeddable":true,"href":"https:\/\/www.praha14.cz\/urad-mestske-casti\/wp-json\/wp\/v2\/pages\/12"}],"wp:attachment":[{"href":"https:\/\/www.praha14.cz\/urad-mestske-casti\/wp-json\/wp\/v2\/media?parent=13940"}],"curies":[{"name":"wp","href":"https:\/\/api.w.org\/{rel}","templated":true}]}}