{"id":27813,"date":"2014-06-18T08:18:27","date_gmt":"2014-06-18T07:18:27","guid":{"rendered":"\/urad-mestske-casti\/?page_id=27813"},"modified":"2022-03-16T11:28:49","modified_gmt":"2022-03-16T10:28:49","slug":"veterinari","status":"publish","type":"page","link":"https:\/\/www.praha14.cz\/urad-mestske-casti\/hledam-informaci\/zdravotnictvi\/veterinari\/","title":{"rendered":"Veterin\u00e1\u0159i"},"content":{"rendered":"<section class=\"p14-panel-group\"><div id=\"panel_group_1\" class=\"panel-group\"><article class=\"panel panel-default\">\n\t\t\t<div class=\"panel-heading\">\n\t\t\t\t<h1 class=\"panel-title\">\n\t\t\t\t\t<a data-toggle=\"collapse\" data-parent=\"#panel_group_1\" href=\"#panel_1_1\" class=\"collapsed\">\n\t\t\t\t\t\tVeterin\u00e1rn\u00ed klinika Parn\u00edk\n\t\t\t\t\t<\/a>\n\t\t\t\t<\/h1>\n\t\t\t<\/div>\n\t\t\t<div id=\"panel_1_1\" class=\"panel-collapse collapse\">\n\t\t\t\t<div class=\"panel-body\">\n\t\t\t\t\t<\/p>\n<p><strong>MVDr. Jaroslav \u0160vec, MVDr. Marek Bonk<\/strong><br \/>\nbudova polikliniky Parn\u00edk<br \/>\n<b>Gener\u00e1la Janou\u0161ka 902, 190 16 Praha 14 &#8211; \u010cern\u00fd Most II<br \/>\n<\/b><br \/>\n<strong>Telefony:<\/strong><br \/>\n222 764 541<br \/>\n281 918 862<br \/>\n736 481 098<br \/>\nMo\u017enost telefonick\u00e9ho objedn\u00e1n\u00ed.<\/p>\n<p><a title=\"Odkaz do nov\u00e9ho okna\" href=\"http:\/\/www.veterina-parnik.cz\/\" target=\"_blank\" rel=\"noopener noreferrer\">http:\/\/www.veterina-parnik.cz\/<\/a><br \/>\n<a href=\"mailto:info@veterina-parnik\">info@veterina-parnik.cz<\/a><\/p>\n<p><strong>Ordina\u010dn\u00ed hodiny:<\/strong><br \/>\nPo\u00a0&#8211;\u00a0P\u00e1 9:00 &#8211; 20:00<br \/>\nSo 9:00 &#8211; 13:00<br \/>\nNe 15:00 &#8211; 19:00<br \/>\nSv\u00e1tek (s v\u00fdjimkou ned\u011ble) 9:00 &#8211; 13:00<\/p>\n<p>Ve sv\u00e1tek p\u0159ipadaj\u00edc\u00ed na ned\u011bli ordinujeme v\u017edy jako v ned\u011bli.\n\t\t\t\t<\/div>\n\t\t\t<\/div>\n\t\t<\/article><article class=\"panel panel-default\">\n\t\t\t<div class=\"panel-heading\">\n\t\t\t\t<h1 class=\"panel-title\">\n\t\t\t\t\t<a data-toggle=\"collapse\" data-parent=\"#panel_group_1\" href=\"#panel_1_2\" class=\"collapsed\">\n\t\t\t\t\t\tVeterin\u00e1rn\u00ed klinika pro mal\u00e1 zv\u00ed\u0159ata, exoty, plazy, dravce\n\t\t\t\t\t<\/a>\n\t\t\t\t<\/h1>\n\t\t\t<\/div>\n\t\t\t<div id=\"panel_1_2\" class=\"panel-collapse collapse\">\n\t\t\t\t<div class=\"panel-body\">\n\t\t\t\t\t<\/p>\n<p><strong>MVDr. J\u00e1n Mecera<br \/>\n<\/strong>Ocelkova 676\/30<br \/>\n\u010cern\u00fd Most, Praha 9<\/p>\n<p><strong>Telefony:<\/strong><br \/>\n603 493 046<br \/>\n281 910 491<\/p>\n<p><strong>Ordina\u010dn\u00ed doba:<\/strong><br \/>\nPO \u2013 P\u00c1 od 9.00 do 15.30 hod. &#8211; ordinace a opera\u010dn\u00ed z\u00e1kroky<br \/>\nSO a NE &#8211; jen po dohod\u011b<\/p>\n<p><a title=\"Odkaz do nov\u00e9ho okna\" href=\"http:\/\/www.veterinainfo.cz\/\" target=\"_blank\" rel=\"noopener noreferrer\">http:\/\/www.veterinainfo.cz\/<\/a><br \/>\n<a href=\"mailto:info@veterinainfo.cz\" target=\"_blank\" rel=\"noopener noreferrer\">info@veterinainfo.cz<\/a><\/p>\n<p>\n\t\t\t\t<\/div>\n\t\t\t<\/div>\n\t\t<\/article><article class=\"panel panel-default\">\n\t\t\t<div class=\"panel-heading\">\n\t\t\t\t<h1 class=\"panel-title\">\n\t\t\t\t\t<a data-toggle=\"collapse\" data-parent=\"#panel_group_1\" href=\"#panel_1_3\" class=\"collapsed\">\n\t\t\t\t\t\tVeterin\u00e1rn\u00ed klinika Hloub\u011bt\u00edn\n\t\t\t\t\t<\/a>\n\t\t\t\t<\/h1>\n\t\t\t<\/div>\n\t\t\t<div id=\"panel_1_3\" class=\"panel-collapse collapse\">\n\t\t\t\t<div class=\"panel-body\">\n\t\t\t\t\t<\/p>\n<p><strong>MVDr. Helena Pavelkov\u00e1 (\u0160t\u011bdr\u00e1)<\/strong><br \/>\n<strong>Mochovsk\u00e1 535, Praha 9 &#8211; Hloub\u011bt\u00edn<\/strong>\u00a0(are\u00e1l obchodn\u00edho domu Havana)<\/p>\n<p><strong>Ordina\u010dn\u00ed hodiny:<\/strong><\/p>\n<p>PO &#8211; P\u00c1 od 8.00 do 12.00 hod.<br \/>\nod 12.00 do 15.00 hod. &#8211; objednan\u00ed pacienti<br \/>\nod 15.00 do 19.00 hodin<\/p>\n<p>SO od 8.00 do 12.00 hod.<br \/>\nNE od 18.00 do 20.00 hod.<\/p>\n<p><strong>Telefony:<\/strong><br \/>\n281 863 796<br \/>\n773 665 751<br \/>\n773 665 752 (non-stop)<\/p>\n<p><a title=\"Odkaz do nov\u00e9ho okna\" href=\"http:\/\/www.veterinahloubetin.cz\/\" target=\"_blank\" rel=\"noopener noreferrer\">http:\/\/www.veterinahloubetin.cz<\/a><br \/>\n<a href=\"mailto:ordinace@veterinahloubetin.cz\">ordinace@veterinahloubetin.cz<\/a><\/p>\n<p>\n\t\t\t\t<\/div>\n\t\t\t<\/div>\n\t\t<\/article><article class=\"panel panel-default\">\n\t\t\t<div class=\"panel-heading\">\n\t\t\t\t<h1 class=\"panel-title\">\n\t\t\t\t\t<a data-toggle=\"collapse\" data-parent=\"#panel_group_1\" href=\"#panel_1_4\" class=\"collapsed\">\n\t\t\t\t\t\tMetropoleVet Praha s.r.o.\n\t\t\t\t\t<\/a>\n\t\t\t\t<\/h1>\n\t\t\t<\/div>\n\t\t\t<div id=\"panel_1_4\" class=\"panel-collapse collapse\">\n\t\t\t\t<div class=\"panel-body\">\n\t\t\t\t\t<\/p>\n<p><strong>Adresa:<\/strong>\u00a0Chlumeck\u00e1 591\/9, 19800 Praha 9 Kyje<br \/>\n<strong>Telefon:\u00a0<\/strong>+420 775 562 710<\/p>\n<p><strong>Ordinuj\u00ed:<br \/>\n<\/strong>MVDr. Samuel Evinic<br \/>\nMVDr. Martin Dan\u00ed\u010dek<br \/>\nMVDr. \u0160\u00e1rka Vodi\u010dkov\u00e1<br \/>\nMVDr. Katar\u00edna Novotn\u00e1<\/p>\n<p><strong>Ordina\u010dn\u00ed hodiny:<br \/>\n<\/strong>PO a\u017e P\u00c1 od 8.00 do 20.00 hod.<br \/>\nPOHOTOVOST: SO a NE od 9:00 do 17.00 hod.<\/p>\n<p><a href=\"http:\/\/metropolevet.cz\/kontakt\" target=\"_blank\" rel=\"noopener noreferrer\">https:\/\/metropolevet.cz<\/a><br \/>\n<a href=\"mailto:metropolevet@gmail.com\" target=\"_blank\" rel=\"noopener noreferrer\">metropolevet@gmail.com<br \/>\n<\/a><a href=\"https:\/\/www.facebook.com\/samuelevinic\" target=\"_blank\" rel=\"noopener noreferrer\">https:\/\/www.facebook.com\/metropolevet<\/a><\/p>\n<p>\n\t\t\t\t<\/div>\n\t\t\t<\/div>\n\t\t<\/article><\/div><\/section>\n<p>&nbsp;<\/p>\n<p><strong>Upozor\u0148ujeme, \u017ee obsah str\u00e1nek je z\u00e1visl\u00fd na v\u010dasn\u00e9m dod\u00e1n\u00ed informac\u00ed od extern\u00edch subjekt\u016f. D\u011bkujeme za pochopen\u00ed skute\u010dnosti, \u017ee v\u00a0tomto rozsahu M\u010c Praha 14 neru\u010d\u00ed za aktu\u00e1lnost \u00fadaj\u016f.<\/strong><\/p>\n","protected":false},"excerpt":{"rendered":"<p>&nbsp; Upozor\u0148ujeme, \u017ee obsah str\u00e1nek je z\u00e1visl\u00fd na v\u010dasn\u00e9m dod\u00e1n\u00ed informac\u00ed od extern\u00edch subjekt\u016f. D\u011bkujeme za pochopen\u00ed skute\u010dnosti, \u017ee v\u00a0tomto rozsahu M\u010c Praha 14 neru\u010d\u00ed za aktu\u00e1lnost \u00fadaj\u016f.<\/p>\n","protected":false},"author":1,"featured_media":0,"parent":27856,"menu_order":0,"comment_status":"closed","ping_status":"closed","template":"","meta":{"_acf_changed":false,"footnotes":""},"class_list":["post-27813","page","type-page","status-publish","hentry"],"acf":[],"yoast_head":"<!-- This site is optimized with the Yoast SEO plugin v27.2 - https:\/\/yoast.com\/product\/yoast-seo-wordpress\/ -->\n<title>Veterin\u00e1\u0159i - \u00daM\u010c P14<\/title>\n<meta name=\"robots\" content=\"index, follow, max-snippet:-1, max-image-preview:large, max-video-preview:-1\" \/>\n<link rel=\"canonical\" href=\"https:\/\/www.praha14.cz\/urad-mestske-casti\/hledam-informaci\/zdravotnictvi\/veterinari\/\" \/>\n<meta property=\"og:locale\" content=\"cs_CZ\" \/>\n<meta property=\"og:type\" content=\"article\" \/>\n<meta property=\"og:title\" content=\"Veterin\u00e1\u0159i - \u00daM\u010c P14\" \/>\n<meta property=\"og:description\" content=\"&nbsp; Upozor\u0148ujeme, \u017ee obsah str\u00e1nek je z\u00e1visl\u00fd na v\u010dasn\u00e9m dod\u00e1n\u00ed informac\u00ed od extern\u00edch subjekt\u016f. D\u011bkujeme za pochopen\u00ed skute\u010dnosti, \u017ee v\u00a0tomto rozsahu M\u010c Praha 14 neru\u010d\u00ed za aktu\u00e1lnost \u00fadaj\u016f.\" \/>\n<meta property=\"og:url\" content=\"https:\/\/www.praha14.cz\/urad-mestske-casti\/hledam-informaci\/zdravotnictvi\/veterinari\/\" \/>\n<meta property=\"og:site_name\" content=\"\u00daM\u010c P14\" \/>\n<meta property=\"article:modified_time\" content=\"2022-03-16T10:28:49+00:00\" \/>\n<meta name=\"twitter:card\" content=\"summary_large_image\" \/>\n<meta name=\"twitter:label1\" content=\"Est. reading time\" \/>\n\t<meta name=\"twitter:data1\" content=\"1 minuta\" \/>\n<script type=\"application\/ld+json\" class=\"yoast-schema-graph\">{\"@context\":\"https:\/\/schema.org\",\"@graph\":[{\"@type\":\"WebPage\",\"@id\":\"https:\/\/www.praha14.cz\/urad-mestske-casti\/hledam-informaci\/zdravotnictvi\/veterinari\/\",\"url\":\"https:\/\/www.praha14.cz\/urad-mestske-casti\/hledam-informaci\/zdravotnictvi\/veterinari\/\",\"name\":\"Veterin\u00e1\u0159i - \u00daM\u010c P14\",\"isPartOf\":{\"@id\":\"https:\/\/www.praha14.cz\/urad-mestske-casti\/#website\"},\"datePublished\":\"2014-06-18T07:18:27+00:00\",\"dateModified\":\"2022-03-16T10:28:49+00:00\",\"breadcrumb\":{\"@id\":\"https:\/\/www.praha14.cz\/urad-mestske-casti\/hledam-informaci\/zdravotnictvi\/veterinari\/#breadcrumb\"},\"inLanguage\":\"cs\",\"potentialAction\":[{\"@type\":\"ReadAction\",\"target\":[\"https:\/\/www.praha14.cz\/urad-mestske-casti\/hledam-informaci\/zdravotnictvi\/veterinari\/\"]}]},{\"@type\":\"BreadcrumbList\",\"@id\":\"https:\/\/www.praha14.cz\/urad-mestske-casti\/hledam-informaci\/zdravotnictvi\/veterinari\/#breadcrumb\",\"itemListElement\":[{\"@type\":\"ListItem\",\"position\":1,\"name\":\"\u00da\u0159ad m\u011bstsk\u00e9 \u010d\u00e1sti Praha 14\",\"item\":\"https:\/\/www.praha14.cz\/urad-mestske-casti\/\"},{\"@type\":\"ListItem\",\"position\":2,\"name\":\"Hled\u00e1m informaci\",\"item\":\"https:\/\/www.praha14.cz\/urad-mestske-casti\/hledam-informaci\/\"},{\"@type\":\"ListItem\",\"position\":3,\"name\":\"Zdravotnictv\u00ed\",\"item\":\"https:\/\/www.praha14.cz\/urad-mestske-casti\/hledam-informaci\/zdravotnictvi\/\"},{\"@type\":\"ListItem\",\"position\":4,\"name\":\"Veterin\u00e1\u0159i\"}]},{\"@type\":\"WebSite\",\"@id\":\"https:\/\/www.praha14.cz\/urad-mestske-casti\/#website\",\"url\":\"https:\/\/www.praha14.cz\/urad-mestske-casti\/\",\"name\":\"\u00daM\u010c P14\",\"description\":\"Ofici\u00e1ln\u00ed str\u00e1nky m\u011bstsk\u00e9 \u010d\u00e1sti Praha 14\",\"potentialAction\":[{\"@type\":\"SearchAction\",\"target\":{\"@type\":\"EntryPoint\",\"urlTemplate\":\"https:\/\/www.praha14.cz\/urad-mestske-casti\/?s={search_term_string}\"},\"query-input\":{\"@type\":\"PropertyValueSpecification\",\"valueRequired\":true,\"valueName\":\"search_term_string\"}}],\"inLanguage\":\"cs\"}]}<\/script>\n<!-- \/ Yoast SEO plugin. -->","yoast_head_json":{"title":"Veterin\u00e1\u0159i - \u00daM\u010c P14","robots":{"index":"index","follow":"follow","max-snippet":"max-snippet:-1","max-image-preview":"max-image-preview:large","max-video-preview":"max-video-preview:-1"},"canonical":"https:\/\/www.praha14.cz\/urad-mestske-casti\/hledam-informaci\/zdravotnictvi\/veterinari\/","og_locale":"cs_CZ","og_type":"article","og_title":"Veterin\u00e1\u0159i - \u00daM\u010c P14","og_description":"&nbsp; Upozor\u0148ujeme, \u017ee obsah str\u00e1nek je z\u00e1visl\u00fd na v\u010dasn\u00e9m dod\u00e1n\u00ed informac\u00ed od extern\u00edch subjekt\u016f. D\u011bkujeme za pochopen\u00ed skute\u010dnosti, \u017ee v\u00a0tomto rozsahu M\u010c Praha 14 neru\u010d\u00ed za aktu\u00e1lnost \u00fadaj\u016f.","og_url":"https:\/\/www.praha14.cz\/urad-mestske-casti\/hledam-informaci\/zdravotnictvi\/veterinari\/","og_site_name":"\u00daM\u010c P14","article_modified_time":"2022-03-16T10:28:49+00:00","twitter_card":"summary_large_image","twitter_misc":{"Est. reading time":"1 minuta"},"schema":{"@context":"https:\/\/schema.org","@graph":[{"@type":"WebPage","@id":"https:\/\/www.praha14.cz\/urad-mestske-casti\/hledam-informaci\/zdravotnictvi\/veterinari\/","url":"https:\/\/www.praha14.cz\/urad-mestske-casti\/hledam-informaci\/zdravotnictvi\/veterinari\/","name":"Veterin\u00e1\u0159i - \u00daM\u010c P14","isPartOf":{"@id":"https:\/\/www.praha14.cz\/urad-mestske-casti\/#website"},"datePublished":"2014-06-18T07:18:27+00:00","dateModified":"2022-03-16T10:28:49+00:00","breadcrumb":{"@id":"https:\/\/www.praha14.cz\/urad-mestske-casti\/hledam-informaci\/zdravotnictvi\/veterinari\/#breadcrumb"},"inLanguage":"cs","potentialAction":[{"@type":"ReadAction","target":["https:\/\/www.praha14.cz\/urad-mestske-casti\/hledam-informaci\/zdravotnictvi\/veterinari\/"]}]},{"@type":"BreadcrumbList","@id":"https:\/\/www.praha14.cz\/urad-mestske-casti\/hledam-informaci\/zdravotnictvi\/veterinari\/#breadcrumb","itemListElement":[{"@type":"ListItem","position":1,"name":"\u00da\u0159ad m\u011bstsk\u00e9 \u010d\u00e1sti Praha 14","item":"https:\/\/www.praha14.cz\/urad-mestske-casti\/"},{"@type":"ListItem","position":2,"name":"Hled\u00e1m informaci","item":"https:\/\/www.praha14.cz\/urad-mestske-casti\/hledam-informaci\/"},{"@type":"ListItem","position":3,"name":"Zdravotnictv\u00ed","item":"https:\/\/www.praha14.cz\/urad-mestske-casti\/hledam-informaci\/zdravotnictvi\/"},{"@type":"ListItem","position":4,"name":"Veterin\u00e1\u0159i"}]},{"@type":"WebSite","@id":"https:\/\/www.praha14.cz\/urad-mestske-casti\/#website","url":"https:\/\/www.praha14.cz\/urad-mestske-casti\/","name":"\u00daM\u010c P14","description":"Ofici\u00e1ln\u00ed str\u00e1nky m\u011bstsk\u00e9 \u010d\u00e1sti Praha 14","potentialAction":[{"@type":"SearchAction","target":{"@type":"EntryPoint","urlTemplate":"https:\/\/www.praha14.cz\/urad-mestske-casti\/?s={search_term_string}"},"query-input":{"@type":"PropertyValueSpecification","valueRequired":true,"valueName":"search_term_string"}}],"inLanguage":"cs"}]}},"_links":{"self":[{"href":"https:\/\/www.praha14.cz\/urad-mestske-casti\/wp-json\/wp\/v2\/pages\/27813","targetHints":{"allow":["GET"]}}],"collection":[{"href":"https:\/\/www.praha14.cz\/urad-mestske-casti\/wp-json\/wp\/v2\/pages"}],"about":[{"href":"https:\/\/www.praha14.cz\/urad-mestske-casti\/wp-json\/wp\/v2\/types\/page"}],"author":[{"embeddable":true,"href":"https:\/\/www.praha14.cz\/urad-mestske-casti\/wp-json\/wp\/v2\/users\/1"}],"replies":[{"embeddable":true,"href":"https:\/\/www.praha14.cz\/urad-mestske-casti\/wp-json\/wp\/v2\/comments?post=27813"}],"version-history":[{"count":5,"href":"https:\/\/www.praha14.cz\/urad-mestske-casti\/wp-json\/wp\/v2\/pages\/27813\/revisions"}],"predecessor-version":[{"id":47293,"href":"https:\/\/www.praha14.cz\/urad-mestske-casti\/wp-json\/wp\/v2\/pages\/27813\/revisions\/47293"}],"up":[{"embeddable":true,"href":"https:\/\/www.praha14.cz\/urad-mestske-casti\/wp-json\/wp\/v2\/pages\/27856"}],"wp:attachment":[{"href":"https:\/\/www.praha14.cz\/urad-mestske-casti\/wp-json\/wp\/v2\/media?parent=27813"}],"curies":[{"name":"wp","href":"https:\/\/api.w.org\/{rel}","templated":true}]}}