{"id":27815,"date":"2014-06-18T08:18:27","date_gmt":"2014-06-18T07:18:27","guid":{"rendered":"\/urad-mestske-casti\/?page_id=27815"},"modified":"2021-01-25T12:01:46","modified_gmt":"2021-01-25T11:01:46","slug":"zdravotnicke-potreby","status":"publish","type":"page","link":"https:\/\/www.praha14.cz\/urad-mestske-casti\/hledam-informaci\/zdravotnictvi\/zdravotnicke-potreby\/","title":{"rendered":"Zdravotnick\u00e9 pot\u0159eby"},"content":{"rendered":"<p><strong>Gener\u00e1la Janou\u0161ka 902\/17, Praha 9 &#8211; \u010cern\u00fd Most II<\/strong><br \/>\n(p\u0159\u00edzem\u00ed polikliniky Parn\u00edk, bezbari\u00e9rov\u00fd p\u0159\u00edstup)<\/p>\n<p>Tel.\/fax: 225\u00a0295\u00a0861<br \/>\n<a href=\"mailto:1.zp@msm.cz\">1.zp@msm.cz<\/a><br \/>\n<a title=\"Str\u00e1nky spole\u010dnosti MSM, do nov\u00e9ho okna\" href=\"http:\/\/www.msm.cz\/pzp\" target=\"_blank\" rel=\"noopener noreferrer\">www.msm.cz\/pzp<\/a><\/p>\n<p><strong><br \/>\nSortiment:<\/strong><\/p>\n<ul>\n<li>Zdravotn\u00ed obuv<\/li>\n<li>Kompresn\u00ed pun\u010dochy a pono\u017eky<\/li>\n<li>Band\u00e1\u017ee a ort\u00e9zy<\/li>\n<li>Rehabilita\u010dn\u00ed a mas\u00e1\u017en\u00ed pom\u016fcky<\/li>\n<li>Produkty pro inkontinentn\u00ed<\/li>\n<li>Hygienick\u00e9 produkty<\/li>\n<li>Kosmetika<\/li>\n<li>Kojeneck\u00e9 pot\u0159eby<\/li>\n<li>Obvazov\u00fd materi\u00e1la<\/li>\n<li>Zdravotn\u00ed obuv (Scholl)<\/li>\n<li>Poradna pro inkontinentn\u00ed<\/li>\n<\/ul>\n","protected":false},"excerpt":{"rendered":"<p>Gener\u00e1la Janou\u0161ka 902\/17, Praha 9 &#8211; \u010cern\u00fd Most II (p\u0159\u00edzem\u00ed polikliniky Parn\u00edk, bezbari\u00e9rov\u00fd p\u0159\u00edstup) Tel.\/fax: 225\u00a0295\u00a0861 1.zp@msm.cz www.msm.cz\/pzp Sortiment: Zdravotn\u00ed obuv Kompresn\u00ed pun\u010dochy a pono\u017eky Band\u00e1\u017ee a ort\u00e9zy Rehabilita\u010dn\u00ed a mas\u00e1\u017en\u00ed pom\u016fcky Produkty pro inkontinentn\u00ed Hygienick\u00e9 produkty Kosmetika Kojeneck\u00e9 pot\u0159eby Obvazov\u00fd materi\u00e1la Zdravotn\u00ed obuv (Scholl) Poradna pro inkontinentn\u00ed<\/p>\n","protected":false},"author":1,"featured_media":0,"parent":27856,"menu_order":0,"comment_status":"closed","ping_status":"closed","template":"","meta":{"_acf_changed":false,"footnotes":""},"class_list":["post-27815","page","type-page","status-publish","hentry"],"acf":[],"yoast_head":"<!-- This site is optimized with the Yoast SEO plugin v27.2 - https:\/\/yoast.com\/product\/yoast-seo-wordpress\/ -->\n<title>Zdravotnick\u00e9 pot\u0159eby - \u00daM\u010c P14<\/title>\n<meta name=\"robots\" content=\"index, follow, max-snippet:-1, max-image-preview:large, max-video-preview:-1\" \/>\n<link rel=\"canonical\" href=\"https:\/\/www.praha14.cz\/urad-mestske-casti\/hledam-informaci\/zdravotnictvi\/zdravotnicke-potreby\/\" \/>\n<meta property=\"og:locale\" content=\"cs_CZ\" \/>\n<meta property=\"og:type\" content=\"article\" \/>\n<meta property=\"og:title\" content=\"Zdravotnick\u00e9 pot\u0159eby - \u00daM\u010c P14\" \/>\n<meta property=\"og:description\" content=\"Gener\u00e1la Janou\u0161ka 902\/17, Praha 9 &#8211; \u010cern\u00fd Most II (p\u0159\u00edzem\u00ed polikliniky Parn\u00edk, bezbari\u00e9rov\u00fd p\u0159\u00edstup) Tel.\/fax: 225\u00a0295\u00a0861 1.zp@msm.cz www.msm.cz\/pzp Sortiment: Zdravotn\u00ed obuv Kompresn\u00ed pun\u010dochy a pono\u017eky Band\u00e1\u017ee a ort\u00e9zy Rehabilita\u010dn\u00ed a mas\u00e1\u017en\u00ed pom\u016fcky Produkty pro inkontinentn\u00ed Hygienick\u00e9 produkty Kosmetika Kojeneck\u00e9 pot\u0159eby Obvazov\u00fd materi\u00e1la Zdravotn\u00ed obuv (Scholl) Poradna pro inkontinentn\u00ed\" \/>\n<meta property=\"og:url\" content=\"https:\/\/www.praha14.cz\/urad-mestske-casti\/hledam-informaci\/zdravotnictvi\/zdravotnicke-potreby\/\" \/>\n<meta property=\"og:site_name\" content=\"\u00daM\u010c P14\" \/>\n<meta property=\"article:modified_time\" content=\"2021-01-25T11:01:46+00:00\" \/>\n<meta name=\"twitter:card\" content=\"summary_large_image\" \/>\n<script type=\"application\/ld+json\" class=\"yoast-schema-graph\">{\"@context\":\"https:\/\/schema.org\",\"@graph\":[{\"@type\":\"WebPage\",\"@id\":\"https:\/\/www.praha14.cz\/urad-mestske-casti\/hledam-informaci\/zdravotnictvi\/zdravotnicke-potreby\/\",\"url\":\"https:\/\/www.praha14.cz\/urad-mestske-casti\/hledam-informaci\/zdravotnictvi\/zdravotnicke-potreby\/\",\"name\":\"Zdravotnick\u00e9 pot\u0159eby - \u00daM\u010c P14\",\"isPartOf\":{\"@id\":\"https:\/\/www.praha14.cz\/urad-mestske-casti\/#website\"},\"datePublished\":\"2014-06-18T07:18:27+00:00\",\"dateModified\":\"2021-01-25T11:01:46+00:00\",\"breadcrumb\":{\"@id\":\"https:\/\/www.praha14.cz\/urad-mestske-casti\/hledam-informaci\/zdravotnictvi\/zdravotnicke-potreby\/#breadcrumb\"},\"inLanguage\":\"cs\",\"potentialAction\":[{\"@type\":\"ReadAction\",\"target\":[\"https:\/\/www.praha14.cz\/urad-mestske-casti\/hledam-informaci\/zdravotnictvi\/zdravotnicke-potreby\/\"]}]},{\"@type\":\"BreadcrumbList\",\"@id\":\"https:\/\/www.praha14.cz\/urad-mestske-casti\/hledam-informaci\/zdravotnictvi\/zdravotnicke-potreby\/#breadcrumb\",\"itemListElement\":[{\"@type\":\"ListItem\",\"position\":1,\"name\":\"\u00da\u0159ad m\u011bstsk\u00e9 \u010d\u00e1sti Praha 14\",\"item\":\"https:\/\/www.praha14.cz\/urad-mestske-casti\/\"},{\"@type\":\"ListItem\",\"position\":2,\"name\":\"Hled\u00e1m informaci\",\"item\":\"https:\/\/www.praha14.cz\/urad-mestske-casti\/hledam-informaci\/\"},{\"@type\":\"ListItem\",\"position\":3,\"name\":\"Zdravotnictv\u00ed\",\"item\":\"https:\/\/www.praha14.cz\/urad-mestske-casti\/hledam-informaci\/zdravotnictvi\/\"},{\"@type\":\"ListItem\",\"position\":4,\"name\":\"Zdravotnick\u00e9 pot\u0159eby\"}]},{\"@type\":\"WebSite\",\"@id\":\"https:\/\/www.praha14.cz\/urad-mestske-casti\/#website\",\"url\":\"https:\/\/www.praha14.cz\/urad-mestske-casti\/\",\"name\":\"\u00daM\u010c P14\",\"description\":\"Ofici\u00e1ln\u00ed str\u00e1nky m\u011bstsk\u00e9 \u010d\u00e1sti Praha 14\",\"potentialAction\":[{\"@type\":\"SearchAction\",\"target\":{\"@type\":\"EntryPoint\",\"urlTemplate\":\"https:\/\/www.praha14.cz\/urad-mestske-casti\/?s={search_term_string}\"},\"query-input\":{\"@type\":\"PropertyValueSpecification\",\"valueRequired\":true,\"valueName\":\"search_term_string\"}}],\"inLanguage\":\"cs\"}]}<\/script>\n<!-- \/ Yoast SEO plugin. -->","yoast_head_json":{"title":"Zdravotnick\u00e9 pot\u0159eby - \u00daM\u010c P14","robots":{"index":"index","follow":"follow","max-snippet":"max-snippet:-1","max-image-preview":"max-image-preview:large","max-video-preview":"max-video-preview:-1"},"canonical":"https:\/\/www.praha14.cz\/urad-mestske-casti\/hledam-informaci\/zdravotnictvi\/zdravotnicke-potreby\/","og_locale":"cs_CZ","og_type":"article","og_title":"Zdravotnick\u00e9 pot\u0159eby - \u00daM\u010c P14","og_description":"Gener\u00e1la Janou\u0161ka 902\/17, Praha 9 &#8211; \u010cern\u00fd Most II (p\u0159\u00edzem\u00ed polikliniky Parn\u00edk, bezbari\u00e9rov\u00fd p\u0159\u00edstup) Tel.\/fax: 225\u00a0295\u00a0861 1.zp@msm.cz www.msm.cz\/pzp Sortiment: Zdravotn\u00ed obuv Kompresn\u00ed pun\u010dochy a pono\u017eky Band\u00e1\u017ee a ort\u00e9zy Rehabilita\u010dn\u00ed a mas\u00e1\u017en\u00ed pom\u016fcky Produkty pro inkontinentn\u00ed Hygienick\u00e9 produkty Kosmetika Kojeneck\u00e9 pot\u0159eby Obvazov\u00fd materi\u00e1la Zdravotn\u00ed obuv (Scholl) Poradna pro inkontinentn\u00ed","og_url":"https:\/\/www.praha14.cz\/urad-mestske-casti\/hledam-informaci\/zdravotnictvi\/zdravotnicke-potreby\/","og_site_name":"\u00daM\u010c P14","article_modified_time":"2021-01-25T11:01:46+00:00","twitter_card":"summary_large_image","schema":{"@context":"https:\/\/schema.org","@graph":[{"@type":"WebPage","@id":"https:\/\/www.praha14.cz\/urad-mestske-casti\/hledam-informaci\/zdravotnictvi\/zdravotnicke-potreby\/","url":"https:\/\/www.praha14.cz\/urad-mestske-casti\/hledam-informaci\/zdravotnictvi\/zdravotnicke-potreby\/","name":"Zdravotnick\u00e9 pot\u0159eby - \u00daM\u010c P14","isPartOf":{"@id":"https:\/\/www.praha14.cz\/urad-mestske-casti\/#website"},"datePublished":"2014-06-18T07:18:27+00:00","dateModified":"2021-01-25T11:01:46+00:00","breadcrumb":{"@id":"https:\/\/www.praha14.cz\/urad-mestske-casti\/hledam-informaci\/zdravotnictvi\/zdravotnicke-potreby\/#breadcrumb"},"inLanguage":"cs","potentialAction":[{"@type":"ReadAction","target":["https:\/\/www.praha14.cz\/urad-mestske-casti\/hledam-informaci\/zdravotnictvi\/zdravotnicke-potreby\/"]}]},{"@type":"BreadcrumbList","@id":"https:\/\/www.praha14.cz\/urad-mestske-casti\/hledam-informaci\/zdravotnictvi\/zdravotnicke-potreby\/#breadcrumb","itemListElement":[{"@type":"ListItem","position":1,"name":"\u00da\u0159ad m\u011bstsk\u00e9 \u010d\u00e1sti Praha 14","item":"https:\/\/www.praha14.cz\/urad-mestske-casti\/"},{"@type":"ListItem","position":2,"name":"Hled\u00e1m informaci","item":"https:\/\/www.praha14.cz\/urad-mestske-casti\/hledam-informaci\/"},{"@type":"ListItem","position":3,"name":"Zdravotnictv\u00ed","item":"https:\/\/www.praha14.cz\/urad-mestske-casti\/hledam-informaci\/zdravotnictvi\/"},{"@type":"ListItem","position":4,"name":"Zdravotnick\u00e9 pot\u0159eby"}]},{"@type":"WebSite","@id":"https:\/\/www.praha14.cz\/urad-mestske-casti\/#website","url":"https:\/\/www.praha14.cz\/urad-mestske-casti\/","name":"\u00daM\u010c P14","description":"Ofici\u00e1ln\u00ed str\u00e1nky m\u011bstsk\u00e9 \u010d\u00e1sti Praha 14","potentialAction":[{"@type":"SearchAction","target":{"@type":"EntryPoint","urlTemplate":"https:\/\/www.praha14.cz\/urad-mestske-casti\/?s={search_term_string}"},"query-input":{"@type":"PropertyValueSpecification","valueRequired":true,"valueName":"search_term_string"}}],"inLanguage":"cs"}]}},"_links":{"self":[{"href":"https:\/\/www.praha14.cz\/urad-mestske-casti\/wp-json\/wp\/v2\/pages\/27815","targetHints":{"allow":["GET"]}}],"collection":[{"href":"https:\/\/www.praha14.cz\/urad-mestske-casti\/wp-json\/wp\/v2\/pages"}],"about":[{"href":"https:\/\/www.praha14.cz\/urad-mestske-casti\/wp-json\/wp\/v2\/types\/page"}],"author":[{"embeddable":true,"href":"https:\/\/www.praha14.cz\/urad-mestske-casti\/wp-json\/wp\/v2\/users\/1"}],"replies":[{"embeddable":true,"href":"https:\/\/www.praha14.cz\/urad-mestske-casti\/wp-json\/wp\/v2\/comments?post=27815"}],"version-history":[{"count":1,"href":"https:\/\/www.praha14.cz\/urad-mestske-casti\/wp-json\/wp\/v2\/pages\/27815\/revisions"}],"predecessor-version":[{"id":45177,"href":"https:\/\/www.praha14.cz\/urad-mestske-casti\/wp-json\/wp\/v2\/pages\/27815\/revisions\/45177"}],"up":[{"embeddable":true,"href":"https:\/\/www.praha14.cz\/urad-mestske-casti\/wp-json\/wp\/v2\/pages\/27856"}],"wp:attachment":[{"href":"https:\/\/www.praha14.cz\/urad-mestske-casti\/wp-json\/wp\/v2\/media?parent=27815"}],"curies":[{"name":"wp","href":"https:\/\/api.w.org\/{rel}","templated":true}]}}