{"id":27823,"date":"2014-06-18T08:18:26","date_gmt":"2014-06-18T07:18:26","guid":{"rendered":"\/urad-mestske-casti\/?page_id=27823"},"modified":"2022-01-05T13:02:04","modified_gmt":"2022-01-05T12:02:04","slug":"hasicsky-zachranny-sbor-hlavniho-mesta-prahy","status":"publish","type":"page","link":"https:\/\/www.praha14.cz\/urad-mestske-casti\/hledam-informaci\/bezpecnost\/hasicsky-zachranny-sbor-hlavniho-mesta-prahy\/","title":{"rendered":"Hasi\u010dsk\u00fd z\u00e1chrann\u00fd sbor hlavn\u00edho m\u011bsta Prahy"},"content":{"rendered":"<p>Aktu\u00e1ln\u011b platn\u00e9 kontakty naleznete p\u0159\u00edmo na <a href=\"https:\/\/www.hzscr.cz\/clanek\/ochrana-obyvatel-132629.aspx\" target=\"_blank\" rel=\"noopener\">webov\u00fdch str\u00e1nk\u00e1ch Hasi\u010dsk\u00e9ho z\u00e1chrann\u00e9ho sboru hl. m\u011bsta Prahy<\/a>.<\/p>\n","protected":false},"excerpt":{"rendered":"<p>Aktu\u00e1ln\u011b platn\u00e9 kontakty naleznete p\u0159\u00edmo na webov\u00fdch str\u00e1nk\u00e1ch Hasi\u010dsk\u00e9ho z\u00e1chrann\u00e9ho sboru hl. m\u011bsta Prahy.<\/p>\n","protected":false},"author":1,"featured_media":0,"parent":27880,"menu_order":0,"comment_status":"closed","ping_status":"closed","template":"","meta":{"_acf_changed":false,"footnotes":""},"class_list":["post-27823","page","type-page","status-publish","hentry"],"acf":[],"yoast_head":"<!-- This site is optimized with the Yoast SEO plugin v27.2 - https:\/\/yoast.com\/product\/yoast-seo-wordpress\/ -->\n<title>Hasi\u010dsk\u00fd z\u00e1chrann\u00fd sbor hlavn\u00edho m\u011bsta Prahy - \u00daM\u010c P14<\/title>\n<meta name=\"robots\" content=\"index, follow, max-snippet:-1, max-image-preview:large, max-video-preview:-1\" \/>\n<link rel=\"canonical\" href=\"https:\/\/www.praha14.cz\/urad-mestske-casti\/hledam-informaci\/bezpecnost\/hasicsky-zachranny-sbor-hlavniho-mesta-prahy\/\" \/>\n<meta property=\"og:locale\" content=\"cs_CZ\" \/>\n<meta property=\"og:type\" content=\"article\" \/>\n<meta property=\"og:title\" content=\"Hasi\u010dsk\u00fd z\u00e1chrann\u00fd sbor hlavn\u00edho m\u011bsta Prahy - \u00daM\u010c P14\" \/>\n<meta property=\"og:description\" content=\"Aktu\u00e1ln\u011b platn\u00e9 kontakty naleznete p\u0159\u00edmo na webov\u00fdch str\u00e1nk\u00e1ch Hasi\u010dsk\u00e9ho z\u00e1chrann\u00e9ho sboru hl. m\u011bsta Prahy.\" \/>\n<meta property=\"og:url\" content=\"https:\/\/www.praha14.cz\/urad-mestske-casti\/hledam-informaci\/bezpecnost\/hasicsky-zachranny-sbor-hlavniho-mesta-prahy\/\" \/>\n<meta property=\"og:site_name\" content=\"\u00daM\u010c P14\" \/>\n<meta property=\"article:modified_time\" content=\"2022-01-05T12:02:04+00:00\" \/>\n<meta name=\"twitter:card\" content=\"summary_large_image\" \/>\n<script type=\"application\/ld+json\" class=\"yoast-schema-graph\">{\"@context\":\"https:\/\/schema.org\",\"@graph\":[{\"@type\":\"WebPage\",\"@id\":\"https:\/\/www.praha14.cz\/urad-mestske-casti\/hledam-informaci\/bezpecnost\/hasicsky-zachranny-sbor-hlavniho-mesta-prahy\/\",\"url\":\"https:\/\/www.praha14.cz\/urad-mestske-casti\/hledam-informaci\/bezpecnost\/hasicsky-zachranny-sbor-hlavniho-mesta-prahy\/\",\"name\":\"Hasi\u010dsk\u00fd z\u00e1chrann\u00fd sbor hlavn\u00edho m\u011bsta Prahy - \u00daM\u010c P14\",\"isPartOf\":{\"@id\":\"https:\/\/www.praha14.cz\/urad-mestske-casti\/#website\"},\"datePublished\":\"2014-06-18T07:18:26+00:00\",\"dateModified\":\"2022-01-05T12:02:04+00:00\",\"breadcrumb\":{\"@id\":\"https:\/\/www.praha14.cz\/urad-mestske-casti\/hledam-informaci\/bezpecnost\/hasicsky-zachranny-sbor-hlavniho-mesta-prahy\/#breadcrumb\"},\"inLanguage\":\"cs\",\"potentialAction\":[{\"@type\":\"ReadAction\",\"target\":[\"https:\/\/www.praha14.cz\/urad-mestske-casti\/hledam-informaci\/bezpecnost\/hasicsky-zachranny-sbor-hlavniho-mesta-prahy\/\"]}]},{\"@type\":\"BreadcrumbList\",\"@id\":\"https:\/\/www.praha14.cz\/urad-mestske-casti\/hledam-informaci\/bezpecnost\/hasicsky-zachranny-sbor-hlavniho-mesta-prahy\/#breadcrumb\",\"itemListElement\":[{\"@type\":\"ListItem\",\"position\":1,\"name\":\"\u00da\u0159ad m\u011bstsk\u00e9 \u010d\u00e1sti Praha 14\",\"item\":\"https:\/\/www.praha14.cz\/urad-mestske-casti\/\"},{\"@type\":\"ListItem\",\"position\":2,\"name\":\"Hled\u00e1m informaci\",\"item\":\"https:\/\/www.praha14.cz\/urad-mestske-casti\/hledam-informaci\/\"},{\"@type\":\"ListItem\",\"position\":3,\"name\":\"Bezpe\u010dnost\",\"item\":\"https:\/\/www.praha14.cz\/urad-mestske-casti\/hledam-informaci\/bezpecnost\/\"},{\"@type\":\"ListItem\",\"position\":4,\"name\":\"Hasi\u010dsk\u00fd z\u00e1chrann\u00fd sbor hlavn\u00edho m\u011bsta Prahy\"}]},{\"@type\":\"WebSite\",\"@id\":\"https:\/\/www.praha14.cz\/urad-mestske-casti\/#website\",\"url\":\"https:\/\/www.praha14.cz\/urad-mestske-casti\/\",\"name\":\"\u00daM\u010c P14\",\"description\":\"Ofici\u00e1ln\u00ed str\u00e1nky m\u011bstsk\u00e9 \u010d\u00e1sti Praha 14\",\"potentialAction\":[{\"@type\":\"SearchAction\",\"target\":{\"@type\":\"EntryPoint\",\"urlTemplate\":\"https:\/\/www.praha14.cz\/urad-mestske-casti\/?s={search_term_string}\"},\"query-input\":{\"@type\":\"PropertyValueSpecification\",\"valueRequired\":true,\"valueName\":\"search_term_string\"}}],\"inLanguage\":\"cs\"}]}<\/script>\n<!-- \/ Yoast SEO plugin. -->","yoast_head_json":{"title":"Hasi\u010dsk\u00fd z\u00e1chrann\u00fd sbor hlavn\u00edho m\u011bsta Prahy - \u00daM\u010c P14","robots":{"index":"index","follow":"follow","max-snippet":"max-snippet:-1","max-image-preview":"max-image-preview:large","max-video-preview":"max-video-preview:-1"},"canonical":"https:\/\/www.praha14.cz\/urad-mestske-casti\/hledam-informaci\/bezpecnost\/hasicsky-zachranny-sbor-hlavniho-mesta-prahy\/","og_locale":"cs_CZ","og_type":"article","og_title":"Hasi\u010dsk\u00fd z\u00e1chrann\u00fd sbor hlavn\u00edho m\u011bsta Prahy - \u00daM\u010c P14","og_description":"Aktu\u00e1ln\u011b platn\u00e9 kontakty naleznete p\u0159\u00edmo na webov\u00fdch str\u00e1nk\u00e1ch Hasi\u010dsk\u00e9ho z\u00e1chrann\u00e9ho sboru hl. m\u011bsta Prahy.","og_url":"https:\/\/www.praha14.cz\/urad-mestske-casti\/hledam-informaci\/bezpecnost\/hasicsky-zachranny-sbor-hlavniho-mesta-prahy\/","og_site_name":"\u00daM\u010c P14","article_modified_time":"2022-01-05T12:02:04+00:00","twitter_card":"summary_large_image","schema":{"@context":"https:\/\/schema.org","@graph":[{"@type":"WebPage","@id":"https:\/\/www.praha14.cz\/urad-mestske-casti\/hledam-informaci\/bezpecnost\/hasicsky-zachranny-sbor-hlavniho-mesta-prahy\/","url":"https:\/\/www.praha14.cz\/urad-mestske-casti\/hledam-informaci\/bezpecnost\/hasicsky-zachranny-sbor-hlavniho-mesta-prahy\/","name":"Hasi\u010dsk\u00fd z\u00e1chrann\u00fd sbor hlavn\u00edho m\u011bsta Prahy - \u00daM\u010c P14","isPartOf":{"@id":"https:\/\/www.praha14.cz\/urad-mestske-casti\/#website"},"datePublished":"2014-06-18T07:18:26+00:00","dateModified":"2022-01-05T12:02:04+00:00","breadcrumb":{"@id":"https:\/\/www.praha14.cz\/urad-mestske-casti\/hledam-informaci\/bezpecnost\/hasicsky-zachranny-sbor-hlavniho-mesta-prahy\/#breadcrumb"},"inLanguage":"cs","potentialAction":[{"@type":"ReadAction","target":["https:\/\/www.praha14.cz\/urad-mestske-casti\/hledam-informaci\/bezpecnost\/hasicsky-zachranny-sbor-hlavniho-mesta-prahy\/"]}]},{"@type":"BreadcrumbList","@id":"https:\/\/www.praha14.cz\/urad-mestske-casti\/hledam-informaci\/bezpecnost\/hasicsky-zachranny-sbor-hlavniho-mesta-prahy\/#breadcrumb","itemListElement":[{"@type":"ListItem","position":1,"name":"\u00da\u0159ad m\u011bstsk\u00e9 \u010d\u00e1sti Praha 14","item":"https:\/\/www.praha14.cz\/urad-mestske-casti\/"},{"@type":"ListItem","position":2,"name":"Hled\u00e1m informaci","item":"https:\/\/www.praha14.cz\/urad-mestske-casti\/hledam-informaci\/"},{"@type":"ListItem","position":3,"name":"Bezpe\u010dnost","item":"https:\/\/www.praha14.cz\/urad-mestske-casti\/hledam-informaci\/bezpecnost\/"},{"@type":"ListItem","position":4,"name":"Hasi\u010dsk\u00fd z\u00e1chrann\u00fd sbor hlavn\u00edho m\u011bsta Prahy"}]},{"@type":"WebSite","@id":"https:\/\/www.praha14.cz\/urad-mestske-casti\/#website","url":"https:\/\/www.praha14.cz\/urad-mestske-casti\/","name":"\u00daM\u010c P14","description":"Ofici\u00e1ln\u00ed str\u00e1nky m\u011bstsk\u00e9 \u010d\u00e1sti Praha 14","potentialAction":[{"@type":"SearchAction","target":{"@type":"EntryPoint","urlTemplate":"https:\/\/www.praha14.cz\/urad-mestske-casti\/?s={search_term_string}"},"query-input":{"@type":"PropertyValueSpecification","valueRequired":true,"valueName":"search_term_string"}}],"inLanguage":"cs"}]}},"_links":{"self":[{"href":"https:\/\/www.praha14.cz\/urad-mestske-casti\/wp-json\/wp\/v2\/pages\/27823","targetHints":{"allow":["GET"]}}],"collection":[{"href":"https:\/\/www.praha14.cz\/urad-mestske-casti\/wp-json\/wp\/v2\/pages"}],"about":[{"href":"https:\/\/www.praha14.cz\/urad-mestske-casti\/wp-json\/wp\/v2\/types\/page"}],"author":[{"embeddable":true,"href":"https:\/\/www.praha14.cz\/urad-mestske-casti\/wp-json\/wp\/v2\/users\/1"}],"replies":[{"embeddable":true,"href":"https:\/\/www.praha14.cz\/urad-mestske-casti\/wp-json\/wp\/v2\/comments?post=27823"}],"version-history":[{"count":5,"href":"https:\/\/www.praha14.cz\/urad-mestske-casti\/wp-json\/wp\/v2\/pages\/27823\/revisions"}],"predecessor-version":[{"id":46717,"href":"https:\/\/www.praha14.cz\/urad-mestske-casti\/wp-json\/wp\/v2\/pages\/27823\/revisions\/46717"}],"up":[{"embeddable":true,"href":"https:\/\/www.praha14.cz\/urad-mestske-casti\/wp-json\/wp\/v2\/pages\/27880"}],"wp:attachment":[{"href":"https:\/\/www.praha14.cz\/urad-mestske-casti\/wp-json\/wp\/v2\/media?parent=27823"}],"curies":[{"name":"wp","href":"https:\/\/api.w.org\/{rel}","templated":true}]}}