{"id":27854,"date":"2014-06-18T08:18:26","date_gmt":"2014-06-18T07:18:26","guid":{"rendered":"\/urad-mestske-casti\/?page_id=27854"},"modified":"2022-02-26T17:28:24","modified_gmt":"2022-02-26T16:28:24","slug":"smernice-umc-praha-14-c-62002","status":"publish","type":"page","link":"https:\/\/www.praha14.cz\/urad-mestske-casti\/smernice-umc-praha-14-c-62002\/","title":{"rendered":"Sm\u011brnice \u00daM\u010c Praha 14 \u010d. 4\/2004"},"content":{"rendered":"<p align=\"center\"><b>M\u011aSTSK\u00c1 \u010c\u00c1ST PRAHA 14<\/b><\/p>\n<div align=\"center\"><b>\u00da\u0159ad m\u011bstsk\u00e9 \u010d\u00e1sti<\/b><\/div>\n<p align=\"center\"><b>Sm\u011brnice \u010d. 4\/2004<br \/>\n(Metodick\u00fd pokyn)<\/b><\/p>\n<p align=\"center\"><b>pro kon\u00e1n\u00ed v\u00fdb\u011brov\u00fdch \u0159\u00edzen\u00ed<br \/>\npodle z\u00e1kona o \u00fa\u0159edn\u00edc\u00edch \u00fazemn\u00edch samospr\u00e1vn\u00fdch celk\u016f<\/b><\/p>\n<p align=\"JUSTIFY\"><b>Obsah:<\/b><\/p>\n<ol type=\"I\">\n<li>Okruh zam\u011bstnanc\u016f, na kter\u00e9 se vztahuje v\u00fdb\u011brov\u00e9 \u0159\u00edzen\u00ed<\/li>\n<li>Postup p\u0159i vyhla\u0161ov\u00e1n\u00ed v\u00fdb\u011brov\u00e9ho \u0159\u00edzen\u00ed<\/li>\n<li>Z\u0159\u00edzen\u00ed a \u00fakoly v\u00fdb\u011brov\u00e9 komise<\/li>\n<\/ol>\n<p align=\"JUSTIFY\">P\u0159\u00edlohy:<\/p>\n<p>\u010d.1\u00a0<a href=\"https:\/\/www.praha14.cz\/KT\/smernice_vol_m_p1.rtf\" target=\"_blank\" rel=\"noopener\">Ozn\u00e1men\u00ed o vyhl\u00e1\u0161en\u00ed v\u00fdb\u011brov\u00e9ho \u0159\u00edzen\u00ed<\/a>\u00a0(vzor)<br \/>\n\u010d.2\u00a0<a href=\"https:\/\/www.praha14.cz\/KT\/smernice_vol_m_p2.rtf\" target=\"_blank\" rel=\"noopener\">Jmenovac\u00ed dekret<\/a>\u00a0(vzor)<br \/>\n\u010d.3<a href=\"https:\/\/www.praha14.cz\/KT\/smernice_vol_m_p3.rtf\" target=\"_blank\" rel=\"noopener\">\u00a0Postup p\u0159i v\u00fdb\u011brov\u00e9m \u0159\u00edzen\u00ed<\/a>\u00a0(vzor)<\/p>\n<p>Vyd\u00e1v\u00e1: Kancel\u00e1\u0159 tajemn\u00edka<\/p>\n<hr \/>\n<ol type=\"I\">\n<li><b>OKRUH ZAM\u011aSTNANC\u016e, NA KTER\u00c9 SE VZTAHUJE V\u00ddB\u011aROV\u00c9 \u0158\u00cdZEN\u00cd<\/b><br \/>\n<a name=\"okruh\"><\/a><\/p>\n<ul>\n<li>tajemn\u00edk \u00fa\u0159adu (vedouc\u00ed \u00fa\u0159adu)<\/li>\n<li>vedouc\u00ed odboru (vedouc\u00ed \u00fa\u0159edn\u00edk), vedouc\u00ed odd\u011blen\u00ed<\/li>\n<li>pracovn\u00ed pom\u011br \u00fa\u0159edn\u00edka \u00fa\u0159adu, kter\u00e9mu je sv\u011b\u0159en v\u00fdkon spr\u00e1vn\u00edch \u010dinnost\u00ed, tedy pln\u011bn\u00ed \u00fakol\u016f v oblasti samostatn\u00e9 a p\u0159enesen\u00e9 p\u016fsobnosti<\/li>\n<\/ul>\n<\/li>\n<li><b>POSTUP P\u0158I VYHLA\u0160OV\u00c1N\u00cd V\u00ddB\u011aROV\u00c9HO \u0158\u00cdZEN\u00cd<a name=\"postup\"><\/a><\/b><b>V\u00fdb\u011brov\u00e9 \u0159\u00edzen\u00ed vyhla\u0161uje:<\/b>&#8211; tajemn\u00edk \u00fa\u0159adu na m\u00edsta vedouc\u00edch odbor\u016f a na vznik pracovn\u00edho pom\u011bru na dobu ur\u010ditou u \u00fa\u0159edn\u00edk\u016f \u00fa\u0159adu, kter\u00fdm je sv\u011b\u0159en v\u00fdkon spr\u00e1vn\u00edch \u010dinnost\u00edJde-li o v\u00fdb\u011brov\u00e9 \u0159\u00edzen\u00ed na funkci tajemn\u00edka \u00fa\u0159adu, ozn\u00e1men\u00ed o v\u00fdb\u011brov\u00e9m \u0159\u00edzen\u00ed vyhla\u0161uje starosta m\u011bstsk\u00e9 \u010d\u00e1sti.V\u00fdb\u011brov\u00e9 \u0159\u00edzen\u00ed vyhla\u0161uje tajemn\u00edk \u00fa\u0159adu (vedouc\u00ed \u00fa\u0159adu) ozn\u00e1men\u00edm na \u00fa\u0159edn\u00ed desce \u00fa\u0159adu nejm\u00e9n\u011b 15 dn\u00ed p\u0159ed dnem ur\u010den\u00fdm pro p\u0159ihl\u00e1\u0161en\u00ed uchaze\u010d\u016f a sou\u010dasn\u011b i zp\u016fsobem umo\u017e\u0148uj\u00edc\u00edm d\u00e1lkov\u00fd p\u0159\u00edstup, nap\u0159\u00edklad zve\u0159ejn\u011bn\u00edm na www str\u00e1nce \u00fa\u0159adu (viz P\u0159\u00edloha \u010d. 1 Ozn\u00e1men\u00ed o vyhl\u00e1\u0161en\u00ed v\u00fdb\u011brov\u00e9ho \u0159\u00edzen\u00ed).Obsazov\u00e1n\u00ed m\u00edst vedouc\u00edch pracovn\u00edk\u016f zaji\u0161\u0165uje odbor kancel\u00e1\u0159e tajemn\u00edka, obsazov\u00e1n\u00ed ostatn\u00edch m\u00edst zaji\u0161\u0165uje person\u00e1ln\u00ed odbor.<b>Ozn\u00e1men\u00ed o vyhl\u00e1\u0161en\u00ed v\u00fdb\u011brov\u00e9ho \u0159\u00edzen\u00ed obsahuje n\u00e1sleduj\u00edc\u00ed \u00fadaje:<\/b>\n<ul>\n<li>n\u00e1zev \u00fa\u0159adu<\/li>\n<li>druh pr\u00e1ce a m\u00edsto v\u00fdkonu pr\u00e1ce<\/li>\n<li>z\u00e1konn\u00e9 p\u0159edpoklady pro vznik pracovn\u00edho pom\u011bru \u00fa\u0159edn\u00edka (tj. fyzick\u00e1 osoba star\u0161\u00ed 18 let, zp\u016fsobil\u00e1 k pr\u00e1vn\u00edm \u00fakon\u016fm, bez\u00fahonn\u00e1, kter\u00e1 ovl\u00e1d\u00e1 jednac\u00ed jazyk, m\u00e1 trval\u00fd pobyt v \u010cR, pokud je ciz\u00edm st\u00e1tn\u00edm p\u0159\u00edslu\u0161n\u00edkem a spl\u0148uje podm\u00ednky podle \u00a7 65 a n\u00e1sl. z\u00e1kona \u010d. 326\/1999 Sb., o pobytu cizinc\u016f na \u00fazem\u00ed \u010cesk\u00e9 republiky a o zm\u011bn\u011b n\u011bkter\u00fdch z\u00e1kon\u016f, ve zn\u011bn\u00ed z\u00e1kona \u010d. 140\/2001 Sb.,3)<\/li>\n<li>jin\u00e9 po\u017eadavky \u00fa\u0159adu pro vznik pracovn\u00edho pom\u011bru, odpov\u00eddaj\u00edc\u00ed povaze \u010dinnosti, kterou m\u00e1 z\u00e1jemce vykon\u00e1vat (nap\u0159. znalost pr\u00e1ce s v\u00fdpo\u010detn\u00ed technikou, znalost ciz\u00edch jazyk\u016f, apod.)<\/li>\n<li>pro jmenov\u00e1n\u00ed vedouc\u00edho \u00fa\u0159edn\u00edka se vy\u017eaduje t\u00e9\u017e spln\u011bn\u00ed dal\u0161\u00edch p\u0159edpoklad\u016f stanoven\u00fdch zvl\u00e1\u0161tn\u00edm z\u00e1konem (z\u00e1kon \u010d. 451\/1991 Sb., &#8211; lustra\u010dn\u00ed osv\u011bd\u010den\u00ed)<\/li>\n<li>v\u00fd\u010det doklad\u016f, kter\u00e9 uchaze\u010di p\u0159ipoj\u00ed k p\u0159ihl\u00e1\u0161ce<\/li>\n<li>platovou t\u0159\u00eddu odpov\u00eddaj\u00edc\u00ed druhu pr\u00e1ce<\/li>\n<li>lh\u016ftu pro pod\u00e1n\u00ed p\u0159ihl\u00e1\u0161ky<\/li>\n<li>m\u00edsto a zp\u016fsob pod\u00e1n\u00ed p\u0159ihl\u00e1\u0161ky<\/li>\n<li>adresu, na kterou se p\u0159ihl\u00e1\u0161ka odes\u00edl\u00e1<\/li>\n<\/ul>\n<p>Vyhla\u0161uje-li se v\u00fdb\u011brov\u00e9 \u0159\u00edzen\u00ed na m\u00edsto tajemn\u00edka \u00fa\u0159adu bude toto ozn\u00e1men\u00ed vedle v\u00fd\u0161e uveden\u00fdch po\u017eadavk\u016f kladen\u00fdch na vedouc\u00edho \u00fa\u0159edn\u00edka obsahovat nav\u00edc z\u00e1konnou podm\u00ednku, \u017ee vedouc\u00edm \u00fa\u0159adu se m\u016f\u017ee st\u00e1t fyzick\u00e1 osoba, kter\u00e1 m\u00e1 nejm\u00e9n\u011b t\u0159\u00edletou praxi jako vedouc\u00ed zam\u011bstnanec, nebo p\u0159i v\u00fdkonu spr\u00e1vn\u00edch \u010dinnost\u00ed v pracovn\u00edm nebo slu\u017eebn\u00edm pom\u011bru ke st\u00e1tu nebo v pracovn\u00edm pom\u011bru k \u00fazemn\u00edmu samospr\u00e1vn\u00e9mu celku. Tato praxe mus\u00ed b\u00fdt spln\u011bna v pr\u016fb\u011bhu osmi let bezprost\u0159edn\u011b p\u0159edch\u00e1zej\u00edc\u00edch jmenov\u00e1n\u00ed do funkce.<\/p>\n<p>V p\u0159\u00edpad\u011b uchaze\u010de o jmenov\u00e1n\u00ed vedouc\u00edho \u00fa\u0159adu mus\u00ed b\u00fdt p\u0159ihl\u00e1\u0161ka dolo\u017eena tak\u00e9 \u010destn\u00fdm prohl\u00e1\u0161en\u00edm o spln\u011bn\u00ed po\u017eadavk\u016f na druh a d\u00e9lku p\u0159edepsan\u00e9 praxe.<br \/>\n<b>N\u00e1le\u017eitosti p\u0159ihl\u00e1\u0161ky:<\/b><\/p>\n<p>Uchaze\u010d pod\u00e1 \u00fa\u0159adu p\u00edsemnou p\u0159ihl\u00e1\u0161ku, kter\u00e1 m\u00e1 tyto n\u00e1le\u017eitosti:<\/p>\n<ul>\n<li>jm\u00e9no, p\u0159\u00edjmen\u00ed a titul uchaze\u010de<\/li>\n<li>datum a m\u00edsto narozen\u00ed uchaze\u010de<\/li>\n<li>st\u00e1tn\u00ed p\u0159\u00edslu\u0161nost<\/li>\n<li>m\u00edsto trval\u00e9ho pobytu uchaze\u010de<\/li>\n<li>\u010d\u00edslo ob\u010dansk\u00e9ho pr\u016fkazu nebo \u010d\u00edslo dokladu o povolen\u00ed k pobytu, jde-li o ciz\u00edho st\u00e1tn\u00edho ob\u010dana<\/li>\n<li>datum a podpis uchaze\u010de.<\/li>\n<\/ul>\n<p><b>Doklady k p\u0159ihl\u00e1\u0161ce:<\/b><\/p>\n<p>K p\u0159ihl\u00e1\u0161ce se p\u0159ipoj\u00ed tyto doklady:<\/p>\n<ul>\n<li>\u017eivotopis, ve kter\u00e9m se uvedou \u00fadaje o dosavadn\u00edch zam\u011bstn\u00e1n\u00edch a o odborn\u00fdch znalostech a dovednostech<\/li>\n<li>v\u00fdpis z evidence Rejst\u0159\u00edku trest\u016f ne star\u0161\u00ed ne\u017e 3 m\u011bs\u00edce; u ciz\u00edch st\u00e1tn\u00edch p\u0159\u00edslu\u0161n\u00edk\u016f t\u00e9\u017e obdobn\u00fd doklad osv\u011bd\u010duj\u00edc\u00ed bez\u00fahonnost vydan\u00fd domovsk\u00fdm st\u00e1tem; pokud takov\u00fd doklad domovsk\u00fd st\u00e1t nevyd\u00e1v\u00e1, dolo\u017e\u00ed se bez\u00fahonnost \u010destn\u00fdm prohl\u00e1\u0161en\u00edm<\/li>\n<li>ov\u011b\u0159en\u00e1 kopie dokladu o nejvy\u0161\u0161\u00edm dosa\u017een\u00e9m vzd\u011bl\u00e1n\u00ed.Neobsahuje-li p\u0159ihl\u00e1\u0161ka v\u0161echny n\u00e1le\u017eitosti, vedouc\u00ed \u00fa\u0159adu uchaze\u010de vyzve, aby n\u00e1le\u017eitosti nebo doklady v p\u0159im\u011b\u0159en\u00e9 lh\u016ft\u011b doplnil. Po uplynut\u00ed lh\u016fty nejm\u00e9n\u011b 15 dn\u016f (p\u0159\u00edpadn\u011b po uplynut\u00ed lh\u016fty zohled\u0148uj\u00edc\u00ed v\u00fdzvu o dopln\u011bn\u00ed n\u00e1le\u017eitost\u00ed nebo doklad\u016f) p\u0159ed\u00e1 vedouc\u00ed \u00fa\u0159adu p\u0159ihl\u00e1\u0161ky v\u00fdb\u011brov\u00e9 komisi.<\/li>\n<\/ul>\n<\/li>\n<li><b>Z\u0158\u00cdZEN\u00cd A \u00daKOLY V\u00ddB\u011aROV\u00c9 KOMISE<a name=\"komise\"><\/a><\/b><b>Jmenov\u00e1n\u00ed v\u00fdb\u011brov\u00e9 komise a jej\u00ed \u00fakoly:<\/b>Vedouc\u00ed \u00fa\u0159adu jmenuje a odvol\u00e1v\u00e1 v\u00fdb\u011brovou komisi, kter\u00e1 posuzuje uchaze\u010de a je nejm\u00e9n\u011b t\u0159\u00ed\u010dlenn\u00e1 (viz p\u0159\u00edloha \u010d. 2 Jmenovac\u00ed dekret). Alespo\u0148 jedna t\u0159etina \u010dlen\u016f komise jsou \u00fa\u0159edn\u00edci \u00fa\u0159adu, kter\u00fd v\u00fdb\u011brov\u00e9 \u0159\u00edzen\u00ed vyhl\u00e1sil (z\u00e1stupce odboru kancel\u00e1\u0159e tajemn\u00edka, person\u00e1ln\u00edho odboru, vedouc\u00ed odboru do jeho\u017e \u00fatvaru je \u00fa\u0159edn\u00edk p\u0159ij\u00edm\u00e1n, apod.).<br \/>\nV\u00fdb\u011brov\u00e1 komise je poradn\u00edm org\u00e1nem vedouc\u00edho \u00fa\u0159adu, kter\u00fd vyhl\u00e1sil v\u00fdb\u011brov\u00e9 \u0159\u00edzen\u00ed a nen\u00ed opr\u00e1vn\u011bna rozhodovat o jmenov\u00e1n\u00ed do funkce. Jedn\u00e1n\u00ed v\u00fdb\u011brov\u00e9 komise je neve\u0159ejn\u00e9 a mus\u00ed b\u00fdt p\u0159\u00edtomna nadpolovi\u010dn\u00ed v\u011bt\u0161ina v\u0161ech jej\u00edch \u010dlen\u016f; rozhodnut\u00ed p\u0159ij\u00edm\u00e1 nadpolovi\u010dn\u00ed v\u011bt\u0161inou hlas\u016f p\u0159\u00edtomn\u00fdch \u010dlen\u016f v\u00fdb\u011brov\u00e9 komise. Tento postup poskytuje z\u00e1ruky spravedliv\u00e9ho zach\u00e1zen\u00ed s uchaze\u010di a objektivn\u00ed posouzen\u00ed jejich schopnost\u00ed (viz P\u0159\u00edloha \u010d. 3 Postup p\u0159i v\u00fdb\u011brov\u00e9m \u0159\u00edzen\u00ed).V\u00fdb\u011brov\u00e1 komise posoud\u00ed, zda uchaze\u010di p\u0159edlo\u017eili \u00faplnou p\u0159ihl\u00e1\u0161ku, tj. obsahuje-li v\u0161echny n\u00e1le\u017eitosti p\u0159ihl\u00e1\u0161ky v\u010detn\u011b p\u0159ipojen\u00fdch doklad\u016f. V p\u0159\u00edpad\u011b uchaze\u010de o jmenov\u00e1n\u00ed vedouc\u00edho \u00fa\u0159adu mus\u00ed b\u00fdt p\u0159ihl\u00e1\u0161ka dolo\u017eena tak\u00e9 \u010destn\u00fdm prohl\u00e1\u0161en\u00edm o spln\u011bn\u00ed po\u017eadavk\u016f na druh a d\u00e9lku p\u0159edepsan\u00e9 praxe. Je-li to nutn\u00e9 k posouzen\u00ed, v\u00fdb\u011brov\u00e1 komise pozve k osobn\u00edmu jedn\u00e1n\u00ed uchaze\u010de, kte\u0159\u00ed nejl\u00e9pe splnili v\u0161echny p\u0159edepsan\u00e9 podm\u00ednky.<br \/>\n<b>V\u00fdb\u011brov\u00e1 komise po\u0159\u00edd\u00ed o posouzen\u00ed uchaze\u010d\u016f p\u00edsemnou zpr\u00e1vu, kter\u00e1 obsahuje:<\/b><\/p>\n<ol type=\"a\">\n<li>\u00fadaje o slo\u017een\u00ed v\u00fdb\u011brov\u00e9 komise<\/li>\n<li>seznam uchaze\u010d\u016f<\/li>\n<li>seznam uchaze\u010d\u016f a po\u0159ad\u00ed nejl\u00e9pe vyhovuj\u00edc\u00edch uchaze\u010d\u016f, kte\u0159\u00ed p\u0159edlo\u017eili \u00fapln\u00e9 p\u0159ihl\u00e1\u0161ky, v\u010detn\u011b p\u0159edepsan\u00fdch doklad\u016f a spl\u0148uj\u00ed p\u0159edpoklady a po\u017eadavky stanoven\u00e9 v ozn\u00e1men\u00ed<\/li>\n<li>pova\u017euje &#8211; li komise za nezbytn\u00e9 opakovat v\u00fdb\u011brov\u00e9 \u0159\u00edzen\u00ed, doporu\u010den\u00ed v\u00fdb\u011brov\u00e9 komise k opakov\u00e1n\u00ed v\u00fdb\u011brov\u00e9ho \u0159\u00edzen\u00ed s od\u016fvodn\u011bn\u00edm.<\/li>\n<\/ol>\n<p>Zpr\u00e1vu podepisuj\u00ed v\u0161ichni p\u0159\u00edtomn\u00ed \u010dlenov\u00e9 v\u00fdb\u011brov\u00e9 komise a jej\u00ed p\u0159edseda tuto zpr\u00e1vu p\u0159ed\u00e1 se spisov\u00fdm materi\u00e1lem, vztahuj\u00edc\u00edm se k v\u00fdb\u011brov\u00e9mu \u0159\u00edzen\u00ed, vedouc\u00edmu \u00fa\u0159adu. Ke zpr\u00e1v\u011b p\u0159ipoj\u00ed vedouc\u00ed \u00fa\u0159adu z\u00e1znam o uzav\u0159en\u00ed pracovn\u00ed smlouvy nebo o jmenov\u00e1n\u00ed do funkce vedouc\u00edho \u00fa\u0159edn\u00edka.<br \/>\nDo funkce vedouc\u00edho \u00fa\u0159edn\u00edka m\u016f\u017ee b\u00fdt jmenov\u00e1n pouze uchaze\u010d, kter\u00fd p\u0159edlo\u017eil \u00faplnou p\u0159ihl\u00e1\u0161ku s doklady a spl\u0148uje p\u0159edpoklady a po\u017eadavky stanoven\u00e9 v ozn\u00e1men\u00ed.<\/li>\n<\/ol>\n<p align=\"JUSTIFY\">Tato sm\u011brnice byla projedn\u00e1na Radou m\u011bstsk\u00e9 \u010d\u00e1sti Praha 14 dne 27.4.2004, usnesen\u00ed\u00a0<a href=\"https:\/\/www.praha14.cz\/app\/uploads\/sites\/2\/2022\/02\/225_34MR.htm\" target=\"_blank\" rel=\"noopener\">\u010d. 225\/RM\u010c\/2004<\/a>\u00a0a nab\u00fdv\u00e1 \u00fa\u010dinnosti ode dne 1.5.2004.<br \/>\nT\u00edmto se ru\u0161\u00ed Sm\u011brnice \u010d.6\/2002 ze dne 13.11.2002.<\/p>\n<p>V Praze dne 28.4.2004<\/p>\n<p align=\"center\">Ing. Lud\u011bk Lis\u00fd<br \/>\ntajemn\u00edk \u00da\u0159adu m.\u010d.Praha 14<\/p>\n","protected":false},"excerpt":{"rendered":"<p>M\u011aSTSK\u00c1 \u010c\u00c1ST PRAHA 14 \u00da\u0159ad m\u011bstsk\u00e9 \u010d\u00e1sti Sm\u011brnice \u010d. 4\/2004 (Metodick\u00fd pokyn) pro kon\u00e1n\u00ed v\u00fdb\u011brov\u00fdch \u0159\u00edzen\u00ed podle z\u00e1kona o \u00fa\u0159edn\u00edc\u00edch \u00fazemn\u00edch samospr\u00e1vn\u00fdch celk\u016f Obsah: Okruh zam\u011bstnanc\u016f, na kter\u00e9 se vztahuje v\u00fdb\u011brov\u00e9 \u0159\u00edzen\u00ed Postup p\u0159i vyhla\u0161ov\u00e1n\u00ed v\u00fdb\u011brov\u00e9ho \u0159\u00edzen\u00ed Z\u0159\u00edzen\u00ed a \u00fakoly v\u00fdb\u011brov\u00e9 komise P\u0159\u00edlohy: \u010d.1\u00a0Ozn\u00e1men\u00ed o vyhl\u00e1\u0161en\u00ed v\u00fdb\u011brov\u00e9ho \u0159\u00edzen\u00ed\u00a0(vzor) \u010d.2\u00a0Jmenovac\u00ed dekret\u00a0(vzor) \u010d.3\u00a0Postup p\u0159i v\u00fdb\u011brov\u00e9m \u0159\u00edzen\u00ed\u00a0(vzor) Vyd\u00e1v\u00e1:&#8230;<\/p>\n","protected":false},"author":1,"featured_media":0,"parent":0,"menu_order":0,"comment_status":"closed","ping_status":"open","template":"","meta":{"_acf_changed":false,"footnotes":""},"class_list":["post-27854","page","type-page","status-publish","hentry"],"acf":[],"yoast_head":"<!-- This site is optimized with the Yoast SEO plugin v27.2 - https:\/\/yoast.com\/product\/yoast-seo-wordpress\/ -->\n<title>Sm\u011brnice \u00daM\u010c Praha 14 \u010d. 4\/2004 - \u00daM\u010c P14<\/title>\n<meta name=\"robots\" content=\"index, follow, max-snippet:-1, max-image-preview:large, max-video-preview:-1\" \/>\n<link rel=\"canonical\" href=\"https:\/\/www.praha14.cz\/urad-mestske-casti\/smernice-umc-praha-14-c-62002\/\" \/>\n<meta property=\"og:locale\" content=\"cs_CZ\" \/>\n<meta property=\"og:type\" content=\"article\" \/>\n<meta property=\"og:title\" content=\"Sm\u011brnice \u00daM\u010c Praha 14 \u010d. 4\/2004 - \u00daM\u010c P14\" \/>\n<meta property=\"og:description\" content=\"M\u011aSTSK\u00c1 \u010c\u00c1ST PRAHA 14 \u00da\u0159ad m\u011bstsk\u00e9 \u010d\u00e1sti Sm\u011brnice \u010d. 4\/2004 (Metodick\u00fd pokyn) pro kon\u00e1n\u00ed v\u00fdb\u011brov\u00fdch \u0159\u00edzen\u00ed podle z\u00e1kona o \u00fa\u0159edn\u00edc\u00edch \u00fazemn\u00edch samospr\u00e1vn\u00fdch celk\u016f Obsah: Okruh zam\u011bstnanc\u016f, na kter\u00e9 se vztahuje v\u00fdb\u011brov\u00e9 \u0159\u00edzen\u00ed Postup p\u0159i vyhla\u0161ov\u00e1n\u00ed v\u00fdb\u011brov\u00e9ho \u0159\u00edzen\u00ed Z\u0159\u00edzen\u00ed a \u00fakoly v\u00fdb\u011brov\u00e9 komise P\u0159\u00edlohy: \u010d.1\u00a0Ozn\u00e1men\u00ed o vyhl\u00e1\u0161en\u00ed v\u00fdb\u011brov\u00e9ho \u0159\u00edzen\u00ed\u00a0(vzor) \u010d.2\u00a0Jmenovac\u00ed dekret\u00a0(vzor) \u010d.3\u00a0Postup p\u0159i v\u00fdb\u011brov\u00e9m \u0159\u00edzen\u00ed\u00a0(vzor) Vyd\u00e1v\u00e1:...\" \/>\n<meta property=\"og:url\" content=\"https:\/\/www.praha14.cz\/urad-mestske-casti\/smernice-umc-praha-14-c-62002\/\" \/>\n<meta property=\"og:site_name\" content=\"\u00daM\u010c P14\" \/>\n<meta property=\"article:modified_time\" content=\"2022-02-26T16:28:24+00:00\" \/>\n<meta name=\"twitter:card\" content=\"summary_large_image\" \/>\n<meta name=\"twitter:label1\" content=\"Est. reading time\" \/>\n\t<meta name=\"twitter:data1\" content=\"7 minut\" \/>\n<script type=\"application\/ld+json\" class=\"yoast-schema-graph\">{\"@context\":\"https:\/\/schema.org\",\"@graph\":[{\"@type\":\"WebPage\",\"@id\":\"https:\/\/www.praha14.cz\/urad-mestske-casti\/smernice-umc-praha-14-c-62002\/\",\"url\":\"https:\/\/www.praha14.cz\/urad-mestske-casti\/smernice-umc-praha-14-c-62002\/\",\"name\":\"Sm\u011brnice \u00daM\u010c Praha 14 \u010d. 4\/2004 - \u00daM\u010c P14\",\"isPartOf\":{\"@id\":\"https:\/\/www.praha14.cz\/urad-mestske-casti\/#website\"},\"datePublished\":\"2014-06-18T07:18:26+00:00\",\"dateModified\":\"2022-02-26T16:28:24+00:00\",\"breadcrumb\":{\"@id\":\"https:\/\/www.praha14.cz\/urad-mestske-casti\/smernice-umc-praha-14-c-62002\/#breadcrumb\"},\"inLanguage\":\"cs\",\"potentialAction\":[{\"@type\":\"ReadAction\",\"target\":[\"https:\/\/www.praha14.cz\/urad-mestske-casti\/smernice-umc-praha-14-c-62002\/\"]}]},{\"@type\":\"BreadcrumbList\",\"@id\":\"https:\/\/www.praha14.cz\/urad-mestske-casti\/smernice-umc-praha-14-c-62002\/#breadcrumb\",\"itemListElement\":[{\"@type\":\"ListItem\",\"position\":1,\"name\":\"\u00da\u0159ad m\u011bstsk\u00e9 \u010d\u00e1sti Praha 14\",\"item\":\"https:\/\/www.praha14.cz\/urad-mestske-casti\/\"},{\"@type\":\"ListItem\",\"position\":2,\"name\":\"Sm\u011brnice \u00daM\u010c Praha 14 \u010d. 4\/2004\"}]},{\"@type\":\"WebSite\",\"@id\":\"https:\/\/www.praha14.cz\/urad-mestske-casti\/#website\",\"url\":\"https:\/\/www.praha14.cz\/urad-mestske-casti\/\",\"name\":\"\u00daM\u010c P14\",\"description\":\"Ofici\u00e1ln\u00ed str\u00e1nky m\u011bstsk\u00e9 \u010d\u00e1sti Praha 14\",\"potentialAction\":[{\"@type\":\"SearchAction\",\"target\":{\"@type\":\"EntryPoint\",\"urlTemplate\":\"https:\/\/www.praha14.cz\/urad-mestske-casti\/?s={search_term_string}\"},\"query-input\":{\"@type\":\"PropertyValueSpecification\",\"valueRequired\":true,\"valueName\":\"search_term_string\"}}],\"inLanguage\":\"cs\"}]}<\/script>\n<!-- \/ Yoast SEO plugin. -->","yoast_head_json":{"title":"Sm\u011brnice \u00daM\u010c Praha 14 \u010d. 4\/2004 - \u00daM\u010c P14","robots":{"index":"index","follow":"follow","max-snippet":"max-snippet:-1","max-image-preview":"max-image-preview:large","max-video-preview":"max-video-preview:-1"},"canonical":"https:\/\/www.praha14.cz\/urad-mestske-casti\/smernice-umc-praha-14-c-62002\/","og_locale":"cs_CZ","og_type":"article","og_title":"Sm\u011brnice \u00daM\u010c Praha 14 \u010d. 4\/2004 - \u00daM\u010c P14","og_description":"M\u011aSTSK\u00c1 \u010c\u00c1ST PRAHA 14 \u00da\u0159ad m\u011bstsk\u00e9 \u010d\u00e1sti Sm\u011brnice \u010d. 4\/2004 (Metodick\u00fd pokyn) pro kon\u00e1n\u00ed v\u00fdb\u011brov\u00fdch \u0159\u00edzen\u00ed podle z\u00e1kona o \u00fa\u0159edn\u00edc\u00edch \u00fazemn\u00edch samospr\u00e1vn\u00fdch celk\u016f Obsah: Okruh zam\u011bstnanc\u016f, na kter\u00e9 se vztahuje v\u00fdb\u011brov\u00e9 \u0159\u00edzen\u00ed Postup p\u0159i vyhla\u0161ov\u00e1n\u00ed v\u00fdb\u011brov\u00e9ho \u0159\u00edzen\u00ed Z\u0159\u00edzen\u00ed a \u00fakoly v\u00fdb\u011brov\u00e9 komise P\u0159\u00edlohy: \u010d.1\u00a0Ozn\u00e1men\u00ed o vyhl\u00e1\u0161en\u00ed v\u00fdb\u011brov\u00e9ho \u0159\u00edzen\u00ed\u00a0(vzor) \u010d.2\u00a0Jmenovac\u00ed dekret\u00a0(vzor) \u010d.3\u00a0Postup p\u0159i v\u00fdb\u011brov\u00e9m \u0159\u00edzen\u00ed\u00a0(vzor) Vyd\u00e1v\u00e1:...","og_url":"https:\/\/www.praha14.cz\/urad-mestske-casti\/smernice-umc-praha-14-c-62002\/","og_site_name":"\u00daM\u010c P14","article_modified_time":"2022-02-26T16:28:24+00:00","twitter_card":"summary_large_image","twitter_misc":{"Est. reading time":"7 minut"},"schema":{"@context":"https:\/\/schema.org","@graph":[{"@type":"WebPage","@id":"https:\/\/www.praha14.cz\/urad-mestske-casti\/smernice-umc-praha-14-c-62002\/","url":"https:\/\/www.praha14.cz\/urad-mestske-casti\/smernice-umc-praha-14-c-62002\/","name":"Sm\u011brnice \u00daM\u010c Praha 14 \u010d. 4\/2004 - \u00daM\u010c P14","isPartOf":{"@id":"https:\/\/www.praha14.cz\/urad-mestske-casti\/#website"},"datePublished":"2014-06-18T07:18:26+00:00","dateModified":"2022-02-26T16:28:24+00:00","breadcrumb":{"@id":"https:\/\/www.praha14.cz\/urad-mestske-casti\/smernice-umc-praha-14-c-62002\/#breadcrumb"},"inLanguage":"cs","potentialAction":[{"@type":"ReadAction","target":["https:\/\/www.praha14.cz\/urad-mestske-casti\/smernice-umc-praha-14-c-62002\/"]}]},{"@type":"BreadcrumbList","@id":"https:\/\/www.praha14.cz\/urad-mestske-casti\/smernice-umc-praha-14-c-62002\/#breadcrumb","itemListElement":[{"@type":"ListItem","position":1,"name":"\u00da\u0159ad m\u011bstsk\u00e9 \u010d\u00e1sti Praha 14","item":"https:\/\/www.praha14.cz\/urad-mestske-casti\/"},{"@type":"ListItem","position":2,"name":"Sm\u011brnice \u00daM\u010c Praha 14 \u010d. 4\/2004"}]},{"@type":"WebSite","@id":"https:\/\/www.praha14.cz\/urad-mestske-casti\/#website","url":"https:\/\/www.praha14.cz\/urad-mestske-casti\/","name":"\u00daM\u010c P14","description":"Ofici\u00e1ln\u00ed str\u00e1nky m\u011bstsk\u00e9 \u010d\u00e1sti Praha 14","potentialAction":[{"@type":"SearchAction","target":{"@type":"EntryPoint","urlTemplate":"https:\/\/www.praha14.cz\/urad-mestske-casti\/?s={search_term_string}"},"query-input":{"@type":"PropertyValueSpecification","valueRequired":true,"valueName":"search_term_string"}}],"inLanguage":"cs"}]}},"_links":{"self":[{"href":"https:\/\/www.praha14.cz\/urad-mestske-casti\/wp-json\/wp\/v2\/pages\/27854","targetHints":{"allow":["GET"]}}],"collection":[{"href":"https:\/\/www.praha14.cz\/urad-mestske-casti\/wp-json\/wp\/v2\/pages"}],"about":[{"href":"https:\/\/www.praha14.cz\/urad-mestske-casti\/wp-json\/wp\/v2\/types\/page"}],"author":[{"embeddable":true,"href":"https:\/\/www.praha14.cz\/urad-mestske-casti\/wp-json\/wp\/v2\/users\/1"}],"replies":[{"embeddable":true,"href":"https:\/\/www.praha14.cz\/urad-mestske-casti\/wp-json\/wp\/v2\/comments?post=27854"}],"version-history":[{"count":3,"href":"https:\/\/www.praha14.cz\/urad-mestske-casti\/wp-json\/wp\/v2\/pages\/27854\/revisions"}],"predecessor-version":[{"id":48948,"href":"https:\/\/www.praha14.cz\/urad-mestske-casti\/wp-json\/wp\/v2\/pages\/27854\/revisions\/48948"}],"wp:attachment":[{"href":"https:\/\/www.praha14.cz\/urad-mestske-casti\/wp-json\/wp\/v2\/media?parent=27854"}],"curies":[{"name":"wp","href":"https:\/\/api.w.org\/{rel}","templated":true}]}}