{"id":28103,"date":"2014-06-22T19:53:45","date_gmt":"2014-06-22T18:53:45","guid":{"rendered":"\/urad-mestske-casti\/?page_id=28103"},"modified":"2024-02-20T15:00:59","modified_gmt":"2024-02-20T14:00:59","slug":"krizove-situace","status":"publish","type":"page","link":"https:\/\/www.praha14.cz\/urad-mestske-casti\/hledam-informaci\/bezpecnost\/krizove-situace\/","title":{"rendered":"Krizov\u00e9 situace"},"content":{"rendered":"<p><a href=\"\/app\/uploads\/sites\/2\/2014\/06\/kriz_situace_clip.jpg\" data-rel=\"lightbox-image-0\" data-rl_title=\"\" data-rl_caption=\"\" title=\"\"><img loading=\"lazy\" decoding=\"async\" class=\"alignright size-full wp-image-28104\" src=\"\/app\/uploads\/sites\/2\/2014\/06\/kriz_situace_clip.jpg\" alt=\"Ilustra\u010dn\u00ed foto\" width=\"283\" height=\"189\" \/><\/a><\/p>\n<p><strong> \u00davodn\u00ed informace <\/strong><\/p>\n<p>V\u00a0b\u011b\u017en\u00e9m \u017eivot\u011b \u010dlov\u011bka mohou nastat neo\u010dek\u00e1van\u00e9 situace, kter\u00e9 z\u00e1sadn\u00edm zp\u016fsobem naru\u0161\u00ed norm\u00e1ln\u00ed chod \u017eivota a doch\u00e1z\u00ed k\u00a0bezprost\u0159edn\u00edmu ohro\u017een\u00ed \u017eivot\u016f a zdrav\u00ed ob\u010dan\u016f, \u0161kod\u00e1m na\u00a0majetku a ohro\u017een\u00ed \u017eivotn\u00edho prost\u0159ed\u00ed. Takovou situaci naz\u00fdv\u00e1me mimo\u0159\u00e1dnou ud\u00e1lost\u00ed. Mohou b\u00fdt zp\u016fsobeny bu\u010f \u017eiveln\u00ed pohromou (povodn\u011b, vich\u0159ice, sn\u011bhov\u00e9 bou\u0159e, sesuvy p\u016fdy) nebo \u010dinnost\u00ed \u010dlov\u011bka (po\u017e\u00e1ry, dopravn\u00ed nehody, leteck\u00e9 katastrofy, hav\u00e1rie technick\u00fdch za\u0159\u00edzen\u00ed, radia\u010dn\u00ed hav\u00e1rie, epidemie a n\u00e1kazy, teroristick\u00e9 akce).<\/p>\n<p>Faktorem, kter\u00fd m\u016f\u017ee v\u00fdrazn\u011b ovlivnit rozsah ztr\u00e1t na \u017eivotech, zdrav\u00ed a majetku ob\u010dan\u016f, je p\u0159ipravenost ka\u017ed\u00e9ho z\u00a0n\u00e1s na \u0159e\u0161en\u00ed mimo\u0159\u00e1dn\u00e9 ud\u00e1losti a snaha pomoci posti\u017een\u00fdm ob\u010dan\u016fm. Tato str\u00e1nka p\u0159in\u00e1\u0161\u00ed z\u00e1kladn\u00ed doporu\u010den\u00ed a z\u00e1sady, jak se m\u00e1te p\u0159i\u00a0jednotliv\u00fdch mimo\u0159\u00e1dn\u00fdch ud\u00e1lostech zachovat.<\/p>\n<p>za \u00fasek krizov\u00e9ho \u0159\u00edzen\u00ed<br \/>\nMgr. Krist\u00fdna Kuchari\u010dov\u00e1<br \/>\ne-mail: <a href=\"mailto:kristyna.kucharicova@praha14.cz\" target=\"_blank\" rel=\"noopener\">kristyna.kucharicova@praha14.cz<\/a><br \/>\ntel: 225\u00a0295\u00a0212<\/p>\n<ul>\n<li><a href=\"\/app\/uploads\/sites\/2\/2014\/06\/prirucka.doc\">P\u0159\u00edru\u010dka<\/a>\u00a0V \u017eivot\u011b \u010dlov\u011bka mohou nastat neo\u010dek\u00e1van\u00e9 mimo\u0159\u00e1dn\u00e9 situace, jako jsou \u017eiveln\u00e9 pohromy (z\u00e1plavy a povodn\u011b, po\u017e\u00e1ry, vich\u0159ice, sesuvy p\u016fdy, sn\u011bhov\u00e9 laviny,\u00a0\u00a0\u00a0 zem\u011bt\u0159esen\u00ed &#8230;<\/li>\n<li><a href=\"\/app\/uploads\/sites\/2\/2014\/06\/sebeochrana.doc\">Sebeochrana obyvatelstva ukryt\u00edm<\/a>\u00a0Pom\u016fcka odpov\u00edd\u00e1 na nej\u010dast\u011bj\u0161\u00ed dotazy sm\u011b\u0159uj\u00edc\u00ed k ochran\u011b obyvatelstva v p\u0159\u00edpad\u011b vzniku mimo\u0159\u00e1dn\u00fdch ud\u00e1lost\u00ed. Rad\u00ed, kde je mo\u017eno tyto odpov\u011bdi z\u00edskat v b\u011b\u017en\u00e9m \u017eivot\u011b.<\/li>\n<li><a href=\"https:\/\/www.hzscr.cz\/clanek\/ochrana-obyvatelstva-rady-obcanum-seznam-prodejen-ochrannych-prostredku.aspx\" target=\"_blank\" rel=\"noopener\">Seznam prodejen ochrann\u00fdch prost\u0159edk\u016f<\/a> Pro ochranu d\u00fdchac\u00edch cest a povrchu t\u011bla proti \u00fa\u010dink\u016fm otravn\u00fdch l\u00e1tek .<\/li>\n<li><a href=\"\/app\/uploads\/sites\/2\/2014\/06\/prostredky.doc\">Kr\u00e1tk\u00fd v\u00fd\u010det prost\u0159edk\u016f individu\u00e1ln\u00ed ochrany<\/a><\/li>\n<li><a href=\"\/app\/uploads\/sites\/2\/2014\/06\/cp_satalice.pdf\">Informace ur\u010den\u00e9 ve\u0159ejnosti v z\u00f3n\u011b havarijn\u00edho pl\u00e1nov\u00e1n\u00ed Pln\u00edrny Satalice, \u010cesk\u00fd Plyn k.s.<\/a> Obsahuje stru\u010dn\u00fd popis v\u00fdrobn\u00ed \u010dinnosti podniku, vlastnosti nebezpe\u010dn\u00fdch l\u00e1tek v\u00a0n\u011bm um\u00edst\u011bn\u00fdch, zp\u016fsob Va\u0161eho varov\u00e1n\u00ed a\u00a0doporu\u010den\u00e9ho chov\u00e1n\u00ed, v\u010detn\u011b postup\u016f p\u0159i\u00a0prvn\u00ed pomoci a\u00a0dal\u0161\u00ed \u00fadaje.<\/li>\n<li><a href=\"\/app\/uploads\/sites\/2\/2022\/02\/Leta\u0301k_Linde.pdf\">Informace ur\u010den\u00e9 ve\u0159ejnosti v z\u00f3n\u011b havarijn\u00edho pl\u00e1nov\u00e1n\u00ed V\u00fdrobn\u011b distribu\u010dn\u00edho centra Praha-Kyje, Linde Gas a.s<\/a><a title=\"Odkaz do nov\u00e9ho okna\" href=\"linde.pdf\" target=\"_blank\" rel=\"noopener noreferrer\">.<\/a> Obsahuje stru\u010dn\u00fd popis v\u00fdrobn\u00ed \u010dinnosti podniku, vlastnosti nebezpe\u010dn\u00fdch l\u00e1tek v n\u011bm um\u00edst\u011bn\u00fdch, zp\u016fsob Va\u0161eho varov\u00e1n\u00ed a doporu\u010den\u00e9ho chov\u00e1n\u00ed, v\u010detn\u011b postup\u016f p\u0159i prvn\u00ed pomoci a dal\u0161\u00ed \u00fadaje.<\/li>\n<li><a href=\"\/app\/uploads\/sites\/2\/2014\/06\/odkazy.rtf\">Odkazy<\/a><\/li>\n<li><a href=\"https:\/\/www.praha14.cz\/app\/uploads\/sites\/2\/2014\/06\/\u00datok-aktivn\u00edho-st\u0159elce-\u00fato\u010dn\u00edka-teroristick\u00fd-\u00fatok-jak-reagovat.pdf\" target=\"_blank\" rel=\"noopener noreferrer\">\u00datok aktivn\u00edho st\u0159elce \/ \u00fato\u010dn\u00edka, teroristick\u00fd \u00fatok &#8211; jak reagovat<\/a><\/li>\n<li>Ministerstvo vnitra &#8211; gener\u00e1ln\u00ed \u0159editelstv\u00ed Hasi\u010dsk\u00e9ho z\u00e1chrann\u00e9ho sboru \u010cesk\u00e9 republiky zpracovalo v souvislosti se st\u00e1le vysok\u00fdm po\u010dtem po\u017e\u00e1r\u016f v dom\u00e1cnostech \u010cesk\u00e9 republiky informa\u010dn\u00ed let\u00e1k &#8211; &#8222;<a href=\"https:\/\/www.praha14.cz\/app\/uploads\/sites\/2\/2014\/06\/bezpecnostni_desatero_2019_tisk.pdf\" target=\"_blank\" rel=\"noopener noreferrer\">Bezpe\u010dnostn\u00ed_desatero<\/a>&#8222;. Sna\u017e\u00ed se tak\u00a0touto cestou\u00a0v r\u00e1mci v\u00fdkonu preventivn\u011b v\u00fdchovn\u00e9 \u010dinnosti p\u0159isp\u011bt ke sn\u00ed\u017een\u00ed po\u010dtu po\u017e\u00e1r\u016f v dom\u00e1cnostech, kter\u00fdch je v \u010cR ka\u017edoro\u010dn\u011b v\u00edce ne\u017e tis\u00edcovka a p\u0159i kter\u00fdch um\u00edraj\u00ed des\u00edtky lid\u00ed a stovky jich jsou zran\u011bny. <strong>Chra\u0148te sv\u016fj domov!<\/strong><\/li>\n<\/ul>\n","protected":false},"excerpt":{"rendered":"<p>\u00davodn\u00ed informace V\u00a0b\u011b\u017en\u00e9m \u017eivot\u011b \u010dlov\u011bka mohou nastat neo\u010dek\u00e1van\u00e9 situace, kter\u00e9 z\u00e1sadn\u00edm zp\u016fsobem naru\u0161\u00ed norm\u00e1ln\u00ed chod \u017eivota a doch\u00e1z\u00ed k\u00a0bezprost\u0159edn\u00edmu ohro\u017een\u00ed \u017eivot\u016f a zdrav\u00ed ob\u010dan\u016f, \u0161kod\u00e1m na\u00a0majetku a ohro\u017een\u00ed \u017eivotn\u00edho prost\u0159ed\u00ed. Takovou situaci naz\u00fdv\u00e1me mimo\u0159\u00e1dnou ud\u00e1lost\u00ed. Mohou b\u00fdt zp\u016fsobeny bu\u010f \u017eiveln\u00ed pohromou (povodn\u011b, vich\u0159ice, sn\u011bhov\u00e9 bou\u0159e, sesuvy p\u016fdy) nebo \u010dinnost\u00ed \u010dlov\u011bka (po\u017e\u00e1ry, dopravn\u00ed nehody, leteck\u00e9 katastrofy,&#8230;<\/p>\n","protected":false},"author":4,"featured_media":0,"parent":27880,"menu_order":0,"comment_status":"closed","ping_status":"open","template":"","meta":{"_acf_changed":false,"footnotes":""},"class_list":["post-28103","page","type-page","status-publish","hentry"],"acf":[],"yoast_head":"<!-- This site is optimized with the Yoast SEO plugin v27.2 - https:\/\/yoast.com\/product\/yoast-seo-wordpress\/ -->\n<title>Krizov\u00e9 situace - \u00daM\u010c P14<\/title>\n<meta name=\"robots\" content=\"index, follow, max-snippet:-1, max-image-preview:large, max-video-preview:-1\" \/>\n<link rel=\"canonical\" href=\"https:\/\/www.praha14.cz\/urad-mestske-casti\/hledam-informaci\/bezpecnost\/krizove-situace\/\" \/>\n<meta property=\"og:locale\" content=\"cs_CZ\" \/>\n<meta property=\"og:type\" content=\"article\" \/>\n<meta property=\"og:title\" content=\"Krizov\u00e9 situace - \u00daM\u010c P14\" \/>\n<meta property=\"og:description\" content=\"\u00davodn\u00ed informace V\u00a0b\u011b\u017en\u00e9m \u017eivot\u011b \u010dlov\u011bka mohou nastat neo\u010dek\u00e1van\u00e9 situace, kter\u00e9 z\u00e1sadn\u00edm zp\u016fsobem naru\u0161\u00ed norm\u00e1ln\u00ed chod \u017eivota a doch\u00e1z\u00ed k\u00a0bezprost\u0159edn\u00edmu ohro\u017een\u00ed \u017eivot\u016f a zdrav\u00ed ob\u010dan\u016f, \u0161kod\u00e1m na\u00a0majetku a ohro\u017een\u00ed \u017eivotn\u00edho prost\u0159ed\u00ed. Takovou situaci naz\u00fdv\u00e1me mimo\u0159\u00e1dnou ud\u00e1lost\u00ed. Mohou b\u00fdt zp\u016fsobeny bu\u010f \u017eiveln\u00ed pohromou (povodn\u011b, vich\u0159ice, sn\u011bhov\u00e9 bou\u0159e, sesuvy p\u016fdy) nebo \u010dinnost\u00ed \u010dlov\u011bka (po\u017e\u00e1ry, dopravn\u00ed nehody, leteck\u00e9 katastrofy,...\" \/>\n<meta property=\"og:url\" content=\"https:\/\/www.praha14.cz\/urad-mestske-casti\/hledam-informaci\/bezpecnost\/krizove-situace\/\" \/>\n<meta property=\"og:site_name\" content=\"\u00daM\u010c P14\" \/>\n<meta property=\"article:modified_time\" content=\"2024-02-20T14:00:59+00:00\" \/>\n<meta name=\"twitter:card\" content=\"summary_large_image\" \/>\n<meta name=\"twitter:label1\" content=\"Est. reading time\" \/>\n\t<meta name=\"twitter:data1\" content=\"3 minuty\" \/>\n<script type=\"application\/ld+json\" class=\"yoast-schema-graph\">{\"@context\":\"https:\/\/schema.org\",\"@graph\":[{\"@type\":\"WebPage\",\"@id\":\"https:\/\/www.praha14.cz\/urad-mestske-casti\/hledam-informaci\/bezpecnost\/krizove-situace\/\",\"url\":\"https:\/\/www.praha14.cz\/urad-mestske-casti\/hledam-informaci\/bezpecnost\/krizove-situace\/\",\"name\":\"Krizov\u00e9 situace - \u00daM\u010c P14\",\"isPartOf\":{\"@id\":\"https:\/\/www.praha14.cz\/urad-mestske-casti\/#website\"},\"datePublished\":\"2014-06-22T18:53:45+00:00\",\"dateModified\":\"2024-02-20T14:00:59+00:00\",\"breadcrumb\":{\"@id\":\"https:\/\/www.praha14.cz\/urad-mestske-casti\/hledam-informaci\/bezpecnost\/krizove-situace\/#breadcrumb\"},\"inLanguage\":\"cs\",\"potentialAction\":[{\"@type\":\"ReadAction\",\"target\":[\"https:\/\/www.praha14.cz\/urad-mestske-casti\/hledam-informaci\/bezpecnost\/krizove-situace\/\"]}]},{\"@type\":\"BreadcrumbList\",\"@id\":\"https:\/\/www.praha14.cz\/urad-mestske-casti\/hledam-informaci\/bezpecnost\/krizove-situace\/#breadcrumb\",\"itemListElement\":[{\"@type\":\"ListItem\",\"position\":1,\"name\":\"\u00da\u0159ad m\u011bstsk\u00e9 \u010d\u00e1sti Praha 14\",\"item\":\"https:\/\/www.praha14.cz\/urad-mestske-casti\/\"},{\"@type\":\"ListItem\",\"position\":2,\"name\":\"Hled\u00e1m informaci\",\"item\":\"https:\/\/www.praha14.cz\/urad-mestske-casti\/hledam-informaci\/\"},{\"@type\":\"ListItem\",\"position\":3,\"name\":\"Bezpe\u010dnost\",\"item\":\"https:\/\/www.praha14.cz\/urad-mestske-casti\/hledam-informaci\/bezpecnost\/\"},{\"@type\":\"ListItem\",\"position\":4,\"name\":\"Krizov\u00e9 situace\"}]},{\"@type\":\"WebSite\",\"@id\":\"https:\/\/www.praha14.cz\/urad-mestske-casti\/#website\",\"url\":\"https:\/\/www.praha14.cz\/urad-mestske-casti\/\",\"name\":\"\u00daM\u010c P14\",\"description\":\"Ofici\u00e1ln\u00ed str\u00e1nky m\u011bstsk\u00e9 \u010d\u00e1sti Praha 14\",\"potentialAction\":[{\"@type\":\"SearchAction\",\"target\":{\"@type\":\"EntryPoint\",\"urlTemplate\":\"https:\/\/www.praha14.cz\/urad-mestske-casti\/?s={search_term_string}\"},\"query-input\":{\"@type\":\"PropertyValueSpecification\",\"valueRequired\":true,\"valueName\":\"search_term_string\"}}],\"inLanguage\":\"cs\"}]}<\/script>\n<!-- \/ Yoast SEO plugin. -->","yoast_head_json":{"title":"Krizov\u00e9 situace - \u00daM\u010c P14","robots":{"index":"index","follow":"follow","max-snippet":"max-snippet:-1","max-image-preview":"max-image-preview:large","max-video-preview":"max-video-preview:-1"},"canonical":"https:\/\/www.praha14.cz\/urad-mestske-casti\/hledam-informaci\/bezpecnost\/krizove-situace\/","og_locale":"cs_CZ","og_type":"article","og_title":"Krizov\u00e9 situace - \u00daM\u010c P14","og_description":"\u00davodn\u00ed informace V\u00a0b\u011b\u017en\u00e9m \u017eivot\u011b \u010dlov\u011bka mohou nastat neo\u010dek\u00e1van\u00e9 situace, kter\u00e9 z\u00e1sadn\u00edm zp\u016fsobem naru\u0161\u00ed norm\u00e1ln\u00ed chod \u017eivota a doch\u00e1z\u00ed k\u00a0bezprost\u0159edn\u00edmu ohro\u017een\u00ed \u017eivot\u016f a zdrav\u00ed ob\u010dan\u016f, \u0161kod\u00e1m na\u00a0majetku a ohro\u017een\u00ed \u017eivotn\u00edho prost\u0159ed\u00ed. Takovou situaci naz\u00fdv\u00e1me mimo\u0159\u00e1dnou ud\u00e1lost\u00ed. Mohou b\u00fdt zp\u016fsobeny bu\u010f \u017eiveln\u00ed pohromou (povodn\u011b, vich\u0159ice, sn\u011bhov\u00e9 bou\u0159e, sesuvy p\u016fdy) nebo \u010dinnost\u00ed \u010dlov\u011bka (po\u017e\u00e1ry, dopravn\u00ed nehody, leteck\u00e9 katastrofy,...","og_url":"https:\/\/www.praha14.cz\/urad-mestske-casti\/hledam-informaci\/bezpecnost\/krizove-situace\/","og_site_name":"\u00daM\u010c P14","article_modified_time":"2024-02-20T14:00:59+00:00","twitter_card":"summary_large_image","twitter_misc":{"Est. reading time":"3 minuty"},"schema":{"@context":"https:\/\/schema.org","@graph":[{"@type":"WebPage","@id":"https:\/\/www.praha14.cz\/urad-mestske-casti\/hledam-informaci\/bezpecnost\/krizove-situace\/","url":"https:\/\/www.praha14.cz\/urad-mestske-casti\/hledam-informaci\/bezpecnost\/krizove-situace\/","name":"Krizov\u00e9 situace - \u00daM\u010c P14","isPartOf":{"@id":"https:\/\/www.praha14.cz\/urad-mestske-casti\/#website"},"datePublished":"2014-06-22T18:53:45+00:00","dateModified":"2024-02-20T14:00:59+00:00","breadcrumb":{"@id":"https:\/\/www.praha14.cz\/urad-mestske-casti\/hledam-informaci\/bezpecnost\/krizove-situace\/#breadcrumb"},"inLanguage":"cs","potentialAction":[{"@type":"ReadAction","target":["https:\/\/www.praha14.cz\/urad-mestske-casti\/hledam-informaci\/bezpecnost\/krizove-situace\/"]}]},{"@type":"BreadcrumbList","@id":"https:\/\/www.praha14.cz\/urad-mestske-casti\/hledam-informaci\/bezpecnost\/krizove-situace\/#breadcrumb","itemListElement":[{"@type":"ListItem","position":1,"name":"\u00da\u0159ad m\u011bstsk\u00e9 \u010d\u00e1sti Praha 14","item":"https:\/\/www.praha14.cz\/urad-mestske-casti\/"},{"@type":"ListItem","position":2,"name":"Hled\u00e1m informaci","item":"https:\/\/www.praha14.cz\/urad-mestske-casti\/hledam-informaci\/"},{"@type":"ListItem","position":3,"name":"Bezpe\u010dnost","item":"https:\/\/www.praha14.cz\/urad-mestske-casti\/hledam-informaci\/bezpecnost\/"},{"@type":"ListItem","position":4,"name":"Krizov\u00e9 situace"}]},{"@type":"WebSite","@id":"https:\/\/www.praha14.cz\/urad-mestske-casti\/#website","url":"https:\/\/www.praha14.cz\/urad-mestske-casti\/","name":"\u00daM\u010c P14","description":"Ofici\u00e1ln\u00ed str\u00e1nky m\u011bstsk\u00e9 \u010d\u00e1sti Praha 14","potentialAction":[{"@type":"SearchAction","target":{"@type":"EntryPoint","urlTemplate":"https:\/\/www.praha14.cz\/urad-mestske-casti\/?s={search_term_string}"},"query-input":{"@type":"PropertyValueSpecification","valueRequired":true,"valueName":"search_term_string"}}],"inLanguage":"cs"}]}},"_links":{"self":[{"href":"https:\/\/www.praha14.cz\/urad-mestske-casti\/wp-json\/wp\/v2\/pages\/28103","targetHints":{"allow":["GET"]}}],"collection":[{"href":"https:\/\/www.praha14.cz\/urad-mestske-casti\/wp-json\/wp\/v2\/pages"}],"about":[{"href":"https:\/\/www.praha14.cz\/urad-mestske-casti\/wp-json\/wp\/v2\/types\/page"}],"author":[{"embeddable":true,"href":"https:\/\/www.praha14.cz\/urad-mestske-casti\/wp-json\/wp\/v2\/users\/4"}],"replies":[{"embeddable":true,"href":"https:\/\/www.praha14.cz\/urad-mestske-casti\/wp-json\/wp\/v2\/comments?post=28103"}],"version-history":[{"count":8,"href":"https:\/\/www.praha14.cz\/urad-mestske-casti\/wp-json\/wp\/v2\/pages\/28103\/revisions"}],"predecessor-version":[{"id":51375,"href":"https:\/\/www.praha14.cz\/urad-mestske-casti\/wp-json\/wp\/v2\/pages\/28103\/revisions\/51375"}],"up":[{"embeddable":true,"href":"https:\/\/www.praha14.cz\/urad-mestske-casti\/wp-json\/wp\/v2\/pages\/27880"}],"wp:attachment":[{"href":"https:\/\/www.praha14.cz\/urad-mestske-casti\/wp-json\/wp\/v2\/media?parent=28103"}],"curies":[{"name":"wp","href":"https:\/\/api.w.org\/{rel}","templated":true}]}}