{"id":29078,"date":"2014-07-11T21:35:12","date_gmt":"2014-07-11T20:35:12","guid":{"rendered":"https:\/\/www.praha14.cz\/urad-mestske-casti\/?page_id=29078"},"modified":"2026-04-23T10:13:05","modified_gmt":"2026-04-23T08:13:05","slug":"hotove-doklady","status":"publish","type":"page","link":"https:\/\/www.praha14.cz\/urad-mestske-casti\/hledam-informaci\/hotove-doklady\/","title":{"rendered":"Hotov\u00e9 doklady"},"content":{"rendered":"<h2>Cestovn\u00ed pasy<\/h2>\n<p>Datum pod\u00e1n\u00ed do 15. 04. 2026 v\u010detn\u011b.<\/p>\n<h2>Ob\u010dansk\u00e9 pr\u016fkazy<\/h2>\n<p>Datum pod\u00e1n\u00ed do 15. 04. 2026 v\u010detn\u011b.<\/p>\n<p>&nbsp;<\/p>\n<p>Nevztahuje se na:<\/p>\n<ul>\n<li>\u017e\u00e1dosti podan\u00e9 ve zkr\u00e1cen\u00e9 lh\u016ft\u011b<\/li>\n<li>\u017e\u00e1dosti podan\u00e9 na jin\u00e9m \u00fa\u0159ad\u011b<\/li>\n<\/ul>\n","protected":false},"excerpt":{"rendered":"<p>Cestovn\u00ed pasy Datum pod\u00e1n\u00ed do 15. 04. 2026 v\u010detn\u011b. Ob\u010dansk\u00e9 pr\u016fkazy Datum pod\u00e1n\u00ed do 15. 04. 2026 v\u010detn\u011b. &nbsp; Nevztahuje se na: \u017e\u00e1dosti podan\u00e9 ve zkr\u00e1cen\u00e9 lh\u016ft\u011b \u017e\u00e1dosti podan\u00e9 na jin\u00e9m \u00fa\u0159ad\u011b<\/p>\n","protected":false},"author":1,"featured_media":0,"parent":27801,"menu_order":0,"comment_status":"closed","ping_status":"closed","template":"","meta":{"_acf_changed":false,"footnotes":""},"class_list":["post-29078","page","type-page","status-publish","hentry"],"acf":[],"yoast_head":"<!-- This site is optimized with the Yoast SEO plugin v27.2 - https:\/\/yoast.com\/product\/yoast-seo-wordpress\/ -->\n<title>Hotov\u00e9 doklady - \u00daM\u010c P14<\/title>\n<meta name=\"robots\" content=\"index, follow, max-snippet:-1, max-image-preview:large, max-video-preview:-1\" \/>\n<link rel=\"canonical\" href=\"https:\/\/www.praha14.cz\/urad-mestske-casti\/hledam-informaci\/hotove-doklady\/\" \/>\n<meta property=\"og:locale\" content=\"cs_CZ\" \/>\n<meta property=\"og:type\" content=\"article\" \/>\n<meta property=\"og:title\" content=\"Hotov\u00e9 doklady - \u00daM\u010c P14\" \/>\n<meta property=\"og:description\" content=\"Cestovn\u00ed pasy Datum pod\u00e1n\u00ed do 15. 04. 2026 v\u010detn\u011b. Ob\u010dansk\u00e9 pr\u016fkazy Datum pod\u00e1n\u00ed do 15. 04. 2026 v\u010detn\u011b. &nbsp; Nevztahuje se na: \u017e\u00e1dosti podan\u00e9 ve zkr\u00e1cen\u00e9 lh\u016ft\u011b \u017e\u00e1dosti podan\u00e9 na jin\u00e9m \u00fa\u0159ad\u011b\" \/>\n<meta property=\"og:url\" content=\"https:\/\/www.praha14.cz\/urad-mestske-casti\/hledam-informaci\/hotove-doklady\/\" \/>\n<meta property=\"og:site_name\" content=\"\u00daM\u010c P14\" \/>\n<meta property=\"article:modified_time\" content=\"2026-04-23T08:13:05+00:00\" \/>\n<meta name=\"twitter:card\" content=\"summary_large_image\" \/>\n<meta name=\"twitter:label1\" content=\"Est. reading time\" \/>\n\t<meta name=\"twitter:data1\" content=\"1 minuta\" \/>\n<script type=\"application\/ld+json\" class=\"yoast-schema-graph\">{\"@context\":\"https:\/\/schema.org\",\"@graph\":[{\"@type\":\"WebPage\",\"@id\":\"https:\/\/www.praha14.cz\/urad-mestske-casti\/hledam-informaci\/hotove-doklady\/\",\"url\":\"https:\/\/www.praha14.cz\/urad-mestske-casti\/hledam-informaci\/hotove-doklady\/\",\"name\":\"Hotov\u00e9 doklady - \u00daM\u010c P14\",\"isPartOf\":{\"@id\":\"https:\/\/www.praha14.cz\/urad-mestske-casti\/#website\"},\"datePublished\":\"2014-07-11T20:35:12+00:00\",\"dateModified\":\"2026-04-23T08:13:05+00:00\",\"breadcrumb\":{\"@id\":\"https:\/\/www.praha14.cz\/urad-mestske-casti\/hledam-informaci\/hotove-doklady\/#breadcrumb\"},\"inLanguage\":\"cs\",\"potentialAction\":[{\"@type\":\"ReadAction\",\"target\":[\"https:\/\/www.praha14.cz\/urad-mestske-casti\/hledam-informaci\/hotove-doklady\/\"]}]},{\"@type\":\"BreadcrumbList\",\"@id\":\"https:\/\/www.praha14.cz\/urad-mestske-casti\/hledam-informaci\/hotove-doklady\/#breadcrumb\",\"itemListElement\":[{\"@type\":\"ListItem\",\"position\":1,\"name\":\"\u00da\u0159ad m\u011bstsk\u00e9 \u010d\u00e1sti Praha 14\",\"item\":\"https:\/\/www.praha14.cz\/urad-mestske-casti\/\"},{\"@type\":\"ListItem\",\"position\":2,\"name\":\"Hled\u00e1m informaci\",\"item\":\"https:\/\/www.praha14.cz\/urad-mestske-casti\/hledam-informaci\/\"},{\"@type\":\"ListItem\",\"position\":3,\"name\":\"Hotov\u00e9 doklady\"}]},{\"@type\":\"WebSite\",\"@id\":\"https:\/\/www.praha14.cz\/urad-mestske-casti\/#website\",\"url\":\"https:\/\/www.praha14.cz\/urad-mestske-casti\/\",\"name\":\"\u00daM\u010c P14\",\"description\":\"Ofici\u00e1ln\u00ed str\u00e1nky m\u011bstsk\u00e9 \u010d\u00e1sti Praha 14\",\"potentialAction\":[{\"@type\":\"SearchAction\",\"target\":{\"@type\":\"EntryPoint\",\"urlTemplate\":\"https:\/\/www.praha14.cz\/urad-mestske-casti\/?s={search_term_string}\"},\"query-input\":{\"@type\":\"PropertyValueSpecification\",\"valueRequired\":true,\"valueName\":\"search_term_string\"}}],\"inLanguage\":\"cs\"}]}<\/script>\n<!-- \/ Yoast SEO plugin. -->","yoast_head_json":{"title":"Hotov\u00e9 doklady - \u00daM\u010c P14","robots":{"index":"index","follow":"follow","max-snippet":"max-snippet:-1","max-image-preview":"max-image-preview:large","max-video-preview":"max-video-preview:-1"},"canonical":"https:\/\/www.praha14.cz\/urad-mestske-casti\/hledam-informaci\/hotove-doklady\/","og_locale":"cs_CZ","og_type":"article","og_title":"Hotov\u00e9 doklady - \u00daM\u010c P14","og_description":"Cestovn\u00ed pasy Datum pod\u00e1n\u00ed do 15. 04. 2026 v\u010detn\u011b. Ob\u010dansk\u00e9 pr\u016fkazy Datum pod\u00e1n\u00ed do 15. 04. 2026 v\u010detn\u011b. &nbsp; Nevztahuje se na: \u017e\u00e1dosti podan\u00e9 ve zkr\u00e1cen\u00e9 lh\u016ft\u011b \u017e\u00e1dosti podan\u00e9 na jin\u00e9m \u00fa\u0159ad\u011b","og_url":"https:\/\/www.praha14.cz\/urad-mestske-casti\/hledam-informaci\/hotove-doklady\/","og_site_name":"\u00daM\u010c P14","article_modified_time":"2026-04-23T08:13:05+00:00","twitter_card":"summary_large_image","twitter_misc":{"Est. reading time":"1 minuta"},"schema":{"@context":"https:\/\/schema.org","@graph":[{"@type":"WebPage","@id":"https:\/\/www.praha14.cz\/urad-mestske-casti\/hledam-informaci\/hotove-doklady\/","url":"https:\/\/www.praha14.cz\/urad-mestske-casti\/hledam-informaci\/hotove-doklady\/","name":"Hotov\u00e9 doklady - \u00daM\u010c P14","isPartOf":{"@id":"https:\/\/www.praha14.cz\/urad-mestske-casti\/#website"},"datePublished":"2014-07-11T20:35:12+00:00","dateModified":"2026-04-23T08:13:05+00:00","breadcrumb":{"@id":"https:\/\/www.praha14.cz\/urad-mestske-casti\/hledam-informaci\/hotove-doklady\/#breadcrumb"},"inLanguage":"cs","potentialAction":[{"@type":"ReadAction","target":["https:\/\/www.praha14.cz\/urad-mestske-casti\/hledam-informaci\/hotove-doklady\/"]}]},{"@type":"BreadcrumbList","@id":"https:\/\/www.praha14.cz\/urad-mestske-casti\/hledam-informaci\/hotove-doklady\/#breadcrumb","itemListElement":[{"@type":"ListItem","position":1,"name":"\u00da\u0159ad m\u011bstsk\u00e9 \u010d\u00e1sti Praha 14","item":"https:\/\/www.praha14.cz\/urad-mestske-casti\/"},{"@type":"ListItem","position":2,"name":"Hled\u00e1m informaci","item":"https:\/\/www.praha14.cz\/urad-mestske-casti\/hledam-informaci\/"},{"@type":"ListItem","position":3,"name":"Hotov\u00e9 doklady"}]},{"@type":"WebSite","@id":"https:\/\/www.praha14.cz\/urad-mestske-casti\/#website","url":"https:\/\/www.praha14.cz\/urad-mestske-casti\/","name":"\u00daM\u010c P14","description":"Ofici\u00e1ln\u00ed str\u00e1nky m\u011bstsk\u00e9 \u010d\u00e1sti Praha 14","potentialAction":[{"@type":"SearchAction","target":{"@type":"EntryPoint","urlTemplate":"https:\/\/www.praha14.cz\/urad-mestske-casti\/?s={search_term_string}"},"query-input":{"@type":"PropertyValueSpecification","valueRequired":true,"valueName":"search_term_string"}}],"inLanguage":"cs"}]}},"_links":{"self":[{"href":"https:\/\/www.praha14.cz\/urad-mestske-casti\/wp-json\/wp\/v2\/pages\/29078","targetHints":{"allow":["GET"]}}],"collection":[{"href":"https:\/\/www.praha14.cz\/urad-mestske-casti\/wp-json\/wp\/v2\/pages"}],"about":[{"href":"https:\/\/www.praha14.cz\/urad-mestske-casti\/wp-json\/wp\/v2\/types\/page"}],"author":[{"embeddable":true,"href":"https:\/\/www.praha14.cz\/urad-mestske-casti\/wp-json\/wp\/v2\/users\/1"}],"replies":[{"embeddable":true,"href":"https:\/\/www.praha14.cz\/urad-mestske-casti\/wp-json\/wp\/v2\/comments?post=29078"}],"version-history":[{"count":348,"href":"https:\/\/www.praha14.cz\/urad-mestske-casti\/wp-json\/wp\/v2\/pages\/29078\/revisions"}],"predecessor-version":[{"id":54732,"href":"https:\/\/www.praha14.cz\/urad-mestske-casti\/wp-json\/wp\/v2\/pages\/29078\/revisions\/54732"}],"up":[{"embeddable":true,"href":"https:\/\/www.praha14.cz\/urad-mestske-casti\/wp-json\/wp\/v2\/pages\/27801"}],"wp:attachment":[{"href":"https:\/\/www.praha14.cz\/urad-mestske-casti\/wp-json\/wp\/v2\/media?parent=29078"}],"curies":[{"name":"wp","href":"https:\/\/api.w.org\/{rel}","templated":true}]}}